{"id":28140,"date":"2026-01-15T20:03:50","date_gmt":"2026-01-15T20:03:50","guid":{"rendered":"https:\/\/vitablanca.ma\/?post_type=product&#038;p=28140"},"modified":"2026-01-19T22:55:42","modified_gmt":"2026-01-19T22:55:42","slug":"elseve-glycolic-gloss-demeleant-sans-sulfate-150ml","status":"publish","type":"product","link":"https:\/\/vitablanca.ma\/ar\/product-2\/elseve-glycolic-gloss-demeleant-sans-sulfate-150ml\/","title":{"rendered":"ELSEVE GLYCOLIC GLOSS DEMELEANT SANS SULFATE 150ML"},"content":{"rendered":"<p>Des cheveux brillants sont des cheveux en bonne sant\u00e9 : leur surface refl\u00e8te alors parfaitement la lumi\u00e8re. Des facteurs ext\u00e9rieurs peuvent ab\u00eemer les \u00e9cailles du cheveu : la fibre est alors r\u00eache, poreuse et terne, incapable de refl\u00e9ter la lumi\u00e8re.<br \/>\nNotre 1er Soin Gloss \u00e0 faire chez soi, enrichi en Acide Glycolique, restaure la fibre de l\u2019int\u00e9rieur pour l\u2019am\u00e9liorer significativement la qualit\u00e9 du cheveu et l\u2019envelopper d\u2019une brillance longue dur\u00e9e. R\u00e9sultats ?<br \/>\nLes cheveux sont 2x plus brillants*, +88% plus doux* pour une transformation qui dure jusqu\u2019\u00e0 10 shampooings**.<br \/>\nLe protocole : Commencer par appliquer le shampooing sans sulfates*** puis le D\u00e9m\u00ealant Gloss. Continuer avec le Soin Lamination, l\u2019\u00e9tape indispensable du protocole.<br \/>\nLaisser poser 5 minutes puis rincer.<br \/>\nTerminer avec le S\u00e9rum Sans Rin\u00e7age sur cheveux humides ou secs pour une brillance ultime.<br \/>\nNotre engagement ne s\u2019arr\u00eate pas \u00e0 la beaut\u00e9 de vos cheveux :<br \/>\n\u2022 Depuis plus de 30 ans, L\u2019Or\u00e9al est engag\u00e9e pour une beaut\u00e9 sans tests sur les animaux<br \/>\n\u2022 Flacon en plastique 100% recycl\u00e9**** et recyclable<br \/>\n*Test instrumental apr\u00e8s application du shampooing + d\u00e9m\u00ealant + soin lamination.<br \/>\n**Test instrumental apr\u00e8s une application du shampooing + d\u00e9m\u00ealant + soin lamination et 10 applications du shampooing. *** sans tensio-actifs sulfat\u00e9s. ****Hors colorants et bouchon.<\/p>","protected":false},"excerpt":{"rendered":"<p>Des cheveux brillants sont des cheveux en bonne sant\u00e9 : leur surface refl\u00e8te alors parfaitement la lumi\u00e8re. Des facteurs ext\u00e9rieurs peuvent ab\u00eemer les \u00e9cailles du cheveu : la fibre est alors r\u00eache, poreuse et terne, incapable de refl\u00e9ter la lumi\u00e8re. Notre 1er Soin Gloss \u00e0 faire chez soi, enrichi en Acide Glycolique, restaure la fibre [&hellip;]<\/p>\n","protected":false},"featured_media":28206,"template":"","meta":{"om_disable_all_campaigns":false},"product_brand":[5741],"product_cat":[18],"product_tag":[5889,5892,5834,5891,5887,5888,5884,5894,5886,5885,5890,5893],"class_list":{"0":"post-28140","1":"product","2":"type-product","3":"status-publish","4":"has-post-thumbnail","6":"product_brand-loreal-paris-maroc-prix","7":"product_cat-beaute-sante","8":"product_tag-acide-glycolique-cheveux","9":"product_tag-anti-frisottis","10":"product_tag-cheveux-abimes","11":"product_tag-cheveux-ternes","12":"product_tag-demelant-cheveux","13":"product_tag-demelant-sans-sulfate","14":"product_tag-elseve","15":"product_tag-elseve-glycolic-gloss-demelant-150-ml","16":"product_tag-glycolic-gloss","17":"product_tag-loreal-paris-elseve","18":"product_tag-soin-brillance-cheveux","19":"product_tag-soin-capillaire-lissant","21":"first","22":"instock","23":"taxable","24":"shipping-taxable","25":"purchasable","26":"product-type-simple"},"yoast_head":"<!-- This site is optimized with the Yoast SEO plugin v27.5 - https:\/\/yoast.com\/product\/yoast-seo-wordpress\/ -->\n<title>L\u2019Or\u00e9al Elseve Glycolic Gloss D\u00e9m\u00ealant \u2013 150 ml -Maroc Prix<\/title>\n<meta name=\"description\" content=\"Elseve Glycolic Gloss D\u00e9m\u00ealant sans sulfate 150 ml de L\u2019Or\u00e9al Paris d\u00e9m\u00eale instantan\u00e9ment, lisse la fibre et apporte une brillance miroir sans alourdir.\" \/>\n<meta name=\"robots\" content=\"index, follow, max-snippet:-1, max-image-preview:large, max-video-preview:-1\" \/>\n<link rel=\"canonical\" href=\"https:\/\/vitablanca.ma\/ar\/product-2\/elseve-glycolic-gloss-demeleant-sans-sulfate-150ml\/\" \/>\n<meta property=\"og:locale\" content=\"ar_AR\" \/>\n<meta property=\"og:type\" content=\"article\" \/>\n<meta property=\"og:title\" content=\"L\u2019Or\u00e9al Elseve Glycolic Gloss D\u00e9m\u00ealant \u2013 150 ml -Maroc Prix\" \/>\n<meta property=\"og:description\" content=\"Elseve Glycolic Gloss D\u00e9m\u00ealant sans sulfate 150 ml de L\u2019Or\u00e9al Paris d\u00e9m\u00eale instantan\u00e9ment, lisse la fibre et apporte une brillance miroir sans alourdir.\" \/>\n<meta property=\"og:url\" content=\"https:\/\/vitablanca.ma\/ar\/product-2\/elseve-glycolic-gloss-demeleant-sans-sulfate-150ml\/\" \/>\n<meta property=\"og:site_name\" content=\"Vitablanca.ma &ndash; Sant&eacute;, vitalit&eacute; et bien-&ecirc;tre pour tous les Marocains\" \/>\n<meta property=\"article:publisher\" content=\"https:\/\/www.facebook.com\/profile.php?id=61576678196717\" \/>\n<meta property=\"article:modified_time\" content=\"2026-01-19T22:55:42+00:00\" \/>\n<meta property=\"og:image\" content=\"https:\/\/vitablanca.ma\/wp-content\/uploads\/2026\/01\/DEMELANTGLYCOFRONT.png\" \/>\n\t<meta property=\"og:image:width\" content=\"2000\" \/>\n\t<meta property=\"og:image:height\" content=\"2000\" \/>\n\t<meta property=\"og:image:type\" content=\"image\/png\" \/>\n<meta name=\"twitter:card\" content=\"summary_large_image\" \/>\n<meta name=\"twitter:label1\" content=\"\u0648\u0642\u062a \u0627\u0644\u0642\u0631\u0627\u0621\u0629 \u0627\u0644\u0645\u064f\u0642\u062f\u0651\u0631\" \/>\n\t<meta name=\"twitter:data1\" content=\"\u062f\u0642\u064a\u0642\u062a\u0627\u0646\" \/>\n<script type=\"application\/ld+json\" class=\"yoast-schema-graph\">{\"@context\":\"https:\\\/\\\/schema.org\",\"@graph\":[{\"@type\":[\"WebPage\",\"ItemPage\"],\"@id\":\"https:\\\/\\\/vitablanca.ma\\\/produit\\\/elseve-glycolic-gloss-demeleant-sans-sulfate-150ml\\\/\",\"url\":\"https:\\\/\\\/vitablanca.ma\\\/produit\\\/elseve-glycolic-gloss-demeleant-sans-sulfate-150ml\\\/\",\"name\":\"L\u2019Or\u00e9al Elseve Glycolic Gloss D\u00e9m\u00ealant \u2013 150 ml -Maroc Prix\",\"isPartOf\":{\"@id\":\"https:\\\/\\\/vitablanca.ma\\\/#website\"},\"primaryImageOfPage\":{\"@id\":\"https:\\\/\\\/vitablanca.ma\\\/produit\\\/elseve-glycolic-gloss-demeleant-sans-sulfate-150ml\\\/#primaryimage\"},\"image\":{\"@id\":\"https:\\\/\\\/vitablanca.ma\\\/produit\\\/elseve-glycolic-gloss-demeleant-sans-sulfate-150ml\\\/#primaryimage\"},\"thumbnailUrl\":\"https:\\\/\\\/vitablanca.ma\\\/wp-content\\\/uploads\\\/2026\\\/01\\\/DEMELANTGLYCOFRONT.png\",\"datePublished\":\"2026-01-15T20:03:50+00:00\",\"dateModified\":\"2026-01-19T22:55:42+00:00\",\"description\":\"Elseve Glycolic Gloss D\u00e9m\u00ealant sans sulfate 150 ml de L\u2019Or\u00e9al Paris d\u00e9m\u00eale instantan\u00e9ment, lisse la fibre et apporte une brillance miroir sans alourdir.\",\"breadcrumb\":{\"@id\":\"https:\\\/\\\/vitablanca.ma\\\/produit\\\/elseve-glycolic-gloss-demeleant-sans-sulfate-150ml\\\/#breadcrumb\"},\"inLanguage\":\"ar\",\"potentialAction\":[{\"@type\":\"ReadAction\",\"target\":[\"https:\\\/\\\/vitablanca.ma\\\/produit\\\/elseve-glycolic-gloss-demeleant-sans-sulfate-150ml\\\/\"]}]},{\"@type\":\"ImageObject\",\"inLanguage\":\"ar\",\"@id\":\"https:\\\/\\\/vitablanca.ma\\\/produit\\\/elseve-glycolic-gloss-demeleant-sans-sulfate-150ml\\\/#primaryimage\",\"url\":\"https:\\\/\\\/vitablanca.ma\\\/wp-content\\\/uploads\\\/2026\\\/01\\\/DEMELANTGLYCOFRONT.png\",\"contentUrl\":\"https:\\\/\\\/vitablanca.ma\\\/wp-content\\\/uploads\\\/2026\\\/01\\\/DEMELANTGLYCOFRONT.png\",\"width\":2000,\"height\":2000},{\"@type\":\"BreadcrumbList\",\"@id\":\"https:\\\/\\\/vitablanca.ma\\\/produit\\\/elseve-glycolic-gloss-demeleant-sans-sulfate-150ml\\\/#breadcrumb\",\"itemListElement\":[{\"@type\":\"ListItem\",\"position\":1,\"name\":\"Home\",\"item\":\"https:\\\/\\\/vitablanca.ma\\\/\"},{\"@type\":\"ListItem\",\"position\":2,\"name\":\"Tous Les Produits\",\"item\":\"https:\\\/\\\/vitablanca.ma\\\/tous-les-produits\\\/\"},{\"@type\":\"ListItem\",\"position\":3,\"name\":\"ELSEVE GLYCOLIC GLOSS DEMELEANT SANS SULFATE 150ML\"}]},{\"@type\":\"WebSite\",\"@id\":\"https:\\\/\\\/vitablanca.ma\\\/#website\",\"url\":\"https:\\\/\\\/vitablanca.ma\\\/\",\"name\":\"VitaBlanca.ma | Compl\u00e9ments alimentaires, sant\u00e9 & beaut\u00e9 au Maroc\",\"description\":\"vendre vitamines et compl\u00e9ments premium des USA &amp; Canada, Nouvelle Z\u00e9lande,Maroc (NOW Foods, Solgar, Manuka). Livraison rapide partout au Maroc.\",\"publisher\":{\"@id\":\"https:\\\/\\\/vitablanca.ma\\\/#organization\"},\"alternateName\":\"VitaBlanca.ma\",\"potentialAction\":[{\"@type\":\"SearchAction\",\"target\":{\"@type\":\"EntryPoint\",\"urlTemplate\":\"https:\\\/\\\/vitablanca.ma\\\/?s={search_term_string}\"},\"query-input\":{\"@type\":\"PropertyValueSpecification\",\"valueRequired\":true,\"valueName\":\"search_term_string\"}}],\"inLanguage\":\"ar\"},{\"@type\":\"Organization\",\"@id\":\"https:\\\/\\\/vitablanca.ma\\\/#organization\",\"name\":\"VitaBlanca\",\"url\":\"https:\\\/\\\/vitablanca.ma\\\/\",\"logo\":{\"@type\":\"ImageObject\",\"inLanguage\":\"ar\",\"@id\":\"https:\\\/\\\/vitablanca.ma\\\/#\\\/schema\\\/logo\\\/image\\\/\",\"url\":\"https:\\\/\\\/vitablanca.ma\\\/wp-content\\\/uploads\\\/2025\\\/05\\\/cropped-vitablanca.png\",\"contentUrl\":\"https:\\\/\\\/vitablanca.ma\\\/wp-content\\\/uploads\\\/2025\\\/05\\\/cropped-vitablanca.png\",\"width\":360,\"height\":67,\"caption\":\"VitaBlanca\"},\"image\":{\"@id\":\"https:\\\/\\\/vitablanca.ma\\\/#\\\/schema\\\/logo\\\/image\\\/\"},\"sameAs\":[\"https:\\\/\\\/www.facebook.com\\\/profile.php?id=61576678196717\",\"https:\\\/\\\/www.tiktok.com\\\/@vitablanca.ma\",\"https:\\\/\\\/www.instagram.com\\\/vitablanca.ma\\\/\"]}]}<\/script>\n<!-- \/ Yoast SEO plugin. -->","yoast_head_json":{"title":"L\u2019Or\u00e9al Elseve Glycolic Gloss D\u00e9m\u00ealant \u2013 150 ml -Maroc Prix","description":"Elseve Glycolic Gloss D\u00e9m\u00ealant sans sulfate 150 ml de L\u2019Or\u00e9al Paris d\u00e9m\u00eale instantan\u00e9ment, lisse la fibre et apporte une brillance miroir sans alourdir.","robots":{"index":"index","follow":"follow","max-snippet":"max-snippet:-1","max-image-preview":"max-image-preview:large","max-video-preview":"max-video-preview:-1"},"canonical":"https:\/\/vitablanca.ma\/ar\/product-2\/elseve-glycolic-gloss-demeleant-sans-sulfate-150ml\/","og_locale":"ar_AR","og_type":"article","og_title":"L\u2019Or\u00e9al Elseve Glycolic Gloss D\u00e9m\u00ealant \u2013 150 ml -Maroc Prix","og_description":"Elseve Glycolic Gloss D\u00e9m\u00ealant sans sulfate 150 ml de L\u2019Or\u00e9al Paris d\u00e9m\u00eale instantan\u00e9ment, lisse la fibre et apporte une brillance miroir sans alourdir.","og_url":"https:\/\/vitablanca.ma\/ar\/product-2\/elseve-glycolic-gloss-demeleant-sans-sulfate-150ml\/","og_site_name":"Vitablanca.ma &ndash; Sant&eacute;, vitalit&eacute; et bien-&ecirc;tre pour tous les Marocains","article_publisher":"https:\/\/www.facebook.com\/profile.php?id=61576678196717","article_modified_time":"2026-01-19T22:55:42+00:00","og_image":[{"width":2000,"height":2000,"url":"https:\/\/vitablanca.ma\/wp-content\/uploads\/2026\/01\/DEMELANTGLYCOFRONT.png","type":"image\/png"}],"twitter_card":"summary_large_image","twitter_misc":{"\u0648\u0642\u062a \u0627\u0644\u0642\u0631\u0627\u0621\u0629 \u0627\u0644\u0645\u064f\u0642\u062f\u0651\u0631":"\u062f\u0642\u064a\u0642\u062a\u0627\u0646"},"schema":{"@context":"https:\/\/schema.org","@graph":[{"@type":["WebPage","ItemPage"],"@id":"https:\/\/vitablanca.ma\/produit\/elseve-glycolic-gloss-demeleant-sans-sulfate-150ml\/","url":"https:\/\/vitablanca.ma\/produit\/elseve-glycolic-gloss-demeleant-sans-sulfate-150ml\/","name":"L\u2019Or\u00e9al Elseve Glycolic Gloss D\u00e9m\u00ealant \u2013 150 ml -Maroc Prix","isPartOf":{"@id":"https:\/\/vitablanca.ma\/#website"},"primaryImageOfPage":{"@id":"https:\/\/vitablanca.ma\/produit\/elseve-glycolic-gloss-demeleant-sans-sulfate-150ml\/#primaryimage"},"image":{"@id":"https:\/\/vitablanca.ma\/produit\/elseve-glycolic-gloss-demeleant-sans-sulfate-150ml\/#primaryimage"},"thumbnailUrl":"https:\/\/vitablanca.ma\/wp-content\/uploads\/2026\/01\/DEMELANTGLYCOFRONT.png","datePublished":"2026-01-15T20:03:50+00:00","dateModified":"2026-01-19T22:55:42+00:00","description":"Elseve Glycolic Gloss D\u00e9m\u00ealant sans sulfate 150 ml de L\u2019Or\u00e9al Paris d\u00e9m\u00eale instantan\u00e9ment, lisse la fibre et apporte une brillance miroir sans alourdir.","breadcrumb":{"@id":"https:\/\/vitablanca.ma\/produit\/elseve-glycolic-gloss-demeleant-sans-sulfate-150ml\/#breadcrumb"},"inLanguage":"ar","potentialAction":[{"@type":"ReadAction","target":["https:\/\/vitablanca.ma\/produit\/elseve-glycolic-gloss-demeleant-sans-sulfate-150ml\/"]}]},{"@type":"ImageObject","inLanguage":"ar","@id":"https:\/\/vitablanca.ma\/produit\/elseve-glycolic-gloss-demeleant-sans-sulfate-150ml\/#primaryimage","url":"https:\/\/vitablanca.ma\/wp-content\/uploads\/2026\/01\/DEMELANTGLYCOFRONT.png","contentUrl":"https:\/\/vitablanca.ma\/wp-content\/uploads\/2026\/01\/DEMELANTGLYCOFRONT.png","width":2000,"height":2000},{"@type":"BreadcrumbList","@id":"https:\/\/vitablanca.ma\/produit\/elseve-glycolic-gloss-demeleant-sans-sulfate-150ml\/#breadcrumb","itemListElement":[{"@type":"ListItem","position":1,"name":"Home","item":"https:\/\/vitablanca.ma\/"},{"@type":"ListItem","position":2,"name":"Tous Les Produits","item":"https:\/\/vitablanca.ma\/tous-les-produits\/"},{"@type":"ListItem","position":3,"name":"ELSEVE GLYCOLIC GLOSS DEMELEANT SANS SULFATE 150ML"}]},{"@type":"WebSite","@id":"https:\/\/vitablanca.ma\/#website","url":"https:\/\/vitablanca.ma\/","name":"VitaBlanca.ma | \u0627\u0644\u0645\u0643\u0645\u0644\u0627\u062a \u0627\u0644\u063a\u0630\u0627\u0626\u064a\u0629\u060c \u0627\u0644\u0635\u062d\u0629 \u0648\u0627\u0644\u062c\u0645\u0627\u0644 \u0641\u064a \u0627\u0644\u0645\u063a\u0631\u0628","description":"\u0646\u0628\u064a\u0639 \u0641\u064a\u062a\u0627\u0645\u064a\u0646\u0627\u062a \u0648\u0645\u0643\u0645\u0644\u0627\u062a \u063a\u0630\u0627\u0626\u064a\u0629 \u0641\u0627\u062e\u0631\u0629 \u0645\u0646 \u0627\u0644\u0648\u0644\u0627\u064a\u0627\u062a \u0627\u0644\u0645\u062a\u062d\u062f\u0629 \u0627\u0644\u0623\u0645\u0631\u064a\u0643\u064a\u0629 \u0648\u0643\u0646\u062f\u0627 \u0648\u0646\u064a\u0648\u0632\u064a\u0644\u0646\u062f\u0627 \u0648\u0627\u0644\u0645\u063a\u0631\u0628 (\u0646\u0627\u0648 \u0641\u0648\u062f\u0632\u060c \u0633\u0648\u0644\u062c\u0627\u0631\u060c \u0645\u0627\u0646\u0648\u0643\u0627). \u062a\u0648\u0635\u064a\u0644 \u0633\u0631\u064a\u0639 \u0625\u0644\u0649 \u062c\u0645\u064a\u0639 \u0623\u0646\u062d\u0627\u0621 \u0627\u0644\u0645\u063a\u0631\u0628.","publisher":{"@id":"https:\/\/vitablanca.ma\/#organization"},"alternateName":"VitaBlanca.ma","potentialAction":[{"@type":"SearchAction","target":{"@type":"EntryPoint","urlTemplate":"https:\/\/vitablanca.ma\/?s={search_term_string}"},"query-input":{"@type":"PropertyValueSpecification","valueRequired":true,"valueName":"search_term_string"}}],"inLanguage":"ar"},{"@type":"Organization","@id":"https:\/\/vitablanca.ma\/#organization","name":"\u0641\u064a\u062a\u0627\u0628\u0644\u0627\u0646\u0643\u0627","url":"https:\/\/vitablanca.ma\/","logo":{"@type":"ImageObject","inLanguage":"ar","@id":"https:\/\/vitablanca.ma\/#\/schema\/logo\/image\/","url":"https:\/\/vitablanca.ma\/wp-content\/uploads\/2025\/05\/cropped-vitablanca.png","contentUrl":"https:\/\/vitablanca.ma\/wp-content\/uploads\/2025\/05\/cropped-vitablanca.png","width":360,"height":67,"caption":"VitaBlanca"},"image":{"@id":"https:\/\/vitablanca.ma\/#\/schema\/logo\/image\/"},"sameAs":["https:\/\/www.facebook.com\/profile.php?id=61576678196717","https:\/\/www.tiktok.com\/@vitablanca.ma","https:\/\/www.instagram.com\/vitablanca.ma\/"]}]}},"jetpack_sharing_enabled":true,"_links":{"self":[{"href":"https:\/\/vitablanca.ma\/ar\/wp-json\/wp\/v2\/product\/28140","targetHints":{"allow":["GET"]}}],"collection":[{"href":"https:\/\/vitablanca.ma\/ar\/wp-json\/wp\/v2\/product"}],"about":[{"href":"https:\/\/vitablanca.ma\/ar\/wp-json\/wp\/v2\/types\/product"}],"wp:featuredmedia":[{"embeddable":true,"href":"https:\/\/vitablanca.ma\/ar\/wp-json\/wp\/v2\/media\/28206"}],"wp:attachment":[{"href":"https:\/\/vitablanca.ma\/ar\/wp-json\/wp\/v2\/media?parent=28140"}],"wp:term":[{"taxonomy":"product_brand","embeddable":true,"href":"https:\/\/vitablanca.ma\/ar\/wp-json\/wp\/v2\/product_brand?post=28140"},{"taxonomy":"product_cat","embeddable":true,"href":"https:\/\/vitablanca.ma\/ar\/wp-json\/wp\/v2\/product_cat?post=28140"},{"taxonomy":"product_tag","embeddable":true,"href":"https:\/\/vitablanca.ma\/ar\/wp-json\/wp\/v2\/product_tag?post=28140"}],"curies":[{"name":"wp","href":"https:\/\/api.w.org\/{rel}","templated":true}]}}