{"id":28131,"date":"2026-01-15T20:03:49","date_gmt":"2026-01-15T20:03:49","guid":{"rendered":"https:\/\/vitablanca.ma\/?post_type=product&#038;p=28131"},"modified":"2026-03-19T12:55:10","modified_gmt":"2026-03-19T12:55:10","slug":"elseve-hyaluron-pure-serum-purifiant-en-profondeur-102ml","status":"publish","type":"product","link":"https:\/\/vitablanca.ma\/ar\/product-2\/elseve-hyaluron-pure-serum-purifiant-en-profondeur-102ml\/","title":{"rendered":"Elseve hyaluron pure s\u00e9rum purifiant en profondeur 102ml"},"content":{"rendered":"<div class=\"oap-collapsible__content\">\n<div class=\"rich-text\">\n<div class=\"component-content\">\n<div class=\"field-text\">\n<p>Pour un cuir chevelu purifi\u00e9 et rafra\u00eechi pendant jusqu\u2019\u00e0 72\u00a0heures, vous pouvez compter sur le s\u00e9rum purifiant L\u2019Or\u00e9al Paris Elseve Hyaluron Pure. Formul\u00e9 avec 6\u00a0% de complexe exfoliant et enrichi en acide salicylique et glycolique, il purifie efficacement le cuir chevelu et \u00e9limine l\u2019exc\u00e8s de s\u00e9bum. Offrez \u00e0 votre cuir chevelu une sensation de propret\u00e9 et de fra\u00eecheur.<\/p>\n<\/div>\n<\/div>\n<\/div>\n<\/div>","protected":false},"excerpt":{"rendered":"<p>Pour un cuir chevelu purifi\u00e9 et rafra\u00eechi pendant jusqu\u2019\u00e0 72\u00a0heures, vous pouvez compter sur le s\u00e9rum purifiant L\u2019Or\u00e9al Paris Elseve Hyaluron Pure. Formul\u00e9 avec 6\u00a0% de complexe exfoliant et enrichi en acide salicylique et glycolique, il purifie efficacement le cuir chevelu et \u00e9limine l\u2019exc\u00e8s de s\u00e9bum. Offrez \u00e0 votre cuir chevelu une sensation de propret\u00e9 [&hellip;]<\/p>\n","protected":false},"featured_media":28182,"template":"","meta":{"om_disable_all_campaigns":false},"product_brand":[5741],"product_cat":[18],"product_tag":[5923,5926,5925,5927,5884,5929,5921,5885,5928,5922,5924],"class_list":{"0":"post-28131","1":"product","2":"type-product","3":"status-publish","4":"has-post-thumbnail","6":"product_brand-loreal-paris-maroc-prix","7":"product_cat-beaute-sante","8":"product_tag-acide-hyaluronique-cheveux","9":"product_tag-cheveux-fins","10":"product_tag-cheveux-gras","11":"product_tag-cuir-chevelu-sain","12":"product_tag-elseve","13":"product_tag-elseve-hyaluron-pure-102-ml","14":"product_tag-hyaluron-pure","15":"product_tag-loreal-paris-elseve","16":"product_tag-serum-hydratant-cheveux","17":"product_tag-serum-purifiant-cheveux","18":"product_tag-soin-capillaire-purifiant","20":"first","21":"outofstock","22":"sale","23":"taxable","24":"shipping-taxable","25":"purchasable","26":"product-type-simple"},"yoast_head":"<!-- This site is optimized with the Yoast SEO plugin v27.5 - https:\/\/yoast.com\/product\/yoast-seo-wordpress\/ -->\n<title>L\u2019Or\u00e9al Elseve Hyaluron Pure S\u00e9rum Purifiant 102 ml - Maroc Prix<\/title>\n<meta name=\"description\" content=\"Elseve Hyaluron Pure S\u00e9rum Purifiant 102 ml de L\u2019Or\u00e9al Paris nettoie en profondeur, hydrate et purifie les cheveux pour un cuir chevelu sain\" \/>\n<meta name=\"robots\" content=\"index, follow, max-snippet:-1, max-image-preview:large, max-video-preview:-1\" \/>\n<link rel=\"canonical\" href=\"https:\/\/vitablanca.ma\/ar\/product-2\/elseve-hyaluron-pure-serum-purifiant-en-profondeur-102ml\/\" \/>\n<meta property=\"og:locale\" content=\"ar_AR\" \/>\n<meta property=\"og:type\" content=\"article\" \/>\n<meta property=\"og:title\" content=\"L\u2019Or\u00e9al Elseve Hyaluron Pure S\u00e9rum Purifiant 102 ml - Maroc Prix\" \/>\n<meta property=\"og:description\" content=\"Elseve Hyaluron Pure S\u00e9rum Purifiant 102 ml de L\u2019Or\u00e9al Paris nettoie en profondeur, hydrate et purifie les cheveux pour un cuir chevelu sain\" \/>\n<meta property=\"og:url\" content=\"https:\/\/vitablanca.ma\/ar\/product-2\/elseve-hyaluron-pure-serum-purifiant-en-profondeur-102ml\/\" \/>\n<meta property=\"og:site_name\" content=\"Vitablanca.ma &ndash; Sant&eacute;, vitalit&eacute; et bien-&ecirc;tre pour tous les Marocains\" \/>\n<meta property=\"article:publisher\" content=\"https:\/\/www.facebook.com\/profile.php?id=61576678196717\" \/>\n<meta property=\"article:modified_time\" content=\"2026-03-19T12:55:10+00:00\" \/>\n<meta property=\"og:image\" content=\"https:\/\/vitablanca.ma\/wp-content\/uploads\/2026\/01\/3600524135546_1_2.jpg\" \/>\n\t<meta property=\"og:image:width\" content=\"700\" \/>\n\t<meta property=\"og:image:height\" content=\"700\" \/>\n\t<meta property=\"og:image:type\" content=\"image\/jpeg\" \/>\n<meta name=\"twitter:card\" content=\"summary_large_image\" \/>\n<meta name=\"twitter:label1\" content=\"\u0648\u0642\u062a \u0627\u0644\u0642\u0631\u0627\u0621\u0629 \u0627\u0644\u0645\u064f\u0642\u062f\u0651\u0631\" \/>\n\t<meta name=\"twitter:data1\" content=\"\u062f\u0642\u064a\u0642\u0629 \u0648\u0627\u062d\u062f\u0629\" \/>\n<script type=\"application\/ld+json\" class=\"yoast-schema-graph\">{\"@context\":\"https:\\\/\\\/schema.org\",\"@graph\":[{\"@type\":[\"WebPage\",\"ItemPage\"],\"@id\":\"https:\\\/\\\/vitablanca.ma\\\/produit\\\/elseve-hyaluron-pure-serum-purifiant-en-profondeur-102ml\\\/\",\"url\":\"https:\\\/\\\/vitablanca.ma\\\/produit\\\/elseve-hyaluron-pure-serum-purifiant-en-profondeur-102ml\\\/\",\"name\":\"L\u2019Or\u00e9al Elseve Hyaluron Pure S\u00e9rum Purifiant 102 ml - Maroc Prix\",\"isPartOf\":{\"@id\":\"https:\\\/\\\/vitablanca.ma\\\/#website\"},\"primaryImageOfPage\":{\"@id\":\"https:\\\/\\\/vitablanca.ma\\\/produit\\\/elseve-hyaluron-pure-serum-purifiant-en-profondeur-102ml\\\/#primaryimage\"},\"image\":{\"@id\":\"https:\\\/\\\/vitablanca.ma\\\/produit\\\/elseve-hyaluron-pure-serum-purifiant-en-profondeur-102ml\\\/#primaryimage\"},\"thumbnailUrl\":\"https:\\\/\\\/vitablanca.ma\\\/wp-content\\\/uploads\\\/2026\\\/01\\\/3600524135546_1_2.jpg\",\"datePublished\":\"2026-01-15T20:03:49+00:00\",\"dateModified\":\"2026-03-19T12:55:10+00:00\",\"description\":\"Elseve Hyaluron Pure S\u00e9rum Purifiant 102 ml de L\u2019Or\u00e9al Paris nettoie en profondeur, hydrate et purifie les cheveux pour un cuir chevelu sain\",\"breadcrumb\":{\"@id\":\"https:\\\/\\\/vitablanca.ma\\\/produit\\\/elseve-hyaluron-pure-serum-purifiant-en-profondeur-102ml\\\/#breadcrumb\"},\"inLanguage\":\"ar\",\"potentialAction\":[{\"@type\":\"ReadAction\",\"target\":[\"https:\\\/\\\/vitablanca.ma\\\/produit\\\/elseve-hyaluron-pure-serum-purifiant-en-profondeur-102ml\\\/\"]}]},{\"@type\":\"ImageObject\",\"inLanguage\":\"ar\",\"@id\":\"https:\\\/\\\/vitablanca.ma\\\/produit\\\/elseve-hyaluron-pure-serum-purifiant-en-profondeur-102ml\\\/#primaryimage\",\"url\":\"https:\\\/\\\/vitablanca.ma\\\/wp-content\\\/uploads\\\/2026\\\/01\\\/3600524135546_1_2.jpg\",\"contentUrl\":\"https:\\\/\\\/vitablanca.ma\\\/wp-content\\\/uploads\\\/2026\\\/01\\\/3600524135546_1_2.jpg\",\"width\":700,\"height\":700},{\"@type\":\"BreadcrumbList\",\"@id\":\"https:\\\/\\\/vitablanca.ma\\\/produit\\\/elseve-hyaluron-pure-serum-purifiant-en-profondeur-102ml\\\/#breadcrumb\",\"itemListElement\":[{\"@type\":\"ListItem\",\"position\":1,\"name\":\"Home\",\"item\":\"https:\\\/\\\/vitablanca.ma\\\/\"},{\"@type\":\"ListItem\",\"position\":2,\"name\":\"Tous Les Produits\",\"item\":\"https:\\\/\\\/vitablanca.ma\\\/tous-les-produits\\\/\"},{\"@type\":\"ListItem\",\"position\":3,\"name\":\"Elseve hyaluron pure s\u00e9rum purifiant en profondeur 102ml\"}]},{\"@type\":\"WebSite\",\"@id\":\"https:\\\/\\\/vitablanca.ma\\\/#website\",\"url\":\"https:\\\/\\\/vitablanca.ma\\\/\",\"name\":\"VitaBlanca.ma | Compl\u00e9ments alimentaires, sant\u00e9 & beaut\u00e9 au Maroc\",\"description\":\"vendre vitamines et compl\u00e9ments premium des USA &amp; Canada, Nouvelle Z\u00e9lande,Maroc (NOW Foods, Solgar, Manuka). Livraison rapide partout au Maroc.\",\"publisher\":{\"@id\":\"https:\\\/\\\/vitablanca.ma\\\/#organization\"},\"alternateName\":\"VitaBlanca.ma\",\"potentialAction\":[{\"@type\":\"SearchAction\",\"target\":{\"@type\":\"EntryPoint\",\"urlTemplate\":\"https:\\\/\\\/vitablanca.ma\\\/?s={search_term_string}\"},\"query-input\":{\"@type\":\"PropertyValueSpecification\",\"valueRequired\":true,\"valueName\":\"search_term_string\"}}],\"inLanguage\":\"ar\"},{\"@type\":\"Organization\",\"@id\":\"https:\\\/\\\/vitablanca.ma\\\/#organization\",\"name\":\"VitaBlanca\",\"url\":\"https:\\\/\\\/vitablanca.ma\\\/\",\"logo\":{\"@type\":\"ImageObject\",\"inLanguage\":\"ar\",\"@id\":\"https:\\\/\\\/vitablanca.ma\\\/#\\\/schema\\\/logo\\\/image\\\/\",\"url\":\"https:\\\/\\\/vitablanca.ma\\\/wp-content\\\/uploads\\\/2025\\\/05\\\/cropped-vitablanca.png\",\"contentUrl\":\"https:\\\/\\\/vitablanca.ma\\\/wp-content\\\/uploads\\\/2025\\\/05\\\/cropped-vitablanca.png\",\"width\":360,\"height\":67,\"caption\":\"VitaBlanca\"},\"image\":{\"@id\":\"https:\\\/\\\/vitablanca.ma\\\/#\\\/schema\\\/logo\\\/image\\\/\"},\"sameAs\":[\"https:\\\/\\\/www.facebook.com\\\/profile.php?id=61576678196717\",\"https:\\\/\\\/www.tiktok.com\\\/@vitablanca.ma\",\"https:\\\/\\\/www.instagram.com\\\/vitablanca.ma\\\/\"]}]}<\/script>\n<!-- \/ Yoast SEO plugin. -->","yoast_head_json":{"title":"L\u2019Or\u00e9al Elseve Hyaluron Pure S\u00e9rum Purifiant 102 ml - Maroc Prix","description":"Elseve Hyaluron Pure S\u00e9rum Purifiant 102 ml de L\u2019Or\u00e9al Paris nettoie en profondeur, hydrate et purifie les cheveux pour un cuir chevelu sain","robots":{"index":"index","follow":"follow","max-snippet":"max-snippet:-1","max-image-preview":"max-image-preview:large","max-video-preview":"max-video-preview:-1"},"canonical":"https:\/\/vitablanca.ma\/ar\/product-2\/elseve-hyaluron-pure-serum-purifiant-en-profondeur-102ml\/","og_locale":"ar_AR","og_type":"article","og_title":"L\u2019Or\u00e9al Elseve Hyaluron Pure S\u00e9rum Purifiant 102 ml - Maroc Prix","og_description":"Elseve Hyaluron Pure S\u00e9rum Purifiant 102 ml de L\u2019Or\u00e9al Paris nettoie en profondeur, hydrate et purifie les cheveux pour un cuir chevelu sain","og_url":"https:\/\/vitablanca.ma\/ar\/product-2\/elseve-hyaluron-pure-serum-purifiant-en-profondeur-102ml\/","og_site_name":"Vitablanca.ma &ndash; Sant&eacute;, vitalit&eacute; et bien-&ecirc;tre pour tous les Marocains","article_publisher":"https:\/\/www.facebook.com\/profile.php?id=61576678196717","article_modified_time":"2026-03-19T12:55:10+00:00","og_image":[{"width":700,"height":700,"url":"https:\/\/vitablanca.ma\/wp-content\/uploads\/2026\/01\/3600524135546_1_2.jpg","type":"image\/jpeg"}],"twitter_card":"summary_large_image","twitter_misc":{"\u0648\u0642\u062a \u0627\u0644\u0642\u0631\u0627\u0621\u0629 \u0627\u0644\u0645\u064f\u0642\u062f\u0651\u0631":"\u062f\u0642\u064a\u0642\u0629 \u0648\u0627\u062d\u062f\u0629"},"schema":{"@context":"https:\/\/schema.org","@graph":[{"@type":["WebPage","ItemPage"],"@id":"https:\/\/vitablanca.ma\/produit\/elseve-hyaluron-pure-serum-purifiant-en-profondeur-102ml\/","url":"https:\/\/vitablanca.ma\/produit\/elseve-hyaluron-pure-serum-purifiant-en-profondeur-102ml\/","name":"L\u2019Or\u00e9al Elseve Hyaluron Pure S\u00e9rum Purifiant 102 ml - Maroc Prix","isPartOf":{"@id":"https:\/\/vitablanca.ma\/#website"},"primaryImageOfPage":{"@id":"https:\/\/vitablanca.ma\/produit\/elseve-hyaluron-pure-serum-purifiant-en-profondeur-102ml\/#primaryimage"},"image":{"@id":"https:\/\/vitablanca.ma\/produit\/elseve-hyaluron-pure-serum-purifiant-en-profondeur-102ml\/#primaryimage"},"thumbnailUrl":"https:\/\/vitablanca.ma\/wp-content\/uploads\/2026\/01\/3600524135546_1_2.jpg","datePublished":"2026-01-15T20:03:49+00:00","dateModified":"2026-03-19T12:55:10+00:00","description":"Elseve Hyaluron Pure S\u00e9rum Purifiant 102 ml de L\u2019Or\u00e9al Paris nettoie en profondeur, hydrate et purifie les cheveux pour un cuir chevelu sain","breadcrumb":{"@id":"https:\/\/vitablanca.ma\/produit\/elseve-hyaluron-pure-serum-purifiant-en-profondeur-102ml\/#breadcrumb"},"inLanguage":"ar","potentialAction":[{"@type":"ReadAction","target":["https:\/\/vitablanca.ma\/produit\/elseve-hyaluron-pure-serum-purifiant-en-profondeur-102ml\/"]}]},{"@type":"ImageObject","inLanguage":"ar","@id":"https:\/\/vitablanca.ma\/produit\/elseve-hyaluron-pure-serum-purifiant-en-profondeur-102ml\/#primaryimage","url":"https:\/\/vitablanca.ma\/wp-content\/uploads\/2026\/01\/3600524135546_1_2.jpg","contentUrl":"https:\/\/vitablanca.ma\/wp-content\/uploads\/2026\/01\/3600524135546_1_2.jpg","width":700,"height":700},{"@type":"BreadcrumbList","@id":"https:\/\/vitablanca.ma\/produit\/elseve-hyaluron-pure-serum-purifiant-en-profondeur-102ml\/#breadcrumb","itemListElement":[{"@type":"ListItem","position":1,"name":"Home","item":"https:\/\/vitablanca.ma\/"},{"@type":"ListItem","position":2,"name":"Tous Les Produits","item":"https:\/\/vitablanca.ma\/tous-les-produits\/"},{"@type":"ListItem","position":3,"name":"Elseve hyaluron pure s\u00e9rum purifiant en profondeur 102ml"}]},{"@type":"WebSite","@id":"https:\/\/vitablanca.ma\/#website","url":"https:\/\/vitablanca.ma\/","name":"VitaBlanca.ma | \u0627\u0644\u0645\u0643\u0645\u0644\u0627\u062a \u0627\u0644\u063a\u0630\u0627\u0626\u064a\u0629\u060c \u0627\u0644\u0635\u062d\u0629 \u0648\u0627\u0644\u062c\u0645\u0627\u0644 \u0641\u064a \u0627\u0644\u0645\u063a\u0631\u0628","description":"\u0646\u0628\u064a\u0639 \u0641\u064a\u062a\u0627\u0645\u064a\u0646\u0627\u062a \u0648\u0645\u0643\u0645\u0644\u0627\u062a \u063a\u0630\u0627\u0626\u064a\u0629 \u0641\u0627\u062e\u0631\u0629 \u0645\u0646 \u0627\u0644\u0648\u0644\u0627\u064a\u0627\u062a \u0627\u0644\u0645\u062a\u062d\u062f\u0629 \u0627\u0644\u0623\u0645\u0631\u064a\u0643\u064a\u0629 \u0648\u0643\u0646\u062f\u0627 \u0648\u0646\u064a\u0648\u0632\u064a\u0644\u0646\u062f\u0627 \u0648\u0627\u0644\u0645\u063a\u0631\u0628 (\u0646\u0627\u0648 \u0641\u0648\u062f\u0632\u060c \u0633\u0648\u0644\u062c\u0627\u0631\u060c \u0645\u0627\u0646\u0648\u0643\u0627). \u062a\u0648\u0635\u064a\u0644 \u0633\u0631\u064a\u0639 \u0625\u0644\u0649 \u062c\u0645\u064a\u0639 \u0623\u0646\u062d\u0627\u0621 \u0627\u0644\u0645\u063a\u0631\u0628.","publisher":{"@id":"https:\/\/vitablanca.ma\/#organization"},"alternateName":"VitaBlanca.ma","potentialAction":[{"@type":"SearchAction","target":{"@type":"EntryPoint","urlTemplate":"https:\/\/vitablanca.ma\/?s={search_term_string}"},"query-input":{"@type":"PropertyValueSpecification","valueRequired":true,"valueName":"search_term_string"}}],"inLanguage":"ar"},{"@type":"Organization","@id":"https:\/\/vitablanca.ma\/#organization","name":"\u0641\u064a\u062a\u0627\u0628\u0644\u0627\u0646\u0643\u0627","url":"https:\/\/vitablanca.ma\/","logo":{"@type":"ImageObject","inLanguage":"ar","@id":"https:\/\/vitablanca.ma\/#\/schema\/logo\/image\/","url":"https:\/\/vitablanca.ma\/wp-content\/uploads\/2025\/05\/cropped-vitablanca.png","contentUrl":"https:\/\/vitablanca.ma\/wp-content\/uploads\/2025\/05\/cropped-vitablanca.png","width":360,"height":67,"caption":"VitaBlanca"},"image":{"@id":"https:\/\/vitablanca.ma\/#\/schema\/logo\/image\/"},"sameAs":["https:\/\/www.facebook.com\/profile.php?id=61576678196717","https:\/\/www.tiktok.com\/@vitablanca.ma","https:\/\/www.instagram.com\/vitablanca.ma\/"]}]}},"jetpack_sharing_enabled":true,"_links":{"self":[{"href":"https:\/\/vitablanca.ma\/ar\/wp-json\/wp\/v2\/product\/28131","targetHints":{"allow":["GET"]}}],"collection":[{"href":"https:\/\/vitablanca.ma\/ar\/wp-json\/wp\/v2\/product"}],"about":[{"href":"https:\/\/vitablanca.ma\/ar\/wp-json\/wp\/v2\/types\/product"}],"wp:featuredmedia":[{"embeddable":true,"href":"https:\/\/vitablanca.ma\/ar\/wp-json\/wp\/v2\/media\/28182"}],"wp:attachment":[{"href":"https:\/\/vitablanca.ma\/ar\/wp-json\/wp\/v2\/media?parent=28131"}],"wp:term":[{"taxonomy":"product_brand","embeddable":true,"href":"https:\/\/vitablanca.ma\/ar\/wp-json\/wp\/v2\/product_brand?post=28131"},{"taxonomy":"product_cat","embeddable":true,"href":"https:\/\/vitablanca.ma\/ar\/wp-json\/wp\/v2\/product_cat?post=28131"},{"taxonomy":"product_tag","embeddable":true,"href":"https:\/\/vitablanca.ma\/ar\/wp-json\/wp\/v2\/product_tag?post=28131"}],"curies":[{"name":"wp","href":"https:\/\/api.w.org\/{rel}","templated":true}]}}