{"id":27914,"date":"2026-01-15T19:56:43","date_gmt":"2026-01-15T19:56:43","guid":{"rendered":"https:\/\/vitablanca.ma\/?post_type=product&#038;p=27914"},"modified":"2026-03-19T12:55:14","modified_gmt":"2026-03-19T12:55:14","slug":"loreal-paris-lip-oil-plump-ambition-101-cristal-clear","status":"publish","type":"product","link":"https:\/\/vitablanca.ma\/ar\/product-2\/loreal-paris-lip-oil-plump-ambition-101-cristal-clear\/","title":{"rendered":"L&rsquo;Or\u00e9al Paris LIP OIL PLUMP AMBITION 101 Cristal Clear"},"content":{"rendered":"<p>D\u00e9couvrez la NOUVELLE Huile \u00e0 L\u00e8vres Plump Ambition, enrichie en acide hyaluronique et en tripeptide pour une hydratation jusqu&rsquo;\u00e0 24 h* et un fini brillant et \u00e9clatant. Obtenez des l\u00e8vres visiblement plus pulpeuses et plus saines gr\u00e2ce \u00e0 cette huile incontournable, disponible en 9 teintes sublimes.<\/p>","protected":false},"excerpt":{"rendered":"<p>D\u00e9couvrez la NOUVELLE Huile \u00e0 L\u00e8vres Plump Ambition, enrichie en acide hyaluronique et en tripeptide pour une hydratation jusqu&rsquo;\u00e0 24 h* et un fini brillant et \u00e9clatant. Obtenez des l\u00e8vres visiblement plus pulpeuses et plus saines gr\u00e2ce \u00e0 cette huile incontournable, disponible en 9 teintes sublimes.<\/p>","protected":false},"featured_media":27984,"template":"","meta":{"om_disable_all_campaigns":false},"product_brand":[5741],"product_cat":[18],"product_tag":[6069,6071,6073,6070,6068,6060,6072],"class_list":{"0":"post-27914","1":"product","2":"type-product","3":"status-publish","4":"has-post-thumbnail","6":"product_brand-loreal-paris-maroc-prix","7":"product_cat-beaute-sante","8":"product_tag-gloss-repulpant-loreal","9":"product_tag-gloss-transparent-loreal","10":"product_tag-gloss-volume-instantane","11":"product_tag-huile-levres-hydratante","12":"product_tag-loreal-paris-lip-oil-plump-ambition-101-cristal-clear","13":"product_tag-levres-brillantes","14":"product_tag-maquillage-levres-effet-glossy","16":"first","17":"outofstock","18":"sale","19":"taxable","20":"shipping-taxable","21":"purchasable","22":"product-type-simple"},"yoast_head":"<!-- This site is optimized with the Yoast SEO plugin v27.3 - https:\/\/yoast.com\/product\/yoast-seo-wordpress\/ -->\n<title>L\u2019Or\u00e9al Paris Lip Oil Plump Ambition 101 Cristal Clear - Maroc Prix<\/title>\n<meta name=\"description\" content=\"L\u2019Or\u00e9al Paris Lip Oil Plump Ambition 101 Cristal Clear hydrate, repulpe et apporte une brillance transparente aux l\u00e8vres. Gloss l\u00e9ger\" \/>\n<meta name=\"robots\" content=\"index, follow, max-snippet:-1, max-image-preview:large, max-video-preview:-1\" \/>\n<link rel=\"canonical\" href=\"https:\/\/vitablanca.ma\/ar\/product-2\/loreal-paris-lip-oil-plump-ambition-101-cristal-clear\/\" \/>\n<meta property=\"og:locale\" content=\"ar_AR\" \/>\n<meta property=\"og:type\" content=\"article\" \/>\n<meta property=\"og:title\" content=\"L\u2019Or\u00e9al Paris Lip Oil Plump Ambition 101 Cristal Clear - Maroc Prix\" \/>\n<meta property=\"og:description\" content=\"L\u2019Or\u00e9al Paris Lip Oil Plump Ambition 101 Cristal Clear hydrate, repulpe et apporte une brillance transparente aux l\u00e8vres. Gloss l\u00e9ger\" \/>\n<meta property=\"og:url\" content=\"https:\/\/vitablanca.ma\/ar\/product-2\/loreal-paris-lip-oil-plump-ambition-101-cristal-clear\/\" \/>\n<meta property=\"og:site_name\" content=\"Vitablanca.ma &ndash; Sant&eacute;, vitalit&eacute; et bien-&ecirc;tre pour tous les Marocains\" \/>\n<meta property=\"article:publisher\" content=\"https:\/\/www.facebook.com\/profile.php?id=61576678196717\" \/>\n<meta property=\"article:modified_time\" content=\"2026-03-19T12:55:14+00:00\" \/>\n<meta property=\"og:image\" content=\"https:\/\/vitablanca.ma\/wp-content\/uploads\/2026\/01\/Plan_de_travail_2_cbb457d1-275a-4cab-a505-67fcda82ae7d-1.jpg\" \/>\n\t<meta property=\"og:image:width\" content=\"595\" \/>\n\t<meta property=\"og:image:height\" content=\"655\" \/>\n\t<meta property=\"og:image:type\" content=\"image\/jpeg\" \/>\n<meta name=\"twitter:card\" content=\"summary_large_image\" \/>\n<meta name=\"twitter:label1\" content=\"\u0648\u0642\u062a \u0627\u0644\u0642\u0631\u0627\u0621\u0629 \u0627\u0644\u0645\u064f\u0642\u062f\u0651\u0631\" \/>\n\t<meta name=\"twitter:data1\" content=\"\u062f\u0642\u064a\u0642\u0629 \u0648\u0627\u062d\u062f\u0629\" \/>\n<script type=\"application\/ld+json\" class=\"yoast-schema-graph\">{\"@context\":\"https:\\\/\\\/schema.org\",\"@graph\":[{\"@type\":[\"WebPage\",\"ItemPage\"],\"@id\":\"https:\\\/\\\/vitablanca.ma\\\/produit\\\/loreal-paris-lip-oil-plump-ambition-101-cristal-clear\\\/\",\"url\":\"https:\\\/\\\/vitablanca.ma\\\/produit\\\/loreal-paris-lip-oil-plump-ambition-101-cristal-clear\\\/\",\"name\":\"L\u2019Or\u00e9al Paris Lip Oil Plump Ambition 101 Cristal Clear - Maroc Prix\",\"isPartOf\":{\"@id\":\"https:\\\/\\\/vitablanca.ma\\\/#website\"},\"primaryImageOfPage\":{\"@id\":\"https:\\\/\\\/vitablanca.ma\\\/produit\\\/loreal-paris-lip-oil-plump-ambition-101-cristal-clear\\\/#primaryimage\"},\"image\":{\"@id\":\"https:\\\/\\\/vitablanca.ma\\\/produit\\\/loreal-paris-lip-oil-plump-ambition-101-cristal-clear\\\/#primaryimage\"},\"thumbnailUrl\":\"https:\\\/\\\/vitablanca.ma\\\/wp-content\\\/uploads\\\/2026\\\/01\\\/Plan_de_travail_2_cbb457d1-275a-4cab-a505-67fcda82ae7d-1.jpg\",\"datePublished\":\"2026-01-15T19:56:43+00:00\",\"dateModified\":\"2026-03-19T12:55:14+00:00\",\"description\":\"L\u2019Or\u00e9al Paris Lip Oil Plump Ambition 101 Cristal Clear hydrate, repulpe et apporte une brillance transparente aux l\u00e8vres. Gloss l\u00e9ger\",\"breadcrumb\":{\"@id\":\"https:\\\/\\\/vitablanca.ma\\\/produit\\\/loreal-paris-lip-oil-plump-ambition-101-cristal-clear\\\/#breadcrumb\"},\"inLanguage\":\"ar\",\"potentialAction\":[{\"@type\":\"ReadAction\",\"target\":[\"https:\\\/\\\/vitablanca.ma\\\/produit\\\/loreal-paris-lip-oil-plump-ambition-101-cristal-clear\\\/\"]}]},{\"@type\":\"ImageObject\",\"inLanguage\":\"ar\",\"@id\":\"https:\\\/\\\/vitablanca.ma\\\/produit\\\/loreal-paris-lip-oil-plump-ambition-101-cristal-clear\\\/#primaryimage\",\"url\":\"https:\\\/\\\/vitablanca.ma\\\/wp-content\\\/uploads\\\/2026\\\/01\\\/Plan_de_travail_2_cbb457d1-275a-4cab-a505-67fcda82ae7d-1.jpg\",\"contentUrl\":\"https:\\\/\\\/vitablanca.ma\\\/wp-content\\\/uploads\\\/2026\\\/01\\\/Plan_de_travail_2_cbb457d1-275a-4cab-a505-67fcda82ae7d-1.jpg\",\"width\":595,\"height\":655},{\"@type\":\"BreadcrumbList\",\"@id\":\"https:\\\/\\\/vitablanca.ma\\\/produit\\\/loreal-paris-lip-oil-plump-ambition-101-cristal-clear\\\/#breadcrumb\",\"itemListElement\":[{\"@type\":\"ListItem\",\"position\":1,\"name\":\"Home\",\"item\":\"https:\\\/\\\/vitablanca.ma\\\/\"},{\"@type\":\"ListItem\",\"position\":2,\"name\":\"Tous Les Produits\",\"item\":\"https:\\\/\\\/vitablanca.ma\\\/tous-les-produits\\\/\"},{\"@type\":\"ListItem\",\"position\":3,\"name\":\"L&#8217;Or\u00e9al Paris LIP OIL PLUMP AMBITION 101 Cristal Clear\"}]},{\"@type\":\"WebSite\",\"@id\":\"https:\\\/\\\/vitablanca.ma\\\/#website\",\"url\":\"https:\\\/\\\/vitablanca.ma\\\/\",\"name\":\"VitaBlanca.ma | Compl\u00e9ments alimentaires, sant\u00e9 & beaut\u00e9 au Maroc\",\"description\":\"vendre vitamines et compl\u00e9ments premium des USA &amp; Canada, Nouvelle Z\u00e9lande,Maroc (NOW Foods, Solgar, Manuka). Livraison rapide partout au Maroc.\",\"publisher\":{\"@id\":\"https:\\\/\\\/vitablanca.ma\\\/#organization\"},\"alternateName\":\"VitaBlanca.ma\",\"potentialAction\":[{\"@type\":\"SearchAction\",\"target\":{\"@type\":\"EntryPoint\",\"urlTemplate\":\"https:\\\/\\\/vitablanca.ma\\\/?s={search_term_string}\"},\"query-input\":{\"@type\":\"PropertyValueSpecification\",\"valueRequired\":true,\"valueName\":\"search_term_string\"}}],\"inLanguage\":\"ar\"},{\"@type\":\"Organization\",\"@id\":\"https:\\\/\\\/vitablanca.ma\\\/#organization\",\"name\":\"VitaBlanca\",\"url\":\"https:\\\/\\\/vitablanca.ma\\\/\",\"logo\":{\"@type\":\"ImageObject\",\"inLanguage\":\"ar\",\"@id\":\"https:\\\/\\\/vitablanca.ma\\\/#\\\/schema\\\/logo\\\/image\\\/\",\"url\":\"https:\\\/\\\/vitablanca.ma\\\/wp-content\\\/uploads\\\/2025\\\/05\\\/cropped-vitablanca.png\",\"contentUrl\":\"https:\\\/\\\/vitablanca.ma\\\/wp-content\\\/uploads\\\/2025\\\/05\\\/cropped-vitablanca.png\",\"width\":360,\"height\":67,\"caption\":\"VitaBlanca\"},\"image\":{\"@id\":\"https:\\\/\\\/vitablanca.ma\\\/#\\\/schema\\\/logo\\\/image\\\/\"},\"sameAs\":[\"https:\\\/\\\/www.facebook.com\\\/profile.php?id=61576678196717\",\"https:\\\/\\\/www.tiktok.com\\\/@vitablanca.ma\",\"https:\\\/\\\/www.instagram.com\\\/vitablanca.ma\\\/\"]}]}<\/script>\n<!-- \/ Yoast SEO plugin. -->","yoast_head_json":{"title":"L\u2019Or\u00e9al Paris Lip Oil Plump Ambition 101 Cristal Clear - Maroc Prix","description":"L\u2019Or\u00e9al Paris Lip Oil Plump Ambition 101 Cristal Clear hydrate, repulpe et apporte une brillance transparente aux l\u00e8vres. Gloss l\u00e9ger","robots":{"index":"index","follow":"follow","max-snippet":"max-snippet:-1","max-image-preview":"max-image-preview:large","max-video-preview":"max-video-preview:-1"},"canonical":"https:\/\/vitablanca.ma\/ar\/product-2\/loreal-paris-lip-oil-plump-ambition-101-cristal-clear\/","og_locale":"ar_AR","og_type":"article","og_title":"L\u2019Or\u00e9al Paris Lip Oil Plump Ambition 101 Cristal Clear - Maroc Prix","og_description":"L\u2019Or\u00e9al Paris Lip Oil Plump Ambition 101 Cristal Clear hydrate, repulpe et apporte une brillance transparente aux l\u00e8vres. Gloss l\u00e9ger","og_url":"https:\/\/vitablanca.ma\/ar\/product-2\/loreal-paris-lip-oil-plump-ambition-101-cristal-clear\/","og_site_name":"Vitablanca.ma &ndash; Sant&eacute;, vitalit&eacute; et bien-&ecirc;tre pour tous les Marocains","article_publisher":"https:\/\/www.facebook.com\/profile.php?id=61576678196717","article_modified_time":"2026-03-19T12:55:14+00:00","og_image":[{"width":595,"height":655,"url":"https:\/\/vitablanca.ma\/wp-content\/uploads\/2026\/01\/Plan_de_travail_2_cbb457d1-275a-4cab-a505-67fcda82ae7d-1.jpg","type":"image\/jpeg"}],"twitter_card":"summary_large_image","twitter_misc":{"\u0648\u0642\u062a \u0627\u0644\u0642\u0631\u0627\u0621\u0629 \u0627\u0644\u0645\u064f\u0642\u062f\u0651\u0631":"\u062f\u0642\u064a\u0642\u0629 \u0648\u0627\u062d\u062f\u0629"},"schema":{"@context":"https:\/\/schema.org","@graph":[{"@type":["WebPage","ItemPage"],"@id":"https:\/\/vitablanca.ma\/produit\/loreal-paris-lip-oil-plump-ambition-101-cristal-clear\/","url":"https:\/\/vitablanca.ma\/produit\/loreal-paris-lip-oil-plump-ambition-101-cristal-clear\/","name":"L\u2019Or\u00e9al Paris Lip Oil Plump Ambition 101 Cristal Clear - Maroc Prix","isPartOf":{"@id":"https:\/\/vitablanca.ma\/#website"},"primaryImageOfPage":{"@id":"https:\/\/vitablanca.ma\/produit\/loreal-paris-lip-oil-plump-ambition-101-cristal-clear\/#primaryimage"},"image":{"@id":"https:\/\/vitablanca.ma\/produit\/loreal-paris-lip-oil-plump-ambition-101-cristal-clear\/#primaryimage"},"thumbnailUrl":"https:\/\/vitablanca.ma\/wp-content\/uploads\/2026\/01\/Plan_de_travail_2_cbb457d1-275a-4cab-a505-67fcda82ae7d-1.jpg","datePublished":"2026-01-15T19:56:43+00:00","dateModified":"2026-03-19T12:55:14+00:00","description":"L\u2019Or\u00e9al Paris Lip Oil Plump Ambition 101 Cristal Clear hydrate, repulpe et apporte une brillance transparente aux l\u00e8vres. Gloss l\u00e9ger","breadcrumb":{"@id":"https:\/\/vitablanca.ma\/produit\/loreal-paris-lip-oil-plump-ambition-101-cristal-clear\/#breadcrumb"},"inLanguage":"ar","potentialAction":[{"@type":"ReadAction","target":["https:\/\/vitablanca.ma\/produit\/loreal-paris-lip-oil-plump-ambition-101-cristal-clear\/"]}]},{"@type":"ImageObject","inLanguage":"ar","@id":"https:\/\/vitablanca.ma\/produit\/loreal-paris-lip-oil-plump-ambition-101-cristal-clear\/#primaryimage","url":"https:\/\/vitablanca.ma\/wp-content\/uploads\/2026\/01\/Plan_de_travail_2_cbb457d1-275a-4cab-a505-67fcda82ae7d-1.jpg","contentUrl":"https:\/\/vitablanca.ma\/wp-content\/uploads\/2026\/01\/Plan_de_travail_2_cbb457d1-275a-4cab-a505-67fcda82ae7d-1.jpg","width":595,"height":655},{"@type":"BreadcrumbList","@id":"https:\/\/vitablanca.ma\/produit\/loreal-paris-lip-oil-plump-ambition-101-cristal-clear\/#breadcrumb","itemListElement":[{"@type":"ListItem","position":1,"name":"Home","item":"https:\/\/vitablanca.ma\/"},{"@type":"ListItem","position":2,"name":"Tous Les Produits","item":"https:\/\/vitablanca.ma\/tous-les-produits\/"},{"@type":"ListItem","position":3,"name":"L&#8217;Or\u00e9al Paris LIP OIL PLUMP AMBITION 101 Cristal Clear"}]},{"@type":"WebSite","@id":"https:\/\/vitablanca.ma\/#website","url":"https:\/\/vitablanca.ma\/","name":"VitaBlanca.ma | \u0627\u0644\u0645\u0643\u0645\u0644\u0627\u062a \u0627\u0644\u063a\u0630\u0627\u0626\u064a\u0629\u060c \u0627\u0644\u0635\u062d\u0629 \u0648\u0627\u0644\u062c\u0645\u0627\u0644 \u0641\u064a \u0627\u0644\u0645\u063a\u0631\u0628","description":"\u0646\u0628\u064a\u0639 \u0641\u064a\u062a\u0627\u0645\u064a\u0646\u0627\u062a \u0648\u0645\u0643\u0645\u0644\u0627\u062a \u063a\u0630\u0627\u0626\u064a\u0629 \u0641\u0627\u062e\u0631\u0629 \u0645\u0646 \u0627\u0644\u0648\u0644\u0627\u064a\u0627\u062a \u0627\u0644\u0645\u062a\u062d\u062f\u0629 \u0627\u0644\u0623\u0645\u0631\u064a\u0643\u064a\u0629 \u0648\u0643\u0646\u062f\u0627 \u0648\u0646\u064a\u0648\u0632\u064a\u0644\u0646\u062f\u0627 \u0648\u0627\u0644\u0645\u063a\u0631\u0628 (\u0646\u0627\u0648 \u0641\u0648\u062f\u0632\u060c \u0633\u0648\u0644\u062c\u0627\u0631\u060c \u0645\u0627\u0646\u0648\u0643\u0627). \u062a\u0648\u0635\u064a\u0644 \u0633\u0631\u064a\u0639 \u0625\u0644\u0649 \u062c\u0645\u064a\u0639 \u0623\u0646\u062d\u0627\u0621 \u0627\u0644\u0645\u063a\u0631\u0628.","publisher":{"@id":"https:\/\/vitablanca.ma\/#organization"},"alternateName":"VitaBlanca.ma","potentialAction":[{"@type":"SearchAction","target":{"@type":"EntryPoint","urlTemplate":"https:\/\/vitablanca.ma\/?s={search_term_string}"},"query-input":{"@type":"PropertyValueSpecification","valueRequired":true,"valueName":"search_term_string"}}],"inLanguage":"ar"},{"@type":"Organization","@id":"https:\/\/vitablanca.ma\/#organization","name":"\u0641\u064a\u062a\u0627\u0628\u0644\u0627\u0646\u0643\u0627","url":"https:\/\/vitablanca.ma\/","logo":{"@type":"ImageObject","inLanguage":"ar","@id":"https:\/\/vitablanca.ma\/#\/schema\/logo\/image\/","url":"https:\/\/vitablanca.ma\/wp-content\/uploads\/2025\/05\/cropped-vitablanca.png","contentUrl":"https:\/\/vitablanca.ma\/wp-content\/uploads\/2025\/05\/cropped-vitablanca.png","width":360,"height":67,"caption":"VitaBlanca"},"image":{"@id":"https:\/\/vitablanca.ma\/#\/schema\/logo\/image\/"},"sameAs":["https:\/\/www.facebook.com\/profile.php?id=61576678196717","https:\/\/www.tiktok.com\/@vitablanca.ma","https:\/\/www.instagram.com\/vitablanca.ma\/"]}]}},"jetpack_sharing_enabled":true,"_links":{"self":[{"href":"https:\/\/vitablanca.ma\/ar\/wp-json\/wp\/v2\/product\/27914","targetHints":{"allow":["GET"]}}],"collection":[{"href":"https:\/\/vitablanca.ma\/ar\/wp-json\/wp\/v2\/product"}],"about":[{"href":"https:\/\/vitablanca.ma\/ar\/wp-json\/wp\/v2\/types\/product"}],"wp:featuredmedia":[{"embeddable":true,"href":"https:\/\/vitablanca.ma\/ar\/wp-json\/wp\/v2\/media\/27984"}],"wp:attachment":[{"href":"https:\/\/vitablanca.ma\/ar\/wp-json\/wp\/v2\/media?parent=27914"}],"wp:term":[{"taxonomy":"product_brand","embeddable":true,"href":"https:\/\/vitablanca.ma\/ar\/wp-json\/wp\/v2\/product_brand?post=27914"},{"taxonomy":"product_cat","embeddable":true,"href":"https:\/\/vitablanca.ma\/ar\/wp-json\/wp\/v2\/product_cat?post=27914"},{"taxonomy":"product_tag","embeddable":true,"href":"https:\/\/vitablanca.ma\/ar\/wp-json\/wp\/v2\/product_tag?post=27914"}],"curies":[{"name":"wp","href":"https:\/\/api.w.org\/{rel}","templated":true}]}}