{"id":27892,"date":"2026-01-15T19:56:19","date_gmt":"2026-01-15T19:56:19","guid":{"rendered":"https:\/\/vitablanca.ma\/?post_type=product&#038;p=27892"},"modified":"2026-03-19T12:55:16","modified_gmt":"2026-03-19T12:55:16","slug":"elseve-hyaluron-repulp-apres-shampooing-200ml","status":"publish","type":"product","link":"https:\/\/vitablanca.ma\/ar\/product-2\/elseve-hyaluron-repulp-apres-shampooing-200ml\/","title":{"rendered":"Elseve hyaluron repulp apres-shampooing 200ml"},"content":{"rendered":"<p class=\"\" data-end=\"537\" data-start=\"189\">\u0627\u0644\u00a0<strong data-end=\"251\" data-start=\"192\">Elseve Hyaluron Repulp Apr\u00e8s-Shampooing 72H Hydratation<\/strong>\u00a0\u0644\u00a0<strong data-end=\"272\" data-start=\"255\">L\u2019Or\u00e9al Paris<\/strong>\u00a0est le soin compl\u00e9mentaire parfait pour les cheveux d\u00e9shydrat\u00e9s. Enrichi en\u00a0<strong data-end=\"371\" data-start=\"349\">\u062d\u0645\u0636 \u0627\u0644\u0647\u064a\u0627\u0644\u0648\u0631\u0648\u0646\u064a\u0643<\/strong>, actif dermatologique puissant capable de retenir jusqu\u2019\u00e0 1000 fois son poids en eau, il\u00a0<strong data-end=\"492\" data-start=\"461\">repulpe la fibre capillaire<\/strong>\u00a0tout en d\u00e9m\u00ealant efficacement les longueurs.<\/p>\n<p class=\"\" data-end=\"757\" data-start=\"539\">D\u00e8s la premi\u00e8re application, les cheveux sont\u00a0<strong data-end=\"610\" data-start=\"585\">10 fois plus hydrat\u00e9s<\/strong>, plus doux, souples et brillants. Sa texture l\u00e9g\u00e8re n\u2019alourdit pas les cheveux, m\u00eame fins, et offre une\u00a0<strong data-end=\"756\" data-start=\"715\">hydratation durable jusqu\u2019\u00e0 72 heures<\/strong>.<\/p>\n<p class=\"\" data-end=\"926\" data-start=\"759\"><strong data-end=\"787\" data-start=\"759\">\u0637\u0631\u064a\u0642\u0629 \u0627\u0644\u0627\u0633\u062a\u062e\u062f\u0627\u0645:<\/strong><br data-end=\"790\" data-start=\"787\" \/>Apr\u00e8s le shampooing, appliquez sur cheveux mouill\u00e9s, des longueurs jusqu\u2019aux pointes. Laissez poser une minute, puis rincez abondamment.<\/p>","protected":false},"excerpt":{"rendered":"<p>Le\u00a0Elseve Hyaluron Repulp Apr\u00e8s-Shampooing 72H Hydratation\u00a0de\u00a0L\u2019Or\u00e9al Paris\u00a0est le soin compl\u00e9mentaire parfait pour les cheveux d\u00e9shydrat\u00e9s. Enrichi en\u00a0acide hyaluronique, actif dermatologique puissant capable de retenir jusqu\u2019\u00e0 1000 fois son poids en eau, il\u00a0repulpe la fibre capillaire\u00a0tout en d\u00e9m\u00ealant efficacement les longueurs. D\u00e8s la premi\u00e8re application, les cheveux sont\u00a010 fois plus hydrat\u00e9s, plus doux, souples et brillants. [&hellip;]<\/p>\n","protected":false},"featured_media":27959,"template":"","meta":{"om_disable_all_campaigns":false},"product_brand":[5741],"product_cat":[18],"product_tag":[6157,6156,6119,6053,6054,6158,5884,6117,6040,6034],"class_list":{"0":"post-27892","1":"product","2":"type-product","3":"status-publish","4":"has-post-thumbnail","6":"product_brand-loreal-paris-maroc-prix","7":"product_cat-beaute-sante","8":"product_tag-200-ml","9":"product_tag-apres-shampooing","10":"product_tag-cheveux-hydrates","11":"product_tag-cheveux-repulpes","12":"product_tag-cheveux-secs","13":"product_tag-demelage-facile","14":"product_tag-elseve","15":"product_tag-hyaluron-repulp","16":"product_tag-loreal-elseve","17":"product_tag-soin-cheveux","19":"first","20":"outofstock","21":"sale","22":"taxable","23":"shipping-taxable","24":"purchasable","25":"product-type-simple"},"yoast_head":"<!-- This site is optimized with the Yoast SEO plugin v27.4 - https:\/\/yoast.com\/product\/yoast-seo-wordpress\/ -->\n<title>Elseve Hyaluron Repulp Apr\u00e8s-Shampooing 200\u202fml - Maroc Prix<\/title>\n<meta name=\"description\" content=\"Elseve Hyaluron Repulp Apr\u00e8s-Shampooing 200\u202fml d\u00e9m\u00eale, hydrate et repulpe les cheveux secs et ab\u00eem\u00e9s. Cheveux doux, souples et brillants pour un coiffage facile.\" \/>\n<meta name=\"robots\" content=\"index, follow, max-snippet:-1, max-image-preview:large, max-video-preview:-1\" \/>\n<link rel=\"canonical\" href=\"https:\/\/vitablanca.ma\/ar\/product-2\/elseve-hyaluron-repulp-apres-shampooing-200ml\/\" \/>\n<meta property=\"og:locale\" content=\"ar_AR\" \/>\n<meta property=\"og:type\" content=\"article\" \/>\n<meta property=\"og:title\" content=\"Elseve Hyaluron Repulp Apr\u00e8s-Shampooing 200\u202fml - Maroc Prix\" \/>\n<meta property=\"og:description\" content=\"Elseve Hyaluron Repulp Apr\u00e8s-Shampooing 200\u202fml d\u00e9m\u00eale, hydrate et repulpe les cheveux secs et ab\u00eem\u00e9s. Cheveux doux, souples et brillants pour un coiffage facile.\" \/>\n<meta property=\"og:url\" content=\"https:\/\/vitablanca.ma\/ar\/product-2\/elseve-hyaluron-repulp-apres-shampooing-200ml\/\" \/>\n<meta property=\"og:site_name\" content=\"Vitablanca.ma &ndash; Sant&eacute;, vitalit&eacute; et bien-&ecirc;tre pour tous les Marocains\" \/>\n<meta property=\"article:publisher\" content=\"https:\/\/www.facebook.com\/profile.php?id=61576678196717\" \/>\n<meta property=\"article:modified_time\" content=\"2026-03-19T12:55:16+00:00\" \/>\n<meta property=\"og:image\" content=\"https:\/\/vitablanca.ma\/wp-content\/uploads\/2026\/01\/Elseve-Hyaluron-repulp-Apres-shamp-200ml_1-1.png\" \/>\n\t<meta property=\"og:image:width\" content=\"977\" \/>\n\t<meta property=\"og:image:height\" content=\"995\" \/>\n\t<meta property=\"og:image:type\" content=\"image\/png\" \/>\n<meta name=\"twitter:card\" content=\"summary_large_image\" \/>\n<meta name=\"twitter:label1\" content=\"\u0648\u0642\u062a \u0627\u0644\u0642\u0631\u0627\u0621\u0629 \u0627\u0644\u0645\u064f\u0642\u062f\u0651\u0631\" \/>\n\t<meta name=\"twitter:data1\" content=\"\u062f\u0642\u064a\u0642\u0629 \u0648\u0627\u062d\u062f\u0629\" \/>\n<script type=\"application\/ld+json\" class=\"yoast-schema-graph\">{\"@context\":\"https:\\\/\\\/schema.org\",\"@graph\":[{\"@type\":[\"WebPage\",\"ItemPage\"],\"@id\":\"https:\\\/\\\/vitablanca.ma\\\/produit\\\/elseve-hyaluron-repulp-apres-shampooing-200ml\\\/\",\"url\":\"https:\\\/\\\/vitablanca.ma\\\/produit\\\/elseve-hyaluron-repulp-apres-shampooing-200ml\\\/\",\"name\":\"Elseve Hyaluron Repulp Apr\u00e8s-Shampooing 200\u202fml - Maroc Prix\",\"isPartOf\":{\"@id\":\"https:\\\/\\\/vitablanca.ma\\\/#website\"},\"primaryImageOfPage\":{\"@id\":\"https:\\\/\\\/vitablanca.ma\\\/produit\\\/elseve-hyaluron-repulp-apres-shampooing-200ml\\\/#primaryimage\"},\"image\":{\"@id\":\"https:\\\/\\\/vitablanca.ma\\\/produit\\\/elseve-hyaluron-repulp-apres-shampooing-200ml\\\/#primaryimage\"},\"thumbnailUrl\":\"https:\\\/\\\/vitablanca.ma\\\/wp-content\\\/uploads\\\/2026\\\/01\\\/Elseve-Hyaluron-repulp-Apres-shamp-200ml_1-1.png\",\"datePublished\":\"2026-01-15T19:56:19+00:00\",\"dateModified\":\"2026-03-19T12:55:16+00:00\",\"description\":\"Elseve Hyaluron Repulp Apr\u00e8s-Shampooing 200\u202fml d\u00e9m\u00eale, hydrate et repulpe les cheveux secs et ab\u00eem\u00e9s. Cheveux doux, souples et brillants pour un coiffage facile.\",\"breadcrumb\":{\"@id\":\"https:\\\/\\\/vitablanca.ma\\\/produit\\\/elseve-hyaluron-repulp-apres-shampooing-200ml\\\/#breadcrumb\"},\"inLanguage\":\"ar\",\"potentialAction\":[{\"@type\":\"ReadAction\",\"target\":[\"https:\\\/\\\/vitablanca.ma\\\/produit\\\/elseve-hyaluron-repulp-apres-shampooing-200ml\\\/\"]}]},{\"@type\":\"ImageObject\",\"inLanguage\":\"ar\",\"@id\":\"https:\\\/\\\/vitablanca.ma\\\/produit\\\/elseve-hyaluron-repulp-apres-shampooing-200ml\\\/#primaryimage\",\"url\":\"https:\\\/\\\/vitablanca.ma\\\/wp-content\\\/uploads\\\/2026\\\/01\\\/Elseve-Hyaluron-repulp-Apres-shamp-200ml_1-1.png\",\"contentUrl\":\"https:\\\/\\\/vitablanca.ma\\\/wp-content\\\/uploads\\\/2026\\\/01\\\/Elseve-Hyaluron-repulp-Apres-shamp-200ml_1-1.png\",\"width\":977,\"height\":995},{\"@type\":\"BreadcrumbList\",\"@id\":\"https:\\\/\\\/vitablanca.ma\\\/produit\\\/elseve-hyaluron-repulp-apres-shampooing-200ml\\\/#breadcrumb\",\"itemListElement\":[{\"@type\":\"ListItem\",\"position\":1,\"name\":\"Home\",\"item\":\"https:\\\/\\\/vitablanca.ma\\\/\"},{\"@type\":\"ListItem\",\"position\":2,\"name\":\"Tous Les Produits\",\"item\":\"https:\\\/\\\/vitablanca.ma\\\/tous-les-produits\\\/\"},{\"@type\":\"ListItem\",\"position\":3,\"name\":\"Elseve hyaluron repulp apres-shampooing 200ml\"}]},{\"@type\":\"WebSite\",\"@id\":\"https:\\\/\\\/vitablanca.ma\\\/#website\",\"url\":\"https:\\\/\\\/vitablanca.ma\\\/\",\"name\":\"VitaBlanca.ma | Compl\u00e9ments alimentaires, sant\u00e9 & beaut\u00e9 au Maroc\",\"description\":\"vendre vitamines et compl\u00e9ments premium des USA &amp; Canada, Nouvelle Z\u00e9lande,Maroc (NOW Foods, Solgar, Manuka). Livraison rapide partout au Maroc.\",\"publisher\":{\"@id\":\"https:\\\/\\\/vitablanca.ma\\\/#organization\"},\"alternateName\":\"VitaBlanca.ma\",\"potentialAction\":[{\"@type\":\"SearchAction\",\"target\":{\"@type\":\"EntryPoint\",\"urlTemplate\":\"https:\\\/\\\/vitablanca.ma\\\/?s={search_term_string}\"},\"query-input\":{\"@type\":\"PropertyValueSpecification\",\"valueRequired\":true,\"valueName\":\"search_term_string\"}}],\"inLanguage\":\"ar\"},{\"@type\":\"Organization\",\"@id\":\"https:\\\/\\\/vitablanca.ma\\\/#organization\",\"name\":\"VitaBlanca\",\"url\":\"https:\\\/\\\/vitablanca.ma\\\/\",\"logo\":{\"@type\":\"ImageObject\",\"inLanguage\":\"ar\",\"@id\":\"https:\\\/\\\/vitablanca.ma\\\/#\\\/schema\\\/logo\\\/image\\\/\",\"url\":\"https:\\\/\\\/vitablanca.ma\\\/wp-content\\\/uploads\\\/2025\\\/05\\\/cropped-vitablanca.png\",\"contentUrl\":\"https:\\\/\\\/vitablanca.ma\\\/wp-content\\\/uploads\\\/2025\\\/05\\\/cropped-vitablanca.png\",\"width\":360,\"height\":67,\"caption\":\"VitaBlanca\"},\"image\":{\"@id\":\"https:\\\/\\\/vitablanca.ma\\\/#\\\/schema\\\/logo\\\/image\\\/\"},\"sameAs\":[\"https:\\\/\\\/www.facebook.com\\\/profile.php?id=61576678196717\",\"https:\\\/\\\/www.tiktok.com\\\/@vitablanca.ma\",\"https:\\\/\\\/www.instagram.com\\\/vitablanca.ma\\\/\"]}]}<\/script>\n<!-- \/ Yoast SEO plugin. -->","yoast_head_json":{"title":"Elseve Hyaluron Repulp Apr\u00e8s-Shampooing 200\u202fml - Maroc Prix","description":"Elseve Hyaluron Repulp Apr\u00e8s-Shampooing 200\u202fml d\u00e9m\u00eale, hydrate et repulpe les cheveux secs et ab\u00eem\u00e9s. Cheveux doux, souples et brillants pour un coiffage facile.","robots":{"index":"index","follow":"follow","max-snippet":"max-snippet:-1","max-image-preview":"max-image-preview:large","max-video-preview":"max-video-preview:-1"},"canonical":"https:\/\/vitablanca.ma\/ar\/product-2\/elseve-hyaluron-repulp-apres-shampooing-200ml\/","og_locale":"ar_AR","og_type":"article","og_title":"Elseve Hyaluron Repulp Apr\u00e8s-Shampooing 200\u202fml - Maroc Prix","og_description":"Elseve Hyaluron Repulp Apr\u00e8s-Shampooing 200\u202fml d\u00e9m\u00eale, hydrate et repulpe les cheveux secs et ab\u00eem\u00e9s. Cheveux doux, souples et brillants pour un coiffage facile.","og_url":"https:\/\/vitablanca.ma\/ar\/product-2\/elseve-hyaluron-repulp-apres-shampooing-200ml\/","og_site_name":"Vitablanca.ma &ndash; Sant&eacute;, vitalit&eacute; et bien-&ecirc;tre pour tous les Marocains","article_publisher":"https:\/\/www.facebook.com\/profile.php?id=61576678196717","article_modified_time":"2026-03-19T12:55:16+00:00","og_image":[{"width":977,"height":995,"url":"https:\/\/vitablanca.ma\/wp-content\/uploads\/2026\/01\/Elseve-Hyaluron-repulp-Apres-shamp-200ml_1-1.png","type":"image\/png"}],"twitter_card":"summary_large_image","twitter_misc":{"\u0648\u0642\u062a \u0627\u0644\u0642\u0631\u0627\u0621\u0629 \u0627\u0644\u0645\u064f\u0642\u062f\u0651\u0631":"\u062f\u0642\u064a\u0642\u0629 \u0648\u0627\u062d\u062f\u0629"},"schema":{"@context":"https:\/\/schema.org","@graph":[{"@type":["WebPage","ItemPage"],"@id":"https:\/\/vitablanca.ma\/produit\/elseve-hyaluron-repulp-apres-shampooing-200ml\/","url":"https:\/\/vitablanca.ma\/produit\/elseve-hyaluron-repulp-apres-shampooing-200ml\/","name":"Elseve Hyaluron Repulp Apr\u00e8s-Shampooing 200\u202fml - Maroc Prix","isPartOf":{"@id":"https:\/\/vitablanca.ma\/#website"},"primaryImageOfPage":{"@id":"https:\/\/vitablanca.ma\/produit\/elseve-hyaluron-repulp-apres-shampooing-200ml\/#primaryimage"},"image":{"@id":"https:\/\/vitablanca.ma\/produit\/elseve-hyaluron-repulp-apres-shampooing-200ml\/#primaryimage"},"thumbnailUrl":"https:\/\/vitablanca.ma\/wp-content\/uploads\/2026\/01\/Elseve-Hyaluron-repulp-Apres-shamp-200ml_1-1.png","datePublished":"2026-01-15T19:56:19+00:00","dateModified":"2026-03-19T12:55:16+00:00","description":"Elseve Hyaluron Repulp Apr\u00e8s-Shampooing 200\u202fml d\u00e9m\u00eale, hydrate et repulpe les cheveux secs et ab\u00eem\u00e9s. Cheveux doux, souples et brillants pour un coiffage facile.","breadcrumb":{"@id":"https:\/\/vitablanca.ma\/produit\/elseve-hyaluron-repulp-apres-shampooing-200ml\/#breadcrumb"},"inLanguage":"ar","potentialAction":[{"@type":"ReadAction","target":["https:\/\/vitablanca.ma\/produit\/elseve-hyaluron-repulp-apres-shampooing-200ml\/"]}]},{"@type":"ImageObject","inLanguage":"ar","@id":"https:\/\/vitablanca.ma\/produit\/elseve-hyaluron-repulp-apres-shampooing-200ml\/#primaryimage","url":"https:\/\/vitablanca.ma\/wp-content\/uploads\/2026\/01\/Elseve-Hyaluron-repulp-Apres-shamp-200ml_1-1.png","contentUrl":"https:\/\/vitablanca.ma\/wp-content\/uploads\/2026\/01\/Elseve-Hyaluron-repulp-Apres-shamp-200ml_1-1.png","width":977,"height":995},{"@type":"BreadcrumbList","@id":"https:\/\/vitablanca.ma\/produit\/elseve-hyaluron-repulp-apres-shampooing-200ml\/#breadcrumb","itemListElement":[{"@type":"ListItem","position":1,"name":"Home","item":"https:\/\/vitablanca.ma\/"},{"@type":"ListItem","position":2,"name":"Tous Les Produits","item":"https:\/\/vitablanca.ma\/tous-les-produits\/"},{"@type":"ListItem","position":3,"name":"Elseve hyaluron repulp apres-shampooing 200ml"}]},{"@type":"WebSite","@id":"https:\/\/vitablanca.ma\/#website","url":"https:\/\/vitablanca.ma\/","name":"VitaBlanca.ma | \u0627\u0644\u0645\u0643\u0645\u0644\u0627\u062a \u0627\u0644\u063a\u0630\u0627\u0626\u064a\u0629\u060c \u0627\u0644\u0635\u062d\u0629 \u0648\u0627\u0644\u062c\u0645\u0627\u0644 \u0641\u064a \u0627\u0644\u0645\u063a\u0631\u0628","description":"\u0646\u0628\u064a\u0639 \u0641\u064a\u062a\u0627\u0645\u064a\u0646\u0627\u062a \u0648\u0645\u0643\u0645\u0644\u0627\u062a \u063a\u0630\u0627\u0626\u064a\u0629 \u0641\u0627\u062e\u0631\u0629 \u0645\u0646 \u0627\u0644\u0648\u0644\u0627\u064a\u0627\u062a \u0627\u0644\u0645\u062a\u062d\u062f\u0629 \u0627\u0644\u0623\u0645\u0631\u064a\u0643\u064a\u0629 \u0648\u0643\u0646\u062f\u0627 \u0648\u0646\u064a\u0648\u0632\u064a\u0644\u0646\u062f\u0627 \u0648\u0627\u0644\u0645\u063a\u0631\u0628 (\u0646\u0627\u0648 \u0641\u0648\u062f\u0632\u060c \u0633\u0648\u0644\u062c\u0627\u0631\u060c \u0645\u0627\u0646\u0648\u0643\u0627). \u062a\u0648\u0635\u064a\u0644 \u0633\u0631\u064a\u0639 \u0625\u0644\u0649 \u062c\u0645\u064a\u0639 \u0623\u0646\u062d\u0627\u0621 \u0627\u0644\u0645\u063a\u0631\u0628.","publisher":{"@id":"https:\/\/vitablanca.ma\/#organization"},"alternateName":"VitaBlanca.ma","potentialAction":[{"@type":"SearchAction","target":{"@type":"EntryPoint","urlTemplate":"https:\/\/vitablanca.ma\/?s={search_term_string}"},"query-input":{"@type":"PropertyValueSpecification","valueRequired":true,"valueName":"search_term_string"}}],"inLanguage":"ar"},{"@type":"Organization","@id":"https:\/\/vitablanca.ma\/#organization","name":"\u0641\u064a\u062a\u0627\u0628\u0644\u0627\u0646\u0643\u0627","url":"https:\/\/vitablanca.ma\/","logo":{"@type":"ImageObject","inLanguage":"ar","@id":"https:\/\/vitablanca.ma\/#\/schema\/logo\/image\/","url":"https:\/\/vitablanca.ma\/wp-content\/uploads\/2025\/05\/cropped-vitablanca.png","contentUrl":"https:\/\/vitablanca.ma\/wp-content\/uploads\/2025\/05\/cropped-vitablanca.png","width":360,"height":67,"caption":"VitaBlanca"},"image":{"@id":"https:\/\/vitablanca.ma\/#\/schema\/logo\/image\/"},"sameAs":["https:\/\/www.facebook.com\/profile.php?id=61576678196717","https:\/\/www.tiktok.com\/@vitablanca.ma","https:\/\/www.instagram.com\/vitablanca.ma\/"]}]}},"jetpack_sharing_enabled":true,"_links":{"self":[{"href":"https:\/\/vitablanca.ma\/ar\/wp-json\/wp\/v2\/product\/27892","targetHints":{"allow":["GET"]}}],"collection":[{"href":"https:\/\/vitablanca.ma\/ar\/wp-json\/wp\/v2\/product"}],"about":[{"href":"https:\/\/vitablanca.ma\/ar\/wp-json\/wp\/v2\/types\/product"}],"wp:featuredmedia":[{"embeddable":true,"href":"https:\/\/vitablanca.ma\/ar\/wp-json\/wp\/v2\/media\/27959"}],"wp:attachment":[{"href":"https:\/\/vitablanca.ma\/ar\/wp-json\/wp\/v2\/media?parent=27892"}],"wp:term":[{"taxonomy":"product_brand","embeddable":true,"href":"https:\/\/vitablanca.ma\/ar\/wp-json\/wp\/v2\/product_brand?post=27892"},{"taxonomy":"product_cat","embeddable":true,"href":"https:\/\/vitablanca.ma\/ar\/wp-json\/wp\/v2\/product_cat?post=27892"},{"taxonomy":"product_tag","embeddable":true,"href":"https:\/\/vitablanca.ma\/ar\/wp-json\/wp\/v2\/product_tag?post=27892"}],"curies":[{"name":"wp","href":"https:\/\/api.w.org\/{rel}","templated":true}]}}