{"id":27891,"date":"2026-01-15T19:56:19","date_gmt":"2026-01-15T19:56:19","guid":{"rendered":"https:\/\/vitablanca.ma\/?post_type=product&#038;p=27891"},"modified":"2026-01-23T16:43:22","modified_gmt":"2026-01-23T16:43:22","slug":"elseve-hyaluron-pure-shampooing-purifiant-72h-400ml","status":"publish","type":"product","link":"https:\/\/vitablanca.ma\/ar\/product-2\/elseve-hyaluron-pure-shampooing-purifiant-72h-400ml\/","title":{"rendered":"Elseve Hyaluron Pure Shampooing Purifiant 72H 400ml"},"content":{"rendered":"<div class=\"oap-collapsible__content\">\n<div class=\"rich-text\">\n<div class=\"component-content\">\n<div class=\"field-text\">\n<p>Racines grasses et longueurs d\u00e9shydrat\u00e9es ? Le Shampooing Purifiant 72H avec sa formule sans silicone enrichie en Acides Salicylique et Hyaluronique purifie les cheveux des racines jusqu\u2019aux pointes. reconnu pour ses propri\u00e9t\u00e9s purifiantes, l\u2019Acide Salicylique aide \u00e0 \u00e9liminer les impuret\u00e9s et le s\u00e9bum tandis que l\u2019Acide Hyaluronique, star de l\u2019hydratation, peut retenir jusqu\u2019\u00e0 1000 fois son poids en eau.<br \/>\nCombin\u00e9s dans une formule innovante, ils offrent l\u2019\u00e9quilibre parfait pour purifier les racines sans agresser et r\u00e9hydrater les longueurs sans les alourdir : des racines fra\u00eeches pendant 72H et des longueurs hydrat\u00e9es*.<br \/>\nNotre engagement ne s\u2019arr\u00eate pas \u00e0 la beaut\u00e9 de vos cheveux : tous nos flacons de shampooings et d\u00e9m\u00ealants Elseve sont fabriqu\u00e9s \u00e0 100% \u00e0 partir de plastique recycl\u00e9**, sont recyclables et sont toujours<br \/>\nfabriqu\u00e9 en France.<\/p>\n<\/div>\n<\/div>\n<\/div>\n<\/div>","protected":false},"excerpt":{"rendered":"<p>Racines grasses et longueurs d\u00e9shydrat\u00e9es ? Le Shampooing Purifiant 72H avec sa formule sans silicone enrichie en Acides Salicylique et Hyaluronique purifie les cheveux des racines jusqu\u2019aux pointes. reconnu pour ses propri\u00e9t\u00e9s purifiantes, l\u2019Acide Salicylique aide \u00e0 \u00e9liminer les impuret\u00e9s et le s\u00e9bum tandis que l\u2019Acide Hyaluronique, star de l\u2019hydratation, peut retenir jusqu\u2019\u00e0 1000 fois [&hellip;]<\/p>\n","protected":false},"featured_media":27958,"template":"","meta":[],"product_brand":[5741],"product_cat":[18],"product_tag":[6155,6138,6152,6119,6153,5884,5921,6040,6154,6151,6034],"class_list":{"0":"post-27891","1":"product","2":"type-product","3":"status-publish","4":"has-post-thumbnail","6":"product_brand-loreal-paris-maroc-prix","7":"product_cat-beaute-sante","8":"product_tag-400-ml","9":"product_tag-72h","10":"product_tag-cheveux-frais","11":"product_tag-cheveux-hydrates","12":"product_tag-cuir-chevelu-equilibre","13":"product_tag-elseve","14":"product_tag-hyaluron-pure","15":"product_tag-loreal-elseve","16":"product_tag-shampooing-doux","17":"product_tag-shampooing-purifiant","18":"product_tag-soin-cheveux","20":"first","21":"instock","22":"taxable","23":"shipping-taxable","24":"purchasable","25":"product-type-simple"},"yoast_head":"<!-- This site is optimized with the Yoast SEO plugin v27.6 - https:\/\/yoast.com\/product\/yoast-seo-wordpress\/ -->\n<title>Elseve Hyaluron Pure Shampooing Purifiant 400\u202fml - Maroc Prix<\/title>\n<meta name=\"description\" content=\"Elseve Hyaluron Pure Shampooing Purifiant 72H 400\u202fml purifie, hydrate et r\u00e9gule l\u2019exc\u00e8s de s\u00e9bum pour des cheveux frais, l\u00e9gers et faciles\" \/>\n<meta name=\"robots\" content=\"index, follow, max-snippet:-1, max-image-preview:large, max-video-preview:-1\" \/>\n<link rel=\"canonical\" href=\"https:\/\/vitablanca.ma\/ar\/product-2\/elseve-hyaluron-pure-shampooing-purifiant-72h-400ml\/\" \/>\n<meta property=\"og:locale\" content=\"ar_AR\" \/>\n<meta property=\"og:type\" content=\"article\" \/>\n<meta property=\"og:title\" content=\"Elseve Hyaluron Pure Shampooing Purifiant 400\u202fml - Maroc Prix\" \/>\n<meta property=\"og:description\" content=\"Elseve Hyaluron Pure Shampooing Purifiant 72H 400\u202fml purifie, hydrate et r\u00e9gule l\u2019exc\u00e8s de s\u00e9bum pour des cheveux frais, l\u00e9gers et faciles\" \/>\n<meta property=\"og:url\" content=\"https:\/\/vitablanca.ma\/ar\/product-2\/elseve-hyaluron-pure-shampooing-purifiant-72h-400ml\/\" \/>\n<meta property=\"og:site_name\" content=\"Vitablanca.ma &ndash; Sant&eacute;, vitalit&eacute; et bien-&ecirc;tre pour tous les Marocains\" \/>\n<meta property=\"article:publisher\" content=\"https:\/\/www.facebook.com\/profile.php?id=61576678196717\" \/>\n<meta property=\"article:modified_time\" content=\"2026-01-23T16:43:22+00:00\" \/>\n<meta property=\"og:image\" content=\"https:\/\/vitablanca.ma\/wp-content\/uploads\/2026\/01\/3610340671005_1_2-3.jpg\" \/>\n\t<meta property=\"og:image:width\" content=\"700\" \/>\n\t<meta property=\"og:image:height\" content=\"700\" \/>\n\t<meta property=\"og:image:type\" content=\"image\/jpeg\" \/>\n<meta name=\"twitter:card\" content=\"summary_large_image\" \/>\n<meta name=\"twitter:label1\" content=\"\u0648\u0642\u062a \u0627\u0644\u0642\u0631\u0627\u0621\u0629 \u0627\u0644\u0645\u064f\u0642\u062f\u0651\u0631\" \/>\n\t<meta name=\"twitter:data1\" content=\"\u062f\u0642\u064a\u0642\u0629 \u0648\u0627\u062d\u062f\u0629\" \/>\n<script type=\"application\/ld+json\" class=\"yoast-schema-graph\">{\"@context\":\"https:\\\/\\\/schema.org\",\"@graph\":[{\"@type\":[\"WebPage\",\"ItemPage\"],\"@id\":\"https:\\\/\\\/vitablanca.ma\\\/produit\\\/elseve-hyaluron-pure-shampooing-purifiant-72h-400ml\\\/\",\"url\":\"https:\\\/\\\/vitablanca.ma\\\/produit\\\/elseve-hyaluron-pure-shampooing-purifiant-72h-400ml\\\/\",\"name\":\"Elseve Hyaluron Pure Shampooing Purifiant 400\u202fml - Maroc Prix\",\"isPartOf\":{\"@id\":\"https:\\\/\\\/vitablanca.ma\\\/#website\"},\"primaryImageOfPage\":{\"@id\":\"https:\\\/\\\/vitablanca.ma\\\/produit\\\/elseve-hyaluron-pure-shampooing-purifiant-72h-400ml\\\/#primaryimage\"},\"image\":{\"@id\":\"https:\\\/\\\/vitablanca.ma\\\/produit\\\/elseve-hyaluron-pure-shampooing-purifiant-72h-400ml\\\/#primaryimage\"},\"thumbnailUrl\":\"https:\\\/\\\/vitablanca.ma\\\/wp-content\\\/uploads\\\/2026\\\/01\\\/3610340671005_1_2-3.jpg\",\"datePublished\":\"2026-01-15T19:56:19+00:00\",\"dateModified\":\"2026-01-23T16:43:22+00:00\",\"description\":\"Elseve Hyaluron Pure Shampooing Purifiant 72H 400\u202fml purifie, hydrate et r\u00e9gule l\u2019exc\u00e8s de s\u00e9bum pour des cheveux frais, l\u00e9gers et faciles\",\"breadcrumb\":{\"@id\":\"https:\\\/\\\/vitablanca.ma\\\/produit\\\/elseve-hyaluron-pure-shampooing-purifiant-72h-400ml\\\/#breadcrumb\"},\"inLanguage\":\"ar\",\"potentialAction\":[{\"@type\":\"ReadAction\",\"target\":[\"https:\\\/\\\/vitablanca.ma\\\/produit\\\/elseve-hyaluron-pure-shampooing-purifiant-72h-400ml\\\/\"]}]},{\"@type\":\"ImageObject\",\"inLanguage\":\"ar\",\"@id\":\"https:\\\/\\\/vitablanca.ma\\\/produit\\\/elseve-hyaluron-pure-shampooing-purifiant-72h-400ml\\\/#primaryimage\",\"url\":\"https:\\\/\\\/vitablanca.ma\\\/wp-content\\\/uploads\\\/2026\\\/01\\\/3610340671005_1_2-3.jpg\",\"contentUrl\":\"https:\\\/\\\/vitablanca.ma\\\/wp-content\\\/uploads\\\/2026\\\/01\\\/3610340671005_1_2-3.jpg\",\"width\":700,\"height\":700},{\"@type\":\"BreadcrumbList\",\"@id\":\"https:\\\/\\\/vitablanca.ma\\\/produit\\\/elseve-hyaluron-pure-shampooing-purifiant-72h-400ml\\\/#breadcrumb\",\"itemListElement\":[{\"@type\":\"ListItem\",\"position\":1,\"name\":\"Home\",\"item\":\"https:\\\/\\\/vitablanca.ma\\\/\"},{\"@type\":\"ListItem\",\"position\":2,\"name\":\"Tous Les Produits\",\"item\":\"https:\\\/\\\/vitablanca.ma\\\/tous-les-produits\\\/\"},{\"@type\":\"ListItem\",\"position\":3,\"name\":\"Elseve Hyaluron Pure Shampooing Purifiant 72H 400ml\"}]},{\"@type\":\"WebSite\",\"@id\":\"https:\\\/\\\/vitablanca.ma\\\/#website\",\"url\":\"https:\\\/\\\/vitablanca.ma\\\/\",\"name\":\"VitaBlanca.ma | Compl\u00e9ments alimentaires, sant\u00e9 & beaut\u00e9 au Maroc\",\"description\":\"vendre vitamines et compl\u00e9ments premium des USA &amp; Canada, Nouvelle Z\u00e9lande,Maroc (NOW Foods, Solgar, Manuka). Livraison rapide partout au Maroc.\",\"publisher\":{\"@id\":\"https:\\\/\\\/vitablanca.ma\\\/#organization\"},\"alternateName\":\"VitaBlanca.ma\",\"potentialAction\":[{\"@type\":\"SearchAction\",\"target\":{\"@type\":\"EntryPoint\",\"urlTemplate\":\"https:\\\/\\\/vitablanca.ma\\\/?s={search_term_string}\"},\"query-input\":{\"@type\":\"PropertyValueSpecification\",\"valueRequired\":true,\"valueName\":\"search_term_string\"}}],\"inLanguage\":\"ar\"},{\"@type\":\"Organization\",\"@id\":\"https:\\\/\\\/vitablanca.ma\\\/#organization\",\"name\":\"VitaBlanca\",\"url\":\"https:\\\/\\\/vitablanca.ma\\\/\",\"logo\":{\"@type\":\"ImageObject\",\"inLanguage\":\"ar\",\"@id\":\"https:\\\/\\\/vitablanca.ma\\\/#\\\/schema\\\/logo\\\/image\\\/\",\"url\":\"https:\\\/\\\/vitablanca.ma\\\/wp-content\\\/uploads\\\/2025\\\/05\\\/cropped-vitablanca.png\",\"contentUrl\":\"https:\\\/\\\/vitablanca.ma\\\/wp-content\\\/uploads\\\/2025\\\/05\\\/cropped-vitablanca.png\",\"width\":360,\"height\":67,\"caption\":\"VitaBlanca\"},\"image\":{\"@id\":\"https:\\\/\\\/vitablanca.ma\\\/#\\\/schema\\\/logo\\\/image\\\/\"},\"sameAs\":[\"https:\\\/\\\/www.facebook.com\\\/profile.php?id=61576678196717\",\"https:\\\/\\\/www.tiktok.com\\\/@vitablanca.ma\",\"https:\\\/\\\/www.instagram.com\\\/vitablanca.ma\\\/\"]}]}<\/script>\n<!-- \/ Yoast SEO plugin. -->","yoast_head_json":{"title":"Elseve Hyaluron Pure Shampooing Purifiant 400\u202fml - Maroc Prix","description":"Elseve Hyaluron Pure Shampooing Purifiant 72H 400\u202fml purifie, hydrate et r\u00e9gule l\u2019exc\u00e8s de s\u00e9bum pour des cheveux frais, l\u00e9gers et faciles","robots":{"index":"index","follow":"follow","max-snippet":"max-snippet:-1","max-image-preview":"max-image-preview:large","max-video-preview":"max-video-preview:-1"},"canonical":"https:\/\/vitablanca.ma\/ar\/product-2\/elseve-hyaluron-pure-shampooing-purifiant-72h-400ml\/","og_locale":"ar_AR","og_type":"article","og_title":"Elseve Hyaluron Pure Shampooing Purifiant 400\u202fml - Maroc Prix","og_description":"Elseve Hyaluron Pure Shampooing Purifiant 72H 400\u202fml purifie, hydrate et r\u00e9gule l\u2019exc\u00e8s de s\u00e9bum pour des cheveux frais, l\u00e9gers et faciles","og_url":"https:\/\/vitablanca.ma\/ar\/product-2\/elseve-hyaluron-pure-shampooing-purifiant-72h-400ml\/","og_site_name":"Vitablanca.ma &ndash; Sant&eacute;, vitalit&eacute; et bien-&ecirc;tre pour tous les Marocains","article_publisher":"https:\/\/www.facebook.com\/profile.php?id=61576678196717","article_modified_time":"2026-01-23T16:43:22+00:00","og_image":[{"width":700,"height":700,"url":"https:\/\/vitablanca.ma\/wp-content\/uploads\/2026\/01\/3610340671005_1_2-3.jpg","type":"image\/jpeg"}],"twitter_card":"summary_large_image","twitter_misc":{"\u0648\u0642\u062a \u0627\u0644\u0642\u0631\u0627\u0621\u0629 \u0627\u0644\u0645\u064f\u0642\u062f\u0651\u0631":"\u062f\u0642\u064a\u0642\u0629 \u0648\u0627\u062d\u062f\u0629"},"schema":{"@context":"https:\/\/schema.org","@graph":[{"@type":["WebPage","ItemPage"],"@id":"https:\/\/vitablanca.ma\/produit\/elseve-hyaluron-pure-shampooing-purifiant-72h-400ml\/","url":"https:\/\/vitablanca.ma\/produit\/elseve-hyaluron-pure-shampooing-purifiant-72h-400ml\/","name":"Elseve Hyaluron Pure Shampooing Purifiant 400\u202fml - Maroc Prix","isPartOf":{"@id":"https:\/\/vitablanca.ma\/#website"},"primaryImageOfPage":{"@id":"https:\/\/vitablanca.ma\/produit\/elseve-hyaluron-pure-shampooing-purifiant-72h-400ml\/#primaryimage"},"image":{"@id":"https:\/\/vitablanca.ma\/produit\/elseve-hyaluron-pure-shampooing-purifiant-72h-400ml\/#primaryimage"},"thumbnailUrl":"https:\/\/vitablanca.ma\/wp-content\/uploads\/2026\/01\/3610340671005_1_2-3.jpg","datePublished":"2026-01-15T19:56:19+00:00","dateModified":"2026-01-23T16:43:22+00:00","description":"Elseve Hyaluron Pure Shampooing Purifiant 72H 400\u202fml purifie, hydrate et r\u00e9gule l\u2019exc\u00e8s de s\u00e9bum pour des cheveux frais, l\u00e9gers et faciles","breadcrumb":{"@id":"https:\/\/vitablanca.ma\/produit\/elseve-hyaluron-pure-shampooing-purifiant-72h-400ml\/#breadcrumb"},"inLanguage":"ar","potentialAction":[{"@type":"ReadAction","target":["https:\/\/vitablanca.ma\/produit\/elseve-hyaluron-pure-shampooing-purifiant-72h-400ml\/"]}]},{"@type":"ImageObject","inLanguage":"ar","@id":"https:\/\/vitablanca.ma\/produit\/elseve-hyaluron-pure-shampooing-purifiant-72h-400ml\/#primaryimage","url":"https:\/\/vitablanca.ma\/wp-content\/uploads\/2026\/01\/3610340671005_1_2-3.jpg","contentUrl":"https:\/\/vitablanca.ma\/wp-content\/uploads\/2026\/01\/3610340671005_1_2-3.jpg","width":700,"height":700},{"@type":"BreadcrumbList","@id":"https:\/\/vitablanca.ma\/produit\/elseve-hyaluron-pure-shampooing-purifiant-72h-400ml\/#breadcrumb","itemListElement":[{"@type":"ListItem","position":1,"name":"Home","item":"https:\/\/vitablanca.ma\/"},{"@type":"ListItem","position":2,"name":"Tous Les Produits","item":"https:\/\/vitablanca.ma\/tous-les-produits\/"},{"@type":"ListItem","position":3,"name":"Elseve Hyaluron Pure Shampooing Purifiant 72H 400ml"}]},{"@type":"WebSite","@id":"https:\/\/vitablanca.ma\/#website","url":"https:\/\/vitablanca.ma\/","name":"VitaBlanca.ma | \u0627\u0644\u0645\u0643\u0645\u0644\u0627\u062a \u0627\u0644\u063a\u0630\u0627\u0626\u064a\u0629\u060c \u0627\u0644\u0635\u062d\u0629 \u0648\u0627\u0644\u062c\u0645\u0627\u0644 \u0641\u064a \u0627\u0644\u0645\u063a\u0631\u0628","description":"\u0646\u0628\u064a\u0639 \u0641\u064a\u062a\u0627\u0645\u064a\u0646\u0627\u062a \u0648\u0645\u0643\u0645\u0644\u0627\u062a \u063a\u0630\u0627\u0626\u064a\u0629 \u0641\u0627\u062e\u0631\u0629 \u0645\u0646 \u0627\u0644\u0648\u0644\u0627\u064a\u0627\u062a \u0627\u0644\u0645\u062a\u062d\u062f\u0629 \u0627\u0644\u0623\u0645\u0631\u064a\u0643\u064a\u0629 \u0648\u0643\u0646\u062f\u0627 \u0648\u0646\u064a\u0648\u0632\u064a\u0644\u0646\u062f\u0627 \u0648\u0627\u0644\u0645\u063a\u0631\u0628 (\u0646\u0627\u0648 \u0641\u0648\u062f\u0632\u060c \u0633\u0648\u0644\u062c\u0627\u0631\u060c \u0645\u0627\u0646\u0648\u0643\u0627). \u062a\u0648\u0635\u064a\u0644 \u0633\u0631\u064a\u0639 \u0625\u0644\u0649 \u062c\u0645\u064a\u0639 \u0623\u0646\u062d\u0627\u0621 \u0627\u0644\u0645\u063a\u0631\u0628.","publisher":{"@id":"https:\/\/vitablanca.ma\/#organization"},"alternateName":"VitaBlanca.ma","potentialAction":[{"@type":"SearchAction","target":{"@type":"EntryPoint","urlTemplate":"https:\/\/vitablanca.ma\/?s={search_term_string}"},"query-input":{"@type":"PropertyValueSpecification","valueRequired":true,"valueName":"search_term_string"}}],"inLanguage":"ar"},{"@type":"Organization","@id":"https:\/\/vitablanca.ma\/#organization","name":"\u0641\u064a\u062a\u0627\u0628\u0644\u0627\u0646\u0643\u0627","url":"https:\/\/vitablanca.ma\/","logo":{"@type":"ImageObject","inLanguage":"ar","@id":"https:\/\/vitablanca.ma\/#\/schema\/logo\/image\/","url":"https:\/\/vitablanca.ma\/wp-content\/uploads\/2025\/05\/cropped-vitablanca.png","contentUrl":"https:\/\/vitablanca.ma\/wp-content\/uploads\/2025\/05\/cropped-vitablanca.png","width":360,"height":67,"caption":"VitaBlanca"},"image":{"@id":"https:\/\/vitablanca.ma\/#\/schema\/logo\/image\/"},"sameAs":["https:\/\/www.facebook.com\/profile.php?id=61576678196717","https:\/\/www.tiktok.com\/@vitablanca.ma","https:\/\/www.instagram.com\/vitablanca.ma\/"]}]}},"jetpack_sharing_enabled":true,"_links":{"self":[{"href":"https:\/\/vitablanca.ma\/ar\/wp-json\/wp\/v2\/product\/27891","targetHints":{"allow":["GET"]}}],"collection":[{"href":"https:\/\/vitablanca.ma\/ar\/wp-json\/wp\/v2\/product"}],"about":[{"href":"https:\/\/vitablanca.ma\/ar\/wp-json\/wp\/v2\/types\/product"}],"wp:featuredmedia":[{"embeddable":true,"href":"https:\/\/vitablanca.ma\/ar\/wp-json\/wp\/v2\/media\/27958"}],"wp:attachment":[{"href":"https:\/\/vitablanca.ma\/ar\/wp-json\/wp\/v2\/media?parent=27891"}],"wp:term":[{"taxonomy":"product_brand","embeddable":true,"href":"https:\/\/vitablanca.ma\/ar\/wp-json\/wp\/v2\/product_brand?post=27891"},{"taxonomy":"product_cat","embeddable":true,"href":"https:\/\/vitablanca.ma\/ar\/wp-json\/wp\/v2\/product_cat?post=27891"},{"taxonomy":"product_tag","embeddable":true,"href":"https:\/\/vitablanca.ma\/ar\/wp-json\/wp\/v2\/product_tag?post=27891"}],"curies":[{"name":"wp","href":"https:\/\/api.w.org\/{rel}","templated":true}]}}