{"id":27889,"date":"2026-01-15T19:56:19","date_gmt":"2026-01-15T19:56:19","guid":{"rendered":"https:\/\/vitablanca.ma\/?post_type=product&#038;p=27889"},"modified":"2026-03-19T12:55:16","modified_gmt":"2026-03-19T12:55:16","slug":"elseve-hyaluron-pure-demelant-rehydratant-72h-200ml","status":"publish","type":"product","link":"https:\/\/vitablanca.ma\/ar\/product-2\/elseve-hyaluron-pure-demelant-rehydratant-72h-200ml\/","title":{"rendered":"Elseve hyaluron pure d\u00e9m\u00ealant r\u00e9hydratant 72h 200ml"},"content":{"rendered":"<div class=\"oap-collapsible__content\">\n<div class=\"rich-text\">\n<div class=\"component-content\">\n<div class=\"field-text\">\n<p>L\u2019Or\u00e9al Paris Elseve Hyaluron Pure D\u00e9m\u00ealant purifiant d\u00e9m\u00eale et restaure l\u2019hydratation des longueurs pour des cheveux hydrat\u00e9s et a\u00e9r\u00e9s, sans les alourdir*. Ce d\u00e9m\u00ealant a \u00e9t\u00e9 sp\u00e9cialement con\u00e7u pour les racines grasses et les longueurs s\u00e8ches. Cette formule unique offre une hydratation profonde sans alourdir les cheveux, gr\u00e2ce \u00e0 l\u2019utilisation d\u2019acide salicylique et d\u2019acide hyaluronique. Cette formule unique offre une hydratation l\u00e9g\u00e8re et durable sans effet gras gr\u00e2ce \u00e0 l\u2019utilisation d\u2019acide salicylique et d\u2019acide hyaluronique. Donnez \u00e0 vos cheveux le soin qu\u2019ils m\u00e9ritent ! Aux propri\u00e9t\u00e9s purifiantes, l\u2019acide salicylique aide \u00e0 \u00e9liminer la salet\u00e9 et le s\u00e9bum. L\u2019acide hyaluronique est une mol\u00e9cule naturellement pr\u00e9sente dans l\u2019organisme qui peut contenir jusqu\u2019\u00e0 1 000 fois son poids en eau. Il redonne du volume et de l\u2019\u00e9clat \u00e0 vos cheveux sans les alourdir. Compl\u00e9tez votre routine avec le shampooing purifiant Elseve Hyaluron pour \u00e9liminer le s\u00e9bum et les impuret\u00e9s sans dess\u00e9cher et hydrater, pour une sensation de cuir chevelu frais et jusqu\u2019\u00e0 72 heures de longueurs hydrat\u00e9es* sans alourdissement. Le d\u00e9m\u00ealant purifiant Elseve Hyaluron Pure convient \u00e0 tous les types de cheveux et ne contient ni silicones ni parab\u00e8nes. Apr\u00e8s avoir utilis\u00e9 le shampooing purifiant Hyaluron Pure, appliquez sur les cheveux mouill\u00e9s, en insistant sur les longueurs et les pointes. Laisser agir pendant une minute, puis rincer.<\/p>\n<\/div>\n<\/div>\n<\/div>\n<\/div>","protected":false},"excerpt":{"rendered":"<p>L\u2019Or\u00e9al Paris Elseve Hyaluron Pure D\u00e9m\u00ealant purifiant d\u00e9m\u00eale et restaure l\u2019hydratation des longueurs pour des cheveux hydrat\u00e9s et a\u00e9r\u00e9s, sans les alourdir*. Ce d\u00e9m\u00ealant a \u00e9t\u00e9 sp\u00e9cialement con\u00e7u pour les racines grasses et les longueurs s\u00e8ches. Cette formule unique offre une hydratation profonde sans alourdir les cheveux, gr\u00e2ce \u00e0 l\u2019utilisation d\u2019acide salicylique et d\u2019acide hyaluronique. [&hellip;]<\/p>\n","protected":false},"featured_media":27956,"template":"","meta":{"om_disable_all_campaigns":false},"product_brand":[5741],"product_cat":[18],"product_tag":[6138,6119,6054,6099,6139,6137,5884,5921,6040,6034],"class_list":{"0":"post-27889","1":"product","2":"type-product","3":"status-publish","4":"has-post-thumbnail","6":"product_brand-loreal-paris-maroc-prix","7":"product_cat-beaute-sante","8":"product_tag-72h","9":"product_tag-cheveux-hydrates","10":"product_tag-cheveux-secs","11":"product_tag-cheveux-souples","12":"product_tag-demelant-longue-duree","13":"product_tag-demelant-rehydratant","14":"product_tag-elseve","15":"product_tag-hyaluron-pure","16":"product_tag-loreal-elseve","17":"product_tag-soin-cheveux","19":"first","20":"outofstock","21":"taxable","22":"shipping-taxable","23":"purchasable","24":"product-type-simple"},"yoast_head":"<!-- This site is optimized with the Yoast SEO plugin v27.5 - https:\/\/yoast.com\/product\/yoast-seo-wordpress\/ -->\n<title>Elseve Hyaluron Pure D\u00e9m\u00ealant R\u00e9hydratant 200\u202fml - Maroc Prix<\/title>\n<meta name=\"description\" content=\"Elseve Hyaluron Pure D\u00e9m\u00ealant R\u00e9hydratant 72H 200\u202fml d\u00e9m\u00eale, hydrate et nourrit les cheveux secs et fragiles. Cheveux doux,\" \/>\n<meta name=\"robots\" content=\"index, follow, max-snippet:-1, max-image-preview:large, max-video-preview:-1\" \/>\n<link rel=\"canonical\" href=\"https:\/\/vitablanca.ma\/ar\/product-2\/elseve-hyaluron-pure-demelant-rehydratant-72h-200ml\/\" \/>\n<meta property=\"og:locale\" content=\"ar_AR\" \/>\n<meta property=\"og:type\" content=\"article\" \/>\n<meta property=\"og:title\" content=\"Elseve Hyaluron Pure D\u00e9m\u00ealant R\u00e9hydratant 200\u202fml - Maroc Prix\" \/>\n<meta property=\"og:description\" content=\"Elseve Hyaluron Pure D\u00e9m\u00ealant R\u00e9hydratant 72H 200\u202fml d\u00e9m\u00eale, hydrate et nourrit les cheveux secs et fragiles. Cheveux doux,\" \/>\n<meta property=\"og:url\" content=\"https:\/\/vitablanca.ma\/ar\/product-2\/elseve-hyaluron-pure-demelant-rehydratant-72h-200ml\/\" \/>\n<meta property=\"og:site_name\" content=\"Vitablanca.ma &ndash; Sant&eacute;, vitalit&eacute; et bien-&ecirc;tre pour tous les Marocains\" \/>\n<meta property=\"article:publisher\" content=\"https:\/\/www.facebook.com\/profile.php?id=61576678196717\" \/>\n<meta property=\"article:modified_time\" content=\"2026-03-19T12:55:16+00:00\" \/>\n<meta property=\"og:image\" content=\"https:\/\/vitablanca.ma\/wp-content\/uploads\/2026\/01\/3610340670961_1_cef74d20-f5e2-4a0d-b6b8-243d192001db-1.jpg\" \/>\n\t<meta property=\"og:image:width\" content=\"700\" \/>\n\t<meta property=\"og:image:height\" content=\"700\" \/>\n\t<meta property=\"og:image:type\" content=\"image\/jpeg\" \/>\n<meta name=\"twitter:card\" content=\"summary_large_image\" \/>\n<meta name=\"twitter:label1\" content=\"\u0648\u0642\u062a \u0627\u0644\u0642\u0631\u0627\u0621\u0629 \u0627\u0644\u0645\u064f\u0642\u062f\u0651\u0631\" \/>\n\t<meta name=\"twitter:data1\" content=\"\u062f\u0642\u064a\u0642\u062a\u0627\u0646\" \/>\n<script type=\"application\/ld+json\" class=\"yoast-schema-graph\">{\"@context\":\"https:\\\/\\\/schema.org\",\"@graph\":[{\"@type\":[\"WebPage\",\"ItemPage\"],\"@id\":\"https:\\\/\\\/vitablanca.ma\\\/produit\\\/elseve-hyaluron-pure-demelant-rehydratant-72h-200ml\\\/\",\"url\":\"https:\\\/\\\/vitablanca.ma\\\/produit\\\/elseve-hyaluron-pure-demelant-rehydratant-72h-200ml\\\/\",\"name\":\"Elseve Hyaluron Pure D\u00e9m\u00ealant R\u00e9hydratant 200\u202fml - Maroc Prix\",\"isPartOf\":{\"@id\":\"https:\\\/\\\/vitablanca.ma\\\/#website\"},\"primaryImageOfPage\":{\"@id\":\"https:\\\/\\\/vitablanca.ma\\\/produit\\\/elseve-hyaluron-pure-demelant-rehydratant-72h-200ml\\\/#primaryimage\"},\"image\":{\"@id\":\"https:\\\/\\\/vitablanca.ma\\\/produit\\\/elseve-hyaluron-pure-demelant-rehydratant-72h-200ml\\\/#primaryimage\"},\"thumbnailUrl\":\"https:\\\/\\\/vitablanca.ma\\\/wp-content\\\/uploads\\\/2026\\\/01\\\/3610340670961_1_cef74d20-f5e2-4a0d-b6b8-243d192001db-1.jpg\",\"datePublished\":\"2026-01-15T19:56:19+00:00\",\"dateModified\":\"2026-03-19T12:55:16+00:00\",\"description\":\"Elseve Hyaluron Pure D\u00e9m\u00ealant R\u00e9hydratant 72H 200\u202fml d\u00e9m\u00eale, hydrate et nourrit les cheveux secs et fragiles. Cheveux doux,\",\"breadcrumb\":{\"@id\":\"https:\\\/\\\/vitablanca.ma\\\/produit\\\/elseve-hyaluron-pure-demelant-rehydratant-72h-200ml\\\/#breadcrumb\"},\"inLanguage\":\"ar\",\"potentialAction\":[{\"@type\":\"ReadAction\",\"target\":[\"https:\\\/\\\/vitablanca.ma\\\/produit\\\/elseve-hyaluron-pure-demelant-rehydratant-72h-200ml\\\/\"]}]},{\"@type\":\"ImageObject\",\"inLanguage\":\"ar\",\"@id\":\"https:\\\/\\\/vitablanca.ma\\\/produit\\\/elseve-hyaluron-pure-demelant-rehydratant-72h-200ml\\\/#primaryimage\",\"url\":\"https:\\\/\\\/vitablanca.ma\\\/wp-content\\\/uploads\\\/2026\\\/01\\\/3610340670961_1_cef74d20-f5e2-4a0d-b6b8-243d192001db-1.jpg\",\"contentUrl\":\"https:\\\/\\\/vitablanca.ma\\\/wp-content\\\/uploads\\\/2026\\\/01\\\/3610340670961_1_cef74d20-f5e2-4a0d-b6b8-243d192001db-1.jpg\",\"width\":700,\"height\":700},{\"@type\":\"BreadcrumbList\",\"@id\":\"https:\\\/\\\/vitablanca.ma\\\/produit\\\/elseve-hyaluron-pure-demelant-rehydratant-72h-200ml\\\/#breadcrumb\",\"itemListElement\":[{\"@type\":\"ListItem\",\"position\":1,\"name\":\"Home\",\"item\":\"https:\\\/\\\/vitablanca.ma\\\/\"},{\"@type\":\"ListItem\",\"position\":2,\"name\":\"Tous Les Produits\",\"item\":\"https:\\\/\\\/vitablanca.ma\\\/tous-les-produits\\\/\"},{\"@type\":\"ListItem\",\"position\":3,\"name\":\"Elseve hyaluron pure d\u00e9m\u00ealant r\u00e9hydratant 72h 200ml\"}]},{\"@type\":\"WebSite\",\"@id\":\"https:\\\/\\\/vitablanca.ma\\\/#website\",\"url\":\"https:\\\/\\\/vitablanca.ma\\\/\",\"name\":\"VitaBlanca.ma | Compl\u00e9ments alimentaires, sant\u00e9 & beaut\u00e9 au Maroc\",\"description\":\"vendre vitamines et compl\u00e9ments premium des USA &amp; Canada, Nouvelle Z\u00e9lande,Maroc (NOW Foods, Solgar, Manuka). Livraison rapide partout au Maroc.\",\"publisher\":{\"@id\":\"https:\\\/\\\/vitablanca.ma\\\/#organization\"},\"alternateName\":\"VitaBlanca.ma\",\"potentialAction\":[{\"@type\":\"SearchAction\",\"target\":{\"@type\":\"EntryPoint\",\"urlTemplate\":\"https:\\\/\\\/vitablanca.ma\\\/?s={search_term_string}\"},\"query-input\":{\"@type\":\"PropertyValueSpecification\",\"valueRequired\":true,\"valueName\":\"search_term_string\"}}],\"inLanguage\":\"ar\"},{\"@type\":\"Organization\",\"@id\":\"https:\\\/\\\/vitablanca.ma\\\/#organization\",\"name\":\"VitaBlanca\",\"url\":\"https:\\\/\\\/vitablanca.ma\\\/\",\"logo\":{\"@type\":\"ImageObject\",\"inLanguage\":\"ar\",\"@id\":\"https:\\\/\\\/vitablanca.ma\\\/#\\\/schema\\\/logo\\\/image\\\/\",\"url\":\"https:\\\/\\\/vitablanca.ma\\\/wp-content\\\/uploads\\\/2025\\\/05\\\/cropped-vitablanca.png\",\"contentUrl\":\"https:\\\/\\\/vitablanca.ma\\\/wp-content\\\/uploads\\\/2025\\\/05\\\/cropped-vitablanca.png\",\"width\":360,\"height\":67,\"caption\":\"VitaBlanca\"},\"image\":{\"@id\":\"https:\\\/\\\/vitablanca.ma\\\/#\\\/schema\\\/logo\\\/image\\\/\"},\"sameAs\":[\"https:\\\/\\\/www.facebook.com\\\/profile.php?id=61576678196717\",\"https:\\\/\\\/www.tiktok.com\\\/@vitablanca.ma\",\"https:\\\/\\\/www.instagram.com\\\/vitablanca.ma\\\/\"]}]}<\/script>\n<!-- \/ Yoast SEO plugin. -->","yoast_head_json":{"title":"Elseve Hyaluron Pure D\u00e9m\u00ealant R\u00e9hydratant 200\u202fml - Maroc Prix","description":"Elseve Hyaluron Pure D\u00e9m\u00ealant R\u00e9hydratant 72H 200\u202fml d\u00e9m\u00eale, hydrate et nourrit les cheveux secs et fragiles. Cheveux doux,","robots":{"index":"index","follow":"follow","max-snippet":"max-snippet:-1","max-image-preview":"max-image-preview:large","max-video-preview":"max-video-preview:-1"},"canonical":"https:\/\/vitablanca.ma\/ar\/product-2\/elseve-hyaluron-pure-demelant-rehydratant-72h-200ml\/","og_locale":"ar_AR","og_type":"article","og_title":"Elseve Hyaluron Pure D\u00e9m\u00ealant R\u00e9hydratant 200\u202fml - Maroc Prix","og_description":"Elseve Hyaluron Pure D\u00e9m\u00ealant R\u00e9hydratant 72H 200\u202fml d\u00e9m\u00eale, hydrate et nourrit les cheveux secs et fragiles. Cheveux doux,","og_url":"https:\/\/vitablanca.ma\/ar\/product-2\/elseve-hyaluron-pure-demelant-rehydratant-72h-200ml\/","og_site_name":"Vitablanca.ma &ndash; Sant&eacute;, vitalit&eacute; et bien-&ecirc;tre pour tous les Marocains","article_publisher":"https:\/\/www.facebook.com\/profile.php?id=61576678196717","article_modified_time":"2026-03-19T12:55:16+00:00","og_image":[{"width":700,"height":700,"url":"https:\/\/vitablanca.ma\/wp-content\/uploads\/2026\/01\/3610340670961_1_cef74d20-f5e2-4a0d-b6b8-243d192001db-1.jpg","type":"image\/jpeg"}],"twitter_card":"summary_large_image","twitter_misc":{"\u0648\u0642\u062a \u0627\u0644\u0642\u0631\u0627\u0621\u0629 \u0627\u0644\u0645\u064f\u0642\u062f\u0651\u0631":"\u062f\u0642\u064a\u0642\u062a\u0627\u0646"},"schema":{"@context":"https:\/\/schema.org","@graph":[{"@type":["WebPage","ItemPage"],"@id":"https:\/\/vitablanca.ma\/produit\/elseve-hyaluron-pure-demelant-rehydratant-72h-200ml\/","url":"https:\/\/vitablanca.ma\/produit\/elseve-hyaluron-pure-demelant-rehydratant-72h-200ml\/","name":"Elseve Hyaluron Pure D\u00e9m\u00ealant R\u00e9hydratant 200\u202fml - Maroc Prix","isPartOf":{"@id":"https:\/\/vitablanca.ma\/#website"},"primaryImageOfPage":{"@id":"https:\/\/vitablanca.ma\/produit\/elseve-hyaluron-pure-demelant-rehydratant-72h-200ml\/#primaryimage"},"image":{"@id":"https:\/\/vitablanca.ma\/produit\/elseve-hyaluron-pure-demelant-rehydratant-72h-200ml\/#primaryimage"},"thumbnailUrl":"https:\/\/vitablanca.ma\/wp-content\/uploads\/2026\/01\/3610340670961_1_cef74d20-f5e2-4a0d-b6b8-243d192001db-1.jpg","datePublished":"2026-01-15T19:56:19+00:00","dateModified":"2026-03-19T12:55:16+00:00","description":"Elseve Hyaluron Pure D\u00e9m\u00ealant R\u00e9hydratant 72H 200\u202fml d\u00e9m\u00eale, hydrate et nourrit les cheveux secs et fragiles. Cheveux doux,","breadcrumb":{"@id":"https:\/\/vitablanca.ma\/produit\/elseve-hyaluron-pure-demelant-rehydratant-72h-200ml\/#breadcrumb"},"inLanguage":"ar","potentialAction":[{"@type":"ReadAction","target":["https:\/\/vitablanca.ma\/produit\/elseve-hyaluron-pure-demelant-rehydratant-72h-200ml\/"]}]},{"@type":"ImageObject","inLanguage":"ar","@id":"https:\/\/vitablanca.ma\/produit\/elseve-hyaluron-pure-demelant-rehydratant-72h-200ml\/#primaryimage","url":"https:\/\/vitablanca.ma\/wp-content\/uploads\/2026\/01\/3610340670961_1_cef74d20-f5e2-4a0d-b6b8-243d192001db-1.jpg","contentUrl":"https:\/\/vitablanca.ma\/wp-content\/uploads\/2026\/01\/3610340670961_1_cef74d20-f5e2-4a0d-b6b8-243d192001db-1.jpg","width":700,"height":700},{"@type":"BreadcrumbList","@id":"https:\/\/vitablanca.ma\/produit\/elseve-hyaluron-pure-demelant-rehydratant-72h-200ml\/#breadcrumb","itemListElement":[{"@type":"ListItem","position":1,"name":"Home","item":"https:\/\/vitablanca.ma\/"},{"@type":"ListItem","position":2,"name":"Tous Les Produits","item":"https:\/\/vitablanca.ma\/tous-les-produits\/"},{"@type":"ListItem","position":3,"name":"Elseve hyaluron pure d\u00e9m\u00ealant r\u00e9hydratant 72h 200ml"}]},{"@type":"WebSite","@id":"https:\/\/vitablanca.ma\/#website","url":"https:\/\/vitablanca.ma\/","name":"VitaBlanca.ma | \u0627\u0644\u0645\u0643\u0645\u0644\u0627\u062a \u0627\u0644\u063a\u0630\u0627\u0626\u064a\u0629\u060c \u0627\u0644\u0635\u062d\u0629 \u0648\u0627\u0644\u062c\u0645\u0627\u0644 \u0641\u064a \u0627\u0644\u0645\u063a\u0631\u0628","description":"\u0646\u0628\u064a\u0639 \u0641\u064a\u062a\u0627\u0645\u064a\u0646\u0627\u062a \u0648\u0645\u0643\u0645\u0644\u0627\u062a \u063a\u0630\u0627\u0626\u064a\u0629 \u0641\u0627\u062e\u0631\u0629 \u0645\u0646 \u0627\u0644\u0648\u0644\u0627\u064a\u0627\u062a \u0627\u0644\u0645\u062a\u062d\u062f\u0629 \u0627\u0644\u0623\u0645\u0631\u064a\u0643\u064a\u0629 \u0648\u0643\u0646\u062f\u0627 \u0648\u0646\u064a\u0648\u0632\u064a\u0644\u0646\u062f\u0627 \u0648\u0627\u0644\u0645\u063a\u0631\u0628 (\u0646\u0627\u0648 \u0641\u0648\u062f\u0632\u060c \u0633\u0648\u0644\u062c\u0627\u0631\u060c \u0645\u0627\u0646\u0648\u0643\u0627). \u062a\u0648\u0635\u064a\u0644 \u0633\u0631\u064a\u0639 \u0625\u0644\u0649 \u062c\u0645\u064a\u0639 \u0623\u0646\u062d\u0627\u0621 \u0627\u0644\u0645\u063a\u0631\u0628.","publisher":{"@id":"https:\/\/vitablanca.ma\/#organization"},"alternateName":"VitaBlanca.ma","potentialAction":[{"@type":"SearchAction","target":{"@type":"EntryPoint","urlTemplate":"https:\/\/vitablanca.ma\/?s={search_term_string}"},"query-input":{"@type":"PropertyValueSpecification","valueRequired":true,"valueName":"search_term_string"}}],"inLanguage":"ar"},{"@type":"Organization","@id":"https:\/\/vitablanca.ma\/#organization","name":"\u0641\u064a\u062a\u0627\u0628\u0644\u0627\u0646\u0643\u0627","url":"https:\/\/vitablanca.ma\/","logo":{"@type":"ImageObject","inLanguage":"ar","@id":"https:\/\/vitablanca.ma\/#\/schema\/logo\/image\/","url":"https:\/\/vitablanca.ma\/wp-content\/uploads\/2025\/05\/cropped-vitablanca.png","contentUrl":"https:\/\/vitablanca.ma\/wp-content\/uploads\/2025\/05\/cropped-vitablanca.png","width":360,"height":67,"caption":"VitaBlanca"},"image":{"@id":"https:\/\/vitablanca.ma\/#\/schema\/logo\/image\/"},"sameAs":["https:\/\/www.facebook.com\/profile.php?id=61576678196717","https:\/\/www.tiktok.com\/@vitablanca.ma","https:\/\/www.instagram.com\/vitablanca.ma\/"]}]}},"jetpack_sharing_enabled":true,"_links":{"self":[{"href":"https:\/\/vitablanca.ma\/ar\/wp-json\/wp\/v2\/product\/27889","targetHints":{"allow":["GET"]}}],"collection":[{"href":"https:\/\/vitablanca.ma\/ar\/wp-json\/wp\/v2\/product"}],"about":[{"href":"https:\/\/vitablanca.ma\/ar\/wp-json\/wp\/v2\/types\/product"}],"wp:featuredmedia":[{"embeddable":true,"href":"https:\/\/vitablanca.ma\/ar\/wp-json\/wp\/v2\/media\/27956"}],"wp:attachment":[{"href":"https:\/\/vitablanca.ma\/ar\/wp-json\/wp\/v2\/media?parent=27889"}],"wp:term":[{"taxonomy":"product_brand","embeddable":true,"href":"https:\/\/vitablanca.ma\/ar\/wp-json\/wp\/v2\/product_brand?post=27889"},{"taxonomy":"product_cat","embeddable":true,"href":"https:\/\/vitablanca.ma\/ar\/wp-json\/wp\/v2\/product_cat?post=27889"},{"taxonomy":"product_tag","embeddable":true,"href":"https:\/\/vitablanca.ma\/ar\/wp-json\/wp\/v2\/product_tag?post=27889"}],"curies":[{"name":"wp","href":"https:\/\/api.w.org\/{rel}","templated":true}]}}