{"id":27887,"date":"2026-01-15T19:56:19","date_gmt":"2026-01-15T19:56:19","guid":{"rendered":"https:\/\/vitablanca.ma\/?post_type=product&#038;p=27887"},"modified":"2026-01-23T15:47:51","modified_gmt":"2026-01-23T15:47:51","slug":"elseve-routine-hyaluron-repulp-serum-apsh-200ml-shp-200ml","status":"publish","type":"product","link":"https:\/\/vitablanca.ma\/ar\/product-2\/elseve-routine-hyaluron-repulp-serum-apsh-200ml-shp-200ml\/","title":{"rendered":"Elseve routine hyaluron repulp : serum + apsh 200ml + shp 200ml"},"content":{"rendered":"<p>pack qui comprend la Routine Hyaluron Repulp \u00e0 l\u2019acide Hyaluronique pour cheveux d\u00e9shydrat\u00e9s : Shampoing 200ml + Apr\u00e8s-Shampoing 200ml + S\u00e9rum Hydratant 150ml<\/p>\n<p>Le Shampoing R\u00e9-Hydratant 72H enveloppe instantan\u00e9ment la fibre pour une r\u00e9tention durable de l&rsquo;hydratation pendant 72H* R\u00e9sultats : Les cheveux sont brillants, 10x plus hydrat\u00e9s*, Ils sont repulp\u00e9s, comme revitalis\u00e9s<\/p>\n<p>Le D\u00e9m\u00ealant R\u00e9-Hydratant 72H d\u00e9m\u00eale instantan\u00e9ment les cheveux et scelle l&rsquo;hydratation pendant 72H* R\u00e9sultats : Les cheveux sont brillants, 10x plus hydrat\u00e9s*, Ils sont souples et fluides<\/p>\n<p>Le s\u00e9rum volume Hyaluron Plump hydratant d&rsquo;Els\u00e8ve est un spray sans rin\u00e7age qui donne \u00e0 vos cheveux une hydratation et un gain de volume. La formule sp\u00e9ciale du s\u00e9rum contient 2 % de Hyaluronic Care System, acide hyaluronique qui hydrate directement la fibre capillaire et donne imm\u00e9diatement plus de volume.<\/p>\n<p>Comme le s\u00e9rum a \u00e9t\u00e9 d\u00e9velopp\u00e9 sous forme de spray sans rin\u00e7age, vous pouvez l\u2019utiliser sur cheveux secs et humides. Cela permet d\u2019emporter facilement le s\u00e9rum partout avec vous et de donner \u00e0 vos cheveux un gain de volume \u00e0 tout moment de la journ\u00e9e.<\/p>\n<p>Utilisez le s\u00e9rum comme compl\u00e9ment quotidien \u00e0 votre routine pour des cheveux \u00e9clatants avec plus de volume et jusqu\u2019\u00e0 10 fois plus d\u2019hydratation.<\/p>","protected":false},"excerpt":{"rendered":"<p>pack qui comprend la Routine Hyaluron Repulp \u00e0 l\u2019acide Hyaluronique pour cheveux d\u00e9shydrat\u00e9s : Shampoing 200ml + Apr\u00e8s-Shampoing 200ml + S\u00e9rum Hydratant 150ml Le Shampoing R\u00e9-Hydratant 72H enveloppe instantan\u00e9ment la fibre pour une r\u00e9tention durable de l&rsquo;hydratation pendant 72H* R\u00e9sultats : Les cheveux sont brillants, 10x plus hydrat\u00e9s*, Ils sont repulp\u00e9s, comme revitalis\u00e9s Le D\u00e9m\u00ealant [&hellip;]<\/p>\n","protected":false},"featured_media":27944,"template":"","meta":{"om_disable_all_campaigns":false},"product_brand":[5741],"product_cat":[18],"product_tag":[6126,6119,6053,5884,6117,6040,6124,6127,6125,5772],"class_list":{"0":"post-27887","1":"product","2":"type-product","3":"status-publish","4":"has-post-thumbnail","6":"product_brand-loreal-paris-maroc-prix","7":"product_cat-beaute-sante","8":"product_tag-apres-shampooing-200-ml","9":"product_tag-cheveux-hydrates","10":"product_tag-cheveux-repulpes","11":"product_tag-elseve","12":"product_tag-hyaluron-repulp","13":"product_tag-loreal-elseve","14":"product_tag-routine-capillaire","15":"product_tag-serum-cheveux","16":"product_tag-shampooing-200-ml","17":"product_tag-soin-cheveux-secs","19":"first","20":"instock","21":"sale","22":"taxable","23":"shipping-taxable","24":"purchasable","25":"product-type-simple"},"yoast_head":"<!-- This site is optimized with the Yoast SEO plugin v27.4 - https:\/\/yoast.com\/product\/yoast-seo-wordpress\/ -->\n<title>Elseve Hyaluron Repulp Routine - Maroc Prix<\/title>\n<meta name=\"description\" content=\"La routine Elseve Hyaluron Repulp hydrate, nourrit et repulpe les cheveux secs. Inclut Shampooing 200\u202fml, Apr\u00e8s-Shampooing\" \/>\n<meta name=\"robots\" content=\"index, follow, max-snippet:-1, max-image-preview:large, max-video-preview:-1\" \/>\n<link rel=\"canonical\" href=\"https:\/\/vitablanca.ma\/ar\/product-2\/elseve-routine-hyaluron-repulp-serum-apsh-200ml-shp-200ml\/\" \/>\n<meta property=\"og:locale\" content=\"ar_AR\" \/>\n<meta property=\"og:type\" content=\"article\" \/>\n<meta property=\"og:title\" content=\"Elseve Hyaluron Repulp Routine - Maroc Prix\" \/>\n<meta property=\"og:description\" content=\"La routine Elseve Hyaluron Repulp hydrate, nourrit et repulpe les cheveux secs. Inclut Shampooing 200\u202fml, Apr\u00e8s-Shampooing\" \/>\n<meta property=\"og:url\" content=\"https:\/\/vitablanca.ma\/ar\/product-2\/elseve-routine-hyaluron-repulp-serum-apsh-200ml-shp-200ml\/\" \/>\n<meta property=\"og:site_name\" content=\"Vitablanca.ma &ndash; Sant&eacute;, vitalit&eacute; et bien-&ecirc;tre pour tous les Marocains\" \/>\n<meta property=\"article:publisher\" content=\"https:\/\/www.facebook.com\/profile.php?id=61576678196717\" \/>\n<meta property=\"article:modified_time\" content=\"2026-01-23T15:47:51+00:00\" \/>\n<meta property=\"og:image\" content=\"https:\/\/vitablanca.ma\/wp-content\/uploads\/2026\/01\/elseveee_1-1.jpg\" \/>\n\t<meta property=\"og:image:width\" content=\"595\" \/>\n\t<meta property=\"og:image:height\" content=\"655\" \/>\n\t<meta property=\"og:image:type\" content=\"image\/jpeg\" \/>\n<meta name=\"twitter:card\" content=\"summary_large_image\" \/>\n<meta name=\"twitter:label1\" content=\"\u0648\u0642\u062a \u0627\u0644\u0642\u0631\u0627\u0621\u0629 \u0627\u0644\u0645\u064f\u0642\u062f\u0651\u0631\" \/>\n\t<meta name=\"twitter:data1\" content=\"\u062f\u0642\u064a\u0642\u062a\u0627\u0646\" \/>\n<script type=\"application\/ld+json\" class=\"yoast-schema-graph\">{\"@context\":\"https:\\\/\\\/schema.org\",\"@graph\":[{\"@type\":[\"WebPage\",\"ItemPage\"],\"@id\":\"https:\\\/\\\/vitablanca.ma\\\/produit\\\/elseve-routine-hyaluron-repulp-serum-apsh-200ml-shp-200ml\\\/\",\"url\":\"https:\\\/\\\/vitablanca.ma\\\/produit\\\/elseve-routine-hyaluron-repulp-serum-apsh-200ml-shp-200ml\\\/\",\"name\":\"Elseve Hyaluron Repulp Routine - Maroc Prix\",\"isPartOf\":{\"@id\":\"https:\\\/\\\/vitablanca.ma\\\/#website\"},\"primaryImageOfPage\":{\"@id\":\"https:\\\/\\\/vitablanca.ma\\\/produit\\\/elseve-routine-hyaluron-repulp-serum-apsh-200ml-shp-200ml\\\/#primaryimage\"},\"image\":{\"@id\":\"https:\\\/\\\/vitablanca.ma\\\/produit\\\/elseve-routine-hyaluron-repulp-serum-apsh-200ml-shp-200ml\\\/#primaryimage\"},\"thumbnailUrl\":\"https:\\\/\\\/vitablanca.ma\\\/wp-content\\\/uploads\\\/2026\\\/01\\\/elseveee_1-1.jpg\",\"datePublished\":\"2026-01-15T19:56:19+00:00\",\"dateModified\":\"2026-01-23T15:47:51+00:00\",\"description\":\"La routine Elseve Hyaluron Repulp hydrate, nourrit et repulpe les cheveux secs. Inclut Shampooing 200\u202fml, Apr\u00e8s-Shampooing\",\"breadcrumb\":{\"@id\":\"https:\\\/\\\/vitablanca.ma\\\/produit\\\/elseve-routine-hyaluron-repulp-serum-apsh-200ml-shp-200ml\\\/#breadcrumb\"},\"inLanguage\":\"ar\",\"potentialAction\":[{\"@type\":\"ReadAction\",\"target\":[\"https:\\\/\\\/vitablanca.ma\\\/produit\\\/elseve-routine-hyaluron-repulp-serum-apsh-200ml-shp-200ml\\\/\"]}]},{\"@type\":\"ImageObject\",\"inLanguage\":\"ar\",\"@id\":\"https:\\\/\\\/vitablanca.ma\\\/produit\\\/elseve-routine-hyaluron-repulp-serum-apsh-200ml-shp-200ml\\\/#primaryimage\",\"url\":\"https:\\\/\\\/vitablanca.ma\\\/wp-content\\\/uploads\\\/2026\\\/01\\\/elseveee_1-1.jpg\",\"contentUrl\":\"https:\\\/\\\/vitablanca.ma\\\/wp-content\\\/uploads\\\/2026\\\/01\\\/elseveee_1-1.jpg\",\"width\":595,\"height\":655},{\"@type\":\"BreadcrumbList\",\"@id\":\"https:\\\/\\\/vitablanca.ma\\\/produit\\\/elseve-routine-hyaluron-repulp-serum-apsh-200ml-shp-200ml\\\/#breadcrumb\",\"itemListElement\":[{\"@type\":\"ListItem\",\"position\":1,\"name\":\"Home\",\"item\":\"https:\\\/\\\/vitablanca.ma\\\/\"},{\"@type\":\"ListItem\",\"position\":2,\"name\":\"Tous Les Produits\",\"item\":\"https:\\\/\\\/vitablanca.ma\\\/tous-les-produits\\\/\"},{\"@type\":\"ListItem\",\"position\":3,\"name\":\"Elseve routine hyaluron repulp : serum + apsh 200ml + shp 200ml\"}]},{\"@type\":\"WebSite\",\"@id\":\"https:\\\/\\\/vitablanca.ma\\\/#website\",\"url\":\"https:\\\/\\\/vitablanca.ma\\\/\",\"name\":\"VitaBlanca.ma | Compl\u00e9ments alimentaires, sant\u00e9 & beaut\u00e9 au Maroc\",\"description\":\"vendre vitamines et compl\u00e9ments premium des USA &amp; Canada, Nouvelle Z\u00e9lande,Maroc (NOW Foods, Solgar, Manuka). Livraison rapide partout au Maroc.\",\"publisher\":{\"@id\":\"https:\\\/\\\/vitablanca.ma\\\/#organization\"},\"alternateName\":\"VitaBlanca.ma\",\"potentialAction\":[{\"@type\":\"SearchAction\",\"target\":{\"@type\":\"EntryPoint\",\"urlTemplate\":\"https:\\\/\\\/vitablanca.ma\\\/?s={search_term_string}\"},\"query-input\":{\"@type\":\"PropertyValueSpecification\",\"valueRequired\":true,\"valueName\":\"search_term_string\"}}],\"inLanguage\":\"ar\"},{\"@type\":\"Organization\",\"@id\":\"https:\\\/\\\/vitablanca.ma\\\/#organization\",\"name\":\"VitaBlanca\",\"url\":\"https:\\\/\\\/vitablanca.ma\\\/\",\"logo\":{\"@type\":\"ImageObject\",\"inLanguage\":\"ar\",\"@id\":\"https:\\\/\\\/vitablanca.ma\\\/#\\\/schema\\\/logo\\\/image\\\/\",\"url\":\"https:\\\/\\\/vitablanca.ma\\\/wp-content\\\/uploads\\\/2025\\\/05\\\/cropped-vitablanca.png\",\"contentUrl\":\"https:\\\/\\\/vitablanca.ma\\\/wp-content\\\/uploads\\\/2025\\\/05\\\/cropped-vitablanca.png\",\"width\":360,\"height\":67,\"caption\":\"VitaBlanca\"},\"image\":{\"@id\":\"https:\\\/\\\/vitablanca.ma\\\/#\\\/schema\\\/logo\\\/image\\\/\"},\"sameAs\":[\"https:\\\/\\\/www.facebook.com\\\/profile.php?id=61576678196717\",\"https:\\\/\\\/www.tiktok.com\\\/@vitablanca.ma\",\"https:\\\/\\\/www.instagram.com\\\/vitablanca.ma\\\/\"]}]}<\/script>\n<!-- \/ Yoast SEO plugin. -->","yoast_head_json":{"title":"Elseve Hyaluron Repulp Routine - Maroc Prix","description":"La routine Elseve Hyaluron Repulp hydrate, nourrit et repulpe les cheveux secs. Inclut Shampooing 200\u202fml, Apr\u00e8s-Shampooing","robots":{"index":"index","follow":"follow","max-snippet":"max-snippet:-1","max-image-preview":"max-image-preview:large","max-video-preview":"max-video-preview:-1"},"canonical":"https:\/\/vitablanca.ma\/ar\/product-2\/elseve-routine-hyaluron-repulp-serum-apsh-200ml-shp-200ml\/","og_locale":"ar_AR","og_type":"article","og_title":"Elseve Hyaluron Repulp Routine - Maroc Prix","og_description":"La routine Elseve Hyaluron Repulp hydrate, nourrit et repulpe les cheveux secs. Inclut Shampooing 200\u202fml, Apr\u00e8s-Shampooing","og_url":"https:\/\/vitablanca.ma\/ar\/product-2\/elseve-routine-hyaluron-repulp-serum-apsh-200ml-shp-200ml\/","og_site_name":"Vitablanca.ma &ndash; Sant&eacute;, vitalit&eacute; et bien-&ecirc;tre pour tous les Marocains","article_publisher":"https:\/\/www.facebook.com\/profile.php?id=61576678196717","article_modified_time":"2026-01-23T15:47:51+00:00","og_image":[{"width":595,"height":655,"url":"https:\/\/vitablanca.ma\/wp-content\/uploads\/2026\/01\/elseveee_1-1.jpg","type":"image\/jpeg"}],"twitter_card":"summary_large_image","twitter_misc":{"\u0648\u0642\u062a \u0627\u0644\u0642\u0631\u0627\u0621\u0629 \u0627\u0644\u0645\u064f\u0642\u062f\u0651\u0631":"\u062f\u0642\u064a\u0642\u062a\u0627\u0646"},"schema":{"@context":"https:\/\/schema.org","@graph":[{"@type":["WebPage","ItemPage"],"@id":"https:\/\/vitablanca.ma\/produit\/elseve-routine-hyaluron-repulp-serum-apsh-200ml-shp-200ml\/","url":"https:\/\/vitablanca.ma\/produit\/elseve-routine-hyaluron-repulp-serum-apsh-200ml-shp-200ml\/","name":"Elseve Hyaluron Repulp Routine - Maroc Prix","isPartOf":{"@id":"https:\/\/vitablanca.ma\/#website"},"primaryImageOfPage":{"@id":"https:\/\/vitablanca.ma\/produit\/elseve-routine-hyaluron-repulp-serum-apsh-200ml-shp-200ml\/#primaryimage"},"image":{"@id":"https:\/\/vitablanca.ma\/produit\/elseve-routine-hyaluron-repulp-serum-apsh-200ml-shp-200ml\/#primaryimage"},"thumbnailUrl":"https:\/\/vitablanca.ma\/wp-content\/uploads\/2026\/01\/elseveee_1-1.jpg","datePublished":"2026-01-15T19:56:19+00:00","dateModified":"2026-01-23T15:47:51+00:00","description":"La routine Elseve Hyaluron Repulp hydrate, nourrit et repulpe les cheveux secs. Inclut Shampooing 200\u202fml, Apr\u00e8s-Shampooing","breadcrumb":{"@id":"https:\/\/vitablanca.ma\/produit\/elseve-routine-hyaluron-repulp-serum-apsh-200ml-shp-200ml\/#breadcrumb"},"inLanguage":"ar","potentialAction":[{"@type":"ReadAction","target":["https:\/\/vitablanca.ma\/produit\/elseve-routine-hyaluron-repulp-serum-apsh-200ml-shp-200ml\/"]}]},{"@type":"ImageObject","inLanguage":"ar","@id":"https:\/\/vitablanca.ma\/produit\/elseve-routine-hyaluron-repulp-serum-apsh-200ml-shp-200ml\/#primaryimage","url":"https:\/\/vitablanca.ma\/wp-content\/uploads\/2026\/01\/elseveee_1-1.jpg","contentUrl":"https:\/\/vitablanca.ma\/wp-content\/uploads\/2026\/01\/elseveee_1-1.jpg","width":595,"height":655},{"@type":"BreadcrumbList","@id":"https:\/\/vitablanca.ma\/produit\/elseve-routine-hyaluron-repulp-serum-apsh-200ml-shp-200ml\/#breadcrumb","itemListElement":[{"@type":"ListItem","position":1,"name":"Home","item":"https:\/\/vitablanca.ma\/"},{"@type":"ListItem","position":2,"name":"Tous Les Produits","item":"https:\/\/vitablanca.ma\/tous-les-produits\/"},{"@type":"ListItem","position":3,"name":"Elseve routine hyaluron repulp : serum + apsh 200ml + shp 200ml"}]},{"@type":"WebSite","@id":"https:\/\/vitablanca.ma\/#website","url":"https:\/\/vitablanca.ma\/","name":"VitaBlanca.ma | \u0627\u0644\u0645\u0643\u0645\u0644\u0627\u062a \u0627\u0644\u063a\u0630\u0627\u0626\u064a\u0629\u060c \u0627\u0644\u0635\u062d\u0629 \u0648\u0627\u0644\u062c\u0645\u0627\u0644 \u0641\u064a \u0627\u0644\u0645\u063a\u0631\u0628","description":"\u0646\u0628\u064a\u0639 \u0641\u064a\u062a\u0627\u0645\u064a\u0646\u0627\u062a \u0648\u0645\u0643\u0645\u0644\u0627\u062a \u063a\u0630\u0627\u0626\u064a\u0629 \u0641\u0627\u062e\u0631\u0629 \u0645\u0646 \u0627\u0644\u0648\u0644\u0627\u064a\u0627\u062a \u0627\u0644\u0645\u062a\u062d\u062f\u0629 \u0627\u0644\u0623\u0645\u0631\u064a\u0643\u064a\u0629 \u0648\u0643\u0646\u062f\u0627 \u0648\u0646\u064a\u0648\u0632\u064a\u0644\u0646\u062f\u0627 \u0648\u0627\u0644\u0645\u063a\u0631\u0628 (\u0646\u0627\u0648 \u0641\u0648\u062f\u0632\u060c \u0633\u0648\u0644\u062c\u0627\u0631\u060c \u0645\u0627\u0646\u0648\u0643\u0627). \u062a\u0648\u0635\u064a\u0644 \u0633\u0631\u064a\u0639 \u0625\u0644\u0649 \u062c\u0645\u064a\u0639 \u0623\u0646\u062d\u0627\u0621 \u0627\u0644\u0645\u063a\u0631\u0628.","publisher":{"@id":"https:\/\/vitablanca.ma\/#organization"},"alternateName":"VitaBlanca.ma","potentialAction":[{"@type":"SearchAction","target":{"@type":"EntryPoint","urlTemplate":"https:\/\/vitablanca.ma\/?s={search_term_string}"},"query-input":{"@type":"PropertyValueSpecification","valueRequired":true,"valueName":"search_term_string"}}],"inLanguage":"ar"},{"@type":"Organization","@id":"https:\/\/vitablanca.ma\/#organization","name":"\u0641\u064a\u062a\u0627\u0628\u0644\u0627\u0646\u0643\u0627","url":"https:\/\/vitablanca.ma\/","logo":{"@type":"ImageObject","inLanguage":"ar","@id":"https:\/\/vitablanca.ma\/#\/schema\/logo\/image\/","url":"https:\/\/vitablanca.ma\/wp-content\/uploads\/2025\/05\/cropped-vitablanca.png","contentUrl":"https:\/\/vitablanca.ma\/wp-content\/uploads\/2025\/05\/cropped-vitablanca.png","width":360,"height":67,"caption":"VitaBlanca"},"image":{"@id":"https:\/\/vitablanca.ma\/#\/schema\/logo\/image\/"},"sameAs":["https:\/\/www.facebook.com\/profile.php?id=61576678196717","https:\/\/www.tiktok.com\/@vitablanca.ma","https:\/\/www.instagram.com\/vitablanca.ma\/"]}]}},"jetpack_sharing_enabled":true,"_links":{"self":[{"href":"https:\/\/vitablanca.ma\/ar\/wp-json\/wp\/v2\/product\/27887","targetHints":{"allow":["GET"]}}],"collection":[{"href":"https:\/\/vitablanca.ma\/ar\/wp-json\/wp\/v2\/product"}],"about":[{"href":"https:\/\/vitablanca.ma\/ar\/wp-json\/wp\/v2\/types\/product"}],"wp:featuredmedia":[{"embeddable":true,"href":"https:\/\/vitablanca.ma\/ar\/wp-json\/wp\/v2\/media\/27944"}],"wp:attachment":[{"href":"https:\/\/vitablanca.ma\/ar\/wp-json\/wp\/v2\/media?parent=27887"}],"wp:term":[{"taxonomy":"product_brand","embeddable":true,"href":"https:\/\/vitablanca.ma\/ar\/wp-json\/wp\/v2\/product_brand?post=27887"},{"taxonomy":"product_cat","embeddable":true,"href":"https:\/\/vitablanca.ma\/ar\/wp-json\/wp\/v2\/product_cat?post=27887"},{"taxonomy":"product_tag","embeddable":true,"href":"https:\/\/vitablanca.ma\/ar\/wp-json\/wp\/v2\/product_tag?post=27887"}],"curies":[{"name":"wp","href":"https:\/\/api.w.org\/{rel}","templated":true}]}}