{"id":27874,"date":"2026-01-15T19:56:18","date_gmt":"2026-01-15T19:56:18","guid":{"rendered":"https:\/\/vitablanca.ma\/?post_type=product&#038;p=27874"},"modified":"2026-03-19T12:55:16","modified_gmt":"2026-03-19T12:55:16","slug":"loreal-paris-elseve-huile-extraordinaire-jojoba-shampooing-jojoba-200ml-trousse-offerts","status":"publish","type":"product","link":"https:\/\/vitablanca.ma\/ar\/product-2\/loreal-paris-elseve-huile-extraordinaire-jojoba-shampooing-jojoba-200ml-trousse-offerts\/","title":{"rendered":"L&rsquo;Or\u00e9al Paris ELSEVE HUILE EXTRAORDINAIRE JOJOBA + Shampooing JOJOBA 200ml + Trousse offerts"},"content":{"rendered":"<p>le Soin Transformateur Disciplinant Els\u00e8ve Huile Extraordinaire de L\u2019Or\u00e9al Paris, un v\u00e9ritable \u00e9lixir de beaut\u00e9 pour vos cheveux. Enrichie en huile de jojoba, cette formule innovante m\u00e9tamorphose instantan\u00e9ment vos cheveux ternes en une mati\u00e8re extraordinaire, les laissant brillants, intens\u00e9ment nourris et parfaitement disciplin\u00e9s.<\/p>","protected":false},"excerpt":{"rendered":"<p>le Soin Transformateur Disciplinant Els\u00e8ve Huile Extraordinaire de L\u2019Or\u00e9al Paris, un v\u00e9ritable \u00e9lixir de beaut\u00e9 pour vos cheveux. Enrichie en huile de jojoba, cette formule innovante m\u00e9tamorphose instantan\u00e9ment vos cheveux ternes en une mati\u00e8re extraordinaire, les laissant brillants, intens\u00e9ment nourris et parfaitement disciplin\u00e9s.<\/p>","protected":false},"featured_media":27904,"template":"","meta":{"om_disable_all_campaigns":false},"product_brand":[5741],"product_cat":[18],"product_tag":[6052,6035,6054,6099,5884,6033,6159,6160,6040,5853,6034],"class_list":{"0":"post-27874","1":"product","2":"type-product","3":"status-publish","4":"has-post-thumbnail","6":"product_brand-loreal-paris-maroc-prix","7":"product_cat-beaute-sante","8":"product_tag-cheveux-brillants","9":"product_tag-cheveux-nourris","10":"product_tag-cheveux-secs","11":"product_tag-cheveux-souples","12":"product_tag-elseve","13":"product_tag-huile-capillaire","14":"product_tag-huile-extraordinaire","15":"product_tag-jojoba","16":"product_tag-loreal-elseve","17":"product_tag-loreal-paris","18":"product_tag-soin-cheveux","20":"first","21":"outofstock","22":"sale","23":"taxable","24":"shipping-taxable","25":"purchasable","26":"product-type-simple"},"yoast_head":"<!-- This site is optimized with the Yoast SEO plugin v27.4 - https:\/\/yoast.com\/product\/yoast-seo-wordpress\/ -->\n<title>L\u2019Or\u00e9al Paris Elseve Huile Extraordinaire Jojoba - Maroc Prix<\/title>\n<meta name=\"description\" content=\"L\u2019Or\u00e9al Paris Elseve Huile Extraordinaire Jojoba nourrit, prot\u00e8ge et sublime les cheveux secs et ab\u00eem\u00e9s. Cheveux doux, brillants\" \/>\n<meta name=\"robots\" content=\"index, follow, max-snippet:-1, max-image-preview:large, max-video-preview:-1\" \/>\n<link rel=\"canonical\" href=\"https:\/\/vitablanca.ma\/ar\/product-2\/loreal-paris-elseve-huile-extraordinaire-jojoba-shampooing-jojoba-200ml-trousse-offerts\/\" \/>\n<meta property=\"og:locale\" content=\"ar_AR\" \/>\n<meta property=\"og:type\" content=\"article\" \/>\n<meta property=\"og:title\" content=\"L\u2019Or\u00e9al Paris Elseve Huile Extraordinaire Jojoba - Maroc Prix\" \/>\n<meta property=\"og:description\" content=\"L\u2019Or\u00e9al Paris Elseve Huile Extraordinaire Jojoba nourrit, prot\u00e8ge et sublime les cheveux secs et ab\u00eem\u00e9s. Cheveux doux, brillants\" \/>\n<meta property=\"og:url\" content=\"https:\/\/vitablanca.ma\/ar\/product-2\/loreal-paris-elseve-huile-extraordinaire-jojoba-shampooing-jojoba-200ml-trousse-offerts\/\" \/>\n<meta property=\"og:site_name\" content=\"Vitablanca.ma &ndash; Sant&eacute;, vitalit&eacute; et bien-&ecirc;tre pour tous les Marocains\" \/>\n<meta property=\"article:publisher\" content=\"https:\/\/www.facebook.com\/profile.php?id=61576678196717\" \/>\n<meta property=\"article:modified_time\" content=\"2026-03-19T12:55:16+00:00\" \/>\n<meta property=\"og:image\" content=\"https:\/\/vitablanca.ma\/wp-content\/uploads\/2026\/01\/lorealparis-2.jpg\" \/>\n\t<meta property=\"og:image:width\" content=\"1000\" \/>\n\t<meta property=\"og:image:height\" content=\"1000\" \/>\n\t<meta property=\"og:image:type\" content=\"image\/jpeg\" \/>\n<meta name=\"twitter:card\" content=\"summary_large_image\" \/>\n<meta name=\"twitter:label1\" content=\"\u0648\u0642\u062a \u0627\u0644\u0642\u0631\u0627\u0621\u0629 \u0627\u0644\u0645\u064f\u0642\u062f\u0651\u0631\" \/>\n\t<meta name=\"twitter:data1\" content=\"\u062f\u0642\u064a\u0642\u0629 \u0648\u0627\u062d\u062f\u0629\" \/>\n<script type=\"application\/ld+json\" class=\"yoast-schema-graph\">{\"@context\":\"https:\\\/\\\/schema.org\",\"@graph\":[{\"@type\":[\"WebPage\",\"ItemPage\"],\"@id\":\"https:\\\/\\\/vitablanca.ma\\\/produit\\\/loreal-paris-elseve-huile-extraordinaire-jojoba-shampooing-jojoba-200ml-trousse-offerts\\\/\",\"url\":\"https:\\\/\\\/vitablanca.ma\\\/produit\\\/loreal-paris-elseve-huile-extraordinaire-jojoba-shampooing-jojoba-200ml-trousse-offerts\\\/\",\"name\":\"L\u2019Or\u00e9al Paris Elseve Huile Extraordinaire Jojoba - Maroc Prix\",\"isPartOf\":{\"@id\":\"https:\\\/\\\/vitablanca.ma\\\/#website\"},\"primaryImageOfPage\":{\"@id\":\"https:\\\/\\\/vitablanca.ma\\\/produit\\\/loreal-paris-elseve-huile-extraordinaire-jojoba-shampooing-jojoba-200ml-trousse-offerts\\\/#primaryimage\"},\"image\":{\"@id\":\"https:\\\/\\\/vitablanca.ma\\\/produit\\\/loreal-paris-elseve-huile-extraordinaire-jojoba-shampooing-jojoba-200ml-trousse-offerts\\\/#primaryimage\"},\"thumbnailUrl\":\"https:\\\/\\\/vitablanca.ma\\\/wp-content\\\/uploads\\\/2026\\\/01\\\/lorealparis-2.jpg\",\"datePublished\":\"2026-01-15T19:56:18+00:00\",\"dateModified\":\"2026-03-19T12:55:16+00:00\",\"description\":\"L\u2019Or\u00e9al Paris Elseve Huile Extraordinaire Jojoba nourrit, prot\u00e8ge et sublime les cheveux secs et ab\u00eem\u00e9s. Cheveux doux, brillants\",\"breadcrumb\":{\"@id\":\"https:\\\/\\\/vitablanca.ma\\\/produit\\\/loreal-paris-elseve-huile-extraordinaire-jojoba-shampooing-jojoba-200ml-trousse-offerts\\\/#breadcrumb\"},\"inLanguage\":\"ar\",\"potentialAction\":[{\"@type\":\"ReadAction\",\"target\":[\"https:\\\/\\\/vitablanca.ma\\\/produit\\\/loreal-paris-elseve-huile-extraordinaire-jojoba-shampooing-jojoba-200ml-trousse-offerts\\\/\"]}]},{\"@type\":\"ImageObject\",\"inLanguage\":\"ar\",\"@id\":\"https:\\\/\\\/vitablanca.ma\\\/produit\\\/loreal-paris-elseve-huile-extraordinaire-jojoba-shampooing-jojoba-200ml-trousse-offerts\\\/#primaryimage\",\"url\":\"https:\\\/\\\/vitablanca.ma\\\/wp-content\\\/uploads\\\/2026\\\/01\\\/lorealparis-2.jpg\",\"contentUrl\":\"https:\\\/\\\/vitablanca.ma\\\/wp-content\\\/uploads\\\/2026\\\/01\\\/lorealparis-2.jpg\",\"width\":1000,\"height\":1000},{\"@type\":\"BreadcrumbList\",\"@id\":\"https:\\\/\\\/vitablanca.ma\\\/produit\\\/loreal-paris-elseve-huile-extraordinaire-jojoba-shampooing-jojoba-200ml-trousse-offerts\\\/#breadcrumb\",\"itemListElement\":[{\"@type\":\"ListItem\",\"position\":1,\"name\":\"Home\",\"item\":\"https:\\\/\\\/vitablanca.ma\\\/\"},{\"@type\":\"ListItem\",\"position\":2,\"name\":\"Tous Les Produits\",\"item\":\"https:\\\/\\\/vitablanca.ma\\\/tous-les-produits\\\/\"},{\"@type\":\"ListItem\",\"position\":3,\"name\":\"L&#8217;Or\u00e9al Paris ELSEVE HUILE EXTRAORDINAIRE JOJOBA + Shampooing JOJOBA 200ml + Trousse offerts\"}]},{\"@type\":\"WebSite\",\"@id\":\"https:\\\/\\\/vitablanca.ma\\\/#website\",\"url\":\"https:\\\/\\\/vitablanca.ma\\\/\",\"name\":\"VitaBlanca.ma | Compl\u00e9ments alimentaires, sant\u00e9 & beaut\u00e9 au Maroc\",\"description\":\"vendre vitamines et compl\u00e9ments premium des USA &amp; Canada, Nouvelle Z\u00e9lande,Maroc (NOW Foods, Solgar, Manuka). Livraison rapide partout au Maroc.\",\"publisher\":{\"@id\":\"https:\\\/\\\/vitablanca.ma\\\/#organization\"},\"alternateName\":\"VitaBlanca.ma\",\"potentialAction\":[{\"@type\":\"SearchAction\",\"target\":{\"@type\":\"EntryPoint\",\"urlTemplate\":\"https:\\\/\\\/vitablanca.ma\\\/?s={search_term_string}\"},\"query-input\":{\"@type\":\"PropertyValueSpecification\",\"valueRequired\":true,\"valueName\":\"search_term_string\"}}],\"inLanguage\":\"ar\"},{\"@type\":\"Organization\",\"@id\":\"https:\\\/\\\/vitablanca.ma\\\/#organization\",\"name\":\"VitaBlanca\",\"url\":\"https:\\\/\\\/vitablanca.ma\\\/\",\"logo\":{\"@type\":\"ImageObject\",\"inLanguage\":\"ar\",\"@id\":\"https:\\\/\\\/vitablanca.ma\\\/#\\\/schema\\\/logo\\\/image\\\/\",\"url\":\"https:\\\/\\\/vitablanca.ma\\\/wp-content\\\/uploads\\\/2025\\\/05\\\/cropped-vitablanca.png\",\"contentUrl\":\"https:\\\/\\\/vitablanca.ma\\\/wp-content\\\/uploads\\\/2025\\\/05\\\/cropped-vitablanca.png\",\"width\":360,\"height\":67,\"caption\":\"VitaBlanca\"},\"image\":{\"@id\":\"https:\\\/\\\/vitablanca.ma\\\/#\\\/schema\\\/logo\\\/image\\\/\"},\"sameAs\":[\"https:\\\/\\\/www.facebook.com\\\/profile.php?id=61576678196717\",\"https:\\\/\\\/www.tiktok.com\\\/@vitablanca.ma\",\"https:\\\/\\\/www.instagram.com\\\/vitablanca.ma\\\/\"]}]}<\/script>\n<!-- \/ Yoast SEO plugin. -->","yoast_head_json":{"title":"L\u2019Or\u00e9al Paris Elseve Huile Extraordinaire Jojoba - Maroc Prix","description":"L\u2019Or\u00e9al Paris Elseve Huile Extraordinaire Jojoba nourrit, prot\u00e8ge et sublime les cheveux secs et ab\u00eem\u00e9s. Cheveux doux, brillants","robots":{"index":"index","follow":"follow","max-snippet":"max-snippet:-1","max-image-preview":"max-image-preview:large","max-video-preview":"max-video-preview:-1"},"canonical":"https:\/\/vitablanca.ma\/ar\/product-2\/loreal-paris-elseve-huile-extraordinaire-jojoba-shampooing-jojoba-200ml-trousse-offerts\/","og_locale":"ar_AR","og_type":"article","og_title":"L\u2019Or\u00e9al Paris Elseve Huile Extraordinaire Jojoba - Maroc Prix","og_description":"L\u2019Or\u00e9al Paris Elseve Huile Extraordinaire Jojoba nourrit, prot\u00e8ge et sublime les cheveux secs et ab\u00eem\u00e9s. Cheveux doux, brillants","og_url":"https:\/\/vitablanca.ma\/ar\/product-2\/loreal-paris-elseve-huile-extraordinaire-jojoba-shampooing-jojoba-200ml-trousse-offerts\/","og_site_name":"Vitablanca.ma &ndash; Sant&eacute;, vitalit&eacute; et bien-&ecirc;tre pour tous les Marocains","article_publisher":"https:\/\/www.facebook.com\/profile.php?id=61576678196717","article_modified_time":"2026-03-19T12:55:16+00:00","og_image":[{"width":1000,"height":1000,"url":"https:\/\/vitablanca.ma\/wp-content\/uploads\/2026\/01\/lorealparis-2.jpg","type":"image\/jpeg"}],"twitter_card":"summary_large_image","twitter_misc":{"\u0648\u0642\u062a \u0627\u0644\u0642\u0631\u0627\u0621\u0629 \u0627\u0644\u0645\u064f\u0642\u062f\u0651\u0631":"\u062f\u0642\u064a\u0642\u0629 \u0648\u0627\u062d\u062f\u0629"},"schema":{"@context":"https:\/\/schema.org","@graph":[{"@type":["WebPage","ItemPage"],"@id":"https:\/\/vitablanca.ma\/produit\/loreal-paris-elseve-huile-extraordinaire-jojoba-shampooing-jojoba-200ml-trousse-offerts\/","url":"https:\/\/vitablanca.ma\/produit\/loreal-paris-elseve-huile-extraordinaire-jojoba-shampooing-jojoba-200ml-trousse-offerts\/","name":"L\u2019Or\u00e9al Paris Elseve Huile Extraordinaire Jojoba - Maroc Prix","isPartOf":{"@id":"https:\/\/vitablanca.ma\/#website"},"primaryImageOfPage":{"@id":"https:\/\/vitablanca.ma\/produit\/loreal-paris-elseve-huile-extraordinaire-jojoba-shampooing-jojoba-200ml-trousse-offerts\/#primaryimage"},"image":{"@id":"https:\/\/vitablanca.ma\/produit\/loreal-paris-elseve-huile-extraordinaire-jojoba-shampooing-jojoba-200ml-trousse-offerts\/#primaryimage"},"thumbnailUrl":"https:\/\/vitablanca.ma\/wp-content\/uploads\/2026\/01\/lorealparis-2.jpg","datePublished":"2026-01-15T19:56:18+00:00","dateModified":"2026-03-19T12:55:16+00:00","description":"L\u2019Or\u00e9al Paris Elseve Huile Extraordinaire Jojoba nourrit, prot\u00e8ge et sublime les cheveux secs et ab\u00eem\u00e9s. Cheveux doux, brillants","breadcrumb":{"@id":"https:\/\/vitablanca.ma\/produit\/loreal-paris-elseve-huile-extraordinaire-jojoba-shampooing-jojoba-200ml-trousse-offerts\/#breadcrumb"},"inLanguage":"ar","potentialAction":[{"@type":"ReadAction","target":["https:\/\/vitablanca.ma\/produit\/loreal-paris-elseve-huile-extraordinaire-jojoba-shampooing-jojoba-200ml-trousse-offerts\/"]}]},{"@type":"ImageObject","inLanguage":"ar","@id":"https:\/\/vitablanca.ma\/produit\/loreal-paris-elseve-huile-extraordinaire-jojoba-shampooing-jojoba-200ml-trousse-offerts\/#primaryimage","url":"https:\/\/vitablanca.ma\/wp-content\/uploads\/2026\/01\/lorealparis-2.jpg","contentUrl":"https:\/\/vitablanca.ma\/wp-content\/uploads\/2026\/01\/lorealparis-2.jpg","width":1000,"height":1000},{"@type":"BreadcrumbList","@id":"https:\/\/vitablanca.ma\/produit\/loreal-paris-elseve-huile-extraordinaire-jojoba-shampooing-jojoba-200ml-trousse-offerts\/#breadcrumb","itemListElement":[{"@type":"ListItem","position":1,"name":"Home","item":"https:\/\/vitablanca.ma\/"},{"@type":"ListItem","position":2,"name":"Tous Les Produits","item":"https:\/\/vitablanca.ma\/tous-les-produits\/"},{"@type":"ListItem","position":3,"name":"L&#8217;Or\u00e9al Paris ELSEVE HUILE EXTRAORDINAIRE JOJOBA + Shampooing JOJOBA 200ml + Trousse offerts"}]},{"@type":"WebSite","@id":"https:\/\/vitablanca.ma\/#website","url":"https:\/\/vitablanca.ma\/","name":"VitaBlanca.ma | \u0627\u0644\u0645\u0643\u0645\u0644\u0627\u062a \u0627\u0644\u063a\u0630\u0627\u0626\u064a\u0629\u060c \u0627\u0644\u0635\u062d\u0629 \u0648\u0627\u0644\u062c\u0645\u0627\u0644 \u0641\u064a \u0627\u0644\u0645\u063a\u0631\u0628","description":"\u0646\u0628\u064a\u0639 \u0641\u064a\u062a\u0627\u0645\u064a\u0646\u0627\u062a \u0648\u0645\u0643\u0645\u0644\u0627\u062a \u063a\u0630\u0627\u0626\u064a\u0629 \u0641\u0627\u062e\u0631\u0629 \u0645\u0646 \u0627\u0644\u0648\u0644\u0627\u064a\u0627\u062a \u0627\u0644\u0645\u062a\u062d\u062f\u0629 \u0627\u0644\u0623\u0645\u0631\u064a\u0643\u064a\u0629 \u0648\u0643\u0646\u062f\u0627 \u0648\u0646\u064a\u0648\u0632\u064a\u0644\u0646\u062f\u0627 \u0648\u0627\u0644\u0645\u063a\u0631\u0628 (\u0646\u0627\u0648 \u0641\u0648\u062f\u0632\u060c \u0633\u0648\u0644\u062c\u0627\u0631\u060c \u0645\u0627\u0646\u0648\u0643\u0627). \u062a\u0648\u0635\u064a\u0644 \u0633\u0631\u064a\u0639 \u0625\u0644\u0649 \u062c\u0645\u064a\u0639 \u0623\u0646\u062d\u0627\u0621 \u0627\u0644\u0645\u063a\u0631\u0628.","publisher":{"@id":"https:\/\/vitablanca.ma\/#organization"},"alternateName":"VitaBlanca.ma","potentialAction":[{"@type":"SearchAction","target":{"@type":"EntryPoint","urlTemplate":"https:\/\/vitablanca.ma\/?s={search_term_string}"},"query-input":{"@type":"PropertyValueSpecification","valueRequired":true,"valueName":"search_term_string"}}],"inLanguage":"ar"},{"@type":"Organization","@id":"https:\/\/vitablanca.ma\/#organization","name":"\u0641\u064a\u062a\u0627\u0628\u0644\u0627\u0646\u0643\u0627","url":"https:\/\/vitablanca.ma\/","logo":{"@type":"ImageObject","inLanguage":"ar","@id":"https:\/\/vitablanca.ma\/#\/schema\/logo\/image\/","url":"https:\/\/vitablanca.ma\/wp-content\/uploads\/2025\/05\/cropped-vitablanca.png","contentUrl":"https:\/\/vitablanca.ma\/wp-content\/uploads\/2025\/05\/cropped-vitablanca.png","width":360,"height":67,"caption":"VitaBlanca"},"image":{"@id":"https:\/\/vitablanca.ma\/#\/schema\/logo\/image\/"},"sameAs":["https:\/\/www.facebook.com\/profile.php?id=61576678196717","https:\/\/www.tiktok.com\/@vitablanca.ma","https:\/\/www.instagram.com\/vitablanca.ma\/"]}]}},"jetpack_sharing_enabled":true,"_links":{"self":[{"href":"https:\/\/vitablanca.ma\/ar\/wp-json\/wp\/v2\/product\/27874","targetHints":{"allow":["GET"]}}],"collection":[{"href":"https:\/\/vitablanca.ma\/ar\/wp-json\/wp\/v2\/product"}],"about":[{"href":"https:\/\/vitablanca.ma\/ar\/wp-json\/wp\/v2\/types\/product"}],"wp:featuredmedia":[{"embeddable":true,"href":"https:\/\/vitablanca.ma\/ar\/wp-json\/wp\/v2\/media\/27904"}],"wp:attachment":[{"href":"https:\/\/vitablanca.ma\/ar\/wp-json\/wp\/v2\/media?parent=27874"}],"wp:term":[{"taxonomy":"product_brand","embeddable":true,"href":"https:\/\/vitablanca.ma\/ar\/wp-json\/wp\/v2\/product_brand?post=27874"},{"taxonomy":"product_cat","embeddable":true,"href":"https:\/\/vitablanca.ma\/ar\/wp-json\/wp\/v2\/product_cat?post=27874"},{"taxonomy":"product_tag","embeddable":true,"href":"https:\/\/vitablanca.ma\/ar\/wp-json\/wp\/v2\/product_tag?post=27874"}],"curies":[{"name":"wp","href":"https:\/\/api.w.org\/{rel}","templated":true}]}}