{"id":27561,"date":"2025-12-28T13:22:09","date_gmt":"2025-12-28T13:22:09","guid":{"rendered":"https:\/\/vitablanca.ma\/?post_type=product&#038;p=27561"},"modified":"2025-12-28T13:22:09","modified_gmt":"2025-12-28T13:22:09","slug":"idealove-peace-renewed-lotion-intensive-au-the-vert-100-g-35-oz","status":"publish","type":"product","link":"https:\/\/vitablanca.ma\/ar\/product-2\/idealove-peace-renewed-lotion-intensive-au-the-vert-100-g-35-oz\/","title":{"rendered":"Idealove, Peace Renewed, Lotion intensive au th\u00e9 vert, 100 g (3,5 oz)"},"content":{"rendered":"<ul>\n<li><span dir=\"auto\">\u00a0Lotion intensive au th\u00e9 vert\u00a0<\/span><sup><strong><span dir=\"auto\">Idealove\u00ae<\/span><\/strong><\/sup><span dir=\"auto\"><strong>\u00a0Peace Renewed<\/strong><\/span><\/li>\n<li><span dir=\"auto\">Apaiser et hydrater la peau sensible<\/span><\/li>\n<li><span dir=\"auto\">\u0627\u0644\u0634\u0627\u064a \u0627\u0644\u0623\u062e\u0636\u0631<\/span><\/li>\n<li><span dir=\"auto\">Hyaluronate de sodium<\/span><\/li>\n<li><span dir=\"auto\">Gotu Kola<\/span><\/li>\n<li><span dir=\"auto\">Nid d&rsquo;oiseau<\/span><\/li>\n<li><span dir=\"auto\">\u062e\u0627\u0644\u064a \u0645\u0646 \u0627\u0644\u0639\u0637\u0648\u0631<\/span><\/li>\n<li><span dir=\"auto\">Id\u00e9al pour tous les types de peau*<\/span><\/li>\n<li><span dir=\"auto\">Particuli\u00e8rement adapt\u00e9 aux peaux sensibles*<\/span><\/li>\n<li><span dir=\"auto\">Fabriqu\u00e9 en Cor\u00e9e<\/span><\/li>\n<\/ul>","protected":false},"excerpt":{"rendered":"<p>\u00a0Lotion intensive au th\u00e9 vert\u00a0Idealove\u00ae\u00a0Peace Renewed Apaiser et hydrater la peau sensible Th\u00e9 vert Hyaluronate de sodium Gotu Kola Nid d&rsquo;oiseau Sans parfum Id\u00e9al pour tous les types de peau* Particuli\u00e8rement adapt\u00e9 aux peaux sensibles* Fabriqu\u00e9 en Cor\u00e9e<\/p>","protected":false},"featured_media":27563,"template":"","meta":{"om_disable_all_campaigns":false},"product_brand":[5529],"product_cat":[18,20,19],"product_tag":[],"class_list":{"0":"post-27561","1":"product","2":"type-product","3":"status-publish","4":"has-post-thumbnail","6":"product_brand-idealove","7":"product_cat-beaute-sante","8":"product_cat-supplements","9":"product_cat-vitamines-supplements-dietetiques","11":"first","12":"instock","13":"taxable","14":"shipping-taxable","15":"purchasable","16":"product-type-simple"},"yoast_head":"<!-- This site is optimized with the Yoast SEO plugin v27.4 - https:\/\/yoast.com\/product\/yoast-seo-wordpress\/ -->\n<title>Idealove, Peace Renewed, Lotion intensive au th\u00e9 vert, 100 g (3,5 oz) - Maroc Prix<\/title>\n<meta name=\"description\" content=\"Idealove, Peace Renewed, Lotion intensive au th\u00e9 vert, 100 g (3,5 oz)\" \/>\n<meta name=\"robots\" content=\"index, follow, max-snippet:-1, max-image-preview:large, max-video-preview:-1\" \/>\n<link rel=\"canonical\" href=\"https:\/\/vitablanca.ma\/ar\/product-2\/idealove-peace-renewed-lotion-intensive-au-the-vert-100-g-35-oz\/\" \/>\n<meta property=\"og:locale\" content=\"ar_AR\" \/>\n<meta property=\"og:type\" content=\"article\" \/>\n<meta property=\"og:title\" content=\"Idealove, Peace Renewed, Lotion intensive au th\u00e9 vert, 100 g (3,5 oz) - Maroc Prix\" \/>\n<meta property=\"og:description\" content=\"Idealove, Peace Renewed, Lotion intensive au th\u00e9 vert, 100 g (3,5 oz)\" \/>\n<meta property=\"og:url\" content=\"https:\/\/vitablanca.ma\/ar\/product-2\/idealove-peace-renewed-lotion-intensive-au-the-vert-100-g-35-oz\/\" \/>\n<meta property=\"og:site_name\" content=\"Vitablanca.ma &ndash; Sant&eacute;, vitalit&eacute; et bien-&ecirc;tre pour tous les Marocains\" \/>\n<meta property=\"article:publisher\" content=\"https:\/\/www.facebook.com\/profile.php?id=61576678196717\" \/>\n<meta property=\"og:image\" content=\"https:\/\/vitablanca.ma\/wp-content\/uploads\/2025\/12\/idealove-peace-renewed-intensive-green-tea-lotion-3-5-oz-100-g.jpg\" \/>\n\t<meta property=\"og:image:width\" content=\"1600\" \/>\n\t<meta property=\"og:image:height\" content=\"1600\" \/>\n\t<meta property=\"og:image:type\" content=\"image\/jpeg\" \/>\n<meta name=\"twitter:card\" content=\"summary_large_image\" \/>\n<meta name=\"twitter:label1\" content=\"\u0648\u0642\u062a \u0627\u0644\u0642\u0631\u0627\u0621\u0629 \u0627\u0644\u0645\u064f\u0642\u062f\u0651\u0631\" \/>\n\t<meta name=\"twitter:data1\" content=\"\u062f\u0642\u064a\u0642\u0629 \u0648\u0627\u062d\u062f\u0629\" \/>\n<script type=\"application\/ld+json\" class=\"yoast-schema-graph\">{\"@context\":\"https:\\\/\\\/schema.org\",\"@graph\":[{\"@type\":[\"WebPage\",\"ItemPage\"],\"@id\":\"https:\\\/\\\/vitablanca.ma\\\/produit\\\/idealove-peace-renewed-lotion-intensive-au-the-vert-100-g-35-oz\\\/\",\"url\":\"https:\\\/\\\/vitablanca.ma\\\/produit\\\/idealove-peace-renewed-lotion-intensive-au-the-vert-100-g-35-oz\\\/\",\"name\":\"Idealove, Peace Renewed, Lotion intensive au th\u00e9 vert, 100 g (3,5 oz) - Maroc Prix\",\"isPartOf\":{\"@id\":\"https:\\\/\\\/vitablanca.ma\\\/#website\"},\"primaryImageOfPage\":{\"@id\":\"https:\\\/\\\/vitablanca.ma\\\/produit\\\/idealove-peace-renewed-lotion-intensive-au-the-vert-100-g-35-oz\\\/#primaryimage\"},\"image\":{\"@id\":\"https:\\\/\\\/vitablanca.ma\\\/produit\\\/idealove-peace-renewed-lotion-intensive-au-the-vert-100-g-35-oz\\\/#primaryimage\"},\"thumbnailUrl\":\"https:\\\/\\\/vitablanca.ma\\\/wp-content\\\/uploads\\\/2025\\\/12\\\/idealove-peace-renewed-intensive-green-tea-lotion-3-5-oz-100-g.jpg\",\"datePublished\":\"2025-12-28T13:22:09+00:00\",\"description\":\"Idealove, Peace Renewed, Lotion intensive au th\u00e9 vert, 100 g (3,5 oz)\",\"breadcrumb\":{\"@id\":\"https:\\\/\\\/vitablanca.ma\\\/produit\\\/idealove-peace-renewed-lotion-intensive-au-the-vert-100-g-35-oz\\\/#breadcrumb\"},\"inLanguage\":\"ar\",\"potentialAction\":[{\"@type\":\"ReadAction\",\"target\":[\"https:\\\/\\\/vitablanca.ma\\\/produit\\\/idealove-peace-renewed-lotion-intensive-au-the-vert-100-g-35-oz\\\/\"]}]},{\"@type\":\"ImageObject\",\"inLanguage\":\"ar\",\"@id\":\"https:\\\/\\\/vitablanca.ma\\\/produit\\\/idealove-peace-renewed-lotion-intensive-au-the-vert-100-g-35-oz\\\/#primaryimage\",\"url\":\"https:\\\/\\\/vitablanca.ma\\\/wp-content\\\/uploads\\\/2025\\\/12\\\/idealove-peace-renewed-intensive-green-tea-lotion-3-5-oz-100-g.jpg\",\"contentUrl\":\"https:\\\/\\\/vitablanca.ma\\\/wp-content\\\/uploads\\\/2025\\\/12\\\/idealove-peace-renewed-intensive-green-tea-lotion-3-5-oz-100-g.jpg\",\"width\":1600,\"height\":1600},{\"@type\":\"BreadcrumbList\",\"@id\":\"https:\\\/\\\/vitablanca.ma\\\/produit\\\/idealove-peace-renewed-lotion-intensive-au-the-vert-100-g-35-oz\\\/#breadcrumb\",\"itemListElement\":[{\"@type\":\"ListItem\",\"position\":1,\"name\":\"Home\",\"item\":\"https:\\\/\\\/vitablanca.ma\\\/\"},{\"@type\":\"ListItem\",\"position\":2,\"name\":\"Tous Les Produits\",\"item\":\"https:\\\/\\\/vitablanca.ma\\\/tous-les-produits\\\/\"},{\"@type\":\"ListItem\",\"position\":3,\"name\":\"Idealove, Peace Renewed, Lotion intensive au th\u00e9 vert, 100 g (3,5 oz)\"}]},{\"@type\":\"WebSite\",\"@id\":\"https:\\\/\\\/vitablanca.ma\\\/#website\",\"url\":\"https:\\\/\\\/vitablanca.ma\\\/\",\"name\":\"VitaBlanca.ma | Compl\u00e9ments alimentaires, sant\u00e9 & beaut\u00e9 au Maroc\",\"description\":\"vendre vitamines et compl\u00e9ments premium des USA &amp; Canada, Nouvelle Z\u00e9lande,Maroc (NOW Foods, Solgar, Manuka). Livraison rapide partout au Maroc.\",\"publisher\":{\"@id\":\"https:\\\/\\\/vitablanca.ma\\\/#organization\"},\"alternateName\":\"VitaBlanca.ma\",\"potentialAction\":[{\"@type\":\"SearchAction\",\"target\":{\"@type\":\"EntryPoint\",\"urlTemplate\":\"https:\\\/\\\/vitablanca.ma\\\/?s={search_term_string}\"},\"query-input\":{\"@type\":\"PropertyValueSpecification\",\"valueRequired\":true,\"valueName\":\"search_term_string\"}}],\"inLanguage\":\"ar\"},{\"@type\":\"Organization\",\"@id\":\"https:\\\/\\\/vitablanca.ma\\\/#organization\",\"name\":\"VitaBlanca\",\"url\":\"https:\\\/\\\/vitablanca.ma\\\/\",\"logo\":{\"@type\":\"ImageObject\",\"inLanguage\":\"ar\",\"@id\":\"https:\\\/\\\/vitablanca.ma\\\/#\\\/schema\\\/logo\\\/image\\\/\",\"url\":\"https:\\\/\\\/vitablanca.ma\\\/wp-content\\\/uploads\\\/2025\\\/05\\\/cropped-vitablanca.png\",\"contentUrl\":\"https:\\\/\\\/vitablanca.ma\\\/wp-content\\\/uploads\\\/2025\\\/05\\\/cropped-vitablanca.png\",\"width\":360,\"height\":67,\"caption\":\"VitaBlanca\"},\"image\":{\"@id\":\"https:\\\/\\\/vitablanca.ma\\\/#\\\/schema\\\/logo\\\/image\\\/\"},\"sameAs\":[\"https:\\\/\\\/www.facebook.com\\\/profile.php?id=61576678196717\",\"https:\\\/\\\/www.tiktok.com\\\/@vitablanca.ma\",\"https:\\\/\\\/www.instagram.com\\\/vitablanca.ma\\\/\"]}]}<\/script>\n<!-- \/ Yoast SEO plugin. -->","yoast_head_json":{"title":"Idealove, Peace Renewed, Lotion intensive au th\u00e9 vert, 100 g (3,5 oz) - Maroc Prix","description":"Idealove, Peace Renewed, Lotion intensive au th\u00e9 vert, 100 g (3,5 oz)","robots":{"index":"index","follow":"follow","max-snippet":"max-snippet:-1","max-image-preview":"max-image-preview:large","max-video-preview":"max-video-preview:-1"},"canonical":"https:\/\/vitablanca.ma\/ar\/product-2\/idealove-peace-renewed-lotion-intensive-au-the-vert-100-g-35-oz\/","og_locale":"ar_AR","og_type":"article","og_title":"Idealove, Peace Renewed, Lotion intensive au th\u00e9 vert, 100 g (3,5 oz) - Maroc Prix","og_description":"Idealove, Peace Renewed, Lotion intensive au th\u00e9 vert, 100 g (3,5 oz)","og_url":"https:\/\/vitablanca.ma\/ar\/product-2\/idealove-peace-renewed-lotion-intensive-au-the-vert-100-g-35-oz\/","og_site_name":"Vitablanca.ma &ndash; Sant&eacute;, vitalit&eacute; et bien-&ecirc;tre pour tous les Marocains","article_publisher":"https:\/\/www.facebook.com\/profile.php?id=61576678196717","og_image":[{"width":1600,"height":1600,"url":"https:\/\/vitablanca.ma\/wp-content\/uploads\/2025\/12\/idealove-peace-renewed-intensive-green-tea-lotion-3-5-oz-100-g.jpg","type":"image\/jpeg"}],"twitter_card":"summary_large_image","twitter_misc":{"\u0648\u0642\u062a \u0627\u0644\u0642\u0631\u0627\u0621\u0629 \u0627\u0644\u0645\u064f\u0642\u062f\u0651\u0631":"\u062f\u0642\u064a\u0642\u0629 \u0648\u0627\u062d\u062f\u0629"},"schema":{"@context":"https:\/\/schema.org","@graph":[{"@type":["WebPage","ItemPage"],"@id":"https:\/\/vitablanca.ma\/produit\/idealove-peace-renewed-lotion-intensive-au-the-vert-100-g-35-oz\/","url":"https:\/\/vitablanca.ma\/produit\/idealove-peace-renewed-lotion-intensive-au-the-vert-100-g-35-oz\/","name":"Idealove, Peace Renewed, Lotion intensive au th\u00e9 vert, 100 g (3,5 oz) - Maroc Prix","isPartOf":{"@id":"https:\/\/vitablanca.ma\/#website"},"primaryImageOfPage":{"@id":"https:\/\/vitablanca.ma\/produit\/idealove-peace-renewed-lotion-intensive-au-the-vert-100-g-35-oz\/#primaryimage"},"image":{"@id":"https:\/\/vitablanca.ma\/produit\/idealove-peace-renewed-lotion-intensive-au-the-vert-100-g-35-oz\/#primaryimage"},"thumbnailUrl":"https:\/\/vitablanca.ma\/wp-content\/uploads\/2025\/12\/idealove-peace-renewed-intensive-green-tea-lotion-3-5-oz-100-g.jpg","datePublished":"2025-12-28T13:22:09+00:00","description":"Idealove, Peace Renewed, Lotion intensive au th\u00e9 vert, 100 g (3,5 oz)","breadcrumb":{"@id":"https:\/\/vitablanca.ma\/produit\/idealove-peace-renewed-lotion-intensive-au-the-vert-100-g-35-oz\/#breadcrumb"},"inLanguage":"ar","potentialAction":[{"@type":"ReadAction","target":["https:\/\/vitablanca.ma\/produit\/idealove-peace-renewed-lotion-intensive-au-the-vert-100-g-35-oz\/"]}]},{"@type":"ImageObject","inLanguage":"ar","@id":"https:\/\/vitablanca.ma\/produit\/idealove-peace-renewed-lotion-intensive-au-the-vert-100-g-35-oz\/#primaryimage","url":"https:\/\/vitablanca.ma\/wp-content\/uploads\/2025\/12\/idealove-peace-renewed-intensive-green-tea-lotion-3-5-oz-100-g.jpg","contentUrl":"https:\/\/vitablanca.ma\/wp-content\/uploads\/2025\/12\/idealove-peace-renewed-intensive-green-tea-lotion-3-5-oz-100-g.jpg","width":1600,"height":1600},{"@type":"BreadcrumbList","@id":"https:\/\/vitablanca.ma\/produit\/idealove-peace-renewed-lotion-intensive-au-the-vert-100-g-35-oz\/#breadcrumb","itemListElement":[{"@type":"ListItem","position":1,"name":"Home","item":"https:\/\/vitablanca.ma\/"},{"@type":"ListItem","position":2,"name":"Tous Les Produits","item":"https:\/\/vitablanca.ma\/tous-les-produits\/"},{"@type":"ListItem","position":3,"name":"Idealove, Peace Renewed, Lotion intensive au th\u00e9 vert, 100 g (3,5 oz)"}]},{"@type":"WebSite","@id":"https:\/\/vitablanca.ma\/#website","url":"https:\/\/vitablanca.ma\/","name":"VitaBlanca.ma | \u0627\u0644\u0645\u0643\u0645\u0644\u0627\u062a \u0627\u0644\u063a\u0630\u0627\u0626\u064a\u0629\u060c \u0627\u0644\u0635\u062d\u0629 \u0648\u0627\u0644\u062c\u0645\u0627\u0644 \u0641\u064a \u0627\u0644\u0645\u063a\u0631\u0628","description":"\u0646\u0628\u064a\u0639 \u0641\u064a\u062a\u0627\u0645\u064a\u0646\u0627\u062a \u0648\u0645\u0643\u0645\u0644\u0627\u062a \u063a\u0630\u0627\u0626\u064a\u0629 \u0641\u0627\u062e\u0631\u0629 \u0645\u0646 \u0627\u0644\u0648\u0644\u0627\u064a\u0627\u062a \u0627\u0644\u0645\u062a\u062d\u062f\u0629 \u0627\u0644\u0623\u0645\u0631\u064a\u0643\u064a\u0629 \u0648\u0643\u0646\u062f\u0627 \u0648\u0646\u064a\u0648\u0632\u064a\u0644\u0646\u062f\u0627 \u0648\u0627\u0644\u0645\u063a\u0631\u0628 (\u0646\u0627\u0648 \u0641\u0648\u062f\u0632\u060c \u0633\u0648\u0644\u062c\u0627\u0631\u060c \u0645\u0627\u0646\u0648\u0643\u0627). \u062a\u0648\u0635\u064a\u0644 \u0633\u0631\u064a\u0639 \u0625\u0644\u0649 \u062c\u0645\u064a\u0639 \u0623\u0646\u062d\u0627\u0621 \u0627\u0644\u0645\u063a\u0631\u0628.","publisher":{"@id":"https:\/\/vitablanca.ma\/#organization"},"alternateName":"VitaBlanca.ma","potentialAction":[{"@type":"SearchAction","target":{"@type":"EntryPoint","urlTemplate":"https:\/\/vitablanca.ma\/?s={search_term_string}"},"query-input":{"@type":"PropertyValueSpecification","valueRequired":true,"valueName":"search_term_string"}}],"inLanguage":"ar"},{"@type":"Organization","@id":"https:\/\/vitablanca.ma\/#organization","name":"\u0641\u064a\u062a\u0627\u0628\u0644\u0627\u0646\u0643\u0627","url":"https:\/\/vitablanca.ma\/","logo":{"@type":"ImageObject","inLanguage":"ar","@id":"https:\/\/vitablanca.ma\/#\/schema\/logo\/image\/","url":"https:\/\/vitablanca.ma\/wp-content\/uploads\/2025\/05\/cropped-vitablanca.png","contentUrl":"https:\/\/vitablanca.ma\/wp-content\/uploads\/2025\/05\/cropped-vitablanca.png","width":360,"height":67,"caption":"VitaBlanca"},"image":{"@id":"https:\/\/vitablanca.ma\/#\/schema\/logo\/image\/"},"sameAs":["https:\/\/www.facebook.com\/profile.php?id=61576678196717","https:\/\/www.tiktok.com\/@vitablanca.ma","https:\/\/www.instagram.com\/vitablanca.ma\/"]}]}},"jetpack_sharing_enabled":true,"_links":{"self":[{"href":"https:\/\/vitablanca.ma\/ar\/wp-json\/wp\/v2\/product\/27561","targetHints":{"allow":["GET"]}}],"collection":[{"href":"https:\/\/vitablanca.ma\/ar\/wp-json\/wp\/v2\/product"}],"about":[{"href":"https:\/\/vitablanca.ma\/ar\/wp-json\/wp\/v2\/types\/product"}],"wp:featuredmedia":[{"embeddable":true,"href":"https:\/\/vitablanca.ma\/ar\/wp-json\/wp\/v2\/media\/27563"}],"wp:attachment":[{"href":"https:\/\/vitablanca.ma\/ar\/wp-json\/wp\/v2\/media?parent=27561"}],"wp:term":[{"taxonomy":"product_brand","embeddable":true,"href":"https:\/\/vitablanca.ma\/ar\/wp-json\/wp\/v2\/product_brand?post=27561"},{"taxonomy":"product_cat","embeddable":true,"href":"https:\/\/vitablanca.ma\/ar\/wp-json\/wp\/v2\/product_cat?post=27561"},{"taxonomy":"product_tag","embeddable":true,"href":"https:\/\/vitablanca.ma\/ar\/wp-json\/wp\/v2\/product_tag?post=27561"}],"curies":[{"name":"wp","href":"https:\/\/api.w.org\/{rel}","templated":true}]}}