{"id":27534,"date":"2025-12-27T16:22:11","date_gmt":"2025-12-27T16:22:11","guid":{"rendered":"https:\/\/vitablanca.ma\/?post_type=product&#038;p=27534"},"modified":"2026-02-06T16:47:54","modified_gmt":"2026-02-06T16:47:54","slug":"idealove-peace-renewed-intensive-green-tea-lotion-3-5-oz-100-g","status":"publish","type":"product","link":"https:\/\/vitablanca.ma\/ar\/product-2\/idealove-peace-renewed-intensive-green-tea-lotion-3-5-oz-100-g\/","title":{"rendered":"Idealove, Peace Renewed, Intensive Green Tea Lotion, 3.5 oz (100 g)"},"content":{"rendered":"<div class=\"row item-row\">\n<div class=\"col-xs-24\">\n<div>\n<ul>\n<li><strong>Idealove<\/strong><sup><strong>\u00ae<\/strong><\/sup>\u00a0Peace Renewed, Intensive Green Tea Lotion<\/li>\n<li>Soothe and Hydrate Sensitive Skin<\/li>\n<li>Green Tea<\/li>\n<li>Sodium Hyaluronate<\/li>\n<li>\u0633\u0646\u062a\u064a\u0644\u0627 \u0627\u0633\u064a\u0627\u062a\u064a\u0643\u0627<\/li>\n<li>Bird\u2019s Nest<\/li>\n<li>Fragrance-Free<\/li>\n<li>Great For All Skin Types*<\/li>\n<li>Especially Great For Sensitive Skin*<\/li>\n<li>Made in Korea<\/li>\n<\/ul>\n<p>Korean skincare designed to bring out the light in you!&#8230;<strong>Idealove<\/strong><sup><strong>\u00ae<\/strong><\/sup>.<\/p>\n<p>Gently soothe and hydrate your skin with the\u00a0<strong>Idealove<\/strong><sup><strong>\u00ae<\/strong><\/sup>\u00a0Peace Renewed, Intensive Green Tea Lotion. Rich in green tea extract and formulated with calming centella and moisture-boosting sodium hyaluronate and bird\u2019s nest, this lightweight and quick absorbing lotion leaves skin looking clear and healthy. The premium ingredients deliver numerous benefits to the skin, including:<\/p>\n<p>High-Content Green Tea contains potent antioxidant and anti-inflammatory benefits to help calm and soothe skin, while protecting against collagen degradation and skin discoloration.<\/p>\n<p>Sodium Hyaluronate is a type of hyaluronic acid that helps to restore the skin&rsquo;s moisture and is gentle enough for use on all skin types, including acne-prone and sensitive skin.<\/p>\n<p>Centella Asiatica helps reduce the visible signs of skin sensitivity such as itching and irritation and promotes strengthening of the skin barrier.<\/p>\n<p>Bird\u2019s Nest is traditionally recognized for helping to maintain youthfulness and enhancing the complexion. Research suggests that bird&rsquo;s nest extract is rich in a substance called epidermal growth factor (EGF) that is responsible for skin and tissue repair.<\/p>\n<\/div>\n<\/div>\n<\/div>\n<div class=\"row item-row\">\n<div class=\"col-xs-24\">\n<h3><strong>Suggested use<\/strong><\/h3>\n<div class=\"prodOverviewDetail\">\n<p>After cleansing and toning, apply adequate amount over face and neck. Gently tap skin to enhance absorption. For all skin types, especially sensitive.<\/p>\n<\/div>\n<\/div>\n<\/div>\n<div class=\"row item-row\">\n<div class=\"col-xs-24\">\n<h3><strong>Other ingredients<\/strong><\/h3>\n<div class=\"prodOverviewIngred\">\n<p><strong>Main Ingredients<\/strong><\/p>\n<p>Camellia Sinensis Leaf Water, Water (Aqua), Glycerin, Butylene Glycol, 1,2-Hexanediol, Pentylene Glycol, Caprylic\/Capric Triglyceride, Polyglyceryl-3 Distearate, Cetyl Ethylhexanoate, Camellia Sinensis Leaf Extract, Camellia Sinensis Seed Oil, Centella Asiatica Extract, Sodium Hyaluronate, Beta-Glucan, Vaccinium Macrocarpon (Cranberry) Fruit Extract, Vaccinium Angustifolium (Blueberry) Fruit Extract, Punica Granatum Fruit Extract, Swiftlet Nest Extract, Helianthus Annuus (Sunflower) Seed Oil, Cetyl Alcohol, Betaine, Tocopherol, Lauryl Alcohol, Myristyl Alcohol, Stearyl Alcohol, Carbomer, Arginine, Xanthan Gum, Glyceryl Stearate Citrate.<\/p>\n<p>Made in Korea.<\/p>\n<\/div>\n<\/div>\n<\/div>","protected":false},"excerpt":{"rendered":"<ul>\n<li>100% authentic<\/li>\n<li>Best before: 05\/2027<\/li>\n<li>First available: 08\/2022<\/li>\n<li>Delivery weight: 0.13 kg<\/li>\n<li>Package quantity: 99 g<\/li>\n<li>Dimensions: 16.6 x 4.8 x 4.7 cm , 0.13 kg<br \/>\nTry risk-free for 90 days<\/li>\n<\/ul>","protected":false},"featured_media":27543,"template":"","meta":{"om_disable_all_campaigns":false},"product_brand":[5529],"product_cat":[18,20],"product_tag":[],"class_list":{"0":"post-27534","1":"product","2":"type-product","3":"status-publish","4":"has-post-thumbnail","6":"product_brand-idealove","7":"product_cat-beaute-sante","8":"product_cat-supplements","10":"first","11":"instock","12":"taxable","13":"shipping-taxable","14":"purchasable","15":"product-type-simple"},"yoast_head":"<!-- This site is optimized with the Yoast SEO plugin v27.4 - https:\/\/yoast.com\/product\/yoast-seo-wordpress\/ -->\n<title>Idealove, Peace Renewed, Intensive Green Tea Lotion, 3.5 oz (100 g) - Maroc Prix<\/title>\n<meta name=\"description\" content=\"Idealove, Peace Renewed, Intensive Green Tea Lotion, 3.5 oz (100 g)\" \/>\n<meta name=\"robots\" content=\"index, follow, max-snippet:-1, max-image-preview:large, max-video-preview:-1\" \/>\n<link rel=\"canonical\" href=\"https:\/\/vitablanca.ma\/ar\/product-2\/idealove-peace-renewed-intensive-green-tea-lotion-3-5-oz-100-g\/\" \/>\n<meta property=\"og:locale\" content=\"ar_AR\" \/>\n<meta property=\"og:type\" content=\"article\" \/>\n<meta property=\"og:title\" content=\"Idealove, Peace Renewed, Intensive Green Tea Lotion, 3.5 oz (100 g) - Maroc Prix\" \/>\n<meta property=\"og:description\" content=\"Idealove, Peace Renewed, Intensive Green Tea Lotion, 3.5 oz (100 g)\" \/>\n<meta property=\"og:url\" content=\"https:\/\/vitablanca.ma\/ar\/product-2\/idealove-peace-renewed-intensive-green-tea-lotion-3-5-oz-100-g\/\" \/>\n<meta property=\"og:site_name\" content=\"Vitablanca.ma &ndash; Sant&eacute;, vitalit&eacute; et bien-&ecirc;tre pour tous les Marocains\" \/>\n<meta property=\"article:publisher\" content=\"https:\/\/www.facebook.com\/profile.php?id=61576678196717\" \/>\n<meta property=\"article:modified_time\" content=\"2026-02-06T16:47:54+00:00\" \/>\n<meta property=\"og:image\" content=\"https:\/\/vitablanca.ma\/wp-content\/uploads\/2025\/12\/12.jpg\" \/>\n\t<meta property=\"og:image:width\" content=\"1600\" \/>\n\t<meta property=\"og:image:height\" content=\"1600\" \/>\n\t<meta property=\"og:image:type\" content=\"image\/jpeg\" \/>\n<meta name=\"twitter:card\" content=\"summary_large_image\" \/>\n<meta name=\"twitter:label1\" content=\"\u0648\u0642\u062a \u0627\u0644\u0642\u0631\u0627\u0621\u0629 \u0627\u0644\u0645\u064f\u0642\u062f\u0651\u0631\" \/>\n\t<meta name=\"twitter:data1\" content=\"\u062f\u0642\u064a\u0642\u062a\u0627\u0646\" \/>\n<script type=\"application\/ld+json\" class=\"yoast-schema-graph\">{\"@context\":\"https:\\\/\\\/schema.org\",\"@graph\":[{\"@type\":[\"WebPage\",\"ItemPage\"],\"@id\":\"https:\\\/\\\/vitablanca.ma\\\/produit\\\/idealove-peace-renewed-intensive-green-tea-lotion-3-5-oz-100-g\\\/\",\"url\":\"https:\\\/\\\/vitablanca.ma\\\/produit\\\/idealove-peace-renewed-intensive-green-tea-lotion-3-5-oz-100-g\\\/\",\"name\":\"Idealove, Peace Renewed, Intensive Green Tea Lotion, 3.5 oz (100 g) - Maroc Prix\",\"isPartOf\":{\"@id\":\"https:\\\/\\\/vitablanca.ma\\\/#website\"},\"primaryImageOfPage\":{\"@id\":\"https:\\\/\\\/vitablanca.ma\\\/produit\\\/idealove-peace-renewed-intensive-green-tea-lotion-3-5-oz-100-g\\\/#primaryimage\"},\"image\":{\"@id\":\"https:\\\/\\\/vitablanca.ma\\\/produit\\\/idealove-peace-renewed-intensive-green-tea-lotion-3-5-oz-100-g\\\/#primaryimage\"},\"thumbnailUrl\":\"https:\\\/\\\/vitablanca.ma\\\/wp-content\\\/uploads\\\/2025\\\/12\\\/12.jpg\",\"datePublished\":\"2025-12-27T16:22:11+00:00\",\"dateModified\":\"2026-02-06T16:47:54+00:00\",\"description\":\"Idealove, Peace Renewed, Intensive Green Tea Lotion, 3.5 oz (100 g)\",\"breadcrumb\":{\"@id\":\"https:\\\/\\\/vitablanca.ma\\\/produit\\\/idealove-peace-renewed-intensive-green-tea-lotion-3-5-oz-100-g\\\/#breadcrumb\"},\"inLanguage\":\"ar\",\"potentialAction\":[{\"@type\":\"ReadAction\",\"target\":[\"https:\\\/\\\/vitablanca.ma\\\/produit\\\/idealove-peace-renewed-intensive-green-tea-lotion-3-5-oz-100-g\\\/\"]}]},{\"@type\":\"ImageObject\",\"inLanguage\":\"ar\",\"@id\":\"https:\\\/\\\/vitablanca.ma\\\/produit\\\/idealove-peace-renewed-intensive-green-tea-lotion-3-5-oz-100-g\\\/#primaryimage\",\"url\":\"https:\\\/\\\/vitablanca.ma\\\/wp-content\\\/uploads\\\/2025\\\/12\\\/12.jpg\",\"contentUrl\":\"https:\\\/\\\/vitablanca.ma\\\/wp-content\\\/uploads\\\/2025\\\/12\\\/12.jpg\",\"width\":1600,\"height\":1600},{\"@type\":\"BreadcrumbList\",\"@id\":\"https:\\\/\\\/vitablanca.ma\\\/produit\\\/idealove-peace-renewed-intensive-green-tea-lotion-3-5-oz-100-g\\\/#breadcrumb\",\"itemListElement\":[{\"@type\":\"ListItem\",\"position\":1,\"name\":\"Home\",\"item\":\"https:\\\/\\\/vitablanca.ma\\\/\"},{\"@type\":\"ListItem\",\"position\":2,\"name\":\"Tous Les Produits\",\"item\":\"https:\\\/\\\/vitablanca.ma\\\/tous-les-produits\\\/\"},{\"@type\":\"ListItem\",\"position\":3,\"name\":\"Idealove, Peace Renewed, Intensive Green Tea Lotion, 3.5 oz (100 g)\"}]},{\"@type\":\"WebSite\",\"@id\":\"https:\\\/\\\/vitablanca.ma\\\/#website\",\"url\":\"https:\\\/\\\/vitablanca.ma\\\/\",\"name\":\"VitaBlanca.ma | Compl\u00e9ments alimentaires, sant\u00e9 & beaut\u00e9 au Maroc\",\"description\":\"vendre vitamines et compl\u00e9ments premium des USA &amp; Canada, Nouvelle Z\u00e9lande,Maroc (NOW Foods, Solgar, Manuka). Livraison rapide partout au Maroc.\",\"publisher\":{\"@id\":\"https:\\\/\\\/vitablanca.ma\\\/#organization\"},\"alternateName\":\"VitaBlanca.ma\",\"potentialAction\":[{\"@type\":\"SearchAction\",\"target\":{\"@type\":\"EntryPoint\",\"urlTemplate\":\"https:\\\/\\\/vitablanca.ma\\\/?s={search_term_string}\"},\"query-input\":{\"@type\":\"PropertyValueSpecification\",\"valueRequired\":true,\"valueName\":\"search_term_string\"}}],\"inLanguage\":\"ar\"},{\"@type\":\"Organization\",\"@id\":\"https:\\\/\\\/vitablanca.ma\\\/#organization\",\"name\":\"VitaBlanca\",\"url\":\"https:\\\/\\\/vitablanca.ma\\\/\",\"logo\":{\"@type\":\"ImageObject\",\"inLanguage\":\"ar\",\"@id\":\"https:\\\/\\\/vitablanca.ma\\\/#\\\/schema\\\/logo\\\/image\\\/\",\"url\":\"https:\\\/\\\/vitablanca.ma\\\/wp-content\\\/uploads\\\/2025\\\/05\\\/cropped-vitablanca.png\",\"contentUrl\":\"https:\\\/\\\/vitablanca.ma\\\/wp-content\\\/uploads\\\/2025\\\/05\\\/cropped-vitablanca.png\",\"width\":360,\"height\":67,\"caption\":\"VitaBlanca\"},\"image\":{\"@id\":\"https:\\\/\\\/vitablanca.ma\\\/#\\\/schema\\\/logo\\\/image\\\/\"},\"sameAs\":[\"https:\\\/\\\/www.facebook.com\\\/profile.php?id=61576678196717\",\"https:\\\/\\\/www.tiktok.com\\\/@vitablanca.ma\",\"https:\\\/\\\/www.instagram.com\\\/vitablanca.ma\\\/\"]}]}<\/script>\n<!-- \/ Yoast SEO plugin. -->","yoast_head_json":{"title":"Idealove, Peace Renewed, Intensive Green Tea Lotion, 3.5 oz (100 g) - Maroc Prix","description":"Idealove, Peace Renewed, Intensive Green Tea Lotion, 3.5 oz (100 g)","robots":{"index":"index","follow":"follow","max-snippet":"max-snippet:-1","max-image-preview":"max-image-preview:large","max-video-preview":"max-video-preview:-1"},"canonical":"https:\/\/vitablanca.ma\/ar\/product-2\/idealove-peace-renewed-intensive-green-tea-lotion-3-5-oz-100-g\/","og_locale":"ar_AR","og_type":"article","og_title":"Idealove, Peace Renewed, Intensive Green Tea Lotion, 3.5 oz (100 g) - Maroc Prix","og_description":"Idealove, Peace Renewed, Intensive Green Tea Lotion, 3.5 oz (100 g)","og_url":"https:\/\/vitablanca.ma\/ar\/product-2\/idealove-peace-renewed-intensive-green-tea-lotion-3-5-oz-100-g\/","og_site_name":"Vitablanca.ma &ndash; Sant&eacute;, vitalit&eacute; et bien-&ecirc;tre pour tous les Marocains","article_publisher":"https:\/\/www.facebook.com\/profile.php?id=61576678196717","article_modified_time":"2026-02-06T16:47:54+00:00","og_image":[{"width":1600,"height":1600,"url":"https:\/\/vitablanca.ma\/wp-content\/uploads\/2025\/12\/12.jpg","type":"image\/jpeg"}],"twitter_card":"summary_large_image","twitter_misc":{"\u0648\u0642\u062a \u0627\u0644\u0642\u0631\u0627\u0621\u0629 \u0627\u0644\u0645\u064f\u0642\u062f\u0651\u0631":"\u062f\u0642\u064a\u0642\u062a\u0627\u0646"},"schema":{"@context":"https:\/\/schema.org","@graph":[{"@type":["WebPage","ItemPage"],"@id":"https:\/\/vitablanca.ma\/produit\/idealove-peace-renewed-intensive-green-tea-lotion-3-5-oz-100-g\/","url":"https:\/\/vitablanca.ma\/produit\/idealove-peace-renewed-intensive-green-tea-lotion-3-5-oz-100-g\/","name":"Idealove, Peace Renewed, Intensive Green Tea Lotion, 3.5 oz (100 g) - Maroc Prix","isPartOf":{"@id":"https:\/\/vitablanca.ma\/#website"},"primaryImageOfPage":{"@id":"https:\/\/vitablanca.ma\/produit\/idealove-peace-renewed-intensive-green-tea-lotion-3-5-oz-100-g\/#primaryimage"},"image":{"@id":"https:\/\/vitablanca.ma\/produit\/idealove-peace-renewed-intensive-green-tea-lotion-3-5-oz-100-g\/#primaryimage"},"thumbnailUrl":"https:\/\/vitablanca.ma\/wp-content\/uploads\/2025\/12\/12.jpg","datePublished":"2025-12-27T16:22:11+00:00","dateModified":"2026-02-06T16:47:54+00:00","description":"Idealove, Peace Renewed, Intensive Green Tea Lotion, 3.5 oz (100 g)","breadcrumb":{"@id":"https:\/\/vitablanca.ma\/produit\/idealove-peace-renewed-intensive-green-tea-lotion-3-5-oz-100-g\/#breadcrumb"},"inLanguage":"ar","potentialAction":[{"@type":"ReadAction","target":["https:\/\/vitablanca.ma\/produit\/idealove-peace-renewed-intensive-green-tea-lotion-3-5-oz-100-g\/"]}]},{"@type":"ImageObject","inLanguage":"ar","@id":"https:\/\/vitablanca.ma\/produit\/idealove-peace-renewed-intensive-green-tea-lotion-3-5-oz-100-g\/#primaryimage","url":"https:\/\/vitablanca.ma\/wp-content\/uploads\/2025\/12\/12.jpg","contentUrl":"https:\/\/vitablanca.ma\/wp-content\/uploads\/2025\/12\/12.jpg","width":1600,"height":1600},{"@type":"BreadcrumbList","@id":"https:\/\/vitablanca.ma\/produit\/idealove-peace-renewed-intensive-green-tea-lotion-3-5-oz-100-g\/#breadcrumb","itemListElement":[{"@type":"ListItem","position":1,"name":"Home","item":"https:\/\/vitablanca.ma\/"},{"@type":"ListItem","position":2,"name":"Tous Les Produits","item":"https:\/\/vitablanca.ma\/tous-les-produits\/"},{"@type":"ListItem","position":3,"name":"Idealove, Peace Renewed, Intensive Green Tea Lotion, 3.5 oz (100 g)"}]},{"@type":"WebSite","@id":"https:\/\/vitablanca.ma\/#website","url":"https:\/\/vitablanca.ma\/","name":"VitaBlanca.ma | \u0627\u0644\u0645\u0643\u0645\u0644\u0627\u062a \u0627\u0644\u063a\u0630\u0627\u0626\u064a\u0629\u060c \u0627\u0644\u0635\u062d\u0629 \u0648\u0627\u0644\u062c\u0645\u0627\u0644 \u0641\u064a \u0627\u0644\u0645\u063a\u0631\u0628","description":"\u0646\u0628\u064a\u0639 \u0641\u064a\u062a\u0627\u0645\u064a\u0646\u0627\u062a \u0648\u0645\u0643\u0645\u0644\u0627\u062a \u063a\u0630\u0627\u0626\u064a\u0629 \u0641\u0627\u062e\u0631\u0629 \u0645\u0646 \u0627\u0644\u0648\u0644\u0627\u064a\u0627\u062a \u0627\u0644\u0645\u062a\u062d\u062f\u0629 \u0627\u0644\u0623\u0645\u0631\u064a\u0643\u064a\u0629 \u0648\u0643\u0646\u062f\u0627 \u0648\u0646\u064a\u0648\u0632\u064a\u0644\u0646\u062f\u0627 \u0648\u0627\u0644\u0645\u063a\u0631\u0628 (\u0646\u0627\u0648 \u0641\u0648\u062f\u0632\u060c \u0633\u0648\u0644\u062c\u0627\u0631\u060c \u0645\u0627\u0646\u0648\u0643\u0627). \u062a\u0648\u0635\u064a\u0644 \u0633\u0631\u064a\u0639 \u0625\u0644\u0649 \u062c\u0645\u064a\u0639 \u0623\u0646\u062d\u0627\u0621 \u0627\u0644\u0645\u063a\u0631\u0628.","publisher":{"@id":"https:\/\/vitablanca.ma\/#organization"},"alternateName":"VitaBlanca.ma","potentialAction":[{"@type":"SearchAction","target":{"@type":"EntryPoint","urlTemplate":"https:\/\/vitablanca.ma\/?s={search_term_string}"},"query-input":{"@type":"PropertyValueSpecification","valueRequired":true,"valueName":"search_term_string"}}],"inLanguage":"ar"},{"@type":"Organization","@id":"https:\/\/vitablanca.ma\/#organization","name":"\u0641\u064a\u062a\u0627\u0628\u0644\u0627\u0646\u0643\u0627","url":"https:\/\/vitablanca.ma\/","logo":{"@type":"ImageObject","inLanguage":"ar","@id":"https:\/\/vitablanca.ma\/#\/schema\/logo\/image\/","url":"https:\/\/vitablanca.ma\/wp-content\/uploads\/2025\/05\/cropped-vitablanca.png","contentUrl":"https:\/\/vitablanca.ma\/wp-content\/uploads\/2025\/05\/cropped-vitablanca.png","width":360,"height":67,"caption":"VitaBlanca"},"image":{"@id":"https:\/\/vitablanca.ma\/#\/schema\/logo\/image\/"},"sameAs":["https:\/\/www.facebook.com\/profile.php?id=61576678196717","https:\/\/www.tiktok.com\/@vitablanca.ma","https:\/\/www.instagram.com\/vitablanca.ma\/"]}]}},"jetpack_sharing_enabled":true,"_links":{"self":[{"href":"https:\/\/vitablanca.ma\/ar\/wp-json\/wp\/v2\/product\/27534","targetHints":{"allow":["GET"]}}],"collection":[{"href":"https:\/\/vitablanca.ma\/ar\/wp-json\/wp\/v2\/product"}],"about":[{"href":"https:\/\/vitablanca.ma\/ar\/wp-json\/wp\/v2\/types\/product"}],"wp:featuredmedia":[{"embeddable":true,"href":"https:\/\/vitablanca.ma\/ar\/wp-json\/wp\/v2\/media\/27543"}],"wp:attachment":[{"href":"https:\/\/vitablanca.ma\/ar\/wp-json\/wp\/v2\/media?parent=27534"}],"wp:term":[{"taxonomy":"product_brand","embeddable":true,"href":"https:\/\/vitablanca.ma\/ar\/wp-json\/wp\/v2\/product_brand?post=27534"},{"taxonomy":"product_cat","embeddable":true,"href":"https:\/\/vitablanca.ma\/ar\/wp-json\/wp\/v2\/product_cat?post=27534"},{"taxonomy":"product_tag","embeddable":true,"href":"https:\/\/vitablanca.ma\/ar\/wp-json\/wp\/v2\/product_tag?post=27534"}],"curies":[{"name":"wp","href":"https:\/\/api.w.org\/{rel}","templated":true}]}}