{"id":27445,"date":"2025-12-23T17:18:57","date_gmt":"2025-12-23T17:18:57","guid":{"rendered":"https:\/\/vitablanca.ma\/?post_type=product&#038;p=27445"},"modified":"2025-12-27T19:32:30","modified_gmt":"2025-12-27T19:32:30","slug":"natures-way-choline-et-inositol-500-mg-100-capsules","status":"publish","type":"product","link":"https:\/\/vitablanca.ma\/ar\/product-2\/natures-way-choline-et-inositol-500-mg-100-capsules\/","title":{"rendered":"Nature&rsquo;S Way Choline et inositol, 500 mg, 100 capsules"},"content":{"rendered":"<div class=\"card aim -mtm\">\n<div class=\"markup -mhm -pvl -oxa -sc\">\n<p>Sant\u00e9 c\u00e9r\u00e9brale &amp; \u00e9nergie cellulaire<\/p>\n<p><strong data-start=\"1986\" data-end=\"2028\">Nature\u2019s Way Choline &amp; Inositol 500 mg<\/strong> combine deux nutriments essentiels impliqu\u00e9s dans la sant\u00e9 du cerveau, la m\u00e9moire, la fonction h\u00e9patique et le m\u00e9tabolisme des graisses.<br data-start=\"2165\" data-end=\"2168\" \/>La choline soutient les neurotransmetteurs et le foie, tandis que l\u2019inositol contribue \u00e0 l\u2019\u00e9quilibre nerveux et cellulaire. Id\u00e9al pour la concentration, le bien-\u00eatre mental et le soutien h\u00e9patique au quotidien.<\/p>\n<p>\u0627\u0644\u0627\u0633\u062a\u062e\u062f\u0627\u0645 \u0627\u0644\u0645\u0642\u062a\u0631\u062d<\/p>\n<p>Prenez 2 capsules par jour, de pr\u00e9f\u00e9rence au cours des repas.<\/p>\n<\/div>\n<\/div>","protected":false},"excerpt":{"rendered":"<p>Sant\u00e9 c\u00e9r\u00e9brale &amp; \u00e9nergie cellulaire Nature\u2019s Way Choline &amp; Inositol 500 mg combine deux nutriments essentiels impliqu\u00e9s dans la sant\u00e9 du cerveau, la m\u00e9moire, la fonction h\u00e9patique et le m\u00e9tabolisme des graisses.La choline soutient les neurotransmetteurs et le foie, tandis que l\u2019inositol contribue \u00e0 l\u2019\u00e9quilibre nerveux et cellulaire. Id\u00e9al pour la concentration, le bien-\u00eatre mental [&hellip;]<\/p>\n","protected":false},"featured_media":27448,"template":"","meta":{"om_disable_all_campaigns":false},"product_brand":[2144],"product_cat":[18,382,130,19],"product_tag":[5552,4962,5555,5551,5553,5554,1831,5327],"class_list":{"0":"post-27445","1":"product","2":"type-product","3":"status-publish","4":"has-post-thumbnail","6":"product_brand-natures-way","7":"product_cat-beaute-sante","8":"product_cat-choline","9":"product_cat-vitamines","10":"product_cat-vitamines-supplements-dietetiques","11":"product_tag-choline-inositol-500-mg","12":"product_tag-choline-maroc","13":"product_tag-complement-cerveau-maroc","14":"product_tag-inositol-maroc","15":"product_tag-memoire-concentration-maroc","16":"product_tag-metabolisme-graisses-maroc","17":"product_tag-natures-way-maroc","18":"product_tag-sante-du-foie-maroc","20":"first","21":"instock","22":"taxable","23":"shipping-taxable","24":"purchasable","25":"product-type-simple"},"yoast_head":"<!-- This site is optimized with the Yoast SEO plugin v27.4 - https:\/\/yoast.com\/product\/yoast-seo-wordpress\/ -->\n<title>Nature&#039;S Way Choline et inositol, 500 mg, 100 capsules - Maroc Prix<\/title>\n<meta name=\"description\" content=\"Nature\u2019s Way Choline &amp; Inositol 500 mg soutient la fonction c\u00e9r\u00e9brale, le foie et le m\u00e9tabolisme des graisses. Capsules de qualit\u00e9. Maroc.\" \/>\n<meta name=\"robots\" content=\"index, follow, max-snippet:-1, max-image-preview:large, max-video-preview:-1\" \/>\n<link rel=\"canonical\" href=\"https:\/\/vitablanca.ma\/ar\/product-2\/natures-way-choline-et-inositol-500-mg-100-capsules\/\" \/>\n<meta property=\"og:locale\" content=\"ar_AR\" \/>\n<meta property=\"og:type\" content=\"article\" \/>\n<meta property=\"og:title\" content=\"Nature&#039;S Way Choline et inositol, 500 mg, 100 capsules - Maroc Prix\" \/>\n<meta property=\"og:description\" content=\"Nature\u2019s Way Choline &amp; Inositol 500 mg soutient la fonction c\u00e9r\u00e9brale, le foie et le m\u00e9tabolisme des graisses. Capsules de qualit\u00e9. Maroc.\" \/>\n<meta property=\"og:url\" content=\"https:\/\/vitablanca.ma\/ar\/product-2\/natures-way-choline-et-inositol-500-mg-100-capsules\/\" \/>\n<meta property=\"og:site_name\" content=\"Vitablanca.ma &ndash; Sant&eacute;, vitalit&eacute; et bien-&ecirc;tre pour tous les Marocains\" \/>\n<meta property=\"article:publisher\" content=\"https:\/\/www.facebook.com\/profile.php?id=61576678196717\" \/>\n<meta property=\"article:modified_time\" content=\"2025-12-27T19:32:30+00:00\" \/>\n<meta property=\"og:image\" content=\"https:\/\/vitablanca.ma\/wp-content\/uploads\/2025\/12\/1-3.jpg\" \/>\n\t<meta property=\"og:image:width\" content=\"680\" \/>\n\t<meta property=\"og:image:height\" content=\"680\" \/>\n\t<meta property=\"og:image:type\" content=\"image\/jpeg\" \/>\n<meta name=\"twitter:card\" content=\"summary_large_image\" \/>\n<meta name=\"twitter:label1\" content=\"\u0648\u0642\u062a \u0627\u0644\u0642\u0631\u0627\u0621\u0629 \u0627\u0644\u0645\u064f\u0642\u062f\u0651\u0631\" \/>\n\t<meta name=\"twitter:data1\" content=\"\u062f\u0642\u064a\u0642\u0629 \u0648\u0627\u062d\u062f\u0629\" \/>\n<script type=\"application\/ld+json\" class=\"yoast-schema-graph\">{\"@context\":\"https:\\\/\\\/schema.org\",\"@graph\":[{\"@type\":[\"WebPage\",\"ItemPage\"],\"@id\":\"https:\\\/\\\/vitablanca.ma\\\/produit\\\/natures-way-choline-et-inositol-500-mg-100-capsules\\\/\",\"url\":\"https:\\\/\\\/vitablanca.ma\\\/produit\\\/natures-way-choline-et-inositol-500-mg-100-capsules\\\/\",\"name\":\"Nature'S Way Choline et inositol, 500 mg, 100 capsules - Maroc Prix\",\"isPartOf\":{\"@id\":\"https:\\\/\\\/vitablanca.ma\\\/#website\"},\"primaryImageOfPage\":{\"@id\":\"https:\\\/\\\/vitablanca.ma\\\/produit\\\/natures-way-choline-et-inositol-500-mg-100-capsules\\\/#primaryimage\"},\"image\":{\"@id\":\"https:\\\/\\\/vitablanca.ma\\\/produit\\\/natures-way-choline-et-inositol-500-mg-100-capsules\\\/#primaryimage\"},\"thumbnailUrl\":\"https:\\\/\\\/vitablanca.ma\\\/wp-content\\\/uploads\\\/2025\\\/12\\\/1-3.jpg\",\"datePublished\":\"2025-12-23T17:18:57+00:00\",\"dateModified\":\"2025-12-27T19:32:30+00:00\",\"description\":\"Nature\u2019s Way Choline & Inositol 500 mg soutient la fonction c\u00e9r\u00e9brale, le foie et le m\u00e9tabolisme des graisses. Capsules de qualit\u00e9. Maroc.\",\"breadcrumb\":{\"@id\":\"https:\\\/\\\/vitablanca.ma\\\/produit\\\/natures-way-choline-et-inositol-500-mg-100-capsules\\\/#breadcrumb\"},\"inLanguage\":\"ar\",\"potentialAction\":[{\"@type\":\"ReadAction\",\"target\":[\"https:\\\/\\\/vitablanca.ma\\\/produit\\\/natures-way-choline-et-inositol-500-mg-100-capsules\\\/\"]}]},{\"@type\":\"ImageObject\",\"inLanguage\":\"ar\",\"@id\":\"https:\\\/\\\/vitablanca.ma\\\/produit\\\/natures-way-choline-et-inositol-500-mg-100-capsules\\\/#primaryimage\",\"url\":\"https:\\\/\\\/vitablanca.ma\\\/wp-content\\\/uploads\\\/2025\\\/12\\\/1-3.jpg\",\"contentUrl\":\"https:\\\/\\\/vitablanca.ma\\\/wp-content\\\/uploads\\\/2025\\\/12\\\/1-3.jpg\",\"width\":680,\"height\":680},{\"@type\":\"BreadcrumbList\",\"@id\":\"https:\\\/\\\/vitablanca.ma\\\/produit\\\/natures-way-choline-et-inositol-500-mg-100-capsules\\\/#breadcrumb\",\"itemListElement\":[{\"@type\":\"ListItem\",\"position\":1,\"name\":\"Home\",\"item\":\"https:\\\/\\\/vitablanca.ma\\\/\"},{\"@type\":\"ListItem\",\"position\":2,\"name\":\"Tous Les Produits\",\"item\":\"https:\\\/\\\/vitablanca.ma\\\/tous-les-produits\\\/\"},{\"@type\":\"ListItem\",\"position\":3,\"name\":\"Nature&#8217;S Way Choline et inositol, 500 mg, 100 capsules\"}]},{\"@type\":\"WebSite\",\"@id\":\"https:\\\/\\\/vitablanca.ma\\\/#website\",\"url\":\"https:\\\/\\\/vitablanca.ma\\\/\",\"name\":\"VitaBlanca.ma | Compl\u00e9ments alimentaires, sant\u00e9 & beaut\u00e9 au Maroc\",\"description\":\"vendre vitamines et compl\u00e9ments premium des USA &amp; Canada, Nouvelle Z\u00e9lande,Maroc (NOW Foods, Solgar, Manuka). Livraison rapide partout au Maroc.\",\"publisher\":{\"@id\":\"https:\\\/\\\/vitablanca.ma\\\/#organization\"},\"alternateName\":\"VitaBlanca.ma\",\"potentialAction\":[{\"@type\":\"SearchAction\",\"target\":{\"@type\":\"EntryPoint\",\"urlTemplate\":\"https:\\\/\\\/vitablanca.ma\\\/?s={search_term_string}\"},\"query-input\":{\"@type\":\"PropertyValueSpecification\",\"valueRequired\":true,\"valueName\":\"search_term_string\"}}],\"inLanguage\":\"ar\"},{\"@type\":\"Organization\",\"@id\":\"https:\\\/\\\/vitablanca.ma\\\/#organization\",\"name\":\"VitaBlanca\",\"url\":\"https:\\\/\\\/vitablanca.ma\\\/\",\"logo\":{\"@type\":\"ImageObject\",\"inLanguage\":\"ar\",\"@id\":\"https:\\\/\\\/vitablanca.ma\\\/#\\\/schema\\\/logo\\\/image\\\/\",\"url\":\"https:\\\/\\\/vitablanca.ma\\\/wp-content\\\/uploads\\\/2025\\\/05\\\/cropped-vitablanca.png\",\"contentUrl\":\"https:\\\/\\\/vitablanca.ma\\\/wp-content\\\/uploads\\\/2025\\\/05\\\/cropped-vitablanca.png\",\"width\":360,\"height\":67,\"caption\":\"VitaBlanca\"},\"image\":{\"@id\":\"https:\\\/\\\/vitablanca.ma\\\/#\\\/schema\\\/logo\\\/image\\\/\"},\"sameAs\":[\"https:\\\/\\\/www.facebook.com\\\/profile.php?id=61576678196717\",\"https:\\\/\\\/www.tiktok.com\\\/@vitablanca.ma\",\"https:\\\/\\\/www.instagram.com\\\/vitablanca.ma\\\/\"]}]}<\/script>\n<!-- \/ Yoast SEO plugin. -->","yoast_head_json":{"title":"Nature'S Way Choline et inositol, 500 mg, 100 capsules - Maroc Prix","description":"Nature\u2019s Way Choline & Inositol 500 mg soutient la fonction c\u00e9r\u00e9brale, le foie et le m\u00e9tabolisme des graisses. Capsules de qualit\u00e9. Maroc.","robots":{"index":"index","follow":"follow","max-snippet":"max-snippet:-1","max-image-preview":"max-image-preview:large","max-video-preview":"max-video-preview:-1"},"canonical":"https:\/\/vitablanca.ma\/ar\/product-2\/natures-way-choline-et-inositol-500-mg-100-capsules\/","og_locale":"ar_AR","og_type":"article","og_title":"Nature'S Way Choline et inositol, 500 mg, 100 capsules - Maroc Prix","og_description":"Nature\u2019s Way Choline & Inositol 500 mg soutient la fonction c\u00e9r\u00e9brale, le foie et le m\u00e9tabolisme des graisses. Capsules de qualit\u00e9. Maroc.","og_url":"https:\/\/vitablanca.ma\/ar\/product-2\/natures-way-choline-et-inositol-500-mg-100-capsules\/","og_site_name":"Vitablanca.ma &ndash; Sant&eacute;, vitalit&eacute; et bien-&ecirc;tre pour tous les Marocains","article_publisher":"https:\/\/www.facebook.com\/profile.php?id=61576678196717","article_modified_time":"2025-12-27T19:32:30+00:00","og_image":[{"width":680,"height":680,"url":"https:\/\/vitablanca.ma\/wp-content\/uploads\/2025\/12\/1-3.jpg","type":"image\/jpeg"}],"twitter_card":"summary_large_image","twitter_misc":{"\u0648\u0642\u062a \u0627\u0644\u0642\u0631\u0627\u0621\u0629 \u0627\u0644\u0645\u064f\u0642\u062f\u0651\u0631":"\u062f\u0642\u064a\u0642\u0629 \u0648\u0627\u062d\u062f\u0629"},"schema":{"@context":"https:\/\/schema.org","@graph":[{"@type":["WebPage","ItemPage"],"@id":"https:\/\/vitablanca.ma\/produit\/natures-way-choline-et-inositol-500-mg-100-capsules\/","url":"https:\/\/vitablanca.ma\/produit\/natures-way-choline-et-inositol-500-mg-100-capsules\/","name":"Nature'S Way Choline et inositol, 500 mg, 100 capsules - Maroc Prix","isPartOf":{"@id":"https:\/\/vitablanca.ma\/#website"},"primaryImageOfPage":{"@id":"https:\/\/vitablanca.ma\/produit\/natures-way-choline-et-inositol-500-mg-100-capsules\/#primaryimage"},"image":{"@id":"https:\/\/vitablanca.ma\/produit\/natures-way-choline-et-inositol-500-mg-100-capsules\/#primaryimage"},"thumbnailUrl":"https:\/\/vitablanca.ma\/wp-content\/uploads\/2025\/12\/1-3.jpg","datePublished":"2025-12-23T17:18:57+00:00","dateModified":"2025-12-27T19:32:30+00:00","description":"Nature\u2019s Way Choline & Inositol 500 mg soutient la fonction c\u00e9r\u00e9brale, le foie et le m\u00e9tabolisme des graisses. Capsules de qualit\u00e9. Maroc.","breadcrumb":{"@id":"https:\/\/vitablanca.ma\/produit\/natures-way-choline-et-inositol-500-mg-100-capsules\/#breadcrumb"},"inLanguage":"ar","potentialAction":[{"@type":"ReadAction","target":["https:\/\/vitablanca.ma\/produit\/natures-way-choline-et-inositol-500-mg-100-capsules\/"]}]},{"@type":"ImageObject","inLanguage":"ar","@id":"https:\/\/vitablanca.ma\/produit\/natures-way-choline-et-inositol-500-mg-100-capsules\/#primaryimage","url":"https:\/\/vitablanca.ma\/wp-content\/uploads\/2025\/12\/1-3.jpg","contentUrl":"https:\/\/vitablanca.ma\/wp-content\/uploads\/2025\/12\/1-3.jpg","width":680,"height":680},{"@type":"BreadcrumbList","@id":"https:\/\/vitablanca.ma\/produit\/natures-way-choline-et-inositol-500-mg-100-capsules\/#breadcrumb","itemListElement":[{"@type":"ListItem","position":1,"name":"Home","item":"https:\/\/vitablanca.ma\/"},{"@type":"ListItem","position":2,"name":"Tous Les Produits","item":"https:\/\/vitablanca.ma\/tous-les-produits\/"},{"@type":"ListItem","position":3,"name":"Nature&#8217;S Way Choline et inositol, 500 mg, 100 capsules"}]},{"@type":"WebSite","@id":"https:\/\/vitablanca.ma\/#website","url":"https:\/\/vitablanca.ma\/","name":"VitaBlanca.ma | \u0627\u0644\u0645\u0643\u0645\u0644\u0627\u062a \u0627\u0644\u063a\u0630\u0627\u0626\u064a\u0629\u060c \u0627\u0644\u0635\u062d\u0629 \u0648\u0627\u0644\u062c\u0645\u0627\u0644 \u0641\u064a \u0627\u0644\u0645\u063a\u0631\u0628","description":"\u0646\u0628\u064a\u0639 \u0641\u064a\u062a\u0627\u0645\u064a\u0646\u0627\u062a \u0648\u0645\u0643\u0645\u0644\u0627\u062a \u063a\u0630\u0627\u0626\u064a\u0629 \u0641\u0627\u062e\u0631\u0629 \u0645\u0646 \u0627\u0644\u0648\u0644\u0627\u064a\u0627\u062a \u0627\u0644\u0645\u062a\u062d\u062f\u0629 \u0627\u0644\u0623\u0645\u0631\u064a\u0643\u064a\u0629 \u0648\u0643\u0646\u062f\u0627 \u0648\u0646\u064a\u0648\u0632\u064a\u0644\u0646\u062f\u0627 \u0648\u0627\u0644\u0645\u063a\u0631\u0628 (\u0646\u0627\u0648 \u0641\u0648\u062f\u0632\u060c \u0633\u0648\u0644\u062c\u0627\u0631\u060c \u0645\u0627\u0646\u0648\u0643\u0627). \u062a\u0648\u0635\u064a\u0644 \u0633\u0631\u064a\u0639 \u0625\u0644\u0649 \u062c\u0645\u064a\u0639 \u0623\u0646\u062d\u0627\u0621 \u0627\u0644\u0645\u063a\u0631\u0628.","publisher":{"@id":"https:\/\/vitablanca.ma\/#organization"},"alternateName":"VitaBlanca.ma","potentialAction":[{"@type":"SearchAction","target":{"@type":"EntryPoint","urlTemplate":"https:\/\/vitablanca.ma\/?s={search_term_string}"},"query-input":{"@type":"PropertyValueSpecification","valueRequired":true,"valueName":"search_term_string"}}],"inLanguage":"ar"},{"@type":"Organization","@id":"https:\/\/vitablanca.ma\/#organization","name":"\u0641\u064a\u062a\u0627\u0628\u0644\u0627\u0646\u0643\u0627","url":"https:\/\/vitablanca.ma\/","logo":{"@type":"ImageObject","inLanguage":"ar","@id":"https:\/\/vitablanca.ma\/#\/schema\/logo\/image\/","url":"https:\/\/vitablanca.ma\/wp-content\/uploads\/2025\/05\/cropped-vitablanca.png","contentUrl":"https:\/\/vitablanca.ma\/wp-content\/uploads\/2025\/05\/cropped-vitablanca.png","width":360,"height":67,"caption":"VitaBlanca"},"image":{"@id":"https:\/\/vitablanca.ma\/#\/schema\/logo\/image\/"},"sameAs":["https:\/\/www.facebook.com\/profile.php?id=61576678196717","https:\/\/www.tiktok.com\/@vitablanca.ma","https:\/\/www.instagram.com\/vitablanca.ma\/"]}]}},"jetpack_sharing_enabled":true,"_links":{"self":[{"href":"https:\/\/vitablanca.ma\/ar\/wp-json\/wp\/v2\/product\/27445","targetHints":{"allow":["GET"]}}],"collection":[{"href":"https:\/\/vitablanca.ma\/ar\/wp-json\/wp\/v2\/product"}],"about":[{"href":"https:\/\/vitablanca.ma\/ar\/wp-json\/wp\/v2\/types\/product"}],"wp:featuredmedia":[{"embeddable":true,"href":"https:\/\/vitablanca.ma\/ar\/wp-json\/wp\/v2\/media\/27448"}],"wp:attachment":[{"href":"https:\/\/vitablanca.ma\/ar\/wp-json\/wp\/v2\/media?parent=27445"}],"wp:term":[{"taxonomy":"product_brand","embeddable":true,"href":"https:\/\/vitablanca.ma\/ar\/wp-json\/wp\/v2\/product_brand?post=27445"},{"taxonomy":"product_cat","embeddable":true,"href":"https:\/\/vitablanca.ma\/ar\/wp-json\/wp\/v2\/product_cat?post=27445"},{"taxonomy":"product_tag","embeddable":true,"href":"https:\/\/vitablanca.ma\/ar\/wp-json\/wp\/v2\/product_tag?post=27445"}],"curies":[{"name":"wp","href":"https:\/\/api.w.org\/{rel}","templated":true}]}}