{"id":26928,"date":"2025-11-25T23:25:16","date_gmt":"2025-11-25T23:25:16","guid":{"rendered":"https:\/\/vitablanca.ma\/?post_type=product&#038;p=26928"},"modified":"2025-12-16T19:28:39","modified_gmt":"2025-12-16T19:28:39","slug":"now-foods-huile-donagre-500mg-prix-maroc-peau-saine-100-capsules-prix-m","status":"publish","type":"product","link":"https:\/\/vitablanca.ma\/ar\/product-2\/now-foods-huile-donagre-500mg-prix-maroc-peau-saine-100-capsules-prix-m\/","title":{"rendered":"Now Foods Huile d&rsquo;onagre 500mg 100 capsules"},"content":{"rendered":"<p>L&rsquo;huile d&rsquo;onagre NOW\u00ae contient de l&rsquo;acide gamma-linol\u00e9nique (GLA) d&rsquo;origine naturelle, un acide gras om\u00e9ga-6 \u00e9galement pr\u00e9sent dans les huiles de graines de bourrache et de cassis. Bien que l&rsquo;organisme puisse synth\u00e9tiser le GLA \u00e0 partir d&rsquo;autres graisses alimentaires, il peut \u00eatre utilis\u00e9 plus efficacement pour les fonctions corporelles lorsqu&rsquo;il est consomm\u00e9 dans son \u00e9tat pr\u00e9form\u00e9.* En soutenant les r\u00e9ponses saines du syst\u00e8me immunitaire de l&rsquo;organisme, le GLA peut aider \u00e0 maintenir une fonction normale de barri\u00e8re cutan\u00e9e, ainsi qu&rsquo;\u00e0 un syst\u00e8me vasculaire sain.*<\/p>","protected":false},"excerpt":{"rendered":"<p>L&rsquo;huile d&rsquo;onagre NOW\u00ae contient de l&rsquo;acide gamma-linol\u00e9nique (GLA) d&rsquo;origine naturelle, un acide gras om\u00e9ga-6 \u00e9galement pr\u00e9sent dans les huiles de graines de bourrache et de cassis. Bien que l&rsquo;organisme puisse synth\u00e9tiser le GLA \u00e0 partir d&rsquo;autres graisses alimentaires, il peut \u00eatre utilis\u00e9 plus efficacement pour les fonctions corporelles lorsqu&rsquo;il est consomm\u00e9 dans son \u00e9tat pr\u00e9form\u00e9.* [&hellip;]<\/p>\n","protected":false},"featured_media":26930,"template":"","meta":{"om_disable_all_campaigns":false},"product_brand":[83],"product_cat":[18,20,19],"product_tag":[345,5063,5064,5067,5070,5069,5071,5062,5061,91,5066,5065,1012,5072],"class_list":{"0":"post-26928","1":"product","2":"type-product","3":"status-publish","4":"has-post-thumbnail","6":"product_brand-now-foods-maroc-prix","7":"product_cat-beaute-sante","8":"product_cat-supplements","9":"product_cat-vitamines-supplements-dietetiques","10":"product_tag-equilibre-hormonal","11":"product_tag-bien-etre-feminin","12":"product_tag-capsules-huile-donagre","13":"product_tag-complement-feminin","14":"product_tag-complement-vegetarien","15":"product_tag-confort-menstruel","16":"product_tag-gla-omega-6","17":"product_tag-huile-donagre-500-mg","18":"product_tag-huile-donagre-now-foods","19":"product_tag-now-foods-maroc","20":"product_tag-omega-6-essentiels","21":"product_tag-peau-hydratee","22":"product_tag-sante-cellulaire","23":"product_tag-sante-de-la-peau","25":"first","26":"instock","27":"taxable","28":"shipping-taxable","29":"purchasable","30":"product-type-simple"},"yoast_head":"<!-- This site is optimized with the Yoast SEO plugin v27.3 - https:\/\/yoast.com\/product\/yoast-seo-wordpress\/ -->\n<title>Maroc Prix<\/title>\n<meta name=\"description\" content=\"Now Foods Huile d\u2019Onagre 500 mg, 100 capsules. Soutien peau, \u00e9quilibre hormonal, confort menstruel et bien-\u00eatre f\u00e9minin au quotidien.\" \/>\n<meta name=\"robots\" content=\"index, follow, max-snippet:-1, max-image-preview:large, max-video-preview:-1\" \/>\n<link rel=\"canonical\" href=\"https:\/\/vitablanca.ma\/ar\/product-2\/now-foods-huile-donagre-500mg-prix-maroc-peau-saine-100-capsules-prix-m\/\" \/>\n<meta property=\"og:locale\" content=\"ar_AR\" \/>\n<meta property=\"og:type\" content=\"article\" \/>\n<meta property=\"og:title\" content=\"Maroc Prix\" \/>\n<meta property=\"og:description\" content=\"Now Foods Huile d\u2019Onagre 500 mg, 100 capsules. Soutien peau, \u00e9quilibre hormonal, confort menstruel et bien-\u00eatre f\u00e9minin au quotidien.\" \/>\n<meta property=\"og:url\" content=\"https:\/\/vitablanca.ma\/ar\/product-2\/now-foods-huile-donagre-500mg-prix-maroc-peau-saine-100-capsules-prix-m\/\" \/>\n<meta property=\"og:site_name\" content=\"Vitablanca.ma &ndash; Sant&eacute;, vitalit&eacute; et bien-&ecirc;tre pour tous les Marocains\" \/>\n<meta property=\"article:publisher\" content=\"https:\/\/www.facebook.com\/profile.php?id=61576678196717\" \/>\n<meta property=\"article:modified_time\" content=\"2025-12-16T19:28:39+00:00\" \/>\n<meta property=\"og:image\" content=\"https:\/\/vitablanca.ma\/wp-content\/uploads\/2025\/11\/now-foods-huile-donagre-500mg-peau-saine-100-capsules-.jpg\" \/>\n\t<meta property=\"og:image:width\" content=\"680\" \/>\n\t<meta property=\"og:image:height\" content=\"680\" \/>\n\t<meta property=\"og:image:type\" content=\"image\/jpeg\" \/>\n<meta name=\"twitter:card\" content=\"summary_large_image\" \/>\n<meta name=\"twitter:label1\" content=\"\u0648\u0642\u062a \u0627\u0644\u0642\u0631\u0627\u0621\u0629 \u0627\u0644\u0645\u064f\u0642\u062f\u0651\u0631\" \/>\n\t<meta name=\"twitter:data1\" content=\"\u062f\u0642\u064a\u0642\u0629 \u0648\u0627\u062d\u062f\u0629\" \/>\n<script type=\"application\/ld+json\" class=\"yoast-schema-graph\">{\"@context\":\"https:\\\/\\\/schema.org\",\"@graph\":[{\"@type\":[\"WebPage\",\"ItemPage\"],\"@id\":\"https:\\\/\\\/vitablanca.ma\\\/produit\\\/now-foods-huile-donagre-500mg-prix-maroc-peau-saine-100-capsules-prix-m\\\/\",\"url\":\"https:\\\/\\\/vitablanca.ma\\\/produit\\\/now-foods-huile-donagre-500mg-prix-maroc-peau-saine-100-capsules-prix-m\\\/\",\"name\":\"Maroc Prix\",\"isPartOf\":{\"@id\":\"https:\\\/\\\/vitablanca.ma\\\/#website\"},\"primaryImageOfPage\":{\"@id\":\"https:\\\/\\\/vitablanca.ma\\\/produit\\\/now-foods-huile-donagre-500mg-prix-maroc-peau-saine-100-capsules-prix-m\\\/#primaryimage\"},\"image\":{\"@id\":\"https:\\\/\\\/vitablanca.ma\\\/produit\\\/now-foods-huile-donagre-500mg-prix-maroc-peau-saine-100-capsules-prix-m\\\/#primaryimage\"},\"thumbnailUrl\":\"https:\\\/\\\/vitablanca.ma\\\/wp-content\\\/uploads\\\/2025\\\/11\\\/now-foods-huile-donagre-500mg-peau-saine-100-capsules-.jpg\",\"datePublished\":\"2025-11-25T23:25:16+00:00\",\"dateModified\":\"2025-12-16T19:28:39+00:00\",\"description\":\"Now Foods Huile d\u2019Onagre 500 mg, 100 capsules. Soutien peau, \u00e9quilibre hormonal, confort menstruel et bien-\u00eatre f\u00e9minin au quotidien.\",\"breadcrumb\":{\"@id\":\"https:\\\/\\\/vitablanca.ma\\\/produit\\\/now-foods-huile-donagre-500mg-prix-maroc-peau-saine-100-capsules-prix-m\\\/#breadcrumb\"},\"inLanguage\":\"ar\",\"potentialAction\":[{\"@type\":\"ReadAction\",\"target\":[\"https:\\\/\\\/vitablanca.ma\\\/produit\\\/now-foods-huile-donagre-500mg-prix-maroc-peau-saine-100-capsules-prix-m\\\/\"]}]},{\"@type\":\"ImageObject\",\"inLanguage\":\"ar\",\"@id\":\"https:\\\/\\\/vitablanca.ma\\\/produit\\\/now-foods-huile-donagre-500mg-prix-maroc-peau-saine-100-capsules-prix-m\\\/#primaryimage\",\"url\":\"https:\\\/\\\/vitablanca.ma\\\/wp-content\\\/uploads\\\/2025\\\/11\\\/now-foods-huile-donagre-500mg-peau-saine-100-capsules-.jpg\",\"contentUrl\":\"https:\\\/\\\/vitablanca.ma\\\/wp-content\\\/uploads\\\/2025\\\/11\\\/now-foods-huile-donagre-500mg-peau-saine-100-capsules-.jpg\",\"width\":680,\"height\":680},{\"@type\":\"BreadcrumbList\",\"@id\":\"https:\\\/\\\/vitablanca.ma\\\/produit\\\/now-foods-huile-donagre-500mg-prix-maroc-peau-saine-100-capsules-prix-m\\\/#breadcrumb\",\"itemListElement\":[{\"@type\":\"ListItem\",\"position\":1,\"name\":\"Home\",\"item\":\"https:\\\/\\\/vitablanca.ma\\\/\"},{\"@type\":\"ListItem\",\"position\":2,\"name\":\"Tous Les Produits\",\"item\":\"https:\\\/\\\/vitablanca.ma\\\/tous-les-produits\\\/\"},{\"@type\":\"ListItem\",\"position\":3,\"name\":\"Now Foods Huile d&#8217;onagre 500mg 100 capsules\"}]},{\"@type\":\"WebSite\",\"@id\":\"https:\\\/\\\/vitablanca.ma\\\/#website\",\"url\":\"https:\\\/\\\/vitablanca.ma\\\/\",\"name\":\"VitaBlanca.ma | Compl\u00e9ments alimentaires, sant\u00e9 & beaut\u00e9 au Maroc\",\"description\":\"vendre vitamines et compl\u00e9ments premium des USA &amp; Canada, Nouvelle Z\u00e9lande,Maroc (NOW Foods, Solgar, Manuka). Livraison rapide partout au Maroc.\",\"publisher\":{\"@id\":\"https:\\\/\\\/vitablanca.ma\\\/#organization\"},\"alternateName\":\"VitaBlanca.ma\",\"potentialAction\":[{\"@type\":\"SearchAction\",\"target\":{\"@type\":\"EntryPoint\",\"urlTemplate\":\"https:\\\/\\\/vitablanca.ma\\\/?s={search_term_string}\"},\"query-input\":{\"@type\":\"PropertyValueSpecification\",\"valueRequired\":true,\"valueName\":\"search_term_string\"}}],\"inLanguage\":\"ar\"},{\"@type\":\"Organization\",\"@id\":\"https:\\\/\\\/vitablanca.ma\\\/#organization\",\"name\":\"VitaBlanca\",\"url\":\"https:\\\/\\\/vitablanca.ma\\\/\",\"logo\":{\"@type\":\"ImageObject\",\"inLanguage\":\"ar\",\"@id\":\"https:\\\/\\\/vitablanca.ma\\\/#\\\/schema\\\/logo\\\/image\\\/\",\"url\":\"https:\\\/\\\/vitablanca.ma\\\/wp-content\\\/uploads\\\/2025\\\/05\\\/cropped-vitablanca.png\",\"contentUrl\":\"https:\\\/\\\/vitablanca.ma\\\/wp-content\\\/uploads\\\/2025\\\/05\\\/cropped-vitablanca.png\",\"width\":360,\"height\":67,\"caption\":\"VitaBlanca\"},\"image\":{\"@id\":\"https:\\\/\\\/vitablanca.ma\\\/#\\\/schema\\\/logo\\\/image\\\/\"},\"sameAs\":[\"https:\\\/\\\/www.facebook.com\\\/profile.php?id=61576678196717\",\"https:\\\/\\\/www.tiktok.com\\\/@vitablanca.ma\",\"https:\\\/\\\/www.instagram.com\\\/vitablanca.ma\\\/\"]}]}<\/script>\n<!-- \/ Yoast SEO plugin. -->","yoast_head_json":{"title":"Maroc Prix","description":"Now Foods Huile d\u2019Onagre 500 mg, 100 capsules. Soutien peau, \u00e9quilibre hormonal, confort menstruel et bien-\u00eatre f\u00e9minin au quotidien.","robots":{"index":"index","follow":"follow","max-snippet":"max-snippet:-1","max-image-preview":"max-image-preview:large","max-video-preview":"max-video-preview:-1"},"canonical":"https:\/\/vitablanca.ma\/ar\/product-2\/now-foods-huile-donagre-500mg-prix-maroc-peau-saine-100-capsules-prix-m\/","og_locale":"ar_AR","og_type":"article","og_title":"Maroc Prix","og_description":"Now Foods Huile d\u2019Onagre 500 mg, 100 capsules. Soutien peau, \u00e9quilibre hormonal, confort menstruel et bien-\u00eatre f\u00e9minin au quotidien.","og_url":"https:\/\/vitablanca.ma\/ar\/product-2\/now-foods-huile-donagre-500mg-prix-maroc-peau-saine-100-capsules-prix-m\/","og_site_name":"Vitablanca.ma &ndash; Sant&eacute;, vitalit&eacute; et bien-&ecirc;tre pour tous les Marocains","article_publisher":"https:\/\/www.facebook.com\/profile.php?id=61576678196717","article_modified_time":"2025-12-16T19:28:39+00:00","og_image":[{"width":680,"height":680,"url":"https:\/\/vitablanca.ma\/wp-content\/uploads\/2025\/11\/now-foods-huile-donagre-500mg-peau-saine-100-capsules-.jpg","type":"image\/jpeg"}],"twitter_card":"summary_large_image","twitter_misc":{"\u0648\u0642\u062a \u0627\u0644\u0642\u0631\u0627\u0621\u0629 \u0627\u0644\u0645\u064f\u0642\u062f\u0651\u0631":"\u062f\u0642\u064a\u0642\u0629 \u0648\u0627\u062d\u062f\u0629"},"schema":{"@context":"https:\/\/schema.org","@graph":[{"@type":["WebPage","ItemPage"],"@id":"https:\/\/vitablanca.ma\/produit\/now-foods-huile-donagre-500mg-prix-maroc-peau-saine-100-capsules-prix-m\/","url":"https:\/\/vitablanca.ma\/produit\/now-foods-huile-donagre-500mg-prix-maroc-peau-saine-100-capsules-prix-m\/","name":"Maroc Prix","isPartOf":{"@id":"https:\/\/vitablanca.ma\/#website"},"primaryImageOfPage":{"@id":"https:\/\/vitablanca.ma\/produit\/now-foods-huile-donagre-500mg-prix-maroc-peau-saine-100-capsules-prix-m\/#primaryimage"},"image":{"@id":"https:\/\/vitablanca.ma\/produit\/now-foods-huile-donagre-500mg-prix-maroc-peau-saine-100-capsules-prix-m\/#primaryimage"},"thumbnailUrl":"https:\/\/vitablanca.ma\/wp-content\/uploads\/2025\/11\/now-foods-huile-donagre-500mg-peau-saine-100-capsules-.jpg","datePublished":"2025-11-25T23:25:16+00:00","dateModified":"2025-12-16T19:28:39+00:00","description":"Now Foods Huile d\u2019Onagre 500 mg, 100 capsules. Soutien peau, \u00e9quilibre hormonal, confort menstruel et bien-\u00eatre f\u00e9minin au quotidien.","breadcrumb":{"@id":"https:\/\/vitablanca.ma\/produit\/now-foods-huile-donagre-500mg-prix-maroc-peau-saine-100-capsules-prix-m\/#breadcrumb"},"inLanguage":"ar","potentialAction":[{"@type":"ReadAction","target":["https:\/\/vitablanca.ma\/produit\/now-foods-huile-donagre-500mg-prix-maroc-peau-saine-100-capsules-prix-m\/"]}]},{"@type":"ImageObject","inLanguage":"ar","@id":"https:\/\/vitablanca.ma\/produit\/now-foods-huile-donagre-500mg-prix-maroc-peau-saine-100-capsules-prix-m\/#primaryimage","url":"https:\/\/vitablanca.ma\/wp-content\/uploads\/2025\/11\/now-foods-huile-donagre-500mg-peau-saine-100-capsules-.jpg","contentUrl":"https:\/\/vitablanca.ma\/wp-content\/uploads\/2025\/11\/now-foods-huile-donagre-500mg-peau-saine-100-capsules-.jpg","width":680,"height":680},{"@type":"BreadcrumbList","@id":"https:\/\/vitablanca.ma\/produit\/now-foods-huile-donagre-500mg-prix-maroc-peau-saine-100-capsules-prix-m\/#breadcrumb","itemListElement":[{"@type":"ListItem","position":1,"name":"Home","item":"https:\/\/vitablanca.ma\/"},{"@type":"ListItem","position":2,"name":"Tous Les Produits","item":"https:\/\/vitablanca.ma\/tous-les-produits\/"},{"@type":"ListItem","position":3,"name":"Now Foods Huile d&#8217;onagre 500mg 100 capsules"}]},{"@type":"WebSite","@id":"https:\/\/vitablanca.ma\/#website","url":"https:\/\/vitablanca.ma\/","name":"VitaBlanca.ma | \u0627\u0644\u0645\u0643\u0645\u0644\u0627\u062a \u0627\u0644\u063a\u0630\u0627\u0626\u064a\u0629\u060c \u0627\u0644\u0635\u062d\u0629 \u0648\u0627\u0644\u062c\u0645\u0627\u0644 \u0641\u064a \u0627\u0644\u0645\u063a\u0631\u0628","description":"\u0646\u0628\u064a\u0639 \u0641\u064a\u062a\u0627\u0645\u064a\u0646\u0627\u062a \u0648\u0645\u0643\u0645\u0644\u0627\u062a \u063a\u0630\u0627\u0626\u064a\u0629 \u0641\u0627\u062e\u0631\u0629 \u0645\u0646 \u0627\u0644\u0648\u0644\u0627\u064a\u0627\u062a \u0627\u0644\u0645\u062a\u062d\u062f\u0629 \u0627\u0644\u0623\u0645\u0631\u064a\u0643\u064a\u0629 \u0648\u0643\u0646\u062f\u0627 \u0648\u0646\u064a\u0648\u0632\u064a\u0644\u0646\u062f\u0627 \u0648\u0627\u0644\u0645\u063a\u0631\u0628 (\u0646\u0627\u0648 \u0641\u0648\u062f\u0632\u060c \u0633\u0648\u0644\u062c\u0627\u0631\u060c \u0645\u0627\u0646\u0648\u0643\u0627). \u062a\u0648\u0635\u064a\u0644 \u0633\u0631\u064a\u0639 \u0625\u0644\u0649 \u062c\u0645\u064a\u0639 \u0623\u0646\u062d\u0627\u0621 \u0627\u0644\u0645\u063a\u0631\u0628.","publisher":{"@id":"https:\/\/vitablanca.ma\/#organization"},"alternateName":"VitaBlanca.ma","potentialAction":[{"@type":"SearchAction","target":{"@type":"EntryPoint","urlTemplate":"https:\/\/vitablanca.ma\/?s={search_term_string}"},"query-input":{"@type":"PropertyValueSpecification","valueRequired":true,"valueName":"search_term_string"}}],"inLanguage":"ar"},{"@type":"Organization","@id":"https:\/\/vitablanca.ma\/#organization","name":"\u0641\u064a\u062a\u0627\u0628\u0644\u0627\u0646\u0643\u0627","url":"https:\/\/vitablanca.ma\/","logo":{"@type":"ImageObject","inLanguage":"ar","@id":"https:\/\/vitablanca.ma\/#\/schema\/logo\/image\/","url":"https:\/\/vitablanca.ma\/wp-content\/uploads\/2025\/05\/cropped-vitablanca.png","contentUrl":"https:\/\/vitablanca.ma\/wp-content\/uploads\/2025\/05\/cropped-vitablanca.png","width":360,"height":67,"caption":"VitaBlanca"},"image":{"@id":"https:\/\/vitablanca.ma\/#\/schema\/logo\/image\/"},"sameAs":["https:\/\/www.facebook.com\/profile.php?id=61576678196717","https:\/\/www.tiktok.com\/@vitablanca.ma","https:\/\/www.instagram.com\/vitablanca.ma\/"]}]}},"jetpack_sharing_enabled":true,"_links":{"self":[{"href":"https:\/\/vitablanca.ma\/ar\/wp-json\/wp\/v2\/product\/26928","targetHints":{"allow":["GET"]}}],"collection":[{"href":"https:\/\/vitablanca.ma\/ar\/wp-json\/wp\/v2\/product"}],"about":[{"href":"https:\/\/vitablanca.ma\/ar\/wp-json\/wp\/v2\/types\/product"}],"wp:featuredmedia":[{"embeddable":true,"href":"https:\/\/vitablanca.ma\/ar\/wp-json\/wp\/v2\/media\/26930"}],"wp:attachment":[{"href":"https:\/\/vitablanca.ma\/ar\/wp-json\/wp\/v2\/media?parent=26928"}],"wp:term":[{"taxonomy":"product_brand","embeddable":true,"href":"https:\/\/vitablanca.ma\/ar\/wp-json\/wp\/v2\/product_brand?post=26928"},{"taxonomy":"product_cat","embeddable":true,"href":"https:\/\/vitablanca.ma\/ar\/wp-json\/wp\/v2\/product_cat?post=26928"},{"taxonomy":"product_tag","embeddable":true,"href":"https:\/\/vitablanca.ma\/ar\/wp-json\/wp\/v2\/product_tag?post=26928"}],"curies":[{"name":"wp","href":"https:\/\/api.w.org\/{rel}","templated":true}]}}