{"id":26915,"date":"2025-11-25T22:49:23","date_gmt":"2025-11-25T22:49:23","guid":{"rendered":"https:\/\/vitablanca.ma\/?post_type=product&#038;p=26915"},"modified":"2025-12-16T19:28:39","modified_gmt":"2025-12-16T19:28:39","slug":"now-foods-sunflower-lecithin-1200mg-avec-phosphatidyl-choline-100-softgels-prix-maroc","status":"publish","type":"product","link":"https:\/\/vitablanca.ma\/ar\/product-2\/now-foods-sunflower-lecithin-1200mg-avec-phosphatidyl-choline-100-softgels-prix-maroc\/","title":{"rendered":"Now Foods Sunflower Lecithin 1200mg Avec Phosphatidyl Choline, 100 Softgels"},"content":{"rendered":"<p>1\u00a0200 mg de phosphatidylcholine La l\u00e9cithine de tournesol NOW\u00ae contient de la phosphatidylcholine, le phospholipide le plus abondant dans la membrane cellulaire, o\u00f9 elle joue un r\u00f4le cl\u00e9 dans la signalisation cellulaire et la fonction synaptique.* La l\u00e9cithine de tournesol NOW\u00ae regorge \u00e9galement naturellement de phosphatidyl inositol, de phosphatidyl \u00e9thanolamine et d&rsquo;acides gras essentiels. La l\u00e9cithine dans l&rsquo;alimentation aide \u00e0 \u00e9mulsifier les graisses, leur permettant d&rsquo;\u00eatre dispers\u00e9es dans l&rsquo;eau ; et en tant que phospholipide contenant de la choline, sa choline est facilement absorb\u00e9e et utilis\u00e9e par l&rsquo;organisme.* Les g\u00e9lules de l\u00e9cithine de tournesol NOW\u00ae sont sans OGM et sans soja. Une variation de couleur naturelle peut se produire dans ce produit.<\/p>\n\n\n\n<p><\/p>","protected":false},"excerpt":{"rendered":"<p>1\u00a0200 mg de phosphatidylcholine La l\u00e9cithine de tournesol NOW\u00ae contient de la phosphatidylcholine, le phospholipide le plus abondant dans la membrane cellulaire, o\u00f9 elle joue un r\u00f4le cl\u00e9 dans la signalisation cellulaire et la fonction synaptique.* La l\u00e9cithine de tournesol NOW\u00ae regorge \u00e9galement naturellement de phosphatidyl inositol, de phosphatidyl \u00e9thanolamine et d&rsquo;acides gras essentiels. La [&hellip;]<\/p>\n","protected":false},"featured_media":26917,"template":"","meta":{"om_disable_all_campaigns":false},"product_brand":[83],"product_cat":[21,18,20,19],"product_tag":[5039,821,5040,5034,5036,5042,872,5035,5041,5033,5038,5031,5032,5037],"class_list":{"0":"post-26915","1":"product","2":"type-product","3":"status-publish","4":"has-post-thumbnail","6":"product_brand-now-foods-maroc-prix","7":"product_cat-acides-gras-essentiels","8":"product_cat-beaute-sante","9":"product_cat-supplements","10":"product_cat-vitamines-supplements-dietetiques","11":"product_tag-cholesterol-sain","12":"product_tag-complement-alimentaire-maroc","13":"product_tag-complement-cardiovasculaire","14":"product_tag-lecithine-1200-mg","15":"product_tag-lecithine-sans-soja","16":"product_tag-lecithine-vegetarienne","17":"product_tag-memoire-et-concentration","18":"product_tag-metabolisme-des-graisses","19":"product_tag-now-foods-lecithine-tournesol","20":"product_tag-phosphatidyl-choline","21":"product_tag-sante-cerebrale","22":"product_tag-sante-foie","23":"product_tag-sante-lipidique","24":"product_tag-softgels-now-foods","26":"first","27":"instock","28":"taxable","29":"shipping-taxable","30":"purchasable","31":"product-type-simple"},"yoast_head":"<!-- This site is optimized with the Yoast SEO plugin v27.4 - https:\/\/yoast.com\/product\/yoast-seo-wordpress\/ -->\n<title>Maroc Prix<\/title>\n<meta name=\"description\" content=\"Now Foods Sunflower Lecithin 1200 mg avec Phosphatidyl Choline, 100 softgels. Soutien foie, cerveau, m\u00e9moire, concentration et cholest\u00e9rol sain.\" \/>\n<meta name=\"robots\" content=\"index, follow, max-snippet:-1, max-image-preview:large, max-video-preview:-1\" \/>\n<link rel=\"canonical\" href=\"https:\/\/vitablanca.ma\/ar\/product-2\/now-foods-sunflower-lecithin-1200mg-avec-phosphatidyl-choline-100-softgels-prix-maroc\/\" \/>\n<meta property=\"og:locale\" content=\"ar_AR\" \/>\n<meta property=\"og:type\" content=\"article\" \/>\n<meta property=\"og:title\" content=\"Maroc Prix\" \/>\n<meta property=\"og:description\" content=\"Now Foods Sunflower Lecithin 1200 mg avec Phosphatidyl Choline, 100 softgels. Soutien foie, cerveau, m\u00e9moire, concentration et cholest\u00e9rol sain.\" \/>\n<meta property=\"og:url\" content=\"https:\/\/vitablanca.ma\/ar\/product-2\/now-foods-sunflower-lecithin-1200mg-avec-phosphatidyl-choline-100-softgels-prix-maroc\/\" \/>\n<meta property=\"og:site_name\" content=\"Vitablanca.ma &ndash; Sant&eacute;, vitalit&eacute; et bien-&ecirc;tre pour tous les Marocains\" \/>\n<meta property=\"article:publisher\" content=\"https:\/\/www.facebook.com\/profile.php?id=61576678196717\" \/>\n<meta property=\"article:modified_time\" content=\"2025-12-16T19:28:39+00:00\" \/>\n<meta property=\"og:image\" content=\"https:\/\/vitablanca.ma\/wp-content\/uploads\/2025\/11\/now-foods-sunflower-lecithin-1200mg-avec-phosphatidyl-choline-.jpg\" \/>\n\t<meta property=\"og:image:width\" content=\"680\" \/>\n\t<meta property=\"og:image:height\" content=\"680\" \/>\n\t<meta property=\"og:image:type\" content=\"image\/jpeg\" \/>\n<meta name=\"twitter:card\" content=\"summary_large_image\" \/>\n<meta name=\"twitter:label1\" content=\"\u0648\u0642\u062a \u0627\u0644\u0642\u0631\u0627\u0621\u0629 \u0627\u0644\u0645\u064f\u0642\u062f\u0651\u0631\" \/>\n\t<meta name=\"twitter:data1\" content=\"\u062f\u0642\u064a\u0642\u0629 \u0648\u0627\u062d\u062f\u0629\" \/>\n<script type=\"application\/ld+json\" class=\"yoast-schema-graph\">{\"@context\":\"https:\\\/\\\/schema.org\",\"@graph\":[{\"@type\":[\"WebPage\",\"ItemPage\"],\"@id\":\"https:\\\/\\\/vitablanca.ma\\\/produit\\\/now-foods-sunflower-lecithin-1200mg-avec-phosphatidyl-choline-100-softgels-prix-maroc\\\/\",\"url\":\"https:\\\/\\\/vitablanca.ma\\\/produit\\\/now-foods-sunflower-lecithin-1200mg-avec-phosphatidyl-choline-100-softgels-prix-maroc\\\/\",\"name\":\"Maroc Prix\",\"isPartOf\":{\"@id\":\"https:\\\/\\\/vitablanca.ma\\\/#website\"},\"primaryImageOfPage\":{\"@id\":\"https:\\\/\\\/vitablanca.ma\\\/produit\\\/now-foods-sunflower-lecithin-1200mg-avec-phosphatidyl-choline-100-softgels-prix-maroc\\\/#primaryimage\"},\"image\":{\"@id\":\"https:\\\/\\\/vitablanca.ma\\\/produit\\\/now-foods-sunflower-lecithin-1200mg-avec-phosphatidyl-choline-100-softgels-prix-maroc\\\/#primaryimage\"},\"thumbnailUrl\":\"https:\\\/\\\/vitablanca.ma\\\/wp-content\\\/uploads\\\/2025\\\/11\\\/now-foods-sunflower-lecithin-1200mg-avec-phosphatidyl-choline-.jpg\",\"datePublished\":\"2025-11-25T22:49:23+00:00\",\"dateModified\":\"2025-12-16T19:28:39+00:00\",\"description\":\"Now Foods Sunflower Lecithin 1200 mg avec Phosphatidyl Choline, 100 softgels. Soutien foie, cerveau, m\u00e9moire, concentration et cholest\u00e9rol sain.\",\"breadcrumb\":{\"@id\":\"https:\\\/\\\/vitablanca.ma\\\/produit\\\/now-foods-sunflower-lecithin-1200mg-avec-phosphatidyl-choline-100-softgels-prix-maroc\\\/#breadcrumb\"},\"inLanguage\":\"ar\",\"potentialAction\":[{\"@type\":\"ReadAction\",\"target\":[\"https:\\\/\\\/vitablanca.ma\\\/produit\\\/now-foods-sunflower-lecithin-1200mg-avec-phosphatidyl-choline-100-softgels-prix-maroc\\\/\"]}]},{\"@type\":\"ImageObject\",\"inLanguage\":\"ar\",\"@id\":\"https:\\\/\\\/vitablanca.ma\\\/produit\\\/now-foods-sunflower-lecithin-1200mg-avec-phosphatidyl-choline-100-softgels-prix-maroc\\\/#primaryimage\",\"url\":\"https:\\\/\\\/vitablanca.ma\\\/wp-content\\\/uploads\\\/2025\\\/11\\\/now-foods-sunflower-lecithin-1200mg-avec-phosphatidyl-choline-.jpg\",\"contentUrl\":\"https:\\\/\\\/vitablanca.ma\\\/wp-content\\\/uploads\\\/2025\\\/11\\\/now-foods-sunflower-lecithin-1200mg-avec-phosphatidyl-choline-.jpg\",\"width\":680,\"height\":680},{\"@type\":\"BreadcrumbList\",\"@id\":\"https:\\\/\\\/vitablanca.ma\\\/produit\\\/now-foods-sunflower-lecithin-1200mg-avec-phosphatidyl-choline-100-softgels-prix-maroc\\\/#breadcrumb\",\"itemListElement\":[{\"@type\":\"ListItem\",\"position\":1,\"name\":\"Home\",\"item\":\"https:\\\/\\\/vitablanca.ma\\\/\"},{\"@type\":\"ListItem\",\"position\":2,\"name\":\"Tous Les Produits\",\"item\":\"https:\\\/\\\/vitablanca.ma\\\/tous-les-produits\\\/\"},{\"@type\":\"ListItem\",\"position\":3,\"name\":\"Now Foods Sunflower Lecithin 1200mg Avec Phosphatidyl Choline, 100 Softgels\"}]},{\"@type\":\"WebSite\",\"@id\":\"https:\\\/\\\/vitablanca.ma\\\/#website\",\"url\":\"https:\\\/\\\/vitablanca.ma\\\/\",\"name\":\"VitaBlanca.ma | Compl\u00e9ments alimentaires, sant\u00e9 & beaut\u00e9 au Maroc\",\"description\":\"vendre vitamines et compl\u00e9ments premium des USA &amp; Canada, Nouvelle Z\u00e9lande,Maroc (NOW Foods, Solgar, Manuka). Livraison rapide partout au Maroc.\",\"publisher\":{\"@id\":\"https:\\\/\\\/vitablanca.ma\\\/#organization\"},\"alternateName\":\"VitaBlanca.ma\",\"potentialAction\":[{\"@type\":\"SearchAction\",\"target\":{\"@type\":\"EntryPoint\",\"urlTemplate\":\"https:\\\/\\\/vitablanca.ma\\\/?s={search_term_string}\"},\"query-input\":{\"@type\":\"PropertyValueSpecification\",\"valueRequired\":true,\"valueName\":\"search_term_string\"}}],\"inLanguage\":\"ar\"},{\"@type\":\"Organization\",\"@id\":\"https:\\\/\\\/vitablanca.ma\\\/#organization\",\"name\":\"VitaBlanca\",\"url\":\"https:\\\/\\\/vitablanca.ma\\\/\",\"logo\":{\"@type\":\"ImageObject\",\"inLanguage\":\"ar\",\"@id\":\"https:\\\/\\\/vitablanca.ma\\\/#\\\/schema\\\/logo\\\/image\\\/\",\"url\":\"https:\\\/\\\/vitablanca.ma\\\/wp-content\\\/uploads\\\/2025\\\/05\\\/cropped-vitablanca.png\",\"contentUrl\":\"https:\\\/\\\/vitablanca.ma\\\/wp-content\\\/uploads\\\/2025\\\/05\\\/cropped-vitablanca.png\",\"width\":360,\"height\":67,\"caption\":\"VitaBlanca\"},\"image\":{\"@id\":\"https:\\\/\\\/vitablanca.ma\\\/#\\\/schema\\\/logo\\\/image\\\/\"},\"sameAs\":[\"https:\\\/\\\/www.facebook.com\\\/profile.php?id=61576678196717\",\"https:\\\/\\\/www.tiktok.com\\\/@vitablanca.ma\",\"https:\\\/\\\/www.instagram.com\\\/vitablanca.ma\\\/\"]}]}<\/script>\n<!-- \/ Yoast SEO plugin. -->","yoast_head_json":{"title":"Maroc Prix","description":"Now Foods Sunflower Lecithin 1200 mg avec Phosphatidyl Choline, 100 softgels. Soutien foie, cerveau, m\u00e9moire, concentration et cholest\u00e9rol sain.","robots":{"index":"index","follow":"follow","max-snippet":"max-snippet:-1","max-image-preview":"max-image-preview:large","max-video-preview":"max-video-preview:-1"},"canonical":"https:\/\/vitablanca.ma\/ar\/product-2\/now-foods-sunflower-lecithin-1200mg-avec-phosphatidyl-choline-100-softgels-prix-maroc\/","og_locale":"ar_AR","og_type":"article","og_title":"Maroc Prix","og_description":"Now Foods Sunflower Lecithin 1200 mg avec Phosphatidyl Choline, 100 softgels. Soutien foie, cerveau, m\u00e9moire, concentration et cholest\u00e9rol sain.","og_url":"https:\/\/vitablanca.ma\/ar\/product-2\/now-foods-sunflower-lecithin-1200mg-avec-phosphatidyl-choline-100-softgels-prix-maroc\/","og_site_name":"Vitablanca.ma &ndash; Sant&eacute;, vitalit&eacute; et bien-&ecirc;tre pour tous les Marocains","article_publisher":"https:\/\/www.facebook.com\/profile.php?id=61576678196717","article_modified_time":"2025-12-16T19:28:39+00:00","og_image":[{"width":680,"height":680,"url":"https:\/\/vitablanca.ma\/wp-content\/uploads\/2025\/11\/now-foods-sunflower-lecithin-1200mg-avec-phosphatidyl-choline-.jpg","type":"image\/jpeg"}],"twitter_card":"summary_large_image","twitter_misc":{"\u0648\u0642\u062a \u0627\u0644\u0642\u0631\u0627\u0621\u0629 \u0627\u0644\u0645\u064f\u0642\u062f\u0651\u0631":"\u062f\u0642\u064a\u0642\u0629 \u0648\u0627\u062d\u062f\u0629"},"schema":{"@context":"https:\/\/schema.org","@graph":[{"@type":["WebPage","ItemPage"],"@id":"https:\/\/vitablanca.ma\/produit\/now-foods-sunflower-lecithin-1200mg-avec-phosphatidyl-choline-100-softgels-prix-maroc\/","url":"https:\/\/vitablanca.ma\/produit\/now-foods-sunflower-lecithin-1200mg-avec-phosphatidyl-choline-100-softgels-prix-maroc\/","name":"Maroc Prix","isPartOf":{"@id":"https:\/\/vitablanca.ma\/#website"},"primaryImageOfPage":{"@id":"https:\/\/vitablanca.ma\/produit\/now-foods-sunflower-lecithin-1200mg-avec-phosphatidyl-choline-100-softgels-prix-maroc\/#primaryimage"},"image":{"@id":"https:\/\/vitablanca.ma\/produit\/now-foods-sunflower-lecithin-1200mg-avec-phosphatidyl-choline-100-softgels-prix-maroc\/#primaryimage"},"thumbnailUrl":"https:\/\/vitablanca.ma\/wp-content\/uploads\/2025\/11\/now-foods-sunflower-lecithin-1200mg-avec-phosphatidyl-choline-.jpg","datePublished":"2025-11-25T22:49:23+00:00","dateModified":"2025-12-16T19:28:39+00:00","description":"Now Foods Sunflower Lecithin 1200 mg avec Phosphatidyl Choline, 100 softgels. Soutien foie, cerveau, m\u00e9moire, concentration et cholest\u00e9rol sain.","breadcrumb":{"@id":"https:\/\/vitablanca.ma\/produit\/now-foods-sunflower-lecithin-1200mg-avec-phosphatidyl-choline-100-softgels-prix-maroc\/#breadcrumb"},"inLanguage":"ar","potentialAction":[{"@type":"ReadAction","target":["https:\/\/vitablanca.ma\/produit\/now-foods-sunflower-lecithin-1200mg-avec-phosphatidyl-choline-100-softgels-prix-maroc\/"]}]},{"@type":"ImageObject","inLanguage":"ar","@id":"https:\/\/vitablanca.ma\/produit\/now-foods-sunflower-lecithin-1200mg-avec-phosphatidyl-choline-100-softgels-prix-maroc\/#primaryimage","url":"https:\/\/vitablanca.ma\/wp-content\/uploads\/2025\/11\/now-foods-sunflower-lecithin-1200mg-avec-phosphatidyl-choline-.jpg","contentUrl":"https:\/\/vitablanca.ma\/wp-content\/uploads\/2025\/11\/now-foods-sunflower-lecithin-1200mg-avec-phosphatidyl-choline-.jpg","width":680,"height":680},{"@type":"BreadcrumbList","@id":"https:\/\/vitablanca.ma\/produit\/now-foods-sunflower-lecithin-1200mg-avec-phosphatidyl-choline-100-softgels-prix-maroc\/#breadcrumb","itemListElement":[{"@type":"ListItem","position":1,"name":"Home","item":"https:\/\/vitablanca.ma\/"},{"@type":"ListItem","position":2,"name":"Tous Les Produits","item":"https:\/\/vitablanca.ma\/tous-les-produits\/"},{"@type":"ListItem","position":3,"name":"Now Foods Sunflower Lecithin 1200mg Avec Phosphatidyl Choline, 100 Softgels"}]},{"@type":"WebSite","@id":"https:\/\/vitablanca.ma\/#website","url":"https:\/\/vitablanca.ma\/","name":"VitaBlanca.ma | \u0627\u0644\u0645\u0643\u0645\u0644\u0627\u062a \u0627\u0644\u063a\u0630\u0627\u0626\u064a\u0629\u060c \u0627\u0644\u0635\u062d\u0629 \u0648\u0627\u0644\u062c\u0645\u0627\u0644 \u0641\u064a \u0627\u0644\u0645\u063a\u0631\u0628","description":"\u0646\u0628\u064a\u0639 \u0641\u064a\u062a\u0627\u0645\u064a\u0646\u0627\u062a \u0648\u0645\u0643\u0645\u0644\u0627\u062a \u063a\u0630\u0627\u0626\u064a\u0629 \u0641\u0627\u062e\u0631\u0629 \u0645\u0646 \u0627\u0644\u0648\u0644\u0627\u064a\u0627\u062a \u0627\u0644\u0645\u062a\u062d\u062f\u0629 \u0627\u0644\u0623\u0645\u0631\u064a\u0643\u064a\u0629 \u0648\u0643\u0646\u062f\u0627 \u0648\u0646\u064a\u0648\u0632\u064a\u0644\u0646\u062f\u0627 \u0648\u0627\u0644\u0645\u063a\u0631\u0628 (\u0646\u0627\u0648 \u0641\u0648\u062f\u0632\u060c \u0633\u0648\u0644\u062c\u0627\u0631\u060c \u0645\u0627\u0646\u0648\u0643\u0627). \u062a\u0648\u0635\u064a\u0644 \u0633\u0631\u064a\u0639 \u0625\u0644\u0649 \u062c\u0645\u064a\u0639 \u0623\u0646\u062d\u0627\u0621 \u0627\u0644\u0645\u063a\u0631\u0628.","publisher":{"@id":"https:\/\/vitablanca.ma\/#organization"},"alternateName":"VitaBlanca.ma","potentialAction":[{"@type":"SearchAction","target":{"@type":"EntryPoint","urlTemplate":"https:\/\/vitablanca.ma\/?s={search_term_string}"},"query-input":{"@type":"PropertyValueSpecification","valueRequired":true,"valueName":"search_term_string"}}],"inLanguage":"ar"},{"@type":"Organization","@id":"https:\/\/vitablanca.ma\/#organization","name":"\u0641\u064a\u062a\u0627\u0628\u0644\u0627\u0646\u0643\u0627","url":"https:\/\/vitablanca.ma\/","logo":{"@type":"ImageObject","inLanguage":"ar","@id":"https:\/\/vitablanca.ma\/#\/schema\/logo\/image\/","url":"https:\/\/vitablanca.ma\/wp-content\/uploads\/2025\/05\/cropped-vitablanca.png","contentUrl":"https:\/\/vitablanca.ma\/wp-content\/uploads\/2025\/05\/cropped-vitablanca.png","width":360,"height":67,"caption":"VitaBlanca"},"image":{"@id":"https:\/\/vitablanca.ma\/#\/schema\/logo\/image\/"},"sameAs":["https:\/\/www.facebook.com\/profile.php?id=61576678196717","https:\/\/www.tiktok.com\/@vitablanca.ma","https:\/\/www.instagram.com\/vitablanca.ma\/"]}]}},"jetpack_sharing_enabled":true,"_links":{"self":[{"href":"https:\/\/vitablanca.ma\/ar\/wp-json\/wp\/v2\/product\/26915","targetHints":{"allow":["GET"]}}],"collection":[{"href":"https:\/\/vitablanca.ma\/ar\/wp-json\/wp\/v2\/product"}],"about":[{"href":"https:\/\/vitablanca.ma\/ar\/wp-json\/wp\/v2\/types\/product"}],"wp:featuredmedia":[{"embeddable":true,"href":"https:\/\/vitablanca.ma\/ar\/wp-json\/wp\/v2\/media\/26917"}],"wp:attachment":[{"href":"https:\/\/vitablanca.ma\/ar\/wp-json\/wp\/v2\/media?parent=26915"}],"wp:term":[{"taxonomy":"product_brand","embeddable":true,"href":"https:\/\/vitablanca.ma\/ar\/wp-json\/wp\/v2\/product_brand?post=26915"},{"taxonomy":"product_cat","embeddable":true,"href":"https:\/\/vitablanca.ma\/ar\/wp-json\/wp\/v2\/product_cat?post=26915"},{"taxonomy":"product_tag","embeddable":true,"href":"https:\/\/vitablanca.ma\/ar\/wp-json\/wp\/v2\/product_tag?post=26915"}],"curies":[{"name":"wp","href":"https:\/\/api.w.org\/{rel}","templated":true}]}}