{"id":26765,"date":"2025-11-20T12:08:00","date_gmt":"2025-11-20T12:08:00","guid":{"rendered":"https:\/\/vitablanca.ma\/?post_type=product&#038;p=26765"},"modified":"2025-12-16T19:28:41","modified_gmt":"2025-12-16T19:28:41","slug":"weightworld-complexe-de-vitamines-b-365-comprimes","status":"publish","type":"product","link":"https:\/\/vitablanca.ma\/ar\/product-2\/weightworld-complexe-de-vitamines-b-365-comprimes\/","title":{"rendered":"WeightWorld Complexe de Vitamines B 365 comprim\u00e9s"},"content":{"rendered":"<p>Spectre complet de 8 Vitamines B Un an de cure en un seul flacon Soutient l&rsquo;\u00e9nergie, le m\u00e9tabolisme et le syst\u00e8me nerveux Format ultra-\u00e9conomique et pratique Le Complexe de Vitamines B de WeightWorld est la solution la plus simple et \u00e9conomique pour assurer vos apports quotidiens. Chaque comprim\u00e9 fournit toutes les vitamines B essentielles pour transformer les aliments en \u00e9nergie, g\u00e9rer le stress et soutenir la sant\u00e9 de votre cerveau. Avec 365 comprim\u00e9s, vous \u00eates tranquille pour toute l&rsquo;ann\u00e9e. C&rsquo;est le choix intelligent que Nutravit.ma vous propose pour un bien-\u00eatre continu, sans vous soucier de racheter votre produit.<\/p>\n<p data-start=\"729\" data-end=\"1045\">\u0627\u0644 <strong data-start=\"732\" data-end=\"771\">Complexe de Vitamines B WeightWorld<\/strong> offre une formule compl\u00e8te r\u00e9unissant les principales vitamines du groupe B en un seul comprim\u00e9 quotidien.<br data-start=\"878\" data-end=\"881\" \/>\u0645\u0639 <strong data-start=\"886\" data-end=\"903\">365 comprim\u00e9s<\/strong>, ce produit couvre <strong data-start=\"923\" data-end=\"964\">une ann\u00e9e compl\u00e8te de suppl\u00e9mentation<\/strong>, id\u00e9al pour soutenir l\u2019\u00e9nergie, le m\u00e9tabolisme, la sant\u00e9 nerveuse et l\u2019immunit\u00e9.<\/p>\n<p data-start=\"1047\" data-end=\"1202\">Les vitamines du groupe B jouent un r\u00f4le essentiel dans la production d\u2019\u00e9nergie, la fonction cognitive, la r\u00e9duction de la fatigue et le bien-\u00eatre g\u00e9n\u00e9ral.<\/p>\n<h3 data-start=\"1204\" data-end=\"1230\">Bienfaits du produit<\/h3>\n<ul data-start=\"1231\" data-end=\"1505\">\n<li data-start=\"1231\" data-end=\"1270\">\n<p data-start=\"1233\" data-end=\"1270\">Contribue \u00e0 la production d\u2019\u00e9nergie<\/p>\n<\/li>\n<li data-start=\"1271\" data-end=\"1325\">\n<p data-start=\"1273\" data-end=\"1325\">Soutient le syst\u00e8me nerveux et la fonction mentale<\/p>\n<\/li>\n<li data-start=\"1326\" data-end=\"1371\">\n<p data-start=\"1328\" data-end=\"1371\">Aide \u00e0 r\u00e9duire la fatigue et l\u2019\u00e9puisement<\/p>\n<\/li>\n<li data-start=\"1372\" data-end=\"1395\">\n<p data-start=\"1374\" data-end=\"1395\">Renforce l\u2019immunit\u00e9<\/p>\n<\/li>\n<li data-start=\"1396\" data-end=\"1439\">\n<p data-start=\"1398\" data-end=\"1439\">Participe au m\u00e9tabolisme des nutriments<\/p>\n<\/li>\n<li data-start=\"1440\" data-end=\"1505\">\n<p data-start=\"1442\" data-end=\"1505\">Apport complet en vitamines B1, B2, B3, B5, B6, B7, B9 et B12<\/p>\n<\/li>\n<\/ul>\n<h3 data-start=\"1507\" data-end=\"1541\">Caract\u00e9ristiques WeightWorld<\/h3>\n<ul data-start=\"1542\" data-end=\"1841\">\n<li data-start=\"1542\" data-end=\"1594\">\n<p data-start=\"1544\" data-end=\"1594\">365 comprim\u00e9s, soit <strong data-start=\"1564\" data-end=\"1592\">1 an d\u2019approvisionnement<\/strong><\/p>\n<\/li>\n<li data-start=\"1595\" data-end=\"1644\">\n<p data-start=\"1597\" data-end=\"1644\">Formule compl\u00e8te et \u00e9quilibr\u00e9e en vitamines B<\/p>\n<\/li>\n<li data-start=\"1645\" data-end=\"1687\">\n<p data-start=\"1647\" data-end=\"1687\">Convient aux adultes, hommes et femmes<\/p>\n<\/li>\n<li data-start=\"1688\" data-end=\"1759\">\n<p data-start=\"1690\" data-end=\"1759\">Id\u00e9al pour \u00e9tudiants, sportifs, travailleurs et personnes fatigu\u00e9es<\/p>\n<\/li>\n<li data-start=\"1760\" data-end=\"1841\">\n<p data-start=\"1762\" data-end=\"1841\">Convient aux r\u00e9gimes v\u00e9g\u00e9tariens selon la version<\/p>\n<\/li>\n<\/ul>","protected":false},"excerpt":{"rendered":"<ul class=\"bluetick\">\n<li><b>Soutient la sant\u00e9 globale<\/b>: Augmente les niveaux d&rsquo;\u00e9nergie, en am\u00e9liore le m\u00e9tabolisme des glucides, des lipides et des prot\u00e9ines, favorisant une peau saine et soutenant la fonction du syst\u00e8me nerveux.<\/li>\n<li><b>Am\u00e9liore la sant\u00e9 cardiaque<\/b>: R\u00e9duit les niveaux d&rsquo;homocyst\u00e9ine, un facteur de risque pour les maladies cardiovasculaires, et favorise une fonction vasculaire saine.<\/li>\n<li><b>Soutient la sant\u00e9 mentale<\/b>: Soutient la production de neurotransmetteurs tels que la s\u00e9rotonine, la dopamine et la noradr\u00e9naline, ce qui peut aider \u00e0 r\u00e9guler l&rsquo;humeur et r\u00e9duire les sympt\u00f4mes de d\u00e9pression et d&rsquo;anxi\u00e9t\u00e9.<\/li>\n<li><b>\u064a\u0642\u0648\u064a \u062c\u0647\u0627\u0632 \u0627\u0644\u0645\u0646\u0627\u0639\u0629<\/b>: La vitamine B6 et la vitamine B12 jouent un r\u00f4le essentiel dans le renforcement du syst\u00e8me immunitaire en soutenant la production de globules blancs.<\/li>\n<li>Contient toutes les 8 vitamines B et la vitamine C essentielles au bon fonctionnement du corps. L&rsquo;ajout de vitamine C permet d&rsquo;augmenter la biodisponibilit\u00e9 et de multiplier les bienfaits des vitamines B.<\/li>\n<\/ul>","protected":false},"featured_media":26694,"template":"","meta":{"om_disable_all_campaigns":false},"product_brand":[4844],"product_cat":[18],"product_tag":[],"class_list":{"0":"post-26765","1":"product","2":"type-product","3":"status-publish","4":"has-post-thumbnail","6":"product_brand-weightworld-maroc-prix","7":"product_cat-beaute-sante","9":"first","10":"instock","11":"taxable","12":"shipping-taxable","13":"purchasable","14":"product-type-simple"},"yoast_head":"<!-- This site is optimized with the Yoast SEO plugin v27.4 - https:\/\/yoast.com\/product\/yoast-seo-wordpress\/ -->\n<title>WeightWorld Complexe de Vitamines B 365 comprim\u00e9s - Maroc Prix<\/title>\n<meta name=\"description\" content=\"WeightWorld Complexe Vitamines B au Maroc : \u00e9nergie, syst\u00e8me nerveux, immunit\u00e9 et m\u00e9tabolisme. 365 comprim\u00e9s pour 1 an d\u2019apport. Livraison rapide\" \/>\n<meta name=\"robots\" content=\"index, follow, max-snippet:-1, max-image-preview:large, max-video-preview:-1\" \/>\n<link rel=\"canonical\" href=\"https:\/\/vitablanca.ma\/ar\/product-2\/weightworld-complexe-de-vitamines-b-365-comprimes\/\" \/>\n<meta property=\"og:locale\" content=\"ar_AR\" \/>\n<meta property=\"og:type\" content=\"article\" \/>\n<meta property=\"og:title\" content=\"WeightWorld Complexe de Vitamines B 365 comprim\u00e9s - Maroc Prix\" \/>\n<meta property=\"og:description\" content=\"WeightWorld Complexe Vitamines B au Maroc : \u00e9nergie, syst\u00e8me nerveux, immunit\u00e9 et m\u00e9tabolisme. 365 comprim\u00e9s pour 1 an d\u2019apport. Livraison rapide\" \/>\n<meta property=\"og:url\" content=\"https:\/\/vitablanca.ma\/ar\/product-2\/weightworld-complexe-de-vitamines-b-365-comprimes\/\" \/>\n<meta property=\"og:site_name\" content=\"Vitablanca.ma &ndash; Sant&eacute;, vitalit&eacute; et bien-&ecirc;tre pour tous les Marocains\" \/>\n<meta property=\"article:publisher\" content=\"https:\/\/www.facebook.com\/profile.php?id=61576678196717\" \/>\n<meta property=\"article:modified_time\" content=\"2025-12-16T19:28:41+00:00\" \/>\n<meta property=\"og:image\" content=\"https:\/\/vitablanca.ma\/wp-content\/uploads\/2025\/11\/WeightWorld-Complexe-de-Vitamines-B-365-comprimes.jpg\" \/>\n\t<meta property=\"og:image:width\" content=\"680\" \/>\n\t<meta property=\"og:image:height\" content=\"680\" \/>\n\t<meta property=\"og:image:type\" content=\"image\/jpeg\" \/>\n<meta name=\"twitter:card\" content=\"summary_large_image\" \/>\n<meta name=\"twitter:label1\" content=\"\u0648\u0642\u062a \u0627\u0644\u0642\u0631\u0627\u0621\u0629 \u0627\u0644\u0645\u064f\u0642\u062f\u0651\u0631\" \/>\n\t<meta name=\"twitter:data1\" content=\"\u062f\u0642\u064a\u0642\u062a\u0627\u0646\" \/>\n<script type=\"application\/ld+json\" class=\"yoast-schema-graph\">{\"@context\":\"https:\\\/\\\/schema.org\",\"@graph\":[{\"@type\":[\"WebPage\",\"ItemPage\"],\"@id\":\"https:\\\/\\\/vitablanca.ma\\\/produit\\\/weightworld-complexe-de-vitamines-b-365-comprimes\\\/\",\"url\":\"https:\\\/\\\/vitablanca.ma\\\/produit\\\/weightworld-complexe-de-vitamines-b-365-comprimes\\\/\",\"name\":\"WeightWorld Complexe de Vitamines B 365 comprim\u00e9s - Maroc Prix\",\"isPartOf\":{\"@id\":\"https:\\\/\\\/vitablanca.ma\\\/#website\"},\"primaryImageOfPage\":{\"@id\":\"https:\\\/\\\/vitablanca.ma\\\/produit\\\/weightworld-complexe-de-vitamines-b-365-comprimes\\\/#primaryimage\"},\"image\":{\"@id\":\"https:\\\/\\\/vitablanca.ma\\\/produit\\\/weightworld-complexe-de-vitamines-b-365-comprimes\\\/#primaryimage\"},\"thumbnailUrl\":\"https:\\\/\\\/vitablanca.ma\\\/wp-content\\\/uploads\\\/2025\\\/11\\\/WeightWorld-Complexe-de-Vitamines-B-365-comprimes.jpg\",\"datePublished\":\"2025-11-20T12:08:00+00:00\",\"dateModified\":\"2025-12-16T19:28:41+00:00\",\"description\":\"WeightWorld Complexe Vitamines B au Maroc : \u00e9nergie, syst\u00e8me nerveux, immunit\u00e9 et m\u00e9tabolisme. 365 comprim\u00e9s pour 1 an d\u2019apport. Livraison rapide\",\"breadcrumb\":{\"@id\":\"https:\\\/\\\/vitablanca.ma\\\/produit\\\/weightworld-complexe-de-vitamines-b-365-comprimes\\\/#breadcrumb\"},\"inLanguage\":\"ar\",\"potentialAction\":[{\"@type\":\"ReadAction\",\"target\":[\"https:\\\/\\\/vitablanca.ma\\\/produit\\\/weightworld-complexe-de-vitamines-b-365-comprimes\\\/\"]}]},{\"@type\":\"ImageObject\",\"inLanguage\":\"ar\",\"@id\":\"https:\\\/\\\/vitablanca.ma\\\/produit\\\/weightworld-complexe-de-vitamines-b-365-comprimes\\\/#primaryimage\",\"url\":\"https:\\\/\\\/vitablanca.ma\\\/wp-content\\\/uploads\\\/2025\\\/11\\\/WeightWorld-Complexe-de-Vitamines-B-365-comprimes.jpg\",\"contentUrl\":\"https:\\\/\\\/vitablanca.ma\\\/wp-content\\\/uploads\\\/2025\\\/11\\\/WeightWorld-Complexe-de-Vitamines-B-365-comprimes.jpg\",\"width\":680,\"height\":680},{\"@type\":\"BreadcrumbList\",\"@id\":\"https:\\\/\\\/vitablanca.ma\\\/produit\\\/weightworld-complexe-de-vitamines-b-365-comprimes\\\/#breadcrumb\",\"itemListElement\":[{\"@type\":\"ListItem\",\"position\":1,\"name\":\"Home\",\"item\":\"https:\\\/\\\/vitablanca.ma\\\/\"},{\"@type\":\"ListItem\",\"position\":2,\"name\":\"Tous Les Produits\",\"item\":\"https:\\\/\\\/vitablanca.ma\\\/tous-les-produits\\\/\"},{\"@type\":\"ListItem\",\"position\":3,\"name\":\"WeightWorld Complexe de Vitamines B 365 comprim\u00e9s\"}]},{\"@type\":\"WebSite\",\"@id\":\"https:\\\/\\\/vitablanca.ma\\\/#website\",\"url\":\"https:\\\/\\\/vitablanca.ma\\\/\",\"name\":\"VitaBlanca.ma | Compl\u00e9ments alimentaires, sant\u00e9 & beaut\u00e9 au Maroc\",\"description\":\"vendre vitamines et compl\u00e9ments premium des USA &amp; Canada, Nouvelle Z\u00e9lande,Maroc (NOW Foods, Solgar, Manuka). Livraison rapide partout au Maroc.\",\"publisher\":{\"@id\":\"https:\\\/\\\/vitablanca.ma\\\/#organization\"},\"alternateName\":\"VitaBlanca.ma\",\"potentialAction\":[{\"@type\":\"SearchAction\",\"target\":{\"@type\":\"EntryPoint\",\"urlTemplate\":\"https:\\\/\\\/vitablanca.ma\\\/?s={search_term_string}\"},\"query-input\":{\"@type\":\"PropertyValueSpecification\",\"valueRequired\":true,\"valueName\":\"search_term_string\"}}],\"inLanguage\":\"ar\"},{\"@type\":\"Organization\",\"@id\":\"https:\\\/\\\/vitablanca.ma\\\/#organization\",\"name\":\"VitaBlanca\",\"url\":\"https:\\\/\\\/vitablanca.ma\\\/\",\"logo\":{\"@type\":\"ImageObject\",\"inLanguage\":\"ar\",\"@id\":\"https:\\\/\\\/vitablanca.ma\\\/#\\\/schema\\\/logo\\\/image\\\/\",\"url\":\"https:\\\/\\\/vitablanca.ma\\\/wp-content\\\/uploads\\\/2025\\\/05\\\/cropped-vitablanca.png\",\"contentUrl\":\"https:\\\/\\\/vitablanca.ma\\\/wp-content\\\/uploads\\\/2025\\\/05\\\/cropped-vitablanca.png\",\"width\":360,\"height\":67,\"caption\":\"VitaBlanca\"},\"image\":{\"@id\":\"https:\\\/\\\/vitablanca.ma\\\/#\\\/schema\\\/logo\\\/image\\\/\"},\"sameAs\":[\"https:\\\/\\\/www.facebook.com\\\/profile.php?id=61576678196717\",\"https:\\\/\\\/www.tiktok.com\\\/@vitablanca.ma\",\"https:\\\/\\\/www.instagram.com\\\/vitablanca.ma\\\/\"]}]}<\/script>\n<!-- \/ Yoast SEO plugin. -->","yoast_head_json":{"title":"WeightWorld Complexe de Vitamines B 365 comprim\u00e9s - Maroc Prix","description":"WeightWorld Complexe Vitamines B au Maroc : \u00e9nergie, syst\u00e8me nerveux, immunit\u00e9 et m\u00e9tabolisme. 365 comprim\u00e9s pour 1 an d\u2019apport. Livraison rapide","robots":{"index":"index","follow":"follow","max-snippet":"max-snippet:-1","max-image-preview":"max-image-preview:large","max-video-preview":"max-video-preview:-1"},"canonical":"https:\/\/vitablanca.ma\/ar\/product-2\/weightworld-complexe-de-vitamines-b-365-comprimes\/","og_locale":"ar_AR","og_type":"article","og_title":"WeightWorld Complexe de Vitamines B 365 comprim\u00e9s - Maroc Prix","og_description":"WeightWorld Complexe Vitamines B au Maroc : \u00e9nergie, syst\u00e8me nerveux, immunit\u00e9 et m\u00e9tabolisme. 365 comprim\u00e9s pour 1 an d\u2019apport. Livraison rapide","og_url":"https:\/\/vitablanca.ma\/ar\/product-2\/weightworld-complexe-de-vitamines-b-365-comprimes\/","og_site_name":"Vitablanca.ma &ndash; Sant&eacute;, vitalit&eacute; et bien-&ecirc;tre pour tous les Marocains","article_publisher":"https:\/\/www.facebook.com\/profile.php?id=61576678196717","article_modified_time":"2025-12-16T19:28:41+00:00","og_image":[{"width":680,"height":680,"url":"https:\/\/vitablanca.ma\/wp-content\/uploads\/2025\/11\/WeightWorld-Complexe-de-Vitamines-B-365-comprimes.jpg","type":"image\/jpeg"}],"twitter_card":"summary_large_image","twitter_misc":{"\u0648\u0642\u062a \u0627\u0644\u0642\u0631\u0627\u0621\u0629 \u0627\u0644\u0645\u064f\u0642\u062f\u0651\u0631":"\u062f\u0642\u064a\u0642\u062a\u0627\u0646"},"schema":{"@context":"https:\/\/schema.org","@graph":[{"@type":["WebPage","ItemPage"],"@id":"https:\/\/vitablanca.ma\/produit\/weightworld-complexe-de-vitamines-b-365-comprimes\/","url":"https:\/\/vitablanca.ma\/produit\/weightworld-complexe-de-vitamines-b-365-comprimes\/","name":"WeightWorld Complexe de Vitamines B 365 comprim\u00e9s - Maroc Prix","isPartOf":{"@id":"https:\/\/vitablanca.ma\/#website"},"primaryImageOfPage":{"@id":"https:\/\/vitablanca.ma\/produit\/weightworld-complexe-de-vitamines-b-365-comprimes\/#primaryimage"},"image":{"@id":"https:\/\/vitablanca.ma\/produit\/weightworld-complexe-de-vitamines-b-365-comprimes\/#primaryimage"},"thumbnailUrl":"https:\/\/vitablanca.ma\/wp-content\/uploads\/2025\/11\/WeightWorld-Complexe-de-Vitamines-B-365-comprimes.jpg","datePublished":"2025-11-20T12:08:00+00:00","dateModified":"2025-12-16T19:28:41+00:00","description":"WeightWorld Complexe Vitamines B au Maroc : \u00e9nergie, syst\u00e8me nerveux, immunit\u00e9 et m\u00e9tabolisme. 365 comprim\u00e9s pour 1 an d\u2019apport. Livraison rapide","breadcrumb":{"@id":"https:\/\/vitablanca.ma\/produit\/weightworld-complexe-de-vitamines-b-365-comprimes\/#breadcrumb"},"inLanguage":"ar","potentialAction":[{"@type":"ReadAction","target":["https:\/\/vitablanca.ma\/produit\/weightworld-complexe-de-vitamines-b-365-comprimes\/"]}]},{"@type":"ImageObject","inLanguage":"ar","@id":"https:\/\/vitablanca.ma\/produit\/weightworld-complexe-de-vitamines-b-365-comprimes\/#primaryimage","url":"https:\/\/vitablanca.ma\/wp-content\/uploads\/2025\/11\/WeightWorld-Complexe-de-Vitamines-B-365-comprimes.jpg","contentUrl":"https:\/\/vitablanca.ma\/wp-content\/uploads\/2025\/11\/WeightWorld-Complexe-de-Vitamines-B-365-comprimes.jpg","width":680,"height":680},{"@type":"BreadcrumbList","@id":"https:\/\/vitablanca.ma\/produit\/weightworld-complexe-de-vitamines-b-365-comprimes\/#breadcrumb","itemListElement":[{"@type":"ListItem","position":1,"name":"Home","item":"https:\/\/vitablanca.ma\/"},{"@type":"ListItem","position":2,"name":"Tous Les Produits","item":"https:\/\/vitablanca.ma\/tous-les-produits\/"},{"@type":"ListItem","position":3,"name":"WeightWorld Complexe de Vitamines B 365 comprim\u00e9s"}]},{"@type":"WebSite","@id":"https:\/\/vitablanca.ma\/#website","url":"https:\/\/vitablanca.ma\/","name":"VitaBlanca.ma | \u0627\u0644\u0645\u0643\u0645\u0644\u0627\u062a \u0627\u0644\u063a\u0630\u0627\u0626\u064a\u0629\u060c \u0627\u0644\u0635\u062d\u0629 \u0648\u0627\u0644\u062c\u0645\u0627\u0644 \u0641\u064a \u0627\u0644\u0645\u063a\u0631\u0628","description":"\u0646\u0628\u064a\u0639 \u0641\u064a\u062a\u0627\u0645\u064a\u0646\u0627\u062a \u0648\u0645\u0643\u0645\u0644\u0627\u062a \u063a\u0630\u0627\u0626\u064a\u0629 \u0641\u0627\u062e\u0631\u0629 \u0645\u0646 \u0627\u0644\u0648\u0644\u0627\u064a\u0627\u062a \u0627\u0644\u0645\u062a\u062d\u062f\u0629 \u0627\u0644\u0623\u0645\u0631\u064a\u0643\u064a\u0629 \u0648\u0643\u0646\u062f\u0627 \u0648\u0646\u064a\u0648\u0632\u064a\u0644\u0646\u062f\u0627 \u0648\u0627\u0644\u0645\u063a\u0631\u0628 (\u0646\u0627\u0648 \u0641\u0648\u062f\u0632\u060c \u0633\u0648\u0644\u062c\u0627\u0631\u060c \u0645\u0627\u0646\u0648\u0643\u0627). \u062a\u0648\u0635\u064a\u0644 \u0633\u0631\u064a\u0639 \u0625\u0644\u0649 \u062c\u0645\u064a\u0639 \u0623\u0646\u062d\u0627\u0621 \u0627\u0644\u0645\u063a\u0631\u0628.","publisher":{"@id":"https:\/\/vitablanca.ma\/#organization"},"alternateName":"VitaBlanca.ma","potentialAction":[{"@type":"SearchAction","target":{"@type":"EntryPoint","urlTemplate":"https:\/\/vitablanca.ma\/?s={search_term_string}"},"query-input":{"@type":"PropertyValueSpecification","valueRequired":true,"valueName":"search_term_string"}}],"inLanguage":"ar"},{"@type":"Organization","@id":"https:\/\/vitablanca.ma\/#organization","name":"\u0641\u064a\u062a\u0627\u0628\u0644\u0627\u0646\u0643\u0627","url":"https:\/\/vitablanca.ma\/","logo":{"@type":"ImageObject","inLanguage":"ar","@id":"https:\/\/vitablanca.ma\/#\/schema\/logo\/image\/","url":"https:\/\/vitablanca.ma\/wp-content\/uploads\/2025\/05\/cropped-vitablanca.png","contentUrl":"https:\/\/vitablanca.ma\/wp-content\/uploads\/2025\/05\/cropped-vitablanca.png","width":360,"height":67,"caption":"VitaBlanca"},"image":{"@id":"https:\/\/vitablanca.ma\/#\/schema\/logo\/image\/"},"sameAs":["https:\/\/www.facebook.com\/profile.php?id=61576678196717","https:\/\/www.tiktok.com\/@vitablanca.ma","https:\/\/www.instagram.com\/vitablanca.ma\/"]}]}},"jetpack_sharing_enabled":true,"_links":{"self":[{"href":"https:\/\/vitablanca.ma\/ar\/wp-json\/wp\/v2\/product\/26765","targetHints":{"allow":["GET"]}}],"collection":[{"href":"https:\/\/vitablanca.ma\/ar\/wp-json\/wp\/v2\/product"}],"about":[{"href":"https:\/\/vitablanca.ma\/ar\/wp-json\/wp\/v2\/types\/product"}],"wp:featuredmedia":[{"embeddable":true,"href":"https:\/\/vitablanca.ma\/ar\/wp-json\/wp\/v2\/media\/26694"}],"wp:attachment":[{"href":"https:\/\/vitablanca.ma\/ar\/wp-json\/wp\/v2\/media?parent=26765"}],"wp:term":[{"taxonomy":"product_brand","embeddable":true,"href":"https:\/\/vitablanca.ma\/ar\/wp-json\/wp\/v2\/product_brand?post=26765"},{"taxonomy":"product_cat","embeddable":true,"href":"https:\/\/vitablanca.ma\/ar\/wp-json\/wp\/v2\/product_cat?post=26765"},{"taxonomy":"product_tag","embeddable":true,"href":"https:\/\/vitablanca.ma\/ar\/wp-json\/wp\/v2\/product_tag?post=26765"}],"curies":[{"name":"wp","href":"https:\/\/api.w.org\/{rel}","templated":true}]}}