{"id":26763,"date":"2025-11-20T12:07:59","date_gmt":"2025-11-20T12:07:59","guid":{"rendered":"https:\/\/vitablanca.ma\/?post_type=product&#038;p=26763"},"modified":"2026-04-01T15:21:40","modified_gmt":"2026-04-01T15:21:40","slug":"weightworld-pure-collagen-powder-hydrolysed-collagen-peptides-500-g","status":"publish","type":"product","link":"https:\/\/vitablanca.ma\/ar\/product-2\/weightworld-pure-collagen-powder-hydrolysed-collagen-peptides-500-g\/","title":{"rendered":"WeightWorld Pure Collagen Powder Hydrolysed Collagen Peptides 500 g"},"content":{"rendered":"<p>Poudre de peptides de collag\u00e8ne hydrolys\u00e9s Soutien pour la beaut\u00e9 de la peau, des cheveux et des ongles Favorise la sant\u00e9 et la flexibilit\u00e9 des articulations Grand format \u00e9conomique de 500g, sans saveur La Poudre de Collag\u00e8ne Pur de WeightWorld est votre alli\u00e9 quotidien pour une beaut\u00e9 qui vient de l&rsquo;int\u00e9rieur. Facilement dissoute et absorb\u00e9e, elle fournit les blocs de construction n\u00e9cessaires pour maintenir une peau ferme et \u00e9lastique, des cheveux brillants et des articulations souples. Ce grand format sans ar\u00f4me est parfait pour une utilisation prolong\u00e9e dans toutes vos boissons pr\u00e9f\u00e9r\u00e9es. Nutravit.ma a s\u00e9lectionn\u00e9 ce produit pour un soutien structurel complet et \u00e9conomique.<\/p>\n<p data-start=\"918\" data-end=\"1231\">WeightWorld Pure Collagen Powder est une poudre de collag\u00e8ne hydrolys\u00e9 de haute qualit\u00e9, formul\u00e9e pour am\u00e9liorer naturellement la sant\u00e9 de la peau, des cheveux, des ongles et des articulations. Gr\u00e2ce \u00e0 sa forme hydrolys\u00e9e, les peptides de collag\u00e8ne sont rapidement absorb\u00e9s et facilement utilis\u00e9s par l\u2019organisme.<\/p>\n<p data-start=\"1233\" data-end=\"1494\">Ce collag\u00e8ne en poudre est id\u00e9al pour soutenir l\u2019\u00e9lasticit\u00e9 de la peau, r\u00e9duire les signes de l\u2019\u00e2ge, renforcer les ongles fragiles et am\u00e9liorer la croissance capillaire. Il contribue \u00e9galement au confort articulaire, \u00e0 la mobilit\u00e9 et \u00e0 la r\u00e9cup\u00e9ration sportive.<\/p>\n<p data-start=\"1496\" data-end=\"1802\">Avec 500 g de collag\u00e8ne pur, ce format \u00e9conomique offre une suppl\u00e9mentation longue dur\u00e9e. Le produit est sans sucre, sans additifs inutiles, sans gluten et s\u2019int\u00e8gre facilement dans les boissons, smoothies, caf\u00e9s, th\u00e9s ou recettes prot\u00e9in\u00e9es. Sa texture fine permet une dissolution rapide et sans grumeaux.<\/p>\n<p data-start=\"1804\" data-end=\"1957\">C\u2019est un choix id\u00e9al pour toute personne souhaitant am\u00e9liorer son bien-\u00eatre global, sa beaut\u00e9 naturelle ou soutenir ses articulations de mani\u00e8re durable.<\/p>","protected":false},"excerpt":{"rendered":"<ul>\n<li>Supports your bone strength<\/li>\n<li>Supports lean muscle mass &amp; repair<\/li>\n<li>Supports joint mobility to avoid stiff joints<\/li>\n<li>Helps manage the appearance of ageing<\/li>\n<li>Ideal for maintaining robust nails and gorgeous hair<\/li>\n<li>Looks after your gut and food regulation<\/li>\n<li>Supports your heart<\/li>\n<\/ul>","protected":false},"featured_media":26692,"template":"","meta":{"om_disable_all_campaigns":false},"product_brand":[4844],"product_cat":[18],"product_tag":[4731,4728,1110,1115,4727,1840,3869,4730,4726],"class_list":{"0":"post-26763","1":"product","2":"type-product","3":"status-publish","4":"has-post-thumbnail","6":"product_brand-weightworld-maroc-prix","7":"product_cat-beaute-sante","8":"product_tag-collagen-peptides-powder","9":"product_tag-collagen-powder","10":"product_tag-collagene-hydrolyse-maroc","11":"product_tag-collagene-maroc","12":"product_tag-collagene-weightworld","13":"product_tag-complement-beaute-maroc","14":"product_tag-peau-cheveux-ongles","15":"product_tag-peptides-hydrolysed","16":"product_tag-pure-collagen-500g","18":"first","19":"outofstock","20":"taxable","21":"shipping-taxable","22":"purchasable","23":"product-type-simple"},"yoast_head":"<!-- This site is optimized with the Yoast SEO plugin v27.4 - https:\/\/yoast.com\/product\/yoast-seo-wordpress\/ -->\n<title>WeightWorld Pure Collagen Powder Hydrolysed 500 g - Maroc Prix<\/title>\n<meta name=\"description\" content=\"Collag\u00e8ne hydrolys\u00e9 en poudre WeightWorld. Peptides purs pour peau, cheveux, ongles et articulations. Pot 500 g. Id\u00e9al bien-\u00eatre &amp; beaut\u00e9. au Maroc.\" \/>\n<meta name=\"robots\" content=\"index, follow, max-snippet:-1, max-image-preview:large, max-video-preview:-1\" \/>\n<link rel=\"canonical\" href=\"https:\/\/vitablanca.ma\/ar\/product-2\/weightworld-pure-collagen-powder-hydrolysed-collagen-peptides-500-g\/\" \/>\n<meta property=\"og:locale\" content=\"ar_AR\" \/>\n<meta property=\"og:type\" content=\"article\" \/>\n<meta property=\"og:title\" content=\"WeightWorld Pure Collagen Powder Hydrolysed 500 g - Maroc Prix\" \/>\n<meta property=\"og:description\" content=\"Collag\u00e8ne hydrolys\u00e9 en poudre WeightWorld. Peptides purs pour peau, cheveux, ongles et articulations. Pot 500 g. Id\u00e9al bien-\u00eatre &amp; beaut\u00e9. au Maroc.\" \/>\n<meta property=\"og:url\" content=\"https:\/\/vitablanca.ma\/ar\/product-2\/weightworld-pure-collagen-powder-hydrolysed-collagen-peptides-500-g\/\" \/>\n<meta property=\"og:site_name\" content=\"Vitablanca.ma &ndash; Sant&eacute;, vitalit&eacute; et bien-&ecirc;tre pour tous les Marocains\" \/>\n<meta property=\"article:publisher\" content=\"https:\/\/www.facebook.com\/profile.php?id=61576678196717\" \/>\n<meta property=\"article:modified_time\" content=\"2026-04-01T15:21:40+00:00\" \/>\n<meta property=\"og:image\" content=\"https:\/\/vitablanca.ma\/wp-content\/uploads\/2025\/11\/WeightWorld-Pure-Collagen-Powder-Hydrolysed-Collagen-Peptides-500-g.jpg\" \/>\n\t<meta property=\"og:image:width\" content=\"680\" \/>\n\t<meta property=\"og:image:height\" content=\"680\" \/>\n\t<meta property=\"og:image:type\" content=\"image\/jpeg\" \/>\n<meta name=\"twitter:card\" content=\"summary_large_image\" \/>\n<meta name=\"twitter:label1\" content=\"\u0648\u0642\u062a \u0627\u0644\u0642\u0631\u0627\u0621\u0629 \u0627\u0644\u0645\u064f\u0642\u062f\u0651\u0631\" \/>\n\t<meta name=\"twitter:data1\" content=\"\u062f\u0642\u064a\u0642\u062a\u0627\u0646\" \/>\n<script type=\"application\/ld+json\" class=\"yoast-schema-graph\">{\"@context\":\"https:\\\/\\\/schema.org\",\"@graph\":[{\"@type\":[\"WebPage\",\"ItemPage\"],\"@id\":\"https:\\\/\\\/vitablanca.ma\\\/produit\\\/weightworld-pure-collagen-powder-hydrolysed-collagen-peptides-500-g\\\/\",\"url\":\"https:\\\/\\\/vitablanca.ma\\\/produit\\\/weightworld-pure-collagen-powder-hydrolysed-collagen-peptides-500-g\\\/\",\"name\":\"WeightWorld Pure Collagen Powder Hydrolysed 500 g - Maroc Prix\",\"isPartOf\":{\"@id\":\"https:\\\/\\\/vitablanca.ma\\\/#website\"},\"primaryImageOfPage\":{\"@id\":\"https:\\\/\\\/vitablanca.ma\\\/produit\\\/weightworld-pure-collagen-powder-hydrolysed-collagen-peptides-500-g\\\/#primaryimage\"},\"image\":{\"@id\":\"https:\\\/\\\/vitablanca.ma\\\/produit\\\/weightworld-pure-collagen-powder-hydrolysed-collagen-peptides-500-g\\\/#primaryimage\"},\"thumbnailUrl\":\"https:\\\/\\\/vitablanca.ma\\\/wp-content\\\/uploads\\\/2025\\\/11\\\/WeightWorld-Pure-Collagen-Powder-Hydrolysed-Collagen-Peptides-500-g.jpg\",\"datePublished\":\"2025-11-20T12:07:59+00:00\",\"dateModified\":\"2026-04-01T15:21:40+00:00\",\"description\":\"Collag\u00e8ne hydrolys\u00e9 en poudre WeightWorld. Peptides purs pour peau, cheveux, ongles et articulations. Pot 500 g. Id\u00e9al bien-\u00eatre & beaut\u00e9. au Maroc.\",\"breadcrumb\":{\"@id\":\"https:\\\/\\\/vitablanca.ma\\\/produit\\\/weightworld-pure-collagen-powder-hydrolysed-collagen-peptides-500-g\\\/#breadcrumb\"},\"inLanguage\":\"ar\",\"potentialAction\":[{\"@type\":\"ReadAction\",\"target\":[\"https:\\\/\\\/vitablanca.ma\\\/produit\\\/weightworld-pure-collagen-powder-hydrolysed-collagen-peptides-500-g\\\/\"]}]},{\"@type\":\"ImageObject\",\"inLanguage\":\"ar\",\"@id\":\"https:\\\/\\\/vitablanca.ma\\\/produit\\\/weightworld-pure-collagen-powder-hydrolysed-collagen-peptides-500-g\\\/#primaryimage\",\"url\":\"https:\\\/\\\/vitablanca.ma\\\/wp-content\\\/uploads\\\/2025\\\/11\\\/WeightWorld-Pure-Collagen-Powder-Hydrolysed-Collagen-Peptides-500-g.jpg\",\"contentUrl\":\"https:\\\/\\\/vitablanca.ma\\\/wp-content\\\/uploads\\\/2025\\\/11\\\/WeightWorld-Pure-Collagen-Powder-Hydrolysed-Collagen-Peptides-500-g.jpg\",\"width\":680,\"height\":680},{\"@type\":\"BreadcrumbList\",\"@id\":\"https:\\\/\\\/vitablanca.ma\\\/produit\\\/weightworld-pure-collagen-powder-hydrolysed-collagen-peptides-500-g\\\/#breadcrumb\",\"itemListElement\":[{\"@type\":\"ListItem\",\"position\":1,\"name\":\"Home\",\"item\":\"https:\\\/\\\/vitablanca.ma\\\/\"},{\"@type\":\"ListItem\",\"position\":2,\"name\":\"Tous Les Produits\",\"item\":\"https:\\\/\\\/vitablanca.ma\\\/tous-les-produits\\\/\"},{\"@type\":\"ListItem\",\"position\":3,\"name\":\"WeightWorld Pure Collagen Powder Hydrolysed Collagen Peptides 500 g\"}]},{\"@type\":\"WebSite\",\"@id\":\"https:\\\/\\\/vitablanca.ma\\\/#website\",\"url\":\"https:\\\/\\\/vitablanca.ma\\\/\",\"name\":\"VitaBlanca.ma | Compl\u00e9ments alimentaires, sant\u00e9 & beaut\u00e9 au Maroc\",\"description\":\"vendre vitamines et compl\u00e9ments premium des USA &amp; Canada, Nouvelle Z\u00e9lande,Maroc (NOW Foods, Solgar, Manuka). Livraison rapide partout au Maroc.\",\"publisher\":{\"@id\":\"https:\\\/\\\/vitablanca.ma\\\/#organization\"},\"alternateName\":\"VitaBlanca.ma\",\"potentialAction\":[{\"@type\":\"SearchAction\",\"target\":{\"@type\":\"EntryPoint\",\"urlTemplate\":\"https:\\\/\\\/vitablanca.ma\\\/?s={search_term_string}\"},\"query-input\":{\"@type\":\"PropertyValueSpecification\",\"valueRequired\":true,\"valueName\":\"search_term_string\"}}],\"inLanguage\":\"ar\"},{\"@type\":\"Organization\",\"@id\":\"https:\\\/\\\/vitablanca.ma\\\/#organization\",\"name\":\"VitaBlanca\",\"url\":\"https:\\\/\\\/vitablanca.ma\\\/\",\"logo\":{\"@type\":\"ImageObject\",\"inLanguage\":\"ar\",\"@id\":\"https:\\\/\\\/vitablanca.ma\\\/#\\\/schema\\\/logo\\\/image\\\/\",\"url\":\"https:\\\/\\\/vitablanca.ma\\\/wp-content\\\/uploads\\\/2025\\\/05\\\/cropped-vitablanca.png\",\"contentUrl\":\"https:\\\/\\\/vitablanca.ma\\\/wp-content\\\/uploads\\\/2025\\\/05\\\/cropped-vitablanca.png\",\"width\":360,\"height\":67,\"caption\":\"VitaBlanca\"},\"image\":{\"@id\":\"https:\\\/\\\/vitablanca.ma\\\/#\\\/schema\\\/logo\\\/image\\\/\"},\"sameAs\":[\"https:\\\/\\\/www.facebook.com\\\/profile.php?id=61576678196717\",\"https:\\\/\\\/www.tiktok.com\\\/@vitablanca.ma\",\"https:\\\/\\\/www.instagram.com\\\/vitablanca.ma\\\/\"]}]}<\/script>\n<!-- \/ Yoast SEO plugin. -->","yoast_head_json":{"title":"WeightWorld Pure Collagen Powder Hydrolysed 500 g - Maroc Prix","description":"Collag\u00e8ne hydrolys\u00e9 en poudre WeightWorld. Peptides purs pour peau, cheveux, ongles et articulations. Pot 500 g. Id\u00e9al bien-\u00eatre & beaut\u00e9. au Maroc.","robots":{"index":"index","follow":"follow","max-snippet":"max-snippet:-1","max-image-preview":"max-image-preview:large","max-video-preview":"max-video-preview:-1"},"canonical":"https:\/\/vitablanca.ma\/ar\/product-2\/weightworld-pure-collagen-powder-hydrolysed-collagen-peptides-500-g\/","og_locale":"ar_AR","og_type":"article","og_title":"WeightWorld Pure Collagen Powder Hydrolysed 500 g - Maroc Prix","og_description":"Collag\u00e8ne hydrolys\u00e9 en poudre WeightWorld. Peptides purs pour peau, cheveux, ongles et articulations. Pot 500 g. Id\u00e9al bien-\u00eatre & beaut\u00e9. au Maroc.","og_url":"https:\/\/vitablanca.ma\/ar\/product-2\/weightworld-pure-collagen-powder-hydrolysed-collagen-peptides-500-g\/","og_site_name":"Vitablanca.ma &ndash; Sant&eacute;, vitalit&eacute; et bien-&ecirc;tre pour tous les Marocains","article_publisher":"https:\/\/www.facebook.com\/profile.php?id=61576678196717","article_modified_time":"2026-04-01T15:21:40+00:00","og_image":[{"width":680,"height":680,"url":"https:\/\/vitablanca.ma\/wp-content\/uploads\/2025\/11\/WeightWorld-Pure-Collagen-Powder-Hydrolysed-Collagen-Peptides-500-g.jpg","type":"image\/jpeg"}],"twitter_card":"summary_large_image","twitter_misc":{"\u0648\u0642\u062a \u0627\u0644\u0642\u0631\u0627\u0621\u0629 \u0627\u0644\u0645\u064f\u0642\u062f\u0651\u0631":"\u062f\u0642\u064a\u0642\u062a\u0627\u0646"},"schema":{"@context":"https:\/\/schema.org","@graph":[{"@type":["WebPage","ItemPage"],"@id":"https:\/\/vitablanca.ma\/produit\/weightworld-pure-collagen-powder-hydrolysed-collagen-peptides-500-g\/","url":"https:\/\/vitablanca.ma\/produit\/weightworld-pure-collagen-powder-hydrolysed-collagen-peptides-500-g\/","name":"WeightWorld Pure Collagen Powder Hydrolysed 500 g - Maroc Prix","isPartOf":{"@id":"https:\/\/vitablanca.ma\/#website"},"primaryImageOfPage":{"@id":"https:\/\/vitablanca.ma\/produit\/weightworld-pure-collagen-powder-hydrolysed-collagen-peptides-500-g\/#primaryimage"},"image":{"@id":"https:\/\/vitablanca.ma\/produit\/weightworld-pure-collagen-powder-hydrolysed-collagen-peptides-500-g\/#primaryimage"},"thumbnailUrl":"https:\/\/vitablanca.ma\/wp-content\/uploads\/2025\/11\/WeightWorld-Pure-Collagen-Powder-Hydrolysed-Collagen-Peptides-500-g.jpg","datePublished":"2025-11-20T12:07:59+00:00","dateModified":"2026-04-01T15:21:40+00:00","description":"Collag\u00e8ne hydrolys\u00e9 en poudre WeightWorld. Peptides purs pour peau, cheveux, ongles et articulations. Pot 500 g. Id\u00e9al bien-\u00eatre & beaut\u00e9. au Maroc.","breadcrumb":{"@id":"https:\/\/vitablanca.ma\/produit\/weightworld-pure-collagen-powder-hydrolysed-collagen-peptides-500-g\/#breadcrumb"},"inLanguage":"ar","potentialAction":[{"@type":"ReadAction","target":["https:\/\/vitablanca.ma\/produit\/weightworld-pure-collagen-powder-hydrolysed-collagen-peptides-500-g\/"]}]},{"@type":"ImageObject","inLanguage":"ar","@id":"https:\/\/vitablanca.ma\/produit\/weightworld-pure-collagen-powder-hydrolysed-collagen-peptides-500-g\/#primaryimage","url":"https:\/\/vitablanca.ma\/wp-content\/uploads\/2025\/11\/WeightWorld-Pure-Collagen-Powder-Hydrolysed-Collagen-Peptides-500-g.jpg","contentUrl":"https:\/\/vitablanca.ma\/wp-content\/uploads\/2025\/11\/WeightWorld-Pure-Collagen-Powder-Hydrolysed-Collagen-Peptides-500-g.jpg","width":680,"height":680},{"@type":"BreadcrumbList","@id":"https:\/\/vitablanca.ma\/produit\/weightworld-pure-collagen-powder-hydrolysed-collagen-peptides-500-g\/#breadcrumb","itemListElement":[{"@type":"ListItem","position":1,"name":"Home","item":"https:\/\/vitablanca.ma\/"},{"@type":"ListItem","position":2,"name":"Tous Les Produits","item":"https:\/\/vitablanca.ma\/tous-les-produits\/"},{"@type":"ListItem","position":3,"name":"WeightWorld Pure Collagen Powder Hydrolysed Collagen Peptides 500 g"}]},{"@type":"WebSite","@id":"https:\/\/vitablanca.ma\/#website","url":"https:\/\/vitablanca.ma\/","name":"VitaBlanca.ma | \u0627\u0644\u0645\u0643\u0645\u0644\u0627\u062a \u0627\u0644\u063a\u0630\u0627\u0626\u064a\u0629\u060c \u0627\u0644\u0635\u062d\u0629 \u0648\u0627\u0644\u062c\u0645\u0627\u0644 \u0641\u064a \u0627\u0644\u0645\u063a\u0631\u0628","description":"\u0646\u0628\u064a\u0639 \u0641\u064a\u062a\u0627\u0645\u064a\u0646\u0627\u062a \u0648\u0645\u0643\u0645\u0644\u0627\u062a \u063a\u0630\u0627\u0626\u064a\u0629 \u0641\u0627\u062e\u0631\u0629 \u0645\u0646 \u0627\u0644\u0648\u0644\u0627\u064a\u0627\u062a \u0627\u0644\u0645\u062a\u062d\u062f\u0629 \u0627\u0644\u0623\u0645\u0631\u064a\u0643\u064a\u0629 \u0648\u0643\u0646\u062f\u0627 \u0648\u0646\u064a\u0648\u0632\u064a\u0644\u0646\u062f\u0627 \u0648\u0627\u0644\u0645\u063a\u0631\u0628 (\u0646\u0627\u0648 \u0641\u0648\u062f\u0632\u060c \u0633\u0648\u0644\u062c\u0627\u0631\u060c \u0645\u0627\u0646\u0648\u0643\u0627). \u062a\u0648\u0635\u064a\u0644 \u0633\u0631\u064a\u0639 \u0625\u0644\u0649 \u062c\u0645\u064a\u0639 \u0623\u0646\u062d\u0627\u0621 \u0627\u0644\u0645\u063a\u0631\u0628.","publisher":{"@id":"https:\/\/vitablanca.ma\/#organization"},"alternateName":"VitaBlanca.ma","potentialAction":[{"@type":"SearchAction","target":{"@type":"EntryPoint","urlTemplate":"https:\/\/vitablanca.ma\/?s={search_term_string}"},"query-input":{"@type":"PropertyValueSpecification","valueRequired":true,"valueName":"search_term_string"}}],"inLanguage":"ar"},{"@type":"Organization","@id":"https:\/\/vitablanca.ma\/#organization","name":"\u0641\u064a\u062a\u0627\u0628\u0644\u0627\u0646\u0643\u0627","url":"https:\/\/vitablanca.ma\/","logo":{"@type":"ImageObject","inLanguage":"ar","@id":"https:\/\/vitablanca.ma\/#\/schema\/logo\/image\/","url":"https:\/\/vitablanca.ma\/wp-content\/uploads\/2025\/05\/cropped-vitablanca.png","contentUrl":"https:\/\/vitablanca.ma\/wp-content\/uploads\/2025\/05\/cropped-vitablanca.png","width":360,"height":67,"caption":"VitaBlanca"},"image":{"@id":"https:\/\/vitablanca.ma\/#\/schema\/logo\/image\/"},"sameAs":["https:\/\/www.facebook.com\/profile.php?id=61576678196717","https:\/\/www.tiktok.com\/@vitablanca.ma","https:\/\/www.instagram.com\/vitablanca.ma\/"]}]}},"jetpack_sharing_enabled":true,"_links":{"self":[{"href":"https:\/\/vitablanca.ma\/ar\/wp-json\/wp\/v2\/product\/26763","targetHints":{"allow":["GET"]}}],"collection":[{"href":"https:\/\/vitablanca.ma\/ar\/wp-json\/wp\/v2\/product"}],"about":[{"href":"https:\/\/vitablanca.ma\/ar\/wp-json\/wp\/v2\/types\/product"}],"wp:featuredmedia":[{"embeddable":true,"href":"https:\/\/vitablanca.ma\/ar\/wp-json\/wp\/v2\/media\/26692"}],"wp:attachment":[{"href":"https:\/\/vitablanca.ma\/ar\/wp-json\/wp\/v2\/media?parent=26763"}],"wp:term":[{"taxonomy":"product_brand","embeddable":true,"href":"https:\/\/vitablanca.ma\/ar\/wp-json\/wp\/v2\/product_brand?post=26763"},{"taxonomy":"product_cat","embeddable":true,"href":"https:\/\/vitablanca.ma\/ar\/wp-json\/wp\/v2\/product_cat?post=26763"},{"taxonomy":"product_tag","embeddable":true,"href":"https:\/\/vitablanca.ma\/ar\/wp-json\/wp\/v2\/product_tag?post=26763"}],"curies":[{"name":"wp","href":"https:\/\/api.w.org\/{rel}","templated":true}]}}