{"id":26748,"date":"2025-11-20T12:07:56","date_gmt":"2025-11-20T12:07:56","guid":{"rendered":"https:\/\/vitablanca.ma\/?post_type=product&#038;p=26748"},"modified":"2026-03-13T03:32:25","modified_gmt":"2026-03-13T03:32:25","slug":"ostrovit-brewers-yeast-levure-de-biere-200-capsules","status":"publish","type":"product","link":"https:\/\/vitablanca.ma\/ar\/product-2\/ostrovit-brewers-yeast-levure-de-biere-200-capsules\/","title":{"rendered":"OstroVit Brewer&rsquo;s Yeast Levure de Bi\u00e8re 200 Capsules"},"content":{"rendered":"<p data-start=\"871\" data-end=\"1144\">OstroVit Brewer&rsquo;s Yeast est une levure de bi\u00e8re naturelle riche en vitamines B, min\u00e9raux et acides amin\u00e9s essentiels. Elle est reconnue pour ses bienfaits sur la beaut\u00e9 des cheveux, la sant\u00e9 de la peau, la r\u00e9sistance des ongles et le bon fonctionnement du syst\u00e8me digestif.<\/p>\n<p data-start=\"1146\" data-end=\"1481\">La levure de bi\u00e8re contribue \u00e0 renforcer la fibre capillaire, \u00e0 r\u00e9duire la chute des cheveux, \u00e0 am\u00e9liorer l\u2019\u00e9clat de la peau et \u00e0 rendre les ongles plus solides. Gr\u00e2ce \u00e0 sa richesse en vitamines du groupe B, elle soutient \u00e9galement le m\u00e9tabolisme \u00e9nerg\u00e9tique, r\u00e9duit la fatigue et contribue \u00e0 une meilleure assimilation des nutriments.<\/p>\n<p data-start=\"1483\" data-end=\"1782\">\u0645\u0639 <strong data-start=\"1488\" data-end=\"1504\">200 capsules<\/strong>, OstroVit propose une cure pratique et longue dur\u00e9e, id\u00e9ale pour les personnes cherchant un compl\u00e9ment naturel pour am\u00e9liorer leur apparence physique et leur vitalit\u00e9 g\u00e9n\u00e9rale. C\u2019est un produit particuli\u00e8rement appr\u00e9ci\u00e9 pour les cures de renforcement des cheveux et des ongles.<\/p>","protected":false},"excerpt":{"rendered":"<ul>\n<li>Composition : Compl\u00e9ment moderne avec des vitamines B, fer, phosphore et autres min\u00e9raux.<\/li>\n<li>Format pratique : Capsules sans danger pour l&rsquo;organisme, \u00e9vitant les inconforts digestifs associ\u00e9s \u00e0 la levure de boulangerie.<\/li>\n<li>Cheveux et ongles en sant\u00e9 : Influence positivement l&rsquo;\u00e9tat des cheveux et des ongles, renfor\u00e7ant et revitalisant.<\/li>\n<li>Mode d&#8217;emploi : Prendre 1 dose (3 comprim\u00e9s) deux fois par jour. Ne pas d\u00e9passer la dose quotidienne recommand\u00e9e. \u00c0 utiliser en compl\u00e9ment d&rsquo;une alimentation \u00e9quilibr\u00e9e et d&rsquo;un mode de vie sain. Ne pas utiliser en cas d&rsquo;allergie aux ingr\u00e9dients. Non recommand\u00e9 pour les enfants, les femmes enceintes et les m\u00e8res allaitantes. Tenir hors de port\u00e9e des enfants.<\/li>\n<\/ul>","protected":false},"featured_media":26668,"template":"","meta":{"om_disable_all_campaigns":false},"product_brand":[4843],"product_cat":[18],"product_tag":[4837,4836,4831,4834,4835,4832,4626,4833,4627,4628,4763,4629,4630,4830,1733],"class_list":{"0":"post-26748","1":"product","2":"type-product","3":"status-publish","4":"has-post-thumbnail","6":"product_brand-ostrovit-maroc-prix","7":"product_cat-beaute-sante","8":"product_tag-200-capsules","9":"product_tag-anti-chute-cheveux","10":"product_tag-beaute-maroc","11":"product_tag-beaute-naturelle","12":"product_tag-brewers-yeast","13":"product_tag-cheveux-peau-ongles","14":"product_tag-complement-beaute-cheveux-ongles-peau","15":"product_tag-levure-de-biere","16":"product_tag-levure-de-biere-ostrovit","17":"product_tag-levure-de-biere-vitamines-b-naturelles","18":"product_tag-ostrovit","19":"product_tag-ostrovit-brewers-yeast-200-capsules","20":"product_tag-renforcement-immunite-digestion","21":"product_tag-une-peau-plus-belle-et-des-ongles-plus-resistants-riche-en-vitamines-b-livraison-rapide-au-maroc","22":"product_tag-vitamines-b","24":"first","25":"outofstock","26":"taxable","27":"shipping-taxable","28":"purchasable","29":"product-type-simple"},"yoast_head":"<!-- This site is optimized with the Yoast SEO plugin v27.3 - https:\/\/yoast.com\/product\/yoast-seo-wordpress\/ -->\n<title>OstroVit Brewer&#039;s Yeast Levure de Bi\u00e8re 200 Capsules - Maroc Prix<\/title>\n<meta name=\"description\" content=\"OstroVit Levure de Bi\u00e8re. Beaut\u00e9 peau, cheveux, ongles, digestion et \u00e9nergie. 200 capsules riches en vitamines B. Livraison rapide au Maroc.\" \/>\n<meta name=\"robots\" content=\"index, follow, max-snippet:-1, max-image-preview:large, max-video-preview:-1\" \/>\n<link rel=\"canonical\" href=\"https:\/\/vitablanca.ma\/ar\/product-2\/ostrovit-brewers-yeast-levure-de-biere-200-capsules\/\" \/>\n<meta property=\"og:locale\" content=\"ar_AR\" \/>\n<meta property=\"og:type\" content=\"article\" \/>\n<meta property=\"og:title\" content=\"OstroVit Brewer&#039;s Yeast Levure de Bi\u00e8re 200 Capsules - Maroc Prix\" \/>\n<meta property=\"og:description\" content=\"OstroVit Levure de Bi\u00e8re. Beaut\u00e9 peau, cheveux, ongles, digestion et \u00e9nergie. 200 capsules riches en vitamines B. Livraison rapide au Maroc.\" \/>\n<meta property=\"og:url\" content=\"https:\/\/vitablanca.ma\/ar\/product-2\/ostrovit-brewers-yeast-levure-de-biere-200-capsules\/\" \/>\n<meta property=\"og:site_name\" content=\"Vitablanca.ma &ndash; Sant&eacute;, vitalit&eacute; et bien-&ecirc;tre pour tous les Marocains\" \/>\n<meta property=\"article:publisher\" content=\"https:\/\/www.facebook.com\/profile.php?id=61576678196717\" \/>\n<meta property=\"article:modified_time\" content=\"2026-03-13T03:32:25+00:00\" \/>\n<meta property=\"og:image\" content=\"https:\/\/vitablanca.ma\/wp-content\/uploads\/2025\/11\/OstroVit-Brewers-Yeast-Levure-de-Biere-200-Capsules.jpg\" \/>\n\t<meta property=\"og:image:width\" content=\"680\" \/>\n\t<meta property=\"og:image:height\" content=\"680\" \/>\n\t<meta property=\"og:image:type\" content=\"image\/jpeg\" \/>\n<meta name=\"twitter:card\" content=\"summary_large_image\" \/>\n<meta name=\"twitter:label1\" content=\"\u0648\u0642\u062a \u0627\u0644\u0642\u0631\u0627\u0621\u0629 \u0627\u0644\u0645\u064f\u0642\u062f\u0651\u0631\" \/>\n\t<meta name=\"twitter:data1\" content=\"\u062f\u0642\u064a\u0642\u0629 \u0648\u0627\u062d\u062f\u0629\" \/>\n<script type=\"application\/ld+json\" class=\"yoast-schema-graph\">{\"@context\":\"https:\\\/\\\/schema.org\",\"@graph\":[{\"@type\":[\"WebPage\",\"ItemPage\"],\"@id\":\"https:\\\/\\\/vitablanca.ma\\\/produit\\\/ostrovit-brewers-yeast-levure-de-biere-200-capsules\\\/\",\"url\":\"https:\\\/\\\/vitablanca.ma\\\/produit\\\/ostrovit-brewers-yeast-levure-de-biere-200-capsules\\\/\",\"name\":\"OstroVit Brewer's Yeast Levure de Bi\u00e8re 200 Capsules - Maroc Prix\",\"isPartOf\":{\"@id\":\"https:\\\/\\\/vitablanca.ma\\\/#website\"},\"primaryImageOfPage\":{\"@id\":\"https:\\\/\\\/vitablanca.ma\\\/produit\\\/ostrovit-brewers-yeast-levure-de-biere-200-capsules\\\/#primaryimage\"},\"image\":{\"@id\":\"https:\\\/\\\/vitablanca.ma\\\/produit\\\/ostrovit-brewers-yeast-levure-de-biere-200-capsules\\\/#primaryimage\"},\"thumbnailUrl\":\"https:\\\/\\\/vitablanca.ma\\\/wp-content\\\/uploads\\\/2025\\\/11\\\/OstroVit-Brewers-Yeast-Levure-de-Biere-200-Capsules.jpg\",\"datePublished\":\"2025-11-20T12:07:56+00:00\",\"dateModified\":\"2026-03-13T03:32:25+00:00\",\"description\":\"OstroVit Levure de Bi\u00e8re. Beaut\u00e9 peau, cheveux, ongles, digestion et \u00e9nergie. 200 capsules riches en vitamines B. Livraison rapide au Maroc.\",\"breadcrumb\":{\"@id\":\"https:\\\/\\\/vitablanca.ma\\\/produit\\\/ostrovit-brewers-yeast-levure-de-biere-200-capsules\\\/#breadcrumb\"},\"inLanguage\":\"ar\",\"potentialAction\":[{\"@type\":\"ReadAction\",\"target\":[\"https:\\\/\\\/vitablanca.ma\\\/produit\\\/ostrovit-brewers-yeast-levure-de-biere-200-capsules\\\/\"]}]},{\"@type\":\"ImageObject\",\"inLanguage\":\"ar\",\"@id\":\"https:\\\/\\\/vitablanca.ma\\\/produit\\\/ostrovit-brewers-yeast-levure-de-biere-200-capsules\\\/#primaryimage\",\"url\":\"https:\\\/\\\/vitablanca.ma\\\/wp-content\\\/uploads\\\/2025\\\/11\\\/OstroVit-Brewers-Yeast-Levure-de-Biere-200-Capsules.jpg\",\"contentUrl\":\"https:\\\/\\\/vitablanca.ma\\\/wp-content\\\/uploads\\\/2025\\\/11\\\/OstroVit-Brewers-Yeast-Levure-de-Biere-200-Capsules.jpg\",\"width\":680,\"height\":680},{\"@type\":\"BreadcrumbList\",\"@id\":\"https:\\\/\\\/vitablanca.ma\\\/produit\\\/ostrovit-brewers-yeast-levure-de-biere-200-capsules\\\/#breadcrumb\",\"itemListElement\":[{\"@type\":\"ListItem\",\"position\":1,\"name\":\"Home\",\"item\":\"https:\\\/\\\/vitablanca.ma\\\/\"},{\"@type\":\"ListItem\",\"position\":2,\"name\":\"Tous Les Produits\",\"item\":\"https:\\\/\\\/vitablanca.ma\\\/tous-les-produits\\\/\"},{\"@type\":\"ListItem\",\"position\":3,\"name\":\"OstroVit Brewer&#8217;s Yeast Levure de Bi\u00e8re 200 Capsules\"}]},{\"@type\":\"WebSite\",\"@id\":\"https:\\\/\\\/vitablanca.ma\\\/#website\",\"url\":\"https:\\\/\\\/vitablanca.ma\\\/\",\"name\":\"VitaBlanca.ma | Compl\u00e9ments alimentaires, sant\u00e9 & beaut\u00e9 au Maroc\",\"description\":\"vendre vitamines et compl\u00e9ments premium des USA &amp; Canada, Nouvelle Z\u00e9lande,Maroc (NOW Foods, Solgar, Manuka). Livraison rapide partout au Maroc.\",\"publisher\":{\"@id\":\"https:\\\/\\\/vitablanca.ma\\\/#organization\"},\"alternateName\":\"VitaBlanca.ma\",\"potentialAction\":[{\"@type\":\"SearchAction\",\"target\":{\"@type\":\"EntryPoint\",\"urlTemplate\":\"https:\\\/\\\/vitablanca.ma\\\/?s={search_term_string}\"},\"query-input\":{\"@type\":\"PropertyValueSpecification\",\"valueRequired\":true,\"valueName\":\"search_term_string\"}}],\"inLanguage\":\"ar\"},{\"@type\":\"Organization\",\"@id\":\"https:\\\/\\\/vitablanca.ma\\\/#organization\",\"name\":\"VitaBlanca\",\"url\":\"https:\\\/\\\/vitablanca.ma\\\/\",\"logo\":{\"@type\":\"ImageObject\",\"inLanguage\":\"ar\",\"@id\":\"https:\\\/\\\/vitablanca.ma\\\/#\\\/schema\\\/logo\\\/image\\\/\",\"url\":\"https:\\\/\\\/vitablanca.ma\\\/wp-content\\\/uploads\\\/2025\\\/05\\\/cropped-vitablanca.png\",\"contentUrl\":\"https:\\\/\\\/vitablanca.ma\\\/wp-content\\\/uploads\\\/2025\\\/05\\\/cropped-vitablanca.png\",\"width\":360,\"height\":67,\"caption\":\"VitaBlanca\"},\"image\":{\"@id\":\"https:\\\/\\\/vitablanca.ma\\\/#\\\/schema\\\/logo\\\/image\\\/\"},\"sameAs\":[\"https:\\\/\\\/www.facebook.com\\\/profile.php?id=61576678196717\",\"https:\\\/\\\/www.tiktok.com\\\/@vitablanca.ma\",\"https:\\\/\\\/www.instagram.com\\\/vitablanca.ma\\\/\"]}]}<\/script>\n<!-- \/ Yoast SEO plugin. -->","yoast_head_json":{"title":"OstroVit Brewer's Yeast Levure de Bi\u00e8re 200 Capsules - Maroc Prix","description":"OstroVit Levure de Bi\u00e8re. Beaut\u00e9 peau, cheveux, ongles, digestion et \u00e9nergie. 200 capsules riches en vitamines B. Livraison rapide au Maroc.","robots":{"index":"index","follow":"follow","max-snippet":"max-snippet:-1","max-image-preview":"max-image-preview:large","max-video-preview":"max-video-preview:-1"},"canonical":"https:\/\/vitablanca.ma\/ar\/product-2\/ostrovit-brewers-yeast-levure-de-biere-200-capsules\/","og_locale":"ar_AR","og_type":"article","og_title":"OstroVit Brewer's Yeast Levure de Bi\u00e8re 200 Capsules - Maroc Prix","og_description":"OstroVit Levure de Bi\u00e8re. Beaut\u00e9 peau, cheveux, ongles, digestion et \u00e9nergie. 200 capsules riches en vitamines B. Livraison rapide au Maroc.","og_url":"https:\/\/vitablanca.ma\/ar\/product-2\/ostrovit-brewers-yeast-levure-de-biere-200-capsules\/","og_site_name":"Vitablanca.ma &ndash; Sant&eacute;, vitalit&eacute; et bien-&ecirc;tre pour tous les Marocains","article_publisher":"https:\/\/www.facebook.com\/profile.php?id=61576678196717","article_modified_time":"2026-03-13T03:32:25+00:00","og_image":[{"width":680,"height":680,"url":"https:\/\/vitablanca.ma\/wp-content\/uploads\/2025\/11\/OstroVit-Brewers-Yeast-Levure-de-Biere-200-Capsules.jpg","type":"image\/jpeg"}],"twitter_card":"summary_large_image","twitter_misc":{"\u0648\u0642\u062a \u0627\u0644\u0642\u0631\u0627\u0621\u0629 \u0627\u0644\u0645\u064f\u0642\u062f\u0651\u0631":"\u062f\u0642\u064a\u0642\u0629 \u0648\u0627\u062d\u062f\u0629"},"schema":{"@context":"https:\/\/schema.org","@graph":[{"@type":["WebPage","ItemPage"],"@id":"https:\/\/vitablanca.ma\/produit\/ostrovit-brewers-yeast-levure-de-biere-200-capsules\/","url":"https:\/\/vitablanca.ma\/produit\/ostrovit-brewers-yeast-levure-de-biere-200-capsules\/","name":"OstroVit Brewer's Yeast Levure de Bi\u00e8re 200 Capsules - Maroc Prix","isPartOf":{"@id":"https:\/\/vitablanca.ma\/#website"},"primaryImageOfPage":{"@id":"https:\/\/vitablanca.ma\/produit\/ostrovit-brewers-yeast-levure-de-biere-200-capsules\/#primaryimage"},"image":{"@id":"https:\/\/vitablanca.ma\/produit\/ostrovit-brewers-yeast-levure-de-biere-200-capsules\/#primaryimage"},"thumbnailUrl":"https:\/\/vitablanca.ma\/wp-content\/uploads\/2025\/11\/OstroVit-Brewers-Yeast-Levure-de-Biere-200-Capsules.jpg","datePublished":"2025-11-20T12:07:56+00:00","dateModified":"2026-03-13T03:32:25+00:00","description":"OstroVit Levure de Bi\u00e8re. Beaut\u00e9 peau, cheveux, ongles, digestion et \u00e9nergie. 200 capsules riches en vitamines B. Livraison rapide au Maroc.","breadcrumb":{"@id":"https:\/\/vitablanca.ma\/produit\/ostrovit-brewers-yeast-levure-de-biere-200-capsules\/#breadcrumb"},"inLanguage":"ar","potentialAction":[{"@type":"ReadAction","target":["https:\/\/vitablanca.ma\/produit\/ostrovit-brewers-yeast-levure-de-biere-200-capsules\/"]}]},{"@type":"ImageObject","inLanguage":"ar","@id":"https:\/\/vitablanca.ma\/produit\/ostrovit-brewers-yeast-levure-de-biere-200-capsules\/#primaryimage","url":"https:\/\/vitablanca.ma\/wp-content\/uploads\/2025\/11\/OstroVit-Brewers-Yeast-Levure-de-Biere-200-Capsules.jpg","contentUrl":"https:\/\/vitablanca.ma\/wp-content\/uploads\/2025\/11\/OstroVit-Brewers-Yeast-Levure-de-Biere-200-Capsules.jpg","width":680,"height":680},{"@type":"BreadcrumbList","@id":"https:\/\/vitablanca.ma\/produit\/ostrovit-brewers-yeast-levure-de-biere-200-capsules\/#breadcrumb","itemListElement":[{"@type":"ListItem","position":1,"name":"Home","item":"https:\/\/vitablanca.ma\/"},{"@type":"ListItem","position":2,"name":"Tous Les Produits","item":"https:\/\/vitablanca.ma\/tous-les-produits\/"},{"@type":"ListItem","position":3,"name":"OstroVit Brewer&#8217;s Yeast Levure de Bi\u00e8re 200 Capsules"}]},{"@type":"WebSite","@id":"https:\/\/vitablanca.ma\/#website","url":"https:\/\/vitablanca.ma\/","name":"VitaBlanca.ma | \u0627\u0644\u0645\u0643\u0645\u0644\u0627\u062a \u0627\u0644\u063a\u0630\u0627\u0626\u064a\u0629\u060c \u0627\u0644\u0635\u062d\u0629 \u0648\u0627\u0644\u062c\u0645\u0627\u0644 \u0641\u064a \u0627\u0644\u0645\u063a\u0631\u0628","description":"\u0646\u0628\u064a\u0639 \u0641\u064a\u062a\u0627\u0645\u064a\u0646\u0627\u062a \u0648\u0645\u0643\u0645\u0644\u0627\u062a \u063a\u0630\u0627\u0626\u064a\u0629 \u0641\u0627\u062e\u0631\u0629 \u0645\u0646 \u0627\u0644\u0648\u0644\u0627\u064a\u0627\u062a \u0627\u0644\u0645\u062a\u062d\u062f\u0629 \u0627\u0644\u0623\u0645\u0631\u064a\u0643\u064a\u0629 \u0648\u0643\u0646\u062f\u0627 \u0648\u0646\u064a\u0648\u0632\u064a\u0644\u0646\u062f\u0627 \u0648\u0627\u0644\u0645\u063a\u0631\u0628 (\u0646\u0627\u0648 \u0641\u0648\u062f\u0632\u060c \u0633\u0648\u0644\u062c\u0627\u0631\u060c \u0645\u0627\u0646\u0648\u0643\u0627). \u062a\u0648\u0635\u064a\u0644 \u0633\u0631\u064a\u0639 \u0625\u0644\u0649 \u062c\u0645\u064a\u0639 \u0623\u0646\u062d\u0627\u0621 \u0627\u0644\u0645\u063a\u0631\u0628.","publisher":{"@id":"https:\/\/vitablanca.ma\/#organization"},"alternateName":"VitaBlanca.ma","potentialAction":[{"@type":"SearchAction","target":{"@type":"EntryPoint","urlTemplate":"https:\/\/vitablanca.ma\/?s={search_term_string}"},"query-input":{"@type":"PropertyValueSpecification","valueRequired":true,"valueName":"search_term_string"}}],"inLanguage":"ar"},{"@type":"Organization","@id":"https:\/\/vitablanca.ma\/#organization","name":"\u0641\u064a\u062a\u0627\u0628\u0644\u0627\u0646\u0643\u0627","url":"https:\/\/vitablanca.ma\/","logo":{"@type":"ImageObject","inLanguage":"ar","@id":"https:\/\/vitablanca.ma\/#\/schema\/logo\/image\/","url":"https:\/\/vitablanca.ma\/wp-content\/uploads\/2025\/05\/cropped-vitablanca.png","contentUrl":"https:\/\/vitablanca.ma\/wp-content\/uploads\/2025\/05\/cropped-vitablanca.png","width":360,"height":67,"caption":"VitaBlanca"},"image":{"@id":"https:\/\/vitablanca.ma\/#\/schema\/logo\/image\/"},"sameAs":["https:\/\/www.facebook.com\/profile.php?id=61576678196717","https:\/\/www.tiktok.com\/@vitablanca.ma","https:\/\/www.instagram.com\/vitablanca.ma\/"]}]}},"jetpack_sharing_enabled":true,"_links":{"self":[{"href":"https:\/\/vitablanca.ma\/ar\/wp-json\/wp\/v2\/product\/26748","targetHints":{"allow":["GET"]}}],"collection":[{"href":"https:\/\/vitablanca.ma\/ar\/wp-json\/wp\/v2\/product"}],"about":[{"href":"https:\/\/vitablanca.ma\/ar\/wp-json\/wp\/v2\/types\/product"}],"wp:featuredmedia":[{"embeddable":true,"href":"https:\/\/vitablanca.ma\/ar\/wp-json\/wp\/v2\/media\/26668"}],"wp:attachment":[{"href":"https:\/\/vitablanca.ma\/ar\/wp-json\/wp\/v2\/media?parent=26748"}],"wp:term":[{"taxonomy":"product_brand","embeddable":true,"href":"https:\/\/vitablanca.ma\/ar\/wp-json\/wp\/v2\/product_brand?post=26748"},{"taxonomy":"product_cat","embeddable":true,"href":"https:\/\/vitablanca.ma\/ar\/wp-json\/wp\/v2\/product_cat?post=26748"},{"taxonomy":"product_tag","embeddable":true,"href":"https:\/\/vitablanca.ma\/ar\/wp-json\/wp\/v2\/product_tag?post=26748"}],"curies":[{"name":"wp","href":"https:\/\/api.w.org\/{rel}","templated":true}]}}