{"id":26728,"date":"2025-11-20T12:07:40","date_gmt":"2025-11-20T12:07:40","guid":{"rendered":"https:\/\/vitablanca.ma\/?post_type=product&#038;p=26728"},"modified":"2026-03-13T03:32:27","modified_gmt":"2026-03-13T03:32:27","slug":"ostrovit-lutein-zeaxanthin-60-capssules","status":"publish","type":"product","link":"https:\/\/vitablanca.ma\/ar\/product-2\/ostrovit-lutein-zeaxanthin-60-capssules\/","title":{"rendered":"OstroVit Lutein + Zeaxanthin 60 Capssules"},"content":{"rendered":"<p>Formule cibl\u00e9e pour la sant\u00e9 des yeux Avec Lut\u00e9ine et Z\u00e9axanthine Prot\u00e8ge de la lumi\u00e8re bleue et du stress oxydatif Soutient une vision saine et nette La Lut\u00e9ine + Z\u00e9axanthine d&rsquo;OstroVit est un duo d&rsquo;antioxydants puissants, sp\u00e9cialement con\u00e7u pour la sant\u00e9 de vos yeux. Ces deux carot\u00e9no\u00efdes se concentrent naturellement dans la macula et agissent comme un filtre interne contre la lumi\u00e8re bleue nocive \u00e9mise par les \u00e9crans et le soleil. Ils aident \u00e0 prot\u00e9ger les cellules oculaires des dommages et \u00e0 maintenir une acuit\u00e9 visuelle saine. Nutravit.ma vous propose ce bouclier nutritionnel pour pr\u00e9server votre capital vision au quotidien.<\/p>","protected":false},"excerpt":{"rendered":"<ul>\n<li><strong>Quantit\u00e9 par paquet<\/strong>\u00a0: 60 capsules<\/li>\n<li><strong>Portions par paquet<\/strong>\u00a0: 60<\/li>\n<li><strong>Dosage par portion<\/strong>\u00a0: 1 capsule<\/li>\n<li><strong>Teneur en lut\u00e9ine par portion<\/strong>\u00a0: 18 mg<\/li>\n<li><strong>Teneur en z\u00e9axanthine par portion<\/strong>\u00a0: 2 mg<\/li>\n<li><strong>\u0645\u0643\u0648\u0646\u0627\u062a<\/strong>\u00a0: Lut\u00e9ine et z\u00e9axanthine (provenant de fleurs de souci), huile de tournesol, g\u00e9latine (capsule).<\/li>\n<li><strong>Utilisation Sugg\u00e9r\u00e9e<\/strong>\u00a0Prendre\u00a0<strong>1 capsule par jour<\/strong>\u00a0avec un repas pour une absorption optimale.<\/li>\n<\/ul>","protected":false},"featured_media":26607,"template":"","meta":{"om_disable_all_campaigns":false},"product_brand":[4843],"product_cat":[18],"product_tag":[582,4527,6197,181,4528,6198,5013,6195,4763,4529,4530,5020,976,4531,1747,6196],"class_list":{"0":"post-26728","1":"product","2":"type-product","3":"status-publish","4":"has-post-thumbnail","6":"product_brand-ostrovit-maroc-prix","7":"product_cat-beaute-sante","8":"product_tag-antioxydants","9":"product_tag-antioxydants-pour-les-yeux","10":"product_tag-capsules","11":"product_tag-complement-alimentaire","12":"product_tag-complement-luteine-yeux","13":"product_tag-fatigue-oculaire","14":"product_tag-lumiere-bleue","15":"product_tag-lutein","16":"product_tag-ostrovit","17":"product_tag-ostrovit-lutein-zeaxanthin-60-capsules","18":"product_tag-protection-vision-ostrovit","19":"product_tag-protection-yeux","20":"product_tag-sante-des-yeux","21":"product_tag-sante-retine-fatigue-oculaire","22":"product_tag-vision","23":"product_tag-zeaxanthin","25":"first","26":"outofstock","27":"taxable","28":"shipping-taxable","29":"purchasable","30":"product-type-simple"},"yoast_head":"<!-- This site is optimized with the Yoast SEO plugin v27.3 - https:\/\/yoast.com\/product\/yoast-seo-wordpress\/ -->\n<title>OstroVit Lutein + Zeaxanthin 60 Capssules - Maroc Prix<\/title>\n<meta name=\"description\" content=\"OstroVit Lutein + Zeaxanthin 60 capsules prot\u00e8ge les yeux, soutient la vision et aide \u00e0 r\u00e9duire la fatigue oculaire gr\u00e2ce \u00e0 ses antioxydants naturels.\" \/>\n<meta name=\"robots\" content=\"index, follow, max-snippet:-1, max-image-preview:large, max-video-preview:-1\" \/>\n<link rel=\"canonical\" href=\"https:\/\/vitablanca.ma\/ar\/product-2\/ostrovit-lutein-zeaxanthin-60-capssules\/\" \/>\n<meta property=\"og:locale\" content=\"ar_AR\" \/>\n<meta property=\"og:type\" content=\"article\" \/>\n<meta property=\"og:title\" content=\"OstroVit Lutein + Zeaxanthin 60 Capssules - Maroc Prix\" \/>\n<meta property=\"og:description\" content=\"OstroVit Lutein + Zeaxanthin 60 capsules prot\u00e8ge les yeux, soutient la vision et aide \u00e0 r\u00e9duire la fatigue oculaire gr\u00e2ce \u00e0 ses antioxydants naturels.\" \/>\n<meta property=\"og:url\" content=\"https:\/\/vitablanca.ma\/ar\/product-2\/ostrovit-lutein-zeaxanthin-60-capssules\/\" \/>\n<meta property=\"og:site_name\" content=\"Vitablanca.ma &ndash; Sant&eacute;, vitalit&eacute; et bien-&ecirc;tre pour tous les Marocains\" \/>\n<meta property=\"article:publisher\" content=\"https:\/\/www.facebook.com\/profile.php?id=61576678196717\" \/>\n<meta property=\"article:modified_time\" content=\"2026-03-13T03:32:27+00:00\" \/>\n<meta property=\"og:image\" content=\"https:\/\/vitablanca.ma\/wp-content\/uploads\/2025\/11\/OstroVit-Lutein-Zeaxanthin-60-Capssules.jpg\" \/>\n\t<meta property=\"og:image:width\" content=\"680\" \/>\n\t<meta property=\"og:image:height\" content=\"680\" \/>\n\t<meta property=\"og:image:type\" content=\"image\/jpeg\" \/>\n<meta name=\"twitter:card\" content=\"summary_large_image\" \/>\n<meta name=\"twitter:label1\" content=\"\u0648\u0642\u062a \u0627\u0644\u0642\u0631\u0627\u0621\u0629 \u0627\u0644\u0645\u064f\u0642\u062f\u0651\u0631\" \/>\n\t<meta name=\"twitter:data1\" content=\"\u062f\u0642\u064a\u0642\u0629 \u0648\u0627\u062d\u062f\u0629\" \/>\n<script type=\"application\/ld+json\" class=\"yoast-schema-graph\">{\"@context\":\"https:\\\/\\\/schema.org\",\"@graph\":[{\"@type\":[\"WebPage\",\"ItemPage\"],\"@id\":\"https:\\\/\\\/vitablanca.ma\\\/produit\\\/ostrovit-lutein-zeaxanthin-60-capssules\\\/\",\"url\":\"https:\\\/\\\/vitablanca.ma\\\/produit\\\/ostrovit-lutein-zeaxanthin-60-capssules\\\/\",\"name\":\"OstroVit Lutein + Zeaxanthin 60 Capssules - Maroc Prix\",\"isPartOf\":{\"@id\":\"https:\\\/\\\/vitablanca.ma\\\/#website\"},\"primaryImageOfPage\":{\"@id\":\"https:\\\/\\\/vitablanca.ma\\\/produit\\\/ostrovit-lutein-zeaxanthin-60-capssules\\\/#primaryimage\"},\"image\":{\"@id\":\"https:\\\/\\\/vitablanca.ma\\\/produit\\\/ostrovit-lutein-zeaxanthin-60-capssules\\\/#primaryimage\"},\"thumbnailUrl\":\"https:\\\/\\\/vitablanca.ma\\\/wp-content\\\/uploads\\\/2025\\\/11\\\/OstroVit-Lutein-Zeaxanthin-60-Capssules.jpg\",\"datePublished\":\"2025-11-20T12:07:40+00:00\",\"dateModified\":\"2026-03-13T03:32:27+00:00\",\"description\":\"OstroVit Lutein + Zeaxanthin 60 capsules prot\u00e8ge les yeux, soutient la vision et aide \u00e0 r\u00e9duire la fatigue oculaire gr\u00e2ce \u00e0 ses antioxydants naturels.\",\"breadcrumb\":{\"@id\":\"https:\\\/\\\/vitablanca.ma\\\/produit\\\/ostrovit-lutein-zeaxanthin-60-capssules\\\/#breadcrumb\"},\"inLanguage\":\"ar\",\"potentialAction\":[{\"@type\":\"ReadAction\",\"target\":[\"https:\\\/\\\/vitablanca.ma\\\/produit\\\/ostrovit-lutein-zeaxanthin-60-capssules\\\/\"]}]},{\"@type\":\"ImageObject\",\"inLanguage\":\"ar\",\"@id\":\"https:\\\/\\\/vitablanca.ma\\\/produit\\\/ostrovit-lutein-zeaxanthin-60-capssules\\\/#primaryimage\",\"url\":\"https:\\\/\\\/vitablanca.ma\\\/wp-content\\\/uploads\\\/2025\\\/11\\\/OstroVit-Lutein-Zeaxanthin-60-Capssules.jpg\",\"contentUrl\":\"https:\\\/\\\/vitablanca.ma\\\/wp-content\\\/uploads\\\/2025\\\/11\\\/OstroVit-Lutein-Zeaxanthin-60-Capssules.jpg\",\"width\":680,\"height\":680},{\"@type\":\"BreadcrumbList\",\"@id\":\"https:\\\/\\\/vitablanca.ma\\\/produit\\\/ostrovit-lutein-zeaxanthin-60-capssules\\\/#breadcrumb\",\"itemListElement\":[{\"@type\":\"ListItem\",\"position\":1,\"name\":\"Home\",\"item\":\"https:\\\/\\\/vitablanca.ma\\\/\"},{\"@type\":\"ListItem\",\"position\":2,\"name\":\"Tous Les Produits\",\"item\":\"https:\\\/\\\/vitablanca.ma\\\/tous-les-produits\\\/\"},{\"@type\":\"ListItem\",\"position\":3,\"name\":\"OstroVit Lutein + Zeaxanthin 60 Capssules\"}]},{\"@type\":\"WebSite\",\"@id\":\"https:\\\/\\\/vitablanca.ma\\\/#website\",\"url\":\"https:\\\/\\\/vitablanca.ma\\\/\",\"name\":\"VitaBlanca.ma | Compl\u00e9ments alimentaires, sant\u00e9 & beaut\u00e9 au Maroc\",\"description\":\"vendre vitamines et compl\u00e9ments premium des USA &amp; Canada, Nouvelle Z\u00e9lande,Maroc (NOW Foods, Solgar, Manuka). Livraison rapide partout au Maroc.\",\"publisher\":{\"@id\":\"https:\\\/\\\/vitablanca.ma\\\/#organization\"},\"alternateName\":\"VitaBlanca.ma\",\"potentialAction\":[{\"@type\":\"SearchAction\",\"target\":{\"@type\":\"EntryPoint\",\"urlTemplate\":\"https:\\\/\\\/vitablanca.ma\\\/?s={search_term_string}\"},\"query-input\":{\"@type\":\"PropertyValueSpecification\",\"valueRequired\":true,\"valueName\":\"search_term_string\"}}],\"inLanguage\":\"ar\"},{\"@type\":\"Organization\",\"@id\":\"https:\\\/\\\/vitablanca.ma\\\/#organization\",\"name\":\"VitaBlanca\",\"url\":\"https:\\\/\\\/vitablanca.ma\\\/\",\"logo\":{\"@type\":\"ImageObject\",\"inLanguage\":\"ar\",\"@id\":\"https:\\\/\\\/vitablanca.ma\\\/#\\\/schema\\\/logo\\\/image\\\/\",\"url\":\"https:\\\/\\\/vitablanca.ma\\\/wp-content\\\/uploads\\\/2025\\\/05\\\/cropped-vitablanca.png\",\"contentUrl\":\"https:\\\/\\\/vitablanca.ma\\\/wp-content\\\/uploads\\\/2025\\\/05\\\/cropped-vitablanca.png\",\"width\":360,\"height\":67,\"caption\":\"VitaBlanca\"},\"image\":{\"@id\":\"https:\\\/\\\/vitablanca.ma\\\/#\\\/schema\\\/logo\\\/image\\\/\"},\"sameAs\":[\"https:\\\/\\\/www.facebook.com\\\/profile.php?id=61576678196717\",\"https:\\\/\\\/www.tiktok.com\\\/@vitablanca.ma\",\"https:\\\/\\\/www.instagram.com\\\/vitablanca.ma\\\/\"]}]}<\/script>\n<!-- \/ Yoast SEO plugin. -->","yoast_head_json":{"title":"OstroVit Lutein + Zeaxanthin 60 Capssules - Maroc Prix","description":"OstroVit Lutein + Zeaxanthin 60 capsules prot\u00e8ge les yeux, soutient la vision et aide \u00e0 r\u00e9duire la fatigue oculaire gr\u00e2ce \u00e0 ses antioxydants naturels.","robots":{"index":"index","follow":"follow","max-snippet":"max-snippet:-1","max-image-preview":"max-image-preview:large","max-video-preview":"max-video-preview:-1"},"canonical":"https:\/\/vitablanca.ma\/ar\/product-2\/ostrovit-lutein-zeaxanthin-60-capssules\/","og_locale":"ar_AR","og_type":"article","og_title":"OstroVit Lutein + Zeaxanthin 60 Capssules - Maroc Prix","og_description":"OstroVit Lutein + Zeaxanthin 60 capsules prot\u00e8ge les yeux, soutient la vision et aide \u00e0 r\u00e9duire la fatigue oculaire gr\u00e2ce \u00e0 ses antioxydants naturels.","og_url":"https:\/\/vitablanca.ma\/ar\/product-2\/ostrovit-lutein-zeaxanthin-60-capssules\/","og_site_name":"Vitablanca.ma &ndash; Sant&eacute;, vitalit&eacute; et bien-&ecirc;tre pour tous les Marocains","article_publisher":"https:\/\/www.facebook.com\/profile.php?id=61576678196717","article_modified_time":"2026-03-13T03:32:27+00:00","og_image":[{"width":680,"height":680,"url":"https:\/\/vitablanca.ma\/wp-content\/uploads\/2025\/11\/OstroVit-Lutein-Zeaxanthin-60-Capssules.jpg","type":"image\/jpeg"}],"twitter_card":"summary_large_image","twitter_misc":{"\u0648\u0642\u062a \u0627\u0644\u0642\u0631\u0627\u0621\u0629 \u0627\u0644\u0645\u064f\u0642\u062f\u0651\u0631":"\u062f\u0642\u064a\u0642\u0629 \u0648\u0627\u062d\u062f\u0629"},"schema":{"@context":"https:\/\/schema.org","@graph":[{"@type":["WebPage","ItemPage"],"@id":"https:\/\/vitablanca.ma\/produit\/ostrovit-lutein-zeaxanthin-60-capssules\/","url":"https:\/\/vitablanca.ma\/produit\/ostrovit-lutein-zeaxanthin-60-capssules\/","name":"OstroVit Lutein + Zeaxanthin 60 Capssules - Maroc Prix","isPartOf":{"@id":"https:\/\/vitablanca.ma\/#website"},"primaryImageOfPage":{"@id":"https:\/\/vitablanca.ma\/produit\/ostrovit-lutein-zeaxanthin-60-capssules\/#primaryimage"},"image":{"@id":"https:\/\/vitablanca.ma\/produit\/ostrovit-lutein-zeaxanthin-60-capssules\/#primaryimage"},"thumbnailUrl":"https:\/\/vitablanca.ma\/wp-content\/uploads\/2025\/11\/OstroVit-Lutein-Zeaxanthin-60-Capssules.jpg","datePublished":"2025-11-20T12:07:40+00:00","dateModified":"2026-03-13T03:32:27+00:00","description":"OstroVit Lutein + Zeaxanthin 60 capsules prot\u00e8ge les yeux, soutient la vision et aide \u00e0 r\u00e9duire la fatigue oculaire gr\u00e2ce \u00e0 ses antioxydants naturels.","breadcrumb":{"@id":"https:\/\/vitablanca.ma\/produit\/ostrovit-lutein-zeaxanthin-60-capssules\/#breadcrumb"},"inLanguage":"ar","potentialAction":[{"@type":"ReadAction","target":["https:\/\/vitablanca.ma\/produit\/ostrovit-lutein-zeaxanthin-60-capssules\/"]}]},{"@type":"ImageObject","inLanguage":"ar","@id":"https:\/\/vitablanca.ma\/produit\/ostrovit-lutein-zeaxanthin-60-capssules\/#primaryimage","url":"https:\/\/vitablanca.ma\/wp-content\/uploads\/2025\/11\/OstroVit-Lutein-Zeaxanthin-60-Capssules.jpg","contentUrl":"https:\/\/vitablanca.ma\/wp-content\/uploads\/2025\/11\/OstroVit-Lutein-Zeaxanthin-60-Capssules.jpg","width":680,"height":680},{"@type":"BreadcrumbList","@id":"https:\/\/vitablanca.ma\/produit\/ostrovit-lutein-zeaxanthin-60-capssules\/#breadcrumb","itemListElement":[{"@type":"ListItem","position":1,"name":"Home","item":"https:\/\/vitablanca.ma\/"},{"@type":"ListItem","position":2,"name":"Tous Les Produits","item":"https:\/\/vitablanca.ma\/tous-les-produits\/"},{"@type":"ListItem","position":3,"name":"OstroVit Lutein + Zeaxanthin 60 Capssules"}]},{"@type":"WebSite","@id":"https:\/\/vitablanca.ma\/#website","url":"https:\/\/vitablanca.ma\/","name":"VitaBlanca.ma | \u0627\u0644\u0645\u0643\u0645\u0644\u0627\u062a \u0627\u0644\u063a\u0630\u0627\u0626\u064a\u0629\u060c \u0627\u0644\u0635\u062d\u0629 \u0648\u0627\u0644\u062c\u0645\u0627\u0644 \u0641\u064a \u0627\u0644\u0645\u063a\u0631\u0628","description":"\u0646\u0628\u064a\u0639 \u0641\u064a\u062a\u0627\u0645\u064a\u0646\u0627\u062a \u0648\u0645\u0643\u0645\u0644\u0627\u062a \u063a\u0630\u0627\u0626\u064a\u0629 \u0641\u0627\u062e\u0631\u0629 \u0645\u0646 \u0627\u0644\u0648\u0644\u0627\u064a\u0627\u062a \u0627\u0644\u0645\u062a\u062d\u062f\u0629 \u0627\u0644\u0623\u0645\u0631\u064a\u0643\u064a\u0629 \u0648\u0643\u0646\u062f\u0627 \u0648\u0646\u064a\u0648\u0632\u064a\u0644\u0646\u062f\u0627 \u0648\u0627\u0644\u0645\u063a\u0631\u0628 (\u0646\u0627\u0648 \u0641\u0648\u062f\u0632\u060c \u0633\u0648\u0644\u062c\u0627\u0631\u060c \u0645\u0627\u0646\u0648\u0643\u0627). \u062a\u0648\u0635\u064a\u0644 \u0633\u0631\u064a\u0639 \u0625\u0644\u0649 \u062c\u0645\u064a\u0639 \u0623\u0646\u062d\u0627\u0621 \u0627\u0644\u0645\u063a\u0631\u0628.","publisher":{"@id":"https:\/\/vitablanca.ma\/#organization"},"alternateName":"VitaBlanca.ma","potentialAction":[{"@type":"SearchAction","target":{"@type":"EntryPoint","urlTemplate":"https:\/\/vitablanca.ma\/?s={search_term_string}"},"query-input":{"@type":"PropertyValueSpecification","valueRequired":true,"valueName":"search_term_string"}}],"inLanguage":"ar"},{"@type":"Organization","@id":"https:\/\/vitablanca.ma\/#organization","name":"\u0641\u064a\u062a\u0627\u0628\u0644\u0627\u0646\u0643\u0627","url":"https:\/\/vitablanca.ma\/","logo":{"@type":"ImageObject","inLanguage":"ar","@id":"https:\/\/vitablanca.ma\/#\/schema\/logo\/image\/","url":"https:\/\/vitablanca.ma\/wp-content\/uploads\/2025\/05\/cropped-vitablanca.png","contentUrl":"https:\/\/vitablanca.ma\/wp-content\/uploads\/2025\/05\/cropped-vitablanca.png","width":360,"height":67,"caption":"VitaBlanca"},"image":{"@id":"https:\/\/vitablanca.ma\/#\/schema\/logo\/image\/"},"sameAs":["https:\/\/www.facebook.com\/profile.php?id=61576678196717","https:\/\/www.tiktok.com\/@vitablanca.ma","https:\/\/www.instagram.com\/vitablanca.ma\/"]}]}},"jetpack_sharing_enabled":true,"_links":{"self":[{"href":"https:\/\/vitablanca.ma\/ar\/wp-json\/wp\/v2\/product\/26728","targetHints":{"allow":["GET"]}}],"collection":[{"href":"https:\/\/vitablanca.ma\/ar\/wp-json\/wp\/v2\/product"}],"about":[{"href":"https:\/\/vitablanca.ma\/ar\/wp-json\/wp\/v2\/types\/product"}],"wp:featuredmedia":[{"embeddable":true,"href":"https:\/\/vitablanca.ma\/ar\/wp-json\/wp\/v2\/media\/26607"}],"wp:attachment":[{"href":"https:\/\/vitablanca.ma\/ar\/wp-json\/wp\/v2\/media?parent=26728"}],"wp:term":[{"taxonomy":"product_brand","embeddable":true,"href":"https:\/\/vitablanca.ma\/ar\/wp-json\/wp\/v2\/product_brand?post=26728"},{"taxonomy":"product_cat","embeddable":true,"href":"https:\/\/vitablanca.ma\/ar\/wp-json\/wp\/v2\/product_cat?post=26728"},{"taxonomy":"product_tag","embeddable":true,"href":"https:\/\/vitablanca.ma\/ar\/wp-json\/wp\/v2\/product_tag?post=26728"}],"curies":[{"name":"wp","href":"https:\/\/api.w.org\/{rel}","templated":true}]}}