{"id":26725,"date":"2025-11-20T12:07:39","date_gmt":"2025-11-20T12:07:39","guid":{"rendered":"https:\/\/vitablanca.ma\/?post_type=product&#038;p=26725"},"modified":"2026-03-13T03:32:27","modified_gmt":"2026-03-13T03:32:27","slug":"ostrovit-bacopa-monnieri-memoire-concentration-cognition-anti-stress-90-capsule","status":"publish","type":"product","link":"https:\/\/vitablanca.ma\/ar\/product-2\/ostrovit-bacopa-monnieri-memoire-concentration-cognition-anti-stress-90-capsule\/","title":{"rendered":"OstroVit Bacopa Monnieri M\u00e9moire Concentration Cognition &#038; Anti-stress 90 Capsule"},"content":{"rendered":"<p data-start=\"1144\" data-end=\"1483\">OstroVit Bacopa Monnieri est un <strong data-start=\"1176\" data-end=\"1210\">compl\u00e9ment alimentaire premium<\/strong> \u0645\u0631\u062a\u0643\u0632 \u0639\u0644\u0649 <strong data-start=\"1221\" data-end=\"1240\">Bacopa Monnieri<\/strong>, une plante reconnue pour ses effets positifs sur la <strong data-start=\"1294\" data-end=\"1305\">m\u00e9moire<\/strong>, la <strong data-start=\"1310\" data-end=\"1327\">concentration<\/strong>, la <strong data-start=\"1332\" data-end=\"1345\">cognition<\/strong> \u0648 \u0627\u0644 <strong data-start=\"1352\" data-end=\"1373\">gestion du stress<\/strong>. Id\u00e9al pour les \u00e9tudiants, professionnels et toute personne souhaitant am\u00e9liorer ses performances mentales.<\/p>\n<h3 data-start=\"1485\" data-end=\"1513\">Bienfaits principaux :<\/h3>\n<ul data-start=\"1514\" data-end=\"1810\">\n<li data-start=\"1514\" data-end=\"1570\">\n<p data-start=\"1516\" data-end=\"1570\">Soutien naturel de la m\u00e9moire et de la concentration<\/p>\n<\/li>\n<li data-start=\"1571\" data-end=\"1636\">\n<p data-start=\"1573\" data-end=\"1636\">Am\u00e9lioration des fonctions cognitives et de la clart\u00e9 mentale<\/p>\n<\/li>\n<li data-start=\"1637\" data-end=\"1688\">\n<p data-start=\"1639\" data-end=\"1688\">R\u00e9duction du stress et de l\u2019anxi\u00e9t\u00e9 quotidienne<\/p>\n<\/li>\n<li data-start=\"1689\" data-end=\"1747\">\n<p data-start=\"1691\" data-end=\"1747\">Compl\u00e9ment naturel de haute qualit\u00e9, test\u00e9 et original<\/p>\n<\/li>\n<li data-start=\"1748\" data-end=\"1810\">\n<p data-start=\"1750\" data-end=\"1810\">Adapt\u00e9 \u00e0 un usage quotidien pour un soutien mental optimal<\/p>\n<\/li>\n<\/ul>\n<h3 data-start=\"1812\" data-end=\"1826\">Format :<\/h3>\n<ul data-start=\"1827\" data-end=\"1900\">\n<li data-start=\"1827\" data-end=\"1859\">\n<p data-start=\"1829\" data-end=\"1859\">90 capsules faciles \u00e0 avaler<\/p>\n<\/li>\n<li data-start=\"1860\" data-end=\"1900\">\n<p data-start=\"1862\" data-end=\"1900\">Extrait concentr\u00e9 de Bacopa Monnieri<\/p>\n<\/li>\n<\/ul>\n<h3 data-start=\"1902\" data-end=\"1935\">Pourquoi choisir OstroVit ?<\/h3>\n<p data-start=\"1936\" data-end=\"2091\">OstroVit est une marque europ\u00e9enne reconnue pour ses <strong data-start=\"1989\" data-end=\"2051\">produits purs, test\u00e9s en laboratoire et de qualit\u00e9 premium<\/strong>, garantissant s\u00e9curit\u00e9 et efficacit\u00e9.<\/p>","protected":false},"excerpt":{"rendered":"<ul>\n<li><strong>Nom du produit :<\/strong>\u00a0OstroVit Bacopa Monnieri VEGE<\/li>\n<li><strong>Quantit\u00e9 par paquet :<\/strong>\u00a090 comprim\u00e9s<\/li>\n<li><strong>Portion journali\u00e8re :<\/strong>\u00a0\u0642\u0631\u0635 \u0648\u0627\u062d\u062f<\/li>\n<li><strong>\u0645\u062f\u0629 \u0627\u0644\u0627\u0633\u062a\u062e\u062f\u0627\u0645:<\/strong>\u00a090 jours (3 mois)<\/li>\n<li><strong>Forme :<\/strong>\u00a0Comprim\u00e9s faciles \u00e0 avaler<\/li>\n<li><strong>\u0637\u0631\u064a\u0642\u0629 \u0627\u0644\u0627\u0633\u062a\u062e\u062f\u0627\u0645:<\/strong>Prendre 1 comprim\u00e9 par jour avec un repas.<\/li>\n<\/ul>","protected":false},"featured_media":26602,"template":"","meta":{"om_disable_all_campaigns":false},"product_brand":[4843],"product_cat":[18],"product_tag":[5129,5128,4512,4513,5127,4514,2420,5131,5125,4515,5132,5130,4676,4516,5126],"class_list":{"0":"post-26725","1":"product","2":"type-product","3":"status-publish","4":"has-post-thumbnail","6":"product_brand-ostrovit-maroc-prix","7":"product_cat-beaute-sante","8":"product_tag-bacopa-capsules-maroc","9":"product_tag-bacopa-concentration-maroc","10":"product_tag-bacopa-memoire-concentration-naturel","11":"product_tag-bacopa-monnieri-cognition-anti-stress","12":"product_tag-bacopa-monnieri-maroc","13":"product_tag-complement-bacopa-ostrovit","14":"product_tag-complement-memoire-maroc","15":"product_tag-ostrovit-anti-stress-maroc","16":"product_tag-ostrovit-bacopa-maroc","17":"product_tag-ostrovit-bacopa-monnieri-90-capsules","18":"product_tag-ostrovit-cerveau-maroc","19":"product_tag-ostrovit-cognition-maroc","20":"product_tag-ostrovit-maroc","21":"product_tag-plante-ayurvedique-memoire-cerveau","22":"product_tag-soutien-mental-maroc","24":"first","25":"outofstock","26":"taxable","27":"shipping-taxable","28":"purchasable","29":"product-type-simple"},"yoast_head":"<!-- This site is optimized with the Yoast SEO plugin v27.4 - https:\/\/yoast.com\/product\/yoast-seo-wordpress\/ -->\n<title>OstroVit Bacopa Monnieri M\u00e9moire &amp; Anti-stress - Maroc Prix<\/title>\n<meta name=\"description\" content=\"OstroVit Bacopa Monnieri 90 capsules : soutien naturel pour m\u00e9moire, concentration, cognition et r\u00e9duction du stress. Produit original livraison au Maroc.\" \/>\n<meta name=\"robots\" content=\"index, follow, max-snippet:-1, max-image-preview:large, max-video-preview:-1\" \/>\n<link rel=\"canonical\" href=\"https:\/\/vitablanca.ma\/ar\/product-2\/ostrovit-bacopa-monnieri-memoire-concentration-cognition-anti-stress-90-capsule\/\" \/>\n<meta property=\"og:locale\" content=\"ar_AR\" \/>\n<meta property=\"og:type\" content=\"article\" \/>\n<meta property=\"og:title\" content=\"OstroVit Bacopa Monnieri M\u00e9moire &amp; Anti-stress - Maroc Prix\" \/>\n<meta property=\"og:description\" content=\"OstroVit Bacopa Monnieri 90 capsules : soutien naturel pour m\u00e9moire, concentration, cognition et r\u00e9duction du stress. Produit original livraison au Maroc.\" \/>\n<meta property=\"og:url\" content=\"https:\/\/vitablanca.ma\/ar\/product-2\/ostrovit-bacopa-monnieri-memoire-concentration-cognition-anti-stress-90-capsule\/\" \/>\n<meta property=\"og:site_name\" content=\"Vitablanca.ma &ndash; Sant&eacute;, vitalit&eacute; et bien-&ecirc;tre pour tous les Marocains\" \/>\n<meta property=\"article:publisher\" content=\"https:\/\/www.facebook.com\/profile.php?id=61576678196717\" \/>\n<meta property=\"article:modified_time\" content=\"2026-03-13T03:32:27+00:00\" \/>\n<meta property=\"og:image\" content=\"https:\/\/vitablanca.ma\/wp-content\/uploads\/2025\/11\/OstroVit-Bacopa-Monnieri-Memoire-Concentration-Cognition-Anti-stress-90-Capsule.jpg\" \/>\n\t<meta property=\"og:image:width\" content=\"680\" \/>\n\t<meta property=\"og:image:height\" content=\"680\" \/>\n\t<meta property=\"og:image:type\" content=\"image\/jpeg\" \/>\n<meta name=\"twitter:card\" content=\"summary_large_image\" \/>\n<meta name=\"twitter:label1\" content=\"\u0648\u0642\u062a \u0627\u0644\u0642\u0631\u0627\u0621\u0629 \u0627\u0644\u0645\u064f\u0642\u062f\u0651\u0631\" \/>\n\t<meta name=\"twitter:data1\" content=\"\u062f\u0642\u064a\u0642\u0629 \u0648\u0627\u062d\u062f\u0629\" \/>\n<script type=\"application\/ld+json\" class=\"yoast-schema-graph\">{\"@context\":\"https:\\\/\\\/schema.org\",\"@graph\":[{\"@type\":[\"WebPage\",\"ItemPage\"],\"@id\":\"https:\\\/\\\/vitablanca.ma\\\/produit\\\/ostrovit-bacopa-monnieri-memoire-concentration-cognition-anti-stress-90-capsule\\\/\",\"url\":\"https:\\\/\\\/vitablanca.ma\\\/produit\\\/ostrovit-bacopa-monnieri-memoire-concentration-cognition-anti-stress-90-capsule\\\/\",\"name\":\"OstroVit Bacopa Monnieri M\u00e9moire & Anti-stress - Maroc Prix\",\"isPartOf\":{\"@id\":\"https:\\\/\\\/vitablanca.ma\\\/#website\"},\"primaryImageOfPage\":{\"@id\":\"https:\\\/\\\/vitablanca.ma\\\/produit\\\/ostrovit-bacopa-monnieri-memoire-concentration-cognition-anti-stress-90-capsule\\\/#primaryimage\"},\"image\":{\"@id\":\"https:\\\/\\\/vitablanca.ma\\\/produit\\\/ostrovit-bacopa-monnieri-memoire-concentration-cognition-anti-stress-90-capsule\\\/#primaryimage\"},\"thumbnailUrl\":\"https:\\\/\\\/vitablanca.ma\\\/wp-content\\\/uploads\\\/2025\\\/11\\\/OstroVit-Bacopa-Monnieri-Memoire-Concentration-Cognition-Anti-stress-90-Capsule.jpg\",\"datePublished\":\"2025-11-20T12:07:39+00:00\",\"dateModified\":\"2026-03-13T03:32:27+00:00\",\"description\":\"OstroVit Bacopa Monnieri 90 capsules : soutien naturel pour m\u00e9moire, concentration, cognition et r\u00e9duction du stress. Produit original livraison au Maroc.\",\"breadcrumb\":{\"@id\":\"https:\\\/\\\/vitablanca.ma\\\/produit\\\/ostrovit-bacopa-monnieri-memoire-concentration-cognition-anti-stress-90-capsule\\\/#breadcrumb\"},\"inLanguage\":\"ar\",\"potentialAction\":[{\"@type\":\"ReadAction\",\"target\":[\"https:\\\/\\\/vitablanca.ma\\\/produit\\\/ostrovit-bacopa-monnieri-memoire-concentration-cognition-anti-stress-90-capsule\\\/\"]}]},{\"@type\":\"ImageObject\",\"inLanguage\":\"ar\",\"@id\":\"https:\\\/\\\/vitablanca.ma\\\/produit\\\/ostrovit-bacopa-monnieri-memoire-concentration-cognition-anti-stress-90-capsule\\\/#primaryimage\",\"url\":\"https:\\\/\\\/vitablanca.ma\\\/wp-content\\\/uploads\\\/2025\\\/11\\\/OstroVit-Bacopa-Monnieri-Memoire-Concentration-Cognition-Anti-stress-90-Capsule.jpg\",\"contentUrl\":\"https:\\\/\\\/vitablanca.ma\\\/wp-content\\\/uploads\\\/2025\\\/11\\\/OstroVit-Bacopa-Monnieri-Memoire-Concentration-Cognition-Anti-stress-90-Capsule.jpg\",\"width\":680,\"height\":680},{\"@type\":\"BreadcrumbList\",\"@id\":\"https:\\\/\\\/vitablanca.ma\\\/produit\\\/ostrovit-bacopa-monnieri-memoire-concentration-cognition-anti-stress-90-capsule\\\/#breadcrumb\",\"itemListElement\":[{\"@type\":\"ListItem\",\"position\":1,\"name\":\"Home\",\"item\":\"https:\\\/\\\/vitablanca.ma\\\/\"},{\"@type\":\"ListItem\",\"position\":2,\"name\":\"Tous Les Produits\",\"item\":\"https:\\\/\\\/vitablanca.ma\\\/tous-les-produits\\\/\"},{\"@type\":\"ListItem\",\"position\":3,\"name\":\"OstroVit Bacopa Monnieri M\u00e9moire Concentration Cognition &#038; Anti-stress 90 Capsule\"}]},{\"@type\":\"WebSite\",\"@id\":\"https:\\\/\\\/vitablanca.ma\\\/#website\",\"url\":\"https:\\\/\\\/vitablanca.ma\\\/\",\"name\":\"VitaBlanca.ma | Compl\u00e9ments alimentaires, sant\u00e9 & beaut\u00e9 au Maroc\",\"description\":\"vendre vitamines et compl\u00e9ments premium des USA &amp; Canada, Nouvelle Z\u00e9lande,Maroc (NOW Foods, Solgar, Manuka). Livraison rapide partout au Maroc.\",\"publisher\":{\"@id\":\"https:\\\/\\\/vitablanca.ma\\\/#organization\"},\"alternateName\":\"VitaBlanca.ma\",\"potentialAction\":[{\"@type\":\"SearchAction\",\"target\":{\"@type\":\"EntryPoint\",\"urlTemplate\":\"https:\\\/\\\/vitablanca.ma\\\/?s={search_term_string}\"},\"query-input\":{\"@type\":\"PropertyValueSpecification\",\"valueRequired\":true,\"valueName\":\"search_term_string\"}}],\"inLanguage\":\"ar\"},{\"@type\":\"Organization\",\"@id\":\"https:\\\/\\\/vitablanca.ma\\\/#organization\",\"name\":\"VitaBlanca\",\"url\":\"https:\\\/\\\/vitablanca.ma\\\/\",\"logo\":{\"@type\":\"ImageObject\",\"inLanguage\":\"ar\",\"@id\":\"https:\\\/\\\/vitablanca.ma\\\/#\\\/schema\\\/logo\\\/image\\\/\",\"url\":\"https:\\\/\\\/vitablanca.ma\\\/wp-content\\\/uploads\\\/2025\\\/05\\\/cropped-vitablanca.png\",\"contentUrl\":\"https:\\\/\\\/vitablanca.ma\\\/wp-content\\\/uploads\\\/2025\\\/05\\\/cropped-vitablanca.png\",\"width\":360,\"height\":67,\"caption\":\"VitaBlanca\"},\"image\":{\"@id\":\"https:\\\/\\\/vitablanca.ma\\\/#\\\/schema\\\/logo\\\/image\\\/\"},\"sameAs\":[\"https:\\\/\\\/www.facebook.com\\\/profile.php?id=61576678196717\",\"https:\\\/\\\/www.tiktok.com\\\/@vitablanca.ma\",\"https:\\\/\\\/www.instagram.com\\\/vitablanca.ma\\\/\"]}]}<\/script>\n<!-- \/ Yoast SEO plugin. -->","yoast_head_json":{"title":"OstroVit Bacopa Monnieri M\u00e9moire & Anti-stress - Maroc Prix","description":"OstroVit Bacopa Monnieri 90 capsules : soutien naturel pour m\u00e9moire, concentration, cognition et r\u00e9duction du stress. Produit original livraison au Maroc.","robots":{"index":"index","follow":"follow","max-snippet":"max-snippet:-1","max-image-preview":"max-image-preview:large","max-video-preview":"max-video-preview:-1"},"canonical":"https:\/\/vitablanca.ma\/ar\/product-2\/ostrovit-bacopa-monnieri-memoire-concentration-cognition-anti-stress-90-capsule\/","og_locale":"ar_AR","og_type":"article","og_title":"OstroVit Bacopa Monnieri M\u00e9moire & Anti-stress - Maroc Prix","og_description":"OstroVit Bacopa Monnieri 90 capsules : soutien naturel pour m\u00e9moire, concentration, cognition et r\u00e9duction du stress. Produit original livraison au Maroc.","og_url":"https:\/\/vitablanca.ma\/ar\/product-2\/ostrovit-bacopa-monnieri-memoire-concentration-cognition-anti-stress-90-capsule\/","og_site_name":"Vitablanca.ma &ndash; Sant&eacute;, vitalit&eacute; et bien-&ecirc;tre pour tous les Marocains","article_publisher":"https:\/\/www.facebook.com\/profile.php?id=61576678196717","article_modified_time":"2026-03-13T03:32:27+00:00","og_image":[{"width":680,"height":680,"url":"https:\/\/vitablanca.ma\/wp-content\/uploads\/2025\/11\/OstroVit-Bacopa-Monnieri-Memoire-Concentration-Cognition-Anti-stress-90-Capsule.jpg","type":"image\/jpeg"}],"twitter_card":"summary_large_image","twitter_misc":{"\u0648\u0642\u062a \u0627\u0644\u0642\u0631\u0627\u0621\u0629 \u0627\u0644\u0645\u064f\u0642\u062f\u0651\u0631":"\u062f\u0642\u064a\u0642\u0629 \u0648\u0627\u062d\u062f\u0629"},"schema":{"@context":"https:\/\/schema.org","@graph":[{"@type":["WebPage","ItemPage"],"@id":"https:\/\/vitablanca.ma\/produit\/ostrovit-bacopa-monnieri-memoire-concentration-cognition-anti-stress-90-capsule\/","url":"https:\/\/vitablanca.ma\/produit\/ostrovit-bacopa-monnieri-memoire-concentration-cognition-anti-stress-90-capsule\/","name":"OstroVit Bacopa Monnieri M\u00e9moire & Anti-stress - Maroc Prix","isPartOf":{"@id":"https:\/\/vitablanca.ma\/#website"},"primaryImageOfPage":{"@id":"https:\/\/vitablanca.ma\/produit\/ostrovit-bacopa-monnieri-memoire-concentration-cognition-anti-stress-90-capsule\/#primaryimage"},"image":{"@id":"https:\/\/vitablanca.ma\/produit\/ostrovit-bacopa-monnieri-memoire-concentration-cognition-anti-stress-90-capsule\/#primaryimage"},"thumbnailUrl":"https:\/\/vitablanca.ma\/wp-content\/uploads\/2025\/11\/OstroVit-Bacopa-Monnieri-Memoire-Concentration-Cognition-Anti-stress-90-Capsule.jpg","datePublished":"2025-11-20T12:07:39+00:00","dateModified":"2026-03-13T03:32:27+00:00","description":"OstroVit Bacopa Monnieri 90 capsules : soutien naturel pour m\u00e9moire, concentration, cognition et r\u00e9duction du stress. Produit original livraison au Maroc.","breadcrumb":{"@id":"https:\/\/vitablanca.ma\/produit\/ostrovit-bacopa-monnieri-memoire-concentration-cognition-anti-stress-90-capsule\/#breadcrumb"},"inLanguage":"ar","potentialAction":[{"@type":"ReadAction","target":["https:\/\/vitablanca.ma\/produit\/ostrovit-bacopa-monnieri-memoire-concentration-cognition-anti-stress-90-capsule\/"]}]},{"@type":"ImageObject","inLanguage":"ar","@id":"https:\/\/vitablanca.ma\/produit\/ostrovit-bacopa-monnieri-memoire-concentration-cognition-anti-stress-90-capsule\/#primaryimage","url":"https:\/\/vitablanca.ma\/wp-content\/uploads\/2025\/11\/OstroVit-Bacopa-Monnieri-Memoire-Concentration-Cognition-Anti-stress-90-Capsule.jpg","contentUrl":"https:\/\/vitablanca.ma\/wp-content\/uploads\/2025\/11\/OstroVit-Bacopa-Monnieri-Memoire-Concentration-Cognition-Anti-stress-90-Capsule.jpg","width":680,"height":680},{"@type":"BreadcrumbList","@id":"https:\/\/vitablanca.ma\/produit\/ostrovit-bacopa-monnieri-memoire-concentration-cognition-anti-stress-90-capsule\/#breadcrumb","itemListElement":[{"@type":"ListItem","position":1,"name":"Home","item":"https:\/\/vitablanca.ma\/"},{"@type":"ListItem","position":2,"name":"Tous Les Produits","item":"https:\/\/vitablanca.ma\/tous-les-produits\/"},{"@type":"ListItem","position":3,"name":"OstroVit Bacopa Monnieri M\u00e9moire Concentration Cognition &#038; Anti-stress 90 Capsule"}]},{"@type":"WebSite","@id":"https:\/\/vitablanca.ma\/#website","url":"https:\/\/vitablanca.ma\/","name":"VitaBlanca.ma | \u0627\u0644\u0645\u0643\u0645\u0644\u0627\u062a \u0627\u0644\u063a\u0630\u0627\u0626\u064a\u0629\u060c \u0627\u0644\u0635\u062d\u0629 \u0648\u0627\u0644\u062c\u0645\u0627\u0644 \u0641\u064a \u0627\u0644\u0645\u063a\u0631\u0628","description":"\u0646\u0628\u064a\u0639 \u0641\u064a\u062a\u0627\u0645\u064a\u0646\u0627\u062a \u0648\u0645\u0643\u0645\u0644\u0627\u062a \u063a\u0630\u0627\u0626\u064a\u0629 \u0641\u0627\u062e\u0631\u0629 \u0645\u0646 \u0627\u0644\u0648\u0644\u0627\u064a\u0627\u062a \u0627\u0644\u0645\u062a\u062d\u062f\u0629 \u0627\u0644\u0623\u0645\u0631\u064a\u0643\u064a\u0629 \u0648\u0643\u0646\u062f\u0627 \u0648\u0646\u064a\u0648\u0632\u064a\u0644\u0646\u062f\u0627 \u0648\u0627\u0644\u0645\u063a\u0631\u0628 (\u0646\u0627\u0648 \u0641\u0648\u062f\u0632\u060c \u0633\u0648\u0644\u062c\u0627\u0631\u060c \u0645\u0627\u0646\u0648\u0643\u0627). \u062a\u0648\u0635\u064a\u0644 \u0633\u0631\u064a\u0639 \u0625\u0644\u0649 \u062c\u0645\u064a\u0639 \u0623\u0646\u062d\u0627\u0621 \u0627\u0644\u0645\u063a\u0631\u0628.","publisher":{"@id":"https:\/\/vitablanca.ma\/#organization"},"alternateName":"VitaBlanca.ma","potentialAction":[{"@type":"SearchAction","target":{"@type":"EntryPoint","urlTemplate":"https:\/\/vitablanca.ma\/?s={search_term_string}"},"query-input":{"@type":"PropertyValueSpecification","valueRequired":true,"valueName":"search_term_string"}}],"inLanguage":"ar"},{"@type":"Organization","@id":"https:\/\/vitablanca.ma\/#organization","name":"\u0641\u064a\u062a\u0627\u0628\u0644\u0627\u0646\u0643\u0627","url":"https:\/\/vitablanca.ma\/","logo":{"@type":"ImageObject","inLanguage":"ar","@id":"https:\/\/vitablanca.ma\/#\/schema\/logo\/image\/","url":"https:\/\/vitablanca.ma\/wp-content\/uploads\/2025\/05\/cropped-vitablanca.png","contentUrl":"https:\/\/vitablanca.ma\/wp-content\/uploads\/2025\/05\/cropped-vitablanca.png","width":360,"height":67,"caption":"VitaBlanca"},"image":{"@id":"https:\/\/vitablanca.ma\/#\/schema\/logo\/image\/"},"sameAs":["https:\/\/www.facebook.com\/profile.php?id=61576678196717","https:\/\/www.tiktok.com\/@vitablanca.ma","https:\/\/www.instagram.com\/vitablanca.ma\/"]}]}},"jetpack_sharing_enabled":true,"_links":{"self":[{"href":"https:\/\/vitablanca.ma\/ar\/wp-json\/wp\/v2\/product\/26725","targetHints":{"allow":["GET"]}}],"collection":[{"href":"https:\/\/vitablanca.ma\/ar\/wp-json\/wp\/v2\/product"}],"about":[{"href":"https:\/\/vitablanca.ma\/ar\/wp-json\/wp\/v2\/types\/product"}],"wp:featuredmedia":[{"embeddable":true,"href":"https:\/\/vitablanca.ma\/ar\/wp-json\/wp\/v2\/media\/26602"}],"wp:attachment":[{"href":"https:\/\/vitablanca.ma\/ar\/wp-json\/wp\/v2\/media?parent=26725"}],"wp:term":[{"taxonomy":"product_brand","embeddable":true,"href":"https:\/\/vitablanca.ma\/ar\/wp-json\/wp\/v2\/product_brand?post=26725"},{"taxonomy":"product_cat","embeddable":true,"href":"https:\/\/vitablanca.ma\/ar\/wp-json\/wp\/v2\/product_cat?post=26725"},{"taxonomy":"product_tag","embeddable":true,"href":"https:\/\/vitablanca.ma\/ar\/wp-json\/wp\/v2\/product_tag?post=26725"}],"curies":[{"name":"wp","href":"https:\/\/api.w.org\/{rel}","templated":true}]}}