{"id":26719,"date":"2025-11-20T12:07:37","date_gmt":"2025-11-20T12:07:37","guid":{"rendered":"https:\/\/vitablanca.ma\/?post_type=product&#038;p=26719"},"modified":"2026-03-23T17:36:52","modified_gmt":"2026-03-23T17:36:52","slug":"futurebiotics-magnesium-glycinate-60-capsules","status":"publish","type":"product","link":"https:\/\/vitablanca.ma\/ar\/product-2\/futurebiotics-magnesium-glycinate-60-capsules\/","title":{"rendered":"FutureBiotics Magnesium Glycinate 60 Capsules"},"content":{"rendered":"<p data-start=\"732\" data-end=\"895\">FutureBiotics Magnesium Glycinate fournit une forme <strong data-start=\"784\" data-end=\"811\">hautement biodisponible<\/strong> de magn\u00e9sium, connue pour son excellente absorption et sa douceur pour l\u2019estomac.<\/p>\n<p data-start=\"897\" data-end=\"1091\">Le magn\u00e9sium glycinate est id\u00e9al pour r\u00e9duire le <strong data-start=\"946\" data-end=\"956\">\u0636\u063a\u0637<\/strong>, am\u00e9liorer la <strong data-start=\"971\" data-end=\"993\">qualit\u00e9 du sommeil<\/strong>, diminuer la <strong data-start=\"1007\" data-end=\"1018\">\u062a\u0639\u0628<\/strong>, soutenir la <strong data-start=\"1032\" data-end=\"1055\">\u0648\u0638\u064a\u0641\u0629 \u0627\u0644\u0639\u0636\u0644\u0627\u062a<\/strong> et renforcer la <strong data-start=\"1072\" data-end=\"1090\">\u0627\u0644\u0635\u062d\u0629 \u0627\u0644\u0639\u0635\u0628\u064a\u0629<\/strong>.<\/p>\n<p data-start=\"1093\" data-end=\"1281\">Il convient particuli\u00e8rement aux personnes stress\u00e9es, surmen\u00e9es, aux sportifs, \u00e0 celles sujettes aux crampes musculaires, et \u00e0 celles qui recherchent un sommeil plus profond et r\u00e9parateur.<\/p>\n<h3 data-start=\"1283\" data-end=\"1309\">Bienfaits du produit<\/h3>\n<ul data-start=\"1310\" data-end=\"1610\">\n<li data-start=\"1310\" data-end=\"1355\">\n<p data-start=\"1312\" data-end=\"1355\">Favorise un sommeil profond et r\u00e9parateur<\/p>\n<\/li>\n<li data-start=\"1356\" data-end=\"1413\">\n<p data-start=\"1358\" data-end=\"1413\">R\u00e9duit le stress, l\u2019anxi\u00e9t\u00e9 et les tensions nerveuses<\/p>\n<\/li>\n<li data-start=\"1414\" data-end=\"1468\">\n<p data-start=\"1416\" data-end=\"1468\">Contribue \u00e0 l\u2019\u00e9nergie et \u00e0 la vitalit\u00e9 quotidienne<\/p>\n<\/li>\n<li data-start=\"1469\" data-end=\"1516\">\n<p data-start=\"1471\" data-end=\"1516\">Diminue les crampes et soutient les muscles<\/p>\n<\/li>\n<li data-start=\"1517\" data-end=\"1561\">\n<p data-start=\"1519\" data-end=\"1561\">Aide \u00e0 la relaxation physique et mentale<\/p>\n<\/li>\n<li data-start=\"1562\" data-end=\"1610\">\n<p data-start=\"1564\" data-end=\"1610\">Forme glycinate, douce et hautement absorb\u00e9e<\/p>\n<\/li>\n<\/ul>\n<h3 data-start=\"1612\" data-end=\"1658\">Caract\u00e9ristiques FutureBiotics Magn\u00e9sium<\/h3>\n<ul data-start=\"1659\" data-end=\"1855\">\n<li data-start=\"1659\" data-end=\"1701\">\n<p data-start=\"1661\" data-end=\"1701\">Magn\u00e9sium sous forme glycinate premium<\/p>\n<\/li>\n<li data-start=\"1702\" data-end=\"1731\">\n<p data-start=\"1704\" data-end=\"1731\">60 capsules v\u00e9g\u00e9tariennes<\/p>\n<\/li>\n<li data-start=\"1732\" data-end=\"1787\">\n<p data-start=\"1734\" data-end=\"1787\">Haute biodisponibilit\u00e9 et bonne tol\u00e9rance digestive<\/p>\n<\/li>\n<li data-start=\"1788\" data-end=\"1813\">\n<p data-start=\"1790\" data-end=\"1813\">Sans OGM, sans gluten<\/p>\n<\/li>\n<li data-start=\"1814\" data-end=\"1855\">\n<p data-start=\"1816\" data-end=\"1855\">Convient aux adultes hommes et femmes<\/p>\n<\/li>\n<\/ul>","protected":false},"excerpt":{"rendered":"<ul>\n<li>Haute absorption<\/li>\n<li>Ch\u00e9lat\u00e9 tamponn\u00e9<\/li>\n<li>200\u00a0mg par portion<\/li>\n<li>Ch\u00e9lat\u00e9 pour l&rsquo;absorption<\/li>\n<li>Doux pour l&rsquo;estomac<\/li>\n<li>\u0645\u0643\u0645\u0644 \u063a\u0630\u0627\u0626\u064a<\/li>\n<li>Albion\u00a0Minerals<\/li>\n<li>Test\u00e9 en laboratoire sans OGM<\/li>\n<li>BPF &#8211; Bonnes Pratiques de Fabrication<\/li>\n<\/ul>","protected":false},"featured_media":26579,"template":"","meta":{"om_disable_all_campaigns":false},"product_brand":[],"product_cat":[18],"product_tag":[4482,4693,4965,4483,4484,4485,4950,4966,4486],"class_list":{"0":"post-26719","1":"product","2":"type-product","3":"status-publish","4":"has-post-thumbnail","6":"product_cat-beaute-sante","7":"product_tag-complement-magnesium-energie-muscles-nerfs","8":"product_tag-crampes-musculaires","9":"product_tag-futurebiotics-magnesium","10":"product_tag-futurebiotics-magnesium-glycinate-60-capsules","11":"product_tag-futurebiotics-magnesium-sans-ogm-sans-gluten","12":"product_tag-magnesium-bisglycinate-biodisponible","13":"product_tag-magnesium-glycinate-maroc","14":"product_tag-magnesium-stress-sommeil","15":"product_tag-supplement-magnesium-sante-osseuse-et-nerveuse","17":"first","18":"outofstock","19":"sale","20":"taxable","21":"shipping-taxable","22":"purchasable","23":"product-type-simple"},"yoast_head":"<!-- This site is optimized with the Yoast SEO plugin v27.5 - https:\/\/yoast.com\/product\/yoast-seo-wordpress\/ -->\n<title>FutureBiotics Magnesium Glycinate 60 Capsules - Maroc Prix<\/title>\n<meta name=\"description\" content=\"FutureBiotics Magnesium Glycinate au Maroc : stress, sommeil, \u00e9nergie et muscles. Forme hautement absorbable. 60 capsules. Livraison rapide.\" \/>\n<meta name=\"robots\" content=\"index, follow, max-snippet:-1, max-image-preview:large, max-video-preview:-1\" \/>\n<link rel=\"canonical\" href=\"https:\/\/vitablanca.ma\/ar\/product-2\/futurebiotics-magnesium-glycinate-60-capsules\/\" \/>\n<meta property=\"og:locale\" content=\"ar_AR\" \/>\n<meta property=\"og:type\" content=\"article\" \/>\n<meta property=\"og:title\" content=\"FutureBiotics Magnesium Glycinate 60 Capsules - Maroc Prix\" \/>\n<meta property=\"og:description\" content=\"FutureBiotics Magnesium Glycinate au Maroc : stress, sommeil, \u00e9nergie et muscles. Forme hautement absorbable. 60 capsules. Livraison rapide.\" \/>\n<meta property=\"og:url\" content=\"https:\/\/vitablanca.ma\/ar\/product-2\/futurebiotics-magnesium-glycinate-60-capsules\/\" \/>\n<meta property=\"og:site_name\" content=\"Vitablanca.ma &ndash; Sant&eacute;, vitalit&eacute; et bien-&ecirc;tre pour tous les Marocains\" \/>\n<meta property=\"article:publisher\" content=\"https:\/\/www.facebook.com\/profile.php?id=61576678196717\" \/>\n<meta property=\"article:modified_time\" content=\"2026-03-23T17:36:52+00:00\" \/>\n<meta property=\"og:image\" content=\"https:\/\/vitablanca.ma\/wp-content\/uploads\/2025\/11\/FutureBiotics-Magnesium-Glycinate-60-Capsules.jpg\" \/>\n\t<meta property=\"og:image:width\" content=\"680\" \/>\n\t<meta property=\"og:image:height\" content=\"680\" \/>\n\t<meta property=\"og:image:type\" content=\"image\/jpeg\" \/>\n<meta name=\"twitter:card\" content=\"summary_large_image\" \/>\n<meta name=\"twitter:label1\" content=\"\u0648\u0642\u062a \u0627\u0644\u0642\u0631\u0627\u0621\u0629 \u0627\u0644\u0645\u064f\u0642\u062f\u0651\u0631\" \/>\n\t<meta name=\"twitter:data1\" content=\"\u062f\u0642\u064a\u0642\u0629 \u0648\u0627\u062d\u062f\u0629\" \/>\n<script type=\"application\/ld+json\" class=\"yoast-schema-graph\">{\"@context\":\"https:\\\/\\\/schema.org\",\"@graph\":[{\"@type\":[\"WebPage\",\"ItemPage\"],\"@id\":\"https:\\\/\\\/vitablanca.ma\\\/produit\\\/futurebiotics-magnesium-glycinate-60-capsules\\\/\",\"url\":\"https:\\\/\\\/vitablanca.ma\\\/produit\\\/futurebiotics-magnesium-glycinate-60-capsules\\\/\",\"name\":\"FutureBiotics Magnesium Glycinate 60 Capsules - Maroc Prix\",\"isPartOf\":{\"@id\":\"https:\\\/\\\/vitablanca.ma\\\/#website\"},\"primaryImageOfPage\":{\"@id\":\"https:\\\/\\\/vitablanca.ma\\\/produit\\\/futurebiotics-magnesium-glycinate-60-capsules\\\/#primaryimage\"},\"image\":{\"@id\":\"https:\\\/\\\/vitablanca.ma\\\/produit\\\/futurebiotics-magnesium-glycinate-60-capsules\\\/#primaryimage\"},\"thumbnailUrl\":\"https:\\\/\\\/vitablanca.ma\\\/wp-content\\\/uploads\\\/2025\\\/11\\\/FutureBiotics-Magnesium-Glycinate-60-Capsules.jpg\",\"datePublished\":\"2025-11-20T12:07:37+00:00\",\"dateModified\":\"2026-03-23T17:36:52+00:00\",\"description\":\"FutureBiotics Magnesium Glycinate au Maroc : stress, sommeil, \u00e9nergie et muscles. Forme hautement absorbable. 60 capsules. Livraison rapide.\",\"breadcrumb\":{\"@id\":\"https:\\\/\\\/vitablanca.ma\\\/produit\\\/futurebiotics-magnesium-glycinate-60-capsules\\\/#breadcrumb\"},\"inLanguage\":\"ar\",\"potentialAction\":[{\"@type\":\"ReadAction\",\"target\":[\"https:\\\/\\\/vitablanca.ma\\\/produit\\\/futurebiotics-magnesium-glycinate-60-capsules\\\/\"]}]},{\"@type\":\"ImageObject\",\"inLanguage\":\"ar\",\"@id\":\"https:\\\/\\\/vitablanca.ma\\\/produit\\\/futurebiotics-magnesium-glycinate-60-capsules\\\/#primaryimage\",\"url\":\"https:\\\/\\\/vitablanca.ma\\\/wp-content\\\/uploads\\\/2025\\\/11\\\/FutureBiotics-Magnesium-Glycinate-60-Capsules.jpg\",\"contentUrl\":\"https:\\\/\\\/vitablanca.ma\\\/wp-content\\\/uploads\\\/2025\\\/11\\\/FutureBiotics-Magnesium-Glycinate-60-Capsules.jpg\",\"width\":680,\"height\":680},{\"@type\":\"BreadcrumbList\",\"@id\":\"https:\\\/\\\/vitablanca.ma\\\/produit\\\/futurebiotics-magnesium-glycinate-60-capsules\\\/#breadcrumb\",\"itemListElement\":[{\"@type\":\"ListItem\",\"position\":1,\"name\":\"Home\",\"item\":\"https:\\\/\\\/vitablanca.ma\\\/\"},{\"@type\":\"ListItem\",\"position\":2,\"name\":\"Tous Les Produits\",\"item\":\"https:\\\/\\\/vitablanca.ma\\\/tous-les-produits\\\/\"},{\"@type\":\"ListItem\",\"position\":3,\"name\":\"FutureBiotics Magnesium Glycinate 60 Capsules\"}]},{\"@type\":\"WebSite\",\"@id\":\"https:\\\/\\\/vitablanca.ma\\\/#website\",\"url\":\"https:\\\/\\\/vitablanca.ma\\\/\",\"name\":\"VitaBlanca.ma | Compl\u00e9ments alimentaires, sant\u00e9 & beaut\u00e9 au Maroc\",\"description\":\"vendre vitamines et compl\u00e9ments premium des USA &amp; Canada, Nouvelle Z\u00e9lande,Maroc (NOW Foods, Solgar, Manuka). Livraison rapide partout au Maroc.\",\"publisher\":{\"@id\":\"https:\\\/\\\/vitablanca.ma\\\/#organization\"},\"alternateName\":\"VitaBlanca.ma\",\"potentialAction\":[{\"@type\":\"SearchAction\",\"target\":{\"@type\":\"EntryPoint\",\"urlTemplate\":\"https:\\\/\\\/vitablanca.ma\\\/?s={search_term_string}\"},\"query-input\":{\"@type\":\"PropertyValueSpecification\",\"valueRequired\":true,\"valueName\":\"search_term_string\"}}],\"inLanguage\":\"ar\"},{\"@type\":\"Organization\",\"@id\":\"https:\\\/\\\/vitablanca.ma\\\/#organization\",\"name\":\"VitaBlanca\",\"url\":\"https:\\\/\\\/vitablanca.ma\\\/\",\"logo\":{\"@type\":\"ImageObject\",\"inLanguage\":\"ar\",\"@id\":\"https:\\\/\\\/vitablanca.ma\\\/#\\\/schema\\\/logo\\\/image\\\/\",\"url\":\"https:\\\/\\\/vitablanca.ma\\\/wp-content\\\/uploads\\\/2025\\\/05\\\/cropped-vitablanca.png\",\"contentUrl\":\"https:\\\/\\\/vitablanca.ma\\\/wp-content\\\/uploads\\\/2025\\\/05\\\/cropped-vitablanca.png\",\"width\":360,\"height\":67,\"caption\":\"VitaBlanca\"},\"image\":{\"@id\":\"https:\\\/\\\/vitablanca.ma\\\/#\\\/schema\\\/logo\\\/image\\\/\"},\"sameAs\":[\"https:\\\/\\\/www.facebook.com\\\/profile.php?id=61576678196717\",\"https:\\\/\\\/www.tiktok.com\\\/@vitablanca.ma\",\"https:\\\/\\\/www.instagram.com\\\/vitablanca.ma\\\/\"]}]}<\/script>\n<!-- \/ Yoast SEO plugin. -->","yoast_head_json":{"title":"FutureBiotics Magnesium Glycinate 60 Capsules - Maroc Prix","description":"FutureBiotics Magnesium Glycinate au Maroc : stress, sommeil, \u00e9nergie et muscles. Forme hautement absorbable. 60 capsules. Livraison rapide.","robots":{"index":"index","follow":"follow","max-snippet":"max-snippet:-1","max-image-preview":"max-image-preview:large","max-video-preview":"max-video-preview:-1"},"canonical":"https:\/\/vitablanca.ma\/ar\/product-2\/futurebiotics-magnesium-glycinate-60-capsules\/","og_locale":"ar_AR","og_type":"article","og_title":"FutureBiotics Magnesium Glycinate 60 Capsules - Maroc Prix","og_description":"FutureBiotics Magnesium Glycinate au Maroc : stress, sommeil, \u00e9nergie et muscles. Forme hautement absorbable. 60 capsules. Livraison rapide.","og_url":"https:\/\/vitablanca.ma\/ar\/product-2\/futurebiotics-magnesium-glycinate-60-capsules\/","og_site_name":"Vitablanca.ma &ndash; Sant&eacute;, vitalit&eacute; et bien-&ecirc;tre pour tous les Marocains","article_publisher":"https:\/\/www.facebook.com\/profile.php?id=61576678196717","article_modified_time":"2026-03-23T17:36:52+00:00","og_image":[{"width":680,"height":680,"url":"https:\/\/vitablanca.ma\/wp-content\/uploads\/2025\/11\/FutureBiotics-Magnesium-Glycinate-60-Capsules.jpg","type":"image\/jpeg"}],"twitter_card":"summary_large_image","twitter_misc":{"\u0648\u0642\u062a \u0627\u0644\u0642\u0631\u0627\u0621\u0629 \u0627\u0644\u0645\u064f\u0642\u062f\u0651\u0631":"\u062f\u0642\u064a\u0642\u0629 \u0648\u0627\u062d\u062f\u0629"},"schema":{"@context":"https:\/\/schema.org","@graph":[{"@type":["WebPage","ItemPage"],"@id":"https:\/\/vitablanca.ma\/produit\/futurebiotics-magnesium-glycinate-60-capsules\/","url":"https:\/\/vitablanca.ma\/produit\/futurebiotics-magnesium-glycinate-60-capsules\/","name":"FutureBiotics Magnesium Glycinate 60 Capsules - Maroc Prix","isPartOf":{"@id":"https:\/\/vitablanca.ma\/#website"},"primaryImageOfPage":{"@id":"https:\/\/vitablanca.ma\/produit\/futurebiotics-magnesium-glycinate-60-capsules\/#primaryimage"},"image":{"@id":"https:\/\/vitablanca.ma\/produit\/futurebiotics-magnesium-glycinate-60-capsules\/#primaryimage"},"thumbnailUrl":"https:\/\/vitablanca.ma\/wp-content\/uploads\/2025\/11\/FutureBiotics-Magnesium-Glycinate-60-Capsules.jpg","datePublished":"2025-11-20T12:07:37+00:00","dateModified":"2026-03-23T17:36:52+00:00","description":"FutureBiotics Magnesium Glycinate au Maroc : stress, sommeil, \u00e9nergie et muscles. Forme hautement absorbable. 60 capsules. Livraison rapide.","breadcrumb":{"@id":"https:\/\/vitablanca.ma\/produit\/futurebiotics-magnesium-glycinate-60-capsules\/#breadcrumb"},"inLanguage":"ar","potentialAction":[{"@type":"ReadAction","target":["https:\/\/vitablanca.ma\/produit\/futurebiotics-magnesium-glycinate-60-capsules\/"]}]},{"@type":"ImageObject","inLanguage":"ar","@id":"https:\/\/vitablanca.ma\/produit\/futurebiotics-magnesium-glycinate-60-capsules\/#primaryimage","url":"https:\/\/vitablanca.ma\/wp-content\/uploads\/2025\/11\/FutureBiotics-Magnesium-Glycinate-60-Capsules.jpg","contentUrl":"https:\/\/vitablanca.ma\/wp-content\/uploads\/2025\/11\/FutureBiotics-Magnesium-Glycinate-60-Capsules.jpg","width":680,"height":680},{"@type":"BreadcrumbList","@id":"https:\/\/vitablanca.ma\/produit\/futurebiotics-magnesium-glycinate-60-capsules\/#breadcrumb","itemListElement":[{"@type":"ListItem","position":1,"name":"Home","item":"https:\/\/vitablanca.ma\/"},{"@type":"ListItem","position":2,"name":"Tous Les Produits","item":"https:\/\/vitablanca.ma\/tous-les-produits\/"},{"@type":"ListItem","position":3,"name":"FutureBiotics Magnesium Glycinate 60 Capsules"}]},{"@type":"WebSite","@id":"https:\/\/vitablanca.ma\/#website","url":"https:\/\/vitablanca.ma\/","name":"VitaBlanca.ma | \u0627\u0644\u0645\u0643\u0645\u0644\u0627\u062a \u0627\u0644\u063a\u0630\u0627\u0626\u064a\u0629\u060c \u0627\u0644\u0635\u062d\u0629 \u0648\u0627\u0644\u062c\u0645\u0627\u0644 \u0641\u064a \u0627\u0644\u0645\u063a\u0631\u0628","description":"\u0646\u0628\u064a\u0639 \u0641\u064a\u062a\u0627\u0645\u064a\u0646\u0627\u062a \u0648\u0645\u0643\u0645\u0644\u0627\u062a \u063a\u0630\u0627\u0626\u064a\u0629 \u0641\u0627\u062e\u0631\u0629 \u0645\u0646 \u0627\u0644\u0648\u0644\u0627\u064a\u0627\u062a \u0627\u0644\u0645\u062a\u062d\u062f\u0629 \u0627\u0644\u0623\u0645\u0631\u064a\u0643\u064a\u0629 \u0648\u0643\u0646\u062f\u0627 \u0648\u0646\u064a\u0648\u0632\u064a\u0644\u0646\u062f\u0627 \u0648\u0627\u0644\u0645\u063a\u0631\u0628 (\u0646\u0627\u0648 \u0641\u0648\u062f\u0632\u060c \u0633\u0648\u0644\u062c\u0627\u0631\u060c \u0645\u0627\u0646\u0648\u0643\u0627). \u062a\u0648\u0635\u064a\u0644 \u0633\u0631\u064a\u0639 \u0625\u0644\u0649 \u062c\u0645\u064a\u0639 \u0623\u0646\u062d\u0627\u0621 \u0627\u0644\u0645\u063a\u0631\u0628.","publisher":{"@id":"https:\/\/vitablanca.ma\/#organization"},"alternateName":"VitaBlanca.ma","potentialAction":[{"@type":"SearchAction","target":{"@type":"EntryPoint","urlTemplate":"https:\/\/vitablanca.ma\/?s={search_term_string}"},"query-input":{"@type":"PropertyValueSpecification","valueRequired":true,"valueName":"search_term_string"}}],"inLanguage":"ar"},{"@type":"Organization","@id":"https:\/\/vitablanca.ma\/#organization","name":"\u0641\u064a\u062a\u0627\u0628\u0644\u0627\u0646\u0643\u0627","url":"https:\/\/vitablanca.ma\/","logo":{"@type":"ImageObject","inLanguage":"ar","@id":"https:\/\/vitablanca.ma\/#\/schema\/logo\/image\/","url":"https:\/\/vitablanca.ma\/wp-content\/uploads\/2025\/05\/cropped-vitablanca.png","contentUrl":"https:\/\/vitablanca.ma\/wp-content\/uploads\/2025\/05\/cropped-vitablanca.png","width":360,"height":67,"caption":"VitaBlanca"},"image":{"@id":"https:\/\/vitablanca.ma\/#\/schema\/logo\/image\/"},"sameAs":["https:\/\/www.facebook.com\/profile.php?id=61576678196717","https:\/\/www.tiktok.com\/@vitablanca.ma","https:\/\/www.instagram.com\/vitablanca.ma\/"]}]}},"jetpack_sharing_enabled":true,"_links":{"self":[{"href":"https:\/\/vitablanca.ma\/ar\/wp-json\/wp\/v2\/product\/26719","targetHints":{"allow":["GET"]}}],"collection":[{"href":"https:\/\/vitablanca.ma\/ar\/wp-json\/wp\/v2\/product"}],"about":[{"href":"https:\/\/vitablanca.ma\/ar\/wp-json\/wp\/v2\/types\/product"}],"wp:featuredmedia":[{"embeddable":true,"href":"https:\/\/vitablanca.ma\/ar\/wp-json\/wp\/v2\/media\/26579"}],"wp:attachment":[{"href":"https:\/\/vitablanca.ma\/ar\/wp-json\/wp\/v2\/media?parent=26719"}],"wp:term":[{"taxonomy":"product_brand","embeddable":true,"href":"https:\/\/vitablanca.ma\/ar\/wp-json\/wp\/v2\/product_brand?post=26719"},{"taxonomy":"product_cat","embeddable":true,"href":"https:\/\/vitablanca.ma\/ar\/wp-json\/wp\/v2\/product_cat?post=26719"},{"taxonomy":"product_tag","embeddable":true,"href":"https:\/\/vitablanca.ma\/ar\/wp-json\/wp\/v2\/product_tag?post=26719"}],"curies":[{"name":"wp","href":"https:\/\/api.w.org\/{rel}","templated":true}]}}