{"id":26710,"date":"2025-11-20T12:07:34","date_gmt":"2025-11-20T12:07:34","guid":{"rendered":"https:\/\/vitablanca.ma\/?post_type=product&#038;p=26710"},"modified":"2025-12-16T19:28:51","modified_gmt":"2025-12-16T19:28:51","slug":"now-foods-alpha-gpc-300-mg-bioavailable-source-of-choline-60-veg-capsules","status":"publish","type":"product","link":"https:\/\/vitablanca.ma\/ar\/product-2\/now-foods-alpha-gpc-300-mg-bioavailable-source-of-choline-60-veg-capsules\/","title":{"rendered":"Now Foods Alpha GPC, 300 mg Bioavailable Source of Choline 60 Veg Capsules"},"content":{"rendered":"<p data-start=\"733\" data-end=\"936\">Now Foods Alpha GPC 300 mg fournit une forme <strong data-start=\"778\" data-end=\"816\">hautement biodisponible de choline<\/strong>, un nutriment essentiel pour la <strong data-start=\"849\" data-end=\"860\">m\u00e9moire<\/strong>, la <strong data-start=\"865\" data-end=\"882\">concentration<\/strong>, l\u2019<strong data-start=\"886\" data-end=\"903\">apprentissage<\/strong> \u0648 \u0627\u0644 <strong data-start=\"910\" data-end=\"933\">fonction du cerveau<\/strong>.<\/p>\n<p data-start=\"938\" data-end=\"1187\">L\u2019Alpha GPC (L-alpha-glyc\u00e9rylphosphorylcholine) est l\u2019une des formes les plus efficaces pour augmenter les niveaux d\u2019<strong data-start=\"1055\" data-end=\"1072\">ac\u00e9tylcholine<\/strong>, un neurotransmetteur crucial pour les capacit\u00e9s cognitives, la vivacit\u00e9 mentale et la performance intellectuelle.<\/p>\n<p data-start=\"1189\" data-end=\"1352\">Ce compl\u00e9ment est souvent utilis\u00e9 par les \u00e9tudiants, les professionnels, les gamers, les sportifs et toute personne cherchant une am\u00e9lioration cognitive naturelle.<\/p>\n<h3 data-start=\"1354\" data-end=\"1380\">Bienfaits du produit<\/h3>\n<ul data-start=\"1381\" data-end=\"1677\">\n<li data-start=\"1381\" data-end=\"1423\">\n<p data-start=\"1383\" data-end=\"1423\">Soutient la m\u00e9moire et l\u2019apprentissage<\/p>\n<\/li>\n<li data-start=\"1424\" data-end=\"1474\">\n<p data-start=\"1426\" data-end=\"1474\">Am\u00e9liore la concentration et la clart\u00e9 mentale<\/p>\n<\/li>\n<li data-start=\"1475\" data-end=\"1523\">\n<p data-start=\"1477\" data-end=\"1523\">Aide \u00e0 augmenter les niveaux d\u2019ac\u00e9tylcholine<\/p>\n<\/li>\n<li data-start=\"1524\" data-end=\"1578\">\n<p data-start=\"1526\" data-end=\"1578\">Contribue au bon fonctionnement du syst\u00e8me nerveux<\/p>\n<\/li>\n<li data-start=\"1579\" data-end=\"1636\">\n<p data-start=\"1581\" data-end=\"1636\">Peut am\u00e9liorer la performance mentale et la vigilance<\/p>\n<\/li>\n<li data-start=\"1637\" data-end=\"1677\">\n<p data-start=\"1639\" data-end=\"1677\">Source de choline tr\u00e8s bien absorb\u00e9e<\/p>\n<\/li>\n<\/ul>\n<h3 data-start=\"1679\" data-end=\"1721\">Caract\u00e9ristiques Now Foods Alpha GPC<\/h3>\n<ul data-start=\"1722\" data-end=\"1955\">\n<li data-start=\"1722\" data-end=\"1756\">\n<p data-start=\"1724\" data-end=\"1756\">300 mg d\u2019Alpha GPC par capsule<\/p>\n<\/li>\n<li data-start=\"1757\" data-end=\"1801\">\n<p data-start=\"1759\" data-end=\"1801\">Forme hautement biodisponible de choline<\/p>\n<\/li>\n<li data-start=\"1802\" data-end=\"1826\">\n<p data-start=\"1804\" data-end=\"1826\">60 g\u00e9lules v\u00e9g\u00e9tales<\/p>\n<\/li>\n<li data-start=\"1827\" data-end=\"1863\">\n<p data-start=\"1829\" data-end=\"1863\">Sans OGM, sans gluten, sans soja<\/p>\n<\/li>\n<li data-start=\"1864\" data-end=\"1907\">\n<p data-start=\"1866\" data-end=\"1907\">Convient aux v\u00e9g\u00e9tariens et v\u00e9g\u00e9taliens<\/p>\n<\/li>\n<li data-start=\"1908\" data-end=\"1955\">\n<p data-start=\"1910\" data-end=\"1955\">Qualit\u00e9 Now Foods pour puret\u00e9 et efficacit\u00e9<\/p>\n<\/li>\n<\/ul>","protected":false},"excerpt":{"rendered":"<ul>\n<li>Cognitive Support<\/li>\n<li>Bioavailable Source of Choline<\/li>\n<li>Supports Mental Acuity<\/li>\n<li>\u0645\u0643\u0645\u0644 \u063a\u0630\u0627\u0626\u064a<\/li>\n<li>\u0646\u0628\u0627\u062a\u064a\/\u0646\u0628\u0627\u062a\u064a \u062e\u0627\u0644\u0635<\/li>\n<\/ul>","protected":false},"featured_media":26547,"template":"","meta":{"om_disable_all_campaigns":false},"product_brand":[],"product_cat":[18],"product_tag":[4433,4959,4434,4435,4962,4436,4964,4961,4963,4960,4437,4438],"class_list":{"0":"post-26710","1":"product","2":"type-product","3":"status-publish","4":"has-post-thumbnail","6":"product_cat-beaute-sante","7":"product_tag-alpha-gpc-choline-biodisponible","8":"product_tag-alpha-gpc-maroc","9":"product_tag-alpha-gpc-now-foods-300-mg","10":"product_tag-alpha-gpc-sante-cognitive-cerveau","11":"product_tag-choline-maroc","12":"product_tag-complement-memoire-concentration-naturel","13":"product_tag-focus-mental","14":"product_tag-memoire-concentration","15":"product_tag-nootropique-maroc","16":"product_tag-now-foods-alpha-gpc","17":"product_tag-now-foods-alpha-gpc-60-capsules-vegetales","18":"product_tag-supplement-choline-vegetarien","20":"first","21":"instock","22":"taxable","23":"shipping-taxable","24":"purchasable","25":"product-type-simple"},"yoast_head":"<!-- This site is optimized with the Yoast SEO plugin v27.5 - https:\/\/yoast.com\/product\/yoast-seo-wordpress\/ -->\n<title>Now Foods Alpha GPC, 300 mg 60 Capsules - Maroc Prix<\/title>\n<meta name=\"description\" content=\"Now Foods Alpha GPC 300 mg au Maroc : source hautement biodisponible de choline pour m\u00e9moire, concentration et cerveau. 60 capsules v\u00e9g\u00e9tales\" \/>\n<meta name=\"robots\" content=\"index, follow, max-snippet:-1, max-image-preview:large, max-video-preview:-1\" \/>\n<link rel=\"canonical\" href=\"https:\/\/vitablanca.ma\/ar\/product-2\/now-foods-alpha-gpc-300-mg-bioavailable-source-of-choline-60-veg-capsules\/\" \/>\n<meta property=\"og:locale\" content=\"ar_AR\" \/>\n<meta property=\"og:type\" content=\"article\" \/>\n<meta property=\"og:title\" content=\"Now Foods Alpha GPC, 300 mg 60 Capsules - Maroc Prix\" \/>\n<meta property=\"og:description\" content=\"Now Foods Alpha GPC 300 mg au Maroc : source hautement biodisponible de choline pour m\u00e9moire, concentration et cerveau. 60 capsules v\u00e9g\u00e9tales\" \/>\n<meta property=\"og:url\" content=\"https:\/\/vitablanca.ma\/ar\/product-2\/now-foods-alpha-gpc-300-mg-bioavailable-source-of-choline-60-veg-capsules\/\" \/>\n<meta property=\"og:site_name\" content=\"Vitablanca.ma &ndash; Sant&eacute;, vitalit&eacute; et bien-&ecirc;tre pour tous les Marocains\" \/>\n<meta property=\"article:publisher\" content=\"https:\/\/www.facebook.com\/profile.php?id=61576678196717\" \/>\n<meta property=\"article:modified_time\" content=\"2025-12-16T19:28:51+00:00\" \/>\n<meta property=\"og:image\" content=\"https:\/\/vitablanca.ma\/wp-content\/uploads\/2025\/11\/Now-Foods-Alpha-GPC-300-mg-Bioavailable-Source-of-Choline-60-Veg-Capsules.jpg\" \/>\n\t<meta property=\"og:image:width\" content=\"680\" \/>\n\t<meta property=\"og:image:height\" content=\"680\" \/>\n\t<meta property=\"og:image:type\" content=\"image\/jpeg\" \/>\n<meta name=\"twitter:card\" content=\"summary_large_image\" \/>\n<meta name=\"twitter:label1\" content=\"\u0648\u0642\u062a \u0627\u0644\u0642\u0631\u0627\u0621\u0629 \u0627\u0644\u0645\u064f\u0642\u062f\u0651\u0631\" \/>\n\t<meta name=\"twitter:data1\" content=\"\u062f\u0642\u064a\u0642\u062a\u0627\u0646\" \/>\n<script type=\"application\/ld+json\" class=\"yoast-schema-graph\">{\"@context\":\"https:\\\/\\\/schema.org\",\"@graph\":[{\"@type\":[\"WebPage\",\"ItemPage\"],\"@id\":\"https:\\\/\\\/vitablanca.ma\\\/produit\\\/now-foods-alpha-gpc-300-mg-bioavailable-source-of-choline-60-veg-capsules\\\/\",\"url\":\"https:\\\/\\\/vitablanca.ma\\\/produit\\\/now-foods-alpha-gpc-300-mg-bioavailable-source-of-choline-60-veg-capsules\\\/\",\"name\":\"Now Foods Alpha GPC, 300 mg 60 Capsules - Maroc Prix\",\"isPartOf\":{\"@id\":\"https:\\\/\\\/vitablanca.ma\\\/#website\"},\"primaryImageOfPage\":{\"@id\":\"https:\\\/\\\/vitablanca.ma\\\/produit\\\/now-foods-alpha-gpc-300-mg-bioavailable-source-of-choline-60-veg-capsules\\\/#primaryimage\"},\"image\":{\"@id\":\"https:\\\/\\\/vitablanca.ma\\\/produit\\\/now-foods-alpha-gpc-300-mg-bioavailable-source-of-choline-60-veg-capsules\\\/#primaryimage\"},\"thumbnailUrl\":\"https:\\\/\\\/vitablanca.ma\\\/wp-content\\\/uploads\\\/2025\\\/11\\\/Now-Foods-Alpha-GPC-300-mg-Bioavailable-Source-of-Choline-60-Veg-Capsules.jpg\",\"datePublished\":\"2025-11-20T12:07:34+00:00\",\"dateModified\":\"2025-12-16T19:28:51+00:00\",\"description\":\"Now Foods Alpha GPC 300 mg au Maroc : source hautement biodisponible de choline pour m\u00e9moire, concentration et cerveau. 60 capsules v\u00e9g\u00e9tales\",\"breadcrumb\":{\"@id\":\"https:\\\/\\\/vitablanca.ma\\\/produit\\\/now-foods-alpha-gpc-300-mg-bioavailable-source-of-choline-60-veg-capsules\\\/#breadcrumb\"},\"inLanguage\":\"ar\",\"potentialAction\":[{\"@type\":\"ReadAction\",\"target\":[\"https:\\\/\\\/vitablanca.ma\\\/produit\\\/now-foods-alpha-gpc-300-mg-bioavailable-source-of-choline-60-veg-capsules\\\/\"]}]},{\"@type\":\"ImageObject\",\"inLanguage\":\"ar\",\"@id\":\"https:\\\/\\\/vitablanca.ma\\\/produit\\\/now-foods-alpha-gpc-300-mg-bioavailable-source-of-choline-60-veg-capsules\\\/#primaryimage\",\"url\":\"https:\\\/\\\/vitablanca.ma\\\/wp-content\\\/uploads\\\/2025\\\/11\\\/Now-Foods-Alpha-GPC-300-mg-Bioavailable-Source-of-Choline-60-Veg-Capsules.jpg\",\"contentUrl\":\"https:\\\/\\\/vitablanca.ma\\\/wp-content\\\/uploads\\\/2025\\\/11\\\/Now-Foods-Alpha-GPC-300-mg-Bioavailable-Source-of-Choline-60-Veg-Capsules.jpg\",\"width\":680,\"height\":680},{\"@type\":\"BreadcrumbList\",\"@id\":\"https:\\\/\\\/vitablanca.ma\\\/produit\\\/now-foods-alpha-gpc-300-mg-bioavailable-source-of-choline-60-veg-capsules\\\/#breadcrumb\",\"itemListElement\":[{\"@type\":\"ListItem\",\"position\":1,\"name\":\"Home\",\"item\":\"https:\\\/\\\/vitablanca.ma\\\/\"},{\"@type\":\"ListItem\",\"position\":2,\"name\":\"Tous Les Produits\",\"item\":\"https:\\\/\\\/vitablanca.ma\\\/tous-les-produits\\\/\"},{\"@type\":\"ListItem\",\"position\":3,\"name\":\"Now Foods Alpha GPC, 300 mg Bioavailable Source of Choline 60 Veg Capsules\"}]},{\"@type\":\"WebSite\",\"@id\":\"https:\\\/\\\/vitablanca.ma\\\/#website\",\"url\":\"https:\\\/\\\/vitablanca.ma\\\/\",\"name\":\"VitaBlanca.ma | Compl\u00e9ments alimentaires, sant\u00e9 & beaut\u00e9 au Maroc\",\"description\":\"vendre vitamines et compl\u00e9ments premium des USA &amp; Canada, Nouvelle Z\u00e9lande,Maroc (NOW Foods, Solgar, Manuka). Livraison rapide partout au Maroc.\",\"publisher\":{\"@id\":\"https:\\\/\\\/vitablanca.ma\\\/#organization\"},\"alternateName\":\"VitaBlanca.ma\",\"potentialAction\":[{\"@type\":\"SearchAction\",\"target\":{\"@type\":\"EntryPoint\",\"urlTemplate\":\"https:\\\/\\\/vitablanca.ma\\\/?s={search_term_string}\"},\"query-input\":{\"@type\":\"PropertyValueSpecification\",\"valueRequired\":true,\"valueName\":\"search_term_string\"}}],\"inLanguage\":\"ar\"},{\"@type\":\"Organization\",\"@id\":\"https:\\\/\\\/vitablanca.ma\\\/#organization\",\"name\":\"VitaBlanca\",\"url\":\"https:\\\/\\\/vitablanca.ma\\\/\",\"logo\":{\"@type\":\"ImageObject\",\"inLanguage\":\"ar\",\"@id\":\"https:\\\/\\\/vitablanca.ma\\\/#\\\/schema\\\/logo\\\/image\\\/\",\"url\":\"https:\\\/\\\/vitablanca.ma\\\/wp-content\\\/uploads\\\/2025\\\/05\\\/cropped-vitablanca.png\",\"contentUrl\":\"https:\\\/\\\/vitablanca.ma\\\/wp-content\\\/uploads\\\/2025\\\/05\\\/cropped-vitablanca.png\",\"width\":360,\"height\":67,\"caption\":\"VitaBlanca\"},\"image\":{\"@id\":\"https:\\\/\\\/vitablanca.ma\\\/#\\\/schema\\\/logo\\\/image\\\/\"},\"sameAs\":[\"https:\\\/\\\/www.facebook.com\\\/profile.php?id=61576678196717\",\"https:\\\/\\\/www.tiktok.com\\\/@vitablanca.ma\",\"https:\\\/\\\/www.instagram.com\\\/vitablanca.ma\\\/\"]}]}<\/script>\n<!-- \/ Yoast SEO plugin. -->","yoast_head_json":{"title":"Now Foods Alpha GPC, 300 mg 60 Capsules - Maroc Prix","description":"Now Foods Alpha GPC 300 mg au Maroc : source hautement biodisponible de choline pour m\u00e9moire, concentration et cerveau. 60 capsules v\u00e9g\u00e9tales","robots":{"index":"index","follow":"follow","max-snippet":"max-snippet:-1","max-image-preview":"max-image-preview:large","max-video-preview":"max-video-preview:-1"},"canonical":"https:\/\/vitablanca.ma\/ar\/product-2\/now-foods-alpha-gpc-300-mg-bioavailable-source-of-choline-60-veg-capsules\/","og_locale":"ar_AR","og_type":"article","og_title":"Now Foods Alpha GPC, 300 mg 60 Capsules - Maroc Prix","og_description":"Now Foods Alpha GPC 300 mg au Maroc : source hautement biodisponible de choline pour m\u00e9moire, concentration et cerveau. 60 capsules v\u00e9g\u00e9tales","og_url":"https:\/\/vitablanca.ma\/ar\/product-2\/now-foods-alpha-gpc-300-mg-bioavailable-source-of-choline-60-veg-capsules\/","og_site_name":"Vitablanca.ma &ndash; Sant&eacute;, vitalit&eacute; et bien-&ecirc;tre pour tous les Marocains","article_publisher":"https:\/\/www.facebook.com\/profile.php?id=61576678196717","article_modified_time":"2025-12-16T19:28:51+00:00","og_image":[{"width":680,"height":680,"url":"https:\/\/vitablanca.ma\/wp-content\/uploads\/2025\/11\/Now-Foods-Alpha-GPC-300-mg-Bioavailable-Source-of-Choline-60-Veg-Capsules.jpg","type":"image\/jpeg"}],"twitter_card":"summary_large_image","twitter_misc":{"\u0648\u0642\u062a \u0627\u0644\u0642\u0631\u0627\u0621\u0629 \u0627\u0644\u0645\u064f\u0642\u062f\u0651\u0631":"\u062f\u0642\u064a\u0642\u062a\u0627\u0646"},"schema":{"@context":"https:\/\/schema.org","@graph":[{"@type":["WebPage","ItemPage"],"@id":"https:\/\/vitablanca.ma\/produit\/now-foods-alpha-gpc-300-mg-bioavailable-source-of-choline-60-veg-capsules\/","url":"https:\/\/vitablanca.ma\/produit\/now-foods-alpha-gpc-300-mg-bioavailable-source-of-choline-60-veg-capsules\/","name":"Now Foods Alpha GPC, 300 mg 60 Capsules - Maroc Prix","isPartOf":{"@id":"https:\/\/vitablanca.ma\/#website"},"primaryImageOfPage":{"@id":"https:\/\/vitablanca.ma\/produit\/now-foods-alpha-gpc-300-mg-bioavailable-source-of-choline-60-veg-capsules\/#primaryimage"},"image":{"@id":"https:\/\/vitablanca.ma\/produit\/now-foods-alpha-gpc-300-mg-bioavailable-source-of-choline-60-veg-capsules\/#primaryimage"},"thumbnailUrl":"https:\/\/vitablanca.ma\/wp-content\/uploads\/2025\/11\/Now-Foods-Alpha-GPC-300-mg-Bioavailable-Source-of-Choline-60-Veg-Capsules.jpg","datePublished":"2025-11-20T12:07:34+00:00","dateModified":"2025-12-16T19:28:51+00:00","description":"Now Foods Alpha GPC 300 mg au Maroc : source hautement biodisponible de choline pour m\u00e9moire, concentration et cerveau. 60 capsules v\u00e9g\u00e9tales","breadcrumb":{"@id":"https:\/\/vitablanca.ma\/produit\/now-foods-alpha-gpc-300-mg-bioavailable-source-of-choline-60-veg-capsules\/#breadcrumb"},"inLanguage":"ar","potentialAction":[{"@type":"ReadAction","target":["https:\/\/vitablanca.ma\/produit\/now-foods-alpha-gpc-300-mg-bioavailable-source-of-choline-60-veg-capsules\/"]}]},{"@type":"ImageObject","inLanguage":"ar","@id":"https:\/\/vitablanca.ma\/produit\/now-foods-alpha-gpc-300-mg-bioavailable-source-of-choline-60-veg-capsules\/#primaryimage","url":"https:\/\/vitablanca.ma\/wp-content\/uploads\/2025\/11\/Now-Foods-Alpha-GPC-300-mg-Bioavailable-Source-of-Choline-60-Veg-Capsules.jpg","contentUrl":"https:\/\/vitablanca.ma\/wp-content\/uploads\/2025\/11\/Now-Foods-Alpha-GPC-300-mg-Bioavailable-Source-of-Choline-60-Veg-Capsules.jpg","width":680,"height":680},{"@type":"BreadcrumbList","@id":"https:\/\/vitablanca.ma\/produit\/now-foods-alpha-gpc-300-mg-bioavailable-source-of-choline-60-veg-capsules\/#breadcrumb","itemListElement":[{"@type":"ListItem","position":1,"name":"Home","item":"https:\/\/vitablanca.ma\/"},{"@type":"ListItem","position":2,"name":"Tous Les Produits","item":"https:\/\/vitablanca.ma\/tous-les-produits\/"},{"@type":"ListItem","position":3,"name":"Now Foods Alpha GPC, 300 mg Bioavailable Source of Choline 60 Veg Capsules"}]},{"@type":"WebSite","@id":"https:\/\/vitablanca.ma\/#website","url":"https:\/\/vitablanca.ma\/","name":"VitaBlanca.ma | \u0627\u0644\u0645\u0643\u0645\u0644\u0627\u062a \u0627\u0644\u063a\u0630\u0627\u0626\u064a\u0629\u060c \u0627\u0644\u0635\u062d\u0629 \u0648\u0627\u0644\u062c\u0645\u0627\u0644 \u0641\u064a \u0627\u0644\u0645\u063a\u0631\u0628","description":"\u0646\u0628\u064a\u0639 \u0641\u064a\u062a\u0627\u0645\u064a\u0646\u0627\u062a \u0648\u0645\u0643\u0645\u0644\u0627\u062a \u063a\u0630\u0627\u0626\u064a\u0629 \u0641\u0627\u062e\u0631\u0629 \u0645\u0646 \u0627\u0644\u0648\u0644\u0627\u064a\u0627\u062a \u0627\u0644\u0645\u062a\u062d\u062f\u0629 \u0627\u0644\u0623\u0645\u0631\u064a\u0643\u064a\u0629 \u0648\u0643\u0646\u062f\u0627 \u0648\u0646\u064a\u0648\u0632\u064a\u0644\u0646\u062f\u0627 \u0648\u0627\u0644\u0645\u063a\u0631\u0628 (\u0646\u0627\u0648 \u0641\u0648\u062f\u0632\u060c \u0633\u0648\u0644\u062c\u0627\u0631\u060c \u0645\u0627\u0646\u0648\u0643\u0627). \u062a\u0648\u0635\u064a\u0644 \u0633\u0631\u064a\u0639 \u0625\u0644\u0649 \u062c\u0645\u064a\u0639 \u0623\u0646\u062d\u0627\u0621 \u0627\u0644\u0645\u063a\u0631\u0628.","publisher":{"@id":"https:\/\/vitablanca.ma\/#organization"},"alternateName":"VitaBlanca.ma","potentialAction":[{"@type":"SearchAction","target":{"@type":"EntryPoint","urlTemplate":"https:\/\/vitablanca.ma\/?s={search_term_string}"},"query-input":{"@type":"PropertyValueSpecification","valueRequired":true,"valueName":"search_term_string"}}],"inLanguage":"ar"},{"@type":"Organization","@id":"https:\/\/vitablanca.ma\/#organization","name":"\u0641\u064a\u062a\u0627\u0628\u0644\u0627\u0646\u0643\u0627","url":"https:\/\/vitablanca.ma\/","logo":{"@type":"ImageObject","inLanguage":"ar","@id":"https:\/\/vitablanca.ma\/#\/schema\/logo\/image\/","url":"https:\/\/vitablanca.ma\/wp-content\/uploads\/2025\/05\/cropped-vitablanca.png","contentUrl":"https:\/\/vitablanca.ma\/wp-content\/uploads\/2025\/05\/cropped-vitablanca.png","width":360,"height":67,"caption":"VitaBlanca"},"image":{"@id":"https:\/\/vitablanca.ma\/#\/schema\/logo\/image\/"},"sameAs":["https:\/\/www.facebook.com\/profile.php?id=61576678196717","https:\/\/www.tiktok.com\/@vitablanca.ma","https:\/\/www.instagram.com\/vitablanca.ma\/"]}]}},"jetpack_sharing_enabled":true,"_links":{"self":[{"href":"https:\/\/vitablanca.ma\/ar\/wp-json\/wp\/v2\/product\/26710","targetHints":{"allow":["GET"]}}],"collection":[{"href":"https:\/\/vitablanca.ma\/ar\/wp-json\/wp\/v2\/product"}],"about":[{"href":"https:\/\/vitablanca.ma\/ar\/wp-json\/wp\/v2\/types\/product"}],"wp:featuredmedia":[{"embeddable":true,"href":"https:\/\/vitablanca.ma\/ar\/wp-json\/wp\/v2\/media\/26547"}],"wp:attachment":[{"href":"https:\/\/vitablanca.ma\/ar\/wp-json\/wp\/v2\/media?parent=26710"}],"wp:term":[{"taxonomy":"product_brand","embeddable":true,"href":"https:\/\/vitablanca.ma\/ar\/wp-json\/wp\/v2\/product_brand?post=26710"},{"taxonomy":"product_cat","embeddable":true,"href":"https:\/\/vitablanca.ma\/ar\/wp-json\/wp\/v2\/product_cat?post=26710"},{"taxonomy":"product_tag","embeddable":true,"href":"https:\/\/vitablanca.ma\/ar\/wp-json\/wp\/v2\/product_tag?post=26710"}],"curies":[{"name":"wp","href":"https:\/\/api.w.org\/{rel}","templated":true}]}}