{"id":26487,"date":"2025-11-18T12:39:47","date_gmt":"2025-11-18T12:39:47","guid":{"rendered":"https:\/\/vitablanca.ma\/?post_type=product&#038;p=26487"},"modified":"2026-03-08T22:38:48","modified_gmt":"2026-03-08T22:38:48","slug":"mary-ruths-multivitamines-liquides-fruit-du-dragon-et-melon-450-ml","status":"publish","type":"product","link":"https:\/\/vitablanca.ma\/ar\/product-2\/mary-ruths-multivitamines-liquides-fruit-du-dragon-et-melon-450-ml\/","title":{"rendered":"MARY RUTH&rsquo;S Multivitamines liquides Fruit du dragon et melon, 450 ml"},"content":{"rendered":"<p><strong>Pourquoi des multivitamines liquides\u00a0?<\/strong><\/p>\r\n\r\n\r\n\r\n<p>Bien que nous croyions en une approche de la sant\u00e9 donnant la priorit\u00e9 \u00e0 l\u2019alimentation, tout le monde ne re\u00e7oit pas les vitamines et nutriments essentiels dont il a besoin par le biais de son r\u00e9gime alimentaire uniquement. Nos multivitamines liquides se pr\u00e9sentent sous forme de formule facile \u00e0 prendre, con\u00e7ue pour favoriser :<\/p>\r\n\r\n\r\n\r\n<ul class=\"wp-block-list\">\r\n<li>La croissance capillaire<\/li>\r\n\r\n\r\n\r\n<li>Cheveux plus \u00e9pais<\/li>\r\n\r\n\r\n\r\n<li>Am\u00e9lioration des rides<\/li>\r\n<\/ul>\r\n\r\n\r\n\r\n<p>\u2227\u2227Avec 21 jours d\u2019utilisation continue \u00e0 raison d\u2019une portion par jour. Ce flacon contient 15 portions.<\/p>\r\n\r\n\r\n\r\n<h3 class=\"wp-block-heading\"><strong>\u0627\u0644\u0627\u0633\u062a\u062e\u062f\u0627\u0645 \u0627\u0644\u0645\u0642\u062a\u0631\u062d<\/strong><\/h3>\r\n\r\n\r\n\r\n<p>Secouez bien avant utilisation. Chez les personnes de 18 ans et plus, prenez jusqu\u2019\u00e0 2 c. \u00e0 s. (30 ml) par jour ou suivez les recommandations d\u2019un m\u00e9decin ou d\u2019un professionnel de la sant\u00e9. Consommez le matin au moment du repas, du jus ou \u00e0 jeun. Ne pas d\u00e9passer la dose recommand\u00e9e.<\/p>","protected":false},"excerpt":{"rendered":"<ul>\n<li>Certifi\u00e9 Clean\u00a0Label\u00a0Project<\/li>\n<li>Parfum\u00e9 avec d&rsquo;autres ar\u00f4mes naturels<\/li>\n<li>\u0645\u0643\u0645\u0644 \u063a\u0630\u0627\u0626\u064a<\/li>\n<li>Ce flacon ne contient pas de BPA.<\/li>\n<\/ul>\n<p>Contient du Lustriva\u00ae, cliniquement prouv\u00e9 chez les femmes\u2227\u2227:<\/p>\n<ul>\n<li>Aide \u00e0 obtenir des cheveux plus \u00e9pais et plus volumineux<\/li>\n<li>Am\u00e9liore les rides, les ridules et la douceur du visage<\/li>\n<\/ul>","protected":false},"featured_media":26489,"template":"","meta":{"om_disable_all_campaigns":false},"product_brand":[3896],"product_cat":[18,3366],"product_tag":[4412,4414,4415,4411,4417,4418,1859,4413,4416],"class_list":{"0":"post-26487","1":"product","2":"type-product","3":"status-publish","4":"has-post-thumbnail","6":"product_brand-mary-ruths","7":"product_cat-beaute-sante","8":"product_cat-complements-alimentaires-au-maroc-vitablanca","9":"product_tag-complement-multivitamines-bio","10":"product_tag-mary-ruths-multivitamines","11":"product_tag-multivitamines-fruit-du-dragon","12":"product_tag-multivitamines-liquides","13":"product_tag-multivitamines-melon","14":"product_tag-multivitamines-vegan","15":"product_tag-soutien-immunitaire","16":"product_tag-vitamines-liquides-450-ml","17":"product_tag-vitamines-pour-enfants-et-adultes","19":"first","20":"instock","21":"taxable","22":"shipping-taxable","23":"purchasable","24":"product-type-simple"},"yoast_head":"<!-- This site is optimized with the Yoast SEO plugin v27.5 - https:\/\/yoast.com\/product\/yoast-seo-wordpress\/ -->\n<title>MARY RUTH&#039;S Multivitamines liquides Fruit du dragon et melon - Maroc<\/title>\n<meta name=\"description\" content=\"MARY RUTH&#039;S Multivitamines liquides \u2013 Fruit du dragon et melon, 450 ml. Formule compl\u00e8te en vitamines et min\u00e9raux essentiels, go\u00fbt fruit\u00e9\" \/>\n<meta name=\"robots\" content=\"index, follow, max-snippet:-1, max-image-preview:large, max-video-preview:-1\" \/>\n<link rel=\"canonical\" href=\"https:\/\/vitablanca.ma\/ar\/product-2\/mary-ruths-multivitamines-liquides-fruit-du-dragon-et-melon-450-ml\/\" \/>\n<meta property=\"og:locale\" content=\"ar_AR\" \/>\n<meta property=\"og:type\" content=\"article\" \/>\n<meta property=\"og:title\" content=\"MARY RUTH&#039;S Multivitamines liquides Fruit du dragon et melon - Maroc\" \/>\n<meta property=\"og:description\" content=\"MARY RUTH&#039;S Multivitamines liquides \u2013 Fruit du dragon et melon, 450 ml. Formule compl\u00e8te en vitamines et min\u00e9raux essentiels, go\u00fbt fruit\u00e9\" \/>\n<meta property=\"og:url\" content=\"https:\/\/vitablanca.ma\/ar\/product-2\/mary-ruths-multivitamines-liquides-fruit-du-dragon-et-melon-450-ml\/\" \/>\n<meta property=\"og:site_name\" content=\"Vitablanca.ma &ndash; Sant&eacute;, vitalit&eacute; et bien-&ecirc;tre pour tous les Marocains\" \/>\n<meta property=\"article:publisher\" content=\"https:\/\/www.facebook.com\/profile.php?id=61576678196717\" \/>\n<meta property=\"article:modified_time\" content=\"2026-03-08T22:38:48+00:00\" \/>\n<meta property=\"og:image\" content=\"https:\/\/vitablanca.ma\/wp-content\/uploads\/2025\/11\/mary-ruths-multivitamines-liquides-du-matin-croissance-des-cheveux-fruit-du-dragon-et-melon.jpg\" \/>\n\t<meta property=\"og:image:width\" content=\"680\" \/>\n\t<meta property=\"og:image:height\" content=\"680\" \/>\n\t<meta property=\"og:image:type\" content=\"image\/jpeg\" \/>\n<meta name=\"twitter:card\" content=\"summary_large_image\" \/>\n<meta name=\"twitter:label1\" content=\"\u0648\u0642\u062a \u0627\u0644\u0642\u0631\u0627\u0621\u0629 \u0627\u0644\u0645\u064f\u0642\u062f\u0651\u0631\" \/>\n\t<meta name=\"twitter:data1\" content=\"\u062f\u0642\u064a\u0642\u0629 \u0648\u0627\u062d\u062f\u0629\" \/>\n<script type=\"application\/ld+json\" class=\"yoast-schema-graph\">{\"@context\":\"https:\\\/\\\/schema.org\",\"@graph\":[{\"@type\":[\"WebPage\",\"ItemPage\"],\"@id\":\"https:\\\/\\\/vitablanca.ma\\\/produit\\\/mary-ruths-multivitamines-liquides-fruit-du-dragon-et-melon-450-ml\\\/\",\"url\":\"https:\\\/\\\/vitablanca.ma\\\/produit\\\/mary-ruths-multivitamines-liquides-fruit-du-dragon-et-melon-450-ml\\\/\",\"name\":\"MARY RUTH'S Multivitamines liquides Fruit du dragon et melon - Maroc\",\"isPartOf\":{\"@id\":\"https:\\\/\\\/vitablanca.ma\\\/#website\"},\"primaryImageOfPage\":{\"@id\":\"https:\\\/\\\/vitablanca.ma\\\/produit\\\/mary-ruths-multivitamines-liquides-fruit-du-dragon-et-melon-450-ml\\\/#primaryimage\"},\"image\":{\"@id\":\"https:\\\/\\\/vitablanca.ma\\\/produit\\\/mary-ruths-multivitamines-liquides-fruit-du-dragon-et-melon-450-ml\\\/#primaryimage\"},\"thumbnailUrl\":\"https:\\\/\\\/vitablanca.ma\\\/wp-content\\\/uploads\\\/2025\\\/11\\\/mary-ruths-multivitamines-liquides-du-matin-croissance-des-cheveux-fruit-du-dragon-et-melon.jpg\",\"datePublished\":\"2025-11-18T12:39:47+00:00\",\"dateModified\":\"2026-03-08T22:38:48+00:00\",\"description\":\"MARY RUTH'S Multivitamines liquides \u2013 Fruit du dragon et melon, 450 ml. Formule compl\u00e8te en vitamines et min\u00e9raux essentiels, go\u00fbt fruit\u00e9\",\"breadcrumb\":{\"@id\":\"https:\\\/\\\/vitablanca.ma\\\/produit\\\/mary-ruths-multivitamines-liquides-fruit-du-dragon-et-melon-450-ml\\\/#breadcrumb\"},\"inLanguage\":\"ar\",\"potentialAction\":[{\"@type\":\"ReadAction\",\"target\":[\"https:\\\/\\\/vitablanca.ma\\\/produit\\\/mary-ruths-multivitamines-liquides-fruit-du-dragon-et-melon-450-ml\\\/\"]}]},{\"@type\":\"ImageObject\",\"inLanguage\":\"ar\",\"@id\":\"https:\\\/\\\/vitablanca.ma\\\/produit\\\/mary-ruths-multivitamines-liquides-fruit-du-dragon-et-melon-450-ml\\\/#primaryimage\",\"url\":\"https:\\\/\\\/vitablanca.ma\\\/wp-content\\\/uploads\\\/2025\\\/11\\\/mary-ruths-multivitamines-liquides-du-matin-croissance-des-cheveux-fruit-du-dragon-et-melon.jpg\",\"contentUrl\":\"https:\\\/\\\/vitablanca.ma\\\/wp-content\\\/uploads\\\/2025\\\/11\\\/mary-ruths-multivitamines-liquides-du-matin-croissance-des-cheveux-fruit-du-dragon-et-melon.jpg\",\"width\":680,\"height\":680},{\"@type\":\"BreadcrumbList\",\"@id\":\"https:\\\/\\\/vitablanca.ma\\\/produit\\\/mary-ruths-multivitamines-liquides-fruit-du-dragon-et-melon-450-ml\\\/#breadcrumb\",\"itemListElement\":[{\"@type\":\"ListItem\",\"position\":1,\"name\":\"Home\",\"item\":\"https:\\\/\\\/vitablanca.ma\\\/\"},{\"@type\":\"ListItem\",\"position\":2,\"name\":\"Tous Les Produits\",\"item\":\"https:\\\/\\\/vitablanca.ma\\\/tous-les-produits\\\/\"},{\"@type\":\"ListItem\",\"position\":3,\"name\":\"MARY RUTH&#8217;S Multivitamines liquides Fruit du dragon et melon, 450 ml\"}]},{\"@type\":\"WebSite\",\"@id\":\"https:\\\/\\\/vitablanca.ma\\\/#website\",\"url\":\"https:\\\/\\\/vitablanca.ma\\\/\",\"name\":\"VitaBlanca.ma | Compl\u00e9ments alimentaires, sant\u00e9 & beaut\u00e9 au Maroc\",\"description\":\"vendre vitamines et compl\u00e9ments premium des USA &amp; Canada, Nouvelle Z\u00e9lande,Maroc (NOW Foods, Solgar, Manuka). Livraison rapide partout au Maroc.\",\"publisher\":{\"@id\":\"https:\\\/\\\/vitablanca.ma\\\/#organization\"},\"alternateName\":\"VitaBlanca.ma\",\"potentialAction\":[{\"@type\":\"SearchAction\",\"target\":{\"@type\":\"EntryPoint\",\"urlTemplate\":\"https:\\\/\\\/vitablanca.ma\\\/?s={search_term_string}\"},\"query-input\":{\"@type\":\"PropertyValueSpecification\",\"valueRequired\":true,\"valueName\":\"search_term_string\"}}],\"inLanguage\":\"ar\"},{\"@type\":\"Organization\",\"@id\":\"https:\\\/\\\/vitablanca.ma\\\/#organization\",\"name\":\"VitaBlanca\",\"url\":\"https:\\\/\\\/vitablanca.ma\\\/\",\"logo\":{\"@type\":\"ImageObject\",\"inLanguage\":\"ar\",\"@id\":\"https:\\\/\\\/vitablanca.ma\\\/#\\\/schema\\\/logo\\\/image\\\/\",\"url\":\"https:\\\/\\\/vitablanca.ma\\\/wp-content\\\/uploads\\\/2025\\\/05\\\/cropped-vitablanca.png\",\"contentUrl\":\"https:\\\/\\\/vitablanca.ma\\\/wp-content\\\/uploads\\\/2025\\\/05\\\/cropped-vitablanca.png\",\"width\":360,\"height\":67,\"caption\":\"VitaBlanca\"},\"image\":{\"@id\":\"https:\\\/\\\/vitablanca.ma\\\/#\\\/schema\\\/logo\\\/image\\\/\"},\"sameAs\":[\"https:\\\/\\\/www.facebook.com\\\/profile.php?id=61576678196717\",\"https:\\\/\\\/www.tiktok.com\\\/@vitablanca.ma\",\"https:\\\/\\\/www.instagram.com\\\/vitablanca.ma\\\/\"]}]}<\/script>\n<!-- \/ Yoast SEO plugin. -->","yoast_head_json":{"title":"MARY RUTH'S Multivitamines liquides Fruit du dragon et melon - Maroc","description":"MARY RUTH'S Multivitamines liquides \u2013 Fruit du dragon et melon, 450 ml. Formule compl\u00e8te en vitamines et min\u00e9raux essentiels, go\u00fbt fruit\u00e9","robots":{"index":"index","follow":"follow","max-snippet":"max-snippet:-1","max-image-preview":"max-image-preview:large","max-video-preview":"max-video-preview:-1"},"canonical":"https:\/\/vitablanca.ma\/ar\/product-2\/mary-ruths-multivitamines-liquides-fruit-du-dragon-et-melon-450-ml\/","og_locale":"ar_AR","og_type":"article","og_title":"MARY RUTH'S Multivitamines liquides Fruit du dragon et melon - Maroc","og_description":"MARY RUTH'S Multivitamines liquides \u2013 Fruit du dragon et melon, 450 ml. Formule compl\u00e8te en vitamines et min\u00e9raux essentiels, go\u00fbt fruit\u00e9","og_url":"https:\/\/vitablanca.ma\/ar\/product-2\/mary-ruths-multivitamines-liquides-fruit-du-dragon-et-melon-450-ml\/","og_site_name":"Vitablanca.ma &ndash; Sant&eacute;, vitalit&eacute; et bien-&ecirc;tre pour tous les Marocains","article_publisher":"https:\/\/www.facebook.com\/profile.php?id=61576678196717","article_modified_time":"2026-03-08T22:38:48+00:00","og_image":[{"width":680,"height":680,"url":"https:\/\/vitablanca.ma\/wp-content\/uploads\/2025\/11\/mary-ruths-multivitamines-liquides-du-matin-croissance-des-cheveux-fruit-du-dragon-et-melon.jpg","type":"image\/jpeg"}],"twitter_card":"summary_large_image","twitter_misc":{"\u0648\u0642\u062a \u0627\u0644\u0642\u0631\u0627\u0621\u0629 \u0627\u0644\u0645\u064f\u0642\u062f\u0651\u0631":"\u062f\u0642\u064a\u0642\u0629 \u0648\u0627\u062d\u062f\u0629"},"schema":{"@context":"https:\/\/schema.org","@graph":[{"@type":["WebPage","ItemPage"],"@id":"https:\/\/vitablanca.ma\/produit\/mary-ruths-multivitamines-liquides-fruit-du-dragon-et-melon-450-ml\/","url":"https:\/\/vitablanca.ma\/produit\/mary-ruths-multivitamines-liquides-fruit-du-dragon-et-melon-450-ml\/","name":"MARY RUTH'S Multivitamines liquides Fruit du dragon et melon - Maroc","isPartOf":{"@id":"https:\/\/vitablanca.ma\/#website"},"primaryImageOfPage":{"@id":"https:\/\/vitablanca.ma\/produit\/mary-ruths-multivitamines-liquides-fruit-du-dragon-et-melon-450-ml\/#primaryimage"},"image":{"@id":"https:\/\/vitablanca.ma\/produit\/mary-ruths-multivitamines-liquides-fruit-du-dragon-et-melon-450-ml\/#primaryimage"},"thumbnailUrl":"https:\/\/vitablanca.ma\/wp-content\/uploads\/2025\/11\/mary-ruths-multivitamines-liquides-du-matin-croissance-des-cheveux-fruit-du-dragon-et-melon.jpg","datePublished":"2025-11-18T12:39:47+00:00","dateModified":"2026-03-08T22:38:48+00:00","description":"MARY RUTH'S Multivitamines liquides \u2013 Fruit du dragon et melon, 450 ml. Formule compl\u00e8te en vitamines et min\u00e9raux essentiels, go\u00fbt fruit\u00e9","breadcrumb":{"@id":"https:\/\/vitablanca.ma\/produit\/mary-ruths-multivitamines-liquides-fruit-du-dragon-et-melon-450-ml\/#breadcrumb"},"inLanguage":"ar","potentialAction":[{"@type":"ReadAction","target":["https:\/\/vitablanca.ma\/produit\/mary-ruths-multivitamines-liquides-fruit-du-dragon-et-melon-450-ml\/"]}]},{"@type":"ImageObject","inLanguage":"ar","@id":"https:\/\/vitablanca.ma\/produit\/mary-ruths-multivitamines-liquides-fruit-du-dragon-et-melon-450-ml\/#primaryimage","url":"https:\/\/vitablanca.ma\/wp-content\/uploads\/2025\/11\/mary-ruths-multivitamines-liquides-du-matin-croissance-des-cheveux-fruit-du-dragon-et-melon.jpg","contentUrl":"https:\/\/vitablanca.ma\/wp-content\/uploads\/2025\/11\/mary-ruths-multivitamines-liquides-du-matin-croissance-des-cheveux-fruit-du-dragon-et-melon.jpg","width":680,"height":680},{"@type":"BreadcrumbList","@id":"https:\/\/vitablanca.ma\/produit\/mary-ruths-multivitamines-liquides-fruit-du-dragon-et-melon-450-ml\/#breadcrumb","itemListElement":[{"@type":"ListItem","position":1,"name":"Home","item":"https:\/\/vitablanca.ma\/"},{"@type":"ListItem","position":2,"name":"Tous Les Produits","item":"https:\/\/vitablanca.ma\/tous-les-produits\/"},{"@type":"ListItem","position":3,"name":"MARY RUTH&#8217;S Multivitamines liquides Fruit du dragon et melon, 450 ml"}]},{"@type":"WebSite","@id":"https:\/\/vitablanca.ma\/#website","url":"https:\/\/vitablanca.ma\/","name":"VitaBlanca.ma | \u0627\u0644\u0645\u0643\u0645\u0644\u0627\u062a \u0627\u0644\u063a\u0630\u0627\u0626\u064a\u0629\u060c \u0627\u0644\u0635\u062d\u0629 \u0648\u0627\u0644\u062c\u0645\u0627\u0644 \u0641\u064a \u0627\u0644\u0645\u063a\u0631\u0628","description":"\u0646\u0628\u064a\u0639 \u0641\u064a\u062a\u0627\u0645\u064a\u0646\u0627\u062a \u0648\u0645\u0643\u0645\u0644\u0627\u062a \u063a\u0630\u0627\u0626\u064a\u0629 \u0641\u0627\u062e\u0631\u0629 \u0645\u0646 \u0627\u0644\u0648\u0644\u0627\u064a\u0627\u062a \u0627\u0644\u0645\u062a\u062d\u062f\u0629 \u0627\u0644\u0623\u0645\u0631\u064a\u0643\u064a\u0629 \u0648\u0643\u0646\u062f\u0627 \u0648\u0646\u064a\u0648\u0632\u064a\u0644\u0646\u062f\u0627 \u0648\u0627\u0644\u0645\u063a\u0631\u0628 (\u0646\u0627\u0648 \u0641\u0648\u062f\u0632\u060c \u0633\u0648\u0644\u062c\u0627\u0631\u060c \u0645\u0627\u0646\u0648\u0643\u0627). \u062a\u0648\u0635\u064a\u0644 \u0633\u0631\u064a\u0639 \u0625\u0644\u0649 \u062c\u0645\u064a\u0639 \u0623\u0646\u062d\u0627\u0621 \u0627\u0644\u0645\u063a\u0631\u0628.","publisher":{"@id":"https:\/\/vitablanca.ma\/#organization"},"alternateName":"VitaBlanca.ma","potentialAction":[{"@type":"SearchAction","target":{"@type":"EntryPoint","urlTemplate":"https:\/\/vitablanca.ma\/?s={search_term_string}"},"query-input":{"@type":"PropertyValueSpecification","valueRequired":true,"valueName":"search_term_string"}}],"inLanguage":"ar"},{"@type":"Organization","@id":"https:\/\/vitablanca.ma\/#organization","name":"\u0641\u064a\u062a\u0627\u0628\u0644\u0627\u0646\u0643\u0627","url":"https:\/\/vitablanca.ma\/","logo":{"@type":"ImageObject","inLanguage":"ar","@id":"https:\/\/vitablanca.ma\/#\/schema\/logo\/image\/","url":"https:\/\/vitablanca.ma\/wp-content\/uploads\/2025\/05\/cropped-vitablanca.png","contentUrl":"https:\/\/vitablanca.ma\/wp-content\/uploads\/2025\/05\/cropped-vitablanca.png","width":360,"height":67,"caption":"VitaBlanca"},"image":{"@id":"https:\/\/vitablanca.ma\/#\/schema\/logo\/image\/"},"sameAs":["https:\/\/www.facebook.com\/profile.php?id=61576678196717","https:\/\/www.tiktok.com\/@vitablanca.ma","https:\/\/www.instagram.com\/vitablanca.ma\/"]}]}},"jetpack_sharing_enabled":true,"_links":{"self":[{"href":"https:\/\/vitablanca.ma\/ar\/wp-json\/wp\/v2\/product\/26487","targetHints":{"allow":["GET"]}}],"collection":[{"href":"https:\/\/vitablanca.ma\/ar\/wp-json\/wp\/v2\/product"}],"about":[{"href":"https:\/\/vitablanca.ma\/ar\/wp-json\/wp\/v2\/types\/product"}],"wp:featuredmedia":[{"embeddable":true,"href":"https:\/\/vitablanca.ma\/ar\/wp-json\/wp\/v2\/media\/26489"}],"wp:attachment":[{"href":"https:\/\/vitablanca.ma\/ar\/wp-json\/wp\/v2\/media?parent=26487"}],"wp:term":[{"taxonomy":"product_brand","embeddable":true,"href":"https:\/\/vitablanca.ma\/ar\/wp-json\/wp\/v2\/product_brand?post=26487"},{"taxonomy":"product_cat","embeddable":true,"href":"https:\/\/vitablanca.ma\/ar\/wp-json\/wp\/v2\/product_cat?post=26487"},{"taxonomy":"product_tag","embeddable":true,"href":"https:\/\/vitablanca.ma\/ar\/wp-json\/wp\/v2\/product_tag?post=26487"}],"curies":[{"name":"wp","href":"https:\/\/api.w.org\/{rel}","templated":true}]}}