{"id":25800,"date":"2025-09-18T01:53:06","date_gmt":"2025-09-18T01:53:06","guid":{"rendered":"https:\/\/vitablanca.ma\/?post_type=product&#038;p=25800"},"modified":"2025-09-22T18:10:01","modified_gmt":"2025-09-22T18:10:01","slug":"solgar-ashwagandha-extrait-de-racine-60-capsules-maroc-prix","status":"publish","type":"product","link":"https:\/\/vitablanca.ma\/ar\/product-2\/solgar-ashwagandha-extrait-de-racine-60-capsules-maroc-prix\/","title":{"rendered":"Solgar Ashwagandha Extrait de racine, 60\u00a0capsules v\u00e9g\u00e9tales"},"content":{"rendered":"<p>Les herbes Standardized \u00b7 Full Potency\u2122 (SFP) de Solgar\u00ae sont d\u00e9velopp\u00e9es gr\u00e2ce \u00e0 un processus unique qui int\u00e8gre les id\u00e9ologies de l\u2019herboristerie traditionnelle et de la technologie \u00e0 base de plantes standardis\u00e9es. Pour garantir des taux de phytonutriments coh\u00e9rents et fiables, nous isolons une quantit\u00e9 contr\u00f4l\u00e9e de ces importants compos\u00e9s v\u00e9g\u00e9taux actifs. Ensuite, nous m\u00e9langeons ces compos\u00e9s am\u00e9lior\u00e9s et \u201cstandardis\u00e9s\u201d avec tous les composants naturellement pr\u00e9sents dans la plante enti\u00e8re. Le r\u00e9sultat est un extrait \u00e0 base de plantes standardis\u00e9 puissant, de qualit\u00e9 sup\u00e9rieure et dot\u00e9 de toutes les qualit\u00e9s synergiques et b\u00e9n\u00e9fiques de la nature.<\/p>","protected":false},"excerpt":{"rendered":"<ul>\n<li>Syst\u00e8me PhytO2X\u00ae<\/li>\n<li>Depuis\u00a01947<\/li>\n<li>Standardized \u00b7 Full Potency\u2122<\/li>\n<li>Ashwagandha<\/li>\n<li>\u0627\u0644\u0645\u0643\u0645\u0644\u0627\u062a \u0627\u0644\u0639\u0634\u0628\u064a\u0629<\/li>\n<li>\u062e\u0627\u0644\u064a\u0629 \u0645\u0646 \u0627\u0644\u0643\u0627\u0626\u0646\u0627\u062a \u0627\u0644\u0645\u0639\u062f\u0644\u0629 \u0648\u0631\u0627\u062b\u064a\u064b\u0627<\/li>\n<li>Sans gluten, ni bl\u00e9, ni produits laitiers<\/li>\n<li>\u0645\u0646\u0627\u0633\u0628 \u0644\u0644\u0646\u0628\u0627\u062a\u064a\u064a\u0646<\/li>\n<li>\u0645\u0639\u062a\u0645\u062f \u062e\u0627\u0644\u064d \u0645\u0646 \u0627\u0644\u063a\u0644\u0648\u062a\u064a\u0646<\/li>\n<li>Casher parev\u00e9<\/li>\n<li><\/li>\n<\/ul>","protected":false},"featured_media":25857,"template":"","meta":{"om_disable_all_campaigns":false},"product_brand":[42],"product_cat":[18,3366],"product_tag":[4296,4268,4297,4298,4299,1859,4300],"class_list":{"0":"post-25800","1":"product","2":"type-product","3":"status-publish","4":"has-post-thumbnail","6":"product_brand-solgar-prix-maroc","7":"product_cat-beaute-sante","8":"product_cat-complements-alimentaires-au-maroc-vitablanca","9":"product_tag-60-gelules","10":"product_tag-complement-energie","11":"product_tag-extrait-de-racine-ginseng","12":"product_tag-ginseng-capsules-vegetales","13":"product_tag-solgar-ginseng-coreen","14":"product_tag-soutien-immunitaire","15":"product_tag-vitalite-naturelle","17":"first","18":"instock","19":"taxable","20":"shipping-taxable","21":"purchasable","22":"product-type-simple"},"yoast_head":"<!-- This site is optimized with the Yoast SEO plugin v27.5 - https:\/\/yoast.com\/product\/yoast-seo-wordpress\/ -->\n<title>Solgar Ashwagandha Extrait de racine, 60\u00a0capsules - Maroc Prix<\/title>\n<meta name=\"description\" content=\"R\u00e9duisez le stress et am\u00e9liorez votre bien-\u00eatre avec l&#039;extrait de racine d&#039;Ashwagandha de Solgar. 60 capsules v\u00e9g\u00e9tales pour une meilleure gestion du stress\" \/>\n<meta name=\"robots\" content=\"index, follow, max-snippet:-1, max-image-preview:large, max-video-preview:-1\" \/>\n<link rel=\"canonical\" href=\"https:\/\/vitablanca.ma\/ar\/product-2\/solgar-ashwagandha-extrait-de-racine-60-capsules-maroc-prix\/\" \/>\n<meta property=\"og:locale\" content=\"ar_AR\" \/>\n<meta property=\"og:type\" content=\"article\" \/>\n<meta property=\"og:title\" content=\"Solgar Ashwagandha Extrait de racine, 60\u00a0capsules - Maroc Prix\" \/>\n<meta property=\"og:description\" content=\"R\u00e9duisez le stress et am\u00e9liorez votre bien-\u00eatre avec l&#039;extrait de racine d&#039;Ashwagandha de Solgar. 60 capsules v\u00e9g\u00e9tales pour une meilleure gestion du stress\" \/>\n<meta property=\"og:url\" content=\"https:\/\/vitablanca.ma\/ar\/product-2\/solgar-ashwagandha-extrait-de-racine-60-capsules-maroc-prix\/\" \/>\n<meta property=\"og:site_name\" content=\"Vitablanca.ma &ndash; Sant&eacute;, vitalit&eacute; et bien-&ecirc;tre pour tous les Marocains\" \/>\n<meta property=\"article:publisher\" content=\"https:\/\/www.facebook.com\/profile.php?id=61576678196717\" \/>\n<meta property=\"article:modified_time\" content=\"2025-09-22T18:10:01+00:00\" \/>\n<meta property=\"og:image\" content=\"https:\/\/vitablanca.ma\/wp-content\/uploads\/2025\/09\/WhatsApp-Image-2025-09-16-at-16.59.53.jpeg\" \/>\n\t<meta property=\"og:image:width\" content=\"1170\" \/>\n\t<meta property=\"og:image:height\" content=\"1340\" \/>\n\t<meta property=\"og:image:type\" content=\"image\/jpeg\" \/>\n<meta name=\"twitter:card\" content=\"summary_large_image\" \/>\n<meta name=\"twitter:label1\" content=\"\u0648\u0642\u062a \u0627\u0644\u0642\u0631\u0627\u0621\u0629 \u0627\u0644\u0645\u064f\u0642\u062f\u0651\u0631\" \/>\n\t<meta name=\"twitter:data1\" content=\"\u062f\u0642\u064a\u0642\u0629 \u0648\u0627\u062d\u062f\u0629\" \/>\n<script type=\"application\/ld+json\" class=\"yoast-schema-graph\">{\"@context\":\"https:\\\/\\\/schema.org\",\"@graph\":[{\"@type\":[\"WebPage\",\"ItemPage\"],\"@id\":\"https:\\\/\\\/vitablanca.ma\\\/produit\\\/solgar-ashwagandha-extrait-de-racine-60-capsules-maroc-prix\\\/\",\"url\":\"https:\\\/\\\/vitablanca.ma\\\/produit\\\/solgar-ashwagandha-extrait-de-racine-60-capsules-maroc-prix\\\/\",\"name\":\"Solgar Ashwagandha Extrait de racine, 60\u00a0capsules - Maroc Prix\",\"isPartOf\":{\"@id\":\"https:\\\/\\\/vitablanca.ma\\\/#website\"},\"primaryImageOfPage\":{\"@id\":\"https:\\\/\\\/vitablanca.ma\\\/produit\\\/solgar-ashwagandha-extrait-de-racine-60-capsules-maroc-prix\\\/#primaryimage\"},\"image\":{\"@id\":\"https:\\\/\\\/vitablanca.ma\\\/produit\\\/solgar-ashwagandha-extrait-de-racine-60-capsules-maroc-prix\\\/#primaryimage\"},\"thumbnailUrl\":\"https:\\\/\\\/vitablanca.ma\\\/wp-content\\\/uploads\\\/2025\\\/09\\\/WhatsApp-Image-2025-09-16-at-16.59.53.jpeg\",\"datePublished\":\"2025-09-18T01:53:06+00:00\",\"dateModified\":\"2025-09-22T18:10:01+00:00\",\"description\":\"R\u00e9duisez le stress et am\u00e9liorez votre bien-\u00eatre avec l'extrait de racine d'Ashwagandha de Solgar. 60 capsules v\u00e9g\u00e9tales pour une meilleure gestion du stress\",\"breadcrumb\":{\"@id\":\"https:\\\/\\\/vitablanca.ma\\\/produit\\\/solgar-ashwagandha-extrait-de-racine-60-capsules-maroc-prix\\\/#breadcrumb\"},\"inLanguage\":\"ar\",\"potentialAction\":[{\"@type\":\"ReadAction\",\"target\":[\"https:\\\/\\\/vitablanca.ma\\\/produit\\\/solgar-ashwagandha-extrait-de-racine-60-capsules-maroc-prix\\\/\"]}]},{\"@type\":\"ImageObject\",\"inLanguage\":\"ar\",\"@id\":\"https:\\\/\\\/vitablanca.ma\\\/produit\\\/solgar-ashwagandha-extrait-de-racine-60-capsules-maroc-prix\\\/#primaryimage\",\"url\":\"https:\\\/\\\/vitablanca.ma\\\/wp-content\\\/uploads\\\/2025\\\/09\\\/WhatsApp-Image-2025-09-16-at-16.59.53.jpeg\",\"contentUrl\":\"https:\\\/\\\/vitablanca.ma\\\/wp-content\\\/uploads\\\/2025\\\/09\\\/WhatsApp-Image-2025-09-16-at-16.59.53.jpeg\",\"width\":1170,\"height\":1340},{\"@type\":\"BreadcrumbList\",\"@id\":\"https:\\\/\\\/vitablanca.ma\\\/produit\\\/solgar-ashwagandha-extrait-de-racine-60-capsules-maroc-prix\\\/#breadcrumb\",\"itemListElement\":[{\"@type\":\"ListItem\",\"position\":1,\"name\":\"Home\",\"item\":\"https:\\\/\\\/vitablanca.ma\\\/\"},{\"@type\":\"ListItem\",\"position\":2,\"name\":\"Tous Les Produits\",\"item\":\"https:\\\/\\\/vitablanca.ma\\\/tous-les-produits\\\/\"},{\"@type\":\"ListItem\",\"position\":3,\"name\":\"Solgar Ashwagandha Extrait de racine, 60\u00a0capsules v\u00e9g\u00e9tales\"}]},{\"@type\":\"WebSite\",\"@id\":\"https:\\\/\\\/vitablanca.ma\\\/#website\",\"url\":\"https:\\\/\\\/vitablanca.ma\\\/\",\"name\":\"VitaBlanca.ma | Compl\u00e9ments alimentaires, sant\u00e9 & beaut\u00e9 au Maroc\",\"description\":\"vendre vitamines et compl\u00e9ments premium des USA &amp; Canada, Nouvelle Z\u00e9lande,Maroc (NOW Foods, Solgar, Manuka). Livraison rapide partout au Maroc.\",\"publisher\":{\"@id\":\"https:\\\/\\\/vitablanca.ma\\\/#organization\"},\"alternateName\":\"VitaBlanca.ma\",\"potentialAction\":[{\"@type\":\"SearchAction\",\"target\":{\"@type\":\"EntryPoint\",\"urlTemplate\":\"https:\\\/\\\/vitablanca.ma\\\/?s={search_term_string}\"},\"query-input\":{\"@type\":\"PropertyValueSpecification\",\"valueRequired\":true,\"valueName\":\"search_term_string\"}}],\"inLanguage\":\"ar\"},{\"@type\":\"Organization\",\"@id\":\"https:\\\/\\\/vitablanca.ma\\\/#organization\",\"name\":\"VitaBlanca\",\"url\":\"https:\\\/\\\/vitablanca.ma\\\/\",\"logo\":{\"@type\":\"ImageObject\",\"inLanguage\":\"ar\",\"@id\":\"https:\\\/\\\/vitablanca.ma\\\/#\\\/schema\\\/logo\\\/image\\\/\",\"url\":\"https:\\\/\\\/vitablanca.ma\\\/wp-content\\\/uploads\\\/2025\\\/05\\\/cropped-vitablanca.png\",\"contentUrl\":\"https:\\\/\\\/vitablanca.ma\\\/wp-content\\\/uploads\\\/2025\\\/05\\\/cropped-vitablanca.png\",\"width\":360,\"height\":67,\"caption\":\"VitaBlanca\"},\"image\":{\"@id\":\"https:\\\/\\\/vitablanca.ma\\\/#\\\/schema\\\/logo\\\/image\\\/\"},\"sameAs\":[\"https:\\\/\\\/www.facebook.com\\\/profile.php?id=61576678196717\",\"https:\\\/\\\/www.tiktok.com\\\/@vitablanca.ma\",\"https:\\\/\\\/www.instagram.com\\\/vitablanca.ma\\\/\"]}]}<\/script>\n<!-- \/ Yoast SEO plugin. -->","yoast_head_json":{"title":"Solgar Ashwagandha Extrait de racine, 60\u00a0capsules - Maroc Prix","description":"R\u00e9duisez le stress et am\u00e9liorez votre bien-\u00eatre avec l'extrait de racine d'Ashwagandha de Solgar. 60 capsules v\u00e9g\u00e9tales pour une meilleure gestion du stress","robots":{"index":"index","follow":"follow","max-snippet":"max-snippet:-1","max-image-preview":"max-image-preview:large","max-video-preview":"max-video-preview:-1"},"canonical":"https:\/\/vitablanca.ma\/ar\/product-2\/solgar-ashwagandha-extrait-de-racine-60-capsules-maroc-prix\/","og_locale":"ar_AR","og_type":"article","og_title":"Solgar Ashwagandha Extrait de racine, 60\u00a0capsules - Maroc Prix","og_description":"R\u00e9duisez le stress et am\u00e9liorez votre bien-\u00eatre avec l'extrait de racine d'Ashwagandha de Solgar. 60 capsules v\u00e9g\u00e9tales pour une meilleure gestion du stress","og_url":"https:\/\/vitablanca.ma\/ar\/product-2\/solgar-ashwagandha-extrait-de-racine-60-capsules-maroc-prix\/","og_site_name":"Vitablanca.ma &ndash; Sant&eacute;, vitalit&eacute; et bien-&ecirc;tre pour tous les Marocains","article_publisher":"https:\/\/www.facebook.com\/profile.php?id=61576678196717","article_modified_time":"2025-09-22T18:10:01+00:00","og_image":[{"width":1170,"height":1340,"url":"https:\/\/vitablanca.ma\/wp-content\/uploads\/2025\/09\/WhatsApp-Image-2025-09-16-at-16.59.53.jpeg","type":"image\/jpeg"}],"twitter_card":"summary_large_image","twitter_misc":{"\u0648\u0642\u062a \u0627\u0644\u0642\u0631\u0627\u0621\u0629 \u0627\u0644\u0645\u064f\u0642\u062f\u0651\u0631":"\u062f\u0642\u064a\u0642\u0629 \u0648\u0627\u062d\u062f\u0629"},"schema":{"@context":"https:\/\/schema.org","@graph":[{"@type":["WebPage","ItemPage"],"@id":"https:\/\/vitablanca.ma\/produit\/solgar-ashwagandha-extrait-de-racine-60-capsules-maroc-prix\/","url":"https:\/\/vitablanca.ma\/produit\/solgar-ashwagandha-extrait-de-racine-60-capsules-maroc-prix\/","name":"Solgar Ashwagandha Extrait de racine, 60\u00a0capsules - Maroc Prix","isPartOf":{"@id":"https:\/\/vitablanca.ma\/#website"},"primaryImageOfPage":{"@id":"https:\/\/vitablanca.ma\/produit\/solgar-ashwagandha-extrait-de-racine-60-capsules-maroc-prix\/#primaryimage"},"image":{"@id":"https:\/\/vitablanca.ma\/produit\/solgar-ashwagandha-extrait-de-racine-60-capsules-maroc-prix\/#primaryimage"},"thumbnailUrl":"https:\/\/vitablanca.ma\/wp-content\/uploads\/2025\/09\/WhatsApp-Image-2025-09-16-at-16.59.53.jpeg","datePublished":"2025-09-18T01:53:06+00:00","dateModified":"2025-09-22T18:10:01+00:00","description":"R\u00e9duisez le stress et am\u00e9liorez votre bien-\u00eatre avec l'extrait de racine d'Ashwagandha de Solgar. 60 capsules v\u00e9g\u00e9tales pour une meilleure gestion du stress","breadcrumb":{"@id":"https:\/\/vitablanca.ma\/produit\/solgar-ashwagandha-extrait-de-racine-60-capsules-maroc-prix\/#breadcrumb"},"inLanguage":"ar","potentialAction":[{"@type":"ReadAction","target":["https:\/\/vitablanca.ma\/produit\/solgar-ashwagandha-extrait-de-racine-60-capsules-maroc-prix\/"]}]},{"@type":"ImageObject","inLanguage":"ar","@id":"https:\/\/vitablanca.ma\/produit\/solgar-ashwagandha-extrait-de-racine-60-capsules-maroc-prix\/#primaryimage","url":"https:\/\/vitablanca.ma\/wp-content\/uploads\/2025\/09\/WhatsApp-Image-2025-09-16-at-16.59.53.jpeg","contentUrl":"https:\/\/vitablanca.ma\/wp-content\/uploads\/2025\/09\/WhatsApp-Image-2025-09-16-at-16.59.53.jpeg","width":1170,"height":1340},{"@type":"BreadcrumbList","@id":"https:\/\/vitablanca.ma\/produit\/solgar-ashwagandha-extrait-de-racine-60-capsules-maroc-prix\/#breadcrumb","itemListElement":[{"@type":"ListItem","position":1,"name":"Home","item":"https:\/\/vitablanca.ma\/"},{"@type":"ListItem","position":2,"name":"Tous Les Produits","item":"https:\/\/vitablanca.ma\/tous-les-produits\/"},{"@type":"ListItem","position":3,"name":"Solgar Ashwagandha Extrait de racine, 60\u00a0capsules v\u00e9g\u00e9tales"}]},{"@type":"WebSite","@id":"https:\/\/vitablanca.ma\/#website","url":"https:\/\/vitablanca.ma\/","name":"VitaBlanca.ma | \u0627\u0644\u0645\u0643\u0645\u0644\u0627\u062a \u0627\u0644\u063a\u0630\u0627\u0626\u064a\u0629\u060c \u0627\u0644\u0635\u062d\u0629 \u0648\u0627\u0644\u062c\u0645\u0627\u0644 \u0641\u064a \u0627\u0644\u0645\u063a\u0631\u0628","description":"\u0646\u0628\u064a\u0639 \u0641\u064a\u062a\u0627\u0645\u064a\u0646\u0627\u062a \u0648\u0645\u0643\u0645\u0644\u0627\u062a \u063a\u0630\u0627\u0626\u064a\u0629 \u0641\u0627\u062e\u0631\u0629 \u0645\u0646 \u0627\u0644\u0648\u0644\u0627\u064a\u0627\u062a \u0627\u0644\u0645\u062a\u062d\u062f\u0629 \u0627\u0644\u0623\u0645\u0631\u064a\u0643\u064a\u0629 \u0648\u0643\u0646\u062f\u0627 \u0648\u0646\u064a\u0648\u0632\u064a\u0644\u0646\u062f\u0627 \u0648\u0627\u0644\u0645\u063a\u0631\u0628 (\u0646\u0627\u0648 \u0641\u0648\u062f\u0632\u060c \u0633\u0648\u0644\u062c\u0627\u0631\u060c \u0645\u0627\u0646\u0648\u0643\u0627). \u062a\u0648\u0635\u064a\u0644 \u0633\u0631\u064a\u0639 \u0625\u0644\u0649 \u062c\u0645\u064a\u0639 \u0623\u0646\u062d\u0627\u0621 \u0627\u0644\u0645\u063a\u0631\u0628.","publisher":{"@id":"https:\/\/vitablanca.ma\/#organization"},"alternateName":"VitaBlanca.ma","potentialAction":[{"@type":"SearchAction","target":{"@type":"EntryPoint","urlTemplate":"https:\/\/vitablanca.ma\/?s={search_term_string}"},"query-input":{"@type":"PropertyValueSpecification","valueRequired":true,"valueName":"search_term_string"}}],"inLanguage":"ar"},{"@type":"Organization","@id":"https:\/\/vitablanca.ma\/#organization","name":"\u0641\u064a\u062a\u0627\u0628\u0644\u0627\u0646\u0643\u0627","url":"https:\/\/vitablanca.ma\/","logo":{"@type":"ImageObject","inLanguage":"ar","@id":"https:\/\/vitablanca.ma\/#\/schema\/logo\/image\/","url":"https:\/\/vitablanca.ma\/wp-content\/uploads\/2025\/05\/cropped-vitablanca.png","contentUrl":"https:\/\/vitablanca.ma\/wp-content\/uploads\/2025\/05\/cropped-vitablanca.png","width":360,"height":67,"caption":"VitaBlanca"},"image":{"@id":"https:\/\/vitablanca.ma\/#\/schema\/logo\/image\/"},"sameAs":["https:\/\/www.facebook.com\/profile.php?id=61576678196717","https:\/\/www.tiktok.com\/@vitablanca.ma","https:\/\/www.instagram.com\/vitablanca.ma\/"]}]}},"jetpack_sharing_enabled":true,"_links":{"self":[{"href":"https:\/\/vitablanca.ma\/ar\/wp-json\/wp\/v2\/product\/25800","targetHints":{"allow":["GET"]}}],"collection":[{"href":"https:\/\/vitablanca.ma\/ar\/wp-json\/wp\/v2\/product"}],"about":[{"href":"https:\/\/vitablanca.ma\/ar\/wp-json\/wp\/v2\/types\/product"}],"wp:featuredmedia":[{"embeddable":true,"href":"https:\/\/vitablanca.ma\/ar\/wp-json\/wp\/v2\/media\/25857"}],"wp:attachment":[{"href":"https:\/\/vitablanca.ma\/ar\/wp-json\/wp\/v2\/media?parent=25800"}],"wp:term":[{"taxonomy":"product_brand","embeddable":true,"href":"https:\/\/vitablanca.ma\/ar\/wp-json\/wp\/v2\/product_brand?post=25800"},{"taxonomy":"product_cat","embeddable":true,"href":"https:\/\/vitablanca.ma\/ar\/wp-json\/wp\/v2\/product_cat?post=25800"},{"taxonomy":"product_tag","embeddable":true,"href":"https:\/\/vitablanca.ma\/ar\/wp-json\/wp\/v2\/product_tag?post=25800"}],"curies":[{"name":"wp","href":"https:\/\/api.w.org\/{rel}","templated":true}]}}