{"id":25740,"date":"2025-09-18T01:52:38","date_gmt":"2025-09-18T01:52:38","guid":{"rendered":"https:\/\/vitablanca.ma\/?post_type=product&#038;p=25740"},"modified":"2025-09-22T18:10:08","modified_gmt":"2025-09-22T18:10:08","slug":"dr-mercola-iode-iodine-15-mg-soutenir-la-sante-des-os-et-du-cerveau-30-capsules","status":"publish","type":"product","link":"https:\/\/vitablanca.ma\/ar\/product-2\/dr-mercola-iode-iodine-15-mg-soutenir-la-sante-des-os-et-du-cerveau-30-capsules\/","title":{"rendered":"Dr Mercola Iode, Iodine, 1,5 mg, [soutenir la sant\u00e9 des os et du cerveau] 30 capsules"},"content":{"rendered":"<p>Soutenir la fonction thyro\u00efdienne et les niveaux d&rsquo;\u00e9nergie sains avec de l&rsquo;iode<\/p>\n<p>Dr Mercola cr\u00e9e un moyen pratique de r\u00e9pondre \u00e0 vos besoins quotidiens en iode min\u00e9ral essentiel avec ces capsules puissantes. L&rsquo;iode soutient le corps de diverses mani\u00e8res, principalement en aidant \u00e0 promouvoir et \u00e0 maintenir une fonction thyro\u00efdienne saine et la sant\u00e9 reproductive. L&rsquo;iode joue un r\u00f4le crucial dans le soutien de la glande thyro\u00efde en activant la production de l&rsquo;hormone thyroxine, n\u00e9cessaire \u00e0 la production d&rsquo;\u00e9nergie. Outre son r\u00f4le dans cette production d&rsquo;hormones, l&rsquo;iode favorise \u00e9galement une fonction thyro\u00efdienne saine pour influencer les glandes surr\u00e9nales, favorise une fonction reproductrice saine, la fonction nerveuse et musculaire, la d\u00e9sintoxication, l&rsquo;utilisation de l&rsquo;oxyg\u00e8ne cellulaire, la d\u00e9gradation nutritionnelle des graisses et des prot\u00e9ines et une peau et des cheveux sains. et les os. Ce min\u00e9ral essentiel soutient le m\u00e9tabolisme du corps et le processus de cr\u00e9ation d&rsquo;\u00e9nergie pour aider \u00e0 maintenir des niveaux d&rsquo;\u00e9nergie sains. Chaque capsule contient une puissante dose d&rsquo;iode pour r\u00e9pondre et d\u00e9passer vos besoins nutritionnels quotidiens. Une seule capsule par jour est tout ce dont vous avez besoin pour fournir un soutien complet du corps avec de l&rsquo;iode.<\/p>\n<p>Soutient la fonction thyro\u00efdienne pour des bienfaits pour tout le corps<\/p>\n<p>L&rsquo;iode est un min\u00e9ral essentiel que l&rsquo;on trouve dans les algues et les fruits de mer, mais de nombreuses personnes ne parviennent pas \u00e0 satisfaire leurs besoins nutritionnels quotidiens par le seul r\u00e9gime. Ce suppl\u00e9ment d&rsquo;iode Dr. Mercola fournit \u00e0 votre corps une bonne dose d&rsquo;iode pour r\u00e9pondre \u00e0 vos besoins nutritionnels et soutenir la fonction thyro\u00efdienne. L&rsquo;iode joue un r\u00f4le crucial dans la r\u00e9gulation de la sant\u00e9 thyro\u00efdienne en activant la production de l&rsquo;hormone thyroxine. Cette hormone aide \u00e0 maintenir des niveaux d&rsquo;\u00e9nergie sains, tandis que la glande thyro\u00efde elle-m\u00eame favorise une fonction surr\u00e9nalienne, un m\u00e9tabolisme et une temp\u00e9rature corporelle sains.<\/p>","protected":false},"excerpt":{"rendered":"<ul>\n<li>Soutenir la fonction thyro\u00efdienne et les niveaux d&rsquo;\u00e9nergie sains avec de l&rsquo;iode<\/li>\n<li>Soutient la fonction thyro\u00efdienne pour des bienfaits pour tout le corps<\/li>\n<li>Favorise l&rsquo;utilisation de l&rsquo;oxyg\u00e8ne cellulaire pour une peau, des cheveux et des os sains L&rsquo;<\/li>\n<li>Soutient les niveaux d&rsquo;\u00e9nergie sains avec la r\u00e9partition des nutriments<\/li>\n<li>L&rsquo;iode est un oligo-\u00e9l\u00e9ment essentiel vital pour la croissance et le d\u00e9veloppement normaux et peut potentiellement &#8230;<\/li>\n<li>Jouez un r\u00f4le cl\u00e9 dans le contr\u00f4le de la fonction de vos glandes thyro\u00efdiennes<\/li>\n<\/ul>","protected":false},"featured_media":25787,"template":"","meta":{"om_disable_all_campaigns":false},"product_brand":[414],"product_cat":[18,3366],"product_tag":[4158,4159,4160,4161,4162,4163],"class_list":{"0":"post-25740","1":"product","2":"type-product","3":"status-publish","4":"has-post-thumbnail","6":"product_brand-dr-mercola","7":"product_cat-beaute-sante","8":"product_cat-complements-alimentaires-au-maroc-vitablanca","9":"product_tag-5-mg","10":"product_tag-complement-iode-metabolisme-energetique","11":"product_tag-dr-mercola-iode-capsules","12":"product_tag-dr-mercola-iodine-1","13":"product_tag-iode-complement-alimentaire-thyroide","14":"product_tag-iodine-sante-des-os-et-du-cerveau","16":"first","17":"instock","18":"taxable","19":"shipping-taxable","20":"purchasable","21":"product-type-simple"},"yoast_head":"<!-- This site is optimized with the Yoast SEO plugin v27.4 - https:\/\/yoast.com\/product\/yoast-seo-wordpress\/ -->\n<title>Dr Mercola Iodine,Iode, 1,5 mg, 30 capsules - Maroc Prix<\/title>\n<meta name=\"description\" content=\"Soutenez la sant\u00e9 de vos os et de votre cerveau avec Dr. Mercola Iode 1.5 mg. 30 capsules pour un bien-\u00eatre optimal et une fonction cognitive am\u00e9lior\u00e9e.\" \/>\n<meta name=\"robots\" content=\"index, follow, max-snippet:-1, max-image-preview:large, max-video-preview:-1\" \/>\n<link rel=\"canonical\" href=\"https:\/\/vitablanca.ma\/ar\/product-2\/dr-mercola-iode-iodine-15-mg-soutenir-la-sante-des-os-et-du-cerveau-30-capsules\/\" \/>\n<meta property=\"og:locale\" content=\"ar_AR\" \/>\n<meta property=\"og:type\" content=\"article\" \/>\n<meta property=\"og:title\" content=\"Dr Mercola Iodine,Iode, 1,5 mg, 30 capsules - Maroc Prix\" \/>\n<meta property=\"og:description\" content=\"Soutenez la sant\u00e9 de vos os et de votre cerveau avec Dr. Mercola Iode 1.5 mg. 30 capsules pour un bien-\u00eatre optimal et une fonction cognitive am\u00e9lior\u00e9e.\" \/>\n<meta property=\"og:url\" content=\"https:\/\/vitablanca.ma\/ar\/product-2\/dr-mercola-iode-iodine-15-mg-soutenir-la-sante-des-os-et-du-cerveau-30-capsules\/\" \/>\n<meta property=\"og:site_name\" content=\"Vitablanca.ma &ndash; Sant&eacute;, vitalit&eacute; et bien-&ecirc;tre pour tous les Marocains\" \/>\n<meta property=\"article:publisher\" content=\"https:\/\/www.facebook.com\/profile.php?id=61576678196717\" \/>\n<meta property=\"article:modified_time\" content=\"2025-09-22T18:10:08+00:00\" \/>\n<meta property=\"og:image\" content=\"https:\/\/vitablanca.ma\/wp-content\/uploads\/2025\/09\/Dr-Mercola-Iode-Iodine-15-mg-soutenir-la-sante-des-os-et-du-cerveau-30-capsules.jpg\" \/>\n\t<meta property=\"og:image:width\" content=\"680\" \/>\n\t<meta property=\"og:image:height\" content=\"680\" \/>\n\t<meta property=\"og:image:type\" content=\"image\/jpeg\" \/>\n<meta name=\"twitter:card\" content=\"summary_large_image\" \/>\n<meta name=\"twitter:label1\" content=\"\u0648\u0642\u062a \u0627\u0644\u0642\u0631\u0627\u0621\u0629 \u0627\u0644\u0645\u064f\u0642\u062f\u0651\u0631\" \/>\n\t<meta name=\"twitter:data1\" content=\"\u062f\u0642\u064a\u0642\u062a\u0627\u0646\" \/>\n<script type=\"application\/ld+json\" class=\"yoast-schema-graph\">{\"@context\":\"https:\\\/\\\/schema.org\",\"@graph\":[{\"@type\":[\"WebPage\",\"ItemPage\"],\"@id\":\"https:\\\/\\\/vitablanca.ma\\\/produit\\\/dr-mercola-iode-iodine-15-mg-soutenir-la-sante-des-os-et-du-cerveau-30-capsules\\\/\",\"url\":\"https:\\\/\\\/vitablanca.ma\\\/produit\\\/dr-mercola-iode-iodine-15-mg-soutenir-la-sante-des-os-et-du-cerveau-30-capsules\\\/\",\"name\":\"Dr Mercola Iodine,Iode, 1,5 mg, 30 capsules - Maroc Prix\",\"isPartOf\":{\"@id\":\"https:\\\/\\\/vitablanca.ma\\\/#website\"},\"primaryImageOfPage\":{\"@id\":\"https:\\\/\\\/vitablanca.ma\\\/produit\\\/dr-mercola-iode-iodine-15-mg-soutenir-la-sante-des-os-et-du-cerveau-30-capsules\\\/#primaryimage\"},\"image\":{\"@id\":\"https:\\\/\\\/vitablanca.ma\\\/produit\\\/dr-mercola-iode-iodine-15-mg-soutenir-la-sante-des-os-et-du-cerveau-30-capsules\\\/#primaryimage\"},\"thumbnailUrl\":\"https:\\\/\\\/vitablanca.ma\\\/wp-content\\\/uploads\\\/2025\\\/09\\\/Dr-Mercola-Iode-Iodine-15-mg-soutenir-la-sante-des-os-et-du-cerveau-30-capsules.jpg\",\"datePublished\":\"2025-09-18T01:52:38+00:00\",\"dateModified\":\"2025-09-22T18:10:08+00:00\",\"description\":\"Soutenez la sant\u00e9 de vos os et de votre cerveau avec Dr. Mercola Iode 1.5 mg. 30 capsules pour un bien-\u00eatre optimal et une fonction cognitive am\u00e9lior\u00e9e.\",\"breadcrumb\":{\"@id\":\"https:\\\/\\\/vitablanca.ma\\\/produit\\\/dr-mercola-iode-iodine-15-mg-soutenir-la-sante-des-os-et-du-cerveau-30-capsules\\\/#breadcrumb\"},\"inLanguage\":\"ar\",\"potentialAction\":[{\"@type\":\"ReadAction\",\"target\":[\"https:\\\/\\\/vitablanca.ma\\\/produit\\\/dr-mercola-iode-iodine-15-mg-soutenir-la-sante-des-os-et-du-cerveau-30-capsules\\\/\"]}]},{\"@type\":\"ImageObject\",\"inLanguage\":\"ar\",\"@id\":\"https:\\\/\\\/vitablanca.ma\\\/produit\\\/dr-mercola-iode-iodine-15-mg-soutenir-la-sante-des-os-et-du-cerveau-30-capsules\\\/#primaryimage\",\"url\":\"https:\\\/\\\/vitablanca.ma\\\/wp-content\\\/uploads\\\/2025\\\/09\\\/Dr-Mercola-Iode-Iodine-15-mg-soutenir-la-sante-des-os-et-du-cerveau-30-capsules.jpg\",\"contentUrl\":\"https:\\\/\\\/vitablanca.ma\\\/wp-content\\\/uploads\\\/2025\\\/09\\\/Dr-Mercola-Iode-Iodine-15-mg-soutenir-la-sante-des-os-et-du-cerveau-30-capsules.jpg\",\"width\":680,\"height\":680},{\"@type\":\"BreadcrumbList\",\"@id\":\"https:\\\/\\\/vitablanca.ma\\\/produit\\\/dr-mercola-iode-iodine-15-mg-soutenir-la-sante-des-os-et-du-cerveau-30-capsules\\\/#breadcrumb\",\"itemListElement\":[{\"@type\":\"ListItem\",\"position\":1,\"name\":\"Home\",\"item\":\"https:\\\/\\\/vitablanca.ma\\\/\"},{\"@type\":\"ListItem\",\"position\":2,\"name\":\"Tous Les Produits\",\"item\":\"https:\\\/\\\/vitablanca.ma\\\/tous-les-produits\\\/\"},{\"@type\":\"ListItem\",\"position\":3,\"name\":\"Dr Mercola Iode, Iodine, 1,5 mg, [soutenir la sant\u00e9 des os et du cerveau] 30 capsules\"}]},{\"@type\":\"WebSite\",\"@id\":\"https:\\\/\\\/vitablanca.ma\\\/#website\",\"url\":\"https:\\\/\\\/vitablanca.ma\\\/\",\"name\":\"VitaBlanca.ma | Compl\u00e9ments alimentaires, sant\u00e9 & beaut\u00e9 au Maroc\",\"description\":\"vendre vitamines et compl\u00e9ments premium des USA &amp; Canada, Nouvelle Z\u00e9lande,Maroc (NOW Foods, Solgar, Manuka). Livraison rapide partout au Maroc.\",\"publisher\":{\"@id\":\"https:\\\/\\\/vitablanca.ma\\\/#organization\"},\"alternateName\":\"VitaBlanca.ma\",\"potentialAction\":[{\"@type\":\"SearchAction\",\"target\":{\"@type\":\"EntryPoint\",\"urlTemplate\":\"https:\\\/\\\/vitablanca.ma\\\/?s={search_term_string}\"},\"query-input\":{\"@type\":\"PropertyValueSpecification\",\"valueRequired\":true,\"valueName\":\"search_term_string\"}}],\"inLanguage\":\"ar\"},{\"@type\":\"Organization\",\"@id\":\"https:\\\/\\\/vitablanca.ma\\\/#organization\",\"name\":\"VitaBlanca\",\"url\":\"https:\\\/\\\/vitablanca.ma\\\/\",\"logo\":{\"@type\":\"ImageObject\",\"inLanguage\":\"ar\",\"@id\":\"https:\\\/\\\/vitablanca.ma\\\/#\\\/schema\\\/logo\\\/image\\\/\",\"url\":\"https:\\\/\\\/vitablanca.ma\\\/wp-content\\\/uploads\\\/2025\\\/05\\\/cropped-vitablanca.png\",\"contentUrl\":\"https:\\\/\\\/vitablanca.ma\\\/wp-content\\\/uploads\\\/2025\\\/05\\\/cropped-vitablanca.png\",\"width\":360,\"height\":67,\"caption\":\"VitaBlanca\"},\"image\":{\"@id\":\"https:\\\/\\\/vitablanca.ma\\\/#\\\/schema\\\/logo\\\/image\\\/\"},\"sameAs\":[\"https:\\\/\\\/www.facebook.com\\\/profile.php?id=61576678196717\",\"https:\\\/\\\/www.tiktok.com\\\/@vitablanca.ma\",\"https:\\\/\\\/www.instagram.com\\\/vitablanca.ma\\\/\"]}]}<\/script>\n<!-- \/ Yoast SEO plugin. -->","yoast_head_json":{"title":"Dr Mercola Iodine,Iode, 1,5 mg, 30 capsules - Maroc Prix","description":"Soutenez la sant\u00e9 de vos os et de votre cerveau avec Dr. Mercola Iode 1.5 mg. 30 capsules pour un bien-\u00eatre optimal et une fonction cognitive am\u00e9lior\u00e9e.","robots":{"index":"index","follow":"follow","max-snippet":"max-snippet:-1","max-image-preview":"max-image-preview:large","max-video-preview":"max-video-preview:-1"},"canonical":"https:\/\/vitablanca.ma\/ar\/product-2\/dr-mercola-iode-iodine-15-mg-soutenir-la-sante-des-os-et-du-cerveau-30-capsules\/","og_locale":"ar_AR","og_type":"article","og_title":"Dr Mercola Iodine,Iode, 1,5 mg, 30 capsules - Maroc Prix","og_description":"Soutenez la sant\u00e9 de vos os et de votre cerveau avec Dr. Mercola Iode 1.5 mg. 30 capsules pour un bien-\u00eatre optimal et une fonction cognitive am\u00e9lior\u00e9e.","og_url":"https:\/\/vitablanca.ma\/ar\/product-2\/dr-mercola-iode-iodine-15-mg-soutenir-la-sante-des-os-et-du-cerveau-30-capsules\/","og_site_name":"Vitablanca.ma &ndash; Sant&eacute;, vitalit&eacute; et bien-&ecirc;tre pour tous les Marocains","article_publisher":"https:\/\/www.facebook.com\/profile.php?id=61576678196717","article_modified_time":"2025-09-22T18:10:08+00:00","og_image":[{"width":680,"height":680,"url":"https:\/\/vitablanca.ma\/wp-content\/uploads\/2025\/09\/Dr-Mercola-Iode-Iodine-15-mg-soutenir-la-sante-des-os-et-du-cerveau-30-capsules.jpg","type":"image\/jpeg"}],"twitter_card":"summary_large_image","twitter_misc":{"\u0648\u0642\u062a \u0627\u0644\u0642\u0631\u0627\u0621\u0629 \u0627\u0644\u0645\u064f\u0642\u062f\u0651\u0631":"\u062f\u0642\u064a\u0642\u062a\u0627\u0646"},"schema":{"@context":"https:\/\/schema.org","@graph":[{"@type":["WebPage","ItemPage"],"@id":"https:\/\/vitablanca.ma\/produit\/dr-mercola-iode-iodine-15-mg-soutenir-la-sante-des-os-et-du-cerveau-30-capsules\/","url":"https:\/\/vitablanca.ma\/produit\/dr-mercola-iode-iodine-15-mg-soutenir-la-sante-des-os-et-du-cerveau-30-capsules\/","name":"Dr Mercola Iodine,Iode, 1,5 mg, 30 capsules - Maroc Prix","isPartOf":{"@id":"https:\/\/vitablanca.ma\/#website"},"primaryImageOfPage":{"@id":"https:\/\/vitablanca.ma\/produit\/dr-mercola-iode-iodine-15-mg-soutenir-la-sante-des-os-et-du-cerveau-30-capsules\/#primaryimage"},"image":{"@id":"https:\/\/vitablanca.ma\/produit\/dr-mercola-iode-iodine-15-mg-soutenir-la-sante-des-os-et-du-cerveau-30-capsules\/#primaryimage"},"thumbnailUrl":"https:\/\/vitablanca.ma\/wp-content\/uploads\/2025\/09\/Dr-Mercola-Iode-Iodine-15-mg-soutenir-la-sante-des-os-et-du-cerveau-30-capsules.jpg","datePublished":"2025-09-18T01:52:38+00:00","dateModified":"2025-09-22T18:10:08+00:00","description":"Soutenez la sant\u00e9 de vos os et de votre cerveau avec Dr. Mercola Iode 1.5 mg. 30 capsules pour un bien-\u00eatre optimal et une fonction cognitive am\u00e9lior\u00e9e.","breadcrumb":{"@id":"https:\/\/vitablanca.ma\/produit\/dr-mercola-iode-iodine-15-mg-soutenir-la-sante-des-os-et-du-cerveau-30-capsules\/#breadcrumb"},"inLanguage":"ar","potentialAction":[{"@type":"ReadAction","target":["https:\/\/vitablanca.ma\/produit\/dr-mercola-iode-iodine-15-mg-soutenir-la-sante-des-os-et-du-cerveau-30-capsules\/"]}]},{"@type":"ImageObject","inLanguage":"ar","@id":"https:\/\/vitablanca.ma\/produit\/dr-mercola-iode-iodine-15-mg-soutenir-la-sante-des-os-et-du-cerveau-30-capsules\/#primaryimage","url":"https:\/\/vitablanca.ma\/wp-content\/uploads\/2025\/09\/Dr-Mercola-Iode-Iodine-15-mg-soutenir-la-sante-des-os-et-du-cerveau-30-capsules.jpg","contentUrl":"https:\/\/vitablanca.ma\/wp-content\/uploads\/2025\/09\/Dr-Mercola-Iode-Iodine-15-mg-soutenir-la-sante-des-os-et-du-cerveau-30-capsules.jpg","width":680,"height":680},{"@type":"BreadcrumbList","@id":"https:\/\/vitablanca.ma\/produit\/dr-mercola-iode-iodine-15-mg-soutenir-la-sante-des-os-et-du-cerveau-30-capsules\/#breadcrumb","itemListElement":[{"@type":"ListItem","position":1,"name":"Home","item":"https:\/\/vitablanca.ma\/"},{"@type":"ListItem","position":2,"name":"Tous Les Produits","item":"https:\/\/vitablanca.ma\/tous-les-produits\/"},{"@type":"ListItem","position":3,"name":"Dr Mercola Iode, Iodine, 1,5 mg, [soutenir la sant\u00e9 des os et du cerveau] 30 capsules"}]},{"@type":"WebSite","@id":"https:\/\/vitablanca.ma\/#website","url":"https:\/\/vitablanca.ma\/","name":"VitaBlanca.ma | \u0627\u0644\u0645\u0643\u0645\u0644\u0627\u062a \u0627\u0644\u063a\u0630\u0627\u0626\u064a\u0629\u060c \u0627\u0644\u0635\u062d\u0629 \u0648\u0627\u0644\u062c\u0645\u0627\u0644 \u0641\u064a \u0627\u0644\u0645\u063a\u0631\u0628","description":"\u0646\u0628\u064a\u0639 \u0641\u064a\u062a\u0627\u0645\u064a\u0646\u0627\u062a \u0648\u0645\u0643\u0645\u0644\u0627\u062a \u063a\u0630\u0627\u0626\u064a\u0629 \u0641\u0627\u062e\u0631\u0629 \u0645\u0646 \u0627\u0644\u0648\u0644\u0627\u064a\u0627\u062a \u0627\u0644\u0645\u062a\u062d\u062f\u0629 \u0627\u0644\u0623\u0645\u0631\u064a\u0643\u064a\u0629 \u0648\u0643\u0646\u062f\u0627 \u0648\u0646\u064a\u0648\u0632\u064a\u0644\u0646\u062f\u0627 \u0648\u0627\u0644\u0645\u063a\u0631\u0628 (\u0646\u0627\u0648 \u0641\u0648\u062f\u0632\u060c \u0633\u0648\u0644\u062c\u0627\u0631\u060c \u0645\u0627\u0646\u0648\u0643\u0627). \u062a\u0648\u0635\u064a\u0644 \u0633\u0631\u064a\u0639 \u0625\u0644\u0649 \u062c\u0645\u064a\u0639 \u0623\u0646\u062d\u0627\u0621 \u0627\u0644\u0645\u063a\u0631\u0628.","publisher":{"@id":"https:\/\/vitablanca.ma\/#organization"},"alternateName":"VitaBlanca.ma","potentialAction":[{"@type":"SearchAction","target":{"@type":"EntryPoint","urlTemplate":"https:\/\/vitablanca.ma\/?s={search_term_string}"},"query-input":{"@type":"PropertyValueSpecification","valueRequired":true,"valueName":"search_term_string"}}],"inLanguage":"ar"},{"@type":"Organization","@id":"https:\/\/vitablanca.ma\/#organization","name":"\u0641\u064a\u062a\u0627\u0628\u0644\u0627\u0646\u0643\u0627","url":"https:\/\/vitablanca.ma\/","logo":{"@type":"ImageObject","inLanguage":"ar","@id":"https:\/\/vitablanca.ma\/#\/schema\/logo\/image\/","url":"https:\/\/vitablanca.ma\/wp-content\/uploads\/2025\/05\/cropped-vitablanca.png","contentUrl":"https:\/\/vitablanca.ma\/wp-content\/uploads\/2025\/05\/cropped-vitablanca.png","width":360,"height":67,"caption":"VitaBlanca"},"image":{"@id":"https:\/\/vitablanca.ma\/#\/schema\/logo\/image\/"},"sameAs":["https:\/\/www.facebook.com\/profile.php?id=61576678196717","https:\/\/www.tiktok.com\/@vitablanca.ma","https:\/\/www.instagram.com\/vitablanca.ma\/"]}]}},"jetpack_sharing_enabled":true,"_links":{"self":[{"href":"https:\/\/vitablanca.ma\/ar\/wp-json\/wp\/v2\/product\/25740","targetHints":{"allow":["GET"]}}],"collection":[{"href":"https:\/\/vitablanca.ma\/ar\/wp-json\/wp\/v2\/product"}],"about":[{"href":"https:\/\/vitablanca.ma\/ar\/wp-json\/wp\/v2\/types\/product"}],"wp:featuredmedia":[{"embeddable":true,"href":"https:\/\/vitablanca.ma\/ar\/wp-json\/wp\/v2\/media\/25787"}],"wp:attachment":[{"href":"https:\/\/vitablanca.ma\/ar\/wp-json\/wp\/v2\/media?parent=25740"}],"wp:term":[{"taxonomy":"product_brand","embeddable":true,"href":"https:\/\/vitablanca.ma\/ar\/wp-json\/wp\/v2\/product_brand?post=25740"},{"taxonomy":"product_cat","embeddable":true,"href":"https:\/\/vitablanca.ma\/ar\/wp-json\/wp\/v2\/product_cat?post=25740"},{"taxonomy":"product_tag","embeddable":true,"href":"https:\/\/vitablanca.ma\/ar\/wp-json\/wp\/v2\/product_tag?post=25740"}],"curies":[{"name":"wp","href":"https:\/\/api.w.org\/{rel}","templated":true}]}}