{"id":25688,"date":"2025-09-18T01:52:12","date_gmt":"2025-09-18T01:52:12","guid":{"rendered":"https:\/\/vitablanca.ma\/?post_type=product&#038;p=25688"},"modified":"2025-09-22T18:10:10","modified_gmt":"2025-09-22T18:10:10","slug":"nutricost-berberine-sous-forme-de-chlorhydrate-de-berberine-600-mg-60-capsules","status":"publish","type":"product","link":"https:\/\/vitablanca.ma\/ar\/product-2\/nutricost-berberine-sous-forme-de-chlorhydrate-de-berberine-600-mg-60-capsules\/","title":{"rendered":"Nutricost Berb\u00e9rine sous forme de chlorhydrate de berb\u00e9rine, 600 mg, 60 capsules"},"content":{"rendered":"<p>La berb\u00e9rine est un alcalo\u00efde bioactif r\u00e9put\u00e9 pour sa capacit\u00e9 \u00e0 abaisser la glyc\u00e9mie. Apr\u00e8s la consommation, la berb\u00e9rine est transport\u00e9e dans la circulation sanguine vers les cellules o\u00f9 elle se lie \u00e0 plusieurs \u00ab\u00a0cibles mol\u00e9culaires\u00a0\u00bb et modifie leur fonction. En particulier, la berb\u00e9rine est capable de r\u00e9duire la r\u00e9sistance \u00e0 l\u2019insulinee, de stimuler la glycolyse et de r\u00e9duire la production de sucre dans le foie.<\/p>\n<h3>\u0627\u0644\u0627\u0633\u062a\u062e\u062f\u0627\u0645 \u0627\u0644\u0645\u0642\u062a\u0631\u062d<\/h3>\n<p>En compl\u00e9ment alimentaire, prenez 2\u00a0capsules par jour avec 8 \u00e0 12\u00a0ml d\u2019eau ou suivez les instructions de votre professionnel de la sant\u00e9.<\/p>","protected":false},"excerpt":{"rendered":"<ul>\n<li>\u0645\u0643\u0645\u0644 \u063a\u0630\u0627\u0626\u064a<\/li>\n<li>Qualit\u00e9 Nutricost\u00ae garantie<\/li>\n<li>\u0645\u0646\u062a\u062c \u0646\u0628\u0627\u062a\u064a<\/li>\n<li>\u00c9tablissement conforme aux BPF<\/li>\n<li>Produit sans OGM<\/li>\n<li>Test\u00e9es par un organisme ind\u00e9pendant<\/li>\n<li>\u062e\u0627\u0644\u064a \u0645\u0646 \u0627\u0644\u063a\u0644\u0648\u062a\u064a\u0646<\/li>\n<\/ul>","protected":false},"featured_media":25737,"template":"","meta":{"om_disable_all_campaigns":false},"product_brand":[3310],"product_cat":[18,3366],"product_tag":[4083,4084,4085,4086,4087,4088,4089],"class_list":{"0":"post-25688","1":"product","2":"type-product","3":"status-publish","4":"has-post-thumbnail","6":"product_brand-nutricost-maroc-prix","7":"product_cat-beaute-sante","8":"product_cat-complements-alimentaires-au-maroc-vitablanca","9":"product_tag-60-capsules","10":"product_tag-berberine-hcl-600-mg","11":"product_tag-berberine-perte-de-poids","12":"product_tag-berberine-sante-cardiovasculaire","13":"product_tag-complement-glycemie","14":"product_tag-nutricost-berberine","15":"product_tag-soutien-metabolisme","17":"first","18":"instock","19":"taxable","20":"shipping-taxable","21":"purchasable","22":"product-type-simple"},"yoast_head":"<!-- This site is optimized with the Yoast SEO plugin v27.5 - https:\/\/yoast.com\/product\/yoast-seo-wordpress\/ -->\n<title>Nutricost Berb\u00e9rine 600 mg, 60 capsules - Maroc Prix<\/title>\n<meta name=\"description\" content=\"Soutenez votre m\u00e9tabolisme et la gestion du sucre sanguin avec Nutricost Berb\u00e9rine, 600 mg par capsule. 60 capsules pour une sant\u00e9 optimale et un bien-\u00eatre .\" \/>\n<meta name=\"robots\" content=\"index, follow, max-snippet:-1, max-image-preview:large, max-video-preview:-1\" \/>\n<link rel=\"canonical\" href=\"https:\/\/vitablanca.ma\/ar\/product-2\/nutricost-berberine-sous-forme-de-chlorhydrate-de-berberine-600-mg-60-capsules\/\" \/>\n<meta property=\"og:locale\" content=\"ar_AR\" \/>\n<meta property=\"og:type\" content=\"article\" \/>\n<meta property=\"og:title\" content=\"Nutricost Berb\u00e9rine 600 mg, 60 capsules - Maroc Prix\" \/>\n<meta property=\"og:description\" content=\"Soutenez votre m\u00e9tabolisme et la gestion du sucre sanguin avec Nutricost Berb\u00e9rine, 600 mg par capsule. 60 capsules pour une sant\u00e9 optimale et un bien-\u00eatre .\" \/>\n<meta property=\"og:url\" content=\"https:\/\/vitablanca.ma\/ar\/product-2\/nutricost-berberine-sous-forme-de-chlorhydrate-de-berberine-600-mg-60-capsules\/\" \/>\n<meta property=\"og:site_name\" content=\"Vitablanca.ma &ndash; Sant&eacute;, vitalit&eacute; et bien-&ecirc;tre pour tous les Marocains\" \/>\n<meta property=\"article:publisher\" content=\"https:\/\/www.facebook.com\/profile.php?id=61576678196717\" \/>\n<meta property=\"article:modified_time\" content=\"2025-09-22T18:10:10+00:00\" \/>\n<meta property=\"og:image\" content=\"https:\/\/vitablanca.ma\/wp-content\/uploads\/2025\/09\/Berberine-sous-forme-de-chlorhydrate-de-berberine-600-mg-60-capsules.jpg\" \/>\n\t<meta property=\"og:image:width\" content=\"680\" \/>\n\t<meta property=\"og:image:height\" content=\"680\" \/>\n\t<meta property=\"og:image:type\" content=\"image\/jpeg\" \/>\n<meta name=\"twitter:card\" content=\"summary_large_image\" \/>\n<meta name=\"twitter:label1\" content=\"\u0648\u0642\u062a \u0627\u0644\u0642\u0631\u0627\u0621\u0629 \u0627\u0644\u0645\u064f\u0642\u062f\u0651\u0631\" \/>\n\t<meta name=\"twitter:data1\" content=\"\u062f\u0642\u064a\u0642\u0629 \u0648\u0627\u062d\u062f\u0629\" \/>\n<script type=\"application\/ld+json\" class=\"yoast-schema-graph\">{\"@context\":\"https:\\\/\\\/schema.org\",\"@graph\":[{\"@type\":[\"WebPage\",\"ItemPage\"],\"@id\":\"https:\\\/\\\/vitablanca.ma\\\/produit\\\/nutricost-berberine-sous-forme-de-chlorhydrate-de-berberine-600-mg-60-capsules\\\/\",\"url\":\"https:\\\/\\\/vitablanca.ma\\\/produit\\\/nutricost-berberine-sous-forme-de-chlorhydrate-de-berberine-600-mg-60-capsules\\\/\",\"name\":\"Nutricost Berb\u00e9rine 600 mg, 60 capsules - Maroc Prix\",\"isPartOf\":{\"@id\":\"https:\\\/\\\/vitablanca.ma\\\/#website\"},\"primaryImageOfPage\":{\"@id\":\"https:\\\/\\\/vitablanca.ma\\\/produit\\\/nutricost-berberine-sous-forme-de-chlorhydrate-de-berberine-600-mg-60-capsules\\\/#primaryimage\"},\"image\":{\"@id\":\"https:\\\/\\\/vitablanca.ma\\\/produit\\\/nutricost-berberine-sous-forme-de-chlorhydrate-de-berberine-600-mg-60-capsules\\\/#primaryimage\"},\"thumbnailUrl\":\"https:\\\/\\\/vitablanca.ma\\\/wp-content\\\/uploads\\\/2025\\\/09\\\/Berberine-sous-forme-de-chlorhydrate-de-berberine-600-mg-60-capsules.jpg\",\"datePublished\":\"2025-09-18T01:52:12+00:00\",\"dateModified\":\"2025-09-22T18:10:10+00:00\",\"description\":\"Soutenez votre m\u00e9tabolisme et la gestion du sucre sanguin avec Nutricost Berb\u00e9rine, 600 mg par capsule. 60 capsules pour une sant\u00e9 optimale et un bien-\u00eatre .\",\"breadcrumb\":{\"@id\":\"https:\\\/\\\/vitablanca.ma\\\/produit\\\/nutricost-berberine-sous-forme-de-chlorhydrate-de-berberine-600-mg-60-capsules\\\/#breadcrumb\"},\"inLanguage\":\"ar\",\"potentialAction\":[{\"@type\":\"ReadAction\",\"target\":[\"https:\\\/\\\/vitablanca.ma\\\/produit\\\/nutricost-berberine-sous-forme-de-chlorhydrate-de-berberine-600-mg-60-capsules\\\/\"]}]},{\"@type\":\"ImageObject\",\"inLanguage\":\"ar\",\"@id\":\"https:\\\/\\\/vitablanca.ma\\\/produit\\\/nutricost-berberine-sous-forme-de-chlorhydrate-de-berberine-600-mg-60-capsules\\\/#primaryimage\",\"url\":\"https:\\\/\\\/vitablanca.ma\\\/wp-content\\\/uploads\\\/2025\\\/09\\\/Berberine-sous-forme-de-chlorhydrate-de-berberine-600-mg-60-capsules.jpg\",\"contentUrl\":\"https:\\\/\\\/vitablanca.ma\\\/wp-content\\\/uploads\\\/2025\\\/09\\\/Berberine-sous-forme-de-chlorhydrate-de-berberine-600-mg-60-capsules.jpg\",\"width\":680,\"height\":680},{\"@type\":\"BreadcrumbList\",\"@id\":\"https:\\\/\\\/vitablanca.ma\\\/produit\\\/nutricost-berberine-sous-forme-de-chlorhydrate-de-berberine-600-mg-60-capsules\\\/#breadcrumb\",\"itemListElement\":[{\"@type\":\"ListItem\",\"position\":1,\"name\":\"Home\",\"item\":\"https:\\\/\\\/vitablanca.ma\\\/\"},{\"@type\":\"ListItem\",\"position\":2,\"name\":\"Tous Les Produits\",\"item\":\"https:\\\/\\\/vitablanca.ma\\\/tous-les-produits\\\/\"},{\"@type\":\"ListItem\",\"position\":3,\"name\":\"Nutricost Berb\u00e9rine sous forme de chlorhydrate de berb\u00e9rine, 600 mg, 60 capsules\"}]},{\"@type\":\"WebSite\",\"@id\":\"https:\\\/\\\/vitablanca.ma\\\/#website\",\"url\":\"https:\\\/\\\/vitablanca.ma\\\/\",\"name\":\"VitaBlanca.ma | Compl\u00e9ments alimentaires, sant\u00e9 & beaut\u00e9 au Maroc\",\"description\":\"vendre vitamines et compl\u00e9ments premium des USA &amp; Canada, Nouvelle Z\u00e9lande,Maroc (NOW Foods, Solgar, Manuka). Livraison rapide partout au Maroc.\",\"publisher\":{\"@id\":\"https:\\\/\\\/vitablanca.ma\\\/#organization\"},\"alternateName\":\"VitaBlanca.ma\",\"potentialAction\":[{\"@type\":\"SearchAction\",\"target\":{\"@type\":\"EntryPoint\",\"urlTemplate\":\"https:\\\/\\\/vitablanca.ma\\\/?s={search_term_string}\"},\"query-input\":{\"@type\":\"PropertyValueSpecification\",\"valueRequired\":true,\"valueName\":\"search_term_string\"}}],\"inLanguage\":\"ar\"},{\"@type\":\"Organization\",\"@id\":\"https:\\\/\\\/vitablanca.ma\\\/#organization\",\"name\":\"VitaBlanca\",\"url\":\"https:\\\/\\\/vitablanca.ma\\\/\",\"logo\":{\"@type\":\"ImageObject\",\"inLanguage\":\"ar\",\"@id\":\"https:\\\/\\\/vitablanca.ma\\\/#\\\/schema\\\/logo\\\/image\\\/\",\"url\":\"https:\\\/\\\/vitablanca.ma\\\/wp-content\\\/uploads\\\/2025\\\/05\\\/cropped-vitablanca.png\",\"contentUrl\":\"https:\\\/\\\/vitablanca.ma\\\/wp-content\\\/uploads\\\/2025\\\/05\\\/cropped-vitablanca.png\",\"width\":360,\"height\":67,\"caption\":\"VitaBlanca\"},\"image\":{\"@id\":\"https:\\\/\\\/vitablanca.ma\\\/#\\\/schema\\\/logo\\\/image\\\/\"},\"sameAs\":[\"https:\\\/\\\/www.facebook.com\\\/profile.php?id=61576678196717\",\"https:\\\/\\\/www.tiktok.com\\\/@vitablanca.ma\",\"https:\\\/\\\/www.instagram.com\\\/vitablanca.ma\\\/\"]}]}<\/script>\n<!-- \/ Yoast SEO plugin. -->","yoast_head_json":{"title":"Nutricost Berb\u00e9rine 600 mg, 60 capsules - Maroc Prix","description":"Soutenez votre m\u00e9tabolisme et la gestion du sucre sanguin avec Nutricost Berb\u00e9rine, 600 mg par capsule. 60 capsules pour une sant\u00e9 optimale et un bien-\u00eatre .","robots":{"index":"index","follow":"follow","max-snippet":"max-snippet:-1","max-image-preview":"max-image-preview:large","max-video-preview":"max-video-preview:-1"},"canonical":"https:\/\/vitablanca.ma\/ar\/product-2\/nutricost-berberine-sous-forme-de-chlorhydrate-de-berberine-600-mg-60-capsules\/","og_locale":"ar_AR","og_type":"article","og_title":"Nutricost Berb\u00e9rine 600 mg, 60 capsules - Maroc Prix","og_description":"Soutenez votre m\u00e9tabolisme et la gestion du sucre sanguin avec Nutricost Berb\u00e9rine, 600 mg par capsule. 60 capsules pour une sant\u00e9 optimale et un bien-\u00eatre .","og_url":"https:\/\/vitablanca.ma\/ar\/product-2\/nutricost-berberine-sous-forme-de-chlorhydrate-de-berberine-600-mg-60-capsules\/","og_site_name":"Vitablanca.ma &ndash; Sant&eacute;, vitalit&eacute; et bien-&ecirc;tre pour tous les Marocains","article_publisher":"https:\/\/www.facebook.com\/profile.php?id=61576678196717","article_modified_time":"2025-09-22T18:10:10+00:00","og_image":[{"width":680,"height":680,"url":"https:\/\/vitablanca.ma\/wp-content\/uploads\/2025\/09\/Berberine-sous-forme-de-chlorhydrate-de-berberine-600-mg-60-capsules.jpg","type":"image\/jpeg"}],"twitter_card":"summary_large_image","twitter_misc":{"\u0648\u0642\u062a \u0627\u0644\u0642\u0631\u0627\u0621\u0629 \u0627\u0644\u0645\u064f\u0642\u062f\u0651\u0631":"\u062f\u0642\u064a\u0642\u0629 \u0648\u0627\u062d\u062f\u0629"},"schema":{"@context":"https:\/\/schema.org","@graph":[{"@type":["WebPage","ItemPage"],"@id":"https:\/\/vitablanca.ma\/produit\/nutricost-berberine-sous-forme-de-chlorhydrate-de-berberine-600-mg-60-capsules\/","url":"https:\/\/vitablanca.ma\/produit\/nutricost-berberine-sous-forme-de-chlorhydrate-de-berberine-600-mg-60-capsules\/","name":"Nutricost Berb\u00e9rine 600 mg, 60 capsules - Maroc Prix","isPartOf":{"@id":"https:\/\/vitablanca.ma\/#website"},"primaryImageOfPage":{"@id":"https:\/\/vitablanca.ma\/produit\/nutricost-berberine-sous-forme-de-chlorhydrate-de-berberine-600-mg-60-capsules\/#primaryimage"},"image":{"@id":"https:\/\/vitablanca.ma\/produit\/nutricost-berberine-sous-forme-de-chlorhydrate-de-berberine-600-mg-60-capsules\/#primaryimage"},"thumbnailUrl":"https:\/\/vitablanca.ma\/wp-content\/uploads\/2025\/09\/Berberine-sous-forme-de-chlorhydrate-de-berberine-600-mg-60-capsules.jpg","datePublished":"2025-09-18T01:52:12+00:00","dateModified":"2025-09-22T18:10:10+00:00","description":"Soutenez votre m\u00e9tabolisme et la gestion du sucre sanguin avec Nutricost Berb\u00e9rine, 600 mg par capsule. 60 capsules pour une sant\u00e9 optimale et un bien-\u00eatre .","breadcrumb":{"@id":"https:\/\/vitablanca.ma\/produit\/nutricost-berberine-sous-forme-de-chlorhydrate-de-berberine-600-mg-60-capsules\/#breadcrumb"},"inLanguage":"ar","potentialAction":[{"@type":"ReadAction","target":["https:\/\/vitablanca.ma\/produit\/nutricost-berberine-sous-forme-de-chlorhydrate-de-berberine-600-mg-60-capsules\/"]}]},{"@type":"ImageObject","inLanguage":"ar","@id":"https:\/\/vitablanca.ma\/produit\/nutricost-berberine-sous-forme-de-chlorhydrate-de-berberine-600-mg-60-capsules\/#primaryimage","url":"https:\/\/vitablanca.ma\/wp-content\/uploads\/2025\/09\/Berberine-sous-forme-de-chlorhydrate-de-berberine-600-mg-60-capsules.jpg","contentUrl":"https:\/\/vitablanca.ma\/wp-content\/uploads\/2025\/09\/Berberine-sous-forme-de-chlorhydrate-de-berberine-600-mg-60-capsules.jpg","width":680,"height":680},{"@type":"BreadcrumbList","@id":"https:\/\/vitablanca.ma\/produit\/nutricost-berberine-sous-forme-de-chlorhydrate-de-berberine-600-mg-60-capsules\/#breadcrumb","itemListElement":[{"@type":"ListItem","position":1,"name":"Home","item":"https:\/\/vitablanca.ma\/"},{"@type":"ListItem","position":2,"name":"Tous Les Produits","item":"https:\/\/vitablanca.ma\/tous-les-produits\/"},{"@type":"ListItem","position":3,"name":"Nutricost Berb\u00e9rine sous forme de chlorhydrate de berb\u00e9rine, 600 mg, 60 capsules"}]},{"@type":"WebSite","@id":"https:\/\/vitablanca.ma\/#website","url":"https:\/\/vitablanca.ma\/","name":"VitaBlanca.ma | \u0627\u0644\u0645\u0643\u0645\u0644\u0627\u062a \u0627\u0644\u063a\u0630\u0627\u0626\u064a\u0629\u060c \u0627\u0644\u0635\u062d\u0629 \u0648\u0627\u0644\u062c\u0645\u0627\u0644 \u0641\u064a \u0627\u0644\u0645\u063a\u0631\u0628","description":"\u0646\u0628\u064a\u0639 \u0641\u064a\u062a\u0627\u0645\u064a\u0646\u0627\u062a \u0648\u0645\u0643\u0645\u0644\u0627\u062a \u063a\u0630\u0627\u0626\u064a\u0629 \u0641\u0627\u062e\u0631\u0629 \u0645\u0646 \u0627\u0644\u0648\u0644\u0627\u064a\u0627\u062a \u0627\u0644\u0645\u062a\u062d\u062f\u0629 \u0627\u0644\u0623\u0645\u0631\u064a\u0643\u064a\u0629 \u0648\u0643\u0646\u062f\u0627 \u0648\u0646\u064a\u0648\u0632\u064a\u0644\u0646\u062f\u0627 \u0648\u0627\u0644\u0645\u063a\u0631\u0628 (\u0646\u0627\u0648 \u0641\u0648\u062f\u0632\u060c \u0633\u0648\u0644\u062c\u0627\u0631\u060c \u0645\u0627\u0646\u0648\u0643\u0627). \u062a\u0648\u0635\u064a\u0644 \u0633\u0631\u064a\u0639 \u0625\u0644\u0649 \u062c\u0645\u064a\u0639 \u0623\u0646\u062d\u0627\u0621 \u0627\u0644\u0645\u063a\u0631\u0628.","publisher":{"@id":"https:\/\/vitablanca.ma\/#organization"},"alternateName":"VitaBlanca.ma","potentialAction":[{"@type":"SearchAction","target":{"@type":"EntryPoint","urlTemplate":"https:\/\/vitablanca.ma\/?s={search_term_string}"},"query-input":{"@type":"PropertyValueSpecification","valueRequired":true,"valueName":"search_term_string"}}],"inLanguage":"ar"},{"@type":"Organization","@id":"https:\/\/vitablanca.ma\/#organization","name":"\u0641\u064a\u062a\u0627\u0628\u0644\u0627\u0646\u0643\u0627","url":"https:\/\/vitablanca.ma\/","logo":{"@type":"ImageObject","inLanguage":"ar","@id":"https:\/\/vitablanca.ma\/#\/schema\/logo\/image\/","url":"https:\/\/vitablanca.ma\/wp-content\/uploads\/2025\/05\/cropped-vitablanca.png","contentUrl":"https:\/\/vitablanca.ma\/wp-content\/uploads\/2025\/05\/cropped-vitablanca.png","width":360,"height":67,"caption":"VitaBlanca"},"image":{"@id":"https:\/\/vitablanca.ma\/#\/schema\/logo\/image\/"},"sameAs":["https:\/\/www.facebook.com\/profile.php?id=61576678196717","https:\/\/www.tiktok.com\/@vitablanca.ma","https:\/\/www.instagram.com\/vitablanca.ma\/"]}]}},"jetpack_sharing_enabled":true,"_links":{"self":[{"href":"https:\/\/vitablanca.ma\/ar\/wp-json\/wp\/v2\/product\/25688","targetHints":{"allow":["GET"]}}],"collection":[{"href":"https:\/\/vitablanca.ma\/ar\/wp-json\/wp\/v2\/product"}],"about":[{"href":"https:\/\/vitablanca.ma\/ar\/wp-json\/wp\/v2\/types\/product"}],"wp:featuredmedia":[{"embeddable":true,"href":"https:\/\/vitablanca.ma\/ar\/wp-json\/wp\/v2\/media\/25737"}],"wp:attachment":[{"href":"https:\/\/vitablanca.ma\/ar\/wp-json\/wp\/v2\/media?parent=25688"}],"wp:term":[{"taxonomy":"product_brand","embeddable":true,"href":"https:\/\/vitablanca.ma\/ar\/wp-json\/wp\/v2\/product_brand?post=25688"},{"taxonomy":"product_cat","embeddable":true,"href":"https:\/\/vitablanca.ma\/ar\/wp-json\/wp\/v2\/product_cat?post=25688"},{"taxonomy":"product_tag","embeddable":true,"href":"https:\/\/vitablanca.ma\/ar\/wp-json\/wp\/v2\/product_tag?post=25688"}],"curies":[{"name":"wp","href":"https:\/\/api.w.org\/{rel}","templated":true}]}}