{"id":25623,"date":"2025-09-18T01:51:45","date_gmt":"2025-09-18T01:51:45","guid":{"rendered":"https:\/\/vitablanca.ma\/?post_type=product&#038;p=25623"},"modified":"2026-02-06T17:30:17","modified_gmt":"2026-02-06T17:30:17","slug":"now-foods-ginkgo-biloba-double-concentration-120-mg-100-capsules","status":"publish","type":"product","link":"https:\/\/vitablanca.ma\/ar\/product-2\/now-foods-ginkgo-biloba-double-concentration-120-mg-100-capsules\/","title":{"rendered":"Now Foods Ginkgo biloba double concentration, 120 mg, 100 capsules"},"content":{"rendered":"<p data-start=\"132\" data-end=\"483\"><strong data-start=\"132\" data-end=\"180\">Now Foods Ginkgo Biloba Double Concentration<\/strong> est un suppl\u00e9ment puissant \u00e0 base de <strong data-start=\"218\" data-end=\"235\">ginkgo biloba<\/strong>, con\u00e7u pour soutenir la sant\u00e9 c\u00e9r\u00e9brale et am\u00e9liorer la m\u00e9moire. Chaque capsule contient <strong data-start=\"325\" data-end=\"362\">120 mg d\u2019extrait de ginkgo biloba<\/strong> \u00e0 double concentration, garantissant des effets maximaux sur la circulation sanguine c\u00e9r\u00e9brale et la fonction cognitive.<\/p>\r\n<ul data-start=\"485\" data-end=\"1447\">\r\n<li data-start=\"485\" data-end=\"683\">\r\n<p data-start=\"487\" data-end=\"683\"><strong data-start=\"487\" data-end=\"518\">Soutien C\u00e9r\u00e9bral et M\u00e9moire<\/strong> : Le ginkgo biloba est connu pour ses effets b\u00e9n\u00e9fiques sur la m\u00e9moire, la concentration et la clart\u00e9 mentale en am\u00e9liorant la circulation sanguine vers le cerveau.<\/p>\r\n<\/li>\r\n<li data-start=\"684\" data-end=\"897\">\r\n<p data-start=\"686\" data-end=\"897\"><strong data-start=\"686\" data-end=\"730\">Am\u00e9lioration de la Circulation C\u00e9r\u00e9brale<\/strong> : Cet extrait de ginkgo biloba favorise une meilleure circulation sanguine, ce qui aide \u00e0 apporter plus d\u2019oxyg\u00e8ne et de nutriments essentiels aux cellules c\u00e9r\u00e9brales.<\/p>\r\n<\/li>\r\n<li data-start=\"898\" data-end=\"1071\">\r\n<p data-start=\"900\" data-end=\"1071\"><strong data-start=\"900\" data-end=\"928\">Propri\u00e9t\u00e9s Antioxydantes<\/strong> : Le ginkgo biloba est \u00e9galement un antioxydant puissant, prot\u00e9geant les cellules c\u00e9r\u00e9brales contre les radicaux libres et le stress oxydatif.<\/p>\r\n<\/li>\r\n<li data-start=\"1072\" data-end=\"1242\">\r\n<p data-start=\"1074\" data-end=\"1242\"><strong data-start=\"1074\" data-end=\"1108\">Formule \u00e0 Double Concentration<\/strong> : Cette formule concentr\u00e9e garantit une absorption optimale et des effets plus rapides pour un soutien maximal de la sant\u00e9 cognitive.<\/p>\r\n<\/li>\r\n<li data-start=\"1243\" data-end=\"1447\">\r\n<p data-start=\"1245\" data-end=\"1447\"><strong data-start=\"1245\" data-end=\"1264\">Naturel et Pure<\/strong> : Sans additifs inutiles, ce suppl\u00e9ment est fabriqu\u00e9 \u00e0 partir d\u2019ingr\u00e9dients naturels, adapt\u00e9s \u00e0 ceux qui recherchent une option sans compromis pour am\u00e9liorer leur bien-\u00eatre c\u00e9r\u00e9bral.<\/p>\r\n<\/li>\r\n<\/ul>\r\n<p data-start=\"1449\" data-end=\"1598\"><strong data-start=\"1449\" data-end=\"1464\">\u064a\u0633\u062a\u062e\u062f\u0645<\/strong> : Prenez 1 capsule 1 \u00e0 2 fois par jour, de pr\u00e9f\u00e9rence pendant les repas, ou selon les recommandations d\u2019un professionnel de la sant\u00e9.<\/p>\r\n<h3 data-start=\"1600\" data-end=\"1618\"><strong data-start=\"1604\" data-end=\"1617\">\u0641\u0648\u0627\u0626\u062f<\/strong>:<\/h3>\r\n<ul data-start=\"1619\" data-end=\"1877\">\r\n<li data-start=\"1619\" data-end=\"1679\">\r\n<p data-start=\"1621\" data-end=\"1679\"><strong data-start=\"1621\" data-end=\"1644\">Am\u00e9liore la m\u00e9moire<\/strong> et soutient la fonction cognitive.<\/p>\r\n<\/li>\r\n<li data-start=\"1680\" data-end=\"1742\">\r\n<p data-start=\"1682\" data-end=\"1742\"><strong data-start=\"1682\" data-end=\"1725\">Favorise une circulation sanguine saine<\/strong> vers le cerveau.<\/p>\r\n<\/li>\r\n<li data-start=\"1743\" data-end=\"1812\">\r\n<p data-start=\"1745\" data-end=\"1812\"><strong data-start=\"1745\" data-end=\"1773\">Propri\u00e9t\u00e9s antioxydantes<\/strong> pour prot\u00e9ger les cellules c\u00e9r\u00e9brales.<\/p>\r\n<\/li>\r\n<li data-start=\"1813\" data-end=\"1877\">\r\n<p data-start=\"1815\" data-end=\"1877\"><strong data-start=\"1815\" data-end=\"1849\">Formule \u00e0 double concentration<\/strong> pour une efficacit\u00e9 accrue.<\/p>\r\n<\/li>\r\n<\/ul>\r\n<p data-start=\"1879\" data-end=\"2091\" data-is-last-node=\"\" data-is-only-node=\"\"><strong data-start=\"1879\" data-end=\"1927\">Now Foods Ginkgo Biloba Double Concentration<\/strong> est un choix id\u00e9al pour ceux qui cherchent \u00e0 stimuler leur m\u00e9moire, am\u00e9liorer leur concentration et soutenir leur sant\u00e9 cognitive de mani\u00e8re naturelle et efficace.<\/p>\r\n\r\n<p>\u00a0<\/p>","protected":false},"excerpt":{"rendered":"<p>Favorise la sant\u00e9 c\u00e9r\u00e9brale. Extrait standardis\u00e9 \u00e0 24 %. Avec racine d&rsquo;\u00e9leuth\u00e9ro. Projet sans OGM v\u00e9rifi\u00e9. Compl\u00e9ment alimentaire. Halal.<\/p>","protected":false},"featured_media":25703,"template":"","meta":{"om_disable_all_campaigns":false},"product_brand":[83],"product_cat":[18,3366],"product_tag":[4026,4021,4027,4028,1741],"class_list":{"0":"post-25623","1":"product","2":"type-product","3":"status-publish","4":"has-post-thumbnail","6":"product_brand-now-foods-maroc-prix","7":"product_cat-beaute-sante","8":"product_cat-complements-alimentaires-au-maroc-vitablanca","9":"product_tag-100-veg-capsules","10":"product_tag-halal","11":"product_tag-non-ogm","12":"product_tag-now-foods-ginkgo-biloba-double-strength","13":"product_tag-soutien-cognitif","15":"first","16":"instock","17":"sale","18":"taxable","19":"shipping-taxable","20":"purchasable","21":"product-type-simple"},"yoast_head":"<!-- This site is optimized with the Yoast SEO plugin v27.5 - https:\/\/yoast.com\/product\/yoast-seo-wordpress\/ -->\n<title>Now Foods Ginkgo biloba 120 mg, 100 capsules - Maroc Prix<\/title>\n<meta name=\"description\" content=\"D\u00e9couvrez Now Foods Ginkgo Biloba Double Concentration, 120 mg, 100 capsules, un suppl\u00e9ment naturel pour am\u00e9liorer la circulation c\u00e9r\u00e9brale\" \/>\n<meta name=\"robots\" content=\"index, follow, max-snippet:-1, max-image-preview:large, max-video-preview:-1\" \/>\n<link rel=\"canonical\" href=\"https:\/\/vitablanca.ma\/ar\/product-2\/now-foods-ginkgo-biloba-double-concentration-120-mg-100-capsules\/\" \/>\n<meta property=\"og:locale\" content=\"ar_AR\" \/>\n<meta property=\"og:type\" content=\"article\" \/>\n<meta property=\"og:title\" content=\"Now Foods Ginkgo biloba 120 mg, 100 capsules - Maroc Prix\" \/>\n<meta property=\"og:description\" content=\"D\u00e9couvrez Now Foods Ginkgo Biloba Double Concentration, 120 mg, 100 capsules, un suppl\u00e9ment naturel pour am\u00e9liorer la circulation c\u00e9r\u00e9brale\" \/>\n<meta property=\"og:url\" content=\"https:\/\/vitablanca.ma\/ar\/product-2\/now-foods-ginkgo-biloba-double-concentration-120-mg-100-capsules\/\" \/>\n<meta property=\"og:site_name\" content=\"Vitablanca.ma &ndash; Sant&eacute;, vitalit&eacute; et bien-&ecirc;tre pour tous les Marocains\" \/>\n<meta property=\"article:publisher\" content=\"https:\/\/www.facebook.com\/profile.php?id=61576678196717\" \/>\n<meta property=\"article:modified_time\" content=\"2026-02-06T17:30:17+00:00\" \/>\n<meta property=\"og:image\" content=\"https:\/\/vitablanca.ma\/wp-content\/uploads\/2025\/09\/Now-Foods-Ginkgo-biloba-double-concentration-120-mg-100-capsules.jpg\" \/>\n\t<meta property=\"og:image:width\" content=\"680\" \/>\n\t<meta property=\"og:image:height\" content=\"680\" \/>\n\t<meta property=\"og:image:type\" content=\"image\/jpeg\" \/>\n<meta name=\"twitter:card\" content=\"summary_large_image\" \/>\n<meta name=\"twitter:label1\" content=\"\u0648\u0642\u062a \u0627\u0644\u0642\u0631\u0627\u0621\u0629 \u0627\u0644\u0645\u064f\u0642\u062f\u0651\u0631\" \/>\n\t<meta name=\"twitter:data1\" content=\"\u062f\u0642\u064a\u0642\u062a\u0627\u0646\" \/>\n<script type=\"application\/ld+json\" class=\"yoast-schema-graph\">{\"@context\":\"https:\\\/\\\/schema.org\",\"@graph\":[{\"@type\":[\"WebPage\",\"ItemPage\"],\"@id\":\"https:\\\/\\\/vitablanca.ma\\\/produit\\\/now-foods-ginkgo-biloba-double-concentration-120-mg-100-capsules\\\/\",\"url\":\"https:\\\/\\\/vitablanca.ma\\\/produit\\\/now-foods-ginkgo-biloba-double-concentration-120-mg-100-capsules\\\/\",\"name\":\"Now Foods Ginkgo biloba 120 mg, 100 capsules - Maroc Prix\",\"isPartOf\":{\"@id\":\"https:\\\/\\\/vitablanca.ma\\\/#website\"},\"primaryImageOfPage\":{\"@id\":\"https:\\\/\\\/vitablanca.ma\\\/produit\\\/now-foods-ginkgo-biloba-double-concentration-120-mg-100-capsules\\\/#primaryimage\"},\"image\":{\"@id\":\"https:\\\/\\\/vitablanca.ma\\\/produit\\\/now-foods-ginkgo-biloba-double-concentration-120-mg-100-capsules\\\/#primaryimage\"},\"thumbnailUrl\":\"https:\\\/\\\/vitablanca.ma\\\/wp-content\\\/uploads\\\/2025\\\/09\\\/Now-Foods-Ginkgo-biloba-double-concentration-120-mg-100-capsules.jpg\",\"datePublished\":\"2025-09-18T01:51:45+00:00\",\"dateModified\":\"2026-02-06T17:30:17+00:00\",\"description\":\"D\u00e9couvrez Now Foods Ginkgo Biloba Double Concentration, 120 mg, 100 capsules, un suppl\u00e9ment naturel pour am\u00e9liorer la circulation c\u00e9r\u00e9brale\",\"breadcrumb\":{\"@id\":\"https:\\\/\\\/vitablanca.ma\\\/produit\\\/now-foods-ginkgo-biloba-double-concentration-120-mg-100-capsules\\\/#breadcrumb\"},\"inLanguage\":\"ar\",\"potentialAction\":[{\"@type\":\"ReadAction\",\"target\":[\"https:\\\/\\\/vitablanca.ma\\\/produit\\\/now-foods-ginkgo-biloba-double-concentration-120-mg-100-capsules\\\/\"]}]},{\"@type\":\"ImageObject\",\"inLanguage\":\"ar\",\"@id\":\"https:\\\/\\\/vitablanca.ma\\\/produit\\\/now-foods-ginkgo-biloba-double-concentration-120-mg-100-capsules\\\/#primaryimage\",\"url\":\"https:\\\/\\\/vitablanca.ma\\\/wp-content\\\/uploads\\\/2025\\\/09\\\/Now-Foods-Ginkgo-biloba-double-concentration-120-mg-100-capsules.jpg\",\"contentUrl\":\"https:\\\/\\\/vitablanca.ma\\\/wp-content\\\/uploads\\\/2025\\\/09\\\/Now-Foods-Ginkgo-biloba-double-concentration-120-mg-100-capsules.jpg\",\"width\":680,\"height\":680},{\"@type\":\"BreadcrumbList\",\"@id\":\"https:\\\/\\\/vitablanca.ma\\\/produit\\\/now-foods-ginkgo-biloba-double-concentration-120-mg-100-capsules\\\/#breadcrumb\",\"itemListElement\":[{\"@type\":\"ListItem\",\"position\":1,\"name\":\"Home\",\"item\":\"https:\\\/\\\/vitablanca.ma\\\/\"},{\"@type\":\"ListItem\",\"position\":2,\"name\":\"Tous Les Produits\",\"item\":\"https:\\\/\\\/vitablanca.ma\\\/tous-les-produits\\\/\"},{\"@type\":\"ListItem\",\"position\":3,\"name\":\"Now Foods Ginkgo biloba double concentration, 120 mg, 100 capsules\"}]},{\"@type\":\"WebSite\",\"@id\":\"https:\\\/\\\/vitablanca.ma\\\/#website\",\"url\":\"https:\\\/\\\/vitablanca.ma\\\/\",\"name\":\"VitaBlanca.ma | Compl\u00e9ments alimentaires, sant\u00e9 & beaut\u00e9 au Maroc\",\"description\":\"vendre vitamines et compl\u00e9ments premium des USA &amp; Canada, Nouvelle Z\u00e9lande,Maroc (NOW Foods, Solgar, Manuka). Livraison rapide partout au Maroc.\",\"publisher\":{\"@id\":\"https:\\\/\\\/vitablanca.ma\\\/#organization\"},\"alternateName\":\"VitaBlanca.ma\",\"potentialAction\":[{\"@type\":\"SearchAction\",\"target\":{\"@type\":\"EntryPoint\",\"urlTemplate\":\"https:\\\/\\\/vitablanca.ma\\\/?s={search_term_string}\"},\"query-input\":{\"@type\":\"PropertyValueSpecification\",\"valueRequired\":true,\"valueName\":\"search_term_string\"}}],\"inLanguage\":\"ar\"},{\"@type\":\"Organization\",\"@id\":\"https:\\\/\\\/vitablanca.ma\\\/#organization\",\"name\":\"VitaBlanca\",\"url\":\"https:\\\/\\\/vitablanca.ma\\\/\",\"logo\":{\"@type\":\"ImageObject\",\"inLanguage\":\"ar\",\"@id\":\"https:\\\/\\\/vitablanca.ma\\\/#\\\/schema\\\/logo\\\/image\\\/\",\"url\":\"https:\\\/\\\/vitablanca.ma\\\/wp-content\\\/uploads\\\/2025\\\/05\\\/cropped-vitablanca.png\",\"contentUrl\":\"https:\\\/\\\/vitablanca.ma\\\/wp-content\\\/uploads\\\/2025\\\/05\\\/cropped-vitablanca.png\",\"width\":360,\"height\":67,\"caption\":\"VitaBlanca\"},\"image\":{\"@id\":\"https:\\\/\\\/vitablanca.ma\\\/#\\\/schema\\\/logo\\\/image\\\/\"},\"sameAs\":[\"https:\\\/\\\/www.facebook.com\\\/profile.php?id=61576678196717\",\"https:\\\/\\\/www.tiktok.com\\\/@vitablanca.ma\",\"https:\\\/\\\/www.instagram.com\\\/vitablanca.ma\\\/\"]}]}<\/script>\n<!-- \/ Yoast SEO plugin. -->","yoast_head_json":{"title":"Now Foods Ginkgo biloba 120 mg, 100 capsules - Maroc Prix","description":"D\u00e9couvrez Now Foods Ginkgo Biloba Double Concentration, 120 mg, 100 capsules, un suppl\u00e9ment naturel pour am\u00e9liorer la circulation c\u00e9r\u00e9brale","robots":{"index":"index","follow":"follow","max-snippet":"max-snippet:-1","max-image-preview":"max-image-preview:large","max-video-preview":"max-video-preview:-1"},"canonical":"https:\/\/vitablanca.ma\/ar\/product-2\/now-foods-ginkgo-biloba-double-concentration-120-mg-100-capsules\/","og_locale":"ar_AR","og_type":"article","og_title":"Now Foods Ginkgo biloba 120 mg, 100 capsules - Maroc Prix","og_description":"D\u00e9couvrez Now Foods Ginkgo Biloba Double Concentration, 120 mg, 100 capsules, un suppl\u00e9ment naturel pour am\u00e9liorer la circulation c\u00e9r\u00e9brale","og_url":"https:\/\/vitablanca.ma\/ar\/product-2\/now-foods-ginkgo-biloba-double-concentration-120-mg-100-capsules\/","og_site_name":"Vitablanca.ma &ndash; Sant&eacute;, vitalit&eacute; et bien-&ecirc;tre pour tous les Marocains","article_publisher":"https:\/\/www.facebook.com\/profile.php?id=61576678196717","article_modified_time":"2026-02-06T17:30:17+00:00","og_image":[{"width":680,"height":680,"url":"https:\/\/vitablanca.ma\/wp-content\/uploads\/2025\/09\/Now-Foods-Ginkgo-biloba-double-concentration-120-mg-100-capsules.jpg","type":"image\/jpeg"}],"twitter_card":"summary_large_image","twitter_misc":{"\u0648\u0642\u062a \u0627\u0644\u0642\u0631\u0627\u0621\u0629 \u0627\u0644\u0645\u064f\u0642\u062f\u0651\u0631":"\u062f\u0642\u064a\u0642\u062a\u0627\u0646"},"schema":{"@context":"https:\/\/schema.org","@graph":[{"@type":["WebPage","ItemPage"],"@id":"https:\/\/vitablanca.ma\/produit\/now-foods-ginkgo-biloba-double-concentration-120-mg-100-capsules\/","url":"https:\/\/vitablanca.ma\/produit\/now-foods-ginkgo-biloba-double-concentration-120-mg-100-capsules\/","name":"Now Foods Ginkgo biloba 120 mg, 100 capsules - Maroc Prix","isPartOf":{"@id":"https:\/\/vitablanca.ma\/#website"},"primaryImageOfPage":{"@id":"https:\/\/vitablanca.ma\/produit\/now-foods-ginkgo-biloba-double-concentration-120-mg-100-capsules\/#primaryimage"},"image":{"@id":"https:\/\/vitablanca.ma\/produit\/now-foods-ginkgo-biloba-double-concentration-120-mg-100-capsules\/#primaryimage"},"thumbnailUrl":"https:\/\/vitablanca.ma\/wp-content\/uploads\/2025\/09\/Now-Foods-Ginkgo-biloba-double-concentration-120-mg-100-capsules.jpg","datePublished":"2025-09-18T01:51:45+00:00","dateModified":"2026-02-06T17:30:17+00:00","description":"D\u00e9couvrez Now Foods Ginkgo Biloba Double Concentration, 120 mg, 100 capsules, un suppl\u00e9ment naturel pour am\u00e9liorer la circulation c\u00e9r\u00e9brale","breadcrumb":{"@id":"https:\/\/vitablanca.ma\/produit\/now-foods-ginkgo-biloba-double-concentration-120-mg-100-capsules\/#breadcrumb"},"inLanguage":"ar","potentialAction":[{"@type":"ReadAction","target":["https:\/\/vitablanca.ma\/produit\/now-foods-ginkgo-biloba-double-concentration-120-mg-100-capsules\/"]}]},{"@type":"ImageObject","inLanguage":"ar","@id":"https:\/\/vitablanca.ma\/produit\/now-foods-ginkgo-biloba-double-concentration-120-mg-100-capsules\/#primaryimage","url":"https:\/\/vitablanca.ma\/wp-content\/uploads\/2025\/09\/Now-Foods-Ginkgo-biloba-double-concentration-120-mg-100-capsules.jpg","contentUrl":"https:\/\/vitablanca.ma\/wp-content\/uploads\/2025\/09\/Now-Foods-Ginkgo-biloba-double-concentration-120-mg-100-capsules.jpg","width":680,"height":680},{"@type":"BreadcrumbList","@id":"https:\/\/vitablanca.ma\/produit\/now-foods-ginkgo-biloba-double-concentration-120-mg-100-capsules\/#breadcrumb","itemListElement":[{"@type":"ListItem","position":1,"name":"Home","item":"https:\/\/vitablanca.ma\/"},{"@type":"ListItem","position":2,"name":"Tous Les Produits","item":"https:\/\/vitablanca.ma\/tous-les-produits\/"},{"@type":"ListItem","position":3,"name":"Now Foods Ginkgo biloba double concentration, 120 mg, 100 capsules"}]},{"@type":"WebSite","@id":"https:\/\/vitablanca.ma\/#website","url":"https:\/\/vitablanca.ma\/","name":"VitaBlanca.ma | \u0627\u0644\u0645\u0643\u0645\u0644\u0627\u062a \u0627\u0644\u063a\u0630\u0627\u0626\u064a\u0629\u060c \u0627\u0644\u0635\u062d\u0629 \u0648\u0627\u0644\u062c\u0645\u0627\u0644 \u0641\u064a \u0627\u0644\u0645\u063a\u0631\u0628","description":"\u0646\u0628\u064a\u0639 \u0641\u064a\u062a\u0627\u0645\u064a\u0646\u0627\u062a \u0648\u0645\u0643\u0645\u0644\u0627\u062a \u063a\u0630\u0627\u0626\u064a\u0629 \u0641\u0627\u062e\u0631\u0629 \u0645\u0646 \u0627\u0644\u0648\u0644\u0627\u064a\u0627\u062a \u0627\u0644\u0645\u062a\u062d\u062f\u0629 \u0627\u0644\u0623\u0645\u0631\u064a\u0643\u064a\u0629 \u0648\u0643\u0646\u062f\u0627 \u0648\u0646\u064a\u0648\u0632\u064a\u0644\u0646\u062f\u0627 \u0648\u0627\u0644\u0645\u063a\u0631\u0628 (\u0646\u0627\u0648 \u0641\u0648\u062f\u0632\u060c \u0633\u0648\u0644\u062c\u0627\u0631\u060c \u0645\u0627\u0646\u0648\u0643\u0627). \u062a\u0648\u0635\u064a\u0644 \u0633\u0631\u064a\u0639 \u0625\u0644\u0649 \u062c\u0645\u064a\u0639 \u0623\u0646\u062d\u0627\u0621 \u0627\u0644\u0645\u063a\u0631\u0628.","publisher":{"@id":"https:\/\/vitablanca.ma\/#organization"},"alternateName":"VitaBlanca.ma","potentialAction":[{"@type":"SearchAction","target":{"@type":"EntryPoint","urlTemplate":"https:\/\/vitablanca.ma\/?s={search_term_string}"},"query-input":{"@type":"PropertyValueSpecification","valueRequired":true,"valueName":"search_term_string"}}],"inLanguage":"ar"},{"@type":"Organization","@id":"https:\/\/vitablanca.ma\/#organization","name":"\u0641\u064a\u062a\u0627\u0628\u0644\u0627\u0646\u0643\u0627","url":"https:\/\/vitablanca.ma\/","logo":{"@type":"ImageObject","inLanguage":"ar","@id":"https:\/\/vitablanca.ma\/#\/schema\/logo\/image\/","url":"https:\/\/vitablanca.ma\/wp-content\/uploads\/2025\/05\/cropped-vitablanca.png","contentUrl":"https:\/\/vitablanca.ma\/wp-content\/uploads\/2025\/05\/cropped-vitablanca.png","width":360,"height":67,"caption":"VitaBlanca"},"image":{"@id":"https:\/\/vitablanca.ma\/#\/schema\/logo\/image\/"},"sameAs":["https:\/\/www.facebook.com\/profile.php?id=61576678196717","https:\/\/www.tiktok.com\/@vitablanca.ma","https:\/\/www.instagram.com\/vitablanca.ma\/"]}]}},"jetpack_sharing_enabled":true,"_links":{"self":[{"href":"https:\/\/vitablanca.ma\/ar\/wp-json\/wp\/v2\/product\/25623","targetHints":{"allow":["GET"]}}],"collection":[{"href":"https:\/\/vitablanca.ma\/ar\/wp-json\/wp\/v2\/product"}],"about":[{"href":"https:\/\/vitablanca.ma\/ar\/wp-json\/wp\/v2\/types\/product"}],"wp:featuredmedia":[{"embeddable":true,"href":"https:\/\/vitablanca.ma\/ar\/wp-json\/wp\/v2\/media\/25703"}],"wp:attachment":[{"href":"https:\/\/vitablanca.ma\/ar\/wp-json\/wp\/v2\/media?parent=25623"}],"wp:term":[{"taxonomy":"product_brand","embeddable":true,"href":"https:\/\/vitablanca.ma\/ar\/wp-json\/wp\/v2\/product_brand?post=25623"},{"taxonomy":"product_cat","embeddable":true,"href":"https:\/\/vitablanca.ma\/ar\/wp-json\/wp\/v2\/product_cat?post=25623"},{"taxonomy":"product_tag","embeddable":true,"href":"https:\/\/vitablanca.ma\/ar\/wp-json\/wp\/v2\/product_tag?post=25623"}],"curies":[{"name":"wp","href":"https:\/\/api.w.org\/{rel}","templated":true}]}}