{"id":25621,"date":"2025-09-18T01:51:45","date_gmt":"2025-09-18T01:51:45","guid":{"rendered":"https:\/\/vitablanca.ma\/?post_type=product&#038;p=25621"},"modified":"2026-03-18T17:12:24","modified_gmt":"2026-03-18T17:12:24","slug":"now-foods-prostate-support-complex-sante-de-la-prostate-90-capsules-molles","status":"publish","type":"product","link":"https:\/\/vitablanca.ma\/ar\/product-2\/now-foods-prostate-support-complex-sante-de-la-prostate-90-capsules-molles\/","title":{"rendered":"Now Foods Prostate Support Complex- Sante de la Prostate , 90 Capsules molles"},"content":{"rendered":"<p data-start=\"143\" data-end=\"550\"><strong data-start=\"143\" data-end=\"181\">Now Foods Prostate Support Complex<\/strong> est un suppl\u00e9ment sp\u00e9cialement formul\u00e9 pour soutenir la sant\u00e9 de la prostate et am\u00e9liorer la fonction urinaire. Chaque capsule molle contient une combinaison puissante d\u2019ingr\u00e9dients naturels, tels que le <strong data-start=\"386\" data-end=\"402\">saw palmetto<\/strong>\u060c \u0627\u0644 <strong data-start=\"407\" data-end=\"415\">\u0627\u0644\u0632\u0646\u0643<\/strong>, et des extraits de plantes, qui travaillent en synergie pour maintenir une prostate en bonne sant\u00e9 et favoriser un bien-\u00eatre g\u00e9n\u00e9ral.<\/p>\n<ul data-start=\"552\" data-end=\"1564\">\n<li data-start=\"552\" data-end=\"797\">\n<p data-start=\"554\" data-end=\"797\"><strong data-start=\"554\" data-end=\"591\">Soutien \u00e0 la Sant\u00e9 de la Prostate<\/strong> : Le saw palmetto est un ingr\u00e9dient cl\u00e9 dans cette formule, reconnu pour ses effets b\u00e9n\u00e9fiques sur la prostate et sa capacit\u00e9 \u00e0 r\u00e9duire les sympt\u00f4mes associ\u00e9s \u00e0 l\u2019hypertrophie b\u00e9nigne de la prostate (HBP).<\/p>\n<\/li>\n<li data-start=\"798\" data-end=\"1012\">\n<p data-start=\"800\" data-end=\"1012\"><strong data-start=\"800\" data-end=\"840\">Am\u00e9lioration de la Fonction Urinaire<\/strong> : Ce suppl\u00e9ment aide \u00e0 r\u00e9duire les troubles urinaires fr\u00e9quents, notamment les envies urgentes et la difficult\u00e9 \u00e0 uriner, contribuant ainsi \u00e0 une meilleure qualit\u00e9 de vie.<\/p>\n<\/li>\n<li data-start=\"1013\" data-end=\"1185\">\n<p data-start=\"1015\" data-end=\"1185\"><strong data-start=\"1015\" data-end=\"1040\">Riche en Antioxydants<\/strong> : Le complexe contient des antioxydants qui prot\u00e8gent les cellules de la prostate contre le stress oxydatif, tout en soutenant la sant\u00e9 globale.<\/p>\n<\/li>\n<li data-start=\"1186\" data-end=\"1392\">\n<p data-start=\"1188\" data-end=\"1392\"><strong data-start=\"1188\" data-end=\"1221\">Formule Compl\u00e8te et Naturelle<\/strong> : En plus du saw palmetto, cette formule comprend des vitamines et des min\u00e9raux essentiels, comme le zinc, qui soutiennent la fonction cellulaire et la sant\u00e9 immunitaire.<\/p>\n<\/li>\n<li data-start=\"1393\" data-end=\"1564\">\n<p data-start=\"1395\" data-end=\"1564\"><strong data-start=\"1395\" data-end=\"1419\">Pratique et Efficace<\/strong> : Chaque bo\u00eete contient 90 capsules molles, faciles \u00e0 prendre et \u00e0 dig\u00e9rer, offrant un approvisionnement durable pour votre soutien prostatique.<\/p>\n<\/li>\n<\/ul>\n<p data-start=\"1566\" data-end=\"1715\"><strong data-start=\"1566\" data-end=\"1581\">\u064a\u0633\u062a\u062e\u062f\u0645<\/strong> : Prenez 1 capsule 1 \u00e0 2 fois par jour, de pr\u00e9f\u00e9rence pendant les repas, ou selon les recommandations d\u2019un professionnel de la sant\u00e9.<\/p>\n<h3 data-start=\"1717\" data-end=\"1735\"><strong data-start=\"1721\" data-end=\"1734\">\u0641\u0648\u0627\u0626\u062f<\/strong>:<\/h3>\n<ul data-start=\"1736\" data-end=\"2047\">\n<li data-start=\"1736\" data-end=\"1816\">\n<p data-start=\"1738\" data-end=\"1816\"><strong data-start=\"1738\" data-end=\"1774\">Soutient la sant\u00e9 de la prostate<\/strong> et r\u00e9duit les sympt\u00f4mes associ\u00e9s \u00e0 l\u2019HBP.<\/p>\n<\/li>\n<li data-start=\"1817\" data-end=\"1904\">\n<p data-start=\"1819\" data-end=\"1904\"><strong data-start=\"1819\" data-end=\"1852\">Am\u00e9liore la fonction urinaire<\/strong> et aide \u00e0 r\u00e9duire les troubles urinaires fr\u00e9quents.<\/p>\n<\/li>\n<li data-start=\"1905\" data-end=\"1993\">\n<p data-start=\"1907\" data-end=\"1993\"><strong data-start=\"1907\" data-end=\"1928\">Formule naturelle<\/strong> avec des antioxydants pour prot\u00e9ger les cellules de la prostate.<\/p>\n<\/li>\n<li data-start=\"1994\" data-end=\"2047\">\n<p data-start=\"1996\" data-end=\"2047\"><strong data-start=\"1996\" data-end=\"2018\">Facile \u00e0 consommer<\/strong> gr\u00e2ce \u00e0 des capsules molles.<\/p>\n<\/li>\n<\/ul>\n<p data-start=\"2049\" data-end=\"2271\" data-is-last-node=\"\" data-is-only-node=\"\"><strong data-start=\"2049\" data-end=\"2087\">Now Foods Prostate Support Complex<\/strong> est un choix id\u00e9al pour ceux qui cherchent \u00e0 maintenir la sant\u00e9 de leur prostate, am\u00e9liorer leur fonction urinaire et soutenir leur bien-\u00eatre g\u00e9n\u00e9ral de mani\u00e8re naturelle et efficace.<\/p>","protected":false},"excerpt":{"rendered":"<p>Entretient la sant\u00e9 de la prostate<br \/>\nPalmier nain, orties et lycop\u00e8ne<br \/>\n\u0645\u0643\u0645\u0644 \u063a\u0630\u0627\u0626\u064a<br \/>\n\u0643\u0648\u0634\u064a\u0631 \u2013 \u064a\u062d\u062a\u0648\u064a \u0639\u0644\u0649 \u0627\u0644\u062c\u064a\u0644\u0627\u062a\u064a\u0646<br \/>\n\u0645\u0633\u062a\u062e\u0644\u0635\u0627\u062a \u0646\u0628\u0627\u062a\u064a\u0629\/\u0639\u0634\u0628\u064a\u0629<\/p>","protected":false},"featured_media":25675,"template":"","meta":{"om_disable_all_campaigns":false},"product_brand":[83],"product_cat":[18,3366],"product_tag":[4016,4017,4018,4019,4020],"class_list":{"0":"post-25621","1":"product","2":"type-product","3":"status-publish","4":"has-post-thumbnail","6":"product_brand-now-foods-maroc-prix","7":"product_cat-beaute-sante","8":"product_cat-complements-alimentaires-au-maroc-vitablanca","9":"product_tag-capsules-molles-prostate","10":"product_tag-complement-prostate-homme","11":"product_tag-now-foods-prostate-support-complex","12":"product_tag-sante-urinaire-masculine","13":"product_tag-soutien-fonction-prostatique","15":"first","16":"instock","17":"sale","18":"taxable","19":"shipping-taxable","20":"purchasable","21":"product-type-simple"},"yoast_head":"<!-- This site is optimized with the Yoast SEO plugin v27.5 - https:\/\/yoast.com\/product\/yoast-seo-wordpress\/ -->\n<title>Now Foods Prostate Support Complex 90 Capsules - Maroc Prix<\/title>\n<meta name=\"description\" content=\"D\u00e9couvrez Now Foods Prostate Support Complex, 90 capsules , un suppl\u00e9ment naturel pour soutenir la sant\u00e9 de la prostate, am\u00e9liorer la fonction urinaire\" \/>\n<meta name=\"robots\" content=\"index, follow, max-snippet:-1, max-image-preview:large, max-video-preview:-1\" \/>\n<link rel=\"canonical\" href=\"https:\/\/vitablanca.ma\/ar\/product-2\/now-foods-prostate-support-complex-sante-de-la-prostate-90-capsules-molles\/\" \/>\n<meta property=\"og:locale\" content=\"ar_AR\" \/>\n<meta property=\"og:type\" content=\"article\" \/>\n<meta property=\"og:title\" content=\"Now Foods Prostate Support Complex 90 Capsules - Maroc Prix\" \/>\n<meta property=\"og:description\" content=\"D\u00e9couvrez Now Foods Prostate Support Complex, 90 capsules , un suppl\u00e9ment naturel pour soutenir la sant\u00e9 de la prostate, am\u00e9liorer la fonction urinaire\" \/>\n<meta property=\"og:url\" content=\"https:\/\/vitablanca.ma\/ar\/product-2\/now-foods-prostate-support-complex-sante-de-la-prostate-90-capsules-molles\/\" \/>\n<meta property=\"og:site_name\" content=\"Vitablanca.ma &ndash; Sant&eacute;, vitalit&eacute; et bien-&ecirc;tre pour tous les Marocains\" \/>\n<meta property=\"article:publisher\" content=\"https:\/\/www.facebook.com\/profile.php?id=61576678196717\" \/>\n<meta property=\"article:modified_time\" content=\"2026-03-18T17:12:24+00:00\" \/>\n<meta property=\"og:image\" content=\"https:\/\/vitablanca.ma\/wp-content\/uploads\/2025\/09\/Now-Foods-Prostate-Support-Complex-Sante-de-la-Prostate-90-Capsules-molles.jpg\" \/>\n\t<meta property=\"og:image:width\" content=\"680\" \/>\n\t<meta property=\"og:image:height\" content=\"680\" \/>\n\t<meta property=\"og:image:type\" content=\"image\/jpeg\" \/>\n<meta name=\"twitter:card\" content=\"summary_large_image\" \/>\n<meta name=\"twitter:label1\" content=\"\u0648\u0642\u062a \u0627\u0644\u0642\u0631\u0627\u0621\u0629 \u0627\u0644\u0645\u064f\u0642\u062f\u0651\u0631\" \/>\n\t<meta name=\"twitter:data1\" content=\"\u062f\u0642\u064a\u0642\u062a\u0627\u0646\" \/>\n<script type=\"application\/ld+json\" class=\"yoast-schema-graph\">{\"@context\":\"https:\\\/\\\/schema.org\",\"@graph\":[{\"@type\":[\"WebPage\",\"ItemPage\"],\"@id\":\"https:\\\/\\\/vitablanca.ma\\\/produit\\\/now-foods-prostate-support-complex-sante-de-la-prostate-90-capsules-molles\\\/\",\"url\":\"https:\\\/\\\/vitablanca.ma\\\/produit\\\/now-foods-prostate-support-complex-sante-de-la-prostate-90-capsules-molles\\\/\",\"name\":\"Now Foods Prostate Support Complex 90 Capsules - Maroc Prix\",\"isPartOf\":{\"@id\":\"https:\\\/\\\/vitablanca.ma\\\/#website\"},\"primaryImageOfPage\":{\"@id\":\"https:\\\/\\\/vitablanca.ma\\\/produit\\\/now-foods-prostate-support-complex-sante-de-la-prostate-90-capsules-molles\\\/#primaryimage\"},\"image\":{\"@id\":\"https:\\\/\\\/vitablanca.ma\\\/produit\\\/now-foods-prostate-support-complex-sante-de-la-prostate-90-capsules-molles\\\/#primaryimage\"},\"thumbnailUrl\":\"https:\\\/\\\/vitablanca.ma\\\/wp-content\\\/uploads\\\/2025\\\/09\\\/Now-Foods-Prostate-Support-Complex-Sante-de-la-Prostate-90-Capsules-molles.jpg\",\"datePublished\":\"2025-09-18T01:51:45+00:00\",\"dateModified\":\"2026-03-18T17:12:24+00:00\",\"description\":\"D\u00e9couvrez Now Foods Prostate Support Complex, 90 capsules , un suppl\u00e9ment naturel pour soutenir la sant\u00e9 de la prostate, am\u00e9liorer la fonction urinaire\",\"breadcrumb\":{\"@id\":\"https:\\\/\\\/vitablanca.ma\\\/produit\\\/now-foods-prostate-support-complex-sante-de-la-prostate-90-capsules-molles\\\/#breadcrumb\"},\"inLanguage\":\"ar\",\"potentialAction\":[{\"@type\":\"ReadAction\",\"target\":[\"https:\\\/\\\/vitablanca.ma\\\/produit\\\/now-foods-prostate-support-complex-sante-de-la-prostate-90-capsules-molles\\\/\"]}]},{\"@type\":\"ImageObject\",\"inLanguage\":\"ar\",\"@id\":\"https:\\\/\\\/vitablanca.ma\\\/produit\\\/now-foods-prostate-support-complex-sante-de-la-prostate-90-capsules-molles\\\/#primaryimage\",\"url\":\"https:\\\/\\\/vitablanca.ma\\\/wp-content\\\/uploads\\\/2025\\\/09\\\/Now-Foods-Prostate-Support-Complex-Sante-de-la-Prostate-90-Capsules-molles.jpg\",\"contentUrl\":\"https:\\\/\\\/vitablanca.ma\\\/wp-content\\\/uploads\\\/2025\\\/09\\\/Now-Foods-Prostate-Support-Complex-Sante-de-la-Prostate-90-Capsules-molles.jpg\",\"width\":680,\"height\":680},{\"@type\":\"BreadcrumbList\",\"@id\":\"https:\\\/\\\/vitablanca.ma\\\/produit\\\/now-foods-prostate-support-complex-sante-de-la-prostate-90-capsules-molles\\\/#breadcrumb\",\"itemListElement\":[{\"@type\":\"ListItem\",\"position\":1,\"name\":\"Home\",\"item\":\"https:\\\/\\\/vitablanca.ma\\\/\"},{\"@type\":\"ListItem\",\"position\":2,\"name\":\"Tous Les Produits\",\"item\":\"https:\\\/\\\/vitablanca.ma\\\/tous-les-produits\\\/\"},{\"@type\":\"ListItem\",\"position\":3,\"name\":\"Now Foods Prostate Support Complex- Sante de la Prostate , 90 Capsules molles\"}]},{\"@type\":\"WebSite\",\"@id\":\"https:\\\/\\\/vitablanca.ma\\\/#website\",\"url\":\"https:\\\/\\\/vitablanca.ma\\\/\",\"name\":\"VitaBlanca.ma | Compl\u00e9ments alimentaires, sant\u00e9 & beaut\u00e9 au Maroc\",\"description\":\"vendre vitamines et compl\u00e9ments premium des USA &amp; Canada, Nouvelle Z\u00e9lande,Maroc (NOW Foods, Solgar, Manuka). Livraison rapide partout au Maroc.\",\"publisher\":{\"@id\":\"https:\\\/\\\/vitablanca.ma\\\/#organization\"},\"alternateName\":\"VitaBlanca.ma\",\"potentialAction\":[{\"@type\":\"SearchAction\",\"target\":{\"@type\":\"EntryPoint\",\"urlTemplate\":\"https:\\\/\\\/vitablanca.ma\\\/?s={search_term_string}\"},\"query-input\":{\"@type\":\"PropertyValueSpecification\",\"valueRequired\":true,\"valueName\":\"search_term_string\"}}],\"inLanguage\":\"ar\"},{\"@type\":\"Organization\",\"@id\":\"https:\\\/\\\/vitablanca.ma\\\/#organization\",\"name\":\"VitaBlanca\",\"url\":\"https:\\\/\\\/vitablanca.ma\\\/\",\"logo\":{\"@type\":\"ImageObject\",\"inLanguage\":\"ar\",\"@id\":\"https:\\\/\\\/vitablanca.ma\\\/#\\\/schema\\\/logo\\\/image\\\/\",\"url\":\"https:\\\/\\\/vitablanca.ma\\\/wp-content\\\/uploads\\\/2025\\\/05\\\/cropped-vitablanca.png\",\"contentUrl\":\"https:\\\/\\\/vitablanca.ma\\\/wp-content\\\/uploads\\\/2025\\\/05\\\/cropped-vitablanca.png\",\"width\":360,\"height\":67,\"caption\":\"VitaBlanca\"},\"image\":{\"@id\":\"https:\\\/\\\/vitablanca.ma\\\/#\\\/schema\\\/logo\\\/image\\\/\"},\"sameAs\":[\"https:\\\/\\\/www.facebook.com\\\/profile.php?id=61576678196717\",\"https:\\\/\\\/www.tiktok.com\\\/@vitablanca.ma\",\"https:\\\/\\\/www.instagram.com\\\/vitablanca.ma\\\/\"]}]}<\/script>\n<!-- \/ Yoast SEO plugin. -->","yoast_head_json":{"title":"Now Foods Prostate Support Complex 90 Capsules - Maroc Prix","description":"D\u00e9couvrez Now Foods Prostate Support Complex, 90 capsules , un suppl\u00e9ment naturel pour soutenir la sant\u00e9 de la prostate, am\u00e9liorer la fonction urinaire","robots":{"index":"index","follow":"follow","max-snippet":"max-snippet:-1","max-image-preview":"max-image-preview:large","max-video-preview":"max-video-preview:-1"},"canonical":"https:\/\/vitablanca.ma\/ar\/product-2\/now-foods-prostate-support-complex-sante-de-la-prostate-90-capsules-molles\/","og_locale":"ar_AR","og_type":"article","og_title":"Now Foods Prostate Support Complex 90 Capsules - Maroc Prix","og_description":"D\u00e9couvrez Now Foods Prostate Support Complex, 90 capsules , un suppl\u00e9ment naturel pour soutenir la sant\u00e9 de la prostate, am\u00e9liorer la fonction urinaire","og_url":"https:\/\/vitablanca.ma\/ar\/product-2\/now-foods-prostate-support-complex-sante-de-la-prostate-90-capsules-molles\/","og_site_name":"Vitablanca.ma &ndash; Sant&eacute;, vitalit&eacute; et bien-&ecirc;tre pour tous les Marocains","article_publisher":"https:\/\/www.facebook.com\/profile.php?id=61576678196717","article_modified_time":"2026-03-18T17:12:24+00:00","og_image":[{"width":680,"height":680,"url":"https:\/\/vitablanca.ma\/wp-content\/uploads\/2025\/09\/Now-Foods-Prostate-Support-Complex-Sante-de-la-Prostate-90-Capsules-molles.jpg","type":"image\/jpeg"}],"twitter_card":"summary_large_image","twitter_misc":{"\u0648\u0642\u062a \u0627\u0644\u0642\u0631\u0627\u0621\u0629 \u0627\u0644\u0645\u064f\u0642\u062f\u0651\u0631":"\u062f\u0642\u064a\u0642\u062a\u0627\u0646"},"schema":{"@context":"https:\/\/schema.org","@graph":[{"@type":["WebPage","ItemPage"],"@id":"https:\/\/vitablanca.ma\/produit\/now-foods-prostate-support-complex-sante-de-la-prostate-90-capsules-molles\/","url":"https:\/\/vitablanca.ma\/produit\/now-foods-prostate-support-complex-sante-de-la-prostate-90-capsules-molles\/","name":"Now Foods Prostate Support Complex 90 Capsules - Maroc Prix","isPartOf":{"@id":"https:\/\/vitablanca.ma\/#website"},"primaryImageOfPage":{"@id":"https:\/\/vitablanca.ma\/produit\/now-foods-prostate-support-complex-sante-de-la-prostate-90-capsules-molles\/#primaryimage"},"image":{"@id":"https:\/\/vitablanca.ma\/produit\/now-foods-prostate-support-complex-sante-de-la-prostate-90-capsules-molles\/#primaryimage"},"thumbnailUrl":"https:\/\/vitablanca.ma\/wp-content\/uploads\/2025\/09\/Now-Foods-Prostate-Support-Complex-Sante-de-la-Prostate-90-Capsules-molles.jpg","datePublished":"2025-09-18T01:51:45+00:00","dateModified":"2026-03-18T17:12:24+00:00","description":"D\u00e9couvrez Now Foods Prostate Support Complex, 90 capsules , un suppl\u00e9ment naturel pour soutenir la sant\u00e9 de la prostate, am\u00e9liorer la fonction urinaire","breadcrumb":{"@id":"https:\/\/vitablanca.ma\/produit\/now-foods-prostate-support-complex-sante-de-la-prostate-90-capsules-molles\/#breadcrumb"},"inLanguage":"ar","potentialAction":[{"@type":"ReadAction","target":["https:\/\/vitablanca.ma\/produit\/now-foods-prostate-support-complex-sante-de-la-prostate-90-capsules-molles\/"]}]},{"@type":"ImageObject","inLanguage":"ar","@id":"https:\/\/vitablanca.ma\/produit\/now-foods-prostate-support-complex-sante-de-la-prostate-90-capsules-molles\/#primaryimage","url":"https:\/\/vitablanca.ma\/wp-content\/uploads\/2025\/09\/Now-Foods-Prostate-Support-Complex-Sante-de-la-Prostate-90-Capsules-molles.jpg","contentUrl":"https:\/\/vitablanca.ma\/wp-content\/uploads\/2025\/09\/Now-Foods-Prostate-Support-Complex-Sante-de-la-Prostate-90-Capsules-molles.jpg","width":680,"height":680},{"@type":"BreadcrumbList","@id":"https:\/\/vitablanca.ma\/produit\/now-foods-prostate-support-complex-sante-de-la-prostate-90-capsules-molles\/#breadcrumb","itemListElement":[{"@type":"ListItem","position":1,"name":"Home","item":"https:\/\/vitablanca.ma\/"},{"@type":"ListItem","position":2,"name":"Tous Les Produits","item":"https:\/\/vitablanca.ma\/tous-les-produits\/"},{"@type":"ListItem","position":3,"name":"Now Foods Prostate Support Complex- Sante de la Prostate , 90 Capsules molles"}]},{"@type":"WebSite","@id":"https:\/\/vitablanca.ma\/#website","url":"https:\/\/vitablanca.ma\/","name":"VitaBlanca.ma | \u0627\u0644\u0645\u0643\u0645\u0644\u0627\u062a \u0627\u0644\u063a\u0630\u0627\u0626\u064a\u0629\u060c \u0627\u0644\u0635\u062d\u0629 \u0648\u0627\u0644\u062c\u0645\u0627\u0644 \u0641\u064a \u0627\u0644\u0645\u063a\u0631\u0628","description":"\u0646\u0628\u064a\u0639 \u0641\u064a\u062a\u0627\u0645\u064a\u0646\u0627\u062a \u0648\u0645\u0643\u0645\u0644\u0627\u062a \u063a\u0630\u0627\u0626\u064a\u0629 \u0641\u0627\u062e\u0631\u0629 \u0645\u0646 \u0627\u0644\u0648\u0644\u0627\u064a\u0627\u062a \u0627\u0644\u0645\u062a\u062d\u062f\u0629 \u0627\u0644\u0623\u0645\u0631\u064a\u0643\u064a\u0629 \u0648\u0643\u0646\u062f\u0627 \u0648\u0646\u064a\u0648\u0632\u064a\u0644\u0646\u062f\u0627 \u0648\u0627\u0644\u0645\u063a\u0631\u0628 (\u0646\u0627\u0648 \u0641\u0648\u062f\u0632\u060c \u0633\u0648\u0644\u062c\u0627\u0631\u060c \u0645\u0627\u0646\u0648\u0643\u0627). \u062a\u0648\u0635\u064a\u0644 \u0633\u0631\u064a\u0639 \u0625\u0644\u0649 \u062c\u0645\u064a\u0639 \u0623\u0646\u062d\u0627\u0621 \u0627\u0644\u0645\u063a\u0631\u0628.","publisher":{"@id":"https:\/\/vitablanca.ma\/#organization"},"alternateName":"VitaBlanca.ma","potentialAction":[{"@type":"SearchAction","target":{"@type":"EntryPoint","urlTemplate":"https:\/\/vitablanca.ma\/?s={search_term_string}"},"query-input":{"@type":"PropertyValueSpecification","valueRequired":true,"valueName":"search_term_string"}}],"inLanguage":"ar"},{"@type":"Organization","@id":"https:\/\/vitablanca.ma\/#organization","name":"\u0641\u064a\u062a\u0627\u0628\u0644\u0627\u0646\u0643\u0627","url":"https:\/\/vitablanca.ma\/","logo":{"@type":"ImageObject","inLanguage":"ar","@id":"https:\/\/vitablanca.ma\/#\/schema\/logo\/image\/","url":"https:\/\/vitablanca.ma\/wp-content\/uploads\/2025\/05\/cropped-vitablanca.png","contentUrl":"https:\/\/vitablanca.ma\/wp-content\/uploads\/2025\/05\/cropped-vitablanca.png","width":360,"height":67,"caption":"VitaBlanca"},"image":{"@id":"https:\/\/vitablanca.ma\/#\/schema\/logo\/image\/"},"sameAs":["https:\/\/www.facebook.com\/profile.php?id=61576678196717","https:\/\/www.tiktok.com\/@vitablanca.ma","https:\/\/www.instagram.com\/vitablanca.ma\/"]}]}},"jetpack_sharing_enabled":true,"_links":{"self":[{"href":"https:\/\/vitablanca.ma\/ar\/wp-json\/wp\/v2\/product\/25621","targetHints":{"allow":["GET"]}}],"collection":[{"href":"https:\/\/vitablanca.ma\/ar\/wp-json\/wp\/v2\/product"}],"about":[{"href":"https:\/\/vitablanca.ma\/ar\/wp-json\/wp\/v2\/types\/product"}],"wp:featuredmedia":[{"embeddable":true,"href":"https:\/\/vitablanca.ma\/ar\/wp-json\/wp\/v2\/media\/25675"}],"wp:attachment":[{"href":"https:\/\/vitablanca.ma\/ar\/wp-json\/wp\/v2\/media?parent=25621"}],"wp:term":[{"taxonomy":"product_brand","embeddable":true,"href":"https:\/\/vitablanca.ma\/ar\/wp-json\/wp\/v2\/product_brand?post=25621"},{"taxonomy":"product_cat","embeddable":true,"href":"https:\/\/vitablanca.ma\/ar\/wp-json\/wp\/v2\/product_cat?post=25621"},{"taxonomy":"product_tag","embeddable":true,"href":"https:\/\/vitablanca.ma\/ar\/wp-json\/wp\/v2\/product_tag?post=25621"}],"curies":[{"name":"wp","href":"https:\/\/api.w.org\/{rel}","templated":true}]}}