{"id":25573,"date":"2025-09-18T01:51:17","date_gmt":"2025-09-18T01:51:17","guid":{"rendered":"https:\/\/vitablanca.ma\/?post_type=product&#038;p=25573"},"modified":"2025-12-02T20:33:46","modified_gmt":"2025-12-02T20:33:46","slug":"doctors-best-glucosamine-chondroitine-msm-acide-hyaluronique-150-capsules","status":"publish","type":"product","link":"https:\/\/vitablanca.ma\/ar\/product-2\/doctors-best-glucosamine-chondroitine-msm-acide-hyaluronique-150-capsules\/","title":{"rendered":"Doctor&rsquo;s BEST Glucosamine Chondro\u00eftine MSM + Acide hyaluronique 150 capsules"},"content":{"rendered":"<p><span style=\"font-size: small;\">Science-Based\u00a0Nutrition\u2122<br \/>\nAvec OptiMSM\u00ae et BioCell\u00a0Collagen\u00ae<br \/>\nContribue \u00e0 des articulations, des cheveux, une peau et des ongles sains<br \/>\n\u0645\u0643\u0645\u0644 \u063a\u0630\u0627\u0626\u064a<br \/>\nSans OGM\/Sans gluten\/Sans soja<br \/>\nLe complexe de glucosamine, chondro\u00eftine, MSM et acide hyaluronique de Doctor\u2019s\u00a0Best fournit quatre\u00a0nutriments importants qui renforcent les articulations\u00a0: le sulfate de glucosamine, le sulfate de chondro\u00eftine, le m\u00e9thyl-sulfonyl-m\u00e9thane (MSM d\u2019OptiMSM\u00ae) et l\u2019acide hyaluronique (de BioCell\u00a0Collagen\u00ae). Le sulfate de glucosamine et le sulfate de chondro\u00eftine aident \u00e0 pr\u00e9server la sant\u00e9 des articulations. Le m\u00e9thyl-sulfonyl-m\u00e9thane fournit le soufre biodisponible n\u00e9cessaire pour renforcer les articulations, les cheveux, la peau et les ongles. L\u2019acide hyaluronique joue un r\u00f4le important dans les cellules du liquide synovial, l\u2019hydrodynamique des tissus et les fonctions physiologiques en soutenant et en maintenant l\u2019hydratation, l\u2019\u00e9lasticit\u00e9 et la microcirculation sanguine des articulations saines.<\/span><\/p>\n<p><span style=\"font-size: small;\">Participe au renfort des articulations<br \/>\nAide \u00e0 favoriser et \u00e0 entretenir l\u2019hydratation des tissus<br \/>\nContribue \u00e0 la sant\u00e9 des cheveux, de la peau et des ongles<br \/>\n<\/span><span style=\"font-size: small;\"><strong>\u0627\u0644\u0627\u0633\u062a\u062e\u062f\u0627\u0645 \u0627\u0644\u0645\u0642\u062a\u0631\u062d<\/strong><\/p>\n<p>Chez l\u2019adulte\u00a0:\u00a0prenez 5\u00a0capsules par jour en mangeant ou suivez les recommandations d\u2019un m\u00e9decin expert en nutrition.<br \/>\n<\/span><span style=\"font-size: small;\"><strong>\u0627\u0644\u0645\u0643\u0648\u0646\u0627\u062a \u0627\u0644\u0623\u062e\u0631\u0649<\/strong><\/p>\n<p>hypromellose (capsule v\u00e9g\u00e9tarienne), poudre de riz, st\u00e9arate de magn\u00e9sium (d\u2019origine v\u00e9g\u00e9tale), dioxyde de silicium.<br \/>\nContient\u00a0: fruits de mer (carapaces de crabes et de crevettes).<br \/>\n<\/span><span style=\"font-size: small;\"><strong>\u062a\u062d\u0630\u064a\u0631\u0627\u062a<\/strong><\/p>\n<p>Si vous \u00eates enceinte, allaitez ou pr\u00e9sentez une affection m\u00e9dicale, consultez votre m\u00e9decin avant d\u2019utiliser des compl\u00e9ments pour la sant\u00e9. Ce produit n\u2019est pas destin\u00e9 aux personnes de moins de 18\u00a0ans. Tenir hors de port\u00e9e des enfants.<\/span><\/p>","protected":false},"excerpt":{"rendered":"<ul>\n<li><span style=\"font-size: small;\">\u00abClassement de produit\u00bb:<\/span><\/li>\n<li><span style=\"font-size: small;\">\u00abn\u00b04 sur Formules de glucosamine\u00bb<\/span><\/li>\n<li><span style=\"font-size: small;\">\u00abn\u00b019 sur Os, articulations et cartilage\u00bb<\/span><\/li>\n<li><span style=\"font-size: small;\">\u00abn\u00b0271 sur Compl\u00e9ments\u00bb<\/span><\/li>\n<\/ul>","protected":false},"featured_media":25630,"template":"","meta":{"om_disable_all_campaigns":false},"product_brand":[1982],"product_cat":[18,3366],"product_tag":[3918,3919,3920,3921,3922],"class_list":{"0":"post-25573","1":"product","2":"type-product","3":"status-publish","4":"has-post-thumbnail","6":"product_brand-doctors-best-maroc-prix","7":"product_cat-beaute-sante","8":"product_cat-complements-alimentaires-au-maroc-vitablanca","9":"product_tag-acide-hyaluronique-articulations","10":"product_tag-complement-mobilite","11":"product_tag-confort-articulaire-naturel","12":"product_tag-doctors-best-glucosamine-chondroitine-msm","13":"product_tag-sante-des-cartilages-et-os","15":"first","16":"instock","17":"sale","18":"taxable","19":"shipping-taxable","20":"purchasable","21":"product-type-simple"},"yoast_head":"<!-- This site is optimized with the Yoast SEO plugin v27.5 - https:\/\/yoast.com\/product\/yoast-seo-wordpress\/ -->\n<title>Doctor&#039;s BEST Glucosamine Chondro\u00eftine MSM 150 capsules - Maroc<\/title>\n<meta name=\"description\" content=\"Achetez Doctor&#039;s Best Glucosamine Chondro\u00eftine MSM + Acide Hyaluronique (150 capsules) au Maroc. Soutien articulations, mobilit\u00e9 et sant\u00e9 du cartilage.\" \/>\n<meta name=\"robots\" content=\"index, follow, max-snippet:-1, max-image-preview:large, max-video-preview:-1\" \/>\n<link rel=\"canonical\" href=\"https:\/\/vitablanca.ma\/ar\/product-2\/doctors-best-glucosamine-chondroitine-msm-acide-hyaluronique-150-capsules\/\" \/>\n<meta property=\"og:locale\" content=\"ar_AR\" \/>\n<meta property=\"og:type\" content=\"article\" \/>\n<meta property=\"og:title\" content=\"Doctor&#039;s BEST Glucosamine Chondro\u00eftine MSM 150 capsules - Maroc\" \/>\n<meta property=\"og:description\" content=\"Achetez Doctor&#039;s Best Glucosamine Chondro\u00eftine MSM + Acide Hyaluronique (150 capsules) au Maroc. Soutien articulations, mobilit\u00e9 et sant\u00e9 du cartilage.\" \/>\n<meta property=\"og:url\" content=\"https:\/\/vitablanca.ma\/ar\/product-2\/doctors-best-glucosamine-chondroitine-msm-acide-hyaluronique-150-capsules\/\" \/>\n<meta property=\"og:site_name\" content=\"Vitablanca.ma &ndash; Sant&eacute;, vitalit&eacute; et bien-&ecirc;tre pour tous les Marocains\" \/>\n<meta property=\"article:publisher\" content=\"https:\/\/www.facebook.com\/profile.php?id=61576678196717\" \/>\n<meta property=\"article:modified_time\" content=\"2025-12-02T20:33:46+00:00\" \/>\n<meta property=\"og:image\" content=\"https:\/\/vitablanca.ma\/wp-content\/uploads\/2025\/09\/Doctors-BEST-Glucosamine-Chondroitine-MSM-Acide-hyaluronique-150-capsules.jpg\" \/>\n\t<meta property=\"og:image:width\" content=\"680\" \/>\n\t<meta property=\"og:image:height\" content=\"680\" \/>\n\t<meta property=\"og:image:type\" content=\"image\/jpeg\" \/>\n<meta name=\"twitter:card\" content=\"summary_large_image\" \/>\n<meta name=\"twitter:label1\" content=\"\u0648\u0642\u062a \u0627\u0644\u0642\u0631\u0627\u0621\u0629 \u0627\u0644\u0645\u064f\u0642\u062f\u0651\u0631\" \/>\n\t<meta name=\"twitter:data1\" content=\"\u062f\u0642\u064a\u0642\u062a\u0627\u0646\" \/>\n<script type=\"application\/ld+json\" class=\"yoast-schema-graph\">{\"@context\":\"https:\\\/\\\/schema.org\",\"@graph\":[{\"@type\":[\"WebPage\",\"ItemPage\"],\"@id\":\"https:\\\/\\\/vitablanca.ma\\\/produit\\\/doctors-best-glucosamine-chondroitine-msm-acide-hyaluronique-150-capsules\\\/\",\"url\":\"https:\\\/\\\/vitablanca.ma\\\/produit\\\/doctors-best-glucosamine-chondroitine-msm-acide-hyaluronique-150-capsules\\\/\",\"name\":\"Doctor's BEST Glucosamine Chondro\u00eftine MSM 150 capsules - Maroc\",\"isPartOf\":{\"@id\":\"https:\\\/\\\/vitablanca.ma\\\/#website\"},\"primaryImageOfPage\":{\"@id\":\"https:\\\/\\\/vitablanca.ma\\\/produit\\\/doctors-best-glucosamine-chondroitine-msm-acide-hyaluronique-150-capsules\\\/#primaryimage\"},\"image\":{\"@id\":\"https:\\\/\\\/vitablanca.ma\\\/produit\\\/doctors-best-glucosamine-chondroitine-msm-acide-hyaluronique-150-capsules\\\/#primaryimage\"},\"thumbnailUrl\":\"https:\\\/\\\/vitablanca.ma\\\/wp-content\\\/uploads\\\/2025\\\/09\\\/Doctors-BEST-Glucosamine-Chondroitine-MSM-Acide-hyaluronique-150-capsules.jpg\",\"datePublished\":\"2025-09-18T01:51:17+00:00\",\"dateModified\":\"2025-12-02T20:33:46+00:00\",\"description\":\"Achetez Doctor's Best Glucosamine Chondro\u00eftine MSM + Acide Hyaluronique (150 capsules) au Maroc. Soutien articulations, mobilit\u00e9 et sant\u00e9 du cartilage.\",\"breadcrumb\":{\"@id\":\"https:\\\/\\\/vitablanca.ma\\\/produit\\\/doctors-best-glucosamine-chondroitine-msm-acide-hyaluronique-150-capsules\\\/#breadcrumb\"},\"inLanguage\":\"ar\",\"potentialAction\":[{\"@type\":\"ReadAction\",\"target\":[\"https:\\\/\\\/vitablanca.ma\\\/produit\\\/doctors-best-glucosamine-chondroitine-msm-acide-hyaluronique-150-capsules\\\/\"]}]},{\"@type\":\"ImageObject\",\"inLanguage\":\"ar\",\"@id\":\"https:\\\/\\\/vitablanca.ma\\\/produit\\\/doctors-best-glucosamine-chondroitine-msm-acide-hyaluronique-150-capsules\\\/#primaryimage\",\"url\":\"https:\\\/\\\/vitablanca.ma\\\/wp-content\\\/uploads\\\/2025\\\/09\\\/Doctors-BEST-Glucosamine-Chondroitine-MSM-Acide-hyaluronique-150-capsules.jpg\",\"contentUrl\":\"https:\\\/\\\/vitablanca.ma\\\/wp-content\\\/uploads\\\/2025\\\/09\\\/Doctors-BEST-Glucosamine-Chondroitine-MSM-Acide-hyaluronique-150-capsules.jpg\",\"width\":680,\"height\":680},{\"@type\":\"BreadcrumbList\",\"@id\":\"https:\\\/\\\/vitablanca.ma\\\/produit\\\/doctors-best-glucosamine-chondroitine-msm-acide-hyaluronique-150-capsules\\\/#breadcrumb\",\"itemListElement\":[{\"@type\":\"ListItem\",\"position\":1,\"name\":\"Home\",\"item\":\"https:\\\/\\\/vitablanca.ma\\\/\"},{\"@type\":\"ListItem\",\"position\":2,\"name\":\"Tous Les Produits\",\"item\":\"https:\\\/\\\/vitablanca.ma\\\/tous-les-produits\\\/\"},{\"@type\":\"ListItem\",\"position\":3,\"name\":\"Doctor&#8217;s BEST Glucosamine Chondro\u00eftine MSM + Acide hyaluronique 150 capsules\"}]},{\"@type\":\"WebSite\",\"@id\":\"https:\\\/\\\/vitablanca.ma\\\/#website\",\"url\":\"https:\\\/\\\/vitablanca.ma\\\/\",\"name\":\"VitaBlanca.ma | Compl\u00e9ments alimentaires, sant\u00e9 & beaut\u00e9 au Maroc\",\"description\":\"vendre vitamines et compl\u00e9ments premium des USA &amp; Canada, Nouvelle Z\u00e9lande,Maroc (NOW Foods, Solgar, Manuka). Livraison rapide partout au Maroc.\",\"publisher\":{\"@id\":\"https:\\\/\\\/vitablanca.ma\\\/#organization\"},\"alternateName\":\"VitaBlanca.ma\",\"potentialAction\":[{\"@type\":\"SearchAction\",\"target\":{\"@type\":\"EntryPoint\",\"urlTemplate\":\"https:\\\/\\\/vitablanca.ma\\\/?s={search_term_string}\"},\"query-input\":{\"@type\":\"PropertyValueSpecification\",\"valueRequired\":true,\"valueName\":\"search_term_string\"}}],\"inLanguage\":\"ar\"},{\"@type\":\"Organization\",\"@id\":\"https:\\\/\\\/vitablanca.ma\\\/#organization\",\"name\":\"VitaBlanca\",\"url\":\"https:\\\/\\\/vitablanca.ma\\\/\",\"logo\":{\"@type\":\"ImageObject\",\"inLanguage\":\"ar\",\"@id\":\"https:\\\/\\\/vitablanca.ma\\\/#\\\/schema\\\/logo\\\/image\\\/\",\"url\":\"https:\\\/\\\/vitablanca.ma\\\/wp-content\\\/uploads\\\/2025\\\/05\\\/cropped-vitablanca.png\",\"contentUrl\":\"https:\\\/\\\/vitablanca.ma\\\/wp-content\\\/uploads\\\/2025\\\/05\\\/cropped-vitablanca.png\",\"width\":360,\"height\":67,\"caption\":\"VitaBlanca\"},\"image\":{\"@id\":\"https:\\\/\\\/vitablanca.ma\\\/#\\\/schema\\\/logo\\\/image\\\/\"},\"sameAs\":[\"https:\\\/\\\/www.facebook.com\\\/profile.php?id=61576678196717\",\"https:\\\/\\\/www.tiktok.com\\\/@vitablanca.ma\",\"https:\\\/\\\/www.instagram.com\\\/vitablanca.ma\\\/\"]}]}<\/script>\n<!-- \/ Yoast SEO plugin. -->","yoast_head_json":{"title":"Doctor's BEST Glucosamine Chondro\u00eftine MSM 150 capsules - Maroc","description":"Achetez Doctor's Best Glucosamine Chondro\u00eftine MSM + Acide Hyaluronique (150 capsules) au Maroc. Soutien articulations, mobilit\u00e9 et sant\u00e9 du cartilage.","robots":{"index":"index","follow":"follow","max-snippet":"max-snippet:-1","max-image-preview":"max-image-preview:large","max-video-preview":"max-video-preview:-1"},"canonical":"https:\/\/vitablanca.ma\/ar\/product-2\/doctors-best-glucosamine-chondroitine-msm-acide-hyaluronique-150-capsules\/","og_locale":"ar_AR","og_type":"article","og_title":"Doctor's BEST Glucosamine Chondro\u00eftine MSM 150 capsules - Maroc","og_description":"Achetez Doctor's Best Glucosamine Chondro\u00eftine MSM + Acide Hyaluronique (150 capsules) au Maroc. Soutien articulations, mobilit\u00e9 et sant\u00e9 du cartilage.","og_url":"https:\/\/vitablanca.ma\/ar\/product-2\/doctors-best-glucosamine-chondroitine-msm-acide-hyaluronique-150-capsules\/","og_site_name":"Vitablanca.ma &ndash; Sant&eacute;, vitalit&eacute; et bien-&ecirc;tre pour tous les Marocains","article_publisher":"https:\/\/www.facebook.com\/profile.php?id=61576678196717","article_modified_time":"2025-12-02T20:33:46+00:00","og_image":[{"width":680,"height":680,"url":"https:\/\/vitablanca.ma\/wp-content\/uploads\/2025\/09\/Doctors-BEST-Glucosamine-Chondroitine-MSM-Acide-hyaluronique-150-capsules.jpg","type":"image\/jpeg"}],"twitter_card":"summary_large_image","twitter_misc":{"\u0648\u0642\u062a \u0627\u0644\u0642\u0631\u0627\u0621\u0629 \u0627\u0644\u0645\u064f\u0642\u062f\u0651\u0631":"\u062f\u0642\u064a\u0642\u062a\u0627\u0646"},"schema":{"@context":"https:\/\/schema.org","@graph":[{"@type":["WebPage","ItemPage"],"@id":"https:\/\/vitablanca.ma\/produit\/doctors-best-glucosamine-chondroitine-msm-acide-hyaluronique-150-capsules\/","url":"https:\/\/vitablanca.ma\/produit\/doctors-best-glucosamine-chondroitine-msm-acide-hyaluronique-150-capsules\/","name":"Doctor's BEST Glucosamine Chondro\u00eftine MSM 150 capsules - Maroc","isPartOf":{"@id":"https:\/\/vitablanca.ma\/#website"},"primaryImageOfPage":{"@id":"https:\/\/vitablanca.ma\/produit\/doctors-best-glucosamine-chondroitine-msm-acide-hyaluronique-150-capsules\/#primaryimage"},"image":{"@id":"https:\/\/vitablanca.ma\/produit\/doctors-best-glucosamine-chondroitine-msm-acide-hyaluronique-150-capsules\/#primaryimage"},"thumbnailUrl":"https:\/\/vitablanca.ma\/wp-content\/uploads\/2025\/09\/Doctors-BEST-Glucosamine-Chondroitine-MSM-Acide-hyaluronique-150-capsules.jpg","datePublished":"2025-09-18T01:51:17+00:00","dateModified":"2025-12-02T20:33:46+00:00","description":"Achetez Doctor's Best Glucosamine Chondro\u00eftine MSM + Acide Hyaluronique (150 capsules) au Maroc. Soutien articulations, mobilit\u00e9 et sant\u00e9 du cartilage.","breadcrumb":{"@id":"https:\/\/vitablanca.ma\/produit\/doctors-best-glucosamine-chondroitine-msm-acide-hyaluronique-150-capsules\/#breadcrumb"},"inLanguage":"ar","potentialAction":[{"@type":"ReadAction","target":["https:\/\/vitablanca.ma\/produit\/doctors-best-glucosamine-chondroitine-msm-acide-hyaluronique-150-capsules\/"]}]},{"@type":"ImageObject","inLanguage":"ar","@id":"https:\/\/vitablanca.ma\/produit\/doctors-best-glucosamine-chondroitine-msm-acide-hyaluronique-150-capsules\/#primaryimage","url":"https:\/\/vitablanca.ma\/wp-content\/uploads\/2025\/09\/Doctors-BEST-Glucosamine-Chondroitine-MSM-Acide-hyaluronique-150-capsules.jpg","contentUrl":"https:\/\/vitablanca.ma\/wp-content\/uploads\/2025\/09\/Doctors-BEST-Glucosamine-Chondroitine-MSM-Acide-hyaluronique-150-capsules.jpg","width":680,"height":680},{"@type":"BreadcrumbList","@id":"https:\/\/vitablanca.ma\/produit\/doctors-best-glucosamine-chondroitine-msm-acide-hyaluronique-150-capsules\/#breadcrumb","itemListElement":[{"@type":"ListItem","position":1,"name":"Home","item":"https:\/\/vitablanca.ma\/"},{"@type":"ListItem","position":2,"name":"Tous Les Produits","item":"https:\/\/vitablanca.ma\/tous-les-produits\/"},{"@type":"ListItem","position":3,"name":"Doctor&#8217;s BEST Glucosamine Chondro\u00eftine MSM + Acide hyaluronique 150 capsules"}]},{"@type":"WebSite","@id":"https:\/\/vitablanca.ma\/#website","url":"https:\/\/vitablanca.ma\/","name":"VitaBlanca.ma | \u0627\u0644\u0645\u0643\u0645\u0644\u0627\u062a \u0627\u0644\u063a\u0630\u0627\u0626\u064a\u0629\u060c \u0627\u0644\u0635\u062d\u0629 \u0648\u0627\u0644\u062c\u0645\u0627\u0644 \u0641\u064a \u0627\u0644\u0645\u063a\u0631\u0628","description":"\u0646\u0628\u064a\u0639 \u0641\u064a\u062a\u0627\u0645\u064a\u0646\u0627\u062a \u0648\u0645\u0643\u0645\u0644\u0627\u062a \u063a\u0630\u0627\u0626\u064a\u0629 \u0641\u0627\u062e\u0631\u0629 \u0645\u0646 \u0627\u0644\u0648\u0644\u0627\u064a\u0627\u062a \u0627\u0644\u0645\u062a\u062d\u062f\u0629 \u0627\u0644\u0623\u0645\u0631\u064a\u0643\u064a\u0629 \u0648\u0643\u0646\u062f\u0627 \u0648\u0646\u064a\u0648\u0632\u064a\u0644\u0646\u062f\u0627 \u0648\u0627\u0644\u0645\u063a\u0631\u0628 (\u0646\u0627\u0648 \u0641\u0648\u062f\u0632\u060c \u0633\u0648\u0644\u062c\u0627\u0631\u060c \u0645\u0627\u0646\u0648\u0643\u0627). \u062a\u0648\u0635\u064a\u0644 \u0633\u0631\u064a\u0639 \u0625\u0644\u0649 \u062c\u0645\u064a\u0639 \u0623\u0646\u062d\u0627\u0621 \u0627\u0644\u0645\u063a\u0631\u0628.","publisher":{"@id":"https:\/\/vitablanca.ma\/#organization"},"alternateName":"VitaBlanca.ma","potentialAction":[{"@type":"SearchAction","target":{"@type":"EntryPoint","urlTemplate":"https:\/\/vitablanca.ma\/?s={search_term_string}"},"query-input":{"@type":"PropertyValueSpecification","valueRequired":true,"valueName":"search_term_string"}}],"inLanguage":"ar"},{"@type":"Organization","@id":"https:\/\/vitablanca.ma\/#organization","name":"\u0641\u064a\u062a\u0627\u0628\u0644\u0627\u0646\u0643\u0627","url":"https:\/\/vitablanca.ma\/","logo":{"@type":"ImageObject","inLanguage":"ar","@id":"https:\/\/vitablanca.ma\/#\/schema\/logo\/image\/","url":"https:\/\/vitablanca.ma\/wp-content\/uploads\/2025\/05\/cropped-vitablanca.png","contentUrl":"https:\/\/vitablanca.ma\/wp-content\/uploads\/2025\/05\/cropped-vitablanca.png","width":360,"height":67,"caption":"VitaBlanca"},"image":{"@id":"https:\/\/vitablanca.ma\/#\/schema\/logo\/image\/"},"sameAs":["https:\/\/www.facebook.com\/profile.php?id=61576678196717","https:\/\/www.tiktok.com\/@vitablanca.ma","https:\/\/www.instagram.com\/vitablanca.ma\/"]}]}},"jetpack_sharing_enabled":true,"_links":{"self":[{"href":"https:\/\/vitablanca.ma\/ar\/wp-json\/wp\/v2\/product\/25573","targetHints":{"allow":["GET"]}}],"collection":[{"href":"https:\/\/vitablanca.ma\/ar\/wp-json\/wp\/v2\/product"}],"about":[{"href":"https:\/\/vitablanca.ma\/ar\/wp-json\/wp\/v2\/types\/product"}],"wp:featuredmedia":[{"embeddable":true,"href":"https:\/\/vitablanca.ma\/ar\/wp-json\/wp\/v2\/media\/25630"}],"wp:attachment":[{"href":"https:\/\/vitablanca.ma\/ar\/wp-json\/wp\/v2\/media?parent=25573"}],"wp:term":[{"taxonomy":"product_brand","embeddable":true,"href":"https:\/\/vitablanca.ma\/ar\/wp-json\/wp\/v2\/product_brand?post=25573"},{"taxonomy":"product_cat","embeddable":true,"href":"https:\/\/vitablanca.ma\/ar\/wp-json\/wp\/v2\/product_cat?post=25573"},{"taxonomy":"product_tag","embeddable":true,"href":"https:\/\/vitablanca.ma\/ar\/wp-json\/wp\/v2\/product_tag?post=25573"}],"curies":[{"name":"wp","href":"https:\/\/api.w.org\/{rel}","templated":true}]}}