{"id":25513,"date":"2025-09-18T01:50:51","date_gmt":"2025-09-18T01:50:51","guid":{"rendered":"https:\/\/vitablanca.ma\/?post_type=product&#038;p=25513"},"modified":"2025-12-01T18:02:28","modified_gmt":"2025-12-01T18:02:28","slug":"bioschwartz-organic-turmeric-curcumin-et-ginger95-standardized-curcuminoids-avec-bioperine-black-pepper-extract-160-caps","status":"publish","type":"product","link":"https:\/\/vitablanca.ma\/ar\/product-2\/bioschwartz-organic-turmeric-curcumin-et-ginger95-standardized-curcuminoids-avec-bioperine-black-pepper-extract-160-caps\/","title":{"rendered":"BioSchwartz Organic Turmeric Curcumin et Ginger, 160 Caps"},"content":{"rendered":"<p>Curcuma, curcumine et gingembre de tr\u00e8s haute puret\u00e9 &#8211; Notre suppl\u00e9ment de curcuma et de gingembre est fabriqu\u00e9 avec un complexe de qualit\u00e9 sup\u00e9rieure d&rsquo;extrait de racine de curcuma biologique standardis\u00e9 \u00e0 95 % de curcumino\u00efdes pour une densit\u00e9 nutritionnelle maximale, ainsi que d&rsquo;extrait de racine de gingembre biologique, de poudre de racine de curcuma et d&rsquo;extrait de poivre noir BioPerine pour une absorption optimale, afin que vous puissiez profiter des bienfaits du curcuma et du gingembre de haute qualit\u00e9 dans chaque portion<br \/>\nSuppl\u00e9ment de soutien naturel des articulations et plus encore &#8211; Le curcuma, la curcumine et le gingembre sont des herbes riches en antioxydants utilis\u00e9es depuis des milliers d&rsquo;ann\u00e9es pour aider \u00e0 soutenir la sant\u00e9 des articulations et des muscles, ce qui en fait un compl\u00e9ment quotidien id\u00e9al pour les femmes, les hommes et les personnes \u00e2g\u00e9es qui veulent aimer \u00e0 nouveau la fa\u00e7on dont ils bougent et se sentent<br \/>\nFavorise le confort de l&rsquo;estomac pour une digestion facile &#8211; Notre m\u00e9lange unique de curcuma, de gingembre et de biop\u00e9rine de qualit\u00e9 sup\u00e9rieure est formul\u00e9 pour \u00eatre tr\u00e8s efficace tout en \u00e9tant facilement digestible pour le confort de l&rsquo;estomac<br \/>\n\u00c9tablissement d&rsquo;une nouvelle norme \u00e9lev\u00e9e de qualit\u00e9 &#8211; Pour garantir que nos suppl\u00e9ments de curcuma et de gingembre sont s\u00fbrs, efficaces et de qualit\u00e9 sup\u00e9rieure, chaque bouteille est fabriqu\u00e9e avec soin dans une installation cGMP aux \u00c9tats-Unis en utilisant uniquement les meilleurs ingr\u00e9dients d&rsquo;origine mondiale &#8211; sans OGM, agents de remplissage, colorants, liants ou conservateurs<br \/>\nProtocole exclusif de test des ingr\u00e9dients actifs &#8211; Avant la mise en bouteille, chaque lot de nos suppl\u00e9ments de curcuma et de gingembre est soigneusement test\u00e9 en laboratoire pour garantir qu&rsquo;il est standardis\u00e9 aux niveaux corrects de puissance et de puret\u00e9 des ingr\u00e9dients actifs &#8211; cette \u00e9tape suppl\u00e9mentaire vous garantit d&rsquo;obtenir le suppl\u00e9ment de curcuma et de gingembre hautement efficace que vous m\u00e9ritez<\/p>","protected":false},"excerpt":{"rendered":"<ul>\n<li>Curcuma, curcumine et gingembre de tr\u00e8s haute puret\u00e9 &#8211; Notre suppl\u00e9ment de curcuma et de gingembre est fabriqu\u00e9 avec un complexe de qualit\u00e9 sup\u00e9rieure d&rsquo;extrait de racine de curcuma biologique standardis\u00e9 \u00e0 95 % de curcumino\u00efdes<\/li>\n<li>\u062f\u0639\u0645 \u0627\u0644\u0645\u0641\u0627\u0635\u0644 \u0648\u0627\u0644\u0639\u0636\u0644\u0627\u062a<\/li>\n<li>\u062f\u0639\u0645 \u0627\u0644\u0645\u0646\u0627\u0639\u0629<\/li>\n<li>Soutient l&rsquo;estomac<\/li>\n<li>Sans agents de remplissage<\/li>\n<\/ul>","protected":false},"featured_media":25599,"template":"","meta":{"om_disable_all_campaigns":false},"product_brand":[3197],"product_cat":[18,3366],"product_tag":[936,1033,3879,3880,3881,3882,942],"class_list":{"0":"post-25513","1":"product","2":"type-product","3":"status-publish","4":"has-post-thumbnail","6":"product_brand-bioschwartz-maroc-prix","7":"product_cat-beaute-sante","8":"product_cat-complements-alimentaires-au-maroc-vitablanca","9":"product_tag-anti-inflammatoire-naturel","10":"product_tag-bioperine","11":"product_tag-bioschwartz-curcuma-curcumine","12":"product_tag-curcuma-bio-95","13":"product_tag-curcuma-et-gingembre","14":"product_tag-mobilite","15":"product_tag-sante-articulaire","17":"first","18":"instock","19":"sale","20":"taxable","21":"shipping-taxable","22":"purchasable","23":"product-type-simple"},"yoast_head":"<!-- This site is optimized with the Yoast SEO plugin v27.3 - https:\/\/yoast.com\/product\/yoast-seo-wordpress\/ -->\n<title>BioSchwartz Organic Turmeric Curcumin et Ginger - Maroc Prix<\/title>\n<meta name=\"description\" content=\"Profitez des bienfaits du curcuma bio et du gingembre BioSchwartz. Formule \u00e0 95% de curcumino\u00efdes standardis\u00e9s et BioPerine pour une absorption optimale\" \/>\n<meta name=\"robots\" content=\"index, follow, max-snippet:-1, max-image-preview:large, max-video-preview:-1\" \/>\n<link rel=\"canonical\" href=\"https:\/\/vitablanca.ma\/ar\/product-2\/bioschwartz-organic-turmeric-curcumin-et-ginger95-standardized-curcuminoids-avec-bioperine-black-pepper-extract-160-caps\/\" \/>\n<meta property=\"og:locale\" content=\"ar_AR\" \/>\n<meta property=\"og:type\" content=\"article\" \/>\n<meta property=\"og:title\" content=\"BioSchwartz Organic Turmeric Curcumin et Ginger - Maroc Prix\" \/>\n<meta property=\"og:description\" content=\"Profitez des bienfaits du curcuma bio et du gingembre BioSchwartz. Formule \u00e0 95% de curcumino\u00efdes standardis\u00e9s et BioPerine pour une absorption optimale\" \/>\n<meta property=\"og:url\" content=\"https:\/\/vitablanca.ma\/ar\/product-2\/bioschwartz-organic-turmeric-curcumin-et-ginger95-standardized-curcuminoids-avec-bioperine-black-pepper-extract-160-caps\/\" \/>\n<meta property=\"og:site_name\" content=\"Vitablanca.ma &ndash; Sant&eacute;, vitalit&eacute; et bien-&ecirc;tre pour tous les Marocains\" \/>\n<meta property=\"article:publisher\" content=\"https:\/\/www.facebook.com\/profile.php?id=61576678196717\" \/>\n<meta property=\"article:modified_time\" content=\"2025-12-01T18:02:28+00:00\" \/>\n<meta property=\"og:image\" content=\"https:\/\/vitablanca.ma\/wp-content\/uploads\/2025\/09\/WhatsApp-Image-2025-08-26-at-16.55.14.jpeg\" \/>\n\t<meta property=\"og:image:width\" content=\"1170\" \/>\n\t<meta property=\"og:image:height\" content=\"1435\" \/>\n\t<meta property=\"og:image:type\" content=\"image\/jpeg\" \/>\n<meta name=\"twitter:card\" content=\"summary_large_image\" \/>\n<meta name=\"twitter:label1\" content=\"\u0648\u0642\u062a \u0627\u0644\u0642\u0631\u0627\u0621\u0629 \u0627\u0644\u0645\u064f\u0642\u062f\u0651\u0631\" \/>\n\t<meta name=\"twitter:data1\" content=\"\u062f\u0642\u064a\u0642\u062a\u0627\u0646\" \/>\n<script type=\"application\/ld+json\" class=\"yoast-schema-graph\">{\"@context\":\"https:\\\/\\\/schema.org\",\"@graph\":[{\"@type\":[\"WebPage\",\"ItemPage\"],\"@id\":\"https:\\\/\\\/vitablanca.ma\\\/produit\\\/bioschwartz-organic-turmeric-curcumin-et-ginger95-standardized-curcuminoids-avec-bioperine-black-pepper-extract-160-caps\\\/\",\"url\":\"https:\\\/\\\/vitablanca.ma\\\/produit\\\/bioschwartz-organic-turmeric-curcumin-et-ginger95-standardized-curcuminoids-avec-bioperine-black-pepper-extract-160-caps\\\/\",\"name\":\"BioSchwartz Organic Turmeric Curcumin et Ginger - Maroc Prix\",\"isPartOf\":{\"@id\":\"https:\\\/\\\/vitablanca.ma\\\/#website\"},\"primaryImageOfPage\":{\"@id\":\"https:\\\/\\\/vitablanca.ma\\\/produit\\\/bioschwartz-organic-turmeric-curcumin-et-ginger95-standardized-curcuminoids-avec-bioperine-black-pepper-extract-160-caps\\\/#primaryimage\"},\"image\":{\"@id\":\"https:\\\/\\\/vitablanca.ma\\\/produit\\\/bioschwartz-organic-turmeric-curcumin-et-ginger95-standardized-curcuminoids-avec-bioperine-black-pepper-extract-160-caps\\\/#primaryimage\"},\"thumbnailUrl\":\"https:\\\/\\\/vitablanca.ma\\\/wp-content\\\/uploads\\\/2025\\\/09\\\/WhatsApp-Image-2025-08-26-at-16.55.14.jpeg\",\"datePublished\":\"2025-09-18T01:50:51+00:00\",\"dateModified\":\"2025-12-01T18:02:28+00:00\",\"description\":\"Profitez des bienfaits du curcuma bio et du gingembre BioSchwartz. Formule \u00e0 95% de curcumino\u00efdes standardis\u00e9s et BioPerine pour une absorption optimale\",\"breadcrumb\":{\"@id\":\"https:\\\/\\\/vitablanca.ma\\\/produit\\\/bioschwartz-organic-turmeric-curcumin-et-ginger95-standardized-curcuminoids-avec-bioperine-black-pepper-extract-160-caps\\\/#breadcrumb\"},\"inLanguage\":\"ar\",\"potentialAction\":[{\"@type\":\"ReadAction\",\"target\":[\"https:\\\/\\\/vitablanca.ma\\\/produit\\\/bioschwartz-organic-turmeric-curcumin-et-ginger95-standardized-curcuminoids-avec-bioperine-black-pepper-extract-160-caps\\\/\"]}]},{\"@type\":\"ImageObject\",\"inLanguage\":\"ar\",\"@id\":\"https:\\\/\\\/vitablanca.ma\\\/produit\\\/bioschwartz-organic-turmeric-curcumin-et-ginger95-standardized-curcuminoids-avec-bioperine-black-pepper-extract-160-caps\\\/#primaryimage\",\"url\":\"https:\\\/\\\/vitablanca.ma\\\/wp-content\\\/uploads\\\/2025\\\/09\\\/WhatsApp-Image-2025-08-26-at-16.55.14.jpeg\",\"contentUrl\":\"https:\\\/\\\/vitablanca.ma\\\/wp-content\\\/uploads\\\/2025\\\/09\\\/WhatsApp-Image-2025-08-26-at-16.55.14.jpeg\",\"width\":1170,\"height\":1435},{\"@type\":\"BreadcrumbList\",\"@id\":\"https:\\\/\\\/vitablanca.ma\\\/produit\\\/bioschwartz-organic-turmeric-curcumin-et-ginger95-standardized-curcuminoids-avec-bioperine-black-pepper-extract-160-caps\\\/#breadcrumb\",\"itemListElement\":[{\"@type\":\"ListItem\",\"position\":1,\"name\":\"Home\",\"item\":\"https:\\\/\\\/vitablanca.ma\\\/\"},{\"@type\":\"ListItem\",\"position\":2,\"name\":\"Tous Les Produits\",\"item\":\"https:\\\/\\\/vitablanca.ma\\\/tous-les-produits\\\/\"},{\"@type\":\"ListItem\",\"position\":3,\"name\":\"BioSchwartz Organic Turmeric Curcumin et Ginger, 160 Caps\"}]},{\"@type\":\"WebSite\",\"@id\":\"https:\\\/\\\/vitablanca.ma\\\/#website\",\"url\":\"https:\\\/\\\/vitablanca.ma\\\/\",\"name\":\"VitaBlanca.ma | Compl\u00e9ments alimentaires, sant\u00e9 & beaut\u00e9 au Maroc\",\"description\":\"vendre vitamines et compl\u00e9ments premium des USA &amp; Canada, Nouvelle Z\u00e9lande,Maroc (NOW Foods, Solgar, Manuka). Livraison rapide partout au Maroc.\",\"publisher\":{\"@id\":\"https:\\\/\\\/vitablanca.ma\\\/#organization\"},\"alternateName\":\"VitaBlanca.ma\",\"potentialAction\":[{\"@type\":\"SearchAction\",\"target\":{\"@type\":\"EntryPoint\",\"urlTemplate\":\"https:\\\/\\\/vitablanca.ma\\\/?s={search_term_string}\"},\"query-input\":{\"@type\":\"PropertyValueSpecification\",\"valueRequired\":true,\"valueName\":\"search_term_string\"}}],\"inLanguage\":\"ar\"},{\"@type\":\"Organization\",\"@id\":\"https:\\\/\\\/vitablanca.ma\\\/#organization\",\"name\":\"VitaBlanca\",\"url\":\"https:\\\/\\\/vitablanca.ma\\\/\",\"logo\":{\"@type\":\"ImageObject\",\"inLanguage\":\"ar\",\"@id\":\"https:\\\/\\\/vitablanca.ma\\\/#\\\/schema\\\/logo\\\/image\\\/\",\"url\":\"https:\\\/\\\/vitablanca.ma\\\/wp-content\\\/uploads\\\/2025\\\/05\\\/cropped-vitablanca.png\",\"contentUrl\":\"https:\\\/\\\/vitablanca.ma\\\/wp-content\\\/uploads\\\/2025\\\/05\\\/cropped-vitablanca.png\",\"width\":360,\"height\":67,\"caption\":\"VitaBlanca\"},\"image\":{\"@id\":\"https:\\\/\\\/vitablanca.ma\\\/#\\\/schema\\\/logo\\\/image\\\/\"},\"sameAs\":[\"https:\\\/\\\/www.facebook.com\\\/profile.php?id=61576678196717\",\"https:\\\/\\\/www.tiktok.com\\\/@vitablanca.ma\",\"https:\\\/\\\/www.instagram.com\\\/vitablanca.ma\\\/\"]}]}<\/script>\n<!-- \/ Yoast SEO plugin. -->","yoast_head_json":{"title":"BioSchwartz Organic Turmeric Curcumin et Ginger - Maroc Prix","description":"Profitez des bienfaits du curcuma bio et du gingembre BioSchwartz. Formule \u00e0 95% de curcumino\u00efdes standardis\u00e9s et BioPerine pour une absorption optimale","robots":{"index":"index","follow":"follow","max-snippet":"max-snippet:-1","max-image-preview":"max-image-preview:large","max-video-preview":"max-video-preview:-1"},"canonical":"https:\/\/vitablanca.ma\/ar\/product-2\/bioschwartz-organic-turmeric-curcumin-et-ginger95-standardized-curcuminoids-avec-bioperine-black-pepper-extract-160-caps\/","og_locale":"ar_AR","og_type":"article","og_title":"BioSchwartz Organic Turmeric Curcumin et Ginger - Maroc Prix","og_description":"Profitez des bienfaits du curcuma bio et du gingembre BioSchwartz. Formule \u00e0 95% de curcumino\u00efdes standardis\u00e9s et BioPerine pour une absorption optimale","og_url":"https:\/\/vitablanca.ma\/ar\/product-2\/bioschwartz-organic-turmeric-curcumin-et-ginger95-standardized-curcuminoids-avec-bioperine-black-pepper-extract-160-caps\/","og_site_name":"Vitablanca.ma &ndash; Sant&eacute;, vitalit&eacute; et bien-&ecirc;tre pour tous les Marocains","article_publisher":"https:\/\/www.facebook.com\/profile.php?id=61576678196717","article_modified_time":"2025-12-01T18:02:28+00:00","og_image":[{"width":1170,"height":1435,"url":"https:\/\/vitablanca.ma\/wp-content\/uploads\/2025\/09\/WhatsApp-Image-2025-08-26-at-16.55.14.jpeg","type":"image\/jpeg"}],"twitter_card":"summary_large_image","twitter_misc":{"\u0648\u0642\u062a \u0627\u0644\u0642\u0631\u0627\u0621\u0629 \u0627\u0644\u0645\u064f\u0642\u062f\u0651\u0631":"\u062f\u0642\u064a\u0642\u062a\u0627\u0646"},"schema":{"@context":"https:\/\/schema.org","@graph":[{"@type":["WebPage","ItemPage"],"@id":"https:\/\/vitablanca.ma\/produit\/bioschwartz-organic-turmeric-curcumin-et-ginger95-standardized-curcuminoids-avec-bioperine-black-pepper-extract-160-caps\/","url":"https:\/\/vitablanca.ma\/produit\/bioschwartz-organic-turmeric-curcumin-et-ginger95-standardized-curcuminoids-avec-bioperine-black-pepper-extract-160-caps\/","name":"BioSchwartz Organic Turmeric Curcumin et Ginger - Maroc Prix","isPartOf":{"@id":"https:\/\/vitablanca.ma\/#website"},"primaryImageOfPage":{"@id":"https:\/\/vitablanca.ma\/produit\/bioschwartz-organic-turmeric-curcumin-et-ginger95-standardized-curcuminoids-avec-bioperine-black-pepper-extract-160-caps\/#primaryimage"},"image":{"@id":"https:\/\/vitablanca.ma\/produit\/bioschwartz-organic-turmeric-curcumin-et-ginger95-standardized-curcuminoids-avec-bioperine-black-pepper-extract-160-caps\/#primaryimage"},"thumbnailUrl":"https:\/\/vitablanca.ma\/wp-content\/uploads\/2025\/09\/WhatsApp-Image-2025-08-26-at-16.55.14.jpeg","datePublished":"2025-09-18T01:50:51+00:00","dateModified":"2025-12-01T18:02:28+00:00","description":"Profitez des bienfaits du curcuma bio et du gingembre BioSchwartz. Formule \u00e0 95% de curcumino\u00efdes standardis\u00e9s et BioPerine pour une absorption optimale","breadcrumb":{"@id":"https:\/\/vitablanca.ma\/produit\/bioschwartz-organic-turmeric-curcumin-et-ginger95-standardized-curcuminoids-avec-bioperine-black-pepper-extract-160-caps\/#breadcrumb"},"inLanguage":"ar","potentialAction":[{"@type":"ReadAction","target":["https:\/\/vitablanca.ma\/produit\/bioschwartz-organic-turmeric-curcumin-et-ginger95-standardized-curcuminoids-avec-bioperine-black-pepper-extract-160-caps\/"]}]},{"@type":"ImageObject","inLanguage":"ar","@id":"https:\/\/vitablanca.ma\/produit\/bioschwartz-organic-turmeric-curcumin-et-ginger95-standardized-curcuminoids-avec-bioperine-black-pepper-extract-160-caps\/#primaryimage","url":"https:\/\/vitablanca.ma\/wp-content\/uploads\/2025\/09\/WhatsApp-Image-2025-08-26-at-16.55.14.jpeg","contentUrl":"https:\/\/vitablanca.ma\/wp-content\/uploads\/2025\/09\/WhatsApp-Image-2025-08-26-at-16.55.14.jpeg","width":1170,"height":1435},{"@type":"BreadcrumbList","@id":"https:\/\/vitablanca.ma\/produit\/bioschwartz-organic-turmeric-curcumin-et-ginger95-standardized-curcuminoids-avec-bioperine-black-pepper-extract-160-caps\/#breadcrumb","itemListElement":[{"@type":"ListItem","position":1,"name":"Home","item":"https:\/\/vitablanca.ma\/"},{"@type":"ListItem","position":2,"name":"Tous Les Produits","item":"https:\/\/vitablanca.ma\/tous-les-produits\/"},{"@type":"ListItem","position":3,"name":"BioSchwartz Organic Turmeric Curcumin et Ginger, 160 Caps"}]},{"@type":"WebSite","@id":"https:\/\/vitablanca.ma\/#website","url":"https:\/\/vitablanca.ma\/","name":"VitaBlanca.ma | \u0627\u0644\u0645\u0643\u0645\u0644\u0627\u062a \u0627\u0644\u063a\u0630\u0627\u0626\u064a\u0629\u060c \u0627\u0644\u0635\u062d\u0629 \u0648\u0627\u0644\u062c\u0645\u0627\u0644 \u0641\u064a \u0627\u0644\u0645\u063a\u0631\u0628","description":"\u0646\u0628\u064a\u0639 \u0641\u064a\u062a\u0627\u0645\u064a\u0646\u0627\u062a \u0648\u0645\u0643\u0645\u0644\u0627\u062a \u063a\u0630\u0627\u0626\u064a\u0629 \u0641\u0627\u062e\u0631\u0629 \u0645\u0646 \u0627\u0644\u0648\u0644\u0627\u064a\u0627\u062a \u0627\u0644\u0645\u062a\u062d\u062f\u0629 \u0627\u0644\u0623\u0645\u0631\u064a\u0643\u064a\u0629 \u0648\u0643\u0646\u062f\u0627 \u0648\u0646\u064a\u0648\u0632\u064a\u0644\u0646\u062f\u0627 \u0648\u0627\u0644\u0645\u063a\u0631\u0628 (\u0646\u0627\u0648 \u0641\u0648\u062f\u0632\u060c \u0633\u0648\u0644\u062c\u0627\u0631\u060c \u0645\u0627\u0646\u0648\u0643\u0627). \u062a\u0648\u0635\u064a\u0644 \u0633\u0631\u064a\u0639 \u0625\u0644\u0649 \u062c\u0645\u064a\u0639 \u0623\u0646\u062d\u0627\u0621 \u0627\u0644\u0645\u063a\u0631\u0628.","publisher":{"@id":"https:\/\/vitablanca.ma\/#organization"},"alternateName":"VitaBlanca.ma","potentialAction":[{"@type":"SearchAction","target":{"@type":"EntryPoint","urlTemplate":"https:\/\/vitablanca.ma\/?s={search_term_string}"},"query-input":{"@type":"PropertyValueSpecification","valueRequired":true,"valueName":"search_term_string"}}],"inLanguage":"ar"},{"@type":"Organization","@id":"https:\/\/vitablanca.ma\/#organization","name":"\u0641\u064a\u062a\u0627\u0628\u0644\u0627\u0646\u0643\u0627","url":"https:\/\/vitablanca.ma\/","logo":{"@type":"ImageObject","inLanguage":"ar","@id":"https:\/\/vitablanca.ma\/#\/schema\/logo\/image\/","url":"https:\/\/vitablanca.ma\/wp-content\/uploads\/2025\/05\/cropped-vitablanca.png","contentUrl":"https:\/\/vitablanca.ma\/wp-content\/uploads\/2025\/05\/cropped-vitablanca.png","width":360,"height":67,"caption":"VitaBlanca"},"image":{"@id":"https:\/\/vitablanca.ma\/#\/schema\/logo\/image\/"},"sameAs":["https:\/\/www.facebook.com\/profile.php?id=61576678196717","https:\/\/www.tiktok.com\/@vitablanca.ma","https:\/\/www.instagram.com\/vitablanca.ma\/"]}]}},"jetpack_sharing_enabled":true,"_links":{"self":[{"href":"https:\/\/vitablanca.ma\/ar\/wp-json\/wp\/v2\/product\/25513","targetHints":{"allow":["GET"]}}],"collection":[{"href":"https:\/\/vitablanca.ma\/ar\/wp-json\/wp\/v2\/product"}],"about":[{"href":"https:\/\/vitablanca.ma\/ar\/wp-json\/wp\/v2\/types\/product"}],"wp:featuredmedia":[{"embeddable":true,"href":"https:\/\/vitablanca.ma\/ar\/wp-json\/wp\/v2\/media\/25599"}],"wp:attachment":[{"href":"https:\/\/vitablanca.ma\/ar\/wp-json\/wp\/v2\/media?parent=25513"}],"wp:term":[{"taxonomy":"product_brand","embeddable":true,"href":"https:\/\/vitablanca.ma\/ar\/wp-json\/wp\/v2\/product_brand?post=25513"},{"taxonomy":"product_cat","embeddable":true,"href":"https:\/\/vitablanca.ma\/ar\/wp-json\/wp\/v2\/product_cat?post=25513"},{"taxonomy":"product_tag","embeddable":true,"href":"https:\/\/vitablanca.ma\/ar\/wp-json\/wp\/v2\/product_tag?post=25513"}],"curies":[{"name":"wp","href":"https:\/\/api.w.org\/{rel}","templated":true}]}}