{"id":25455,"date":"2025-09-18T01:50:23","date_gmt":"2025-09-18T01:50:23","guid":{"rendered":"https:\/\/vitablanca.ma\/?post_type=product&#038;p=25455"},"modified":"2025-09-22T18:10:21","modified_gmt":"2025-09-22T18:10:21","slug":"now-foods-glutathione-vegan-sans-gelatine-500-mg-60-capsules-vegetariennes","status":"publish","type":"product","link":"https:\/\/vitablanca.ma\/ar\/product-2\/now-foods-glutathione-vegan-sans-gelatine-500-mg-60-capsules-vegetariennes\/","title":{"rendered":"Now Foods Glutathione 500 mg 60 capsules v\u00e9g\u00e9tariennes"},"content":{"rendered":"<p data-start=\"111\" data-end=\"483\"><strong data-start=\"111\" data-end=\"143\">Now Foods Glutathione 500 mg<\/strong> est un suppl\u00e9ment puissant contenant <strong data-start=\"181\" data-end=\"205\">500 mg de glutathion<\/strong> par capsule v\u00e9g\u00e9tarienne. Le <strong data-start=\"235\" data-end=\"249\">glutathion<\/strong> est un antioxydant essentiel produit naturellement par le corps, jouant un r\u00f4le cl\u00e9 dans la protection des cellules contre les radicaux libres, le soutien du syst\u00e8me immunitaire et la d\u00e9toxification, en particulier au niveau du foie.<\/p>\n<ul data-start=\"485\" data-end=\"1476\">\n<li data-start=\"485\" data-end=\"707\">\n<p data-start=\"487\" data-end=\"707\"><strong data-start=\"487\" data-end=\"510\">Soutien Antioxydant<\/strong> : Le glutathion est l\u2019un des antioxydants les plus efficaces du corps. Il aide \u00e0 neutraliser les radicaux libres, r\u00e9duisant ainsi le stress oxydatif et prot\u00e9geant les cellules contre les dommages.<\/p>\n<\/li>\n<li data-start=\"708\" data-end=\"927\">\n<p data-start=\"710\" data-end=\"927\"><strong data-start=\"710\" data-end=\"736\">D\u00e9toxification du Foie<\/strong> : En tant qu\u2019antioxydant cl\u00e9 du foie, le glutathion aide \u00e0 \u00e9liminer les toxines et soutient la d\u00e9toxification du foie, favorisant la r\u00e9g\u00e9n\u00e9ration cellulaire et une meilleure sant\u00e9 h\u00e9patique.<\/p>\n<\/li>\n<li data-start=\"928\" data-end=\"1145\">\n<p data-start=\"930\" data-end=\"1145\"><strong data-start=\"930\" data-end=\"969\">Renforcement du Syst\u00e8me Immunitaire<\/strong> : Le glutathion joue un r\u00f4le essentiel dans le renforcement du syst\u00e8me immunitaire, en soutenant la production de cellules immunitaires et en prot\u00e9geant contre les infections.<\/p>\n<\/li>\n<li data-start=\"1146\" data-end=\"1328\">\n<p data-start=\"1148\" data-end=\"1328\"><strong data-start=\"1148\" data-end=\"1182\">Propri\u00e9t\u00e9s Anti-inflammatoires<\/strong> : Ce suppl\u00e9ment aide \u00e9galement \u00e0 r\u00e9duire l\u2019inflammation, offrant un soutien suppl\u00e9mentaire pour la sant\u00e9 des articulations et le confort g\u00e9n\u00e9ral.<\/p>\n<\/li>\n<li data-start=\"1329\" data-end=\"1476\">\n<p data-start=\"1331\" data-end=\"1476\"><strong data-start=\"1331\" data-end=\"1355\">Formule V\u00e9g\u00e9tarienne<\/strong> : Ce produit est formul\u00e9 avec des ingr\u00e9dients v\u00e9g\u00e9tariens, sans additifs inutiles, garantissant une absorption optimale.<\/p>\n<\/li>\n<\/ul>\n<p data-start=\"1478\" data-end=\"1615\"><strong data-start=\"1478\" data-end=\"1493\">\u064a\u0633\u062a\u062e\u062f\u0645<\/strong> : Prenez 1 capsule par jour, de pr\u00e9f\u00e9rence pendant un repas, ou selon les recommandations d\u2019un professionnel de la sant\u00e9.<\/p>\n<h3 data-start=\"1617\" data-end=\"1635\"><strong data-start=\"1621\" data-end=\"1634\">\u0641\u0648\u0627\u0626\u062f<\/strong>:<\/h3>\n<ul data-start=\"1636\" data-end=\"2003\">\n<li data-start=\"1636\" data-end=\"1710\">\n<p data-start=\"1638\" data-end=\"1710\"><strong data-start=\"1638\" data-end=\"1675\">\u064a\u062d\u0645\u064a \u0645\u0646 \u0627\u0644\u0625\u062c\u0647\u0627\u062f \u0627\u0644\u062a\u0623\u0643\u0633\u062f\u064a<\/strong> et soutient les cellules du corps.<\/p>\n<\/li>\n<li data-start=\"1711\" data-end=\"1783\">\n<p data-start=\"1713\" data-end=\"1783\"><strong data-start=\"1713\" data-end=\"1743\">Favorise la d\u00e9toxification<\/strong> du foie et soutient la sant\u00e9 h\u00e9patique.<\/p>\n<\/li>\n<li data-start=\"1784\" data-end=\"1858\">\n<p data-start=\"1786\" data-end=\"1858\"><strong data-start=\"1786\" data-end=\"1821\">\u064a\u0642\u0648\u064a \u062c\u0647\u0627\u0632 \u0627\u0644\u0645\u0646\u0627\u0639\u0629<\/strong> et am\u00e9liore les d\u00e9fenses naturelles.<\/p>\n<\/li>\n<li data-start=\"1859\" data-end=\"1926\">\n<p data-start=\"1861\" data-end=\"1926\"><strong data-start=\"1861\" data-end=\"1886\">R\u00e9duit l\u2019inflammation<\/strong> et soutient la sant\u00e9 des articulations.<\/p>\n<\/li>\n<li data-start=\"1927\" data-end=\"2003\">\n<p data-start=\"1929\" data-end=\"2003\"><strong data-start=\"1929\" data-end=\"1953\">\u0635\u064a\u063a\u0629 \u0646\u0628\u0627\u062a\u064a\u0629<\/strong> pour une absorption optimale et une prise facile.<\/p>\n<\/li>\n<\/ul>\n<p data-start=\"2005\" data-end=\"2239\" data-is-last-node=\"\" data-is-only-node=\"\"><strong data-start=\"2005\" data-end=\"2037\">Now Foods Glutathione 500 mg<\/strong> est parfait pour ceux qui cherchent \u00e0 renforcer leur syst\u00e8me immunitaire, \u00e0 d\u00e9toxifier leur corps et \u00e0 prot\u00e9ger leurs cellules contre le stress oxydatif, tout en favorisant une sant\u00e9 g\u00e9n\u00e9rale optimale.<\/p>","protected":false},"excerpt":{"rendered":"<ul>\n<li>\u0627\u0644\u062d\u0645\u0627\u064a\u0629 \u0645\u0646 \u0627\u0644\u062c\u0630\u0648\u0631 \u0627\u0644\u062d\u0631\u0629<\/li>\n<li>\u00c0 l&rsquo;extrait de chardon-Marie et \u00e0 l&rsquo;acide alpha-lipo\u00efque<\/li>\n<li>\u062e\u0627\u0644\u064a\u0629 \u0645\u0646 \u0627\u0644\u0643\u0627\u0626\u0646\u0627\u062a \u0627\u0644\u0645\u0639\u062f\u0644\u0629 \u0648\u0631\u0627\u062b\u064a\u064b\u0627<\/li>\n<li>\u0645\u0643\u0645\u0644 \u063a\u0630\u0627\u0626\u064a<\/li>\n<li>\u0646\u0628\u0627\u062a\u064a\/\u0646\u0628\u0627\u062a\u064a \u0635\u0631\u0641<\/li>\n<li>\u0643\u0648\u0634\u064a\u0631<\/li>\n<li>\u0627\u0644\u0623\u062d\u0645\u0627\u0636 \u0627\u0644\u0623\u0645\u064a\u0646\u064a\u0629<\/li>\n<li>Entreprise familiale depuis\u00a01968<\/li>\n<li>\u0636\u0645\u0627\u0646 \u0627\u0644\u062c\u0648\u062f\u0629 \u0648\u0641\u0642\u064b\u0627 \u0644\u0645\u0639\u0627\u064a\u064a\u0631 GMP<\/li>\n<\/ul>","protected":false},"featured_media":25526,"template":"","meta":{"om_disable_all_campaigns":false},"product_brand":[83],"product_cat":[18,3366],"product_tag":[3771,3772,3677,3773,3774,3775],"class_list":{"0":"post-25455","1":"product","2":"type-product","3":"status-publish","4":"has-post-thumbnail","6":"product_brand-now-foods-maroc-prix","7":"product_cat-beaute-sante","8":"product_cat-complements-alimentaires-au-maroc-vitablanca","9":"product_tag-antioxydant-naturel-vegan","10":"product_tag-capsules-vegetariennes-antioxydant","11":"product_tag-complement-detox-foie","12":"product_tag-glutathion-500-mg","13":"product_tag-glutathion-sans-gelatine","14":"product_tag-now-foods-glutathione","16":"first","17":"instock","18":"taxable","19":"shipping-taxable","20":"purchasable","21":"product-type-simple"},"yoast_head":"<!-- This site is optimized with the Yoast SEO plugin v27.5 - https:\/\/yoast.com\/product\/yoast-seo-wordpress\/ -->\n<title>Now Foods Glutathione 500 mg 60 capsules - Maroc Prix<\/title>\n<meta name=\"description\" content=\"D\u00e9couvrez Now Foods Glutathione 500 mg, 60 capsules v\u00e9g\u00e9tariennes, un antioxydant puissant qui soutient la d\u00e9toxification du foie, prot\u00e8ge les cellules\" \/>\n<meta name=\"robots\" content=\"index, follow, max-snippet:-1, max-image-preview:large, max-video-preview:-1\" \/>\n<link rel=\"canonical\" href=\"https:\/\/vitablanca.ma\/ar\/product-2\/now-foods-glutathione-vegan-sans-gelatine-500-mg-60-capsules-vegetariennes\/\" \/>\n<meta property=\"og:locale\" content=\"ar_AR\" \/>\n<meta property=\"og:type\" content=\"article\" \/>\n<meta property=\"og:title\" content=\"Now Foods Glutathione 500 mg 60 capsules - Maroc Prix\" \/>\n<meta property=\"og:description\" content=\"D\u00e9couvrez Now Foods Glutathione 500 mg, 60 capsules v\u00e9g\u00e9tariennes, un antioxydant puissant qui soutient la d\u00e9toxification du foie, prot\u00e8ge les cellules\" \/>\n<meta property=\"og:url\" content=\"https:\/\/vitablanca.ma\/ar\/product-2\/now-foods-glutathione-vegan-sans-gelatine-500-mg-60-capsules-vegetariennes\/\" \/>\n<meta property=\"og:site_name\" content=\"Vitablanca.ma &ndash; Sant&eacute;, vitalit&eacute; et bien-&ecirc;tre pour tous les Marocains\" \/>\n<meta property=\"article:publisher\" content=\"https:\/\/www.facebook.com\/profile.php?id=61576678196717\" \/>\n<meta property=\"article:modified_time\" content=\"2025-09-22T18:10:21+00:00\" \/>\n<meta property=\"og:image\" content=\"https:\/\/vitablanca.ma\/wp-content\/uploads\/2025\/09\/Now-Foods-Glutathione-Vegan-Sans-Gelatine-500-mg-60-capsules-vegetariennes.jpg\" \/>\n\t<meta property=\"og:image:width\" content=\"680\" \/>\n\t<meta property=\"og:image:height\" content=\"680\" \/>\n\t<meta property=\"og:image:type\" content=\"image\/jpeg\" \/>\n<meta name=\"twitter:card\" content=\"summary_large_image\" \/>\n<meta name=\"twitter:label1\" content=\"\u0648\u0642\u062a \u0627\u0644\u0642\u0631\u0627\u0621\u0629 \u0627\u0644\u0645\u064f\u0642\u062f\u0651\u0631\" \/>\n\t<meta name=\"twitter:data1\" content=\"\u062f\u0642\u064a\u0642\u062a\u0627\u0646\" \/>\n<script type=\"application\/ld+json\" class=\"yoast-schema-graph\">{\"@context\":\"https:\\\/\\\/schema.org\",\"@graph\":[{\"@type\":[\"WebPage\",\"ItemPage\"],\"@id\":\"https:\\\/\\\/vitablanca.ma\\\/produit\\\/now-foods-glutathione-vegan-sans-gelatine-500-mg-60-capsules-vegetariennes\\\/\",\"url\":\"https:\\\/\\\/vitablanca.ma\\\/produit\\\/now-foods-glutathione-vegan-sans-gelatine-500-mg-60-capsules-vegetariennes\\\/\",\"name\":\"Now Foods Glutathione 500 mg 60 capsules - Maroc Prix\",\"isPartOf\":{\"@id\":\"https:\\\/\\\/vitablanca.ma\\\/#website\"},\"primaryImageOfPage\":{\"@id\":\"https:\\\/\\\/vitablanca.ma\\\/produit\\\/now-foods-glutathione-vegan-sans-gelatine-500-mg-60-capsules-vegetariennes\\\/#primaryimage\"},\"image\":{\"@id\":\"https:\\\/\\\/vitablanca.ma\\\/produit\\\/now-foods-glutathione-vegan-sans-gelatine-500-mg-60-capsules-vegetariennes\\\/#primaryimage\"},\"thumbnailUrl\":\"https:\\\/\\\/vitablanca.ma\\\/wp-content\\\/uploads\\\/2025\\\/09\\\/Now-Foods-Glutathione-Vegan-Sans-Gelatine-500-mg-60-capsules-vegetariennes.jpg\",\"datePublished\":\"2025-09-18T01:50:23+00:00\",\"dateModified\":\"2025-09-22T18:10:21+00:00\",\"description\":\"D\u00e9couvrez Now Foods Glutathione 500 mg, 60 capsules v\u00e9g\u00e9tariennes, un antioxydant puissant qui soutient la d\u00e9toxification du foie, prot\u00e8ge les cellules\",\"breadcrumb\":{\"@id\":\"https:\\\/\\\/vitablanca.ma\\\/produit\\\/now-foods-glutathione-vegan-sans-gelatine-500-mg-60-capsules-vegetariennes\\\/#breadcrumb\"},\"inLanguage\":\"ar\",\"potentialAction\":[{\"@type\":\"ReadAction\",\"target\":[\"https:\\\/\\\/vitablanca.ma\\\/produit\\\/now-foods-glutathione-vegan-sans-gelatine-500-mg-60-capsules-vegetariennes\\\/\"]}]},{\"@type\":\"ImageObject\",\"inLanguage\":\"ar\",\"@id\":\"https:\\\/\\\/vitablanca.ma\\\/produit\\\/now-foods-glutathione-vegan-sans-gelatine-500-mg-60-capsules-vegetariennes\\\/#primaryimage\",\"url\":\"https:\\\/\\\/vitablanca.ma\\\/wp-content\\\/uploads\\\/2025\\\/09\\\/Now-Foods-Glutathione-Vegan-Sans-Gelatine-500-mg-60-capsules-vegetariennes.jpg\",\"contentUrl\":\"https:\\\/\\\/vitablanca.ma\\\/wp-content\\\/uploads\\\/2025\\\/09\\\/Now-Foods-Glutathione-Vegan-Sans-Gelatine-500-mg-60-capsules-vegetariennes.jpg\",\"width\":680,\"height\":680},{\"@type\":\"BreadcrumbList\",\"@id\":\"https:\\\/\\\/vitablanca.ma\\\/produit\\\/now-foods-glutathione-vegan-sans-gelatine-500-mg-60-capsules-vegetariennes\\\/#breadcrumb\",\"itemListElement\":[{\"@type\":\"ListItem\",\"position\":1,\"name\":\"Home\",\"item\":\"https:\\\/\\\/vitablanca.ma\\\/\"},{\"@type\":\"ListItem\",\"position\":2,\"name\":\"Tous Les Produits\",\"item\":\"https:\\\/\\\/vitablanca.ma\\\/tous-les-produits\\\/\"},{\"@type\":\"ListItem\",\"position\":3,\"name\":\"Now Foods Glutathione 500 mg 60 capsules v\u00e9g\u00e9tariennes\"}]},{\"@type\":\"WebSite\",\"@id\":\"https:\\\/\\\/vitablanca.ma\\\/#website\",\"url\":\"https:\\\/\\\/vitablanca.ma\\\/\",\"name\":\"VitaBlanca.ma | Compl\u00e9ments alimentaires, sant\u00e9 & beaut\u00e9 au Maroc\",\"description\":\"vendre vitamines et compl\u00e9ments premium des USA &amp; Canada, Nouvelle Z\u00e9lande,Maroc (NOW Foods, Solgar, Manuka). Livraison rapide partout au Maroc.\",\"publisher\":{\"@id\":\"https:\\\/\\\/vitablanca.ma\\\/#organization\"},\"alternateName\":\"VitaBlanca.ma\",\"potentialAction\":[{\"@type\":\"SearchAction\",\"target\":{\"@type\":\"EntryPoint\",\"urlTemplate\":\"https:\\\/\\\/vitablanca.ma\\\/?s={search_term_string}\"},\"query-input\":{\"@type\":\"PropertyValueSpecification\",\"valueRequired\":true,\"valueName\":\"search_term_string\"}}],\"inLanguage\":\"ar\"},{\"@type\":\"Organization\",\"@id\":\"https:\\\/\\\/vitablanca.ma\\\/#organization\",\"name\":\"VitaBlanca\",\"url\":\"https:\\\/\\\/vitablanca.ma\\\/\",\"logo\":{\"@type\":\"ImageObject\",\"inLanguage\":\"ar\",\"@id\":\"https:\\\/\\\/vitablanca.ma\\\/#\\\/schema\\\/logo\\\/image\\\/\",\"url\":\"https:\\\/\\\/vitablanca.ma\\\/wp-content\\\/uploads\\\/2025\\\/05\\\/cropped-vitablanca.png\",\"contentUrl\":\"https:\\\/\\\/vitablanca.ma\\\/wp-content\\\/uploads\\\/2025\\\/05\\\/cropped-vitablanca.png\",\"width\":360,\"height\":67,\"caption\":\"VitaBlanca\"},\"image\":{\"@id\":\"https:\\\/\\\/vitablanca.ma\\\/#\\\/schema\\\/logo\\\/image\\\/\"},\"sameAs\":[\"https:\\\/\\\/www.facebook.com\\\/profile.php?id=61576678196717\",\"https:\\\/\\\/www.tiktok.com\\\/@vitablanca.ma\",\"https:\\\/\\\/www.instagram.com\\\/vitablanca.ma\\\/\"]}]}<\/script>\n<!-- \/ Yoast SEO plugin. -->","yoast_head_json":{"title":"Now Foods Glutathione 500 mg 60 capsules - Maroc Prix","description":"D\u00e9couvrez Now Foods Glutathione 500 mg, 60 capsules v\u00e9g\u00e9tariennes, un antioxydant puissant qui soutient la d\u00e9toxification du foie, prot\u00e8ge les cellules","robots":{"index":"index","follow":"follow","max-snippet":"max-snippet:-1","max-image-preview":"max-image-preview:large","max-video-preview":"max-video-preview:-1"},"canonical":"https:\/\/vitablanca.ma\/ar\/product-2\/now-foods-glutathione-vegan-sans-gelatine-500-mg-60-capsules-vegetariennes\/","og_locale":"ar_AR","og_type":"article","og_title":"Now Foods Glutathione 500 mg 60 capsules - Maroc Prix","og_description":"D\u00e9couvrez Now Foods Glutathione 500 mg, 60 capsules v\u00e9g\u00e9tariennes, un antioxydant puissant qui soutient la d\u00e9toxification du foie, prot\u00e8ge les cellules","og_url":"https:\/\/vitablanca.ma\/ar\/product-2\/now-foods-glutathione-vegan-sans-gelatine-500-mg-60-capsules-vegetariennes\/","og_site_name":"Vitablanca.ma &ndash; Sant&eacute;, vitalit&eacute; et bien-&ecirc;tre pour tous les Marocains","article_publisher":"https:\/\/www.facebook.com\/profile.php?id=61576678196717","article_modified_time":"2025-09-22T18:10:21+00:00","og_image":[{"width":680,"height":680,"url":"https:\/\/vitablanca.ma\/wp-content\/uploads\/2025\/09\/Now-Foods-Glutathione-Vegan-Sans-Gelatine-500-mg-60-capsules-vegetariennes.jpg","type":"image\/jpeg"}],"twitter_card":"summary_large_image","twitter_misc":{"\u0648\u0642\u062a \u0627\u0644\u0642\u0631\u0627\u0621\u0629 \u0627\u0644\u0645\u064f\u0642\u062f\u0651\u0631":"\u062f\u0642\u064a\u0642\u062a\u0627\u0646"},"schema":{"@context":"https:\/\/schema.org","@graph":[{"@type":["WebPage","ItemPage"],"@id":"https:\/\/vitablanca.ma\/produit\/now-foods-glutathione-vegan-sans-gelatine-500-mg-60-capsules-vegetariennes\/","url":"https:\/\/vitablanca.ma\/produit\/now-foods-glutathione-vegan-sans-gelatine-500-mg-60-capsules-vegetariennes\/","name":"Now Foods Glutathione 500 mg 60 capsules - Maroc Prix","isPartOf":{"@id":"https:\/\/vitablanca.ma\/#website"},"primaryImageOfPage":{"@id":"https:\/\/vitablanca.ma\/produit\/now-foods-glutathione-vegan-sans-gelatine-500-mg-60-capsules-vegetariennes\/#primaryimage"},"image":{"@id":"https:\/\/vitablanca.ma\/produit\/now-foods-glutathione-vegan-sans-gelatine-500-mg-60-capsules-vegetariennes\/#primaryimage"},"thumbnailUrl":"https:\/\/vitablanca.ma\/wp-content\/uploads\/2025\/09\/Now-Foods-Glutathione-Vegan-Sans-Gelatine-500-mg-60-capsules-vegetariennes.jpg","datePublished":"2025-09-18T01:50:23+00:00","dateModified":"2025-09-22T18:10:21+00:00","description":"D\u00e9couvrez Now Foods Glutathione 500 mg, 60 capsules v\u00e9g\u00e9tariennes, un antioxydant puissant qui soutient la d\u00e9toxification du foie, prot\u00e8ge les cellules","breadcrumb":{"@id":"https:\/\/vitablanca.ma\/produit\/now-foods-glutathione-vegan-sans-gelatine-500-mg-60-capsules-vegetariennes\/#breadcrumb"},"inLanguage":"ar","potentialAction":[{"@type":"ReadAction","target":["https:\/\/vitablanca.ma\/produit\/now-foods-glutathione-vegan-sans-gelatine-500-mg-60-capsules-vegetariennes\/"]}]},{"@type":"ImageObject","inLanguage":"ar","@id":"https:\/\/vitablanca.ma\/produit\/now-foods-glutathione-vegan-sans-gelatine-500-mg-60-capsules-vegetariennes\/#primaryimage","url":"https:\/\/vitablanca.ma\/wp-content\/uploads\/2025\/09\/Now-Foods-Glutathione-Vegan-Sans-Gelatine-500-mg-60-capsules-vegetariennes.jpg","contentUrl":"https:\/\/vitablanca.ma\/wp-content\/uploads\/2025\/09\/Now-Foods-Glutathione-Vegan-Sans-Gelatine-500-mg-60-capsules-vegetariennes.jpg","width":680,"height":680},{"@type":"BreadcrumbList","@id":"https:\/\/vitablanca.ma\/produit\/now-foods-glutathione-vegan-sans-gelatine-500-mg-60-capsules-vegetariennes\/#breadcrumb","itemListElement":[{"@type":"ListItem","position":1,"name":"Home","item":"https:\/\/vitablanca.ma\/"},{"@type":"ListItem","position":2,"name":"Tous Les Produits","item":"https:\/\/vitablanca.ma\/tous-les-produits\/"},{"@type":"ListItem","position":3,"name":"Now Foods Glutathione 500 mg 60 capsules v\u00e9g\u00e9tariennes"}]},{"@type":"WebSite","@id":"https:\/\/vitablanca.ma\/#website","url":"https:\/\/vitablanca.ma\/","name":"VitaBlanca.ma | \u0627\u0644\u0645\u0643\u0645\u0644\u0627\u062a \u0627\u0644\u063a\u0630\u0627\u0626\u064a\u0629\u060c \u0627\u0644\u0635\u062d\u0629 \u0648\u0627\u0644\u062c\u0645\u0627\u0644 \u0641\u064a \u0627\u0644\u0645\u063a\u0631\u0628","description":"\u0646\u0628\u064a\u0639 \u0641\u064a\u062a\u0627\u0645\u064a\u0646\u0627\u062a \u0648\u0645\u0643\u0645\u0644\u0627\u062a \u063a\u0630\u0627\u0626\u064a\u0629 \u0641\u0627\u062e\u0631\u0629 \u0645\u0646 \u0627\u0644\u0648\u0644\u0627\u064a\u0627\u062a \u0627\u0644\u0645\u062a\u062d\u062f\u0629 \u0627\u0644\u0623\u0645\u0631\u064a\u0643\u064a\u0629 \u0648\u0643\u0646\u062f\u0627 \u0648\u0646\u064a\u0648\u0632\u064a\u0644\u0646\u062f\u0627 \u0648\u0627\u0644\u0645\u063a\u0631\u0628 (\u0646\u0627\u0648 \u0641\u0648\u062f\u0632\u060c \u0633\u0648\u0644\u062c\u0627\u0631\u060c \u0645\u0627\u0646\u0648\u0643\u0627). \u062a\u0648\u0635\u064a\u0644 \u0633\u0631\u064a\u0639 \u0625\u0644\u0649 \u062c\u0645\u064a\u0639 \u0623\u0646\u062d\u0627\u0621 \u0627\u0644\u0645\u063a\u0631\u0628.","publisher":{"@id":"https:\/\/vitablanca.ma\/#organization"},"alternateName":"VitaBlanca.ma","potentialAction":[{"@type":"SearchAction","target":{"@type":"EntryPoint","urlTemplate":"https:\/\/vitablanca.ma\/?s={search_term_string}"},"query-input":{"@type":"PropertyValueSpecification","valueRequired":true,"valueName":"search_term_string"}}],"inLanguage":"ar"},{"@type":"Organization","@id":"https:\/\/vitablanca.ma\/#organization","name":"\u0641\u064a\u062a\u0627\u0628\u0644\u0627\u0646\u0643\u0627","url":"https:\/\/vitablanca.ma\/","logo":{"@type":"ImageObject","inLanguage":"ar","@id":"https:\/\/vitablanca.ma\/#\/schema\/logo\/image\/","url":"https:\/\/vitablanca.ma\/wp-content\/uploads\/2025\/05\/cropped-vitablanca.png","contentUrl":"https:\/\/vitablanca.ma\/wp-content\/uploads\/2025\/05\/cropped-vitablanca.png","width":360,"height":67,"caption":"VitaBlanca"},"image":{"@id":"https:\/\/vitablanca.ma\/#\/schema\/logo\/image\/"},"sameAs":["https:\/\/www.facebook.com\/profile.php?id=61576678196717","https:\/\/www.tiktok.com\/@vitablanca.ma","https:\/\/www.instagram.com\/vitablanca.ma\/"]}]}},"jetpack_sharing_enabled":true,"_links":{"self":[{"href":"https:\/\/vitablanca.ma\/ar\/wp-json\/wp\/v2\/product\/25455","targetHints":{"allow":["GET"]}}],"collection":[{"href":"https:\/\/vitablanca.ma\/ar\/wp-json\/wp\/v2\/product"}],"about":[{"href":"https:\/\/vitablanca.ma\/ar\/wp-json\/wp\/v2\/types\/product"}],"wp:featuredmedia":[{"embeddable":true,"href":"https:\/\/vitablanca.ma\/ar\/wp-json\/wp\/v2\/media\/25526"}],"wp:attachment":[{"href":"https:\/\/vitablanca.ma\/ar\/wp-json\/wp\/v2\/media?parent=25455"}],"wp:term":[{"taxonomy":"product_brand","embeddable":true,"href":"https:\/\/vitablanca.ma\/ar\/wp-json\/wp\/v2\/product_brand?post=25455"},{"taxonomy":"product_cat","embeddable":true,"href":"https:\/\/vitablanca.ma\/ar\/wp-json\/wp\/v2\/product_cat?post=25455"},{"taxonomy":"product_tag","embeddable":true,"href":"https:\/\/vitablanca.ma\/ar\/wp-json\/wp\/v2\/product_tag?post=25455"}],"curies":[{"name":"wp","href":"https:\/\/api.w.org\/{rel}","templated":true}]}}