{"id":25450,"date":"2025-09-18T01:50:22","date_gmt":"2025-09-18T01:50:22","guid":{"rendered":"https:\/\/vitablanca.ma\/?post_type=product&#038;p=25450"},"modified":"2025-09-22T18:10:22","modified_gmt":"2025-09-22T18:10:22","slug":"neocell-collagene-peptides-grassfed-articulations-peau-cheveux-sans-arome-200-g","status":"publish","type":"product","link":"https:\/\/vitablanca.ma\/ar\/product-2\/neocell-collagene-peptides-grassfed-articulations-peau-cheveux-sans-arome-200-g\/","title":{"rendered":"Neocell Collag\u00e8ne Peptides Grassfed ( Articulations, Peau, Cheveux..) Sans Ar\u00f4me 200 g"},"content":{"rendered":"<p>Le collag\u00e8ne repr\u00e9sente environ 70 % de votre peau. \u00c0 mesure que nous vieillissons, les r\u00e9serves de collag\u00e8ne de notre organisme s\u2019\u00e9puisent. Les peptides de collag\u00e8ne d\u2019animaux nourris \u00e0 l\u2019herbe BioActive NeoCell\u00ae ont \u00e9t\u00e9 sp\u00e9cialement formul\u00e9s pour soutenir de l\u2019int\u00e9rieur votre beaut\u00e9 rayonnante et peuvent favoriser la production de collag\u00e8ne de votre corps.<\/p>\n<ul>\n<li><strong>\u064a\u0631\u0637\u0628 \u0627\u0644\u0628\u0634\u0631\u0629<\/strong><\/li>\n<\/ul>\n<p>Avec l\u2019\u00e2ge, la production de collag\u00e8ne diminue, ce qui explique pourquoi il est plus difficile pour la peau de retenir l\u2019hydratation. Les acides amin\u00e9s du collag\u00e8ne aident \u00e0 maintenir l\u2019\u00e9quilibre hydrique de la peau.<\/p>\n<ul>\n<li><strong>\u00c9lasticit\u00e9 et fermet\u00e9<\/strong><\/li>\n<\/ul>\n<p>Les acides amin\u00e9s du collag\u00e8ne se joignent pour former des fibres de collag\u00e8ne qui aident \u00e0 donner \u00e0 la peau sa force et son \u00e9lasticit\u00e9.<\/p>\n<ul>\n<li><strong>Ongles solides<\/strong><\/li>\n<\/ul>\n<p>Le collag\u00e8ne contient des acides amin\u00e9s essentiels qui sont essentiels \u00e0 la production de k\u00e9ratine, la prot\u00e9ine qui constitue les ongles.<\/p>\n<h3><strong>Usage sugg\u00e9r\u00e9 :<\/strong><\/h3>\n<p>Boostez votre beaut\u00e9 int\u00e9rieure avec environ une (1) mesure bomb\u00e9e (10 g) par jour m\u00e9lang\u00e9e dans votre boisson pr\u00e9f\u00e9r\u00e9e, votre smoothie ou la bonne recette cuite de votre choix.<\/p>\n<p>Pour le d\u00e9guster froid, m\u00e9langez-le d\u2019abord dans un liquide \u00e0 temp\u00e9rature ambiante, puis ajoutez des gla\u00e7ons.<\/p>\n<p>Une bonne mesure \u00e9quivaut \u00e0 environ deux c. \u00e0 s.<\/p>","protected":false},"excerpt":{"rendered":"<ul>\n<li>Contribue \u00e0 la bonne sant\u00e9 des cheveux, de la peau, des ongles et des articulations<\/li>\n<li>\u0645\u0643\u0645\u0644 \u063a\u0630\u0627\u0626\u064a<\/li>\n<li>M\u00e9lange facile<\/li>\n<li>Convient au r\u00e9gime c\u00e9tog\u00e8ne<\/li>\n<li>\u062e\u0627\u0644\u064a \u0645\u0646 \u0627\u0644\u063a\u0644\u0648\u062a\u064a\u0646<\/li>\n<\/ul>","protected":false},"featured_media":25496,"template":"","meta":{"om_disable_all_campaigns":false},"product_brand":[166],"product_cat":[18,3366],"product_tag":[3748,3749,3750,3751,3752],"class_list":{"0":"post-25450","1":"product","2":"type-product","3":"status-publish","4":"has-post-thumbnail","6":"product_brand-neocell-super","7":"product_cat-beaute-sante","8":"product_cat-complements-alimentaires-au-maroc-vitablanca","9":"product_tag-collagene-bovins-nourris-a-lherbe","10":"product_tag-collagene-hydrolyse-peau-cheveux-articulations","11":"product_tag-complement-articulations-et-beaute","12":"product_tag-neocell-collagene-peptides-grassfed","13":"product_tag-poudre-collagene-type-1-et-3","15":"first","16":"instock","17":"sale","18":"taxable","19":"shipping-taxable","20":"purchasable","21":"product-type-simple"},"yoast_head":"<!-- This site is optimized with the Yoast SEO plugin v27.5 - https:\/\/yoast.com\/product\/yoast-seo-wordpress\/ -->\n<title>Neocell Collag\u00e8ne Peptides Grassfed Sans Ar\u00f4me 200 g - Maroc<\/title>\n<meta name=\"description\" content=\"D\u00e9couvrez Neocell Collag\u00e8ne Peptides Grassfed sans ar\u00f4me \u2013 200 g. Un compl\u00e9ment premium pour renforcer les articulations, am\u00e9liorer l\u2019\u00e9lasticit\u00e9 de la peau\" \/>\n<meta name=\"robots\" content=\"index, follow, max-snippet:-1, max-image-preview:large, max-video-preview:-1\" \/>\n<link rel=\"canonical\" href=\"https:\/\/vitablanca.ma\/ar\/product-2\/neocell-collagene-peptides-grassfed-articulations-peau-cheveux-sans-arome-200-g\/\" \/>\n<meta property=\"og:locale\" content=\"ar_AR\" \/>\n<meta property=\"og:type\" content=\"article\" \/>\n<meta property=\"og:title\" content=\"Neocell Collag\u00e8ne Peptides Grassfed Sans Ar\u00f4me 200 g - Maroc\" \/>\n<meta property=\"og:description\" content=\"D\u00e9couvrez Neocell Collag\u00e8ne Peptides Grassfed sans ar\u00f4me \u2013 200 g. Un compl\u00e9ment premium pour renforcer les articulations, am\u00e9liorer l\u2019\u00e9lasticit\u00e9 de la peau\" \/>\n<meta property=\"og:url\" content=\"https:\/\/vitablanca.ma\/ar\/product-2\/neocell-collagene-peptides-grassfed-articulations-peau-cheveux-sans-arome-200-g\/\" \/>\n<meta property=\"og:site_name\" content=\"Vitablanca.ma &ndash; Sant&eacute;, vitalit&eacute; et bien-&ecirc;tre pour tous les Marocains\" \/>\n<meta property=\"article:publisher\" content=\"https:\/\/www.facebook.com\/profile.php?id=61576678196717\" \/>\n<meta property=\"article:modified_time\" content=\"2025-09-22T18:10:22+00:00\" \/>\n<meta property=\"og:image\" content=\"https:\/\/vitablanca.ma\/wp-content\/uploads\/2025\/09\/Neocell-Collagene-Peptides-Grassfed-Articulations-Peau-Cheveux.-Sans-Arome-200-g.jpg\" \/>\n\t<meta property=\"og:image:width\" content=\"680\" \/>\n\t<meta property=\"og:image:height\" content=\"680\" \/>\n\t<meta property=\"og:image:type\" content=\"image\/jpeg\" \/>\n<meta name=\"twitter:card\" content=\"summary_large_image\" \/>\n<meta name=\"twitter:label1\" content=\"\u0648\u0642\u062a \u0627\u0644\u0642\u0631\u0627\u0621\u0629 \u0627\u0644\u0645\u064f\u0642\u062f\u0651\u0631\" \/>\n\t<meta name=\"twitter:data1\" content=\"\u062f\u0642\u064a\u0642\u062a\u0627\u0646\" \/>\n<script type=\"application\/ld+json\" class=\"yoast-schema-graph\">{\"@context\":\"https:\\\/\\\/schema.org\",\"@graph\":[{\"@type\":[\"WebPage\",\"ItemPage\"],\"@id\":\"https:\\\/\\\/vitablanca.ma\\\/produit\\\/neocell-collagene-peptides-grassfed-articulations-peau-cheveux-sans-arome-200-g\\\/\",\"url\":\"https:\\\/\\\/vitablanca.ma\\\/produit\\\/neocell-collagene-peptides-grassfed-articulations-peau-cheveux-sans-arome-200-g\\\/\",\"name\":\"Neocell Collag\u00e8ne Peptides Grassfed Sans Ar\u00f4me 200 g - Maroc\",\"isPartOf\":{\"@id\":\"https:\\\/\\\/vitablanca.ma\\\/#website\"},\"primaryImageOfPage\":{\"@id\":\"https:\\\/\\\/vitablanca.ma\\\/produit\\\/neocell-collagene-peptides-grassfed-articulations-peau-cheveux-sans-arome-200-g\\\/#primaryimage\"},\"image\":{\"@id\":\"https:\\\/\\\/vitablanca.ma\\\/produit\\\/neocell-collagene-peptides-grassfed-articulations-peau-cheveux-sans-arome-200-g\\\/#primaryimage\"},\"thumbnailUrl\":\"https:\\\/\\\/vitablanca.ma\\\/wp-content\\\/uploads\\\/2025\\\/09\\\/Neocell-Collagene-Peptides-Grassfed-Articulations-Peau-Cheveux.-Sans-Arome-200-g.jpg\",\"datePublished\":\"2025-09-18T01:50:22+00:00\",\"dateModified\":\"2025-09-22T18:10:22+00:00\",\"description\":\"D\u00e9couvrez Neocell Collag\u00e8ne Peptides Grassfed sans ar\u00f4me \u2013 200 g. Un compl\u00e9ment premium pour renforcer les articulations, am\u00e9liorer l\u2019\u00e9lasticit\u00e9 de la peau\",\"breadcrumb\":{\"@id\":\"https:\\\/\\\/vitablanca.ma\\\/produit\\\/neocell-collagene-peptides-grassfed-articulations-peau-cheveux-sans-arome-200-g\\\/#breadcrumb\"},\"inLanguage\":\"ar\",\"potentialAction\":[{\"@type\":\"ReadAction\",\"target\":[\"https:\\\/\\\/vitablanca.ma\\\/produit\\\/neocell-collagene-peptides-grassfed-articulations-peau-cheveux-sans-arome-200-g\\\/\"]}]},{\"@type\":\"ImageObject\",\"inLanguage\":\"ar\",\"@id\":\"https:\\\/\\\/vitablanca.ma\\\/produit\\\/neocell-collagene-peptides-grassfed-articulations-peau-cheveux-sans-arome-200-g\\\/#primaryimage\",\"url\":\"https:\\\/\\\/vitablanca.ma\\\/wp-content\\\/uploads\\\/2025\\\/09\\\/Neocell-Collagene-Peptides-Grassfed-Articulations-Peau-Cheveux.-Sans-Arome-200-g.jpg\",\"contentUrl\":\"https:\\\/\\\/vitablanca.ma\\\/wp-content\\\/uploads\\\/2025\\\/09\\\/Neocell-Collagene-Peptides-Grassfed-Articulations-Peau-Cheveux.-Sans-Arome-200-g.jpg\",\"width\":680,\"height\":680},{\"@type\":\"BreadcrumbList\",\"@id\":\"https:\\\/\\\/vitablanca.ma\\\/produit\\\/neocell-collagene-peptides-grassfed-articulations-peau-cheveux-sans-arome-200-g\\\/#breadcrumb\",\"itemListElement\":[{\"@type\":\"ListItem\",\"position\":1,\"name\":\"Home\",\"item\":\"https:\\\/\\\/vitablanca.ma\\\/\"},{\"@type\":\"ListItem\",\"position\":2,\"name\":\"Tous Les Produits\",\"item\":\"https:\\\/\\\/vitablanca.ma\\\/tous-les-produits\\\/\"},{\"@type\":\"ListItem\",\"position\":3,\"name\":\"Neocell Collag\u00e8ne Peptides Grassfed ( Articulations, Peau, Cheveux..) Sans Ar\u00f4me 200 g\"}]},{\"@type\":\"WebSite\",\"@id\":\"https:\\\/\\\/vitablanca.ma\\\/#website\",\"url\":\"https:\\\/\\\/vitablanca.ma\\\/\",\"name\":\"VitaBlanca.ma | Compl\u00e9ments alimentaires, sant\u00e9 & beaut\u00e9 au Maroc\",\"description\":\"vendre vitamines et compl\u00e9ments premium des USA &amp; Canada, Nouvelle Z\u00e9lande,Maroc (NOW Foods, Solgar, Manuka). Livraison rapide partout au Maroc.\",\"publisher\":{\"@id\":\"https:\\\/\\\/vitablanca.ma\\\/#organization\"},\"alternateName\":\"VitaBlanca.ma\",\"potentialAction\":[{\"@type\":\"SearchAction\",\"target\":{\"@type\":\"EntryPoint\",\"urlTemplate\":\"https:\\\/\\\/vitablanca.ma\\\/?s={search_term_string}\"},\"query-input\":{\"@type\":\"PropertyValueSpecification\",\"valueRequired\":true,\"valueName\":\"search_term_string\"}}],\"inLanguage\":\"ar\"},{\"@type\":\"Organization\",\"@id\":\"https:\\\/\\\/vitablanca.ma\\\/#organization\",\"name\":\"VitaBlanca\",\"url\":\"https:\\\/\\\/vitablanca.ma\\\/\",\"logo\":{\"@type\":\"ImageObject\",\"inLanguage\":\"ar\",\"@id\":\"https:\\\/\\\/vitablanca.ma\\\/#\\\/schema\\\/logo\\\/image\\\/\",\"url\":\"https:\\\/\\\/vitablanca.ma\\\/wp-content\\\/uploads\\\/2025\\\/05\\\/cropped-vitablanca.png\",\"contentUrl\":\"https:\\\/\\\/vitablanca.ma\\\/wp-content\\\/uploads\\\/2025\\\/05\\\/cropped-vitablanca.png\",\"width\":360,\"height\":67,\"caption\":\"VitaBlanca\"},\"image\":{\"@id\":\"https:\\\/\\\/vitablanca.ma\\\/#\\\/schema\\\/logo\\\/image\\\/\"},\"sameAs\":[\"https:\\\/\\\/www.facebook.com\\\/profile.php?id=61576678196717\",\"https:\\\/\\\/www.tiktok.com\\\/@vitablanca.ma\",\"https:\\\/\\\/www.instagram.com\\\/vitablanca.ma\\\/\"]}]}<\/script>\n<!-- \/ Yoast SEO plugin. -->","yoast_head_json":{"title":"Neocell Collag\u00e8ne Peptides Grassfed Sans Ar\u00f4me 200 g - Maroc","description":"D\u00e9couvrez Neocell Collag\u00e8ne Peptides Grassfed sans ar\u00f4me \u2013 200 g. Un compl\u00e9ment premium pour renforcer les articulations, am\u00e9liorer l\u2019\u00e9lasticit\u00e9 de la peau","robots":{"index":"index","follow":"follow","max-snippet":"max-snippet:-1","max-image-preview":"max-image-preview:large","max-video-preview":"max-video-preview:-1"},"canonical":"https:\/\/vitablanca.ma\/ar\/product-2\/neocell-collagene-peptides-grassfed-articulations-peau-cheveux-sans-arome-200-g\/","og_locale":"ar_AR","og_type":"article","og_title":"Neocell Collag\u00e8ne Peptides Grassfed Sans Ar\u00f4me 200 g - Maroc","og_description":"D\u00e9couvrez Neocell Collag\u00e8ne Peptides Grassfed sans ar\u00f4me \u2013 200 g. Un compl\u00e9ment premium pour renforcer les articulations, am\u00e9liorer l\u2019\u00e9lasticit\u00e9 de la peau","og_url":"https:\/\/vitablanca.ma\/ar\/product-2\/neocell-collagene-peptides-grassfed-articulations-peau-cheveux-sans-arome-200-g\/","og_site_name":"Vitablanca.ma &ndash; Sant&eacute;, vitalit&eacute; et bien-&ecirc;tre pour tous les Marocains","article_publisher":"https:\/\/www.facebook.com\/profile.php?id=61576678196717","article_modified_time":"2025-09-22T18:10:22+00:00","og_image":[{"width":680,"height":680,"url":"https:\/\/vitablanca.ma\/wp-content\/uploads\/2025\/09\/Neocell-Collagene-Peptides-Grassfed-Articulations-Peau-Cheveux.-Sans-Arome-200-g.jpg","type":"image\/jpeg"}],"twitter_card":"summary_large_image","twitter_misc":{"\u0648\u0642\u062a \u0627\u0644\u0642\u0631\u0627\u0621\u0629 \u0627\u0644\u0645\u064f\u0642\u062f\u0651\u0631":"\u062f\u0642\u064a\u0642\u062a\u0627\u0646"},"schema":{"@context":"https:\/\/schema.org","@graph":[{"@type":["WebPage","ItemPage"],"@id":"https:\/\/vitablanca.ma\/produit\/neocell-collagene-peptides-grassfed-articulations-peau-cheveux-sans-arome-200-g\/","url":"https:\/\/vitablanca.ma\/produit\/neocell-collagene-peptides-grassfed-articulations-peau-cheveux-sans-arome-200-g\/","name":"Neocell Collag\u00e8ne Peptides Grassfed Sans Ar\u00f4me 200 g - Maroc","isPartOf":{"@id":"https:\/\/vitablanca.ma\/#website"},"primaryImageOfPage":{"@id":"https:\/\/vitablanca.ma\/produit\/neocell-collagene-peptides-grassfed-articulations-peau-cheveux-sans-arome-200-g\/#primaryimage"},"image":{"@id":"https:\/\/vitablanca.ma\/produit\/neocell-collagene-peptides-grassfed-articulations-peau-cheveux-sans-arome-200-g\/#primaryimage"},"thumbnailUrl":"https:\/\/vitablanca.ma\/wp-content\/uploads\/2025\/09\/Neocell-Collagene-Peptides-Grassfed-Articulations-Peau-Cheveux.-Sans-Arome-200-g.jpg","datePublished":"2025-09-18T01:50:22+00:00","dateModified":"2025-09-22T18:10:22+00:00","description":"D\u00e9couvrez Neocell Collag\u00e8ne Peptides Grassfed sans ar\u00f4me \u2013 200 g. Un compl\u00e9ment premium pour renforcer les articulations, am\u00e9liorer l\u2019\u00e9lasticit\u00e9 de la peau","breadcrumb":{"@id":"https:\/\/vitablanca.ma\/produit\/neocell-collagene-peptides-grassfed-articulations-peau-cheveux-sans-arome-200-g\/#breadcrumb"},"inLanguage":"ar","potentialAction":[{"@type":"ReadAction","target":["https:\/\/vitablanca.ma\/produit\/neocell-collagene-peptides-grassfed-articulations-peau-cheveux-sans-arome-200-g\/"]}]},{"@type":"ImageObject","inLanguage":"ar","@id":"https:\/\/vitablanca.ma\/produit\/neocell-collagene-peptides-grassfed-articulations-peau-cheveux-sans-arome-200-g\/#primaryimage","url":"https:\/\/vitablanca.ma\/wp-content\/uploads\/2025\/09\/Neocell-Collagene-Peptides-Grassfed-Articulations-Peau-Cheveux.-Sans-Arome-200-g.jpg","contentUrl":"https:\/\/vitablanca.ma\/wp-content\/uploads\/2025\/09\/Neocell-Collagene-Peptides-Grassfed-Articulations-Peau-Cheveux.-Sans-Arome-200-g.jpg","width":680,"height":680},{"@type":"BreadcrumbList","@id":"https:\/\/vitablanca.ma\/produit\/neocell-collagene-peptides-grassfed-articulations-peau-cheveux-sans-arome-200-g\/#breadcrumb","itemListElement":[{"@type":"ListItem","position":1,"name":"Home","item":"https:\/\/vitablanca.ma\/"},{"@type":"ListItem","position":2,"name":"Tous Les Produits","item":"https:\/\/vitablanca.ma\/tous-les-produits\/"},{"@type":"ListItem","position":3,"name":"Neocell Collag\u00e8ne Peptides Grassfed ( Articulations, Peau, Cheveux..) Sans Ar\u00f4me 200 g"}]},{"@type":"WebSite","@id":"https:\/\/vitablanca.ma\/#website","url":"https:\/\/vitablanca.ma\/","name":"VitaBlanca.ma | \u0627\u0644\u0645\u0643\u0645\u0644\u0627\u062a \u0627\u0644\u063a\u0630\u0627\u0626\u064a\u0629\u060c \u0627\u0644\u0635\u062d\u0629 \u0648\u0627\u0644\u062c\u0645\u0627\u0644 \u0641\u064a \u0627\u0644\u0645\u063a\u0631\u0628","description":"\u0646\u0628\u064a\u0639 \u0641\u064a\u062a\u0627\u0645\u064a\u0646\u0627\u062a \u0648\u0645\u0643\u0645\u0644\u0627\u062a \u063a\u0630\u0627\u0626\u064a\u0629 \u0641\u0627\u062e\u0631\u0629 \u0645\u0646 \u0627\u0644\u0648\u0644\u0627\u064a\u0627\u062a \u0627\u0644\u0645\u062a\u062d\u062f\u0629 \u0627\u0644\u0623\u0645\u0631\u064a\u0643\u064a\u0629 \u0648\u0643\u0646\u062f\u0627 \u0648\u0646\u064a\u0648\u0632\u064a\u0644\u0646\u062f\u0627 \u0648\u0627\u0644\u0645\u063a\u0631\u0628 (\u0646\u0627\u0648 \u0641\u0648\u062f\u0632\u060c \u0633\u0648\u0644\u062c\u0627\u0631\u060c \u0645\u0627\u0646\u0648\u0643\u0627). \u062a\u0648\u0635\u064a\u0644 \u0633\u0631\u064a\u0639 \u0625\u0644\u0649 \u062c\u0645\u064a\u0639 \u0623\u0646\u062d\u0627\u0621 \u0627\u0644\u0645\u063a\u0631\u0628.","publisher":{"@id":"https:\/\/vitablanca.ma\/#organization"},"alternateName":"VitaBlanca.ma","potentialAction":[{"@type":"SearchAction","target":{"@type":"EntryPoint","urlTemplate":"https:\/\/vitablanca.ma\/?s={search_term_string}"},"query-input":{"@type":"PropertyValueSpecification","valueRequired":true,"valueName":"search_term_string"}}],"inLanguage":"ar"},{"@type":"Organization","@id":"https:\/\/vitablanca.ma\/#organization","name":"\u0641\u064a\u062a\u0627\u0628\u0644\u0627\u0646\u0643\u0627","url":"https:\/\/vitablanca.ma\/","logo":{"@type":"ImageObject","inLanguage":"ar","@id":"https:\/\/vitablanca.ma\/#\/schema\/logo\/image\/","url":"https:\/\/vitablanca.ma\/wp-content\/uploads\/2025\/05\/cropped-vitablanca.png","contentUrl":"https:\/\/vitablanca.ma\/wp-content\/uploads\/2025\/05\/cropped-vitablanca.png","width":360,"height":67,"caption":"VitaBlanca"},"image":{"@id":"https:\/\/vitablanca.ma\/#\/schema\/logo\/image\/"},"sameAs":["https:\/\/www.facebook.com\/profile.php?id=61576678196717","https:\/\/www.tiktok.com\/@vitablanca.ma","https:\/\/www.instagram.com\/vitablanca.ma\/"]}]}},"jetpack_sharing_enabled":true,"_links":{"self":[{"href":"https:\/\/vitablanca.ma\/ar\/wp-json\/wp\/v2\/product\/25450","targetHints":{"allow":["GET"]}}],"collection":[{"href":"https:\/\/vitablanca.ma\/ar\/wp-json\/wp\/v2\/product"}],"about":[{"href":"https:\/\/vitablanca.ma\/ar\/wp-json\/wp\/v2\/types\/product"}],"wp:featuredmedia":[{"embeddable":true,"href":"https:\/\/vitablanca.ma\/ar\/wp-json\/wp\/v2\/media\/25496"}],"wp:attachment":[{"href":"https:\/\/vitablanca.ma\/ar\/wp-json\/wp\/v2\/media?parent=25450"}],"wp:term":[{"taxonomy":"product_brand","embeddable":true,"href":"https:\/\/vitablanca.ma\/ar\/wp-json\/wp\/v2\/product_brand?post=25450"},{"taxonomy":"product_cat","embeddable":true,"href":"https:\/\/vitablanca.ma\/ar\/wp-json\/wp\/v2\/product_cat?post=25450"},{"taxonomy":"product_tag","embeddable":true,"href":"https:\/\/vitablanca.ma\/ar\/wp-json\/wp\/v2\/product_tag?post=25450"}],"curies":[{"name":"wp","href":"https:\/\/api.w.org\/{rel}","templated":true}]}}