{"id":25393,"date":"2025-09-18T01:49:55","date_gmt":"2025-09-18T01:49:55","guid":{"rendered":"https:\/\/vitablanca.ma\/?post_type=product&#038;p=25393"},"modified":"2025-12-01T19:25:19","modified_gmt":"2025-12-01T19:25:19","slug":"solgar-ester-c-plus-vitamine-c-1000-mg-90-comprimes","status":"publish","type":"product","link":"https:\/\/vitablanca.ma\/ar\/product-2\/solgar-ester-c-plus-vitamine-c-1000-mg-90-comprimes\/","title":{"rendered":"Solgar Ester-C Plus, Vitamine C 1000 mg 90 comprim\u00e9s"},"content":{"rendered":"<p>Ester-C Plus est exclusivement formul\u00e9 par Solgar et offre une vitamine C Ester-C unique au pH neutre (non acide) qui est douce pour l&rsquo;estomac. Les m\u00e9tabolites de la vitamine C de Ester-C exercent une influence positive sur la r\u00e9tention de la vitamine C dans les cellules, fournissant ainsi des bienfaits suppl\u00e9mentaires.<br \/>\nUn proc\u00e9d\u00e9 de fabrication sp\u00e9cifique est utilis\u00e9 pour former un complexe unique de m\u00e9tabolites d&rsquo;ascorbate de calcium. Ce complexe \u00e0 absorption \u00e9lev\u00e9e int\u00e8gre \u00e9galement des bioflavono\u00efdes naturels, des baies d&rsquo;ac\u00e9rola et des cynorrhodons.<br \/>\nUsage sugg\u00e9r\u00e9Comme compl\u00e9ment alimentaire pour adultes, prendre un (1) comprim\u00e9 par jour, de pr\u00e9f\u00e9rence avec les repas ou selon les instructions de votre professionnel de sant\u00e9.<br \/>\nSans gluten, bl\u00e9, produits laitiers, soja, levure, sucre, sodium, ar\u00f4me artificiel, \u00e9dulcorant, conservate<\/p>","protected":false},"excerpt":{"rendered":"<p>\u064a\u0642\u0648\u064a \u062c\u0647\u0627\u0632 \u0627\u0644\u0645\u0646\u0627\u0639\u0629<br \/>\n\u0645\u0636\u0627\u062f \u0644\u0644\u0623\u0643\u0633\u062f\u0629 \u0645\u0646 \u0623\u062c\u0644 \u0627\u0644\u0635\u062d\u0629<br \/>\nBonne absorption<br \/>\nDouce et non acide<br \/>\n\u062e\u0627\u0644\u064a\u0629 \u0645\u0646 \u0627\u0644\u0643\u0627\u0626\u0646\u0627\u062a \u0627\u0644\u0645\u0639\u062f\u0644\u0629 \u0648\u0631\u0627\u062b\u064a\u064b\u0627<br \/>\n\u062e\u0627\u0644\u064a \u0645\u0646 \u0627\u0644\u063a\u0644\u0648\u062a\u064a\u0646 \u0648\u0627\u0644\u0642\u0645\u062d \u0648\u0645\u0646\u062a\u062c\u0627\u062a \u0627\u0644\u0623\u0644\u0628\u0627\u0646<br \/>\n\u0645\u0646\u0627\u0633\u0628 \u0644\u0644\u0646\u0628\u0627\u062a\u064a\u064a\u0646<br \/>\n\u0645\u0643\u0645\u0644 \u063a\u0630\u0627\u0626\u064a<br \/>\n\u0645\u0646\u0630 \u0639\u0627\u0645 1947<\/p>","protected":false},"featured_media":25474,"template":"","meta":{"om_disable_all_campaigns":false},"product_brand":[42],"product_cat":[18,3366],"product_tag":[3694,3695,3696],"class_list":{"0":"post-25393","1":"product","2":"type-product","3":"status-publish","4":"has-post-thumbnail","6":"product_brand-solgar-prix-maroc","7":"product_cat-beaute-sante","8":"product_cat-complements-alimentaires-au-maroc-vitablanca","9":"product_tag-complement-alimentaire-vitamine-c-haute-absorption","10":"product_tag-solgar-ester-c-plus-1000-mg-90-comprimes","11":"product_tag-vitamine-c-ester-c-solgar-non-acide","13":"first","14":"instock","15":"taxable","16":"shipping-taxable","17":"purchasable","18":"product-type-simple"},"yoast_head":"<!-- This site is optimized with the Yoast SEO plugin v27.5 - https:\/\/yoast.com\/product\/yoast-seo-wordpress\/ -->\n<title>Solgar Ester-C Plus, Vitamine C 1000 mg 90 comprim\u00e9s - Maroc Prix<\/title>\n<meta name=\"description\" content=\"Boostez votre immunit\u00e9 avec Solgar Ester-C Plus, 1000 mg de vitamine C par comprim\u00e9. 90 comprim\u00e9s pour une protection antioxydante et un bien-\u00eatre optimal.\" \/>\n<meta name=\"robots\" content=\"index, follow, max-snippet:-1, max-image-preview:large, max-video-preview:-1\" \/>\n<link rel=\"canonical\" href=\"https:\/\/vitablanca.ma\/ar\/product-2\/solgar-ester-c-plus-vitamine-c-1000-mg-90-comprimes\/\" \/>\n<meta property=\"og:locale\" content=\"ar_AR\" \/>\n<meta property=\"og:type\" content=\"article\" \/>\n<meta property=\"og:title\" content=\"Solgar Ester-C Plus, Vitamine C 1000 mg 90 comprim\u00e9s - Maroc Prix\" \/>\n<meta property=\"og:description\" content=\"Boostez votre immunit\u00e9 avec Solgar Ester-C Plus, 1000 mg de vitamine C par comprim\u00e9. 90 comprim\u00e9s pour une protection antioxydante et un bien-\u00eatre optimal.\" \/>\n<meta property=\"og:url\" content=\"https:\/\/vitablanca.ma\/ar\/product-2\/solgar-ester-c-plus-vitamine-c-1000-mg-90-comprimes\/\" \/>\n<meta property=\"og:site_name\" content=\"Vitablanca.ma &ndash; Sant&eacute;, vitalit&eacute; et bien-&ecirc;tre pour tous les Marocains\" \/>\n<meta property=\"article:publisher\" content=\"https:\/\/www.facebook.com\/profile.php?id=61576678196717\" \/>\n<meta property=\"article:modified_time\" content=\"2025-12-01T19:25:19+00:00\" \/>\n<meta property=\"og:image\" content=\"https:\/\/vitablanca.ma\/wp-content\/uploads\/2025\/09\/solgar-ester-c-plus-vitamine-c-1000-mg-90-comprimes-67.jpg\" \/>\n\t<meta property=\"og:image:width\" content=\"680\" \/>\n\t<meta property=\"og:image:height\" content=\"680\" \/>\n\t<meta property=\"og:image:type\" content=\"image\/jpeg\" \/>\n<meta name=\"twitter:card\" content=\"summary_large_image\" \/>\n<meta name=\"twitter:label1\" content=\"\u0648\u0642\u062a \u0627\u0644\u0642\u0631\u0627\u0621\u0629 \u0627\u0644\u0645\u064f\u0642\u062f\u0651\u0631\" \/>\n\t<meta name=\"twitter:data1\" content=\"\u062f\u0642\u064a\u0642\u0629 \u0648\u0627\u062d\u062f\u0629\" \/>\n<script type=\"application\/ld+json\" class=\"yoast-schema-graph\">{\"@context\":\"https:\\\/\\\/schema.org\",\"@graph\":[{\"@type\":[\"WebPage\",\"ItemPage\"],\"@id\":\"https:\\\/\\\/vitablanca.ma\\\/produit\\\/solgar-ester-c-plus-vitamine-c-1000-mg-90-comprimes\\\/\",\"url\":\"https:\\\/\\\/vitablanca.ma\\\/produit\\\/solgar-ester-c-plus-vitamine-c-1000-mg-90-comprimes\\\/\",\"name\":\"Solgar Ester-C Plus, Vitamine C 1000 mg 90 comprim\u00e9s - Maroc Prix\",\"isPartOf\":{\"@id\":\"https:\\\/\\\/vitablanca.ma\\\/#website\"},\"primaryImageOfPage\":{\"@id\":\"https:\\\/\\\/vitablanca.ma\\\/produit\\\/solgar-ester-c-plus-vitamine-c-1000-mg-90-comprimes\\\/#primaryimage\"},\"image\":{\"@id\":\"https:\\\/\\\/vitablanca.ma\\\/produit\\\/solgar-ester-c-plus-vitamine-c-1000-mg-90-comprimes\\\/#primaryimage\"},\"thumbnailUrl\":\"https:\\\/\\\/vitablanca.ma\\\/wp-content\\\/uploads\\\/2025\\\/09\\\/solgar-ester-c-plus-vitamine-c-1000-mg-90-comprimes-67.jpg\",\"datePublished\":\"2025-09-18T01:49:55+00:00\",\"dateModified\":\"2025-12-01T19:25:19+00:00\",\"description\":\"Boostez votre immunit\u00e9 avec Solgar Ester-C Plus, 1000 mg de vitamine C par comprim\u00e9. 90 comprim\u00e9s pour une protection antioxydante et un bien-\u00eatre optimal.\",\"breadcrumb\":{\"@id\":\"https:\\\/\\\/vitablanca.ma\\\/produit\\\/solgar-ester-c-plus-vitamine-c-1000-mg-90-comprimes\\\/#breadcrumb\"},\"inLanguage\":\"ar\",\"potentialAction\":[{\"@type\":\"ReadAction\",\"target\":[\"https:\\\/\\\/vitablanca.ma\\\/produit\\\/solgar-ester-c-plus-vitamine-c-1000-mg-90-comprimes\\\/\"]}]},{\"@type\":\"ImageObject\",\"inLanguage\":\"ar\",\"@id\":\"https:\\\/\\\/vitablanca.ma\\\/produit\\\/solgar-ester-c-plus-vitamine-c-1000-mg-90-comprimes\\\/#primaryimage\",\"url\":\"https:\\\/\\\/vitablanca.ma\\\/wp-content\\\/uploads\\\/2025\\\/09\\\/solgar-ester-c-plus-vitamine-c-1000-mg-90-comprimes-67.jpg\",\"contentUrl\":\"https:\\\/\\\/vitablanca.ma\\\/wp-content\\\/uploads\\\/2025\\\/09\\\/solgar-ester-c-plus-vitamine-c-1000-mg-90-comprimes-67.jpg\",\"width\":680,\"height\":680},{\"@type\":\"BreadcrumbList\",\"@id\":\"https:\\\/\\\/vitablanca.ma\\\/produit\\\/solgar-ester-c-plus-vitamine-c-1000-mg-90-comprimes\\\/#breadcrumb\",\"itemListElement\":[{\"@type\":\"ListItem\",\"position\":1,\"name\":\"Home\",\"item\":\"https:\\\/\\\/vitablanca.ma\\\/\"},{\"@type\":\"ListItem\",\"position\":2,\"name\":\"Tous Les Produits\",\"item\":\"https:\\\/\\\/vitablanca.ma\\\/tous-les-produits\\\/\"},{\"@type\":\"ListItem\",\"position\":3,\"name\":\"Solgar Ester-C Plus, Vitamine C 1000 mg 90 comprim\u00e9s\"}]},{\"@type\":\"WebSite\",\"@id\":\"https:\\\/\\\/vitablanca.ma\\\/#website\",\"url\":\"https:\\\/\\\/vitablanca.ma\\\/\",\"name\":\"VitaBlanca.ma | Compl\u00e9ments alimentaires, sant\u00e9 & beaut\u00e9 au Maroc\",\"description\":\"vendre vitamines et compl\u00e9ments premium des USA &amp; Canada, Nouvelle Z\u00e9lande,Maroc (NOW Foods, Solgar, Manuka). Livraison rapide partout au Maroc.\",\"publisher\":{\"@id\":\"https:\\\/\\\/vitablanca.ma\\\/#organization\"},\"alternateName\":\"VitaBlanca.ma\",\"potentialAction\":[{\"@type\":\"SearchAction\",\"target\":{\"@type\":\"EntryPoint\",\"urlTemplate\":\"https:\\\/\\\/vitablanca.ma\\\/?s={search_term_string}\"},\"query-input\":{\"@type\":\"PropertyValueSpecification\",\"valueRequired\":true,\"valueName\":\"search_term_string\"}}],\"inLanguage\":\"ar\"},{\"@type\":\"Organization\",\"@id\":\"https:\\\/\\\/vitablanca.ma\\\/#organization\",\"name\":\"VitaBlanca\",\"url\":\"https:\\\/\\\/vitablanca.ma\\\/\",\"logo\":{\"@type\":\"ImageObject\",\"inLanguage\":\"ar\",\"@id\":\"https:\\\/\\\/vitablanca.ma\\\/#\\\/schema\\\/logo\\\/image\\\/\",\"url\":\"https:\\\/\\\/vitablanca.ma\\\/wp-content\\\/uploads\\\/2025\\\/05\\\/cropped-vitablanca.png\",\"contentUrl\":\"https:\\\/\\\/vitablanca.ma\\\/wp-content\\\/uploads\\\/2025\\\/05\\\/cropped-vitablanca.png\",\"width\":360,\"height\":67,\"caption\":\"VitaBlanca\"},\"image\":{\"@id\":\"https:\\\/\\\/vitablanca.ma\\\/#\\\/schema\\\/logo\\\/image\\\/\"},\"sameAs\":[\"https:\\\/\\\/www.facebook.com\\\/profile.php?id=61576678196717\",\"https:\\\/\\\/www.tiktok.com\\\/@vitablanca.ma\",\"https:\\\/\\\/www.instagram.com\\\/vitablanca.ma\\\/\"]}]}<\/script>\n<!-- \/ Yoast SEO plugin. -->","yoast_head_json":{"title":"Solgar Ester-C Plus, Vitamine C 1000 mg 90 comprim\u00e9s - Maroc Prix","description":"Boostez votre immunit\u00e9 avec Solgar Ester-C Plus, 1000 mg de vitamine C par comprim\u00e9. 90 comprim\u00e9s pour une protection antioxydante et un bien-\u00eatre optimal.","robots":{"index":"index","follow":"follow","max-snippet":"max-snippet:-1","max-image-preview":"max-image-preview:large","max-video-preview":"max-video-preview:-1"},"canonical":"https:\/\/vitablanca.ma\/ar\/product-2\/solgar-ester-c-plus-vitamine-c-1000-mg-90-comprimes\/","og_locale":"ar_AR","og_type":"article","og_title":"Solgar Ester-C Plus, Vitamine C 1000 mg 90 comprim\u00e9s - Maroc Prix","og_description":"Boostez votre immunit\u00e9 avec Solgar Ester-C Plus, 1000 mg de vitamine C par comprim\u00e9. 90 comprim\u00e9s pour une protection antioxydante et un bien-\u00eatre optimal.","og_url":"https:\/\/vitablanca.ma\/ar\/product-2\/solgar-ester-c-plus-vitamine-c-1000-mg-90-comprimes\/","og_site_name":"Vitablanca.ma &ndash; Sant&eacute;, vitalit&eacute; et bien-&ecirc;tre pour tous les Marocains","article_publisher":"https:\/\/www.facebook.com\/profile.php?id=61576678196717","article_modified_time":"2025-12-01T19:25:19+00:00","og_image":[{"width":680,"height":680,"url":"https:\/\/vitablanca.ma\/wp-content\/uploads\/2025\/09\/solgar-ester-c-plus-vitamine-c-1000-mg-90-comprimes-67.jpg","type":"image\/jpeg"}],"twitter_card":"summary_large_image","twitter_misc":{"\u0648\u0642\u062a \u0627\u0644\u0642\u0631\u0627\u0621\u0629 \u0627\u0644\u0645\u064f\u0642\u062f\u0651\u0631":"\u062f\u0642\u064a\u0642\u0629 \u0648\u0627\u062d\u062f\u0629"},"schema":{"@context":"https:\/\/schema.org","@graph":[{"@type":["WebPage","ItemPage"],"@id":"https:\/\/vitablanca.ma\/produit\/solgar-ester-c-plus-vitamine-c-1000-mg-90-comprimes\/","url":"https:\/\/vitablanca.ma\/produit\/solgar-ester-c-plus-vitamine-c-1000-mg-90-comprimes\/","name":"Solgar Ester-C Plus, Vitamine C 1000 mg 90 comprim\u00e9s - Maroc Prix","isPartOf":{"@id":"https:\/\/vitablanca.ma\/#website"},"primaryImageOfPage":{"@id":"https:\/\/vitablanca.ma\/produit\/solgar-ester-c-plus-vitamine-c-1000-mg-90-comprimes\/#primaryimage"},"image":{"@id":"https:\/\/vitablanca.ma\/produit\/solgar-ester-c-plus-vitamine-c-1000-mg-90-comprimes\/#primaryimage"},"thumbnailUrl":"https:\/\/vitablanca.ma\/wp-content\/uploads\/2025\/09\/solgar-ester-c-plus-vitamine-c-1000-mg-90-comprimes-67.jpg","datePublished":"2025-09-18T01:49:55+00:00","dateModified":"2025-12-01T19:25:19+00:00","description":"Boostez votre immunit\u00e9 avec Solgar Ester-C Plus, 1000 mg de vitamine C par comprim\u00e9. 90 comprim\u00e9s pour une protection antioxydante et un bien-\u00eatre optimal.","breadcrumb":{"@id":"https:\/\/vitablanca.ma\/produit\/solgar-ester-c-plus-vitamine-c-1000-mg-90-comprimes\/#breadcrumb"},"inLanguage":"ar","potentialAction":[{"@type":"ReadAction","target":["https:\/\/vitablanca.ma\/produit\/solgar-ester-c-plus-vitamine-c-1000-mg-90-comprimes\/"]}]},{"@type":"ImageObject","inLanguage":"ar","@id":"https:\/\/vitablanca.ma\/produit\/solgar-ester-c-plus-vitamine-c-1000-mg-90-comprimes\/#primaryimage","url":"https:\/\/vitablanca.ma\/wp-content\/uploads\/2025\/09\/solgar-ester-c-plus-vitamine-c-1000-mg-90-comprimes-67.jpg","contentUrl":"https:\/\/vitablanca.ma\/wp-content\/uploads\/2025\/09\/solgar-ester-c-plus-vitamine-c-1000-mg-90-comprimes-67.jpg","width":680,"height":680},{"@type":"BreadcrumbList","@id":"https:\/\/vitablanca.ma\/produit\/solgar-ester-c-plus-vitamine-c-1000-mg-90-comprimes\/#breadcrumb","itemListElement":[{"@type":"ListItem","position":1,"name":"Home","item":"https:\/\/vitablanca.ma\/"},{"@type":"ListItem","position":2,"name":"Tous Les Produits","item":"https:\/\/vitablanca.ma\/tous-les-produits\/"},{"@type":"ListItem","position":3,"name":"Solgar Ester-C Plus, Vitamine C 1000 mg 90 comprim\u00e9s"}]},{"@type":"WebSite","@id":"https:\/\/vitablanca.ma\/#website","url":"https:\/\/vitablanca.ma\/","name":"VitaBlanca.ma | \u0627\u0644\u0645\u0643\u0645\u0644\u0627\u062a \u0627\u0644\u063a\u0630\u0627\u0626\u064a\u0629\u060c \u0627\u0644\u0635\u062d\u0629 \u0648\u0627\u0644\u062c\u0645\u0627\u0644 \u0641\u064a \u0627\u0644\u0645\u063a\u0631\u0628","description":"\u0646\u0628\u064a\u0639 \u0641\u064a\u062a\u0627\u0645\u064a\u0646\u0627\u062a \u0648\u0645\u0643\u0645\u0644\u0627\u062a \u063a\u0630\u0627\u0626\u064a\u0629 \u0641\u0627\u062e\u0631\u0629 \u0645\u0646 \u0627\u0644\u0648\u0644\u0627\u064a\u0627\u062a \u0627\u0644\u0645\u062a\u062d\u062f\u0629 \u0627\u0644\u0623\u0645\u0631\u064a\u0643\u064a\u0629 \u0648\u0643\u0646\u062f\u0627 \u0648\u0646\u064a\u0648\u0632\u064a\u0644\u0646\u062f\u0627 \u0648\u0627\u0644\u0645\u063a\u0631\u0628 (\u0646\u0627\u0648 \u0641\u0648\u062f\u0632\u060c \u0633\u0648\u0644\u062c\u0627\u0631\u060c \u0645\u0627\u0646\u0648\u0643\u0627). \u062a\u0648\u0635\u064a\u0644 \u0633\u0631\u064a\u0639 \u0625\u0644\u0649 \u062c\u0645\u064a\u0639 \u0623\u0646\u062d\u0627\u0621 \u0627\u0644\u0645\u063a\u0631\u0628.","publisher":{"@id":"https:\/\/vitablanca.ma\/#organization"},"alternateName":"VitaBlanca.ma","potentialAction":[{"@type":"SearchAction","target":{"@type":"EntryPoint","urlTemplate":"https:\/\/vitablanca.ma\/?s={search_term_string}"},"query-input":{"@type":"PropertyValueSpecification","valueRequired":true,"valueName":"search_term_string"}}],"inLanguage":"ar"},{"@type":"Organization","@id":"https:\/\/vitablanca.ma\/#organization","name":"\u0641\u064a\u062a\u0627\u0628\u0644\u0627\u0646\u0643\u0627","url":"https:\/\/vitablanca.ma\/","logo":{"@type":"ImageObject","inLanguage":"ar","@id":"https:\/\/vitablanca.ma\/#\/schema\/logo\/image\/","url":"https:\/\/vitablanca.ma\/wp-content\/uploads\/2025\/05\/cropped-vitablanca.png","contentUrl":"https:\/\/vitablanca.ma\/wp-content\/uploads\/2025\/05\/cropped-vitablanca.png","width":360,"height":67,"caption":"VitaBlanca"},"image":{"@id":"https:\/\/vitablanca.ma\/#\/schema\/logo\/image\/"},"sameAs":["https:\/\/www.facebook.com\/profile.php?id=61576678196717","https:\/\/www.tiktok.com\/@vitablanca.ma","https:\/\/www.instagram.com\/vitablanca.ma\/"]}]}},"jetpack_sharing_enabled":true,"_links":{"self":[{"href":"https:\/\/vitablanca.ma\/ar\/wp-json\/wp\/v2\/product\/25393","targetHints":{"allow":["GET"]}}],"collection":[{"href":"https:\/\/vitablanca.ma\/ar\/wp-json\/wp\/v2\/product"}],"about":[{"href":"https:\/\/vitablanca.ma\/ar\/wp-json\/wp\/v2\/types\/product"}],"wp:featuredmedia":[{"embeddable":true,"href":"https:\/\/vitablanca.ma\/ar\/wp-json\/wp\/v2\/media\/25474"}],"wp:attachment":[{"href":"https:\/\/vitablanca.ma\/ar\/wp-json\/wp\/v2\/media?parent=25393"}],"wp:term":[{"taxonomy":"product_brand","embeddable":true,"href":"https:\/\/vitablanca.ma\/ar\/wp-json\/wp\/v2\/product_brand?post=25393"},{"taxonomy":"product_cat","embeddable":true,"href":"https:\/\/vitablanca.ma\/ar\/wp-json\/wp\/v2\/product_cat?post=25393"},{"taxonomy":"product_tag","embeddable":true,"href":"https:\/\/vitablanca.ma\/ar\/wp-json\/wp\/v2\/product_tag?post=25393"}],"curies":[{"name":"wp","href":"https:\/\/api.w.org\/{rel}","templated":true}]}}