{"id":25384,"date":"2025-09-18T01:49:54","date_gmt":"2025-09-18T01:49:54","guid":{"rendered":"https:\/\/vitablanca.ma\/?post_type=product&#038;p=25384"},"modified":"2025-09-22T18:10:24","modified_gmt":"2025-09-22T18:10:24","slug":"himalaya-boswellie-60-capsules-vegetariennes-125-mg-par-capsule","status":"publish","type":"product","link":"https:\/\/vitablanca.ma\/ar\/product-2\/himalaya-boswellie-60-capsules-vegetariennes-125-mg-par-capsule\/","title":{"rendered":"Himalaya Boswellie 125 mg 60 capsules v\u00e9g\u00e9tariennes"},"content":{"rendered":"<article class=\"text-token-text-primary w-full focus:outline-none scroll-mt-[calc(var(--header-height)+min(200px,max(70px,20svh)))]\" dir=\"auto\" tabindex=\"-1\" data-turn-id=\"request-68cc6b80-8420-8331-8eab-ef1038ef2723-28\" data-testid=\"conversation-turn-75\" data-scroll-anchor=\"true\" data-turn=\"assistant\">\n<div class=\"text-base my-auto mx-auto pb-10 [--thread-content-margin:--spacing(4)] thread-sm:[--thread-content-margin:--spacing(6)] thread-lg:[--thread-content-margin:--spacing(16)] px-(--thread-content-margin)\">\n<div class=\"[--thread-content-max-width:40rem] thread-lg:[--thread-content-max-width:48rem] mx-auto max-w-(--thread-content-max-width) flex-1 group\/turn-messages focus-visible:outline-hidden relative flex w-full min-w-0 flex-col agent-turn\" tabindex=\"-1\">\n<div class=\"flex max-w-full flex-col grow\">\n<div class=\"min-h-8 text-message relative flex w-full flex-col items-end gap-2 text-start break-words whitespace-normal [.text-message+&amp;]:mt-5\" dir=\"auto\" data-message-author-role=\"assistant\" data-message-id=\"65a01ae7-1572-44cd-b8c9-5cc359d5dcd1\" data-message-model-slug=\"gpt-5\">\n<div class=\"flex w-full flex-col gap-1 empty:hidden first:pt-[3px]\">\n<div class=\"markdown prose dark:prose-invert w-full break-words light markdown-new-styling\">\n<p data-start=\"118\" data-end=\"574\"><strong data-start=\"118\" data-end=\"140\">Himalaya Boswellie<\/strong> est un suppl\u00e9ment naturel \u00e0 base de <strong data-start=\"177\" data-end=\"198\">boswellia serrata<\/strong>, une plante reconnue pour ses propri\u00e9t\u00e9s anti-inflammatoires et analg\u00e9siques. Chaque capsule contient 125 mg d&rsquo;extrait de boswellia, offrant un soutien efficace pour la sant\u00e9 des articulations et la r\u00e9duction des douleurs articulaires. Cette formule v\u00e9g\u00e9tarienne est id\u00e9ale pour ceux qui recherchent une alternative naturelle pour am\u00e9liorer leur mobilit\u00e9 et leur flexibilit\u00e9.<\/p>\n<ul data-start=\"576\" data-end=\"1354\">\n<li data-start=\"576\" data-end=\"744\">\n<p data-start=\"578\" data-end=\"744\"><strong data-start=\"578\" data-end=\"601\">Soutien Articulaire<\/strong> : Le boswellia est connu pour ses bienfaits dans le traitement des douleurs articulaires, des inflammations et des troubles li\u00e9s \u00e0 l&rsquo;arthrite.<\/p>\n<\/li>\n<li data-start=\"745\" data-end=\"924\">\n<p data-start=\"747\" data-end=\"924\"><strong data-start=\"747\" data-end=\"778\">R\u00e9duction des Inflammations<\/strong> : L&rsquo;extrait de boswellia aide \u00e0 r\u00e9duire l&rsquo;inflammation et \u00e0 soulager la douleur articulaire, en favorisant une meilleure mobilit\u00e9 et flexibilit\u00e9.<\/p>\n<\/li>\n<li data-start=\"925\" data-end=\"1069\">\n<p data-start=\"927\" data-end=\"1069\"><strong data-start=\"927\" data-end=\"961\">Am\u00e9lioration de la Flexibilit\u00e9<\/strong> : Il soutient la souplesse des articulations, permettant de maintenir une meilleure amplitude de mouvement.<\/p>\n<\/li>\n<li data-start=\"1070\" data-end=\"1193\">\n<p data-start=\"1072\" data-end=\"1193\"><strong data-start=\"1072\" data-end=\"1093\">Formule Naturelle<\/strong> : Compl\u00e9ment \u00e0 base d&rsquo;ingr\u00e9dients naturels, sans additifs ni conservateurs, adapt\u00e9 aux v\u00e9g\u00e9tariens.<\/p>\n<\/li>\n<li data-start=\"1194\" data-end=\"1354\">\n<p data-start=\"1196\" data-end=\"1354\"><strong data-start=\"1196\" data-end=\"1217\">Bien-\u00eatre G\u00e9n\u00e9ral<\/strong> : En plus de ses effets b\u00e9n\u00e9fiques sur les articulations, il contribue \u00e9galement \u00e0 la sant\u00e9 g\u00e9n\u00e9rale en soutenant le bien-\u00eatre physique.<\/p>\n<\/li>\n<\/ul>\n<p data-start=\"1356\" data-end=\"1466\"><strong data-start=\"1356\" data-end=\"1371\">Utilisation<\/strong> : Prenez 1 \u00e0 2 capsules par jour, ou selon les recommandations d&rsquo;un professionnel de la sant\u00e9.<\/p>\n<h3 data-start=\"1468\" data-end=\"1486\"><strong data-start=\"1472\" data-end=\"1485\">Bienfaits<\/strong>:<\/h3>\n<ul data-start=\"1487\" data-end=\"1722\">\n<li data-start=\"1487\" data-end=\"1543\">\n<p data-start=\"1489\" data-end=\"1543\"><strong data-start=\"1489\" data-end=\"1529\">R\u00e9duit les douleurs et inflammations<\/strong> articulaires.<\/p>\n<\/li>\n<li data-start=\"1544\" data-end=\"1607\">\n<p data-start=\"1546\" data-end=\"1607\"><strong data-start=\"1546\" data-end=\"1573\">Soutient la flexibilit\u00e9<\/strong> et la mobilit\u00e9 des articulations.<\/p>\n<\/li>\n<li data-start=\"1608\" data-end=\"1657\">\n<p data-start=\"1610\" data-end=\"1657\"><strong data-start=\"1610\" data-end=\"1639\">Formule v\u00e9g\u00e9tarienne pure<\/strong> et sans additifs.<\/p>\n<\/li>\n<li data-start=\"1658\" data-end=\"1722\">\n<p data-start=\"1660\" data-end=\"1722\"><strong data-start=\"1660\" data-end=\"1708\">Aide \u00e0 maintenir une bonne sant\u00e9 articulaire<\/strong> \u00e0 long terme.<\/p>\n<\/li>\n<\/ul>\n<p data-start=\"1724\" data-end=\"1919\" data-is-last-node=\"\" data-is-only-node=\"\"><strong data-start=\"1724\" data-end=\"1753\">Himalaya Boswellie 125 mg<\/strong> est une solution naturelle id\u00e9ale pour ceux qui cherchent \u00e0 am\u00e9liorer la sant\u00e9 de leurs articulations, r\u00e9duire les inflammations et augmenter leur confort quotidien.<\/p>\n<\/div>\n<\/div>\n<\/div>\n<\/div>\n<div class=\"flex min-h-[46px] justify-start\"><\/div>\n<div class=\"mt-3 w-full empty:hidden\">\n<div class=\"text-center\"><\/div>\n<\/div>\n<\/div>\n<\/div>\n<\/article>\n<div class=\"pointer-events-none h-px w-px\" aria-hidden=\"true\" data-edge=\"true\"><\/div>\n","protected":false},"excerpt":{"rendered":"<ul>\n<li>Flexibilit\u00e9 des articulations et amplitude des mouvements<\/li>\n<li>Support du fonctionnement normal des fluides au niveau des articulations<\/li>\n<li>Le bonheur gr\u00e2ce au bien-\u00eatre<\/li>\n<li>\u062e\u0627\u0644\u064a \u0645\u0646 \u0627\u0644\u063a\u0644\u0648\u062a\u064a\u0646<\/li>\n<li>Certifi\u00e9 cGMP<\/li>\n<\/ul>","protected":false},"featured_media":25434,"template":"","meta":{"om_disable_all_campaigns":false},"product_brand":[3707],"product_cat":[18,3366],"product_tag":[3648,3649,3650,3651,3652],"class_list":{"0":"post-25384","1":"product","2":"type-product","3":"status-publish","4":"has-post-thumbnail","6":"product_brand-himalaya-boswellie","7":"product_cat-beaute-sante","8":"product_cat-complements-alimentaires-au-maroc-vitablanca","9":"product_tag-anti-inflammatoire-naturel-vegetarien","10":"product_tag-boswellia-himalaya-125-mg","11":"product_tag-boswellia-serrata-capsules","12":"product_tag-complement-articulations-naturel","13":"product_tag-sante-articulaire-et-confort-musculaire","15":"first","16":"instock","17":"sale","18":"taxable","19":"shipping-taxable","20":"purchasable","21":"product-type-simple"},"yoast_head":"<!-- This site is optimized with the Yoast SEO plugin v27.5 - https:\/\/yoast.com\/product\/yoast-seo-wordpress\/ -->\n<title>Himalaya Boswellie 125 mg 60 capsules v\u00e9g\u00e9tariennes - Maroc Prix<\/title>\n<meta name=\"description\" content=\"D\u00e9couvrez Himalaya Boswellie 125 mg, 60 capsules pour soutenir la sant\u00e9 des articulations, r\u00e9duire les inflammations et am\u00e9liorer la flexibilit\u00e9. Formule\" \/>\n<meta name=\"robots\" content=\"index, follow, max-snippet:-1, max-image-preview:large, max-video-preview:-1\" \/>\n<link rel=\"canonical\" href=\"https:\/\/vitablanca.ma\/ar\/product-2\/himalaya-boswellie-60-capsules-vegetariennes-125-mg-par-capsule\/\" \/>\n<meta property=\"og:locale\" content=\"ar_AR\" \/>\n<meta property=\"og:type\" content=\"article\" \/>\n<meta property=\"og:title\" content=\"Himalaya Boswellie 125 mg 60 capsules v\u00e9g\u00e9tariennes - Maroc Prix\" \/>\n<meta property=\"og:description\" content=\"D\u00e9couvrez Himalaya Boswellie 125 mg, 60 capsules pour soutenir la sant\u00e9 des articulations, r\u00e9duire les inflammations et am\u00e9liorer la flexibilit\u00e9. Formule\" \/>\n<meta property=\"og:url\" content=\"https:\/\/vitablanca.ma\/ar\/product-2\/himalaya-boswellie-60-capsules-vegetariennes-125-mg-par-capsule\/\" \/>\n<meta property=\"og:site_name\" content=\"Vitablanca.ma &ndash; Sant&eacute;, vitalit&eacute; et bien-&ecirc;tre pour tous les Marocains\" \/>\n<meta property=\"article:publisher\" content=\"https:\/\/www.facebook.com\/profile.php?id=61576678196717\" \/>\n<meta property=\"article:modified_time\" content=\"2025-09-22T18:10:24+00:00\" \/>\n<meta property=\"og:image\" content=\"https:\/\/vitablanca.ma\/wp-content\/uploads\/2025\/09\/himalaya-boswellie-60-capsules-vegetariennes-125-mg-.jpg\" \/>\n\t<meta property=\"og:image:width\" content=\"680\" \/>\n\t<meta property=\"og:image:height\" content=\"680\" \/>\n\t<meta property=\"og:image:type\" content=\"image\/jpeg\" \/>\n<meta name=\"twitter:card\" content=\"summary_large_image\" \/>\n<meta name=\"twitter:label1\" content=\"\u0648\u0642\u062a \u0627\u0644\u0642\u0631\u0627\u0621\u0629 \u0627\u0644\u0645\u064f\u0642\u062f\u0651\u0631\" \/>\n\t<meta name=\"twitter:data1\" content=\"\u062f\u0642\u064a\u0642\u062a\u0627\u0646\" \/>\n<script type=\"application\/ld+json\" class=\"yoast-schema-graph\">{\"@context\":\"https:\\\/\\\/schema.org\",\"@graph\":[{\"@type\":[\"WebPage\",\"ItemPage\"],\"@id\":\"https:\\\/\\\/vitablanca.ma\\\/produit\\\/himalaya-boswellie-60-capsules-vegetariennes-125-mg-par-capsule\\\/\",\"url\":\"https:\\\/\\\/vitablanca.ma\\\/produit\\\/himalaya-boswellie-60-capsules-vegetariennes-125-mg-par-capsule\\\/\",\"name\":\"Himalaya Boswellie 125 mg 60 capsules v\u00e9g\u00e9tariennes - Maroc Prix\",\"isPartOf\":{\"@id\":\"https:\\\/\\\/vitablanca.ma\\\/#website\"},\"primaryImageOfPage\":{\"@id\":\"https:\\\/\\\/vitablanca.ma\\\/produit\\\/himalaya-boswellie-60-capsules-vegetariennes-125-mg-par-capsule\\\/#primaryimage\"},\"image\":{\"@id\":\"https:\\\/\\\/vitablanca.ma\\\/produit\\\/himalaya-boswellie-60-capsules-vegetariennes-125-mg-par-capsule\\\/#primaryimage\"},\"thumbnailUrl\":\"https:\\\/\\\/vitablanca.ma\\\/wp-content\\\/uploads\\\/2025\\\/09\\\/himalaya-boswellie-60-capsules-vegetariennes-125-mg-.jpg\",\"datePublished\":\"2025-09-18T01:49:54+00:00\",\"dateModified\":\"2025-09-22T18:10:24+00:00\",\"description\":\"D\u00e9couvrez Himalaya Boswellie 125 mg, 60 capsules pour soutenir la sant\u00e9 des articulations, r\u00e9duire les inflammations et am\u00e9liorer la flexibilit\u00e9. Formule\",\"breadcrumb\":{\"@id\":\"https:\\\/\\\/vitablanca.ma\\\/produit\\\/himalaya-boswellie-60-capsules-vegetariennes-125-mg-par-capsule\\\/#breadcrumb\"},\"inLanguage\":\"ar\",\"potentialAction\":[{\"@type\":\"ReadAction\",\"target\":[\"https:\\\/\\\/vitablanca.ma\\\/produit\\\/himalaya-boswellie-60-capsules-vegetariennes-125-mg-par-capsule\\\/\"]}]},{\"@type\":\"ImageObject\",\"inLanguage\":\"ar\",\"@id\":\"https:\\\/\\\/vitablanca.ma\\\/produit\\\/himalaya-boswellie-60-capsules-vegetariennes-125-mg-par-capsule\\\/#primaryimage\",\"url\":\"https:\\\/\\\/vitablanca.ma\\\/wp-content\\\/uploads\\\/2025\\\/09\\\/himalaya-boswellie-60-capsules-vegetariennes-125-mg-.jpg\",\"contentUrl\":\"https:\\\/\\\/vitablanca.ma\\\/wp-content\\\/uploads\\\/2025\\\/09\\\/himalaya-boswellie-60-capsules-vegetariennes-125-mg-.jpg\",\"width\":680,\"height\":680},{\"@type\":\"BreadcrumbList\",\"@id\":\"https:\\\/\\\/vitablanca.ma\\\/produit\\\/himalaya-boswellie-60-capsules-vegetariennes-125-mg-par-capsule\\\/#breadcrumb\",\"itemListElement\":[{\"@type\":\"ListItem\",\"position\":1,\"name\":\"Home\",\"item\":\"https:\\\/\\\/vitablanca.ma\\\/\"},{\"@type\":\"ListItem\",\"position\":2,\"name\":\"Tous Les Produits\",\"item\":\"https:\\\/\\\/vitablanca.ma\\\/tous-les-produits\\\/\"},{\"@type\":\"ListItem\",\"position\":3,\"name\":\"Himalaya Boswellie 125 mg 60 capsules v\u00e9g\u00e9tariennes\"}]},{\"@type\":\"WebSite\",\"@id\":\"https:\\\/\\\/vitablanca.ma\\\/#website\",\"url\":\"https:\\\/\\\/vitablanca.ma\\\/\",\"name\":\"VitaBlanca.ma | Compl\u00e9ments alimentaires, sant\u00e9 & beaut\u00e9 au Maroc\",\"description\":\"vendre vitamines et compl\u00e9ments premium des USA &amp; Canada, Nouvelle Z\u00e9lande,Maroc (NOW Foods, Solgar, Manuka). Livraison rapide partout au Maroc.\",\"publisher\":{\"@id\":\"https:\\\/\\\/vitablanca.ma\\\/#organization\"},\"alternateName\":\"VitaBlanca.ma\",\"potentialAction\":[{\"@type\":\"SearchAction\",\"target\":{\"@type\":\"EntryPoint\",\"urlTemplate\":\"https:\\\/\\\/vitablanca.ma\\\/?s={search_term_string}\"},\"query-input\":{\"@type\":\"PropertyValueSpecification\",\"valueRequired\":true,\"valueName\":\"search_term_string\"}}],\"inLanguage\":\"ar\"},{\"@type\":\"Organization\",\"@id\":\"https:\\\/\\\/vitablanca.ma\\\/#organization\",\"name\":\"VitaBlanca\",\"url\":\"https:\\\/\\\/vitablanca.ma\\\/\",\"logo\":{\"@type\":\"ImageObject\",\"inLanguage\":\"ar\",\"@id\":\"https:\\\/\\\/vitablanca.ma\\\/#\\\/schema\\\/logo\\\/image\\\/\",\"url\":\"https:\\\/\\\/vitablanca.ma\\\/wp-content\\\/uploads\\\/2025\\\/05\\\/cropped-vitablanca.png\",\"contentUrl\":\"https:\\\/\\\/vitablanca.ma\\\/wp-content\\\/uploads\\\/2025\\\/05\\\/cropped-vitablanca.png\",\"width\":360,\"height\":67,\"caption\":\"VitaBlanca\"},\"image\":{\"@id\":\"https:\\\/\\\/vitablanca.ma\\\/#\\\/schema\\\/logo\\\/image\\\/\"},\"sameAs\":[\"https:\\\/\\\/www.facebook.com\\\/profile.php?id=61576678196717\",\"https:\\\/\\\/www.tiktok.com\\\/@vitablanca.ma\",\"https:\\\/\\\/www.instagram.com\\\/vitablanca.ma\\\/\"]}]}<\/script>\n<!-- \/ Yoast SEO plugin. -->","yoast_head_json":{"title":"Himalaya Boswellie 125 mg 60 capsules v\u00e9g\u00e9tariennes - Maroc Prix","description":"D\u00e9couvrez Himalaya Boswellie 125 mg, 60 capsules pour soutenir la sant\u00e9 des articulations, r\u00e9duire les inflammations et am\u00e9liorer la flexibilit\u00e9. Formule","robots":{"index":"index","follow":"follow","max-snippet":"max-snippet:-1","max-image-preview":"max-image-preview:large","max-video-preview":"max-video-preview:-1"},"canonical":"https:\/\/vitablanca.ma\/ar\/product-2\/himalaya-boswellie-60-capsules-vegetariennes-125-mg-par-capsule\/","og_locale":"ar_AR","og_type":"article","og_title":"Himalaya Boswellie 125 mg 60 capsules v\u00e9g\u00e9tariennes - Maroc Prix","og_description":"D\u00e9couvrez Himalaya Boswellie 125 mg, 60 capsules pour soutenir la sant\u00e9 des articulations, r\u00e9duire les inflammations et am\u00e9liorer la flexibilit\u00e9. Formule","og_url":"https:\/\/vitablanca.ma\/ar\/product-2\/himalaya-boswellie-60-capsules-vegetariennes-125-mg-par-capsule\/","og_site_name":"Vitablanca.ma &ndash; Sant&eacute;, vitalit&eacute; et bien-&ecirc;tre pour tous les Marocains","article_publisher":"https:\/\/www.facebook.com\/profile.php?id=61576678196717","article_modified_time":"2025-09-22T18:10:24+00:00","og_image":[{"width":680,"height":680,"url":"https:\/\/vitablanca.ma\/wp-content\/uploads\/2025\/09\/himalaya-boswellie-60-capsules-vegetariennes-125-mg-.jpg","type":"image\/jpeg"}],"twitter_card":"summary_large_image","twitter_misc":{"\u0648\u0642\u062a \u0627\u0644\u0642\u0631\u0627\u0621\u0629 \u0627\u0644\u0645\u064f\u0642\u062f\u0651\u0631":"\u062f\u0642\u064a\u0642\u062a\u0627\u0646"},"schema":{"@context":"https:\/\/schema.org","@graph":[{"@type":["WebPage","ItemPage"],"@id":"https:\/\/vitablanca.ma\/produit\/himalaya-boswellie-60-capsules-vegetariennes-125-mg-par-capsule\/","url":"https:\/\/vitablanca.ma\/produit\/himalaya-boswellie-60-capsules-vegetariennes-125-mg-par-capsule\/","name":"Himalaya Boswellie 125 mg 60 capsules v\u00e9g\u00e9tariennes - Maroc Prix","isPartOf":{"@id":"https:\/\/vitablanca.ma\/#website"},"primaryImageOfPage":{"@id":"https:\/\/vitablanca.ma\/produit\/himalaya-boswellie-60-capsules-vegetariennes-125-mg-par-capsule\/#primaryimage"},"image":{"@id":"https:\/\/vitablanca.ma\/produit\/himalaya-boswellie-60-capsules-vegetariennes-125-mg-par-capsule\/#primaryimage"},"thumbnailUrl":"https:\/\/vitablanca.ma\/wp-content\/uploads\/2025\/09\/himalaya-boswellie-60-capsules-vegetariennes-125-mg-.jpg","datePublished":"2025-09-18T01:49:54+00:00","dateModified":"2025-09-22T18:10:24+00:00","description":"D\u00e9couvrez Himalaya Boswellie 125 mg, 60 capsules pour soutenir la sant\u00e9 des articulations, r\u00e9duire les inflammations et am\u00e9liorer la flexibilit\u00e9. Formule","breadcrumb":{"@id":"https:\/\/vitablanca.ma\/produit\/himalaya-boswellie-60-capsules-vegetariennes-125-mg-par-capsule\/#breadcrumb"},"inLanguage":"ar","potentialAction":[{"@type":"ReadAction","target":["https:\/\/vitablanca.ma\/produit\/himalaya-boswellie-60-capsules-vegetariennes-125-mg-par-capsule\/"]}]},{"@type":"ImageObject","inLanguage":"ar","@id":"https:\/\/vitablanca.ma\/produit\/himalaya-boswellie-60-capsules-vegetariennes-125-mg-par-capsule\/#primaryimage","url":"https:\/\/vitablanca.ma\/wp-content\/uploads\/2025\/09\/himalaya-boswellie-60-capsules-vegetariennes-125-mg-.jpg","contentUrl":"https:\/\/vitablanca.ma\/wp-content\/uploads\/2025\/09\/himalaya-boswellie-60-capsules-vegetariennes-125-mg-.jpg","width":680,"height":680},{"@type":"BreadcrumbList","@id":"https:\/\/vitablanca.ma\/produit\/himalaya-boswellie-60-capsules-vegetariennes-125-mg-par-capsule\/#breadcrumb","itemListElement":[{"@type":"ListItem","position":1,"name":"Home","item":"https:\/\/vitablanca.ma\/"},{"@type":"ListItem","position":2,"name":"Tous Les Produits","item":"https:\/\/vitablanca.ma\/tous-les-produits\/"},{"@type":"ListItem","position":3,"name":"Himalaya Boswellie 125 mg 60 capsules v\u00e9g\u00e9tariennes"}]},{"@type":"WebSite","@id":"https:\/\/vitablanca.ma\/#website","url":"https:\/\/vitablanca.ma\/","name":"VitaBlanca.ma | \u0627\u0644\u0645\u0643\u0645\u0644\u0627\u062a \u0627\u0644\u063a\u0630\u0627\u0626\u064a\u0629\u060c \u0627\u0644\u0635\u062d\u0629 \u0648\u0627\u0644\u062c\u0645\u0627\u0644 \u0641\u064a \u0627\u0644\u0645\u063a\u0631\u0628","description":"\u0646\u0628\u064a\u0639 \u0641\u064a\u062a\u0627\u0645\u064a\u0646\u0627\u062a \u0648\u0645\u0643\u0645\u0644\u0627\u062a \u063a\u0630\u0627\u0626\u064a\u0629 \u0641\u0627\u062e\u0631\u0629 \u0645\u0646 \u0627\u0644\u0648\u0644\u0627\u064a\u0627\u062a \u0627\u0644\u0645\u062a\u062d\u062f\u0629 \u0627\u0644\u0623\u0645\u0631\u064a\u0643\u064a\u0629 \u0648\u0643\u0646\u062f\u0627 \u0648\u0646\u064a\u0648\u0632\u064a\u0644\u0646\u062f\u0627 \u0648\u0627\u0644\u0645\u063a\u0631\u0628 (\u0646\u0627\u0648 \u0641\u0648\u062f\u0632\u060c \u0633\u0648\u0644\u062c\u0627\u0631\u060c \u0645\u0627\u0646\u0648\u0643\u0627). \u062a\u0648\u0635\u064a\u0644 \u0633\u0631\u064a\u0639 \u0625\u0644\u0649 \u062c\u0645\u064a\u0639 \u0623\u0646\u062d\u0627\u0621 \u0627\u0644\u0645\u063a\u0631\u0628.","publisher":{"@id":"https:\/\/vitablanca.ma\/#organization"},"alternateName":"VitaBlanca.ma","potentialAction":[{"@type":"SearchAction","target":{"@type":"EntryPoint","urlTemplate":"https:\/\/vitablanca.ma\/?s={search_term_string}"},"query-input":{"@type":"PropertyValueSpecification","valueRequired":true,"valueName":"search_term_string"}}],"inLanguage":"ar"},{"@type":"Organization","@id":"https:\/\/vitablanca.ma\/#organization","name":"\u0641\u064a\u062a\u0627\u0628\u0644\u0627\u0646\u0643\u0627","url":"https:\/\/vitablanca.ma\/","logo":{"@type":"ImageObject","inLanguage":"ar","@id":"https:\/\/vitablanca.ma\/#\/schema\/logo\/image\/","url":"https:\/\/vitablanca.ma\/wp-content\/uploads\/2025\/05\/cropped-vitablanca.png","contentUrl":"https:\/\/vitablanca.ma\/wp-content\/uploads\/2025\/05\/cropped-vitablanca.png","width":360,"height":67,"caption":"VitaBlanca"},"image":{"@id":"https:\/\/vitablanca.ma\/#\/schema\/logo\/image\/"},"sameAs":["https:\/\/www.facebook.com\/profile.php?id=61576678196717","https:\/\/www.tiktok.com\/@vitablanca.ma","https:\/\/www.instagram.com\/vitablanca.ma\/"]}]}},"jetpack_sharing_enabled":true,"_links":{"self":[{"href":"https:\/\/vitablanca.ma\/ar\/wp-json\/wp\/v2\/product\/25384","targetHints":{"allow":["GET"]}}],"collection":[{"href":"https:\/\/vitablanca.ma\/ar\/wp-json\/wp\/v2\/product"}],"about":[{"href":"https:\/\/vitablanca.ma\/ar\/wp-json\/wp\/v2\/types\/product"}],"wp:featuredmedia":[{"embeddable":true,"href":"https:\/\/vitablanca.ma\/ar\/wp-json\/wp\/v2\/media\/25434"}],"wp:attachment":[{"href":"https:\/\/vitablanca.ma\/ar\/wp-json\/wp\/v2\/media?parent=25384"}],"wp:term":[{"taxonomy":"product_brand","embeddable":true,"href":"https:\/\/vitablanca.ma\/ar\/wp-json\/wp\/v2\/product_brand?post=25384"},{"taxonomy":"product_cat","embeddable":true,"href":"https:\/\/vitablanca.ma\/ar\/wp-json\/wp\/v2\/product_cat?post=25384"},{"taxonomy":"product_tag","embeddable":true,"href":"https:\/\/vitablanca.ma\/ar\/wp-json\/wp\/v2\/product_tag?post=25384"}],"curies":[{"name":"wp","href":"https:\/\/api.w.org\/{rel}","templated":true}]}}