{"id":25379,"date":"2025-09-18T01:49:53","date_gmt":"2025-09-18T01:49:53","guid":{"rendered":"https:\/\/vitablanca.ma\/?post_type=product&#038;p=25379"},"modified":"2026-02-21T01:54:10","modified_gmt":"2026-02-21T01:54:10","slug":"solgar-omega-3-fish-oil-concentrate-120-caps","status":"publish","type":"product","link":"https:\/\/vitablanca.ma\/ar\/product-2\/solgar-omega-3-fish-oil-concentrate-120-caps\/","title":{"rendered":"Solgar OMEGA-3 FISH OIL CONCENTRATE 120 CAPS"},"content":{"rendered":"<div class=\"card aim -mtm\">\n<div class=\"markup -mhm -pvl -oxa -sc\">\n<p>Solgar suppl\u00e9ments de concentr\u00e9 d&rsquo;huile de poisson sont fabriqu\u00e9s \u00e0 partir de sources naturelles d&rsquo;huile de poisson afin de favoriser la sant\u00e9 de votre corps. Ce Omega 3 concentr\u00e9 d&rsquo;huile de poisson est d\u00e9riv\u00e9 de sources naturelles et sp\u00e9cialement formul\u00e9 pour \u00e9liminer le mercure et d&rsquo;autres toxines nocives. Cette huile de poisson contient une forte teneur en om\u00e9ga-3 pour am\u00e9liorer votre sant\u00e9 en g\u00e9n\u00e9ral. Omega -3 jouent un r\u00f4le essentiel dans le maintien de la sant\u00e9 du c\u0153ur, du cerveau, de la vision, du cholest\u00e9rol et des articulations. Chaque portion de Omega 3 Concentr\u00e9 d&rsquo;huile de poisson contient une combinaison des poly &#8211; insatur\u00e9s Omega -3S, DHA et EPA, qui sont deux gras essentiels acides. Ensemble, ces acides gras cr\u00e9ent une force puissante qui soutient un rythme cardiaque fort, une circulation saine, des tissus c\u00e9r\u00e9braux, une vision normale, un syst\u00e8me immunitaire sain et une inflammation r\u00e9duite. Omega -3s ont \u00e9galement \u00e9t\u00e9 montr\u00e9 pour aider \u00e0 r\u00e9duire le risque de maladie coronarienne. Omega -3 sont un \u00e9l\u00e9ment nutritif essentiel, mais la plupart des gens sont incapables d&rsquo;obtenir une quantit\u00e9 saine par le r\u00e9gime alimentaire seul. Ce Omega 3 concentr\u00e9 d&rsquo;huile de poisson est cr\u00e9\u00e9 \u00e0 partir d&rsquo;huiles de poisson naturelles, sans utilisation d&rsquo;ar\u00f4mes, colorants, \u00e9dulcorants ni conservateurs artificiels. Ces g\u00e9lules sont exemptes de nombreux allerg\u00e8nes courants, ce qui constitue une source saine de soutien pour de nombreuses restrictions alimentaires. Deux g\u00e9l par jour suffisent \u00e0 am\u00e9liorer la sant\u00e9 de votre c\u0153ur avec les om\u00e9ga-3.<\/p>\n<\/div>\n<\/div>\n<section class=\"card aim -mtm -fs16\">\n<div id=\"specifications\" class=\"hook\"><\/div>\n<header class=\"-pvs -bb\"><\/header>\n<\/section>","protected":false},"excerpt":{"rendered":"<ul>\n<li>FAVORISE LA SANTE DU C\u0152UR ET DE LA CIRCULATION<\/li>\n<li>FAVORISE UNE FORTE FONCTION IMMUNITAIRE ET ARTICULAIRE<\/li>\n<li>AIDE A REDUIRE L&rsquo;INFLAMMATION ET A SOUTENIR LE TISSU CEREBRAL<\/li>\n<li>COMBINAISON PUISSANTE DE OMEGA -3S DHA ET EPA<\/li>\n<li>FORMULE UNIQUE POUR ELIMINER LE MERCURE ET LES TOXINES<\/li>\n<li>DEUX GEL PAR JOUR PROCURENT DES BIENFAITS POUR TOUT LE CORPS<\/li>\n<\/ul>","protected":false},"featured_media":25426,"template":"","meta":{"om_disable_all_campaigns":false},"product_brand":[42],"product_cat":[18,3366],"product_tag":[],"class_list":{"0":"post-25379","1":"product","2":"type-product","3":"status-publish","4":"has-post-thumbnail","6":"product_brand-solgar-prix-maroc","7":"product_cat-beaute-sante","8":"product_cat-complements-alimentaires-au-maroc-vitablanca","10":"first","11":"instock","12":"sale","13":"taxable","14":"shipping-taxable","15":"purchasable","16":"product-type-simple"},"yoast_head":"<!-- This site is optimized with the Yoast SEO plugin v27.4 - https:\/\/yoast.com\/product\/yoast-seo-wordpress\/ -->\n<title>Solgar OMEGA-3 FISH OIL CONCENTRATE 120 CAPS - Maroc Prix<\/title>\n<meta name=\"description\" content=\"Am\u00e9liorez votre sant\u00e9 cardiaque et articulaire avec Solgar Omega-3 Fish Oil Concentrate. 120 capsules riches en EPA et DHA pour un bien-\u00eatre optimal.\" \/>\n<meta name=\"robots\" content=\"index, follow, max-snippet:-1, max-image-preview:large, max-video-preview:-1\" \/>\n<link rel=\"canonical\" href=\"https:\/\/vitablanca.ma\/ar\/product-2\/solgar-omega-3-fish-oil-concentrate-120-caps\/\" \/>\n<meta property=\"og:locale\" content=\"ar_AR\" \/>\n<meta property=\"og:type\" content=\"article\" \/>\n<meta property=\"og:title\" content=\"Solgar OMEGA-3 FISH OIL CONCENTRATE 120 CAPS - Maroc Prix\" \/>\n<meta property=\"og:description\" content=\"Am\u00e9liorez votre sant\u00e9 cardiaque et articulaire avec Solgar Omega-3 Fish Oil Concentrate. 120 capsules riches en EPA et DHA pour un bien-\u00eatre optimal.\" \/>\n<meta property=\"og:url\" content=\"https:\/\/vitablanca.ma\/ar\/product-2\/solgar-omega-3-fish-oil-concentrate-120-caps\/\" \/>\n<meta property=\"og:site_name\" content=\"Vitablanca.ma &ndash; Sant&eacute;, vitalit&eacute; et bien-&ecirc;tre pour tous les Marocains\" \/>\n<meta property=\"article:publisher\" content=\"https:\/\/www.facebook.com\/profile.php?id=61576678196717\" \/>\n<meta property=\"article:modified_time\" content=\"2026-02-21T01:54:10+00:00\" \/>\n<meta property=\"og:image\" content=\"https:\/\/vitablanca.ma\/wp-content\/uploads\/2025\/09\/solgar-omega-3-fish-oil-concentrate-120-caps-made-in-usa-.jpg\" \/>\n\t<meta property=\"og:image:width\" content=\"680\" \/>\n\t<meta property=\"og:image:height\" content=\"680\" \/>\n\t<meta property=\"og:image:type\" content=\"image\/jpeg\" \/>\n<meta name=\"twitter:card\" content=\"summary_large_image\" \/>\n<meta name=\"twitter:label1\" content=\"\u0648\u0642\u062a \u0627\u0644\u0642\u0631\u0627\u0621\u0629 \u0627\u0644\u0645\u064f\u0642\u062f\u0651\u0631\" \/>\n\t<meta name=\"twitter:data1\" content=\"\u062f\u0642\u064a\u0642\u062a\u0627\u0646\" \/>\n<script type=\"application\/ld+json\" class=\"yoast-schema-graph\">{\"@context\":\"https:\\\/\\\/schema.org\",\"@graph\":[{\"@type\":[\"WebPage\",\"ItemPage\"],\"@id\":\"https:\\\/\\\/vitablanca.ma\\\/produit\\\/solgar-omega-3-fish-oil-concentrate-120-caps\\\/\",\"url\":\"https:\\\/\\\/vitablanca.ma\\\/produit\\\/solgar-omega-3-fish-oil-concentrate-120-caps\\\/\",\"name\":\"Solgar OMEGA-3 FISH OIL CONCENTRATE 120 CAPS - Maroc Prix\",\"isPartOf\":{\"@id\":\"https:\\\/\\\/vitablanca.ma\\\/#website\"},\"primaryImageOfPage\":{\"@id\":\"https:\\\/\\\/vitablanca.ma\\\/produit\\\/solgar-omega-3-fish-oil-concentrate-120-caps\\\/#primaryimage\"},\"image\":{\"@id\":\"https:\\\/\\\/vitablanca.ma\\\/produit\\\/solgar-omega-3-fish-oil-concentrate-120-caps\\\/#primaryimage\"},\"thumbnailUrl\":\"https:\\\/\\\/vitablanca.ma\\\/wp-content\\\/uploads\\\/2025\\\/09\\\/solgar-omega-3-fish-oil-concentrate-120-caps-made-in-usa-.jpg\",\"datePublished\":\"2025-09-18T01:49:53+00:00\",\"dateModified\":\"2026-02-21T01:54:10+00:00\",\"description\":\"Am\u00e9liorez votre sant\u00e9 cardiaque et articulaire avec Solgar Omega-3 Fish Oil Concentrate. 120 capsules riches en EPA et DHA pour un bien-\u00eatre optimal.\",\"breadcrumb\":{\"@id\":\"https:\\\/\\\/vitablanca.ma\\\/produit\\\/solgar-omega-3-fish-oil-concentrate-120-caps\\\/#breadcrumb\"},\"inLanguage\":\"ar\",\"potentialAction\":[{\"@type\":\"ReadAction\",\"target\":[\"https:\\\/\\\/vitablanca.ma\\\/produit\\\/solgar-omega-3-fish-oil-concentrate-120-caps\\\/\"]}]},{\"@type\":\"ImageObject\",\"inLanguage\":\"ar\",\"@id\":\"https:\\\/\\\/vitablanca.ma\\\/produit\\\/solgar-omega-3-fish-oil-concentrate-120-caps\\\/#primaryimage\",\"url\":\"https:\\\/\\\/vitablanca.ma\\\/wp-content\\\/uploads\\\/2025\\\/09\\\/solgar-omega-3-fish-oil-concentrate-120-caps-made-in-usa-.jpg\",\"contentUrl\":\"https:\\\/\\\/vitablanca.ma\\\/wp-content\\\/uploads\\\/2025\\\/09\\\/solgar-omega-3-fish-oil-concentrate-120-caps-made-in-usa-.jpg\",\"width\":680,\"height\":680},{\"@type\":\"BreadcrumbList\",\"@id\":\"https:\\\/\\\/vitablanca.ma\\\/produit\\\/solgar-omega-3-fish-oil-concentrate-120-caps\\\/#breadcrumb\",\"itemListElement\":[{\"@type\":\"ListItem\",\"position\":1,\"name\":\"Home\",\"item\":\"https:\\\/\\\/vitablanca.ma\\\/\"},{\"@type\":\"ListItem\",\"position\":2,\"name\":\"Tous Les Produits\",\"item\":\"https:\\\/\\\/vitablanca.ma\\\/tous-les-produits\\\/\"},{\"@type\":\"ListItem\",\"position\":3,\"name\":\"Solgar OMEGA-3 FISH OIL CONCENTRATE 120 CAPS\"}]},{\"@type\":\"WebSite\",\"@id\":\"https:\\\/\\\/vitablanca.ma\\\/#website\",\"url\":\"https:\\\/\\\/vitablanca.ma\\\/\",\"name\":\"VitaBlanca.ma | Compl\u00e9ments alimentaires, sant\u00e9 & beaut\u00e9 au Maroc\",\"description\":\"vendre vitamines et compl\u00e9ments premium des USA &amp; Canada, Nouvelle Z\u00e9lande,Maroc (NOW Foods, Solgar, Manuka). Livraison rapide partout au Maroc.\",\"publisher\":{\"@id\":\"https:\\\/\\\/vitablanca.ma\\\/#organization\"},\"alternateName\":\"VitaBlanca.ma\",\"potentialAction\":[{\"@type\":\"SearchAction\",\"target\":{\"@type\":\"EntryPoint\",\"urlTemplate\":\"https:\\\/\\\/vitablanca.ma\\\/?s={search_term_string}\"},\"query-input\":{\"@type\":\"PropertyValueSpecification\",\"valueRequired\":true,\"valueName\":\"search_term_string\"}}],\"inLanguage\":\"ar\"},{\"@type\":\"Organization\",\"@id\":\"https:\\\/\\\/vitablanca.ma\\\/#organization\",\"name\":\"VitaBlanca\",\"url\":\"https:\\\/\\\/vitablanca.ma\\\/\",\"logo\":{\"@type\":\"ImageObject\",\"inLanguage\":\"ar\",\"@id\":\"https:\\\/\\\/vitablanca.ma\\\/#\\\/schema\\\/logo\\\/image\\\/\",\"url\":\"https:\\\/\\\/vitablanca.ma\\\/wp-content\\\/uploads\\\/2025\\\/05\\\/cropped-vitablanca.png\",\"contentUrl\":\"https:\\\/\\\/vitablanca.ma\\\/wp-content\\\/uploads\\\/2025\\\/05\\\/cropped-vitablanca.png\",\"width\":360,\"height\":67,\"caption\":\"VitaBlanca\"},\"image\":{\"@id\":\"https:\\\/\\\/vitablanca.ma\\\/#\\\/schema\\\/logo\\\/image\\\/\"},\"sameAs\":[\"https:\\\/\\\/www.facebook.com\\\/profile.php?id=61576678196717\",\"https:\\\/\\\/www.tiktok.com\\\/@vitablanca.ma\",\"https:\\\/\\\/www.instagram.com\\\/vitablanca.ma\\\/\"]}]}<\/script>\n<!-- \/ Yoast SEO plugin. -->","yoast_head_json":{"title":"Solgar OMEGA-3 FISH OIL CONCENTRATE 120 CAPS - Maroc Prix","description":"Am\u00e9liorez votre sant\u00e9 cardiaque et articulaire avec Solgar Omega-3 Fish Oil Concentrate. 120 capsules riches en EPA et DHA pour un bien-\u00eatre optimal.","robots":{"index":"index","follow":"follow","max-snippet":"max-snippet:-1","max-image-preview":"max-image-preview:large","max-video-preview":"max-video-preview:-1"},"canonical":"https:\/\/vitablanca.ma\/ar\/product-2\/solgar-omega-3-fish-oil-concentrate-120-caps\/","og_locale":"ar_AR","og_type":"article","og_title":"Solgar OMEGA-3 FISH OIL CONCENTRATE 120 CAPS - Maroc Prix","og_description":"Am\u00e9liorez votre sant\u00e9 cardiaque et articulaire avec Solgar Omega-3 Fish Oil Concentrate. 120 capsules riches en EPA et DHA pour un bien-\u00eatre optimal.","og_url":"https:\/\/vitablanca.ma\/ar\/product-2\/solgar-omega-3-fish-oil-concentrate-120-caps\/","og_site_name":"Vitablanca.ma &ndash; Sant&eacute;, vitalit&eacute; et bien-&ecirc;tre pour tous les Marocains","article_publisher":"https:\/\/www.facebook.com\/profile.php?id=61576678196717","article_modified_time":"2026-02-21T01:54:10+00:00","og_image":[{"width":680,"height":680,"url":"https:\/\/vitablanca.ma\/wp-content\/uploads\/2025\/09\/solgar-omega-3-fish-oil-concentrate-120-caps-made-in-usa-.jpg","type":"image\/jpeg"}],"twitter_card":"summary_large_image","twitter_misc":{"\u0648\u0642\u062a \u0627\u0644\u0642\u0631\u0627\u0621\u0629 \u0627\u0644\u0645\u064f\u0642\u062f\u0651\u0631":"\u062f\u0642\u064a\u0642\u062a\u0627\u0646"},"schema":{"@context":"https:\/\/schema.org","@graph":[{"@type":["WebPage","ItemPage"],"@id":"https:\/\/vitablanca.ma\/produit\/solgar-omega-3-fish-oil-concentrate-120-caps\/","url":"https:\/\/vitablanca.ma\/produit\/solgar-omega-3-fish-oil-concentrate-120-caps\/","name":"Solgar OMEGA-3 FISH OIL CONCENTRATE 120 CAPS - Maroc Prix","isPartOf":{"@id":"https:\/\/vitablanca.ma\/#website"},"primaryImageOfPage":{"@id":"https:\/\/vitablanca.ma\/produit\/solgar-omega-3-fish-oil-concentrate-120-caps\/#primaryimage"},"image":{"@id":"https:\/\/vitablanca.ma\/produit\/solgar-omega-3-fish-oil-concentrate-120-caps\/#primaryimage"},"thumbnailUrl":"https:\/\/vitablanca.ma\/wp-content\/uploads\/2025\/09\/solgar-omega-3-fish-oil-concentrate-120-caps-made-in-usa-.jpg","datePublished":"2025-09-18T01:49:53+00:00","dateModified":"2026-02-21T01:54:10+00:00","description":"Am\u00e9liorez votre sant\u00e9 cardiaque et articulaire avec Solgar Omega-3 Fish Oil Concentrate. 120 capsules riches en EPA et DHA pour un bien-\u00eatre optimal.","breadcrumb":{"@id":"https:\/\/vitablanca.ma\/produit\/solgar-omega-3-fish-oil-concentrate-120-caps\/#breadcrumb"},"inLanguage":"ar","potentialAction":[{"@type":"ReadAction","target":["https:\/\/vitablanca.ma\/produit\/solgar-omega-3-fish-oil-concentrate-120-caps\/"]}]},{"@type":"ImageObject","inLanguage":"ar","@id":"https:\/\/vitablanca.ma\/produit\/solgar-omega-3-fish-oil-concentrate-120-caps\/#primaryimage","url":"https:\/\/vitablanca.ma\/wp-content\/uploads\/2025\/09\/solgar-omega-3-fish-oil-concentrate-120-caps-made-in-usa-.jpg","contentUrl":"https:\/\/vitablanca.ma\/wp-content\/uploads\/2025\/09\/solgar-omega-3-fish-oil-concentrate-120-caps-made-in-usa-.jpg","width":680,"height":680},{"@type":"BreadcrumbList","@id":"https:\/\/vitablanca.ma\/produit\/solgar-omega-3-fish-oil-concentrate-120-caps\/#breadcrumb","itemListElement":[{"@type":"ListItem","position":1,"name":"Home","item":"https:\/\/vitablanca.ma\/"},{"@type":"ListItem","position":2,"name":"Tous Les Produits","item":"https:\/\/vitablanca.ma\/tous-les-produits\/"},{"@type":"ListItem","position":3,"name":"Solgar OMEGA-3 FISH OIL CONCENTRATE 120 CAPS"}]},{"@type":"WebSite","@id":"https:\/\/vitablanca.ma\/#website","url":"https:\/\/vitablanca.ma\/","name":"VitaBlanca.ma | \u0627\u0644\u0645\u0643\u0645\u0644\u0627\u062a \u0627\u0644\u063a\u0630\u0627\u0626\u064a\u0629\u060c \u0627\u0644\u0635\u062d\u0629 \u0648\u0627\u0644\u062c\u0645\u0627\u0644 \u0641\u064a \u0627\u0644\u0645\u063a\u0631\u0628","description":"\u0646\u0628\u064a\u0639 \u0641\u064a\u062a\u0627\u0645\u064a\u0646\u0627\u062a \u0648\u0645\u0643\u0645\u0644\u0627\u062a \u063a\u0630\u0627\u0626\u064a\u0629 \u0641\u0627\u062e\u0631\u0629 \u0645\u0646 \u0627\u0644\u0648\u0644\u0627\u064a\u0627\u062a \u0627\u0644\u0645\u062a\u062d\u062f\u0629 \u0627\u0644\u0623\u0645\u0631\u064a\u0643\u064a\u0629 \u0648\u0643\u0646\u062f\u0627 \u0648\u0646\u064a\u0648\u0632\u064a\u0644\u0646\u062f\u0627 \u0648\u0627\u0644\u0645\u063a\u0631\u0628 (\u0646\u0627\u0648 \u0641\u0648\u062f\u0632\u060c \u0633\u0648\u0644\u062c\u0627\u0631\u060c \u0645\u0627\u0646\u0648\u0643\u0627). \u062a\u0648\u0635\u064a\u0644 \u0633\u0631\u064a\u0639 \u0625\u0644\u0649 \u062c\u0645\u064a\u0639 \u0623\u0646\u062d\u0627\u0621 \u0627\u0644\u0645\u063a\u0631\u0628.","publisher":{"@id":"https:\/\/vitablanca.ma\/#organization"},"alternateName":"VitaBlanca.ma","potentialAction":[{"@type":"SearchAction","target":{"@type":"EntryPoint","urlTemplate":"https:\/\/vitablanca.ma\/?s={search_term_string}"},"query-input":{"@type":"PropertyValueSpecification","valueRequired":true,"valueName":"search_term_string"}}],"inLanguage":"ar"},{"@type":"Organization","@id":"https:\/\/vitablanca.ma\/#organization","name":"\u0641\u064a\u062a\u0627\u0628\u0644\u0627\u0646\u0643\u0627","url":"https:\/\/vitablanca.ma\/","logo":{"@type":"ImageObject","inLanguage":"ar","@id":"https:\/\/vitablanca.ma\/#\/schema\/logo\/image\/","url":"https:\/\/vitablanca.ma\/wp-content\/uploads\/2025\/05\/cropped-vitablanca.png","contentUrl":"https:\/\/vitablanca.ma\/wp-content\/uploads\/2025\/05\/cropped-vitablanca.png","width":360,"height":67,"caption":"VitaBlanca"},"image":{"@id":"https:\/\/vitablanca.ma\/#\/schema\/logo\/image\/"},"sameAs":["https:\/\/www.facebook.com\/profile.php?id=61576678196717","https:\/\/www.tiktok.com\/@vitablanca.ma","https:\/\/www.instagram.com\/vitablanca.ma\/"]}]}},"jetpack_sharing_enabled":true,"_links":{"self":[{"href":"https:\/\/vitablanca.ma\/ar\/wp-json\/wp\/v2\/product\/25379","targetHints":{"allow":["GET"]}}],"collection":[{"href":"https:\/\/vitablanca.ma\/ar\/wp-json\/wp\/v2\/product"}],"about":[{"href":"https:\/\/vitablanca.ma\/ar\/wp-json\/wp\/v2\/types\/product"}],"wp:featuredmedia":[{"embeddable":true,"href":"https:\/\/vitablanca.ma\/ar\/wp-json\/wp\/v2\/media\/25426"}],"wp:attachment":[{"href":"https:\/\/vitablanca.ma\/ar\/wp-json\/wp\/v2\/media?parent=25379"}],"wp:term":[{"taxonomy":"product_brand","embeddable":true,"href":"https:\/\/vitablanca.ma\/ar\/wp-json\/wp\/v2\/product_brand?post=25379"},{"taxonomy":"product_cat","embeddable":true,"href":"https:\/\/vitablanca.ma\/ar\/wp-json\/wp\/v2\/product_cat?post=25379"},{"taxonomy":"product_tag","embeddable":true,"href":"https:\/\/vitablanca.ma\/ar\/wp-json\/wp\/v2\/product_tag?post=25379"}],"curies":[{"name":"wp","href":"https:\/\/api.w.org\/{rel}","templated":true}]}}