{"id":25337,"date":"2025-09-18T01:49:28","date_gmt":"2025-09-18T01:49:28","guid":{"rendered":"https:\/\/vitablanca.ma\/?post_type=product&#038;p=25337"},"modified":"2025-09-22T18:10:27","modified_gmt":"2025-09-22T18:10:27","slug":"life-extension-n-acetyl-l-cysteine-nac-respiratory-health-liver-health-nac-600-mg-60-capsules","status":"publish","type":"product","link":"https:\/\/vitablanca.ma\/ar\/product-2\/life-extension-n-acetyl-l-cysteine-nac-respiratory-health-liver-health-nac-600-mg-60-capsules\/","title":{"rendered":"Life Extension N-Acetyl-L-Cysteine NAC Respiratory Health, Liver Health, NAC 600 mg, 60 Capsules"},"content":{"rendered":"<p>La N-ac\u00e9tylcyst\u00e9ine soutient la sant\u00e9 bronchique et respiratoire tout en favorisant un taux sain de glutathion. Il s\u2019agit \u00e9galement d\u2019un pr\u00e9curseur chimique du glutathion, un puissant antioxydant qui prot\u00e8ge les cellules des dommages caus\u00e9s par les radicaux libres. La NAC vous prot\u00e8ge non seulement des dommages provoqu\u00e9s par les composants \u00e9trangers au niveau cellulaire, mais elle prot\u00e8ge aussi les neurones vuln\u00e9rables du stress oxydatif.<\/p>\n<p>Favorisez votre sant\u00e9 immunitaire et votre fonction h\u00e9patique tout en vous prot\u00e9geant du stress oxydatif gr\u00e2ce \u00e0 la N-ac\u00e9tylcyst\u00e9ine.<\/p>\n<p><strong>Bienfaits de la N-ac\u00e9tylcyst\u00e9ine<\/strong><\/p>\n<ul>\n<li>Favorise un taux sain de glutathion dans les cellules<\/li>\n<li>Apporte un soutien antioxydant puissant<\/li>\n<li>\u064a\u0642\u0648\u064a \u062c\u0647\u0627\u0632 \u0627\u0644\u0645\u0646\u0627\u0639\u0629<\/li>\n<li>Favorise la sant\u00e9 & le fonctionnement du foie<\/li>\n<li>Favorise la sant\u00e9 respiratoire & bronchique<\/li>\n<\/ul>\n<p>Facilement absorb\u00e9e, la N-ac\u00e9tylcyst\u00e9ine est un nutriment qui pr\u00e9sente de puissants bienfaits pour la sant\u00e9 de tout l\u2019organisme.1 La N-ac\u00e9tylcyst\u00e9ine contribue \u00e9galement \u00e0 r\u00e9approvisionner votre corps en glutathion. La N-ac\u00e9tylcyst\u00e9ine et le glutathion ont de puissants effets antioxydants. Ainsi, ils aident \u00e0 prot\u00e9ger les cellules telles que les cellules nerveuses vuln\u00e9rables de votre cerveau contre les radicaux libres. La N-ac\u00e9tylcyst\u00e9ine vous prot\u00e8ge \u00e9galement des dommages provoqu\u00e9s par les composants \u00e9trangers au niveau cellulaire.<\/p>","protected":false},"excerpt":{"rendered":"<ul>\n<li>Life Extension N-Ac\u00e9tyl-L-Cyst\u00e9ine (NAC) 600 mg, 150 g\u00e9lules<\/li>\n<li>Protection antioxydante \u2013 La N-ac\u00e9tyl-L-cyst\u00e9ine contribue \u00e0 reconstituer le glutathion, un puissant antioxydant. La NAC est \u00e9galement un antioxydant qui prot\u00e8ge les cellules du stress oxydatif.<\/li>\n<li>Approvisionnement de 50 \u00e0 150 jours\u00a0: Chaque flacon de 150\u00a0capsules dure de 50 \u00e0 150\u00a0jours si pris conform\u00e9ment aux instructions figurant sur le flacon. Mode d\u2019emploi\u00a0: Prendre une (1)\u00a0capsule une \u00e0 trois fois par jour, ou selon les recommandations d\u2019un professionnel de la sant\u00e9.<\/li>\n<\/ul>","protected":false},"featured_media":25414,"template":"","meta":{"om_disable_all_campaigns":false},"product_brand":[],"product_cat":[18,3366],"product_tag":[3604,3605,3606,3607,3608],"class_list":{"0":"post-25337","1":"product","2":"type-product","3":"status-publish","4":"has-post-thumbnail","6":"product_cat-beaute-sante","7":"product_cat-complements-alimentaires-au-maroc-vitablanca","8":"product_tag-complement-sante-respiratoire-et-hepatique","9":"product_tag-life-extension-glutathion-precurseur","10":"product_tag-life-extension-nac-600-mg","11":"product_tag-n-acetyl-l-cysteine-60-capsules","12":"product_tag-nac-antioxydant-et-detox","14":"first","15":"instock","16":"taxable","17":"shipping-taxable","18":"purchasable","19":"product-type-simple"},"yoast_head":"<!-- This site is optimized with the Yoast SEO plugin v27.5 - https:\/\/yoast.com\/product\/yoast-seo-wordpress\/ -->\n<title>Life Extension N-Acetyl-L-Cysteine NAC 600 mg 60 Capsules - Maroc<\/title>\n<meta name=\"description\" content=\"Soutenez votre sant\u00e9 respiratoire et h\u00e9patique avec Life Extension NAC 600 mg. 60 capsules pour un antioxydant puissant et une d\u00e9toxification optimale.\" \/>\n<meta name=\"robots\" content=\"index, follow, max-snippet:-1, max-image-preview:large, max-video-preview:-1\" \/>\n<link rel=\"canonical\" href=\"https:\/\/vitablanca.ma\/ar\/product-2\/life-extension-n-acetyl-l-cysteine-nac-respiratory-health-liver-health-nac-600-mg-60-capsules\/\" \/>\n<meta property=\"og:locale\" content=\"ar_AR\" \/>\n<meta property=\"og:type\" content=\"article\" \/>\n<meta property=\"og:title\" content=\"Life Extension N-Acetyl-L-Cysteine NAC 600 mg 60 Capsules - Maroc\" \/>\n<meta property=\"og:description\" content=\"Soutenez votre sant\u00e9 respiratoire et h\u00e9patique avec Life Extension NAC 600 mg. 60 capsules pour un antioxydant puissant et une d\u00e9toxification optimale.\" \/>\n<meta property=\"og:url\" content=\"https:\/\/vitablanca.ma\/ar\/product-2\/life-extension-n-acetyl-l-cysteine-nac-respiratory-health-liver-health-nac-600-mg-60-capsules\/\" \/>\n<meta property=\"og:site_name\" content=\"Vitablanca.ma &ndash; Sant&eacute;, vitalit&eacute; et bien-&ecirc;tre pour tous les Marocains\" \/>\n<meta property=\"article:publisher\" content=\"https:\/\/www.facebook.com\/profile.php?id=61576678196717\" \/>\n<meta property=\"article:modified_time\" content=\"2025-09-22T18:10:27+00:00\" \/>\n<meta property=\"og:image\" content=\"https:\/\/vitablanca.ma\/wp-content\/uploads\/2025\/09\/life-extension-n-acetyl-l-cysteine-nac-respiratory-health-liver-health-nac-600-mg-60-capsules-.jpg\" \/>\n\t<meta property=\"og:image:width\" content=\"680\" \/>\n\t<meta property=\"og:image:height\" content=\"680\" \/>\n\t<meta property=\"og:image:type\" content=\"image\/jpeg\" \/>\n<meta name=\"twitter:card\" content=\"summary_large_image\" \/>\n<meta name=\"twitter:label1\" content=\"\u0648\u0642\u062a \u0627\u0644\u0642\u0631\u0627\u0621\u0629 \u0627\u0644\u0645\u064f\u0642\u062f\u0651\u0631\" \/>\n\t<meta name=\"twitter:data1\" content=\"\u062f\u0642\u064a\u0642\u062a\u0627\u0646\" \/>\n<script type=\"application\/ld+json\" class=\"yoast-schema-graph\">{\"@context\":\"https:\\\/\\\/schema.org\",\"@graph\":[{\"@type\":[\"WebPage\",\"ItemPage\"],\"@id\":\"https:\\\/\\\/vitablanca.ma\\\/produit\\\/life-extension-n-acetyl-l-cysteine-nac-respiratory-health-liver-health-nac-600-mg-60-capsules\\\/\",\"url\":\"https:\\\/\\\/vitablanca.ma\\\/produit\\\/life-extension-n-acetyl-l-cysteine-nac-respiratory-health-liver-health-nac-600-mg-60-capsules\\\/\",\"name\":\"Life Extension N-Acetyl-L-Cysteine NAC 600 mg 60 Capsules - Maroc\",\"isPartOf\":{\"@id\":\"https:\\\/\\\/vitablanca.ma\\\/#website\"},\"primaryImageOfPage\":{\"@id\":\"https:\\\/\\\/vitablanca.ma\\\/produit\\\/life-extension-n-acetyl-l-cysteine-nac-respiratory-health-liver-health-nac-600-mg-60-capsules\\\/#primaryimage\"},\"image\":{\"@id\":\"https:\\\/\\\/vitablanca.ma\\\/produit\\\/life-extension-n-acetyl-l-cysteine-nac-respiratory-health-liver-health-nac-600-mg-60-capsules\\\/#primaryimage\"},\"thumbnailUrl\":\"https:\\\/\\\/vitablanca.ma\\\/wp-content\\\/uploads\\\/2025\\\/09\\\/life-extension-n-acetyl-l-cysteine-nac-respiratory-health-liver-health-nac-600-mg-60-capsules-.jpg\",\"datePublished\":\"2025-09-18T01:49:28+00:00\",\"dateModified\":\"2025-09-22T18:10:27+00:00\",\"description\":\"Soutenez votre sant\u00e9 respiratoire et h\u00e9patique avec Life Extension NAC 600 mg. 60 capsules pour un antioxydant puissant et une d\u00e9toxification optimale.\",\"breadcrumb\":{\"@id\":\"https:\\\/\\\/vitablanca.ma\\\/produit\\\/life-extension-n-acetyl-l-cysteine-nac-respiratory-health-liver-health-nac-600-mg-60-capsules\\\/#breadcrumb\"},\"inLanguage\":\"ar\",\"potentialAction\":[{\"@type\":\"ReadAction\",\"target\":[\"https:\\\/\\\/vitablanca.ma\\\/produit\\\/life-extension-n-acetyl-l-cysteine-nac-respiratory-health-liver-health-nac-600-mg-60-capsules\\\/\"]}]},{\"@type\":\"ImageObject\",\"inLanguage\":\"ar\",\"@id\":\"https:\\\/\\\/vitablanca.ma\\\/produit\\\/life-extension-n-acetyl-l-cysteine-nac-respiratory-health-liver-health-nac-600-mg-60-capsules\\\/#primaryimage\",\"url\":\"https:\\\/\\\/vitablanca.ma\\\/wp-content\\\/uploads\\\/2025\\\/09\\\/life-extension-n-acetyl-l-cysteine-nac-respiratory-health-liver-health-nac-600-mg-60-capsules-.jpg\",\"contentUrl\":\"https:\\\/\\\/vitablanca.ma\\\/wp-content\\\/uploads\\\/2025\\\/09\\\/life-extension-n-acetyl-l-cysteine-nac-respiratory-health-liver-health-nac-600-mg-60-capsules-.jpg\",\"width\":680,\"height\":680},{\"@type\":\"BreadcrumbList\",\"@id\":\"https:\\\/\\\/vitablanca.ma\\\/produit\\\/life-extension-n-acetyl-l-cysteine-nac-respiratory-health-liver-health-nac-600-mg-60-capsules\\\/#breadcrumb\",\"itemListElement\":[{\"@type\":\"ListItem\",\"position\":1,\"name\":\"Home\",\"item\":\"https:\\\/\\\/vitablanca.ma\\\/\"},{\"@type\":\"ListItem\",\"position\":2,\"name\":\"Tous Les Produits\",\"item\":\"https:\\\/\\\/vitablanca.ma\\\/tous-les-produits\\\/\"},{\"@type\":\"ListItem\",\"position\":3,\"name\":\"Life Extension N-Acetyl-L-Cysteine NAC Respiratory Health, Liver Health, NAC 600 mg, 60 Capsules\"}]},{\"@type\":\"WebSite\",\"@id\":\"https:\\\/\\\/vitablanca.ma\\\/#website\",\"url\":\"https:\\\/\\\/vitablanca.ma\\\/\",\"name\":\"VitaBlanca.ma | Compl\u00e9ments alimentaires, sant\u00e9 & beaut\u00e9 au Maroc\",\"description\":\"vendre vitamines et compl\u00e9ments premium des USA &amp; Canada, Nouvelle Z\u00e9lande,Maroc (NOW Foods, Solgar, Manuka). Livraison rapide partout au Maroc.\",\"publisher\":{\"@id\":\"https:\\\/\\\/vitablanca.ma\\\/#organization\"},\"alternateName\":\"VitaBlanca.ma\",\"potentialAction\":[{\"@type\":\"SearchAction\",\"target\":{\"@type\":\"EntryPoint\",\"urlTemplate\":\"https:\\\/\\\/vitablanca.ma\\\/?s={search_term_string}\"},\"query-input\":{\"@type\":\"PropertyValueSpecification\",\"valueRequired\":true,\"valueName\":\"search_term_string\"}}],\"inLanguage\":\"ar\"},{\"@type\":\"Organization\",\"@id\":\"https:\\\/\\\/vitablanca.ma\\\/#organization\",\"name\":\"VitaBlanca\",\"url\":\"https:\\\/\\\/vitablanca.ma\\\/\",\"logo\":{\"@type\":\"ImageObject\",\"inLanguage\":\"ar\",\"@id\":\"https:\\\/\\\/vitablanca.ma\\\/#\\\/schema\\\/logo\\\/image\\\/\",\"url\":\"https:\\\/\\\/vitablanca.ma\\\/wp-content\\\/uploads\\\/2025\\\/05\\\/cropped-vitablanca.png\",\"contentUrl\":\"https:\\\/\\\/vitablanca.ma\\\/wp-content\\\/uploads\\\/2025\\\/05\\\/cropped-vitablanca.png\",\"width\":360,\"height\":67,\"caption\":\"VitaBlanca\"},\"image\":{\"@id\":\"https:\\\/\\\/vitablanca.ma\\\/#\\\/schema\\\/logo\\\/image\\\/\"},\"sameAs\":[\"https:\\\/\\\/www.facebook.com\\\/profile.php?id=61576678196717\",\"https:\\\/\\\/www.tiktok.com\\\/@vitablanca.ma\",\"https:\\\/\\\/www.instagram.com\\\/vitablanca.ma\\\/\"]}]}<\/script>\n<!-- \/ Yoast SEO plugin. -->","yoast_head_json":{"title":"Life Extension N-Acetyl-L-Cysteine NAC 600 mg 60 Capsules - Maroc","description":"Soutenez votre sant\u00e9 respiratoire et h\u00e9patique avec Life Extension NAC 600 mg. 60 capsules pour un antioxydant puissant et une d\u00e9toxification optimale.","robots":{"index":"index","follow":"follow","max-snippet":"max-snippet:-1","max-image-preview":"max-image-preview:large","max-video-preview":"max-video-preview:-1"},"canonical":"https:\/\/vitablanca.ma\/ar\/product-2\/life-extension-n-acetyl-l-cysteine-nac-respiratory-health-liver-health-nac-600-mg-60-capsules\/","og_locale":"ar_AR","og_type":"article","og_title":"Life Extension N-Acetyl-L-Cysteine NAC 600 mg 60 Capsules - Maroc","og_description":"Soutenez votre sant\u00e9 respiratoire et h\u00e9patique avec Life Extension NAC 600 mg. 60 capsules pour un antioxydant puissant et une d\u00e9toxification optimale.","og_url":"https:\/\/vitablanca.ma\/ar\/product-2\/life-extension-n-acetyl-l-cysteine-nac-respiratory-health-liver-health-nac-600-mg-60-capsules\/","og_site_name":"Vitablanca.ma &ndash; Sant&eacute;, vitalit&eacute; et bien-&ecirc;tre pour tous les Marocains","article_publisher":"https:\/\/www.facebook.com\/profile.php?id=61576678196717","article_modified_time":"2025-09-22T18:10:27+00:00","og_image":[{"width":680,"height":680,"url":"https:\/\/vitablanca.ma\/wp-content\/uploads\/2025\/09\/life-extension-n-acetyl-l-cysteine-nac-respiratory-health-liver-health-nac-600-mg-60-capsules-.jpg","type":"image\/jpeg"}],"twitter_card":"summary_large_image","twitter_misc":{"\u0648\u0642\u062a \u0627\u0644\u0642\u0631\u0627\u0621\u0629 \u0627\u0644\u0645\u064f\u0642\u062f\u0651\u0631":"\u062f\u0642\u064a\u0642\u062a\u0627\u0646"},"schema":{"@context":"https:\/\/schema.org","@graph":[{"@type":["WebPage","ItemPage"],"@id":"https:\/\/vitablanca.ma\/produit\/life-extension-n-acetyl-l-cysteine-nac-respiratory-health-liver-health-nac-600-mg-60-capsules\/","url":"https:\/\/vitablanca.ma\/produit\/life-extension-n-acetyl-l-cysteine-nac-respiratory-health-liver-health-nac-600-mg-60-capsules\/","name":"Life Extension N-Acetyl-L-Cysteine NAC 600 mg 60 Capsules - Maroc","isPartOf":{"@id":"https:\/\/vitablanca.ma\/#website"},"primaryImageOfPage":{"@id":"https:\/\/vitablanca.ma\/produit\/life-extension-n-acetyl-l-cysteine-nac-respiratory-health-liver-health-nac-600-mg-60-capsules\/#primaryimage"},"image":{"@id":"https:\/\/vitablanca.ma\/produit\/life-extension-n-acetyl-l-cysteine-nac-respiratory-health-liver-health-nac-600-mg-60-capsules\/#primaryimage"},"thumbnailUrl":"https:\/\/vitablanca.ma\/wp-content\/uploads\/2025\/09\/life-extension-n-acetyl-l-cysteine-nac-respiratory-health-liver-health-nac-600-mg-60-capsules-.jpg","datePublished":"2025-09-18T01:49:28+00:00","dateModified":"2025-09-22T18:10:27+00:00","description":"Soutenez votre sant\u00e9 respiratoire et h\u00e9patique avec Life Extension NAC 600 mg. 60 capsules pour un antioxydant puissant et une d\u00e9toxification optimale.","breadcrumb":{"@id":"https:\/\/vitablanca.ma\/produit\/life-extension-n-acetyl-l-cysteine-nac-respiratory-health-liver-health-nac-600-mg-60-capsules\/#breadcrumb"},"inLanguage":"ar","potentialAction":[{"@type":"ReadAction","target":["https:\/\/vitablanca.ma\/produit\/life-extension-n-acetyl-l-cysteine-nac-respiratory-health-liver-health-nac-600-mg-60-capsules\/"]}]},{"@type":"ImageObject","inLanguage":"ar","@id":"https:\/\/vitablanca.ma\/produit\/life-extension-n-acetyl-l-cysteine-nac-respiratory-health-liver-health-nac-600-mg-60-capsules\/#primaryimage","url":"https:\/\/vitablanca.ma\/wp-content\/uploads\/2025\/09\/life-extension-n-acetyl-l-cysteine-nac-respiratory-health-liver-health-nac-600-mg-60-capsules-.jpg","contentUrl":"https:\/\/vitablanca.ma\/wp-content\/uploads\/2025\/09\/life-extension-n-acetyl-l-cysteine-nac-respiratory-health-liver-health-nac-600-mg-60-capsules-.jpg","width":680,"height":680},{"@type":"BreadcrumbList","@id":"https:\/\/vitablanca.ma\/produit\/life-extension-n-acetyl-l-cysteine-nac-respiratory-health-liver-health-nac-600-mg-60-capsules\/#breadcrumb","itemListElement":[{"@type":"ListItem","position":1,"name":"Home","item":"https:\/\/vitablanca.ma\/"},{"@type":"ListItem","position":2,"name":"Tous Les Produits","item":"https:\/\/vitablanca.ma\/tous-les-produits\/"},{"@type":"ListItem","position":3,"name":"Life Extension N-Acetyl-L-Cysteine NAC Respiratory Health, Liver Health, NAC 600 mg, 60 Capsules"}]},{"@type":"WebSite","@id":"https:\/\/vitablanca.ma\/#website","url":"https:\/\/vitablanca.ma\/","name":"VitaBlanca.ma | \u0627\u0644\u0645\u0643\u0645\u0644\u0627\u062a \u0627\u0644\u063a\u0630\u0627\u0626\u064a\u0629\u060c \u0627\u0644\u0635\u062d\u0629 \u0648\u0627\u0644\u062c\u0645\u0627\u0644 \u0641\u064a \u0627\u0644\u0645\u063a\u0631\u0628","description":"\u0646\u0628\u064a\u0639 \u0641\u064a\u062a\u0627\u0645\u064a\u0646\u0627\u062a \u0648\u0645\u0643\u0645\u0644\u0627\u062a \u063a\u0630\u0627\u0626\u064a\u0629 \u0641\u0627\u062e\u0631\u0629 \u0645\u0646 \u0627\u0644\u0648\u0644\u0627\u064a\u0627\u062a \u0627\u0644\u0645\u062a\u062d\u062f\u0629 \u0627\u0644\u0623\u0645\u0631\u064a\u0643\u064a\u0629 \u0648\u0643\u0646\u062f\u0627 \u0648\u0646\u064a\u0648\u0632\u064a\u0644\u0646\u062f\u0627 \u0648\u0627\u0644\u0645\u063a\u0631\u0628 (\u0646\u0627\u0648 \u0641\u0648\u062f\u0632\u060c \u0633\u0648\u0644\u062c\u0627\u0631\u060c \u0645\u0627\u0646\u0648\u0643\u0627). \u062a\u0648\u0635\u064a\u0644 \u0633\u0631\u064a\u0639 \u0625\u0644\u0649 \u062c\u0645\u064a\u0639 \u0623\u0646\u062d\u0627\u0621 \u0627\u0644\u0645\u063a\u0631\u0628.","publisher":{"@id":"https:\/\/vitablanca.ma\/#organization"},"alternateName":"VitaBlanca.ma","potentialAction":[{"@type":"SearchAction","target":{"@type":"EntryPoint","urlTemplate":"https:\/\/vitablanca.ma\/?s={search_term_string}"},"query-input":{"@type":"PropertyValueSpecification","valueRequired":true,"valueName":"search_term_string"}}],"inLanguage":"ar"},{"@type":"Organization","@id":"https:\/\/vitablanca.ma\/#organization","name":"\u0641\u064a\u062a\u0627\u0628\u0644\u0627\u0646\u0643\u0627","url":"https:\/\/vitablanca.ma\/","logo":{"@type":"ImageObject","inLanguage":"ar","@id":"https:\/\/vitablanca.ma\/#\/schema\/logo\/image\/","url":"https:\/\/vitablanca.ma\/wp-content\/uploads\/2025\/05\/cropped-vitablanca.png","contentUrl":"https:\/\/vitablanca.ma\/wp-content\/uploads\/2025\/05\/cropped-vitablanca.png","width":360,"height":67,"caption":"VitaBlanca"},"image":{"@id":"https:\/\/vitablanca.ma\/#\/schema\/logo\/image\/"},"sameAs":["https:\/\/www.facebook.com\/profile.php?id=61576678196717","https:\/\/www.tiktok.com\/@vitablanca.ma","https:\/\/www.instagram.com\/vitablanca.ma\/"]}]}},"jetpack_sharing_enabled":true,"_links":{"self":[{"href":"https:\/\/vitablanca.ma\/ar\/wp-json\/wp\/v2\/product\/25337","targetHints":{"allow":["GET"]}}],"collection":[{"href":"https:\/\/vitablanca.ma\/ar\/wp-json\/wp\/v2\/product"}],"about":[{"href":"https:\/\/vitablanca.ma\/ar\/wp-json\/wp\/v2\/types\/product"}],"wp:featuredmedia":[{"embeddable":true,"href":"https:\/\/vitablanca.ma\/ar\/wp-json\/wp\/v2\/media\/25414"}],"wp:attachment":[{"href":"https:\/\/vitablanca.ma\/ar\/wp-json\/wp\/v2\/media?parent=25337"}],"wp:term":[{"taxonomy":"product_brand","embeddable":true,"href":"https:\/\/vitablanca.ma\/ar\/wp-json\/wp\/v2\/product_brand?post=25337"},{"taxonomy":"product_cat","embeddable":true,"href":"https:\/\/vitablanca.ma\/ar\/wp-json\/wp\/v2\/product_cat?post=25337"},{"taxonomy":"product_tag","embeddable":true,"href":"https:\/\/vitablanca.ma\/ar\/wp-json\/wp\/v2\/product_tag?post=25337"}],"curies":[{"name":"wp","href":"https:\/\/api.w.org\/{rel}","templated":true}]}}