{"id":25326,"date":"2025-09-18T01:49:26","date_gmt":"2025-09-18T01:49:26","guid":{"rendered":"https:\/\/vitablanca.ma\/?post_type=product&#038;p=25326"},"modified":"2025-09-22T18:10:28","modified_gmt":"2025-09-22T18:10:28","slug":"nutricost-yohimbine-5-mg-de-chlorhydrate-de-yohimbine-240-capsules","status":"publish","type":"product","link":"https:\/\/vitablanca.ma\/ar\/product-2\/nutricost-yohimbine-5-mg-de-chlorhydrate-de-yohimbine-240-capsules\/","title":{"rendered":"Nutricost Yohimbine, 5 mg de chlorhydrate de yohimbine, 240 capsules"},"content":{"rendered":"<p>Chaque capsule contient 5 mg de Yohimbine HCl, vous fournissant le dosage optimal pour un maximum de r\u00e9sultats. Nous croyons en fournissant \u00e0 nos clients les meilleurs ingr\u00e9dients, c\u2019est pourquoi notre Yohimbine HCl provient de fournisseurs de qualit\u00e9 sup\u00e9rieure. Yohimbine HCl est un compos\u00e9 naturel d\u00e9riv\u00e9 de l\u2019\u00e9corce de l\u2019arbre Yohimbe. Il est utilis\u00e9 depuis des si\u00e8cles pour soutenir divers aspects de la sant\u00e9 et du bien-\u00eatre.<\/p>\n<p>Ces derni\u00e8res ann\u00e9es, il a gagn\u00e9 en popularit\u00e9 en tant que suppl\u00e9ment de perte de poids et d\u2019am\u00e9lioration des performances. Yohimbine HCl agit en ciblant des r\u00e9cepteurs sp\u00e9cifiques dans le corps, en favorisant la combustion des graisses, en augmentant les niveaux d\u2019\u00e9nergie et en am\u00e9liorant la performance physique globale. Nos capsules de Nutricost Yohimbine HCl sont non seulement efficaces mais aussi pratiques \u00e0 utiliser. Prenez simplement une capsule par jour avec un repas ou selon les directives de votre professionnel de la sant\u00e9.<\/p>","protected":false},"excerpt":{"rendered":"<ul>\n<li>Extra fort 5 mg de Yohimbine HCl par capsule<\/li>\n<li>240 capsules de yohimbine par bouteille<\/li>\n<li>Sans gluten, sans OGM et qualit\u00e9 garantie<\/li>\n<li>Pour les hommes et les femmes<\/li>\n<li>Fabriqu\u00e9 dans un \u00e9tablissement conforme aux BPF et enregistr\u00e9 par la FDA<\/li>\n<\/ul>","protected":false},"featured_media":25373,"template":"","meta":{"om_disable_all_campaigns":false},"product_brand":[3310],"product_cat":[18,3366],"product_tag":[3554,3555,3556,3557,3558,3559],"class_list":{"0":"post-25326","1":"product","2":"type-product","3":"status-publish","4":"has-post-thumbnail","6":"product_brand-nutricost-maroc-prix","7":"product_cat-beaute-sante","8":"product_cat-complements-alimentaires-au-maroc-vitablanca","9":"product_tag-complement-bruleur-de-graisses-yohimbine","10":"product_tag-nutricost-yohimbine-5-mg","11":"product_tag-yohimbine-energie-et-performance-sportive","12":"product_tag-yohimbine-hcl-240-capsules","13":"product_tag-yohimbine-perte-de-poids","14":"product_tag-yohimbine-supplement-non-ogm","16":"first","17":"instock","18":"taxable","19":"shipping-taxable","20":"purchasable","21":"product-type-simple"},"yoast_head":"<!-- This site is optimized with the Yoast SEO plugin v27.5 - https:\/\/yoast.com\/product\/yoast-seo-wordpress\/ -->\n<title>Nutricost Yohimbine, 5 mg , 240 capsules - Maroc Prix<\/title>\n<meta name=\"description\" content=\"Optimisez vos performances et soutenez la perte de graisses avec Nutricost Yohimbine, 5 mg. 240 capsules pour une \u00e9nergie durable et une gestion efficace du poids.\" \/>\n<meta name=\"robots\" content=\"index, follow, max-snippet:-1, max-image-preview:large, max-video-preview:-1\" \/>\n<link rel=\"canonical\" href=\"https:\/\/vitablanca.ma\/ar\/product-2\/nutricost-yohimbine-5-mg-de-chlorhydrate-de-yohimbine-240-capsules\/\" \/>\n<meta property=\"og:locale\" content=\"ar_AR\" \/>\n<meta property=\"og:type\" content=\"article\" \/>\n<meta property=\"og:title\" content=\"Nutricost Yohimbine, 5 mg , 240 capsules - Maroc Prix\" \/>\n<meta property=\"og:description\" content=\"Optimisez vos performances et soutenez la perte de graisses avec Nutricost Yohimbine, 5 mg. 240 capsules pour une \u00e9nergie durable et une gestion efficace du poids.\" \/>\n<meta property=\"og:url\" content=\"https:\/\/vitablanca.ma\/ar\/product-2\/nutricost-yohimbine-5-mg-de-chlorhydrate-de-yohimbine-240-capsules\/\" \/>\n<meta property=\"og:site_name\" content=\"Vitablanca.ma &ndash; Sant&eacute;, vitalit&eacute; et bien-&ecirc;tre pour tous les Marocains\" \/>\n<meta property=\"article:publisher\" content=\"https:\/\/www.facebook.com\/profile.php?id=61576678196717\" \/>\n<meta property=\"article:modified_time\" content=\"2025-09-22T18:10:28+00:00\" \/>\n<meta property=\"og:image\" content=\"https:\/\/vitablanca.ma\/wp-content\/uploads\/2025\/09\/nutricost-yohimbine-5-mg-de-chlorhydrate-de-yohimbine-240-capsules.jpg\" \/>\n\t<meta property=\"og:image:width\" content=\"680\" \/>\n\t<meta property=\"og:image:height\" content=\"680\" \/>\n\t<meta property=\"og:image:type\" content=\"image\/jpeg\" \/>\n<meta name=\"twitter:card\" content=\"summary_large_image\" \/>\n<meta name=\"twitter:label1\" content=\"\u0648\u0642\u062a \u0627\u0644\u0642\u0631\u0627\u0621\u0629 \u0627\u0644\u0645\u064f\u0642\u062f\u0651\u0631\" \/>\n\t<meta name=\"twitter:data1\" content=\"\u062f\u0642\u064a\u0642\u0629 \u0648\u0627\u062d\u062f\u0629\" \/>\n<script type=\"application\/ld+json\" class=\"yoast-schema-graph\">{\"@context\":\"https:\\\/\\\/schema.org\",\"@graph\":[{\"@type\":[\"WebPage\",\"ItemPage\"],\"@id\":\"https:\\\/\\\/vitablanca.ma\\\/produit\\\/nutricost-yohimbine-5-mg-de-chlorhydrate-de-yohimbine-240-capsules\\\/\",\"url\":\"https:\\\/\\\/vitablanca.ma\\\/produit\\\/nutricost-yohimbine-5-mg-de-chlorhydrate-de-yohimbine-240-capsules\\\/\",\"name\":\"Nutricost Yohimbine, 5 mg , 240 capsules - Maroc Prix\",\"isPartOf\":{\"@id\":\"https:\\\/\\\/vitablanca.ma\\\/#website\"},\"primaryImageOfPage\":{\"@id\":\"https:\\\/\\\/vitablanca.ma\\\/produit\\\/nutricost-yohimbine-5-mg-de-chlorhydrate-de-yohimbine-240-capsules\\\/#primaryimage\"},\"image\":{\"@id\":\"https:\\\/\\\/vitablanca.ma\\\/produit\\\/nutricost-yohimbine-5-mg-de-chlorhydrate-de-yohimbine-240-capsules\\\/#primaryimage\"},\"thumbnailUrl\":\"https:\\\/\\\/vitablanca.ma\\\/wp-content\\\/uploads\\\/2025\\\/09\\\/nutricost-yohimbine-5-mg-de-chlorhydrate-de-yohimbine-240-capsules.jpg\",\"datePublished\":\"2025-09-18T01:49:26+00:00\",\"dateModified\":\"2025-09-22T18:10:28+00:00\",\"description\":\"Optimisez vos performances et soutenez la perte de graisses avec Nutricost Yohimbine, 5 mg. 240 capsules pour une \u00e9nergie durable et une gestion efficace du poids.\",\"breadcrumb\":{\"@id\":\"https:\\\/\\\/vitablanca.ma\\\/produit\\\/nutricost-yohimbine-5-mg-de-chlorhydrate-de-yohimbine-240-capsules\\\/#breadcrumb\"},\"inLanguage\":\"ar\",\"potentialAction\":[{\"@type\":\"ReadAction\",\"target\":[\"https:\\\/\\\/vitablanca.ma\\\/produit\\\/nutricost-yohimbine-5-mg-de-chlorhydrate-de-yohimbine-240-capsules\\\/\"]}]},{\"@type\":\"ImageObject\",\"inLanguage\":\"ar\",\"@id\":\"https:\\\/\\\/vitablanca.ma\\\/produit\\\/nutricost-yohimbine-5-mg-de-chlorhydrate-de-yohimbine-240-capsules\\\/#primaryimage\",\"url\":\"https:\\\/\\\/vitablanca.ma\\\/wp-content\\\/uploads\\\/2025\\\/09\\\/nutricost-yohimbine-5-mg-de-chlorhydrate-de-yohimbine-240-capsules.jpg\",\"contentUrl\":\"https:\\\/\\\/vitablanca.ma\\\/wp-content\\\/uploads\\\/2025\\\/09\\\/nutricost-yohimbine-5-mg-de-chlorhydrate-de-yohimbine-240-capsules.jpg\",\"width\":680,\"height\":680},{\"@type\":\"BreadcrumbList\",\"@id\":\"https:\\\/\\\/vitablanca.ma\\\/produit\\\/nutricost-yohimbine-5-mg-de-chlorhydrate-de-yohimbine-240-capsules\\\/#breadcrumb\",\"itemListElement\":[{\"@type\":\"ListItem\",\"position\":1,\"name\":\"Home\",\"item\":\"https:\\\/\\\/vitablanca.ma\\\/\"},{\"@type\":\"ListItem\",\"position\":2,\"name\":\"Tous Les Produits\",\"item\":\"https:\\\/\\\/vitablanca.ma\\\/tous-les-produits\\\/\"},{\"@type\":\"ListItem\",\"position\":3,\"name\":\"Nutricost Yohimbine, 5 mg de chlorhydrate de yohimbine, 240 capsules\"}]},{\"@type\":\"WebSite\",\"@id\":\"https:\\\/\\\/vitablanca.ma\\\/#website\",\"url\":\"https:\\\/\\\/vitablanca.ma\\\/\",\"name\":\"VitaBlanca.ma | Compl\u00e9ments alimentaires, sant\u00e9 & beaut\u00e9 au Maroc\",\"description\":\"vendre vitamines et compl\u00e9ments premium des USA &amp; Canada, Nouvelle Z\u00e9lande,Maroc (NOW Foods, Solgar, Manuka). Livraison rapide partout au Maroc.\",\"publisher\":{\"@id\":\"https:\\\/\\\/vitablanca.ma\\\/#organization\"},\"alternateName\":\"VitaBlanca.ma\",\"potentialAction\":[{\"@type\":\"SearchAction\",\"target\":{\"@type\":\"EntryPoint\",\"urlTemplate\":\"https:\\\/\\\/vitablanca.ma\\\/?s={search_term_string}\"},\"query-input\":{\"@type\":\"PropertyValueSpecification\",\"valueRequired\":true,\"valueName\":\"search_term_string\"}}],\"inLanguage\":\"ar\"},{\"@type\":\"Organization\",\"@id\":\"https:\\\/\\\/vitablanca.ma\\\/#organization\",\"name\":\"VitaBlanca\",\"url\":\"https:\\\/\\\/vitablanca.ma\\\/\",\"logo\":{\"@type\":\"ImageObject\",\"inLanguage\":\"ar\",\"@id\":\"https:\\\/\\\/vitablanca.ma\\\/#\\\/schema\\\/logo\\\/image\\\/\",\"url\":\"https:\\\/\\\/vitablanca.ma\\\/wp-content\\\/uploads\\\/2025\\\/05\\\/cropped-vitablanca.png\",\"contentUrl\":\"https:\\\/\\\/vitablanca.ma\\\/wp-content\\\/uploads\\\/2025\\\/05\\\/cropped-vitablanca.png\",\"width\":360,\"height\":67,\"caption\":\"VitaBlanca\"},\"image\":{\"@id\":\"https:\\\/\\\/vitablanca.ma\\\/#\\\/schema\\\/logo\\\/image\\\/\"},\"sameAs\":[\"https:\\\/\\\/www.facebook.com\\\/profile.php?id=61576678196717\",\"https:\\\/\\\/www.tiktok.com\\\/@vitablanca.ma\",\"https:\\\/\\\/www.instagram.com\\\/vitablanca.ma\\\/\"]}]}<\/script>\n<!-- \/ Yoast SEO plugin. -->","yoast_head_json":{"title":"Nutricost Yohimbine, 5 mg , 240 capsules - Maroc Prix","description":"Optimisez vos performances et soutenez la perte de graisses avec Nutricost Yohimbine, 5 mg. 240 capsules pour une \u00e9nergie durable et une gestion efficace du poids.","robots":{"index":"index","follow":"follow","max-snippet":"max-snippet:-1","max-image-preview":"max-image-preview:large","max-video-preview":"max-video-preview:-1"},"canonical":"https:\/\/vitablanca.ma\/ar\/product-2\/nutricost-yohimbine-5-mg-de-chlorhydrate-de-yohimbine-240-capsules\/","og_locale":"ar_AR","og_type":"article","og_title":"Nutricost Yohimbine, 5 mg , 240 capsules - Maroc Prix","og_description":"Optimisez vos performances et soutenez la perte de graisses avec Nutricost Yohimbine, 5 mg. 240 capsules pour une \u00e9nergie durable et une gestion efficace du poids.","og_url":"https:\/\/vitablanca.ma\/ar\/product-2\/nutricost-yohimbine-5-mg-de-chlorhydrate-de-yohimbine-240-capsules\/","og_site_name":"Vitablanca.ma &ndash; Sant&eacute;, vitalit&eacute; et bien-&ecirc;tre pour tous les Marocains","article_publisher":"https:\/\/www.facebook.com\/profile.php?id=61576678196717","article_modified_time":"2025-09-22T18:10:28+00:00","og_image":[{"width":680,"height":680,"url":"https:\/\/vitablanca.ma\/wp-content\/uploads\/2025\/09\/nutricost-yohimbine-5-mg-de-chlorhydrate-de-yohimbine-240-capsules.jpg","type":"image\/jpeg"}],"twitter_card":"summary_large_image","twitter_misc":{"\u0648\u0642\u062a \u0627\u0644\u0642\u0631\u0627\u0621\u0629 \u0627\u0644\u0645\u064f\u0642\u062f\u0651\u0631":"\u062f\u0642\u064a\u0642\u0629 \u0648\u0627\u062d\u062f\u0629"},"schema":{"@context":"https:\/\/schema.org","@graph":[{"@type":["WebPage","ItemPage"],"@id":"https:\/\/vitablanca.ma\/produit\/nutricost-yohimbine-5-mg-de-chlorhydrate-de-yohimbine-240-capsules\/","url":"https:\/\/vitablanca.ma\/produit\/nutricost-yohimbine-5-mg-de-chlorhydrate-de-yohimbine-240-capsules\/","name":"Nutricost Yohimbine, 5 mg , 240 capsules - Maroc Prix","isPartOf":{"@id":"https:\/\/vitablanca.ma\/#website"},"primaryImageOfPage":{"@id":"https:\/\/vitablanca.ma\/produit\/nutricost-yohimbine-5-mg-de-chlorhydrate-de-yohimbine-240-capsules\/#primaryimage"},"image":{"@id":"https:\/\/vitablanca.ma\/produit\/nutricost-yohimbine-5-mg-de-chlorhydrate-de-yohimbine-240-capsules\/#primaryimage"},"thumbnailUrl":"https:\/\/vitablanca.ma\/wp-content\/uploads\/2025\/09\/nutricost-yohimbine-5-mg-de-chlorhydrate-de-yohimbine-240-capsules.jpg","datePublished":"2025-09-18T01:49:26+00:00","dateModified":"2025-09-22T18:10:28+00:00","description":"Optimisez vos performances et soutenez la perte de graisses avec Nutricost Yohimbine, 5 mg. 240 capsules pour une \u00e9nergie durable et une gestion efficace du poids.","breadcrumb":{"@id":"https:\/\/vitablanca.ma\/produit\/nutricost-yohimbine-5-mg-de-chlorhydrate-de-yohimbine-240-capsules\/#breadcrumb"},"inLanguage":"ar","potentialAction":[{"@type":"ReadAction","target":["https:\/\/vitablanca.ma\/produit\/nutricost-yohimbine-5-mg-de-chlorhydrate-de-yohimbine-240-capsules\/"]}]},{"@type":"ImageObject","inLanguage":"ar","@id":"https:\/\/vitablanca.ma\/produit\/nutricost-yohimbine-5-mg-de-chlorhydrate-de-yohimbine-240-capsules\/#primaryimage","url":"https:\/\/vitablanca.ma\/wp-content\/uploads\/2025\/09\/nutricost-yohimbine-5-mg-de-chlorhydrate-de-yohimbine-240-capsules.jpg","contentUrl":"https:\/\/vitablanca.ma\/wp-content\/uploads\/2025\/09\/nutricost-yohimbine-5-mg-de-chlorhydrate-de-yohimbine-240-capsules.jpg","width":680,"height":680},{"@type":"BreadcrumbList","@id":"https:\/\/vitablanca.ma\/produit\/nutricost-yohimbine-5-mg-de-chlorhydrate-de-yohimbine-240-capsules\/#breadcrumb","itemListElement":[{"@type":"ListItem","position":1,"name":"Home","item":"https:\/\/vitablanca.ma\/"},{"@type":"ListItem","position":2,"name":"Tous Les Produits","item":"https:\/\/vitablanca.ma\/tous-les-produits\/"},{"@type":"ListItem","position":3,"name":"Nutricost Yohimbine, 5 mg de chlorhydrate de yohimbine, 240 capsules"}]},{"@type":"WebSite","@id":"https:\/\/vitablanca.ma\/#website","url":"https:\/\/vitablanca.ma\/","name":"VitaBlanca.ma | \u0627\u0644\u0645\u0643\u0645\u0644\u0627\u062a \u0627\u0644\u063a\u0630\u0627\u0626\u064a\u0629\u060c \u0627\u0644\u0635\u062d\u0629 \u0648\u0627\u0644\u062c\u0645\u0627\u0644 \u0641\u064a \u0627\u0644\u0645\u063a\u0631\u0628","description":"\u0646\u0628\u064a\u0639 \u0641\u064a\u062a\u0627\u0645\u064a\u0646\u0627\u062a \u0648\u0645\u0643\u0645\u0644\u0627\u062a \u063a\u0630\u0627\u0626\u064a\u0629 \u0641\u0627\u062e\u0631\u0629 \u0645\u0646 \u0627\u0644\u0648\u0644\u0627\u064a\u0627\u062a \u0627\u0644\u0645\u062a\u062d\u062f\u0629 \u0627\u0644\u0623\u0645\u0631\u064a\u0643\u064a\u0629 \u0648\u0643\u0646\u062f\u0627 \u0648\u0646\u064a\u0648\u0632\u064a\u0644\u0646\u062f\u0627 \u0648\u0627\u0644\u0645\u063a\u0631\u0628 (\u0646\u0627\u0648 \u0641\u0648\u062f\u0632\u060c \u0633\u0648\u0644\u062c\u0627\u0631\u060c \u0645\u0627\u0646\u0648\u0643\u0627). \u062a\u0648\u0635\u064a\u0644 \u0633\u0631\u064a\u0639 \u0625\u0644\u0649 \u062c\u0645\u064a\u0639 \u0623\u0646\u062d\u0627\u0621 \u0627\u0644\u0645\u063a\u0631\u0628.","publisher":{"@id":"https:\/\/vitablanca.ma\/#organization"},"alternateName":"VitaBlanca.ma","potentialAction":[{"@type":"SearchAction","target":{"@type":"EntryPoint","urlTemplate":"https:\/\/vitablanca.ma\/?s={search_term_string}"},"query-input":{"@type":"PropertyValueSpecification","valueRequired":true,"valueName":"search_term_string"}}],"inLanguage":"ar"},{"@type":"Organization","@id":"https:\/\/vitablanca.ma\/#organization","name":"\u0641\u064a\u062a\u0627\u0628\u0644\u0627\u0646\u0643\u0627","url":"https:\/\/vitablanca.ma\/","logo":{"@type":"ImageObject","inLanguage":"ar","@id":"https:\/\/vitablanca.ma\/#\/schema\/logo\/image\/","url":"https:\/\/vitablanca.ma\/wp-content\/uploads\/2025\/05\/cropped-vitablanca.png","contentUrl":"https:\/\/vitablanca.ma\/wp-content\/uploads\/2025\/05\/cropped-vitablanca.png","width":360,"height":67,"caption":"VitaBlanca"},"image":{"@id":"https:\/\/vitablanca.ma\/#\/schema\/logo\/image\/"},"sameAs":["https:\/\/www.facebook.com\/profile.php?id=61576678196717","https:\/\/www.tiktok.com\/@vitablanca.ma","https:\/\/www.instagram.com\/vitablanca.ma\/"]}]}},"jetpack_sharing_enabled":true,"_links":{"self":[{"href":"https:\/\/vitablanca.ma\/ar\/wp-json\/wp\/v2\/product\/25326","targetHints":{"allow":["GET"]}}],"collection":[{"href":"https:\/\/vitablanca.ma\/ar\/wp-json\/wp\/v2\/product"}],"about":[{"href":"https:\/\/vitablanca.ma\/ar\/wp-json\/wp\/v2\/types\/product"}],"wp:featuredmedia":[{"embeddable":true,"href":"https:\/\/vitablanca.ma\/ar\/wp-json\/wp\/v2\/media\/25373"}],"wp:attachment":[{"href":"https:\/\/vitablanca.ma\/ar\/wp-json\/wp\/v2\/media?parent=25326"}],"wp:term":[{"taxonomy":"product_brand","embeddable":true,"href":"https:\/\/vitablanca.ma\/ar\/wp-json\/wp\/v2\/product_brand?post=25326"},{"taxonomy":"product_cat","embeddable":true,"href":"https:\/\/vitablanca.ma\/ar\/wp-json\/wp\/v2\/product_cat?post=25326"},{"taxonomy":"product_tag","embeddable":true,"href":"https:\/\/vitablanca.ma\/ar\/wp-json\/wp\/v2\/product_tag?post=25326"}],"curies":[{"name":"wp","href":"https:\/\/api.w.org\/{rel}","templated":true}]}}