{"id":25316,"date":"2025-09-18T01:49:25","date_gmt":"2025-09-18T01:49:25","guid":{"rendered":"https:\/\/vitablanca.ma\/?post_type=product&#038;p=25316"},"modified":"2025-09-22T18:10:29","modified_gmt":"2025-09-22T18:10:29","slug":"natures-plus-super-vitamine-c-complexe-de-bioflavonoides-bio-180-comprimes","status":"publish","type":"product","link":"https:\/\/vitablanca.ma\/ar\/product-2\/natures-plus-super-vitamine-c-complexe-de-bioflavonoides-bio-180-comprimes\/","title":{"rendered":"Nature&rsquo;S Plus Super Vitamine C Complexe de Bioflavono\u00efdes Bio, 180 Comprim\u00e9s"},"content":{"rendered":"<p>Vous recherchez tous les bienfaits de la vitamine C dans un compl\u00e9ment de haute qualit\u00e9 ? Bien s\u00fbr que vous l&rsquo;\u00eates, vous voulez donc le Super C Complex de NaturesPlus, le meilleur compl\u00e9ment de vitamine C que vous puissiez trouver !<\/p>\n<ul>\n<li>1000 mg de vitamine C<\/li>\n<li>500 mg de bioflavono\u00efdes, les partenaires nutritionnels de C<\/li>\n<li>Soutient la sant\u00e9 immunitaire<\/li>\n<li>Contient de l&rsquo;ac\u00e9rola, des plantes qui renforcent le C &amp; cynorrhodon<\/li>\n<li>Lib\u00e9ration lente pour une meilleure absorption<\/li>\n<\/ul>","protected":false},"excerpt":{"rendered":"<ul>\n<li><strong>Portion :<\/strong>\u00a01 Comprim\u00e9 par jour<\/li>\n<li><strong>Contenant :<\/strong>\u00a0180 Portions [ 6 mois ]<\/li>\n<li><strong>Quantit\u00e9s par Portion :<\/strong><\/li>\n<li>Vitamine C (sous forme d&rsquo;acide ascorbique) :\u00a0<strong>1000 mg<\/strong><\/li>\n<li>Bioflavono\u00efdes \u00e0 partir de fruits entiers\u00a0Citrus sinensis\u00a0\u00a0:\u00a0<strong>500 mg<\/strong><\/li>\n<li>Rutine (de feuille de Sophora japonica) :\u00a0<strong>100 mg<\/strong><\/li>\n<li>Complexe d&rsquo;hesp\u00e9ridine (issu de l&rsquo;exocarpe Citrus limon) :\u00a0<strong>100 mg<\/strong><\/li>\n<li>\u00c9glantier (fruit de Rosa canina) :\u00a0<strong>100 mg<\/strong><\/li>\n<li>Ac\u00e9rola (fruit de Malpighia glabra) :\u00a0<strong>50 mg<\/strong><\/li>\n<\/ul>\n","protected":false},"featured_media":25351,"template":"","meta":{"om_disable_all_campaigns":false},"product_brand":[2884],"product_cat":[18,3366],"product_tag":[3499,3500,3501,3502,3503,3504],"class_list":{"0":"post-25316","1":"product","2":"type-product","3":"status-publish","4":"has-post-thumbnail","6":"product_brand-natures-plus","7":"product_cat-beaute-sante","8":"product_cat-complements-alimentaires-au-maroc-vitablanca","9":"product_tag-natures-plus-vitamine-c","10":"product_tag-super-vitamine-c-natures-plus","11":"product_tag-vitamine-c-antioxydant-naturel","12":"product_tag-vitamine-c-avec-agrumes-bio","13":"product_tag-vitamine-c-bio-pour-immunite","14":"product_tag-vitamine-c-complexe-bioflavonoides","16":"first","17":"instock","18":"taxable","19":"shipping-taxable","20":"purchasable","21":"product-type-simple"},"yoast_head":"<!-- This site is optimized with the Yoast SEO plugin v27.5 - https:\/\/yoast.com\/product\/yoast-seo-wordpress\/ -->\n<title>Nature&#039;S Plus Super C Complexe 180 Comprim\u00e9s - Maroc Prix<\/title>\n<meta name=\"description\" content=\"Achetez Nature&#039;s Plus Super Vitamine C Complexe de Bioflavono\u00efdes Bio \u2013 180 comprim\u00e9s au Maroc. Soutien immunitaire, \u00e9nergie et antioxydants puissants.\" \/>\n<meta name=\"robots\" content=\"index, follow, max-snippet:-1, max-image-preview:large, max-video-preview:-1\" \/>\n<link rel=\"canonical\" href=\"https:\/\/vitablanca.ma\/ar\/product-2\/natures-plus-super-vitamine-c-complexe-de-bioflavonoides-bio-180-comprimes\/\" \/>\n<meta property=\"og:locale\" content=\"ar_AR\" \/>\n<meta property=\"og:type\" content=\"article\" \/>\n<meta property=\"og:title\" content=\"Nature&#039;S Plus Super C Complexe 180 Comprim\u00e9s - Maroc Prix\" \/>\n<meta property=\"og:description\" content=\"Achetez Nature&#039;s Plus Super Vitamine C Complexe de Bioflavono\u00efdes Bio \u2013 180 comprim\u00e9s au Maroc. Soutien immunitaire, \u00e9nergie et antioxydants puissants.\" \/>\n<meta property=\"og:url\" content=\"https:\/\/vitablanca.ma\/ar\/product-2\/natures-plus-super-vitamine-c-complexe-de-bioflavonoides-bio-180-comprimes\/\" \/>\n<meta property=\"og:site_name\" content=\"Vitablanca.ma &ndash; Sant&eacute;, vitalit&eacute; et bien-&ecirc;tre pour tous les Marocains\" \/>\n<meta property=\"article:publisher\" content=\"https:\/\/www.facebook.com\/profile.php?id=61576678196717\" \/>\n<meta property=\"article:modified_time\" content=\"2025-09-22T18:10:29+00:00\" \/>\n<meta property=\"og:image\" content=\"https:\/\/vitablanca.ma\/wp-content\/uploads\/2025\/09\/natures-plus-super-vitamine-c-complexe-de-bioflavonoides-bio-180-comprimes.jpg\" \/>\n\t<meta property=\"og:image:width\" content=\"680\" \/>\n\t<meta property=\"og:image:height\" content=\"680\" \/>\n\t<meta property=\"og:image:type\" content=\"image\/jpeg\" \/>\n<meta name=\"twitter:card\" content=\"summary_large_image\" \/>\n<meta name=\"twitter:label1\" content=\"\u0648\u0642\u062a \u0627\u0644\u0642\u0631\u0627\u0621\u0629 \u0627\u0644\u0645\u064f\u0642\u062f\u0651\u0631\" \/>\n\t<meta name=\"twitter:data1\" content=\"\u062f\u0642\u064a\u0642\u0629 \u0648\u0627\u062d\u062f\u0629\" \/>\n<script type=\"application\/ld+json\" class=\"yoast-schema-graph\">{\"@context\":\"https:\\\/\\\/schema.org\",\"@graph\":[{\"@type\":[\"WebPage\",\"ItemPage\"],\"@id\":\"https:\\\/\\\/vitablanca.ma\\\/produit\\\/natures-plus-super-vitamine-c-complexe-de-bioflavonoides-bio-180-comprimes\\\/\",\"url\":\"https:\\\/\\\/vitablanca.ma\\\/produit\\\/natures-plus-super-vitamine-c-complexe-de-bioflavonoides-bio-180-comprimes\\\/\",\"name\":\"Nature'S Plus Super C Complexe 180 Comprim\u00e9s - Maroc Prix\",\"isPartOf\":{\"@id\":\"https:\\\/\\\/vitablanca.ma\\\/#website\"},\"primaryImageOfPage\":{\"@id\":\"https:\\\/\\\/vitablanca.ma\\\/produit\\\/natures-plus-super-vitamine-c-complexe-de-bioflavonoides-bio-180-comprimes\\\/#primaryimage\"},\"image\":{\"@id\":\"https:\\\/\\\/vitablanca.ma\\\/produit\\\/natures-plus-super-vitamine-c-complexe-de-bioflavonoides-bio-180-comprimes\\\/#primaryimage\"},\"thumbnailUrl\":\"https:\\\/\\\/vitablanca.ma\\\/wp-content\\\/uploads\\\/2025\\\/09\\\/natures-plus-super-vitamine-c-complexe-de-bioflavonoides-bio-180-comprimes.jpg\",\"datePublished\":\"2025-09-18T01:49:25+00:00\",\"dateModified\":\"2025-09-22T18:10:29+00:00\",\"description\":\"Achetez Nature's Plus Super Vitamine C Complexe de Bioflavono\u00efdes Bio \u2013 180 comprim\u00e9s au Maroc. Soutien immunitaire, \u00e9nergie et antioxydants puissants.\",\"breadcrumb\":{\"@id\":\"https:\\\/\\\/vitablanca.ma\\\/produit\\\/natures-plus-super-vitamine-c-complexe-de-bioflavonoides-bio-180-comprimes\\\/#breadcrumb\"},\"inLanguage\":\"ar\",\"potentialAction\":[{\"@type\":\"ReadAction\",\"target\":[\"https:\\\/\\\/vitablanca.ma\\\/produit\\\/natures-plus-super-vitamine-c-complexe-de-bioflavonoides-bio-180-comprimes\\\/\"]}]},{\"@type\":\"ImageObject\",\"inLanguage\":\"ar\",\"@id\":\"https:\\\/\\\/vitablanca.ma\\\/produit\\\/natures-plus-super-vitamine-c-complexe-de-bioflavonoides-bio-180-comprimes\\\/#primaryimage\",\"url\":\"https:\\\/\\\/vitablanca.ma\\\/wp-content\\\/uploads\\\/2025\\\/09\\\/natures-plus-super-vitamine-c-complexe-de-bioflavonoides-bio-180-comprimes.jpg\",\"contentUrl\":\"https:\\\/\\\/vitablanca.ma\\\/wp-content\\\/uploads\\\/2025\\\/09\\\/natures-plus-super-vitamine-c-complexe-de-bioflavonoides-bio-180-comprimes.jpg\",\"width\":680,\"height\":680},{\"@type\":\"BreadcrumbList\",\"@id\":\"https:\\\/\\\/vitablanca.ma\\\/produit\\\/natures-plus-super-vitamine-c-complexe-de-bioflavonoides-bio-180-comprimes\\\/#breadcrumb\",\"itemListElement\":[{\"@type\":\"ListItem\",\"position\":1,\"name\":\"Home\",\"item\":\"https:\\\/\\\/vitablanca.ma\\\/\"},{\"@type\":\"ListItem\",\"position\":2,\"name\":\"Tous Les Produits\",\"item\":\"https:\\\/\\\/vitablanca.ma\\\/tous-les-produits\\\/\"},{\"@type\":\"ListItem\",\"position\":3,\"name\":\"Nature&#8217;S Plus Super Vitamine C Complexe de Bioflavono\u00efdes Bio, 180 Comprim\u00e9s\"}]},{\"@type\":\"WebSite\",\"@id\":\"https:\\\/\\\/vitablanca.ma\\\/#website\",\"url\":\"https:\\\/\\\/vitablanca.ma\\\/\",\"name\":\"VitaBlanca.ma | Compl\u00e9ments alimentaires, sant\u00e9 & beaut\u00e9 au Maroc\",\"description\":\"vendre vitamines et compl\u00e9ments premium des USA &amp; Canada, Nouvelle Z\u00e9lande,Maroc (NOW Foods, Solgar, Manuka). Livraison rapide partout au Maroc.\",\"publisher\":{\"@id\":\"https:\\\/\\\/vitablanca.ma\\\/#organization\"},\"alternateName\":\"VitaBlanca.ma\",\"potentialAction\":[{\"@type\":\"SearchAction\",\"target\":{\"@type\":\"EntryPoint\",\"urlTemplate\":\"https:\\\/\\\/vitablanca.ma\\\/?s={search_term_string}\"},\"query-input\":{\"@type\":\"PropertyValueSpecification\",\"valueRequired\":true,\"valueName\":\"search_term_string\"}}],\"inLanguage\":\"ar\"},{\"@type\":\"Organization\",\"@id\":\"https:\\\/\\\/vitablanca.ma\\\/#organization\",\"name\":\"VitaBlanca\",\"url\":\"https:\\\/\\\/vitablanca.ma\\\/\",\"logo\":{\"@type\":\"ImageObject\",\"inLanguage\":\"ar\",\"@id\":\"https:\\\/\\\/vitablanca.ma\\\/#\\\/schema\\\/logo\\\/image\\\/\",\"url\":\"https:\\\/\\\/vitablanca.ma\\\/wp-content\\\/uploads\\\/2025\\\/05\\\/cropped-vitablanca.png\",\"contentUrl\":\"https:\\\/\\\/vitablanca.ma\\\/wp-content\\\/uploads\\\/2025\\\/05\\\/cropped-vitablanca.png\",\"width\":360,\"height\":67,\"caption\":\"VitaBlanca\"},\"image\":{\"@id\":\"https:\\\/\\\/vitablanca.ma\\\/#\\\/schema\\\/logo\\\/image\\\/\"},\"sameAs\":[\"https:\\\/\\\/www.facebook.com\\\/profile.php?id=61576678196717\",\"https:\\\/\\\/www.tiktok.com\\\/@vitablanca.ma\",\"https:\\\/\\\/www.instagram.com\\\/vitablanca.ma\\\/\"]}]}<\/script>\n<!-- \/ Yoast SEO plugin. -->","yoast_head_json":{"title":"Nature'S Plus Super C Complexe 180 Comprim\u00e9s - Maroc Prix","description":"Achetez Nature's Plus Super Vitamine C Complexe de Bioflavono\u00efdes Bio \u2013 180 comprim\u00e9s au Maroc. Soutien immunitaire, \u00e9nergie et antioxydants puissants.","robots":{"index":"index","follow":"follow","max-snippet":"max-snippet:-1","max-image-preview":"max-image-preview:large","max-video-preview":"max-video-preview:-1"},"canonical":"https:\/\/vitablanca.ma\/ar\/product-2\/natures-plus-super-vitamine-c-complexe-de-bioflavonoides-bio-180-comprimes\/","og_locale":"ar_AR","og_type":"article","og_title":"Nature'S Plus Super C Complexe 180 Comprim\u00e9s - Maroc Prix","og_description":"Achetez Nature's Plus Super Vitamine C Complexe de Bioflavono\u00efdes Bio \u2013 180 comprim\u00e9s au Maroc. Soutien immunitaire, \u00e9nergie et antioxydants puissants.","og_url":"https:\/\/vitablanca.ma\/ar\/product-2\/natures-plus-super-vitamine-c-complexe-de-bioflavonoides-bio-180-comprimes\/","og_site_name":"Vitablanca.ma &ndash; Sant&eacute;, vitalit&eacute; et bien-&ecirc;tre pour tous les Marocains","article_publisher":"https:\/\/www.facebook.com\/profile.php?id=61576678196717","article_modified_time":"2025-09-22T18:10:29+00:00","og_image":[{"width":680,"height":680,"url":"https:\/\/vitablanca.ma\/wp-content\/uploads\/2025\/09\/natures-plus-super-vitamine-c-complexe-de-bioflavonoides-bio-180-comprimes.jpg","type":"image\/jpeg"}],"twitter_card":"summary_large_image","twitter_misc":{"\u0648\u0642\u062a \u0627\u0644\u0642\u0631\u0627\u0621\u0629 \u0627\u0644\u0645\u064f\u0642\u062f\u0651\u0631":"\u062f\u0642\u064a\u0642\u0629 \u0648\u0627\u062d\u062f\u0629"},"schema":{"@context":"https:\/\/schema.org","@graph":[{"@type":["WebPage","ItemPage"],"@id":"https:\/\/vitablanca.ma\/produit\/natures-plus-super-vitamine-c-complexe-de-bioflavonoides-bio-180-comprimes\/","url":"https:\/\/vitablanca.ma\/produit\/natures-plus-super-vitamine-c-complexe-de-bioflavonoides-bio-180-comprimes\/","name":"Nature'S Plus Super C Complexe 180 Comprim\u00e9s - Maroc Prix","isPartOf":{"@id":"https:\/\/vitablanca.ma\/#website"},"primaryImageOfPage":{"@id":"https:\/\/vitablanca.ma\/produit\/natures-plus-super-vitamine-c-complexe-de-bioflavonoides-bio-180-comprimes\/#primaryimage"},"image":{"@id":"https:\/\/vitablanca.ma\/produit\/natures-plus-super-vitamine-c-complexe-de-bioflavonoides-bio-180-comprimes\/#primaryimage"},"thumbnailUrl":"https:\/\/vitablanca.ma\/wp-content\/uploads\/2025\/09\/natures-plus-super-vitamine-c-complexe-de-bioflavonoides-bio-180-comprimes.jpg","datePublished":"2025-09-18T01:49:25+00:00","dateModified":"2025-09-22T18:10:29+00:00","description":"Achetez Nature's Plus Super Vitamine C Complexe de Bioflavono\u00efdes Bio \u2013 180 comprim\u00e9s au Maroc. Soutien immunitaire, \u00e9nergie et antioxydants puissants.","breadcrumb":{"@id":"https:\/\/vitablanca.ma\/produit\/natures-plus-super-vitamine-c-complexe-de-bioflavonoides-bio-180-comprimes\/#breadcrumb"},"inLanguage":"ar","potentialAction":[{"@type":"ReadAction","target":["https:\/\/vitablanca.ma\/produit\/natures-plus-super-vitamine-c-complexe-de-bioflavonoides-bio-180-comprimes\/"]}]},{"@type":"ImageObject","inLanguage":"ar","@id":"https:\/\/vitablanca.ma\/produit\/natures-plus-super-vitamine-c-complexe-de-bioflavonoides-bio-180-comprimes\/#primaryimage","url":"https:\/\/vitablanca.ma\/wp-content\/uploads\/2025\/09\/natures-plus-super-vitamine-c-complexe-de-bioflavonoides-bio-180-comprimes.jpg","contentUrl":"https:\/\/vitablanca.ma\/wp-content\/uploads\/2025\/09\/natures-plus-super-vitamine-c-complexe-de-bioflavonoides-bio-180-comprimes.jpg","width":680,"height":680},{"@type":"BreadcrumbList","@id":"https:\/\/vitablanca.ma\/produit\/natures-plus-super-vitamine-c-complexe-de-bioflavonoides-bio-180-comprimes\/#breadcrumb","itemListElement":[{"@type":"ListItem","position":1,"name":"Home","item":"https:\/\/vitablanca.ma\/"},{"@type":"ListItem","position":2,"name":"Tous Les Produits","item":"https:\/\/vitablanca.ma\/tous-les-produits\/"},{"@type":"ListItem","position":3,"name":"Nature&#8217;S Plus Super Vitamine C Complexe de Bioflavono\u00efdes Bio, 180 Comprim\u00e9s"}]},{"@type":"WebSite","@id":"https:\/\/vitablanca.ma\/#website","url":"https:\/\/vitablanca.ma\/","name":"VitaBlanca.ma | \u0627\u0644\u0645\u0643\u0645\u0644\u0627\u062a \u0627\u0644\u063a\u0630\u0627\u0626\u064a\u0629\u060c \u0627\u0644\u0635\u062d\u0629 \u0648\u0627\u0644\u062c\u0645\u0627\u0644 \u0641\u064a \u0627\u0644\u0645\u063a\u0631\u0628","description":"\u0646\u0628\u064a\u0639 \u0641\u064a\u062a\u0627\u0645\u064a\u0646\u0627\u062a \u0648\u0645\u0643\u0645\u0644\u0627\u062a \u063a\u0630\u0627\u0626\u064a\u0629 \u0641\u0627\u062e\u0631\u0629 \u0645\u0646 \u0627\u0644\u0648\u0644\u0627\u064a\u0627\u062a \u0627\u0644\u0645\u062a\u062d\u062f\u0629 \u0627\u0644\u0623\u0645\u0631\u064a\u0643\u064a\u0629 \u0648\u0643\u0646\u062f\u0627 \u0648\u0646\u064a\u0648\u0632\u064a\u0644\u0646\u062f\u0627 \u0648\u0627\u0644\u0645\u063a\u0631\u0628 (\u0646\u0627\u0648 \u0641\u0648\u062f\u0632\u060c \u0633\u0648\u0644\u062c\u0627\u0631\u060c \u0645\u0627\u0646\u0648\u0643\u0627). \u062a\u0648\u0635\u064a\u0644 \u0633\u0631\u064a\u0639 \u0625\u0644\u0649 \u062c\u0645\u064a\u0639 \u0623\u0646\u062d\u0627\u0621 \u0627\u0644\u0645\u063a\u0631\u0628.","publisher":{"@id":"https:\/\/vitablanca.ma\/#organization"},"alternateName":"VitaBlanca.ma","potentialAction":[{"@type":"SearchAction","target":{"@type":"EntryPoint","urlTemplate":"https:\/\/vitablanca.ma\/?s={search_term_string}"},"query-input":{"@type":"PropertyValueSpecification","valueRequired":true,"valueName":"search_term_string"}}],"inLanguage":"ar"},{"@type":"Organization","@id":"https:\/\/vitablanca.ma\/#organization","name":"\u0641\u064a\u062a\u0627\u0628\u0644\u0627\u0646\u0643\u0627","url":"https:\/\/vitablanca.ma\/","logo":{"@type":"ImageObject","inLanguage":"ar","@id":"https:\/\/vitablanca.ma\/#\/schema\/logo\/image\/","url":"https:\/\/vitablanca.ma\/wp-content\/uploads\/2025\/05\/cropped-vitablanca.png","contentUrl":"https:\/\/vitablanca.ma\/wp-content\/uploads\/2025\/05\/cropped-vitablanca.png","width":360,"height":67,"caption":"VitaBlanca"},"image":{"@id":"https:\/\/vitablanca.ma\/#\/schema\/logo\/image\/"},"sameAs":["https:\/\/www.facebook.com\/profile.php?id=61576678196717","https:\/\/www.tiktok.com\/@vitablanca.ma","https:\/\/www.instagram.com\/vitablanca.ma\/"]}]}},"jetpack_sharing_enabled":true,"_links":{"self":[{"href":"https:\/\/vitablanca.ma\/ar\/wp-json\/wp\/v2\/product\/25316","targetHints":{"allow":["GET"]}}],"collection":[{"href":"https:\/\/vitablanca.ma\/ar\/wp-json\/wp\/v2\/product"}],"about":[{"href":"https:\/\/vitablanca.ma\/ar\/wp-json\/wp\/v2\/types\/product"}],"wp:featuredmedia":[{"embeddable":true,"href":"https:\/\/vitablanca.ma\/ar\/wp-json\/wp\/v2\/media\/25351"}],"wp:attachment":[{"href":"https:\/\/vitablanca.ma\/ar\/wp-json\/wp\/v2\/media?parent=25316"}],"wp:term":[{"taxonomy":"product_brand","embeddable":true,"href":"https:\/\/vitablanca.ma\/ar\/wp-json\/wp\/v2\/product_brand?post=25316"},{"taxonomy":"product_cat","embeddable":true,"href":"https:\/\/vitablanca.ma\/ar\/wp-json\/wp\/v2\/product_cat?post=25316"},{"taxonomy":"product_tag","embeddable":true,"href":"https:\/\/vitablanca.ma\/ar\/wp-json\/wp\/v2\/product_tag?post=25316"}],"curies":[{"name":"wp","href":"https:\/\/api.w.org\/{rel}","templated":true}]}}