{"id":25006,"date":"2025-08-20T00:35:35","date_gmt":"2025-08-20T00:35:35","guid":{"rendered":"https:\/\/vitablanca.ma\/?post_type=product&#038;p=25006"},"modified":"2026-04-03T00:44:59","modified_gmt":"2026-04-03T00:44:59","slug":"nordic-naturals-omega-3d-citron-60-capsules-a-enveloppe-molle-maroc","status":"publish","type":"product","link":"https:\/\/vitablanca.ma\/ar\/product-2\/nordic-naturals-omega-3d-citron-60-capsules-a-enveloppe-molle-maroc\/","title":{"rendered":"\u0623\u0648\u0645\u064a\u063a\u0627 3 \u062f\u064a \u0644\u064a\u0645\u0648\u0646 \u0645\u0646 \u0646\u0648\u0631\u062f\u064a\u0643 \u0646\u0627\u062a\u0634\u0648\u0631\u0627\u0644\u0632 - 60 \u0643\u0628\u0633\u0648\u0644\u0629 \u0647\u0644\u0627\u0645\u064a\u0629"},"content":{"rendered":"<p>Le compl\u00e9ment Omega-D3\u2122 de Nordic Naturals offre 690\u00a0mg d&rsquo;om\u00e9ga-3 plus 1000\u00a0UI (25\u00a0\u00b5g) de vitamine\u00a0D3 par portion. Les om\u00e9ga-3D offrent un soutien combin\u00e9 pour le bon fonctionnement du c\u0153ur, du cerveau et des os, ainsi que pour r\u00e9guler l&rsquo;humeur et booster l&rsquo;immunit\u00e9.<\/p>\r\n\r\n\r\n\r\n<p>Chez Nordic\u00a0Naturals, nous fabriquons toutes nos huiles de poisson \u00e0 partir de poisson sauvage frais afin de fournir des om\u00e9ga-3 sous forme de triglyc\u00e9rides pour produire de meilleurs r\u00e9sultats. Certifi\u00e9es durables et surpassant toujours les normes de puret\u00e9 les plus strictes, nos huiles de poisson prim\u00e9es traduisent notre engagement envers la sant\u00e9 des personnes et nos oc\u00e9ans.<\/p>\r\n\r\n\r\n\r\n<p><strong>La promesse nordique<\/strong><\/p>\r\n\r\n\r\n\r\n<p>Une qualit\u00e9 sup\u00e9rieure\u00a0: de l&rsquo;approvisionnement en ingr\u00e9dients \u00e0 la cr\u00e9ation de produits en passant par l&rsquo;exp\u00e9dition et le service client, c&rsquo;est gr\u00e2ce \u00e0 une qualit\u00e9 sup\u00e9rieure que nous sommes en mesure de fournir constamment les meilleurs nutriments essentiels.<\/p>\r\n\r\n\r\n\r\n<p>Conception int\u00e8gre\u00a0: s&rsquo;appuyant sur la science, nos produits sont formul\u00e9s avec soin et sont issus de sources responsables pour favoriser la sant\u00e9 et la tranquillit\u00e9 d&rsquo;esprit de votre famille.<\/p>\r\n\r\n\r\n\r\n<p>\u2021Sur la base des donn\u00e9es de ventes annuelles de ClearCut, Nielsen et SPINS aux \u00c9tats-Unis.<\/p>\r\n\r\n\r\n\r\n<h3 class=\"wp-block-heading\"><strong>\u0627\u0644\u0627\u0633\u062a\u062e\u062f\u0627\u0645 \u0627\u0644\u0645\u0642\u062a\u0631\u062d<\/strong><\/h3>\r\n\r\n\r\n\r\n<p>Prenez deux\u00a0capsules \u00e0 enveloppe molle par jour au moment du repas, ou suivez les recommandations d&rsquo;un professionnel de la sant\u00e9.<\/p>\r\n\r\n\r\n\r\n<h3 class=\"wp-block-heading\"><strong>\u0627\u0644\u0645\u0643\u0648\u0646\u0627\u062a \u0627\u0644\u0623\u062e\u0631\u0649<\/strong><\/h3>\r\n\r\n\r\n\r\n<p>Huile de poisson d&rsquo;eau profonde purifi\u00e9e (issue d&rsquo;anchois et de sardines), capsule \u00e0 enveloppe molle (g\u00e9latine, glyc\u00e9rol, eau, ar\u00f4me naturel), ar\u00f4me naturel, rrr-alpha tocoph\u00e9rol (antioxydant), vitamine\u00a0D3 (huile d&rsquo;olive, chol\u00e9calcif\u00e9rol), extrait de romarin (conservateur naturel).<\/p>\r\n\r\n\r\n\r\n<p>Sans gluten, d\u00e9riv\u00e9s de lait, ni colorants ou ar\u00f4mes artificiels.<\/p>\r\n\r\n\r\n\r\n<p>\u0644\u0627 \u064a\u062d\u062a\u0648\u064a \u0647\u0630\u0627 \u0627\u0644\u0645\u0646\u062a\u062c \u0639\u0644\u0649 \u0623\u064a \u0628\u0631\u0648\u062a\u064a\u0646\u0627\u062a \u0623\u0648 \u062c\u064a\u0646\u0627\u062a \u0645\u0639\u062f\u0644\u0629 \u0648\u0631\u0627\u062b\u064a\u064b\u0627.\u00a0<\/p>\r\n\r\n\r\n\r\n<h3 class=\"wp-block-heading\"><strong>\u062a\u062d\u0630\u064a\u0631\u0627\u062a<\/strong><\/h3>\r\n\r\n\r\n\r\n<p>Conserver dans un endroit frais et sec, \u00e0 l&rsquo;abri de la lumi\u00e8re du soleil. Ne pas utiliser si l&rsquo;opercule de protection est perc\u00e9 ou manquant. Tenir hors de port\u00e9e des enfants.<\/p>\r\n\r\n\r\n\r\n<p>Consultez votre m\u00e9decin avant d&rsquo;utiliser ce produit si vous pr\u00e9sentez une affection m\u00e9dicale connue, si vous prenez des m\u00e9dicaments (y compris des anticoagulants) ou si vous \u00eates allergique \u00e0 l&rsquo;iode.<\/p>","protected":false},"excerpt":{"rendered":"<ul>\n<li>Marque n\u00b0\u00a01 d&rsquo;huile de poisson aux \u00c9tats-Unis\u2021<\/li>\n<li>690\u00a0mg d&rsquo;om\u00e9ga-3<\/li>\n<li>1000\u00a0UI de vitamine\u00a0D3<\/li>\n<li>\u0645\u0643\u0645\u0644 \u063a\u0630\u0627\u0626\u064a \u0642\u0627\u0626\u0645 \u0639\u0644\u0649 \u0632\u064a\u062a \u0627\u0644\u0633\u0645\u0643<\/li>\n<li>\u0645\u0639 \u0637\u0639\u0645 \u0627\u0644\u0644\u064a\u0645\u0648\u0646 \u0627\u0644\u062c\u064a\u062f<\/li>\n<li>\u0627\u0645\u062a\u0635\u0627\u0635 \u0641\u0627\u0626\u0642<\/li>\n<li>\u0644\u0627 \u064a\u0648\u062c\u062f \u0637\u0639\u0645 \u0633\u0645\u0643\u064a<\/li>\n<li>Puret\u00e9 test\u00e9e par un organisme tiers<\/li>\n<li>\u0645\u0646\u062a\u062c \u0645\u0639\u062a\u0645\u062f \u0628\u0623\u0646\u0647 \u062e\u0627\u0644\u064d \u0645\u0646 \u0627\u0644\u0643\u0627\u0626\u0646\u0627\u062a \u0627\u0644\u0645\u0639\u062f\u0644\u0629 \u0648\u0631\u0627\u062b\u064a\u064b\u0627 \u0645\u0646 \u0642\u0628\u0644 IGEN<\/li>\n<li>Produit certifi\u00e9 ressource durable par Friend\u00a0of\u00a0the\u00a0Sea<\/li>\n<\/ul>\n<p>Pour le soutien cardiaque et cognitif, + vitamine\u00a0D3 pour la sant\u00e9 des os et l&rsquo;immunit\u00e9.<\/p>","protected":false},"featured_media":25007,"template":"","meta":{"om_disable_all_campaigns":false},"product_brand":[17],"product_cat":[18,3366,22,175,19],"product_tag":[3353,23,38,3413,3352,33],"class_list":{"0":"post-25006","1":"product","2":"type-product","3":"status-publish","4":"has-post-thumbnail","6":"product_brand-nordic-naturals-maroc","7":"product_cat-beaute-sante","8":"product_cat-complements-alimentaires-au-maroc-vitablanca","9":"product_cat-huiles-omega","10":"product_cat-omega-3","11":"product_cat-vitamines-supplements-dietetiques","12":"product_tag-huile-de-poisson-vitamine-d","13":"product_tag-nordic-naturals","14":"product_tag-nordic-naturals-maroc","15":"product_tag-nordic-naturals-morocco","16":"product_tag-nordic-naturals-omega-3d","17":"product_tag-omega-3-maroc","19":"first","20":"instock","21":"sale","22":"taxable","23":"shipping-taxable","24":"purchasable","25":"product-type-simple"},"yoast_head":"<!-- This site is optimized with the Yoast SEO plugin v27.4 - https:\/\/yoast.com\/product\/yoast-seo-wordpress\/ -->\n<title>Nordic Naturals Om\u00e9ga-3D Citron 60 capsules - Maroc Prix<\/title>\n<meta name=\"description\" content=\"Om\u00e9ga-3D de Nordic Naturals associe des om\u00e9ga-3 purs d\u2019huile de poisson avec de la vitamine D3, pour soutenir la sant\u00e9 du c\u0153ur, du cerveau et des os.\" \/>\n<meta name=\"robots\" content=\"index, follow, max-snippet:-1, max-image-preview:large, max-video-preview:-1\" \/>\n<link rel=\"canonical\" href=\"https:\/\/vitablanca.ma\/ar\/product-2\/nordic-naturals-omega-3d-citron-60-capsules-a-enveloppe-molle-maroc\/\" \/>\n<meta property=\"og:locale\" content=\"ar_AR\" \/>\n<meta property=\"og:type\" content=\"article\" \/>\n<meta property=\"og:title\" content=\"Nordic Naturals Om\u00e9ga-3D Citron 60 capsules - Maroc Prix\" \/>\n<meta property=\"og:description\" content=\"Om\u00e9ga-3D de Nordic Naturals associe des om\u00e9ga-3 purs d\u2019huile de poisson avec de la vitamine D3, pour soutenir la sant\u00e9 du c\u0153ur, du cerveau et des os.\" \/>\n<meta property=\"og:url\" content=\"https:\/\/vitablanca.ma\/ar\/product-2\/nordic-naturals-omega-3d-citron-60-capsules-a-enveloppe-molle-maroc\/\" \/>\n<meta property=\"og:site_name\" content=\"Vitablanca.ma &ndash; Sant&eacute;, vitalit&eacute; et bien-&ecirc;tre pour tous les Marocains\" \/>\n<meta property=\"article:publisher\" content=\"https:\/\/www.facebook.com\/profile.php?id=61576678196717\" \/>\n<meta property=\"article:modified_time\" content=\"2026-04-03T00:44:59+00:00\" \/>\n<meta property=\"og:image\" content=\"https:\/\/vitablanca.ma\/wp-content\/uploads\/2025\/08\/nordic-naturals-omega-3d-citron-60-capsules-a-enveloppe-molle.jpg\" \/>\n\t<meta property=\"og:image:width\" content=\"680\" \/>\n\t<meta property=\"og:image:height\" content=\"680\" \/>\n\t<meta property=\"og:image:type\" content=\"image\/jpeg\" \/>\n<meta name=\"twitter:card\" content=\"summary_large_image\" \/>\n<meta name=\"twitter:label1\" content=\"\u0648\u0642\u062a \u0627\u0644\u0642\u0631\u0627\u0621\u0629 \u0627\u0644\u0645\u064f\u0642\u062f\u0651\u0631\" \/>\n\t<meta name=\"twitter:data1\" content=\"\u062f\u0642\u064a\u0642\u062a\u0627\u0646\" \/>\n<script type=\"application\/ld+json\" class=\"yoast-schema-graph\">{\"@context\":\"https:\\\/\\\/schema.org\",\"@graph\":[{\"@type\":[\"WebPage\",\"ItemPage\"],\"@id\":\"https:\\\/\\\/vitablanca.ma\\\/produit\\\/nordic-naturals-omega-3d-citron-60-capsules-a-enveloppe-molle-maroc\\\/\",\"url\":\"https:\\\/\\\/vitablanca.ma\\\/produit\\\/nordic-naturals-omega-3d-citron-60-capsules-a-enveloppe-molle-maroc\\\/\",\"name\":\"Nordic Naturals Om\u00e9ga-3D Citron 60 capsules - Maroc Prix\",\"isPartOf\":{\"@id\":\"https:\\\/\\\/vitablanca.ma\\\/#website\"},\"primaryImageOfPage\":{\"@id\":\"https:\\\/\\\/vitablanca.ma\\\/produit\\\/nordic-naturals-omega-3d-citron-60-capsules-a-enveloppe-molle-maroc\\\/#primaryimage\"},\"image\":{\"@id\":\"https:\\\/\\\/vitablanca.ma\\\/produit\\\/nordic-naturals-omega-3d-citron-60-capsules-a-enveloppe-molle-maroc\\\/#primaryimage\"},\"thumbnailUrl\":\"https:\\\/\\\/vitablanca.ma\\\/wp-content\\\/uploads\\\/2025\\\/08\\\/nordic-naturals-omega-3d-citron-60-capsules-a-enveloppe-molle.jpg\",\"datePublished\":\"2025-08-20T00:35:35+00:00\",\"dateModified\":\"2026-04-03T00:44:59+00:00\",\"description\":\"Om\u00e9ga-3D de Nordic Naturals associe des om\u00e9ga-3 purs d\u2019huile de poisson avec de la vitamine D3, pour soutenir la sant\u00e9 du c\u0153ur, du cerveau et des os.\",\"breadcrumb\":{\"@id\":\"https:\\\/\\\/vitablanca.ma\\\/produit\\\/nordic-naturals-omega-3d-citron-60-capsules-a-enveloppe-molle-maroc\\\/#breadcrumb\"},\"inLanguage\":\"ar\",\"potentialAction\":[{\"@type\":\"ReadAction\",\"target\":[\"https:\\\/\\\/vitablanca.ma\\\/produit\\\/nordic-naturals-omega-3d-citron-60-capsules-a-enveloppe-molle-maroc\\\/\"]}]},{\"@type\":\"ImageObject\",\"inLanguage\":\"ar\",\"@id\":\"https:\\\/\\\/vitablanca.ma\\\/produit\\\/nordic-naturals-omega-3d-citron-60-capsules-a-enveloppe-molle-maroc\\\/#primaryimage\",\"url\":\"https:\\\/\\\/vitablanca.ma\\\/wp-content\\\/uploads\\\/2025\\\/08\\\/nordic-naturals-omega-3d-citron-60-capsules-a-enveloppe-molle.jpg\",\"contentUrl\":\"https:\\\/\\\/vitablanca.ma\\\/wp-content\\\/uploads\\\/2025\\\/08\\\/nordic-naturals-omega-3d-citron-60-capsules-a-enveloppe-molle.jpg\",\"width\":680,\"height\":680},{\"@type\":\"BreadcrumbList\",\"@id\":\"https:\\\/\\\/vitablanca.ma\\\/produit\\\/nordic-naturals-omega-3d-citron-60-capsules-a-enveloppe-molle-maroc\\\/#breadcrumb\",\"itemListElement\":[{\"@type\":\"ListItem\",\"position\":1,\"name\":\"Home\",\"item\":\"https:\\\/\\\/vitablanca.ma\\\/\"},{\"@type\":\"ListItem\",\"position\":2,\"name\":\"Tous Les Produits\",\"item\":\"https:\\\/\\\/vitablanca.ma\\\/tous-les-produits\\\/\"},{\"@type\":\"ListItem\",\"position\":3,\"name\":\"Nordic Naturals Om\u00e9ga-3D Citron 60 capsules \u00e0 enveloppe molle\"}]},{\"@type\":\"WebSite\",\"@id\":\"https:\\\/\\\/vitablanca.ma\\\/#website\",\"url\":\"https:\\\/\\\/vitablanca.ma\\\/\",\"name\":\"VitaBlanca.ma | Compl\u00e9ments alimentaires, sant\u00e9 & beaut\u00e9 au Maroc\",\"description\":\"vendre vitamines et compl\u00e9ments premium des USA &amp; Canada, Nouvelle Z\u00e9lande,Maroc (NOW Foods, Solgar, Manuka). Livraison rapide partout au Maroc.\",\"publisher\":{\"@id\":\"https:\\\/\\\/vitablanca.ma\\\/#organization\"},\"alternateName\":\"VitaBlanca.ma\",\"potentialAction\":[{\"@type\":\"SearchAction\",\"target\":{\"@type\":\"EntryPoint\",\"urlTemplate\":\"https:\\\/\\\/vitablanca.ma\\\/?s={search_term_string}\"},\"query-input\":{\"@type\":\"PropertyValueSpecification\",\"valueRequired\":true,\"valueName\":\"search_term_string\"}}],\"inLanguage\":\"ar\"},{\"@type\":\"Organization\",\"@id\":\"https:\\\/\\\/vitablanca.ma\\\/#organization\",\"name\":\"VitaBlanca\",\"url\":\"https:\\\/\\\/vitablanca.ma\\\/\",\"logo\":{\"@type\":\"ImageObject\",\"inLanguage\":\"ar\",\"@id\":\"https:\\\/\\\/vitablanca.ma\\\/#\\\/schema\\\/logo\\\/image\\\/\",\"url\":\"https:\\\/\\\/vitablanca.ma\\\/wp-content\\\/uploads\\\/2025\\\/05\\\/cropped-vitablanca.png\",\"contentUrl\":\"https:\\\/\\\/vitablanca.ma\\\/wp-content\\\/uploads\\\/2025\\\/05\\\/cropped-vitablanca.png\",\"width\":360,\"height\":67,\"caption\":\"VitaBlanca\"},\"image\":{\"@id\":\"https:\\\/\\\/vitablanca.ma\\\/#\\\/schema\\\/logo\\\/image\\\/\"},\"sameAs\":[\"https:\\\/\\\/www.facebook.com\\\/profile.php?id=61576678196717\",\"https:\\\/\\\/www.tiktok.com\\\/@vitablanca.ma\",\"https:\\\/\\\/www.instagram.com\\\/vitablanca.ma\\\/\"]}]}<\/script>\n<!-- \/ Yoast SEO plugin. -->","yoast_head_json":{"title":"Nordic Naturals Om\u00e9ga-3D Citron 60 capsules - Maroc Prix","description":"Om\u00e9ga-3D de Nordic Naturals associe des om\u00e9ga-3 purs d\u2019huile de poisson avec de la vitamine D3, pour soutenir la sant\u00e9 du c\u0153ur, du cerveau et des os.","robots":{"index":"index","follow":"follow","max-snippet":"max-snippet:-1","max-image-preview":"max-image-preview:large","max-video-preview":"max-video-preview:-1"},"canonical":"https:\/\/vitablanca.ma\/ar\/product-2\/nordic-naturals-omega-3d-citron-60-capsules-a-enveloppe-molle-maroc\/","og_locale":"ar_AR","og_type":"article","og_title":"Nordic Naturals Om\u00e9ga-3D Citron 60 capsules - Maroc Prix","og_description":"Om\u00e9ga-3D de Nordic Naturals associe des om\u00e9ga-3 purs d\u2019huile de poisson avec de la vitamine D3, pour soutenir la sant\u00e9 du c\u0153ur, du cerveau et des os.","og_url":"https:\/\/vitablanca.ma\/ar\/product-2\/nordic-naturals-omega-3d-citron-60-capsules-a-enveloppe-molle-maroc\/","og_site_name":"Vitablanca.ma &ndash; Sant&eacute;, vitalit&eacute; et bien-&ecirc;tre pour tous les Marocains","article_publisher":"https:\/\/www.facebook.com\/profile.php?id=61576678196717","article_modified_time":"2026-04-03T00:44:59+00:00","og_image":[{"width":680,"height":680,"url":"https:\/\/vitablanca.ma\/wp-content\/uploads\/2025\/08\/nordic-naturals-omega-3d-citron-60-capsules-a-enveloppe-molle.jpg","type":"image\/jpeg"}],"twitter_card":"summary_large_image","twitter_misc":{"\u0648\u0642\u062a \u0627\u0644\u0642\u0631\u0627\u0621\u0629 \u0627\u0644\u0645\u064f\u0642\u062f\u0651\u0631":"\u062f\u0642\u064a\u0642\u062a\u0627\u0646"},"schema":{"@context":"https:\/\/schema.org","@graph":[{"@type":["WebPage","ItemPage"],"@id":"https:\/\/vitablanca.ma\/produit\/nordic-naturals-omega-3d-citron-60-capsules-a-enveloppe-molle-maroc\/","url":"https:\/\/vitablanca.ma\/produit\/nordic-naturals-omega-3d-citron-60-capsules-a-enveloppe-molle-maroc\/","name":"Nordic Naturals Om\u00e9ga-3D Citron 60 capsules - Maroc Prix","isPartOf":{"@id":"https:\/\/vitablanca.ma\/#website"},"primaryImageOfPage":{"@id":"https:\/\/vitablanca.ma\/produit\/nordic-naturals-omega-3d-citron-60-capsules-a-enveloppe-molle-maroc\/#primaryimage"},"image":{"@id":"https:\/\/vitablanca.ma\/produit\/nordic-naturals-omega-3d-citron-60-capsules-a-enveloppe-molle-maroc\/#primaryimage"},"thumbnailUrl":"https:\/\/vitablanca.ma\/wp-content\/uploads\/2025\/08\/nordic-naturals-omega-3d-citron-60-capsules-a-enveloppe-molle.jpg","datePublished":"2025-08-20T00:35:35+00:00","dateModified":"2026-04-03T00:44:59+00:00","description":"Om\u00e9ga-3D de Nordic Naturals associe des om\u00e9ga-3 purs d\u2019huile de poisson avec de la vitamine D3, pour soutenir la sant\u00e9 du c\u0153ur, du cerveau et des os.","breadcrumb":{"@id":"https:\/\/vitablanca.ma\/produit\/nordic-naturals-omega-3d-citron-60-capsules-a-enveloppe-molle-maroc\/#breadcrumb"},"inLanguage":"ar","potentialAction":[{"@type":"ReadAction","target":["https:\/\/vitablanca.ma\/produit\/nordic-naturals-omega-3d-citron-60-capsules-a-enveloppe-molle-maroc\/"]}]},{"@type":"ImageObject","inLanguage":"ar","@id":"https:\/\/vitablanca.ma\/produit\/nordic-naturals-omega-3d-citron-60-capsules-a-enveloppe-molle-maroc\/#primaryimage","url":"https:\/\/vitablanca.ma\/wp-content\/uploads\/2025\/08\/nordic-naturals-omega-3d-citron-60-capsules-a-enveloppe-molle.jpg","contentUrl":"https:\/\/vitablanca.ma\/wp-content\/uploads\/2025\/08\/nordic-naturals-omega-3d-citron-60-capsules-a-enveloppe-molle.jpg","width":680,"height":680},{"@type":"BreadcrumbList","@id":"https:\/\/vitablanca.ma\/produit\/nordic-naturals-omega-3d-citron-60-capsules-a-enveloppe-molle-maroc\/#breadcrumb","itemListElement":[{"@type":"ListItem","position":1,"name":"Home","item":"https:\/\/vitablanca.ma\/"},{"@type":"ListItem","position":2,"name":"Tous Les Produits","item":"https:\/\/vitablanca.ma\/tous-les-produits\/"},{"@type":"ListItem","position":3,"name":"Nordic Naturals Om\u00e9ga-3D Citron 60 capsules \u00e0 enveloppe molle"}]},{"@type":"WebSite","@id":"https:\/\/vitablanca.ma\/#website","url":"https:\/\/vitablanca.ma\/","name":"VitaBlanca.ma | \u0627\u0644\u0645\u0643\u0645\u0644\u0627\u062a \u0627\u0644\u063a\u0630\u0627\u0626\u064a\u0629\u060c \u0627\u0644\u0635\u062d\u0629 \u0648\u0627\u0644\u062c\u0645\u0627\u0644 \u0641\u064a \u0627\u0644\u0645\u063a\u0631\u0628","description":"\u0646\u0628\u064a\u0639 \u0641\u064a\u062a\u0627\u0645\u064a\u0646\u0627\u062a \u0648\u0645\u0643\u0645\u0644\u0627\u062a \u063a\u0630\u0627\u0626\u064a\u0629 \u0641\u0627\u062e\u0631\u0629 \u0645\u0646 \u0627\u0644\u0648\u0644\u0627\u064a\u0627\u062a \u0627\u0644\u0645\u062a\u062d\u062f\u0629 \u0627\u0644\u0623\u0645\u0631\u064a\u0643\u064a\u0629 \u0648\u0643\u0646\u062f\u0627 \u0648\u0646\u064a\u0648\u0632\u064a\u0644\u0646\u062f\u0627 \u0648\u0627\u0644\u0645\u063a\u0631\u0628 (\u0646\u0627\u0648 \u0641\u0648\u062f\u0632\u060c \u0633\u0648\u0644\u062c\u0627\u0631\u060c \u0645\u0627\u0646\u0648\u0643\u0627). \u062a\u0648\u0635\u064a\u0644 \u0633\u0631\u064a\u0639 \u0625\u0644\u0649 \u062c\u0645\u064a\u0639 \u0623\u0646\u062d\u0627\u0621 \u0627\u0644\u0645\u063a\u0631\u0628.","publisher":{"@id":"https:\/\/vitablanca.ma\/#organization"},"alternateName":"VitaBlanca.ma","potentialAction":[{"@type":"SearchAction","target":{"@type":"EntryPoint","urlTemplate":"https:\/\/vitablanca.ma\/?s={search_term_string}"},"query-input":{"@type":"PropertyValueSpecification","valueRequired":true,"valueName":"search_term_string"}}],"inLanguage":"ar"},{"@type":"Organization","@id":"https:\/\/vitablanca.ma\/#organization","name":"\u0641\u064a\u062a\u0627\u0628\u0644\u0627\u0646\u0643\u0627","url":"https:\/\/vitablanca.ma\/","logo":{"@type":"ImageObject","inLanguage":"ar","@id":"https:\/\/vitablanca.ma\/#\/schema\/logo\/image\/","url":"https:\/\/vitablanca.ma\/wp-content\/uploads\/2025\/05\/cropped-vitablanca.png","contentUrl":"https:\/\/vitablanca.ma\/wp-content\/uploads\/2025\/05\/cropped-vitablanca.png","width":360,"height":67,"caption":"VitaBlanca"},"image":{"@id":"https:\/\/vitablanca.ma\/#\/schema\/logo\/image\/"},"sameAs":["https:\/\/www.facebook.com\/profile.php?id=61576678196717","https:\/\/www.tiktok.com\/@vitablanca.ma","https:\/\/www.instagram.com\/vitablanca.ma\/"]}]}},"jetpack_sharing_enabled":true,"_links":{"self":[{"href":"https:\/\/vitablanca.ma\/ar\/wp-json\/wp\/v2\/product\/25006","targetHints":{"allow":["GET"]}}],"collection":[{"href":"https:\/\/vitablanca.ma\/ar\/wp-json\/wp\/v2\/product"}],"about":[{"href":"https:\/\/vitablanca.ma\/ar\/wp-json\/wp\/v2\/types\/product"}],"wp:featuredmedia":[{"embeddable":true,"href":"https:\/\/vitablanca.ma\/ar\/wp-json\/wp\/v2\/media\/25007"}],"wp:attachment":[{"href":"https:\/\/vitablanca.ma\/ar\/wp-json\/wp\/v2\/media?parent=25006"}],"wp:term":[{"taxonomy":"product_brand","embeddable":true,"href":"https:\/\/vitablanca.ma\/ar\/wp-json\/wp\/v2\/product_brand?post=25006"},{"taxonomy":"product_cat","embeddable":true,"href":"https:\/\/vitablanca.ma\/ar\/wp-json\/wp\/v2\/product_cat?post=25006"},{"taxonomy":"product_tag","embeddable":true,"href":"https:\/\/vitablanca.ma\/ar\/wp-json\/wp\/v2\/product_tag?post=25006"}],"curies":[{"name":"wp","href":"https:\/\/api.w.org\/{rel}","templated":true}]}}