{"id":24993,"date":"2025-08-19T21:18:52","date_gmt":"2025-08-19T21:18:52","guid":{"rendered":"https:\/\/vitablanca.ma\/?post_type=product&#038;p=24993"},"modified":"2025-08-30T20:55:29","modified_gmt":"2025-08-30T20:55:29","slug":"fairhaven-health-ovaboost-pour-femmes-120-capsules","status":"publish","type":"product","link":"https:\/\/vitablanca.ma\/ar\/product-2\/fairhaven-health-ovaboost-pour-femmes-120-capsules\/","title":{"rendered":"\u0641\u064a\u0631\u0647\u0627\u0641\u0646 \u0647\u064a\u0644\u062b \u0623\u0648\u0641\u0627 \u0628\u0648\u0633\u062a \u0644\u0644\u0646\u0633\u0627\u0621\u060c \u0661\u0662\u0660 \u0643\u0628\u0633\u0648\u0644\u0629"},"content":{"rendered":"<p>\u0645\u0643\u0645\u0644 \u063a\u0630\u0627\u0626\u064a \u0644\u0644\u0646\u0633\u0627\u0621 \u0627\u0644\u0623\u0635\u062d\u0627\u0621 \u0644\u062a\u0639\u0632\u064a\u0632 \u062c\u0648\u062f\u0629 \u0627\u0644\u0628\u0648\u064a\u0636\u0627\u062a \u0648\u0627\u0644\u0625\u0628\u0627\u0636\u0629 \u0627\u0644\u0635\u062d\u064a\u0629.*<\/p>\n\n\n\n<p>\u064a\u062d\u062a\u0648\u064a \u0639\u0644\u0649 \u0645\u064a\u0648-\u0625\u064a\u0646\u0648\u0632\u064a\u062a\u0648\u0644 \u0648\u062d\u0645\u0636 \u0627\u0644\u0641\u0648\u0644\u064a\u0643 \u0648\u0627\u0644\u0645\u064a\u0644\u0627\u062a\u0648\u0646\u064a\u0646.<\/p>\n\n\n\n<p>Contient un m\u00e9lange d\u2019antioxydants pour contrer l\u2019effet des toxines et du stress sur les ovules.*<\/p>\n\n\n\n<p>\u0644\u0644\u0646\u0633\u0627\u0621 \u0627\u0644\u0623\u0635\u062d\u0627\u0621 \u0627\u0644\u0644\u0627\u062a\u064a \u064a\u062d\u0627\u0648\u0644\u0646 \u0627\u0644\u062d\u0645\u0644.<\/p>\n\n\n\n<p>OvaBoost est un compl\u00e9ment alimentaire qui contient une combinaison de vitamines et d\u2019antioxydants, notamment du myo-inositol, du folate, de la m\u00e9latonin, du coenzyme Q10, de la vitamine E, de l\u2019extrait de p\u00e9pins de raisin et de l\u2019acide alpha-lipo\u00efque pour favoriser la sant\u00e9 des \u0153ufs et l\u2019ovulation.<\/p>\n\n\n\n<p>Dites-m\u2019en plus sur OvaBoost<\/p>\n\n\n\n<p>OvaBoost a une formulation unique mise en \u00e9vidence par un trio d\u2019ingr\u00e9dients \u2013 myo-inositol, acide folique (\u00e9galement appel\u00e9 folate) et m\u00e9latonin \u2013 qui sont populaires pour la sant\u00e9 reproductive.<\/p>\n\n\n\n<p>De plus, OvaBoost comprend de la coenzyme Q10 (CoQ10), qui est un antioxydant. Mais, la CoQ10 joue \u00e9galement un r\u00f4le important dans la production d\u2019\u00e9nergie au sein des ovules. Une fois la conception effectu\u00e9e, la quantit\u00e9 de division cellulaire qui se produit pour permettre \u00e0 l\u2019ovule de se d\u00e9velopper en un embryon et de s\u2019implanter avec succ\u00e8s dans la paroi de l\u2019ut\u00e9rus n\u00e9cessite une \u00e9norme quantit\u00e9 d\u2019\u00e9nergie. La CoQ10 agit dans les mitochondries (la centrale \u00e9nerg\u00e9tique de la cellule) de l\u2019ovule pour garantir que la production d\u2019\u00e9nergie est optimale.<\/p>\n\n\n\n<p>Enfin, OvaBoost contient trois ingr\u00e9dients antioxydants suppl\u00e9mentaires, de la vitamine E, de l\u2019extrait de p\u00e9pins de raisin et de l\u2019acide alpha-lipo\u00efque, pour aider \u00e0 garantir que vos ovules sont correctement prot\u00e9g\u00e9s contre les effets n\u00e9fastes des radicaux libres.<\/p>\n\n\n\n<p>\u062d\u0645\u0636 \u0627\u0644\u0641\u0648\u0644\u064a\u0643 \u0645\u0642\u0627\u0628\u0644 \u062d\u0645\u0636 \u0627\u0644\u0641\u0648\u0644\u064a\u0643 \u0627\u0644\u0627\u0635\u0637\u0646\u0627\u0639\u064a<\/p>\n\n\n\n<p>En raison du r\u00f4le fondamental que joue l\u2019acide folique dans la sant\u00e9 reproductive et le bien-\u00eatre de la grossesse, des explications suppl\u00e9mentaires sur cette vitamine cruciale sont justifi\u00e9es. Les mots folate et acide folique sont souvent utilis\u00e9s de mani\u00e8re interchangeable pour d\u00e9crire la vitamine connue sous le nom de vitamine B9. Le folate est la forme de cette vitamine qui se trouve naturellement dans les aliments \u2013 les l\u00e9gumes \u00e0 feuilles vertes fonc\u00e9es sont de bonnes sources de folate naturel. L\u2019acide folique est la forme synth\u00e9tique de la vitamine B9 que l\u2019on trouve dans les aliments enrichis et la plupart des compl\u00e9ments alimentaires. Alors que la recherche dans ce domaine est encore \u00e9mergente, de nombreux experts estiment que\u00a0 l\u2019acide folique n\u2019est pas suffisamment m\u00e9tabolis\u00e9 par certaines personnes.. Pour aider \u00e0 assurer une utilisation optimale du folate dans OvaBoost, OvaBoost contient du m\u00e9thylfolate, une forme de folate plus biodisponible que l\u2019acide folique synth\u00e9tique. Obtenez le meilleur rapport qualit\u00e9-prix lorsqu\u2019il s\u2019agit de compl\u00e9ter avec cette vitamine importante !<\/p>\n\n\n\n<p>\u0627\u0644\u0623\u0633\u0626\u0644\u0629 \u0627\u0644\u0634\u0627\u0626\u0639\u0629<\/p>\n\n\n\n<p>\u0645\u0627 \u0647\u064a \u0643\u0645\u064a\u0629 Myo-Inositol \u0627\u0644\u062a\u064a \u064a\u062d\u062a\u0648\u064a \u0639\u0644\u064a\u0647\u0627 OvaBoost\u061f<\/p>\n\n\n\n<p>\u064a\u0648\u0641\u0631 OvaBoost 2 \u062c\u0631\u0627\u0645 \u0645\u0646 \u0627\u0644\u0645\u064a\u0648-\u0625\u064a\u0646\u0648\u0632\u064a\u062a\u0648\u0644 \u0644\u0643\u0644 \u062c\u0631\u0639\u0629 \u064a\u0648\u0645\u064a\u0629.<\/p>\n\n\n\n<p>\u0645\u0646 \u064a\u062c\u0628 \u0623\u0646 \u064a\u0623\u062e\u0630 OvaBoost\u061f<\/p>\n\n\n\n<p>OvaBoost est destin\u00e9 \u00e0 soutenir la qualit\u00e9 des ovules et \u00e0 am\u00e9liorer le processus d\u2019ovulation chez les femmes en bonne sant\u00e9 qui essaient de concevoir.<\/p>\n\n\n\n<p>\u0645\u0627 \u0647\u064a \u0627\u0644\u0645\u062f\u0629 \u0627\u0644\u062a\u064a \u064a\u062c\u0628 \u0623\u0646 \u0623\u062a\u0646\u0627\u0648\u0644 \u0641\u064a\u0647\u0627 OvaBoost\u061f<\/p>\n\n\n\n<p>\u0646\u0648\u0635\u064a \u0628\u062a\u0646\u0627\u0648\u0644 OvaBoost \u0644\u0645\u062f\u0629 \u062b\u0644\u0627\u062b\u0629 \u0623\u0634\u0647\u0631 \u0639\u0644\u0649 \u0627\u0644\u0623\u0642\u0644\u060c \u0623\u0648 \u0637\u0648\u0627\u0644 \u0641\u062a\u0631\u0629 \u0645\u062d\u0627\u0648\u0644\u062a\u0643\u0650 \u0627\u0644\u0625\u0646\u062c\u0627\u0628\u064a\u0629. \u064a\u0645\u0643\u0646 \u0627\u0644\u062a\u0648\u0642\u0641 \u0639\u0646 \u062a\u0646\u0627\u0648\u0644 OvaBoost \u0628\u0639\u062f \u062a\u0623\u0643\u064a\u062f \u0627\u0644\u062d\u0645\u0644.<\/p>\n\n\n\n<p>\u0647\u0644 \u0647\u0646\u0627\u0643 \u0623\u064a \u0622\u062b\u0627\u0631 \u062c\u0627\u0646\u0628\u064a\u0629 \u0623\u0648 \u0645\u0648\u0627\u0646\u0639 \u0645\u0639\u0631\u0648\u0641\u0629\u061f<\/p>\n\n\n\n<p>OvaBoost n\u2019a pas d\u2019effets secondaires connus. Cependant, comme pour tout compl\u00e9ment alimentaire, si vous avez une condition m\u00e9dicale pr\u00e9existante, nous vous recommandons de discuter de la prise d\u2019OvaBoost avec votre m\u00e9decin. Veuillez consulter votre m\u00e9decin avant de prendre OvaBoost si on vous a prescrit un m\u00e9dicamentt contre la d\u00e9pression ou l\u2019anxi\u00e9t\u00e9, ou si vous prenez l\u2019herbe de millepertuis, car de grandes quantit\u00e9s de myo-inositol peuvent avoir des effets additifs lorsqu\u2019elles sont prises avec des m\u00e9dicaments et des herbes. class\u00e9s comme inhibiteurs s\u00e9lectifs de la recapture de la s\u00e9rotonine (ISRS) et inhibiteurs s\u00e9lectifs de la recapture de la s\u00e9rotonine et de la noradr\u00e9naline (IRSN).<\/p>\n\n\n\n<p>Je remarque qu\u2019OvaBoost contient de la m\u00e9latonin. Ce produit aura-t-il un impact sur mon rythme de sommeil typique ?<\/p>\n\n\n\n<p>La m\u00e9latonin est un puissant compos\u00e9 antioxydant qui s\u2019est av\u00e9r\u00e9 utile pour soutenir la qualit\u00e9 des \u0153ufs, en particulier lorsqu\u2019il est administr\u00e9 en combinaison avec de l\u2019acide folique et du myo-inositol. De plus, la m\u00e9latonin est un ingr\u00e9dient naturel fr\u00e9quemment recommand\u00e9 pour aider \u00e0 r\u00e9tablir des cycles de sommeil normaux chez les personnes souffrant d\u2019insomnie. OvaBoost contient une petite quantit\u00e9 de m\u00e9latonin, similaire \u00e0 la quantit\u00e9 donn\u00e9e aux femmes essayant de concevoir dans les essais cliniques examinant les avantages de cet ingr\u00e9dient naturel pour am\u00e9liorer la qualit\u00e9 des ovules. Lorsqu\u2019il est pris \u00e0 la dose recommand\u00e9e, nous ne nous attendons pas \u00e0 ce qu\u2019OvaBoost ait un impact sur votre cycle de sommeil, ni sur votre niveau d\u2019\u00e9nergie ou votre vigilance pendant la journ\u00e9e. Si vous constatez un changement, nous vous recommandons de prendre toutes les g\u00e9lules juste avant le coucher.<\/p>","protected":false},"excerpt":{"rendered":"<p data-start=\"850\" data-end=\"1009\">OvaBoost \u0647\u064a \u062a\u0631\u0643\u064a\u0628\u0629 \u0645\u062a\u0642\u062f\u0645\u0629 \u0645\u0635\u0645\u0645\u0629 \u0644\u0644\u0646\u0633\u0627\u0621 \u0627\u0644\u0644\u0648\u0627\u062a\u064a \u064a\u062a\u0637\u0644\u0639\u0646 \u0625\u0644\u0649 \u062f\u0639\u0645 \u0635\u062d\u062a\u0647\u0646 \u0627\u0644\u0625\u0646\u062c\u0627\u0628\u064a\u0629 \u0648\u062a\u062d\u0633\u064a\u0646 \u0641\u0631\u0635 \u0627\u0644\u062d\u0645\u0644.<\/p>\n<ul data-start=\"1010\" data-end=\"1219\">\n<li data-start=\"1010\" data-end=\"1079\">\n<p data-start=\"1012\" data-end=\"1079\">\u064a\u062d\u062a\u0648\u064a \u0639\u0644\u0649 \u0645\u0636\u0627\u062f\u0627\u062a \u0627\u0644\u0623\u0643\u0633\u062f\u0629 \u0627\u0644\u0642\u0648\u064a\u0629 (CoQ10\u060c \u062d\u0645\u0636 \u0623\u0644\u0641\u0627 \u0644\u064a\u0628\u0648\u064a\u0643)<\/p>\n<\/li>\n<li data-start=\"1080\" data-end=\"1139\">\n<p data-start=\"1082\" data-end=\"1139\">\u064a\u062f\u0639\u0645 \u0627\u0644\u062a\u0648\u0627\u0632\u0646 \u0627\u0644\u0647\u0631\u0645\u0648\u0646\u064a \u0648\u0627\u0646\u062a\u0638\u0627\u0645 \u0627\u0644\u062f\u0648\u0631\u0629 \u0627\u0644\u0634\u0647\u0631\u064a\u0629<\/p>\n<\/li>\n<li data-start=\"1140\" data-end=\"1166\">\n<p data-start=\"1142\" data-end=\"1166\">120 \u0643\u0628\u0633\u0648\u0644\u0629 \u0641\u064a \u0627\u0644\u0639\u0644\u0628\u0629<\/p>\n<\/li>\n<li data-start=\"1167\" data-end=\"1219\">\n<p data-start=\"1169\" data-end=\"1219\">\u0645\u0646\u0627\u0633\u0628 \u0644\u0644\u0646\u0633\u0627\u0621 \u0641\u064a \u0641\u062a\u0631\u0629 \u0645\u0627 \u0642\u0628\u0644 \u0627\u0644\u062d\u0645\u0644<\/p>\n<\/li>\n<\/ul>","protected":false},"featured_media":25003,"template":"","meta":{"om_disable_all_campaigns":false},"product_brand":[339],"product_cat":[18,3366,20,19],"product_tag":[181,3348,3350,3351],"class_list":{"0":"post-24993","1":"product","2":"type-product","3":"status-publish","4":"has-post-thumbnail","6":"product_brand-fairhaven-health","7":"product_cat-beaute-sante","8":"product_cat-complements-alimentaires-au-maroc-vitablanca","9":"product_cat-supplements","10":"product_cat-vitamines-supplements-dietetiques","11":"product_tag-complement-alimentaire","12":"product_tag-fairhaven-health","13":"product_tag-fairhaven-health-morocco","14":"product_tag-ovaboost","16":"first","17":"instock","18":"sale","19":"taxable","20":"shipping-taxable","21":"purchasable","22":"product-type-simple"},"yoast_head":"<!-- This site is optimized with the Yoast SEO plugin v27.5 - https:\/\/yoast.com\/product\/yoast-seo-wordpress\/ -->\n<title>Fairhaven Health OvaBoost pour femmes, 120 capsules - Maroc Prix<\/title>\n<meta name=\"description\" content=\"Am\u00e9liorez votre fertilit\u00e9 naturellement avec OvaBoost de Fairhaven Health. Formule antioxydante pour la sant\u00e9 ovarienne. Livraison rapide au Maroc.\" \/>\n<meta name=\"robots\" content=\"index, follow, max-snippet:-1, max-image-preview:large, max-video-preview:-1\" \/>\n<link rel=\"canonical\" href=\"https:\/\/vitablanca.ma\/ar\/product-2\/fairhaven-health-ovaboost-pour-femmes-120-capsules\/\" \/>\n<meta property=\"og:locale\" content=\"ar_AR\" \/>\n<meta property=\"og:type\" content=\"article\" \/>\n<meta property=\"og:title\" content=\"Fairhaven Health OvaBoost pour femmes, 120 capsules - Maroc Prix\" \/>\n<meta property=\"og:description\" content=\"Am\u00e9liorez votre fertilit\u00e9 naturellement avec OvaBoost de Fairhaven Health. Formule antioxydante pour la sant\u00e9 ovarienne. Livraison rapide au Maroc.\" \/>\n<meta property=\"og:url\" content=\"https:\/\/vitablanca.ma\/ar\/product-2\/fairhaven-health-ovaboost-pour-femmes-120-capsules\/\" \/>\n<meta property=\"og:site_name\" content=\"Vitablanca.ma &ndash; Sant&eacute;, vitalit&eacute; et bien-&ecirc;tre pour tous les Marocains\" \/>\n<meta property=\"article:publisher\" content=\"https:\/\/www.facebook.com\/profile.php?id=61576678196717\" \/>\n<meta property=\"article:modified_time\" content=\"2025-08-30T20:55:29+00:00\" \/>\n<meta property=\"og:image\" content=\"https:\/\/vitablanca.ma\/wp-content\/uploads\/2025\/08\/fairhaven-health-ovaboost-pour-femmes-120-capsules.webp\" \/>\n\t<meta property=\"og:image:width\" content=\"680\" \/>\n\t<meta property=\"og:image:height\" content=\"680\" \/>\n\t<meta property=\"og:image:type\" content=\"image\/webp\" \/>\n<meta name=\"twitter:card\" content=\"summary_large_image\" \/>\n<meta name=\"twitter:label1\" content=\"\u0648\u0642\u062a \u0627\u0644\u0642\u0631\u0627\u0621\u0629 \u0627\u0644\u0645\u064f\u0642\u062f\u0651\u0631\" \/>\n\t<meta name=\"twitter:data1\" content=\"5 \u062f\u0642\u0627\u0626\u0642\" \/>\n<script type=\"application\/ld+json\" class=\"yoast-schema-graph\">{\"@context\":\"https:\\\/\\\/schema.org\",\"@graph\":[{\"@type\":[\"WebPage\",\"ItemPage\"],\"@id\":\"https:\\\/\\\/vitablanca.ma\\\/produit\\\/fairhaven-health-ovaboost-pour-femmes-120-capsules\\\/\",\"url\":\"https:\\\/\\\/vitablanca.ma\\\/produit\\\/fairhaven-health-ovaboost-pour-femmes-120-capsules\\\/\",\"name\":\"Fairhaven Health OvaBoost pour femmes, 120 capsules - Maroc Prix\",\"isPartOf\":{\"@id\":\"https:\\\/\\\/vitablanca.ma\\\/#website\"},\"primaryImageOfPage\":{\"@id\":\"https:\\\/\\\/vitablanca.ma\\\/produit\\\/fairhaven-health-ovaboost-pour-femmes-120-capsules\\\/#primaryimage\"},\"image\":{\"@id\":\"https:\\\/\\\/vitablanca.ma\\\/produit\\\/fairhaven-health-ovaboost-pour-femmes-120-capsules\\\/#primaryimage\"},\"thumbnailUrl\":\"https:\\\/\\\/vitablanca.ma\\\/wp-content\\\/uploads\\\/2025\\\/08\\\/fairhaven-health-ovaboost-pour-femmes-120-capsules.webp\",\"datePublished\":\"2025-08-19T21:18:52+00:00\",\"dateModified\":\"2025-08-30T20:55:29+00:00\",\"description\":\"Am\u00e9liorez votre fertilit\u00e9 naturellement avec OvaBoost de Fairhaven Health. Formule antioxydante pour la sant\u00e9 ovarienne. Livraison rapide au Maroc.\",\"breadcrumb\":{\"@id\":\"https:\\\/\\\/vitablanca.ma\\\/produit\\\/fairhaven-health-ovaboost-pour-femmes-120-capsules\\\/#breadcrumb\"},\"inLanguage\":\"ar\",\"potentialAction\":[{\"@type\":\"ReadAction\",\"target\":[\"https:\\\/\\\/vitablanca.ma\\\/produit\\\/fairhaven-health-ovaboost-pour-femmes-120-capsules\\\/\"]}]},{\"@type\":\"ImageObject\",\"inLanguage\":\"ar\",\"@id\":\"https:\\\/\\\/vitablanca.ma\\\/produit\\\/fairhaven-health-ovaboost-pour-femmes-120-capsules\\\/#primaryimage\",\"url\":\"https:\\\/\\\/vitablanca.ma\\\/wp-content\\\/uploads\\\/2025\\\/08\\\/fairhaven-health-ovaboost-pour-femmes-120-capsules.webp\",\"contentUrl\":\"https:\\\/\\\/vitablanca.ma\\\/wp-content\\\/uploads\\\/2025\\\/08\\\/fairhaven-health-ovaboost-pour-femmes-120-capsules.webp\",\"width\":680,\"height\":680,\"caption\":\"fairhaven-health-ovaboost-pour-femmes-120-capsules\"},{\"@type\":\"BreadcrumbList\",\"@id\":\"https:\\\/\\\/vitablanca.ma\\\/produit\\\/fairhaven-health-ovaboost-pour-femmes-120-capsules\\\/#breadcrumb\",\"itemListElement\":[{\"@type\":\"ListItem\",\"position\":1,\"name\":\"Home\",\"item\":\"https:\\\/\\\/vitablanca.ma\\\/\"},{\"@type\":\"ListItem\",\"position\":2,\"name\":\"Tous Les Produits\",\"item\":\"https:\\\/\\\/vitablanca.ma\\\/tous-les-produits\\\/\"},{\"@type\":\"ListItem\",\"position\":3,\"name\":\"Fairhaven Health OvaBoost pour femmes, 120 capsules\"}]},{\"@type\":\"WebSite\",\"@id\":\"https:\\\/\\\/vitablanca.ma\\\/#website\",\"url\":\"https:\\\/\\\/vitablanca.ma\\\/\",\"name\":\"VitaBlanca.ma | Compl\u00e9ments alimentaires, sant\u00e9 & beaut\u00e9 au Maroc\",\"description\":\"vendre vitamines et compl\u00e9ments premium des USA &amp; Canada, Nouvelle Z\u00e9lande,Maroc (NOW Foods, Solgar, Manuka). Livraison rapide partout au Maroc.\",\"publisher\":{\"@id\":\"https:\\\/\\\/vitablanca.ma\\\/#organization\"},\"alternateName\":\"VitaBlanca.ma\",\"potentialAction\":[{\"@type\":\"SearchAction\",\"target\":{\"@type\":\"EntryPoint\",\"urlTemplate\":\"https:\\\/\\\/vitablanca.ma\\\/?s={search_term_string}\"},\"query-input\":{\"@type\":\"PropertyValueSpecification\",\"valueRequired\":true,\"valueName\":\"search_term_string\"}}],\"inLanguage\":\"ar\"},{\"@type\":\"Organization\",\"@id\":\"https:\\\/\\\/vitablanca.ma\\\/#organization\",\"name\":\"VitaBlanca\",\"url\":\"https:\\\/\\\/vitablanca.ma\\\/\",\"logo\":{\"@type\":\"ImageObject\",\"inLanguage\":\"ar\",\"@id\":\"https:\\\/\\\/vitablanca.ma\\\/#\\\/schema\\\/logo\\\/image\\\/\",\"url\":\"https:\\\/\\\/vitablanca.ma\\\/wp-content\\\/uploads\\\/2025\\\/05\\\/cropped-vitablanca.png\",\"contentUrl\":\"https:\\\/\\\/vitablanca.ma\\\/wp-content\\\/uploads\\\/2025\\\/05\\\/cropped-vitablanca.png\",\"width\":360,\"height\":67,\"caption\":\"VitaBlanca\"},\"image\":{\"@id\":\"https:\\\/\\\/vitablanca.ma\\\/#\\\/schema\\\/logo\\\/image\\\/\"},\"sameAs\":[\"https:\\\/\\\/www.facebook.com\\\/profile.php?id=61576678196717\",\"https:\\\/\\\/www.tiktok.com\\\/@vitablanca.ma\",\"https:\\\/\\\/www.instagram.com\\\/vitablanca.ma\\\/\"]}]}<\/script>\n<!-- \/ Yoast SEO plugin. -->","yoast_head_json":{"title":"\u0641\u064a\u0631\u0647\u0627\u0641\u0646 \u0647\u064a\u0644\u062b \u0623\u0648\u0641\u0627 \u0628\u0648\u0633\u062a \u0644\u0644\u0646\u0633\u0627\u0621\u060c \u0661\u0662\u0660 \u0643\u0628\u0633\u0648\u0644\u0629 - \u0633\u0639\u0631 \u0627\u0644\u0645\u063a\u0631\u0628","description":"\u062d\u0633\u0651\u0646\u064a \u062e\u0635\u0648\u0628\u062a\u0643\u0650 \u0628\u0634\u0643\u0644 \u0637\u0628\u064a\u0639\u064a \u0645\u0639 OvaBoost \u0645\u0646 Fairhaven Health. \u062a\u0631\u0643\u064a\u0628\u0629 \u0645\u0636\u0627\u062f\u0629 \u0644\u0644\u0623\u0643\u0633\u062f\u0629 \u0644\u0635\u062d\u0629 \u0627\u0644\u0645\u0628\u0627\u064a\u0636. \u062a\u0648\u0635\u064a\u0644 \u0633\u0631\u064a\u0639 \u0625\u0644\u0649 \u0627\u0644\u0645\u063a\u0631\u0628.","robots":{"index":"index","follow":"follow","max-snippet":"max-snippet:-1","max-image-preview":"max-image-preview:large","max-video-preview":"max-video-preview:-1"},"canonical":"https:\/\/vitablanca.ma\/ar\/product-2\/fairhaven-health-ovaboost-pour-femmes-120-capsules\/","og_locale":"ar_AR","og_type":"article","og_title":"Fairhaven Health OvaBoost pour femmes, 120 capsules - Maroc Prix","og_description":"Am\u00e9liorez votre fertilit\u00e9 naturellement avec OvaBoost de Fairhaven Health. Formule antioxydante pour la sant\u00e9 ovarienne. Livraison rapide au Maroc.","og_url":"https:\/\/vitablanca.ma\/ar\/product-2\/fairhaven-health-ovaboost-pour-femmes-120-capsules\/","og_site_name":"Vitablanca.ma &ndash; Sant&eacute;, vitalit&eacute; et bien-&ecirc;tre pour tous les Marocains","article_publisher":"https:\/\/www.facebook.com\/profile.php?id=61576678196717","article_modified_time":"2025-08-30T20:55:29+00:00","og_image":[{"width":680,"height":680,"url":"https:\/\/vitablanca.ma\/wp-content\/uploads\/2025\/08\/fairhaven-health-ovaboost-pour-femmes-120-capsules.webp","type":"image\/webp"}],"twitter_card":"summary_large_image","twitter_misc":{"\u0648\u0642\u062a \u0627\u0644\u0642\u0631\u0627\u0621\u0629 \u0627\u0644\u0645\u064f\u0642\u062f\u0651\u0631":"5 \u062f\u0642\u0627\u0626\u0642"},"schema":{"@context":"https:\/\/schema.org","@graph":[{"@type":["WebPage","ItemPage"],"@id":"https:\/\/vitablanca.ma\/produit\/fairhaven-health-ovaboost-pour-femmes-120-capsules\/","url":"https:\/\/vitablanca.ma\/produit\/fairhaven-health-ovaboost-pour-femmes-120-capsules\/","name":"\u0641\u064a\u0631\u0647\u0627\u0641\u0646 \u0647\u064a\u0644\u062b \u0623\u0648\u0641\u0627 \u0628\u0648\u0633\u062a \u0644\u0644\u0646\u0633\u0627\u0621\u060c \u0661\u0662\u0660 \u0643\u0628\u0633\u0648\u0644\u0629 - \u0633\u0639\u0631 \u0627\u0644\u0645\u063a\u0631\u0628","isPartOf":{"@id":"https:\/\/vitablanca.ma\/#website"},"primaryImageOfPage":{"@id":"https:\/\/vitablanca.ma\/produit\/fairhaven-health-ovaboost-pour-femmes-120-capsules\/#primaryimage"},"image":{"@id":"https:\/\/vitablanca.ma\/produit\/fairhaven-health-ovaboost-pour-femmes-120-capsules\/#primaryimage"},"thumbnailUrl":"https:\/\/vitablanca.ma\/wp-content\/uploads\/2025\/08\/fairhaven-health-ovaboost-pour-femmes-120-capsules.webp","datePublished":"2025-08-19T21:18:52+00:00","dateModified":"2025-08-30T20:55:29+00:00","description":"\u062d\u0633\u0651\u0646\u064a \u062e\u0635\u0648\u0628\u062a\u0643\u0650 \u0628\u0634\u0643\u0644 \u0637\u0628\u064a\u0639\u064a \u0645\u0639 OvaBoost \u0645\u0646 Fairhaven Health. \u062a\u0631\u0643\u064a\u0628\u0629 \u0645\u0636\u0627\u062f\u0629 \u0644\u0644\u0623\u0643\u0633\u062f\u0629 \u0644\u0635\u062d\u0629 \u0627\u0644\u0645\u0628\u0627\u064a\u0636. \u062a\u0648\u0635\u064a\u0644 \u0633\u0631\u064a\u0639 \u0625\u0644\u0649 \u0627\u0644\u0645\u063a\u0631\u0628.","breadcrumb":{"@id":"https:\/\/vitablanca.ma\/produit\/fairhaven-health-ovaboost-pour-femmes-120-capsules\/#breadcrumb"},"inLanguage":"ar","potentialAction":[{"@type":"ReadAction","target":["https:\/\/vitablanca.ma\/produit\/fairhaven-health-ovaboost-pour-femmes-120-capsules\/"]}]},{"@type":"ImageObject","inLanguage":"ar","@id":"https:\/\/vitablanca.ma\/produit\/fairhaven-health-ovaboost-pour-femmes-120-capsules\/#primaryimage","url":"https:\/\/vitablanca.ma\/wp-content\/uploads\/2025\/08\/fairhaven-health-ovaboost-pour-femmes-120-capsules.webp","contentUrl":"https:\/\/vitablanca.ma\/wp-content\/uploads\/2025\/08\/fairhaven-health-ovaboost-pour-femmes-120-capsules.webp","width":680,"height":680,"caption":"fairhaven-health-ovaboost-pour-femmes-120-capsules"},{"@type":"BreadcrumbList","@id":"https:\/\/vitablanca.ma\/produit\/fairhaven-health-ovaboost-pour-femmes-120-capsules\/#breadcrumb","itemListElement":[{"@type":"ListItem","position":1,"name":"Home","item":"https:\/\/vitablanca.ma\/"},{"@type":"ListItem","position":2,"name":"Tous Les Produits","item":"https:\/\/vitablanca.ma\/tous-les-produits\/"},{"@type":"ListItem","position":3,"name":"Fairhaven Health OvaBoost pour femmes, 120 capsules"}]},{"@type":"WebSite","@id":"https:\/\/vitablanca.ma\/#website","url":"https:\/\/vitablanca.ma\/","name":"VitaBlanca.ma | \u0627\u0644\u0645\u0643\u0645\u0644\u0627\u062a \u0627\u0644\u063a\u0630\u0627\u0626\u064a\u0629\u060c \u0627\u0644\u0635\u062d\u0629 \u0648\u0627\u0644\u062c\u0645\u0627\u0644 \u0641\u064a \u0627\u0644\u0645\u063a\u0631\u0628","description":"\u0646\u0628\u064a\u0639 \u0641\u064a\u062a\u0627\u0645\u064a\u0646\u0627\u062a \u0648\u0645\u0643\u0645\u0644\u0627\u062a \u063a\u0630\u0627\u0626\u064a\u0629 \u0641\u0627\u062e\u0631\u0629 \u0645\u0646 \u0627\u0644\u0648\u0644\u0627\u064a\u0627\u062a \u0627\u0644\u0645\u062a\u062d\u062f\u0629 \u0627\u0644\u0623\u0645\u0631\u064a\u0643\u064a\u0629 \u0648\u0643\u0646\u062f\u0627 \u0648\u0646\u064a\u0648\u0632\u064a\u0644\u0646\u062f\u0627 \u0648\u0627\u0644\u0645\u063a\u0631\u0628 (\u0646\u0627\u0648 \u0641\u0648\u062f\u0632\u060c \u0633\u0648\u0644\u062c\u0627\u0631\u060c \u0645\u0627\u0646\u0648\u0643\u0627). \u062a\u0648\u0635\u064a\u0644 \u0633\u0631\u064a\u0639 \u0625\u0644\u0649 \u062c\u0645\u064a\u0639 \u0623\u0646\u062d\u0627\u0621 \u0627\u0644\u0645\u063a\u0631\u0628.","publisher":{"@id":"https:\/\/vitablanca.ma\/#organization"},"alternateName":"VitaBlanca.ma","potentialAction":[{"@type":"SearchAction","target":{"@type":"EntryPoint","urlTemplate":"https:\/\/vitablanca.ma\/?s={search_term_string}"},"query-input":{"@type":"PropertyValueSpecification","valueRequired":true,"valueName":"search_term_string"}}],"inLanguage":"ar"},{"@type":"Organization","@id":"https:\/\/vitablanca.ma\/#organization","name":"\u0641\u064a\u062a\u0627\u0628\u0644\u0627\u0646\u0643\u0627","url":"https:\/\/vitablanca.ma\/","logo":{"@type":"ImageObject","inLanguage":"ar","@id":"https:\/\/vitablanca.ma\/#\/schema\/logo\/image\/","url":"https:\/\/vitablanca.ma\/wp-content\/uploads\/2025\/05\/cropped-vitablanca.png","contentUrl":"https:\/\/vitablanca.ma\/wp-content\/uploads\/2025\/05\/cropped-vitablanca.png","width":360,"height":67,"caption":"VitaBlanca"},"image":{"@id":"https:\/\/vitablanca.ma\/#\/schema\/logo\/image\/"},"sameAs":["https:\/\/www.facebook.com\/profile.php?id=61576678196717","https:\/\/www.tiktok.com\/@vitablanca.ma","https:\/\/www.instagram.com\/vitablanca.ma\/"]}]}},"jetpack_sharing_enabled":true,"_links":{"self":[{"href":"https:\/\/vitablanca.ma\/ar\/wp-json\/wp\/v2\/product\/24993","targetHints":{"allow":["GET"]}}],"collection":[{"href":"https:\/\/vitablanca.ma\/ar\/wp-json\/wp\/v2\/product"}],"about":[{"href":"https:\/\/vitablanca.ma\/ar\/wp-json\/wp\/v2\/types\/product"}],"wp:featuredmedia":[{"embeddable":true,"href":"https:\/\/vitablanca.ma\/ar\/wp-json\/wp\/v2\/media\/25003"}],"wp:attachment":[{"href":"https:\/\/vitablanca.ma\/ar\/wp-json\/wp\/v2\/media?parent=24993"}],"wp:term":[{"taxonomy":"product_brand","embeddable":true,"href":"https:\/\/vitablanca.ma\/ar\/wp-json\/wp\/v2\/product_brand?post=24993"},{"taxonomy":"product_cat","embeddable":true,"href":"https:\/\/vitablanca.ma\/ar\/wp-json\/wp\/v2\/product_cat?post=24993"},{"taxonomy":"product_tag","embeddable":true,"href":"https:\/\/vitablanca.ma\/ar\/wp-json\/wp\/v2\/product_tag?post=24993"}],"curies":[{"name":"wp","href":"https:\/\/api.w.org\/{rel}","templated":true}]}}