{"id":24509,"date":"2025-07-16T00:23:14","date_gmt":"2025-07-16T00:23:14","guid":{"rendered":"https:\/\/vitablanca.ma\/product\/tonique-eclaircissant-laiteux-au-riz\/"},"modified":"2026-01-25T17:20:58","modified_gmt":"2026-01-25T17:20:58","slug":"tonique-eclaircissant-laiteux-au-riz","status":"publish","type":"product","link":"https:\/\/vitablanca.ma\/ar\/product-2\/tonique-eclaircissant-laiteux-au-riz\/","title":{"rendered":"\u062a\u0648\u0646\u0631 \u062a\u0641\u062a\u064a\u062d \u0627\u0644\u0628\u0634\u0631\u0629 \u0628\u0627\u0644\u062d\u0644\u064a\u0628 \u0648\u0627\u0644\u0623\u0631\u0632"},"content":{"rendered":"<p>Ce tonique l\u00e9ger \u00e0 la texture lact\u00e9e est enrichi en eau de son de riz et en niacinamide, des ingr\u00e9dients reconnus pour illuminer le teint terne et irr\u00e9gulier tout en r\u00e9gulant la production de s\u00e9bum, favorisant ainsi une peau claire et \u00e9clatante. Sa formule contient des c\u00e9ramides AP et NP, qui apaisent les irritations cutan\u00e9es, pr\u00e9viennent la perte d\u2019hydratation et renforcent la barri\u00e8re protectrice de la peau. Gr\u00e2ce \u00e0 l\u2019hyaluronate de sodium et \u00e0 la b\u00e9ta\u00efne, ce tonique offre des bienfaits apaisants et hydratants, particuli\u00e8rement adapt\u00e9s aux peaux sensibles, tout en r\u00e9duisant les inflammations. Sa texture lact\u00e9e procure une hydratation en profondeur, avec une finition non collante et rafra\u00eechissante. Sans parfum et con\u00e7u pour convenir \u00e0 tous les types de peau, ce produit est id\u00e9al pour une routine de soin compl\u00e8te. Utilisation : appliquez d\u00e9licatement sur une peau propre \u00e0 l\u2019aide d\u2019un coton ou des mains pour de meilleurs r\u00e9sultats.<\/p>","protected":false},"excerpt":{"rendered":"<p>Ce tonique l\u00e9ger \u00e0 la texture lact\u00e9e est enrichi en eau de son de riz et en niacinamide, des ingr\u00e9dients reconnus pour illuminer le teint terne et irr\u00e9gulier tout en r\u00e9gulant la production de s\u00e9bum, favorisant ainsi une peau claire et \u00e9clatante. Sa formule contient des c\u00e9ramides AP et NP, qui apaisent les irritations cutan\u00e9es, [&hellip;]<\/p>\n","protected":false},"featured_media":24508,"template":"","meta":{"om_disable_all_campaigns":false},"product_brand":[],"product_cat":[18,1117],"product_tag":[3275,3276,3274,3277,6337,3279,3278,6340,6339,6335,6336,6338],"class_list":{"0":"post-24509","1":"product","2":"type-product","3":"status-publish","4":"has-post-thumbnail","6":"product_cat-beaute-sante","7":"product_cat-korean-skin-care","8":"product_tag-best-korean-skin-care-products","9":"product_tag-korean-products","10":"product_tag-korean-skin-care","11":"product_tag-korean-skincare","12":"product_tag-lotion-laiteuse-visage","13":"product_tag-made-in-korean","14":"product_tag-skin-care-korean","15":"product_tag-skincare-au-riz","16":"product_tag-soin-visage-eclat","17":"product_tag-tonique-au-riz","18":"product_tag-tonique-eclaircissant","19":"product_tag-tonique-hydratant","21":"first","22":"instock","23":"sale","24":"taxable","25":"shipping-taxable","26":"purchasable","27":"product-type-simple"},"yoast_head":"<!-- This site is optimized with the Yoast SEO plugin v27.5 - https:\/\/yoast.com\/product\/yoast-seo-wordpress\/ -->\n<title>Tonique \u00e9claircissant laiteux au riz - Maroc Prix<\/title>\n<meta name=\"description\" content=\"D\u00e9couvrez Tonique \u00e9claircissant laiteux au riz - un produit de qualit\u00e9 pour am\u00e9liorer votre routine de soin. Achetez maintenant sur VitaBlanca.ma.\" \/>\n<meta name=\"robots\" content=\"index, follow, max-snippet:-1, max-image-preview:large, max-video-preview:-1\" \/>\n<link rel=\"canonical\" href=\"https:\/\/vitablanca.ma\/ar\/product-2\/tonique-eclaircissant-laiteux-au-riz\/\" \/>\n<meta property=\"og:locale\" content=\"ar_AR\" \/>\n<meta property=\"og:type\" content=\"article\" \/>\n<meta property=\"og:title\" content=\"Tonique \u00e9claircissant laiteux au riz - Maroc Prix\" \/>\n<meta property=\"og:description\" content=\"D\u00e9couvrez Tonique \u00e9claircissant laiteux au riz - un produit de qualit\u00e9 pour am\u00e9liorer votre routine de soin. Achetez maintenant sur VitaBlanca.ma.\" \/>\n<meta property=\"og:url\" content=\"https:\/\/vitablanca.ma\/ar\/product-2\/tonique-eclaircissant-laiteux-au-riz\/\" \/>\n<meta property=\"og:site_name\" content=\"Vitablanca.ma &ndash; Sant&eacute;, vitalit&eacute; et bien-&ecirc;tre pour tous les Marocains\" \/>\n<meta property=\"article:publisher\" content=\"https:\/\/www.facebook.com\/profile.php?id=61576678196717\" \/>\n<meta property=\"article:modified_time\" content=\"2026-01-25T17:20:58+00:00\" \/>\n<meta property=\"og:image\" content=\"https:\/\/vitablanca.ma\/wp-content\/uploads\/2025\/07\/Product-page-sizes_d22f579b-371d-4530-8304-d5e1a1ad2f3e.jpg\" \/>\n\t<meta property=\"og:image:width\" content=\"800\" \/>\n\t<meta property=\"og:image:height\" content=\"800\" \/>\n\t<meta property=\"og:image:type\" content=\"image\/jpeg\" \/>\n<meta name=\"twitter:card\" content=\"summary_large_image\" \/>\n<meta name=\"twitter:label1\" content=\"\u0648\u0642\u062a \u0627\u0644\u0642\u0631\u0627\u0621\u0629 \u0627\u0644\u0645\u064f\u0642\u062f\u0651\u0631\" \/>\n\t<meta name=\"twitter:data1\" content=\"\u062f\u0642\u064a\u0642\u0629 \u0648\u0627\u062d\u062f\u0629\" \/>\n<script type=\"application\/ld+json\" class=\"yoast-schema-graph\">{\"@context\":\"https:\\\/\\\/schema.org\",\"@graph\":[{\"@type\":[\"WebPage\",\"ItemPage\"],\"@id\":\"https:\\\/\\\/vitablanca.ma\\\/produit\\\/tonique-eclaircissant-laiteux-au-riz\\\/\",\"url\":\"https:\\\/\\\/vitablanca.ma\\\/produit\\\/tonique-eclaircissant-laiteux-au-riz\\\/\",\"name\":\"Tonique \u00e9claircissant laiteux au riz - Maroc Prix\",\"isPartOf\":{\"@id\":\"https:\\\/\\\/vitablanca.ma\\\/#website\"},\"primaryImageOfPage\":{\"@id\":\"https:\\\/\\\/vitablanca.ma\\\/produit\\\/tonique-eclaircissant-laiteux-au-riz\\\/#primaryimage\"},\"image\":{\"@id\":\"https:\\\/\\\/vitablanca.ma\\\/produit\\\/tonique-eclaircissant-laiteux-au-riz\\\/#primaryimage\"},\"thumbnailUrl\":\"https:\\\/\\\/vitablanca.ma\\\/wp-content\\\/uploads\\\/2025\\\/07\\\/Product-page-sizes_d22f579b-371d-4530-8304-d5e1a1ad2f3e.jpg\",\"datePublished\":\"2025-07-16T00:23:14+00:00\",\"dateModified\":\"2026-01-25T17:20:58+00:00\",\"description\":\"D\u00e9couvrez Tonique \u00e9claircissant laiteux au riz - un produit de qualit\u00e9 pour am\u00e9liorer votre routine de soin. Achetez maintenant sur VitaBlanca.ma.\",\"breadcrumb\":{\"@id\":\"https:\\\/\\\/vitablanca.ma\\\/produit\\\/tonique-eclaircissant-laiteux-au-riz\\\/#breadcrumb\"},\"inLanguage\":\"ar\",\"potentialAction\":[{\"@type\":\"ReadAction\",\"target\":[\"https:\\\/\\\/vitablanca.ma\\\/produit\\\/tonique-eclaircissant-laiteux-au-riz\\\/\"]}]},{\"@type\":\"ImageObject\",\"inLanguage\":\"ar\",\"@id\":\"https:\\\/\\\/vitablanca.ma\\\/produit\\\/tonique-eclaircissant-laiteux-au-riz\\\/#primaryimage\",\"url\":\"https:\\\/\\\/vitablanca.ma\\\/wp-content\\\/uploads\\\/2025\\\/07\\\/Product-page-sizes_d22f579b-371d-4530-8304-d5e1a1ad2f3e.jpg\",\"contentUrl\":\"https:\\\/\\\/vitablanca.ma\\\/wp-content\\\/uploads\\\/2025\\\/07\\\/Product-page-sizes_d22f579b-371d-4530-8304-d5e1a1ad2f3e.jpg\",\"width\":800,\"height\":800},{\"@type\":\"BreadcrumbList\",\"@id\":\"https:\\\/\\\/vitablanca.ma\\\/produit\\\/tonique-eclaircissant-laiteux-au-riz\\\/#breadcrumb\",\"itemListElement\":[{\"@type\":\"ListItem\",\"position\":1,\"name\":\"Home\",\"item\":\"https:\\\/\\\/vitablanca.ma\\\/\"},{\"@type\":\"ListItem\",\"position\":2,\"name\":\"Tous Les Produits\",\"item\":\"https:\\\/\\\/vitablanca.ma\\\/tous-les-produits\\\/\"},{\"@type\":\"ListItem\",\"position\":3,\"name\":\"Tonique \u00e9claircissant laiteux au riz\"}]},{\"@type\":\"WebSite\",\"@id\":\"https:\\\/\\\/vitablanca.ma\\\/#website\",\"url\":\"https:\\\/\\\/vitablanca.ma\\\/\",\"name\":\"VitaBlanca.ma | Compl\u00e9ments alimentaires, sant\u00e9 & beaut\u00e9 au Maroc\",\"description\":\"vendre vitamines et compl\u00e9ments premium des USA &amp; Canada, Nouvelle Z\u00e9lande,Maroc (NOW Foods, Solgar, Manuka). Livraison rapide partout au Maroc.\",\"publisher\":{\"@id\":\"https:\\\/\\\/vitablanca.ma\\\/#organization\"},\"alternateName\":\"VitaBlanca.ma\",\"potentialAction\":[{\"@type\":\"SearchAction\",\"target\":{\"@type\":\"EntryPoint\",\"urlTemplate\":\"https:\\\/\\\/vitablanca.ma\\\/?s={search_term_string}\"},\"query-input\":{\"@type\":\"PropertyValueSpecification\",\"valueRequired\":true,\"valueName\":\"search_term_string\"}}],\"inLanguage\":\"ar\"},{\"@type\":\"Organization\",\"@id\":\"https:\\\/\\\/vitablanca.ma\\\/#organization\",\"name\":\"VitaBlanca\",\"url\":\"https:\\\/\\\/vitablanca.ma\\\/\",\"logo\":{\"@type\":\"ImageObject\",\"inLanguage\":\"ar\",\"@id\":\"https:\\\/\\\/vitablanca.ma\\\/#\\\/schema\\\/logo\\\/image\\\/\",\"url\":\"https:\\\/\\\/vitablanca.ma\\\/wp-content\\\/uploads\\\/2025\\\/05\\\/cropped-vitablanca.png\",\"contentUrl\":\"https:\\\/\\\/vitablanca.ma\\\/wp-content\\\/uploads\\\/2025\\\/05\\\/cropped-vitablanca.png\",\"width\":360,\"height\":67,\"caption\":\"VitaBlanca\"},\"image\":{\"@id\":\"https:\\\/\\\/vitablanca.ma\\\/#\\\/schema\\\/logo\\\/image\\\/\"},\"sameAs\":[\"https:\\\/\\\/www.facebook.com\\\/profile.php?id=61576678196717\",\"https:\\\/\\\/www.tiktok.com\\\/@vitablanca.ma\",\"https:\\\/\\\/www.instagram.com\\\/vitablanca.ma\\\/\"]}]}<\/script>\n<!-- \/ Yoast SEO plugin. -->","yoast_head_json":{"title":"Tonique \u00e9claircissant laiteux au riz - Maroc Prix","description":"D\u00e9couvrez Tonique \u00e9claircissant laiteux au riz - un produit de qualit\u00e9 pour am\u00e9liorer votre routine de soin. Achetez maintenant sur VitaBlanca.ma.","robots":{"index":"index","follow":"follow","max-snippet":"max-snippet:-1","max-image-preview":"max-image-preview:large","max-video-preview":"max-video-preview:-1"},"canonical":"https:\/\/vitablanca.ma\/ar\/product-2\/tonique-eclaircissant-laiteux-au-riz\/","og_locale":"ar_AR","og_type":"article","og_title":"Tonique \u00e9claircissant laiteux au riz - Maroc Prix","og_description":"D\u00e9couvrez Tonique \u00e9claircissant laiteux au riz - un produit de qualit\u00e9 pour am\u00e9liorer votre routine de soin. Achetez maintenant sur VitaBlanca.ma.","og_url":"https:\/\/vitablanca.ma\/ar\/product-2\/tonique-eclaircissant-laiteux-au-riz\/","og_site_name":"Vitablanca.ma &ndash; Sant&eacute;, vitalit&eacute; et bien-&ecirc;tre pour tous les Marocains","article_publisher":"https:\/\/www.facebook.com\/profile.php?id=61576678196717","article_modified_time":"2026-01-25T17:20:58+00:00","og_image":[{"width":800,"height":800,"url":"https:\/\/vitablanca.ma\/wp-content\/uploads\/2025\/07\/Product-page-sizes_d22f579b-371d-4530-8304-d5e1a1ad2f3e.jpg","type":"image\/jpeg"}],"twitter_card":"summary_large_image","twitter_misc":{"\u0648\u0642\u062a \u0627\u0644\u0642\u0631\u0627\u0621\u0629 \u0627\u0644\u0645\u064f\u0642\u062f\u0651\u0631":"\u062f\u0642\u064a\u0642\u0629 \u0648\u0627\u062d\u062f\u0629"},"schema":{"@context":"https:\/\/schema.org","@graph":[{"@type":["WebPage","ItemPage"],"@id":"https:\/\/vitablanca.ma\/produit\/tonique-eclaircissant-laiteux-au-riz\/","url":"https:\/\/vitablanca.ma\/produit\/tonique-eclaircissant-laiteux-au-riz\/","name":"Tonique \u00e9claircissant laiteux au riz - Maroc Prix","isPartOf":{"@id":"https:\/\/vitablanca.ma\/#website"},"primaryImageOfPage":{"@id":"https:\/\/vitablanca.ma\/produit\/tonique-eclaircissant-laiteux-au-riz\/#primaryimage"},"image":{"@id":"https:\/\/vitablanca.ma\/produit\/tonique-eclaircissant-laiteux-au-riz\/#primaryimage"},"thumbnailUrl":"https:\/\/vitablanca.ma\/wp-content\/uploads\/2025\/07\/Product-page-sizes_d22f579b-371d-4530-8304-d5e1a1ad2f3e.jpg","datePublished":"2025-07-16T00:23:14+00:00","dateModified":"2026-01-25T17:20:58+00:00","description":"D\u00e9couvrez Tonique \u00e9claircissant laiteux au riz - un produit de qualit\u00e9 pour am\u00e9liorer votre routine de soin. Achetez maintenant sur VitaBlanca.ma.","breadcrumb":{"@id":"https:\/\/vitablanca.ma\/produit\/tonique-eclaircissant-laiteux-au-riz\/#breadcrumb"},"inLanguage":"ar","potentialAction":[{"@type":"ReadAction","target":["https:\/\/vitablanca.ma\/produit\/tonique-eclaircissant-laiteux-au-riz\/"]}]},{"@type":"ImageObject","inLanguage":"ar","@id":"https:\/\/vitablanca.ma\/produit\/tonique-eclaircissant-laiteux-au-riz\/#primaryimage","url":"https:\/\/vitablanca.ma\/wp-content\/uploads\/2025\/07\/Product-page-sizes_d22f579b-371d-4530-8304-d5e1a1ad2f3e.jpg","contentUrl":"https:\/\/vitablanca.ma\/wp-content\/uploads\/2025\/07\/Product-page-sizes_d22f579b-371d-4530-8304-d5e1a1ad2f3e.jpg","width":800,"height":800},{"@type":"BreadcrumbList","@id":"https:\/\/vitablanca.ma\/produit\/tonique-eclaircissant-laiteux-au-riz\/#breadcrumb","itemListElement":[{"@type":"ListItem","position":1,"name":"Home","item":"https:\/\/vitablanca.ma\/"},{"@type":"ListItem","position":2,"name":"Tous Les Produits","item":"https:\/\/vitablanca.ma\/tous-les-produits\/"},{"@type":"ListItem","position":3,"name":"Tonique \u00e9claircissant laiteux au riz"}]},{"@type":"WebSite","@id":"https:\/\/vitablanca.ma\/#website","url":"https:\/\/vitablanca.ma\/","name":"VitaBlanca.ma | \u0627\u0644\u0645\u0643\u0645\u0644\u0627\u062a \u0627\u0644\u063a\u0630\u0627\u0626\u064a\u0629\u060c \u0627\u0644\u0635\u062d\u0629 \u0648\u0627\u0644\u062c\u0645\u0627\u0644 \u0641\u064a \u0627\u0644\u0645\u063a\u0631\u0628","description":"\u0646\u0628\u064a\u0639 \u0641\u064a\u062a\u0627\u0645\u064a\u0646\u0627\u062a \u0648\u0645\u0643\u0645\u0644\u0627\u062a \u063a\u0630\u0627\u0626\u064a\u0629 \u0641\u0627\u062e\u0631\u0629 \u0645\u0646 \u0627\u0644\u0648\u0644\u0627\u064a\u0627\u062a \u0627\u0644\u0645\u062a\u062d\u062f\u0629 \u0627\u0644\u0623\u0645\u0631\u064a\u0643\u064a\u0629 \u0648\u0643\u0646\u062f\u0627 \u0648\u0646\u064a\u0648\u0632\u064a\u0644\u0646\u062f\u0627 \u0648\u0627\u0644\u0645\u063a\u0631\u0628 (\u0646\u0627\u0648 \u0641\u0648\u062f\u0632\u060c \u0633\u0648\u0644\u062c\u0627\u0631\u060c \u0645\u0627\u0646\u0648\u0643\u0627). \u062a\u0648\u0635\u064a\u0644 \u0633\u0631\u064a\u0639 \u0625\u0644\u0649 \u062c\u0645\u064a\u0639 \u0623\u0646\u062d\u0627\u0621 \u0627\u0644\u0645\u063a\u0631\u0628.","publisher":{"@id":"https:\/\/vitablanca.ma\/#organization"},"alternateName":"VitaBlanca.ma","potentialAction":[{"@type":"SearchAction","target":{"@type":"EntryPoint","urlTemplate":"https:\/\/vitablanca.ma\/?s={search_term_string}"},"query-input":{"@type":"PropertyValueSpecification","valueRequired":true,"valueName":"search_term_string"}}],"inLanguage":"ar"},{"@type":"Organization","@id":"https:\/\/vitablanca.ma\/#organization","name":"\u0641\u064a\u062a\u0627\u0628\u0644\u0627\u0646\u0643\u0627","url":"https:\/\/vitablanca.ma\/","logo":{"@type":"ImageObject","inLanguage":"ar","@id":"https:\/\/vitablanca.ma\/#\/schema\/logo\/image\/","url":"https:\/\/vitablanca.ma\/wp-content\/uploads\/2025\/05\/cropped-vitablanca.png","contentUrl":"https:\/\/vitablanca.ma\/wp-content\/uploads\/2025\/05\/cropped-vitablanca.png","width":360,"height":67,"caption":"VitaBlanca"},"image":{"@id":"https:\/\/vitablanca.ma\/#\/schema\/logo\/image\/"},"sameAs":["https:\/\/www.facebook.com\/profile.php?id=61576678196717","https:\/\/www.tiktok.com\/@vitablanca.ma","https:\/\/www.instagram.com\/vitablanca.ma\/"]}]}},"jetpack_sharing_enabled":true,"_links":{"self":[{"href":"https:\/\/vitablanca.ma\/ar\/wp-json\/wp\/v2\/product\/24509","targetHints":{"allow":["GET"]}}],"collection":[{"href":"https:\/\/vitablanca.ma\/ar\/wp-json\/wp\/v2\/product"}],"about":[{"href":"https:\/\/vitablanca.ma\/ar\/wp-json\/wp\/v2\/types\/product"}],"wp:featuredmedia":[{"embeddable":true,"href":"https:\/\/vitablanca.ma\/ar\/wp-json\/wp\/v2\/media\/24508"}],"wp:attachment":[{"href":"https:\/\/vitablanca.ma\/ar\/wp-json\/wp\/v2\/media?parent=24509"}],"wp:term":[{"taxonomy":"product_brand","embeddable":true,"href":"https:\/\/vitablanca.ma\/ar\/wp-json\/wp\/v2\/product_brand?post=24509"},{"taxonomy":"product_cat","embeddable":true,"href":"https:\/\/vitablanca.ma\/ar\/wp-json\/wp\/v2\/product_cat?post=24509"},{"taxonomy":"product_tag","embeddable":true,"href":"https:\/\/vitablanca.ma\/ar\/wp-json\/wp\/v2\/product_tag?post=24509"}],"curies":[{"name":"wp","href":"https:\/\/api.w.org\/{rel}","templated":true}]}}