{"id":24357,"date":"2025-07-16T00:18:22","date_gmt":"2025-07-16T00:18:22","guid":{"rendered":"https:\/\/vitablanca.ma\/product\/olaplex-n-3-hair-perfector-soin-reparateur-cheveux-100ml\/"},"modified":"2026-01-21T19:10:18","modified_gmt":"2026-01-21T19:10:18","slug":"olaplex-n-3-hair-perfector-soin-reparateur-cheveux-100ml","status":"publish","type":"product","link":"https:\/\/vitablanca.ma\/ar\/product-2\/olaplex-n-3-hair-perfector-soin-reparateur-cheveux-100ml\/","title":{"rendered":"\u0639\u0644\u0627\u062c \u0625\u0635\u0644\u0627\u062d \u0627\u0644\u0634\u0639\u0631 OLAPLEX \u0631\u0642\u0645 3 Hair Perfector 100 \u0645\u0644"},"content":{"rendered":"<p data-start=\"72\" data-end=\"394\">\u064a\u064f\u0645\u062b\u0644 \u0623\u0648\u0644\u0627\u0628\u0644\u064a\u0643\u0633 \u0631\u0642\u0645 3 \u0627\u0644\u062e\u0637\u0648\u0629 \u0627\u0644\u062b\u0627\u0644\u062b\u0629 \u0645\u0646 \u0627\u0644\u0628\u0631\u0648\u062a\u0648\u0643\u0648\u0644\u060c \u0648\u0647\u0648 \u0645\u064f\u0635\u0645\u0645 \u062e\u0635\u064a\u0635\u064b\u0627 \u0644\u0644\u0627\u0633\u062a\u062e\u062f\u0627\u0645 \u0627\u0644\u0645\u0646\u0632\u0644\u064a. \u062a\u062a\u0645\u062b\u0644 \u0645\u0647\u0645\u062a\u0647 \u0627\u0644\u0631\u0626\u064a\u0633\u064a\u0629 \u0641\u064a \u0627\u0633\u062a\u0639\u0627\u062f\u0629 \u0631\u0648\u0627\u0628\u0637 \u0627\u0644\u0634\u0639\u0631 \u0627\u0644\u062a\u0627\u0644\u0641\u0629 \u0628\u064a\u0646 \u0639\u0644\u0627\u062c\u064a\u0646 \u0643\u064a\u0645\u064a\u0627\u0626\u064a\u064a\u0646. \u064a\u064f\u0648\u0636\u0639 \u0647\u0630\u0627 \u0627\u0644\u0639\u0644\u0627\u062c \u0642\u0628\u0644 \u063a\u0633\u0644 \u0627\u0644\u0634\u0639\u0631 \u0628\u0627\u0644\u0634\u0627\u0645\u0628\u0648\u060c \u0648\u064a\u0645\u0643\u0646 \u0627\u0633\u062a\u062e\u062f\u0627\u0645\u0647 \u0639\u062f\u0629 \u0645\u0631\u0627\u062a \u0623\u0633\u0628\u0648\u0639\u064a\u064b\u0627 \u062d\u0633\u0628 \u0627\u0644\u062d\u0627\u062c\u0629.<\/p>\n<p data-start=\"396\" data-end=\"555\" data-is-last-node=\"\" data-is-only-node=\"\">\u064a\u0648\u0635\u0649 \u0628\u0627\u0633\u062a\u062e\u062f\u0627\u0645\u0647 \u0645\u0631\u0629 \u0648\u0627\u062d\u062f\u0629 \u0641\u064a \u0627\u0644\u0623\u0633\u0628\u0648\u0639 \u0644\u062a\u0642\u0648\u064a\u0629 \u0627\u0644\u0634\u0639\u0631 \u0627\u0644\u0636\u0639\u064a\u0641\u060c \u0623\u0648 \u0641\u064a \u0627\u0644\u064a\u0648\u0645 \u0627\u0644\u0633\u0627\u0628\u0642 \u0644\u0644\u0639\u0644\u0627\u062c \u0627\u0644\u0643\u064a\u0645\u064a\u0627\u0626\u064a \u0643\u0639\u0644\u0627\u062c \u062a\u062d\u0636\u064a\u0631\u064a.<\/p>","protected":false},"excerpt":{"rendered":"<p>Le N\u00b03 d\u2019Olaplex repr\u00e9sente la troisi\u00e8me \u00e9tape du protocole, con\u00e7ue sp\u00e9cialement pour un usage \u00e0 domicile. Sa mission principale est de restaurer les liaisons capillaires endommag\u00e9es entre deux traitements chimiques. Ce soin s\u2019applique avant le shampooing et peut \u00eatre utilis\u00e9 plusieurs fois par semaine selon les besoins. Il est recommand\u00e9 de l\u2019utiliser une fois par [&hellip;]<\/p>\n","protected":false},"featured_media":24356,"template":"","meta":[],"product_brand":[3422],"product_cat":[18,1117],"product_tag":[3425,3431,3275,3437,3276,3274,3277,3279,3429,3423,3432,3433,3434,3424,3427,3436,3430,3278,3435,3426,3428,3438],"class_list":{"0":"post-24357","1":"product","2":"type-product","3":"status-publish","4":"has-post-thumbnail","6":"product_brand-olaplex-maroc-prix","7":"product_cat-beaute-sante","8":"product_cat-korean-skin-care","9":"product_tag-acheter-olaplex-maroc","10":"product_tag-apres-shampooing-olaplex","11":"product_tag-best-korean-skin-care-products","12":"product_tag-cheveux-decolores","13":"product_tag-korean-products","14":"product_tag-korean-skin-care","15":"product_tag-korean-skincare","16":"product_tag-made-in-korean","17":"product_tag-masque-olaplex-maroc","18":"product_tag-olaplex-maroc","19":"product_tag-olaplex-no-3","20":"product_tag-olaplex-no-4","21":"product_tag-olaplex-no-5","22":"product_tag-olaplex-prix-maroc","23":"product_tag-reparation-cheveux","24":"product_tag-reparation-liaisons-capillaires","25":"product_tag-shampooing-olaplex","26":"product_tag-skin-care-korean","27":"product_tag-soins-capillaires-professionnels","28":"product_tag-soins-cheveux-abimes","29":"product_tag-traitement-cheveux-colores","30":"product_tag-vitablanca-olaplex","32":"first","33":"instock","34":"sale","35":"taxable","36":"shipping-taxable","37":"purchasable","38":"product-type-simple"},"yoast_head":"<!-- This site is optimized with the Yoast SEO plugin v27.6 - https:\/\/yoast.com\/product\/yoast-seo-wordpress\/ -->\n<title>OLAPLEX N\u00b0 3 Hair Perfector Soin r\u00e9parateur Cheveux - Maroc Prix<\/title>\n<meta name=\"description\" content=\"R\u00e9parez vos cheveux ab\u00eem\u00e9s avec OLAPLEX N\u00b0 3 Hair Perfector - Soin r\u00e9parateur 100ml. Restaure l&#039;int\u00e9grit\u00e9 de vos cheveux et renforce les liens capillaires.\" \/>\n<meta name=\"robots\" content=\"index, follow, max-snippet:-1, max-image-preview:large, max-video-preview:-1\" \/>\n<link rel=\"canonical\" href=\"https:\/\/vitablanca.ma\/ar\/product-2\/olaplex-n-3-hair-perfector-soin-reparateur-cheveux-100ml\/\" \/>\n<meta property=\"og:locale\" content=\"ar_AR\" \/>\n<meta property=\"og:type\" content=\"article\" \/>\n<meta property=\"og:title\" content=\"OLAPLEX N\u00b0 3 Hair Perfector Soin r\u00e9parateur Cheveux - Maroc Prix\" \/>\n<meta property=\"og:description\" content=\"R\u00e9parez vos cheveux ab\u00eem\u00e9s avec OLAPLEX N\u00b0 3 Hair Perfector - Soin r\u00e9parateur 100ml. Restaure l&#039;int\u00e9grit\u00e9 de vos cheveux et renforce les liens capillaires.\" \/>\n<meta property=\"og:url\" content=\"https:\/\/vitablanca.ma\/ar\/product-2\/olaplex-n-3-hair-perfector-soin-reparateur-cheveux-100ml\/\" \/>\n<meta property=\"og:site_name\" content=\"Vitablanca.ma &ndash; Sant&eacute;, vitalit&eacute; et bien-&ecirc;tre pour tous les Marocains\" \/>\n<meta property=\"article:publisher\" content=\"https:\/\/www.facebook.com\/profile.php?id=61576678196717\" \/>\n<meta property=\"article:modified_time\" content=\"2026-01-21T19:10:18+00:00\" \/>\n<meta property=\"og:image\" content=\"https:\/\/vitablanca.ma\/wp-content\/uploads\/2025\/07\/R_33.jpg\" \/>\n\t<meta property=\"og:image:width\" content=\"1200\" \/>\n\t<meta property=\"og:image:height\" content=\"1200\" \/>\n\t<meta property=\"og:image:type\" content=\"image\/jpeg\" \/>\n<meta name=\"twitter:card\" content=\"summary_large_image\" \/>\n<meta name=\"twitter:label1\" content=\"\u0648\u0642\u062a \u0627\u0644\u0642\u0631\u0627\u0621\u0629 \u0627\u0644\u0645\u064f\u0642\u062f\u0651\u0631\" \/>\n\t<meta name=\"twitter:data1\" content=\"\u062f\u0642\u064a\u0642\u0629 \u0648\u0627\u062d\u062f\u0629\" \/>\n<script type=\"application\/ld+json\" class=\"yoast-schema-graph\">{\"@context\":\"https:\\\/\\\/schema.org\",\"@graph\":[{\"@type\":[\"WebPage\",\"ItemPage\"],\"@id\":\"https:\\\/\\\/vitablanca.ma\\\/produit\\\/olaplex-n-3-hair-perfector-soin-reparateur-cheveux-100ml\\\/\",\"url\":\"https:\\\/\\\/vitablanca.ma\\\/produit\\\/olaplex-n-3-hair-perfector-soin-reparateur-cheveux-100ml\\\/\",\"name\":\"OLAPLEX N\u00b0 3 Hair Perfector Soin r\u00e9parateur Cheveux - Maroc Prix\",\"isPartOf\":{\"@id\":\"https:\\\/\\\/vitablanca.ma\\\/#website\"},\"primaryImageOfPage\":{\"@id\":\"https:\\\/\\\/vitablanca.ma\\\/produit\\\/olaplex-n-3-hair-perfector-soin-reparateur-cheveux-100ml\\\/#primaryimage\"},\"image\":{\"@id\":\"https:\\\/\\\/vitablanca.ma\\\/produit\\\/olaplex-n-3-hair-perfector-soin-reparateur-cheveux-100ml\\\/#primaryimage\"},\"thumbnailUrl\":\"https:\\\/\\\/vitablanca.ma\\\/wp-content\\\/uploads\\\/2025\\\/07\\\/R_33.jpg\",\"datePublished\":\"2025-07-16T00:18:22+00:00\",\"dateModified\":\"2026-01-21T19:10:18+00:00\",\"description\":\"R\u00e9parez vos cheveux ab\u00eem\u00e9s avec OLAPLEX N\u00b0 3 Hair Perfector - Soin r\u00e9parateur 100ml. Restaure l'int\u00e9grit\u00e9 de vos cheveux et renforce les liens capillaires.\",\"breadcrumb\":{\"@id\":\"https:\\\/\\\/vitablanca.ma\\\/produit\\\/olaplex-n-3-hair-perfector-soin-reparateur-cheveux-100ml\\\/#breadcrumb\"},\"inLanguage\":\"ar\",\"potentialAction\":[{\"@type\":\"ReadAction\",\"target\":[\"https:\\\/\\\/vitablanca.ma\\\/produit\\\/olaplex-n-3-hair-perfector-soin-reparateur-cheveux-100ml\\\/\"]}]},{\"@type\":\"ImageObject\",\"inLanguage\":\"ar\",\"@id\":\"https:\\\/\\\/vitablanca.ma\\\/produit\\\/olaplex-n-3-hair-perfector-soin-reparateur-cheveux-100ml\\\/#primaryimage\",\"url\":\"https:\\\/\\\/vitablanca.ma\\\/wp-content\\\/uploads\\\/2025\\\/07\\\/R_33.jpg\",\"contentUrl\":\"https:\\\/\\\/vitablanca.ma\\\/wp-content\\\/uploads\\\/2025\\\/07\\\/R_33.jpg\",\"width\":1200,\"height\":1200},{\"@type\":\"BreadcrumbList\",\"@id\":\"https:\\\/\\\/vitablanca.ma\\\/produit\\\/olaplex-n-3-hair-perfector-soin-reparateur-cheveux-100ml\\\/#breadcrumb\",\"itemListElement\":[{\"@type\":\"ListItem\",\"position\":1,\"name\":\"Home\",\"item\":\"https:\\\/\\\/vitablanca.ma\\\/\"},{\"@type\":\"ListItem\",\"position\":2,\"name\":\"Tous Les Produits\",\"item\":\"https:\\\/\\\/vitablanca.ma\\\/tous-les-produits\\\/\"},{\"@type\":\"ListItem\",\"position\":3,\"name\":\"OLAPLEX N\u00b0 3 Hair Perfector Soin r\u00e9parateur Cheveux 100ml\"}]},{\"@type\":\"WebSite\",\"@id\":\"https:\\\/\\\/vitablanca.ma\\\/#website\",\"url\":\"https:\\\/\\\/vitablanca.ma\\\/\",\"name\":\"VitaBlanca.ma | Compl\u00e9ments alimentaires, sant\u00e9 & beaut\u00e9 au Maroc\",\"description\":\"vendre vitamines et compl\u00e9ments premium des USA &amp; Canada, Nouvelle Z\u00e9lande,Maroc (NOW Foods, Solgar, Manuka). Livraison rapide partout au Maroc.\",\"publisher\":{\"@id\":\"https:\\\/\\\/vitablanca.ma\\\/#organization\"},\"alternateName\":\"VitaBlanca.ma\",\"potentialAction\":[{\"@type\":\"SearchAction\",\"target\":{\"@type\":\"EntryPoint\",\"urlTemplate\":\"https:\\\/\\\/vitablanca.ma\\\/?s={search_term_string}\"},\"query-input\":{\"@type\":\"PropertyValueSpecification\",\"valueRequired\":true,\"valueName\":\"search_term_string\"}}],\"inLanguage\":\"ar\"},{\"@type\":\"Organization\",\"@id\":\"https:\\\/\\\/vitablanca.ma\\\/#organization\",\"name\":\"VitaBlanca\",\"url\":\"https:\\\/\\\/vitablanca.ma\\\/\",\"logo\":{\"@type\":\"ImageObject\",\"inLanguage\":\"ar\",\"@id\":\"https:\\\/\\\/vitablanca.ma\\\/#\\\/schema\\\/logo\\\/image\\\/\",\"url\":\"https:\\\/\\\/vitablanca.ma\\\/wp-content\\\/uploads\\\/2025\\\/05\\\/cropped-vitablanca.png\",\"contentUrl\":\"https:\\\/\\\/vitablanca.ma\\\/wp-content\\\/uploads\\\/2025\\\/05\\\/cropped-vitablanca.png\",\"width\":360,\"height\":67,\"caption\":\"VitaBlanca\"},\"image\":{\"@id\":\"https:\\\/\\\/vitablanca.ma\\\/#\\\/schema\\\/logo\\\/image\\\/\"},\"sameAs\":[\"https:\\\/\\\/www.facebook.com\\\/profile.php?id=61576678196717\",\"https:\\\/\\\/www.tiktok.com\\\/@vitablanca.ma\",\"https:\\\/\\\/www.instagram.com\\\/vitablanca.ma\\\/\"]}]}<\/script>\n<!-- \/ Yoast SEO plugin. -->","yoast_head_json":{"title":"\u0639\u0644\u0627\u062c \u0625\u0635\u0644\u0627\u062d \u0627\u0644\u0634\u0639\u0631 OLAPLEX \u0631\u0642\u0645 3 Hair Perfector - \u0633\u0639\u0631 \u0627\u0644\u0645\u063a\u0631\u0628","description":"\u0623\u0635\u0644\u062d\u064a \u0634\u0639\u0631\u0643\u0650 \u0627\u0644\u062a\u0627\u0644\u0641 \u0628\u0627\u0633\u062a\u062e\u062f\u0627\u0645 \u0639\u0644\u0627\u062c \u0623\u0648\u0644\u0627\u0628\u0644\u064a\u0643\u0633 \u0631\u0642\u0645 3 \u0644\u0625\u0635\u0644\u0627\u062d \u0627\u0644\u0634\u0639\u0631\u060c 100 \u0645\u0644. \u064a\u064f\u0639\u064a\u062f \u0644\u0634\u0639\u0631\u0643\u0650 \u062d\u064a\u0648\u064a\u062a\u0647 \u0648\u064a\u064f\u0642\u0648\u064a \u0631\u0648\u0627\u0628\u0637\u0647.","robots":{"index":"index","follow":"follow","max-snippet":"max-snippet:-1","max-image-preview":"max-image-preview:large","max-video-preview":"max-video-preview:-1"},"canonical":"https:\/\/vitablanca.ma\/ar\/product-2\/olaplex-n-3-hair-perfector-soin-reparateur-cheveux-100ml\/","og_locale":"ar_AR","og_type":"article","og_title":"OLAPLEX N\u00b0 3 Hair Perfector Soin r\u00e9parateur Cheveux - Maroc Prix","og_description":"R\u00e9parez vos cheveux ab\u00eem\u00e9s avec OLAPLEX N\u00b0 3 Hair Perfector - Soin r\u00e9parateur 100ml. Restaure l'int\u00e9grit\u00e9 de vos cheveux et renforce les liens capillaires.","og_url":"https:\/\/vitablanca.ma\/ar\/product-2\/olaplex-n-3-hair-perfector-soin-reparateur-cheveux-100ml\/","og_site_name":"Vitablanca.ma &ndash; Sant&eacute;, vitalit&eacute; et bien-&ecirc;tre pour tous les Marocains","article_publisher":"https:\/\/www.facebook.com\/profile.php?id=61576678196717","article_modified_time":"2026-01-21T19:10:18+00:00","og_image":[{"width":1200,"height":1200,"url":"https:\/\/vitablanca.ma\/wp-content\/uploads\/2025\/07\/R_33.jpg","type":"image\/jpeg"}],"twitter_card":"summary_large_image","twitter_misc":{"\u0648\u0642\u062a \u0627\u0644\u0642\u0631\u0627\u0621\u0629 \u0627\u0644\u0645\u064f\u0642\u062f\u0651\u0631":"\u062f\u0642\u064a\u0642\u0629 \u0648\u0627\u062d\u062f\u0629"},"schema":{"@context":"https:\/\/schema.org","@graph":[{"@type":["WebPage","ItemPage"],"@id":"https:\/\/vitablanca.ma\/produit\/olaplex-n-3-hair-perfector-soin-reparateur-cheveux-100ml\/","url":"https:\/\/vitablanca.ma\/produit\/olaplex-n-3-hair-perfector-soin-reparateur-cheveux-100ml\/","name":"\u0639\u0644\u0627\u062c \u0625\u0635\u0644\u0627\u062d \u0627\u0644\u0634\u0639\u0631 OLAPLEX \u0631\u0642\u0645 3 Hair Perfector - \u0633\u0639\u0631 \u0627\u0644\u0645\u063a\u0631\u0628","isPartOf":{"@id":"https:\/\/vitablanca.ma\/#website"},"primaryImageOfPage":{"@id":"https:\/\/vitablanca.ma\/produit\/olaplex-n-3-hair-perfector-soin-reparateur-cheveux-100ml\/#primaryimage"},"image":{"@id":"https:\/\/vitablanca.ma\/produit\/olaplex-n-3-hair-perfector-soin-reparateur-cheveux-100ml\/#primaryimage"},"thumbnailUrl":"https:\/\/vitablanca.ma\/wp-content\/uploads\/2025\/07\/R_33.jpg","datePublished":"2025-07-16T00:18:22+00:00","dateModified":"2026-01-21T19:10:18+00:00","description":"\u0623\u0635\u0644\u062d\u064a \u0634\u0639\u0631\u0643\u0650 \u0627\u0644\u062a\u0627\u0644\u0641 \u0628\u0627\u0633\u062a\u062e\u062f\u0627\u0645 \u0639\u0644\u0627\u062c \u0623\u0648\u0644\u0627\u0628\u0644\u064a\u0643\u0633 \u0631\u0642\u0645 3 \u0644\u0625\u0635\u0644\u0627\u062d \u0627\u0644\u0634\u0639\u0631\u060c 100 \u0645\u0644. \u064a\u064f\u0639\u064a\u062f \u0644\u0634\u0639\u0631\u0643\u0650 \u062d\u064a\u0648\u064a\u062a\u0647 \u0648\u064a\u064f\u0642\u0648\u064a \u0631\u0648\u0627\u0628\u0637\u0647.","breadcrumb":{"@id":"https:\/\/vitablanca.ma\/produit\/olaplex-n-3-hair-perfector-soin-reparateur-cheveux-100ml\/#breadcrumb"},"inLanguage":"ar","potentialAction":[{"@type":"ReadAction","target":["https:\/\/vitablanca.ma\/produit\/olaplex-n-3-hair-perfector-soin-reparateur-cheveux-100ml\/"]}]},{"@type":"ImageObject","inLanguage":"ar","@id":"https:\/\/vitablanca.ma\/produit\/olaplex-n-3-hair-perfector-soin-reparateur-cheveux-100ml\/#primaryimage","url":"https:\/\/vitablanca.ma\/wp-content\/uploads\/2025\/07\/R_33.jpg","contentUrl":"https:\/\/vitablanca.ma\/wp-content\/uploads\/2025\/07\/R_33.jpg","width":1200,"height":1200},{"@type":"BreadcrumbList","@id":"https:\/\/vitablanca.ma\/produit\/olaplex-n-3-hair-perfector-soin-reparateur-cheveux-100ml\/#breadcrumb","itemListElement":[{"@type":"ListItem","position":1,"name":"Home","item":"https:\/\/vitablanca.ma\/"},{"@type":"ListItem","position":2,"name":"Tous Les Produits","item":"https:\/\/vitablanca.ma\/tous-les-produits\/"},{"@type":"ListItem","position":3,"name":"OLAPLEX N\u00b0 3 Hair Perfector Soin r\u00e9parateur Cheveux 100ml"}]},{"@type":"WebSite","@id":"https:\/\/vitablanca.ma\/#website","url":"https:\/\/vitablanca.ma\/","name":"VitaBlanca.ma | \u0627\u0644\u0645\u0643\u0645\u0644\u0627\u062a \u0627\u0644\u063a\u0630\u0627\u0626\u064a\u0629\u060c \u0627\u0644\u0635\u062d\u0629 \u0648\u0627\u0644\u062c\u0645\u0627\u0644 \u0641\u064a \u0627\u0644\u0645\u063a\u0631\u0628","description":"\u0646\u0628\u064a\u0639 \u0641\u064a\u062a\u0627\u0645\u064a\u0646\u0627\u062a \u0648\u0645\u0643\u0645\u0644\u0627\u062a \u063a\u0630\u0627\u0626\u064a\u0629 \u0641\u0627\u062e\u0631\u0629 \u0645\u0646 \u0627\u0644\u0648\u0644\u0627\u064a\u0627\u062a \u0627\u0644\u0645\u062a\u062d\u062f\u0629 \u0627\u0644\u0623\u0645\u0631\u064a\u0643\u064a\u0629 \u0648\u0643\u0646\u062f\u0627 \u0648\u0646\u064a\u0648\u0632\u064a\u0644\u0646\u062f\u0627 \u0648\u0627\u0644\u0645\u063a\u0631\u0628 (\u0646\u0627\u0648 \u0641\u0648\u062f\u0632\u060c \u0633\u0648\u0644\u062c\u0627\u0631\u060c \u0645\u0627\u0646\u0648\u0643\u0627). \u062a\u0648\u0635\u064a\u0644 \u0633\u0631\u064a\u0639 \u0625\u0644\u0649 \u062c\u0645\u064a\u0639 \u0623\u0646\u062d\u0627\u0621 \u0627\u0644\u0645\u063a\u0631\u0628.","publisher":{"@id":"https:\/\/vitablanca.ma\/#organization"},"alternateName":"VitaBlanca.ma","potentialAction":[{"@type":"SearchAction","target":{"@type":"EntryPoint","urlTemplate":"https:\/\/vitablanca.ma\/?s={search_term_string}"},"query-input":{"@type":"PropertyValueSpecification","valueRequired":true,"valueName":"search_term_string"}}],"inLanguage":"ar"},{"@type":"Organization","@id":"https:\/\/vitablanca.ma\/#organization","name":"\u0641\u064a\u062a\u0627\u0628\u0644\u0627\u0646\u0643\u0627","url":"https:\/\/vitablanca.ma\/","logo":{"@type":"ImageObject","inLanguage":"ar","@id":"https:\/\/vitablanca.ma\/#\/schema\/logo\/image\/","url":"https:\/\/vitablanca.ma\/wp-content\/uploads\/2025\/05\/cropped-vitablanca.png","contentUrl":"https:\/\/vitablanca.ma\/wp-content\/uploads\/2025\/05\/cropped-vitablanca.png","width":360,"height":67,"caption":"VitaBlanca"},"image":{"@id":"https:\/\/vitablanca.ma\/#\/schema\/logo\/image\/"},"sameAs":["https:\/\/www.facebook.com\/profile.php?id=61576678196717","https:\/\/www.tiktok.com\/@vitablanca.ma","https:\/\/www.instagram.com\/vitablanca.ma\/"]}]}},"jetpack_sharing_enabled":true,"_links":{"self":[{"href":"https:\/\/vitablanca.ma\/ar\/wp-json\/wp\/v2\/product\/24357","targetHints":{"allow":["GET"]}}],"collection":[{"href":"https:\/\/vitablanca.ma\/ar\/wp-json\/wp\/v2\/product"}],"about":[{"href":"https:\/\/vitablanca.ma\/ar\/wp-json\/wp\/v2\/types\/product"}],"wp:featuredmedia":[{"embeddable":true,"href":"https:\/\/vitablanca.ma\/ar\/wp-json\/wp\/v2\/media\/24356"}],"wp:attachment":[{"href":"https:\/\/vitablanca.ma\/ar\/wp-json\/wp\/v2\/media?parent=24357"}],"wp:term":[{"taxonomy":"product_brand","embeddable":true,"href":"https:\/\/vitablanca.ma\/ar\/wp-json\/wp\/v2\/product_brand?post=24357"},{"taxonomy":"product_cat","embeddable":true,"href":"https:\/\/vitablanca.ma\/ar\/wp-json\/wp\/v2\/product_cat?post=24357"},{"taxonomy":"product_tag","embeddable":true,"href":"https:\/\/vitablanca.ma\/ar\/wp-json\/wp\/v2\/product_tag?post=24357"}],"curies":[{"name":"wp","href":"https:\/\/api.w.org\/{rel}","templated":true}]}}