{"id":24355,"date":"2025-07-16T00:18:18","date_gmt":"2025-07-16T00:18:18","guid":{"rendered":"https:\/\/vitablanca.ma\/product\/olaplex-n-7-bonding-oil-huile-reparatrice-30ml\/"},"modified":"2026-01-21T19:10:18","modified_gmt":"2026-01-21T19:10:18","slug":"olaplex-n-7-bonding-oil-huile-reparatrice-30ml","status":"publish","type":"product","link":"https:\/\/vitablanca.ma\/ar\/product-2\/olaplex-n-7-bonding-oil-huile-reparatrice-30ml\/","title":{"rendered":"\u0632\u064a\u062a \u0623\u0648\u0644\u0627\u0628\u0644\u064a\u0643\u0633 \u0631\u0642\u0645 7 \u0627\u0644\u0631\u0627\u0628\u0637 - \u0632\u064a\u062a \u0625\u0635\u0644\u0627\u062d - 30 \u0645\u0644"},"content":{"rendered":"<p data-start=\"61\" data-end=\"304\">D\u00e9couvrez l\u2019huile r\u00e9paratrice N\u00b07 d\u2019Olaplex : un soin concentr\u00e9, ultra-l\u00e9ger et innovant. Con\u00e7ue pour tous les types de cheveux, elle prot\u00e8ge efficacement contre la chaleur (jusqu\u2019\u00e0 230\u00b0C), tout en lissant les frisottis et les m\u00e8ches rebelles.<\/p>\n<p data-start=\"306\" data-end=\"597\">Cette huile multifonction r\u00e9pare, fortifie et hydrate la fibre capillaire en profondeur. Elle sublime la chevelure en rehaussant la brillance, la douceur et l\u2019intensit\u00e9 de la couleur. Id\u00e9ale pour toutes les textures, elle facilite le coiffage et redonne aux cheveux leur int\u00e9grit\u00e9 naturelle.<\/p>\n<p data-start=\"599\" data-end=\"621\"><strong data-start=\"599\" data-end=\"619\">B\u00e9n\u00e9fices cl\u00e9s :<\/strong><\/p>\n<ul data-start=\"622\" data-end=\"781\" data-is-last-node=\"\" data-is-only-node=\"\">\n<li data-start=\"622\" data-end=\"651\">\n<p data-start=\"624\" data-end=\"651\">R\u00e9pare les cheveux ab\u00eem\u00e9s<\/p>\n<\/li>\n<li data-start=\"652\" data-end=\"699\">\n<p data-start=\"654\" data-end=\"699\">Renforce et prot\u00e8ge la structure capillaire<\/p>\n<\/li>\n<li data-start=\"700\" data-end=\"739\">\n<p data-start=\"702\" data-end=\"739\">Am\u00e9liore la texture et la souplesse<\/p>\n<\/li>\n<li data-start=\"740\" data-end=\"781\" data-is-last-node=\"\">\n<p data-start=\"742\" data-end=\"781\" data-is-last-node=\"\">Apporte \u00e9clat, brillance et maniabilit\u00e9<\/p>\n<\/li>\n<\/ul>","protected":false},"excerpt":{"rendered":"<p>D\u00e9couvrez l\u2019huile r\u00e9paratrice N\u00b07 d\u2019Olaplex : un soin concentr\u00e9, ultra-l\u00e9ger et innovant. Con\u00e7ue pour tous les types de cheveux, elle prot\u00e8ge efficacement contre la chaleur (jusqu\u2019\u00e0 230\u00b0C), tout en lissant les frisottis et les m\u00e8ches rebelles. Cette huile multifonction r\u00e9pare, fortifie et hydrate la fibre capillaire en profondeur. Elle sublime la chevelure en rehaussant la [&hellip;]<\/p>\n","protected":false},"featured_media":24354,"template":"","meta":[],"product_brand":[3422],"product_cat":[18,1117],"product_tag":[3425,3431,3275,3437,3276,3274,3277,3279,3429,3423,3432,3433,3434,3424,3427,3436,3430,3278,3435,3426,3428,3438],"class_list":{"0":"post-24355","1":"product","2":"type-product","3":"status-publish","4":"has-post-thumbnail","6":"product_brand-olaplex-maroc-prix","7":"product_cat-beaute-sante","8":"product_cat-korean-skin-care","9":"product_tag-acheter-olaplex-maroc","10":"product_tag-apres-shampooing-olaplex","11":"product_tag-best-korean-skin-care-products","12":"product_tag-cheveux-decolores","13":"product_tag-korean-products","14":"product_tag-korean-skin-care","15":"product_tag-korean-skincare","16":"product_tag-made-in-korean","17":"product_tag-masque-olaplex-maroc","18":"product_tag-olaplex-maroc","19":"product_tag-olaplex-no-3","20":"product_tag-olaplex-no-4","21":"product_tag-olaplex-no-5","22":"product_tag-olaplex-prix-maroc","23":"product_tag-reparation-cheveux","24":"product_tag-reparation-liaisons-capillaires","25":"product_tag-shampooing-olaplex","26":"product_tag-skin-care-korean","27":"product_tag-soins-capillaires-professionnels","28":"product_tag-soins-cheveux-abimes","29":"product_tag-traitement-cheveux-colores","30":"product_tag-vitablanca-olaplex","32":"first","33":"instock","34":"sale","35":"taxable","36":"shipping-taxable","37":"purchasable","38":"product-type-simple"},"yoast_head":"<!-- This site is optimized with the Yoast SEO plugin v27.6 - https:\/\/yoast.com\/product\/yoast-seo-wordpress\/ -->\n<title>OLAPLEX N\u00b0 7 Bonding Oil-Huile R\u00e9paratrice - 30ml - Maroc Prix<\/title>\n<meta name=\"description\" content=\"D\u00e9couvrez l&#039;OLAPLEX N\u00b0 7 Bonding Oil - Huile r\u00e9paratrice pour cheveux. R\u00e9pare, hydrate, et prot\u00e8ge contre la chaleur. Donne de la brillance.\" \/>\n<meta name=\"robots\" content=\"index, follow, max-snippet:-1, max-image-preview:large, max-video-preview:-1\" \/>\n<link rel=\"canonical\" href=\"https:\/\/vitablanca.ma\/ar\/product-2\/olaplex-n-7-bonding-oil-huile-reparatrice-30ml\/\" \/>\n<meta property=\"og:locale\" content=\"ar_AR\" \/>\n<meta property=\"og:type\" content=\"article\" \/>\n<meta property=\"og:title\" content=\"OLAPLEX N\u00b0 7 Bonding Oil-Huile R\u00e9paratrice - 30ml - Maroc Prix\" \/>\n<meta property=\"og:description\" content=\"D\u00e9couvrez l&#039;OLAPLEX N\u00b0 7 Bonding Oil - Huile r\u00e9paratrice pour cheveux. R\u00e9pare, hydrate, et prot\u00e8ge contre la chaleur. Donne de la brillance.\" \/>\n<meta property=\"og:url\" content=\"https:\/\/vitablanca.ma\/ar\/product-2\/olaplex-n-7-bonding-oil-huile-reparatrice-30ml\/\" \/>\n<meta property=\"og:site_name\" content=\"Vitablanca.ma &ndash; Sant&eacute;, vitalit&eacute; et bien-&ecirc;tre pour tous les Marocains\" \/>\n<meta property=\"article:publisher\" content=\"https:\/\/www.facebook.com\/profile.php?id=61576678196717\" \/>\n<meta property=\"article:modified_time\" content=\"2026-01-21T19:10:18+00:00\" \/>\n<meta property=\"og:image\" content=\"https:\/\/vitablanca.ma\/wp-content\/uploads\/2025\/07\/1_1.jpg\" \/>\n\t<meta property=\"og:image:width\" content=\"500\" \/>\n\t<meta property=\"og:image:height\" content=\"500\" \/>\n\t<meta property=\"og:image:type\" content=\"image\/jpeg\" \/>\n<meta name=\"twitter:card\" content=\"summary_large_image\" \/>\n<meta name=\"twitter:label1\" content=\"\u0648\u0642\u062a \u0627\u0644\u0642\u0631\u0627\u0621\u0629 \u0627\u0644\u0645\u064f\u0642\u062f\u0651\u0631\" \/>\n\t<meta name=\"twitter:data1\" content=\"\u062f\u0642\u064a\u0642\u0629 \u0648\u0627\u062d\u062f\u0629\" \/>\n<script type=\"application\/ld+json\" class=\"yoast-schema-graph\">{\"@context\":\"https:\\\/\\\/schema.org\",\"@graph\":[{\"@type\":[\"WebPage\",\"ItemPage\"],\"@id\":\"https:\\\/\\\/vitablanca.ma\\\/produit\\\/olaplex-n-7-bonding-oil-huile-reparatrice-30ml\\\/\",\"url\":\"https:\\\/\\\/vitablanca.ma\\\/produit\\\/olaplex-n-7-bonding-oil-huile-reparatrice-30ml\\\/\",\"name\":\"OLAPLEX N\u00b0 7 Bonding Oil-Huile R\u00e9paratrice - 30ml - Maroc Prix\",\"isPartOf\":{\"@id\":\"https:\\\/\\\/vitablanca.ma\\\/#website\"},\"primaryImageOfPage\":{\"@id\":\"https:\\\/\\\/vitablanca.ma\\\/produit\\\/olaplex-n-7-bonding-oil-huile-reparatrice-30ml\\\/#primaryimage\"},\"image\":{\"@id\":\"https:\\\/\\\/vitablanca.ma\\\/produit\\\/olaplex-n-7-bonding-oil-huile-reparatrice-30ml\\\/#primaryimage\"},\"thumbnailUrl\":\"https:\\\/\\\/vitablanca.ma\\\/wp-content\\\/uploads\\\/2025\\\/07\\\/1_1.jpg\",\"datePublished\":\"2025-07-16T00:18:18+00:00\",\"dateModified\":\"2026-01-21T19:10:18+00:00\",\"description\":\"D\u00e9couvrez l'OLAPLEX N\u00b0 7 Bonding Oil - Huile r\u00e9paratrice pour cheveux. R\u00e9pare, hydrate, et prot\u00e8ge contre la chaleur. Donne de la brillance.\",\"breadcrumb\":{\"@id\":\"https:\\\/\\\/vitablanca.ma\\\/produit\\\/olaplex-n-7-bonding-oil-huile-reparatrice-30ml\\\/#breadcrumb\"},\"inLanguage\":\"ar\",\"potentialAction\":[{\"@type\":\"ReadAction\",\"target\":[\"https:\\\/\\\/vitablanca.ma\\\/produit\\\/olaplex-n-7-bonding-oil-huile-reparatrice-30ml\\\/\"]}]},{\"@type\":\"ImageObject\",\"inLanguage\":\"ar\",\"@id\":\"https:\\\/\\\/vitablanca.ma\\\/produit\\\/olaplex-n-7-bonding-oil-huile-reparatrice-30ml\\\/#primaryimage\",\"url\":\"https:\\\/\\\/vitablanca.ma\\\/wp-content\\\/uploads\\\/2025\\\/07\\\/1_1.jpg\",\"contentUrl\":\"https:\\\/\\\/vitablanca.ma\\\/wp-content\\\/uploads\\\/2025\\\/07\\\/1_1.jpg\",\"width\":500,\"height\":500},{\"@type\":\"BreadcrumbList\",\"@id\":\"https:\\\/\\\/vitablanca.ma\\\/produit\\\/olaplex-n-7-bonding-oil-huile-reparatrice-30ml\\\/#breadcrumb\",\"itemListElement\":[{\"@type\":\"ListItem\",\"position\":1,\"name\":\"Home\",\"item\":\"https:\\\/\\\/vitablanca.ma\\\/\"},{\"@type\":\"ListItem\",\"position\":2,\"name\":\"Tous Les Produits\",\"item\":\"https:\\\/\\\/vitablanca.ma\\\/tous-les-produits\\\/\"},{\"@type\":\"ListItem\",\"position\":3,\"name\":\"OLAPLEX N\u00b0 7 Bonding Oil-Huile R\u00e9paratrice &#8211; 30ml\"}]},{\"@type\":\"WebSite\",\"@id\":\"https:\\\/\\\/vitablanca.ma\\\/#website\",\"url\":\"https:\\\/\\\/vitablanca.ma\\\/\",\"name\":\"VitaBlanca.ma | Compl\u00e9ments alimentaires, sant\u00e9 & beaut\u00e9 au Maroc\",\"description\":\"vendre vitamines et compl\u00e9ments premium des USA &amp; Canada, Nouvelle Z\u00e9lande,Maroc (NOW Foods, Solgar, Manuka). Livraison rapide partout au Maroc.\",\"publisher\":{\"@id\":\"https:\\\/\\\/vitablanca.ma\\\/#organization\"},\"alternateName\":\"VitaBlanca.ma\",\"potentialAction\":[{\"@type\":\"SearchAction\",\"target\":{\"@type\":\"EntryPoint\",\"urlTemplate\":\"https:\\\/\\\/vitablanca.ma\\\/?s={search_term_string}\"},\"query-input\":{\"@type\":\"PropertyValueSpecification\",\"valueRequired\":true,\"valueName\":\"search_term_string\"}}],\"inLanguage\":\"ar\"},{\"@type\":\"Organization\",\"@id\":\"https:\\\/\\\/vitablanca.ma\\\/#organization\",\"name\":\"VitaBlanca\",\"url\":\"https:\\\/\\\/vitablanca.ma\\\/\",\"logo\":{\"@type\":\"ImageObject\",\"inLanguage\":\"ar\",\"@id\":\"https:\\\/\\\/vitablanca.ma\\\/#\\\/schema\\\/logo\\\/image\\\/\",\"url\":\"https:\\\/\\\/vitablanca.ma\\\/wp-content\\\/uploads\\\/2025\\\/05\\\/cropped-vitablanca.png\",\"contentUrl\":\"https:\\\/\\\/vitablanca.ma\\\/wp-content\\\/uploads\\\/2025\\\/05\\\/cropped-vitablanca.png\",\"width\":360,\"height\":67,\"caption\":\"VitaBlanca\"},\"image\":{\"@id\":\"https:\\\/\\\/vitablanca.ma\\\/#\\\/schema\\\/logo\\\/image\\\/\"},\"sameAs\":[\"https:\\\/\\\/www.facebook.com\\\/profile.php?id=61576678196717\",\"https:\\\/\\\/www.tiktok.com\\\/@vitablanca.ma\",\"https:\\\/\\\/www.instagram.com\\\/vitablanca.ma\\\/\"]}]}<\/script>\n<!-- \/ Yoast SEO plugin. -->","yoast_head_json":{"title":"OLAPLEX N\u00b0 7 Bonding Oil-Huile R\u00e9paratrice - 30ml - Maroc Prix","description":"D\u00e9couvrez l'OLAPLEX N\u00b0 7 Bonding Oil - Huile r\u00e9paratrice pour cheveux. R\u00e9pare, hydrate, et prot\u00e8ge contre la chaleur. Donne de la brillance.","robots":{"index":"index","follow":"follow","max-snippet":"max-snippet:-1","max-image-preview":"max-image-preview:large","max-video-preview":"max-video-preview:-1"},"canonical":"https:\/\/vitablanca.ma\/ar\/product-2\/olaplex-n-7-bonding-oil-huile-reparatrice-30ml\/","og_locale":"ar_AR","og_type":"article","og_title":"OLAPLEX N\u00b0 7 Bonding Oil-Huile R\u00e9paratrice - 30ml - Maroc Prix","og_description":"D\u00e9couvrez l'OLAPLEX N\u00b0 7 Bonding Oil - Huile r\u00e9paratrice pour cheveux. R\u00e9pare, hydrate, et prot\u00e8ge contre la chaleur. Donne de la brillance.","og_url":"https:\/\/vitablanca.ma\/ar\/product-2\/olaplex-n-7-bonding-oil-huile-reparatrice-30ml\/","og_site_name":"Vitablanca.ma &ndash; Sant&eacute;, vitalit&eacute; et bien-&ecirc;tre pour tous les Marocains","article_publisher":"https:\/\/www.facebook.com\/profile.php?id=61576678196717","article_modified_time":"2026-01-21T19:10:18+00:00","og_image":[{"width":500,"height":500,"url":"https:\/\/vitablanca.ma\/wp-content\/uploads\/2025\/07\/1_1.jpg","type":"image\/jpeg"}],"twitter_card":"summary_large_image","twitter_misc":{"\u0648\u0642\u062a \u0627\u0644\u0642\u0631\u0627\u0621\u0629 \u0627\u0644\u0645\u064f\u0642\u062f\u0651\u0631":"\u062f\u0642\u064a\u0642\u0629 \u0648\u0627\u062d\u062f\u0629"},"schema":{"@context":"https:\/\/schema.org","@graph":[{"@type":["WebPage","ItemPage"],"@id":"https:\/\/vitablanca.ma\/produit\/olaplex-n-7-bonding-oil-huile-reparatrice-30ml\/","url":"https:\/\/vitablanca.ma\/produit\/olaplex-n-7-bonding-oil-huile-reparatrice-30ml\/","name":"OLAPLEX N\u00b0 7 Bonding Oil-Huile R\u00e9paratrice - 30ml - Maroc Prix","isPartOf":{"@id":"https:\/\/vitablanca.ma\/#website"},"primaryImageOfPage":{"@id":"https:\/\/vitablanca.ma\/produit\/olaplex-n-7-bonding-oil-huile-reparatrice-30ml\/#primaryimage"},"image":{"@id":"https:\/\/vitablanca.ma\/produit\/olaplex-n-7-bonding-oil-huile-reparatrice-30ml\/#primaryimage"},"thumbnailUrl":"https:\/\/vitablanca.ma\/wp-content\/uploads\/2025\/07\/1_1.jpg","datePublished":"2025-07-16T00:18:18+00:00","dateModified":"2026-01-21T19:10:18+00:00","description":"D\u00e9couvrez l'OLAPLEX N\u00b0 7 Bonding Oil - Huile r\u00e9paratrice pour cheveux. R\u00e9pare, hydrate, et prot\u00e8ge contre la chaleur. Donne de la brillance.","breadcrumb":{"@id":"https:\/\/vitablanca.ma\/produit\/olaplex-n-7-bonding-oil-huile-reparatrice-30ml\/#breadcrumb"},"inLanguage":"ar","potentialAction":[{"@type":"ReadAction","target":["https:\/\/vitablanca.ma\/produit\/olaplex-n-7-bonding-oil-huile-reparatrice-30ml\/"]}]},{"@type":"ImageObject","inLanguage":"ar","@id":"https:\/\/vitablanca.ma\/produit\/olaplex-n-7-bonding-oil-huile-reparatrice-30ml\/#primaryimage","url":"https:\/\/vitablanca.ma\/wp-content\/uploads\/2025\/07\/1_1.jpg","contentUrl":"https:\/\/vitablanca.ma\/wp-content\/uploads\/2025\/07\/1_1.jpg","width":500,"height":500},{"@type":"BreadcrumbList","@id":"https:\/\/vitablanca.ma\/produit\/olaplex-n-7-bonding-oil-huile-reparatrice-30ml\/#breadcrumb","itemListElement":[{"@type":"ListItem","position":1,"name":"Home","item":"https:\/\/vitablanca.ma\/"},{"@type":"ListItem","position":2,"name":"Tous Les Produits","item":"https:\/\/vitablanca.ma\/tous-les-produits\/"},{"@type":"ListItem","position":3,"name":"OLAPLEX N\u00b0 7 Bonding Oil-Huile R\u00e9paratrice &#8211; 30ml"}]},{"@type":"WebSite","@id":"https:\/\/vitablanca.ma\/#website","url":"https:\/\/vitablanca.ma\/","name":"VitaBlanca.ma | \u0627\u0644\u0645\u0643\u0645\u0644\u0627\u062a \u0627\u0644\u063a\u0630\u0627\u0626\u064a\u0629\u060c \u0627\u0644\u0635\u062d\u0629 \u0648\u0627\u0644\u062c\u0645\u0627\u0644 \u0641\u064a \u0627\u0644\u0645\u063a\u0631\u0628","description":"\u0646\u0628\u064a\u0639 \u0641\u064a\u062a\u0627\u0645\u064a\u0646\u0627\u062a \u0648\u0645\u0643\u0645\u0644\u0627\u062a \u063a\u0630\u0627\u0626\u064a\u0629 \u0641\u0627\u062e\u0631\u0629 \u0645\u0646 \u0627\u0644\u0648\u0644\u0627\u064a\u0627\u062a \u0627\u0644\u0645\u062a\u062d\u062f\u0629 \u0627\u0644\u0623\u0645\u0631\u064a\u0643\u064a\u0629 \u0648\u0643\u0646\u062f\u0627 \u0648\u0646\u064a\u0648\u0632\u064a\u0644\u0646\u062f\u0627 \u0648\u0627\u0644\u0645\u063a\u0631\u0628 (\u0646\u0627\u0648 \u0641\u0648\u062f\u0632\u060c \u0633\u0648\u0644\u062c\u0627\u0631\u060c \u0645\u0627\u0646\u0648\u0643\u0627). \u062a\u0648\u0635\u064a\u0644 \u0633\u0631\u064a\u0639 \u0625\u0644\u0649 \u062c\u0645\u064a\u0639 \u0623\u0646\u062d\u0627\u0621 \u0627\u0644\u0645\u063a\u0631\u0628.","publisher":{"@id":"https:\/\/vitablanca.ma\/#organization"},"alternateName":"VitaBlanca.ma","potentialAction":[{"@type":"SearchAction","target":{"@type":"EntryPoint","urlTemplate":"https:\/\/vitablanca.ma\/?s={search_term_string}"},"query-input":{"@type":"PropertyValueSpecification","valueRequired":true,"valueName":"search_term_string"}}],"inLanguage":"ar"},{"@type":"Organization","@id":"https:\/\/vitablanca.ma\/#organization","name":"\u0641\u064a\u062a\u0627\u0628\u0644\u0627\u0646\u0643\u0627","url":"https:\/\/vitablanca.ma\/","logo":{"@type":"ImageObject","inLanguage":"ar","@id":"https:\/\/vitablanca.ma\/#\/schema\/logo\/image\/","url":"https:\/\/vitablanca.ma\/wp-content\/uploads\/2025\/05\/cropped-vitablanca.png","contentUrl":"https:\/\/vitablanca.ma\/wp-content\/uploads\/2025\/05\/cropped-vitablanca.png","width":360,"height":67,"caption":"VitaBlanca"},"image":{"@id":"https:\/\/vitablanca.ma\/#\/schema\/logo\/image\/"},"sameAs":["https:\/\/www.facebook.com\/profile.php?id=61576678196717","https:\/\/www.tiktok.com\/@vitablanca.ma","https:\/\/www.instagram.com\/vitablanca.ma\/"]}]}},"jetpack_sharing_enabled":true,"_links":{"self":[{"href":"https:\/\/vitablanca.ma\/ar\/wp-json\/wp\/v2\/product\/24355","targetHints":{"allow":["GET"]}}],"collection":[{"href":"https:\/\/vitablanca.ma\/ar\/wp-json\/wp\/v2\/product"}],"about":[{"href":"https:\/\/vitablanca.ma\/ar\/wp-json\/wp\/v2\/types\/product"}],"wp:featuredmedia":[{"embeddable":true,"href":"https:\/\/vitablanca.ma\/ar\/wp-json\/wp\/v2\/media\/24354"}],"wp:attachment":[{"href":"https:\/\/vitablanca.ma\/ar\/wp-json\/wp\/v2\/media?parent=24355"}],"wp:term":[{"taxonomy":"product_brand","embeddable":true,"href":"https:\/\/vitablanca.ma\/ar\/wp-json\/wp\/v2\/product_brand?post=24355"},{"taxonomy":"product_cat","embeddable":true,"href":"https:\/\/vitablanca.ma\/ar\/wp-json\/wp\/v2\/product_cat?post=24355"},{"taxonomy":"product_tag","embeddable":true,"href":"https:\/\/vitablanca.ma\/ar\/wp-json\/wp\/v2\/product_tag?post=24355"}],"curies":[{"name":"wp","href":"https:\/\/api.w.org\/{rel}","templated":true}]}}