{"id":24353,"date":"2025-07-16T00:18:15","date_gmt":"2025-07-16T00:18:15","guid":{"rendered":"https:\/\/vitablanca.ma\/product\/olaplex-n4-shampoing-bond-maintenance-250ml\/"},"modified":"2026-01-21T19:10:18","modified_gmt":"2026-01-21T19:10:18","slug":"olaplex-n4-shampoing-bond-maintenance-250ml","status":"publish","type":"product","link":"https:\/\/vitablanca.ma\/ar\/product-2\/olaplex-n4-shampoing-bond-maintenance-250ml\/","title":{"rendered":"\u0634\u0627\u0645\u0628\u0648 \u0623\u0648\u0644\u0627\u0628\u0644\u064a\u0643\u0633 \u0631\u0642\u0645 4 \u0644\u0635\u064a\u0627\u0646\u0629 \u0627\u0644\u0631\u0648\u0627\u0628\u0637 250 \u0645\u0644"},"content":{"rendered":"<p data-start=\"67\" data-end=\"187\">\u00c9tape 4 du protocole Olaplex, le shampoing Bond Maintenance N\u00b04 nettoie en douceur tout en r\u00e9parant les pointes ab\u00eem\u00e9es.<\/p>\n<p data-start=\"189\" data-end=\"362\">Enrichi de la technologie brevet\u00e9e Olaplex de reconstruction des ponts capillaires, ce shampoing agit au c\u0153ur de la fibre pour restaurer les liaisons disulfures endommag\u00e9es.<\/p>\n<p data-start=\"364\" data-end=\"623\" data-is-last-node=\"\" data-is-only-node=\"\">Il renforce la chevelure \u00e0 chaque lavage, am\u00e9liore sa souplesse et lui apporte une hydratation en profondeur. Id\u00e9al apr\u00e8s des traitements chimiques tels que la coloration ou la d\u00e9coloration, il ravive la brillance et laisse les cheveux visiblement plus sains.<\/p>","protected":false},"excerpt":{"rendered":"<p>\u00c9tape 4 du protocole Olaplex, le shampoing Bond Maintenance N\u00b04 nettoie en douceur tout en r\u00e9parant les pointes ab\u00eem\u00e9es. Enrichi de la technologie brevet\u00e9e Olaplex de reconstruction des ponts capillaires, ce shampoing agit au c\u0153ur de la fibre pour restaurer les liaisons disulfures endommag\u00e9es. Il renforce la chevelure \u00e0 chaque lavage, am\u00e9liore sa souplesse et [&hellip;]<\/p>\n","protected":false},"featured_media":24352,"template":"","meta":[],"product_brand":[3422],"product_cat":[18,1117],"product_tag":[3425,3431,3275,3437,3276,3274,3277,3279,3429,3423,3432,3433,3434,3424,3427,3436,3430,3278,3435,3426,3428,3438],"class_list":{"0":"post-24353","1":"product","2":"type-product","3":"status-publish","4":"has-post-thumbnail","6":"product_brand-olaplex-maroc-prix","7":"product_cat-beaute-sante","8":"product_cat-korean-skin-care","9":"product_tag-acheter-olaplex-maroc","10":"product_tag-apres-shampooing-olaplex","11":"product_tag-best-korean-skin-care-products","12":"product_tag-cheveux-decolores","13":"product_tag-korean-products","14":"product_tag-korean-skin-care","15":"product_tag-korean-skincare","16":"product_tag-made-in-korean","17":"product_tag-masque-olaplex-maroc","18":"product_tag-olaplex-maroc","19":"product_tag-olaplex-no-3","20":"product_tag-olaplex-no-4","21":"product_tag-olaplex-no-5","22":"product_tag-olaplex-prix-maroc","23":"product_tag-reparation-cheveux","24":"product_tag-reparation-liaisons-capillaires","25":"product_tag-shampooing-olaplex","26":"product_tag-skin-care-korean","27":"product_tag-soins-capillaires-professionnels","28":"product_tag-soins-cheveux-abimes","29":"product_tag-traitement-cheveux-colores","30":"product_tag-vitablanca-olaplex","32":"first","33":"instock","34":"taxable","35":"shipping-taxable","36":"purchasable","37":"product-type-simple"},"yoast_head":"<!-- This site is optimized with the Yoast SEO plugin v27.6 - https:\/\/yoast.com\/product\/yoast-seo-wordpress\/ -->\n<title>Olaplex N\u00b04 Shampoing Bond Maintenance 250ml - Maroc Prix<\/title>\n<meta name=\"description\" content=\"D\u00e9couvrez Olaplex N\u00b04 Shampoing Bond Maintenance - 250ml. R\u00e9pare, hydrate et prot\u00e8ge vos cheveux tout en maintenant leur int\u00e9grit\u00e9. Achetez au VitaBlanca.ma\" \/>\n<meta name=\"robots\" content=\"index, follow, max-snippet:-1, max-image-preview:large, max-video-preview:-1\" \/>\n<link rel=\"canonical\" href=\"https:\/\/vitablanca.ma\/ar\/product-2\/olaplex-n4-shampoing-bond-maintenance-250ml\/\" \/>\n<meta property=\"og:locale\" content=\"ar_AR\" \/>\n<meta property=\"og:type\" content=\"article\" \/>\n<meta property=\"og:title\" content=\"Olaplex N\u00b04 Shampoing Bond Maintenance 250ml - Maroc Prix\" \/>\n<meta property=\"og:description\" content=\"D\u00e9couvrez Olaplex N\u00b04 Shampoing Bond Maintenance - 250ml. R\u00e9pare, hydrate et prot\u00e8ge vos cheveux tout en maintenant leur int\u00e9grit\u00e9. Achetez au VitaBlanca.ma\" \/>\n<meta property=\"og:url\" content=\"https:\/\/vitablanca.ma\/ar\/product-2\/olaplex-n4-shampoing-bond-maintenance-250ml\/\" \/>\n<meta property=\"og:site_name\" content=\"Vitablanca.ma &ndash; Sant&eacute;, vitalit&eacute; et bien-&ecirc;tre pour tous les Marocains\" \/>\n<meta property=\"article:publisher\" content=\"https:\/\/www.facebook.com\/profile.php?id=61576678196717\" \/>\n<meta property=\"article:modified_time\" content=\"2026-01-21T19:10:18+00:00\" \/>\n<meta property=\"og:image\" content=\"https:\/\/vitablanca.ma\/wp-content\/uploads\/2025\/07\/d14850792f2e8c939d9c456f8d122db394f17a00_original.jpg\" \/>\n\t<meta property=\"og:image:width\" content=\"600\" \/>\n\t<meta property=\"og:image:height\" content=\"600\" \/>\n\t<meta property=\"og:image:type\" content=\"image\/jpeg\" \/>\n<meta name=\"twitter:card\" content=\"summary_large_image\" \/>\n<meta name=\"twitter:label1\" content=\"\u0648\u0642\u062a \u0627\u0644\u0642\u0631\u0627\u0621\u0629 \u0627\u0644\u0645\u064f\u0642\u062f\u0651\u0631\" \/>\n\t<meta name=\"twitter:data1\" content=\"\u062f\u0642\u064a\u0642\u0629 \u0648\u0627\u062d\u062f\u0629\" \/>\n<script type=\"application\/ld+json\" class=\"yoast-schema-graph\">{\"@context\":\"https:\\\/\\\/schema.org\",\"@graph\":[{\"@type\":[\"WebPage\",\"ItemPage\"],\"@id\":\"https:\\\/\\\/vitablanca.ma\\\/produit\\\/olaplex-n4-shampoing-bond-maintenance-250ml\\\/\",\"url\":\"https:\\\/\\\/vitablanca.ma\\\/produit\\\/olaplex-n4-shampoing-bond-maintenance-250ml\\\/\",\"name\":\"Olaplex N\u00b04 Shampoing Bond Maintenance 250ml - Maroc Prix\",\"isPartOf\":{\"@id\":\"https:\\\/\\\/vitablanca.ma\\\/#website\"},\"primaryImageOfPage\":{\"@id\":\"https:\\\/\\\/vitablanca.ma\\\/produit\\\/olaplex-n4-shampoing-bond-maintenance-250ml\\\/#primaryimage\"},\"image\":{\"@id\":\"https:\\\/\\\/vitablanca.ma\\\/produit\\\/olaplex-n4-shampoing-bond-maintenance-250ml\\\/#primaryimage\"},\"thumbnailUrl\":\"https:\\\/\\\/vitablanca.ma\\\/wp-content\\\/uploads\\\/2025\\\/07\\\/d14850792f2e8c939d9c456f8d122db394f17a00_original.jpg\",\"datePublished\":\"2025-07-16T00:18:15+00:00\",\"dateModified\":\"2026-01-21T19:10:18+00:00\",\"description\":\"D\u00e9couvrez Olaplex N\u00b04 Shampoing Bond Maintenance - 250ml. R\u00e9pare, hydrate et prot\u00e8ge vos cheveux tout en maintenant leur int\u00e9grit\u00e9. Achetez au VitaBlanca.ma\",\"breadcrumb\":{\"@id\":\"https:\\\/\\\/vitablanca.ma\\\/produit\\\/olaplex-n4-shampoing-bond-maintenance-250ml\\\/#breadcrumb\"},\"inLanguage\":\"ar\",\"potentialAction\":[{\"@type\":\"ReadAction\",\"target\":[\"https:\\\/\\\/vitablanca.ma\\\/produit\\\/olaplex-n4-shampoing-bond-maintenance-250ml\\\/\"]}]},{\"@type\":\"ImageObject\",\"inLanguage\":\"ar\",\"@id\":\"https:\\\/\\\/vitablanca.ma\\\/produit\\\/olaplex-n4-shampoing-bond-maintenance-250ml\\\/#primaryimage\",\"url\":\"https:\\\/\\\/vitablanca.ma\\\/wp-content\\\/uploads\\\/2025\\\/07\\\/d14850792f2e8c939d9c456f8d122db394f17a00_original.jpg\",\"contentUrl\":\"https:\\\/\\\/vitablanca.ma\\\/wp-content\\\/uploads\\\/2025\\\/07\\\/d14850792f2e8c939d9c456f8d122db394f17a00_original.jpg\",\"width\":600,\"height\":600},{\"@type\":\"BreadcrumbList\",\"@id\":\"https:\\\/\\\/vitablanca.ma\\\/produit\\\/olaplex-n4-shampoing-bond-maintenance-250ml\\\/#breadcrumb\",\"itemListElement\":[{\"@type\":\"ListItem\",\"position\":1,\"name\":\"Home\",\"item\":\"https:\\\/\\\/vitablanca.ma\\\/\"},{\"@type\":\"ListItem\",\"position\":2,\"name\":\"Tous Les Produits\",\"item\":\"https:\\\/\\\/vitablanca.ma\\\/tous-les-produits\\\/\"},{\"@type\":\"ListItem\",\"position\":3,\"name\":\"Olaplex N\u00b04 Shampoing Bond Maintenance 250ml\"}]},{\"@type\":\"WebSite\",\"@id\":\"https:\\\/\\\/vitablanca.ma\\\/#website\",\"url\":\"https:\\\/\\\/vitablanca.ma\\\/\",\"name\":\"VitaBlanca.ma | Compl\u00e9ments alimentaires, sant\u00e9 & beaut\u00e9 au Maroc\",\"description\":\"vendre vitamines et compl\u00e9ments premium des USA &amp; Canada, Nouvelle Z\u00e9lande,Maroc (NOW Foods, Solgar, Manuka). Livraison rapide partout au Maroc.\",\"publisher\":{\"@id\":\"https:\\\/\\\/vitablanca.ma\\\/#organization\"},\"alternateName\":\"VitaBlanca.ma\",\"potentialAction\":[{\"@type\":\"SearchAction\",\"target\":{\"@type\":\"EntryPoint\",\"urlTemplate\":\"https:\\\/\\\/vitablanca.ma\\\/?s={search_term_string}\"},\"query-input\":{\"@type\":\"PropertyValueSpecification\",\"valueRequired\":true,\"valueName\":\"search_term_string\"}}],\"inLanguage\":\"ar\"},{\"@type\":\"Organization\",\"@id\":\"https:\\\/\\\/vitablanca.ma\\\/#organization\",\"name\":\"VitaBlanca\",\"url\":\"https:\\\/\\\/vitablanca.ma\\\/\",\"logo\":{\"@type\":\"ImageObject\",\"inLanguage\":\"ar\",\"@id\":\"https:\\\/\\\/vitablanca.ma\\\/#\\\/schema\\\/logo\\\/image\\\/\",\"url\":\"https:\\\/\\\/vitablanca.ma\\\/wp-content\\\/uploads\\\/2025\\\/05\\\/cropped-vitablanca.png\",\"contentUrl\":\"https:\\\/\\\/vitablanca.ma\\\/wp-content\\\/uploads\\\/2025\\\/05\\\/cropped-vitablanca.png\",\"width\":360,\"height\":67,\"caption\":\"VitaBlanca\"},\"image\":{\"@id\":\"https:\\\/\\\/vitablanca.ma\\\/#\\\/schema\\\/logo\\\/image\\\/\"},\"sameAs\":[\"https:\\\/\\\/www.facebook.com\\\/profile.php?id=61576678196717\",\"https:\\\/\\\/www.tiktok.com\\\/@vitablanca.ma\",\"https:\\\/\\\/www.instagram.com\\\/vitablanca.ma\\\/\"]}]}<\/script>\n<!-- \/ Yoast SEO plugin. -->","yoast_head_json":{"title":"Olaplex N\u00b04 Shampoing Bond Maintenance 250ml - Maroc Prix","description":"D\u00e9couvrez Olaplex N\u00b04 Shampoing Bond Maintenance - 250ml. R\u00e9pare, hydrate et prot\u00e8ge vos cheveux tout en maintenant leur int\u00e9grit\u00e9. Achetez au VitaBlanca.ma","robots":{"index":"index","follow":"follow","max-snippet":"max-snippet:-1","max-image-preview":"max-image-preview:large","max-video-preview":"max-video-preview:-1"},"canonical":"https:\/\/vitablanca.ma\/ar\/product-2\/olaplex-n4-shampoing-bond-maintenance-250ml\/","og_locale":"ar_AR","og_type":"article","og_title":"Olaplex N\u00b04 Shampoing Bond Maintenance 250ml - Maroc Prix","og_description":"D\u00e9couvrez Olaplex N\u00b04 Shampoing Bond Maintenance - 250ml. R\u00e9pare, hydrate et prot\u00e8ge vos cheveux tout en maintenant leur int\u00e9grit\u00e9. Achetez au VitaBlanca.ma","og_url":"https:\/\/vitablanca.ma\/ar\/product-2\/olaplex-n4-shampoing-bond-maintenance-250ml\/","og_site_name":"Vitablanca.ma &ndash; Sant&eacute;, vitalit&eacute; et bien-&ecirc;tre pour tous les Marocains","article_publisher":"https:\/\/www.facebook.com\/profile.php?id=61576678196717","article_modified_time":"2026-01-21T19:10:18+00:00","og_image":[{"width":600,"height":600,"url":"https:\/\/vitablanca.ma\/wp-content\/uploads\/2025\/07\/d14850792f2e8c939d9c456f8d122db394f17a00_original.jpg","type":"image\/jpeg"}],"twitter_card":"summary_large_image","twitter_misc":{"\u0648\u0642\u062a \u0627\u0644\u0642\u0631\u0627\u0621\u0629 \u0627\u0644\u0645\u064f\u0642\u062f\u0651\u0631":"\u062f\u0642\u064a\u0642\u0629 \u0648\u0627\u062d\u062f\u0629"},"schema":{"@context":"https:\/\/schema.org","@graph":[{"@type":["WebPage","ItemPage"],"@id":"https:\/\/vitablanca.ma\/produit\/olaplex-n4-shampoing-bond-maintenance-250ml\/","url":"https:\/\/vitablanca.ma\/produit\/olaplex-n4-shampoing-bond-maintenance-250ml\/","name":"Olaplex N\u00b04 Shampoing Bond Maintenance 250ml - Maroc Prix","isPartOf":{"@id":"https:\/\/vitablanca.ma\/#website"},"primaryImageOfPage":{"@id":"https:\/\/vitablanca.ma\/produit\/olaplex-n4-shampoing-bond-maintenance-250ml\/#primaryimage"},"image":{"@id":"https:\/\/vitablanca.ma\/produit\/olaplex-n4-shampoing-bond-maintenance-250ml\/#primaryimage"},"thumbnailUrl":"https:\/\/vitablanca.ma\/wp-content\/uploads\/2025\/07\/d14850792f2e8c939d9c456f8d122db394f17a00_original.jpg","datePublished":"2025-07-16T00:18:15+00:00","dateModified":"2026-01-21T19:10:18+00:00","description":"D\u00e9couvrez Olaplex N\u00b04 Shampoing Bond Maintenance - 250ml. R\u00e9pare, hydrate et prot\u00e8ge vos cheveux tout en maintenant leur int\u00e9grit\u00e9. Achetez au VitaBlanca.ma","breadcrumb":{"@id":"https:\/\/vitablanca.ma\/produit\/olaplex-n4-shampoing-bond-maintenance-250ml\/#breadcrumb"},"inLanguage":"ar","potentialAction":[{"@type":"ReadAction","target":["https:\/\/vitablanca.ma\/produit\/olaplex-n4-shampoing-bond-maintenance-250ml\/"]}]},{"@type":"ImageObject","inLanguage":"ar","@id":"https:\/\/vitablanca.ma\/produit\/olaplex-n4-shampoing-bond-maintenance-250ml\/#primaryimage","url":"https:\/\/vitablanca.ma\/wp-content\/uploads\/2025\/07\/d14850792f2e8c939d9c456f8d122db394f17a00_original.jpg","contentUrl":"https:\/\/vitablanca.ma\/wp-content\/uploads\/2025\/07\/d14850792f2e8c939d9c456f8d122db394f17a00_original.jpg","width":600,"height":600},{"@type":"BreadcrumbList","@id":"https:\/\/vitablanca.ma\/produit\/olaplex-n4-shampoing-bond-maintenance-250ml\/#breadcrumb","itemListElement":[{"@type":"ListItem","position":1,"name":"Home","item":"https:\/\/vitablanca.ma\/"},{"@type":"ListItem","position":2,"name":"Tous Les Produits","item":"https:\/\/vitablanca.ma\/tous-les-produits\/"},{"@type":"ListItem","position":3,"name":"Olaplex N\u00b04 Shampoing Bond Maintenance 250ml"}]},{"@type":"WebSite","@id":"https:\/\/vitablanca.ma\/#website","url":"https:\/\/vitablanca.ma\/","name":"VitaBlanca.ma | \u0627\u0644\u0645\u0643\u0645\u0644\u0627\u062a \u0627\u0644\u063a\u0630\u0627\u0626\u064a\u0629\u060c \u0627\u0644\u0635\u062d\u0629 \u0648\u0627\u0644\u062c\u0645\u0627\u0644 \u0641\u064a \u0627\u0644\u0645\u063a\u0631\u0628","description":"\u0646\u0628\u064a\u0639 \u0641\u064a\u062a\u0627\u0645\u064a\u0646\u0627\u062a \u0648\u0645\u0643\u0645\u0644\u0627\u062a \u063a\u0630\u0627\u0626\u064a\u0629 \u0641\u0627\u062e\u0631\u0629 \u0645\u0646 \u0627\u0644\u0648\u0644\u0627\u064a\u0627\u062a \u0627\u0644\u0645\u062a\u062d\u062f\u0629 \u0627\u0644\u0623\u0645\u0631\u064a\u0643\u064a\u0629 \u0648\u0643\u0646\u062f\u0627 \u0648\u0646\u064a\u0648\u0632\u064a\u0644\u0646\u062f\u0627 \u0648\u0627\u0644\u0645\u063a\u0631\u0628 (\u0646\u0627\u0648 \u0641\u0648\u062f\u0632\u060c \u0633\u0648\u0644\u062c\u0627\u0631\u060c \u0645\u0627\u0646\u0648\u0643\u0627). \u062a\u0648\u0635\u064a\u0644 \u0633\u0631\u064a\u0639 \u0625\u0644\u0649 \u062c\u0645\u064a\u0639 \u0623\u0646\u062d\u0627\u0621 \u0627\u0644\u0645\u063a\u0631\u0628.","publisher":{"@id":"https:\/\/vitablanca.ma\/#organization"},"alternateName":"VitaBlanca.ma","potentialAction":[{"@type":"SearchAction","target":{"@type":"EntryPoint","urlTemplate":"https:\/\/vitablanca.ma\/?s={search_term_string}"},"query-input":{"@type":"PropertyValueSpecification","valueRequired":true,"valueName":"search_term_string"}}],"inLanguage":"ar"},{"@type":"Organization","@id":"https:\/\/vitablanca.ma\/#organization","name":"\u0641\u064a\u062a\u0627\u0628\u0644\u0627\u0646\u0643\u0627","url":"https:\/\/vitablanca.ma\/","logo":{"@type":"ImageObject","inLanguage":"ar","@id":"https:\/\/vitablanca.ma\/#\/schema\/logo\/image\/","url":"https:\/\/vitablanca.ma\/wp-content\/uploads\/2025\/05\/cropped-vitablanca.png","contentUrl":"https:\/\/vitablanca.ma\/wp-content\/uploads\/2025\/05\/cropped-vitablanca.png","width":360,"height":67,"caption":"VitaBlanca"},"image":{"@id":"https:\/\/vitablanca.ma\/#\/schema\/logo\/image\/"},"sameAs":["https:\/\/www.facebook.com\/profile.php?id=61576678196717","https:\/\/www.tiktok.com\/@vitablanca.ma","https:\/\/www.instagram.com\/vitablanca.ma\/"]}]}},"jetpack_sharing_enabled":true,"_links":{"self":[{"href":"https:\/\/vitablanca.ma\/ar\/wp-json\/wp\/v2\/product\/24353","targetHints":{"allow":["GET"]}}],"collection":[{"href":"https:\/\/vitablanca.ma\/ar\/wp-json\/wp\/v2\/product"}],"about":[{"href":"https:\/\/vitablanca.ma\/ar\/wp-json\/wp\/v2\/types\/product"}],"wp:featuredmedia":[{"embeddable":true,"href":"https:\/\/vitablanca.ma\/ar\/wp-json\/wp\/v2\/media\/24352"}],"wp:attachment":[{"href":"https:\/\/vitablanca.ma\/ar\/wp-json\/wp\/v2\/media?parent=24353"}],"wp:term":[{"taxonomy":"product_brand","embeddable":true,"href":"https:\/\/vitablanca.ma\/ar\/wp-json\/wp\/v2\/product_brand?post=24353"},{"taxonomy":"product_cat","embeddable":true,"href":"https:\/\/vitablanca.ma\/ar\/wp-json\/wp\/v2\/product_cat?post=24353"},{"taxonomy":"product_tag","embeddable":true,"href":"https:\/\/vitablanca.ma\/ar\/wp-json\/wp\/v2\/product_tag?post=24353"}],"curies":[{"name":"wp","href":"https:\/\/api.w.org\/{rel}","templated":true}]}}