{"id":24277,"date":"2025-07-10T19:21:11","date_gmt":"2025-07-10T19:21:11","guid":{"rendered":"https:\/\/vitablanca.ma\/product\/jesssa-protege-slip-classic-2\/"},"modified":"2025-07-13T17:26:46","modified_gmt":"2025-07-13T17:26:46","slug":"jesssa-protege-slip-classic-2","status":"publish","type":"product","link":"https:\/\/vitablanca.ma\/ar\/product-2\/jesssa-protege-slip-classic-2\/","title":{"rendered":"\u0641\u0648\u0637 \u0635\u062d\u064a\u0629 \u064a\u0648\u0645\u064a\u0629 \u0643\u0644\u0627\u0633\u064a\u0643\u064a\u0629 \u0645\u0646 Balea Dm Jesssa"},"content":{"rendered":"<h3>\u0627\u0644\u0631\u0627\u062d\u0629 \u0627\u0644\u064a\u0648\u0645\u064a\u0629 \u0648\u0627\u0644\u0633\u0631\u064a\u0629 \u0645\u0636\u0645\u0648\u0646\u0629\ud83c\udf38<\/h3>\n<ul>\n<li>\u0627\u0644\u062d\u0645\u0627\u064a\u0629 \u0627\u0644\u064a\u0648\u0645\u064a\u0629 \u0644\u0644\u063a\u0633\u064a\u0644 \u0641\u064a \u062d\u0627\u0644\u0629 \u0627\u0644\u062a\u0641\u0631\u064a\u063a\u0627\u062a \u0627\u0644\u062e\u0641\u064a\u0641\u0629<\/li>\n<li>\u0645\u062d\u0627\u064a\u062f \u0645\u0646\u0627\u062e\u064a\u0627<\/li>\n<li>\u0645\u0639 \u0641\u064a\u0644\u0645 \u062d\u0645\u0627\u064a\u0629 \u0644\u0644\u0643\u062a\u0627\u0646<\/li>\n<li>\u062e\u0627\u0644\u064a \u0645\u0646 \u0627\u0644\u0639\u0637\u0648\u0631<\/li>\n<li>\u062e\u0627\u0644\u064a \u0645\u0646 \u0627\u0644\u0644\u0627\u062a\u0643\u0633 \u0627\u0644\u0637\u0628\u064a\u0639\u064a<\/li>\n<li>55 \u0642\u0637\u0639\u0629<\/li>\n<\/ul>\n<h4><strong><span style=\"font-size: 11pt;line-height: 104%;font-family: 'Segoe UI Emoji', sans-serif\">\ud83d\udccc<\/span><span lang=\"EN-US\" style=\"font-size: 11pt;line-height: 104%;font-family: Arial, sans-serif\"> \u0648\u0635\u0641 \u0627\u0644\u0645\u0646\u062a\u062c<\/span><\/strong><\/h4>\n<p>Le noyau absorbant performant des prot\u00e8ge-slips Jessa Classic emprisonne rapidement les liquides \u00e0 l\u2019int\u00e9rieur du prot\u00e8ge-slip. Avec surface en non-tiss\u00e9. En cas de r\u00e8gles l\u00e9g\u00e8res ou qui s\u2019estompent, protection suppl\u00e9mentaire en combinaison avec des tampons. La tr\u00e8s bonne tol\u00e9rance cutan\u00e9e a \u00e9t\u00e9 confirm\u00e9e par des dermatologues.<\/p>","protected":false},"excerpt":{"rendered":"<p>Confort quotidien et discr\u00e9tion assur\u00e9s\ud83c\udf38 protection quotidienne du linge en cas de l\u00e9gers \u00e9coulements climatiquement neutre avec film de protection du linge sans parfum sans latex naturel 55 pi\u00e8ces \ud83d\udccc Description du produit Le noyau absorbant performant des prot\u00e8ge-slips Jessa Classic emprisonne rapidement les liquides \u00e0 l\u2019int\u00e9rieur du prot\u00e8ge-slip. Avec surface en non-tiss\u00e9. En cas [&hellip;]<\/p>\n","protected":false},"featured_media":24253,"template":"","meta":[],"product_brand":[3236],"product_cat":[18],"product_tag":[3237,3240,3242,3238,3239,3241],"class_list":{"0":"post-24277","1":"product","2":"type-product","3":"status-publish","4":"has-post-thumbnail","6":"product_brand-balea-dm-prix-maroc","7":"product_cat-beaute-sante","8":"product_tag-balea","9":"product_tag-balea-dm","10":"product_tag-balea-dm-maroc","11":"product_tag-balea-maroc","12":"product_tag-balea-morocco","13":"product_tag-dm-maroc","15":"first","16":"instock","17":"taxable","18":"shipping-taxable","19":"purchasable","20":"product-type-simple"},"yoast_head":"<!-- This site is optimized with the Yoast SEO plugin v27.6 - https:\/\/yoast.com\/product\/yoast-seo-wordpress\/ -->\n<title>Balea Dm Jesssa Prot\u00e8ge-slip Classic - Maroc Prix<\/title>\n<meta name=\"description\" content=\"D\u00e9couvrez les prot\u00e8ge-slips Balea Jessa Classic pour une protection quotidienne fiable et confortable. Ultra-fins et discrets, ils assurent fra\u00eecheur.\" \/>\n<meta name=\"robots\" content=\"index, follow, max-snippet:-1, max-image-preview:large, max-video-preview:-1\" \/>\n<link rel=\"canonical\" href=\"https:\/\/vitablanca.ma\/ar\/product-2\/jesssa-protege-slip-classic-2\/\" \/>\n<meta property=\"og:locale\" content=\"ar_AR\" \/>\n<meta property=\"og:type\" content=\"article\" \/>\n<meta property=\"og:title\" content=\"Balea Dm Jesssa Prot\u00e8ge-slip Classic - Maroc Prix\" \/>\n<meta property=\"og:description\" content=\"D\u00e9couvrez les prot\u00e8ge-slips Balea Jessa Classic pour une protection quotidienne fiable et confortable. Ultra-fins et discrets, ils assurent fra\u00eecheur.\" \/>\n<meta property=\"og:url\" content=\"https:\/\/vitablanca.ma\/ar\/product-2\/jesssa-protege-slip-classic-2\/\" \/>\n<meta property=\"og:site_name\" content=\"Vitablanca.ma &ndash; Sant&eacute;, vitalit&eacute; et bien-&ecirc;tre pour tous les Marocains\" \/>\n<meta property=\"article:publisher\" content=\"https:\/\/www.facebook.com\/profile.php?id=61576678196717\" \/>\n<meta property=\"article:modified_time\" content=\"2025-07-13T17:26:46+00:00\" \/>\n<meta property=\"og:image\" content=\"https:\/\/vitablanca.ma\/wp-content\/uploads\/2025\/07\/4058172923968-2782517-1.png\" \/>\n\t<meta property=\"og:image:width\" content=\"1200\" \/>\n\t<meta property=\"og:image:height\" content=\"1200\" \/>\n\t<meta property=\"og:image:type\" content=\"image\/png\" \/>\n<meta name=\"twitter:card\" content=\"summary_large_image\" \/>\n<meta name=\"twitter:label1\" content=\"\u0648\u0642\u062a \u0627\u0644\u0642\u0631\u0627\u0621\u0629 \u0627\u0644\u0645\u064f\u0642\u062f\u0651\u0631\" \/>\n\t<meta name=\"twitter:data1\" content=\"\u062f\u0642\u064a\u0642\u0629 \u0648\u0627\u062d\u062f\u0629\" \/>\n<script type=\"application\/ld+json\" class=\"yoast-schema-graph\">{\"@context\":\"https:\\\/\\\/schema.org\",\"@graph\":[{\"@type\":[\"WebPage\",\"ItemPage\"],\"@id\":\"https:\\\/\\\/vitablanca.ma\\\/produit\\\/jesssa-protege-slip-classic-2\\\/\",\"url\":\"https:\\\/\\\/vitablanca.ma\\\/produit\\\/jesssa-protege-slip-classic-2\\\/\",\"name\":\"Balea Dm Jesssa Prot\u00e8ge-slip Classic - Maroc Prix\",\"isPartOf\":{\"@id\":\"https:\\\/\\\/vitablanca.ma\\\/#website\"},\"primaryImageOfPage\":{\"@id\":\"https:\\\/\\\/vitablanca.ma\\\/produit\\\/jesssa-protege-slip-classic-2\\\/#primaryimage\"},\"image\":{\"@id\":\"https:\\\/\\\/vitablanca.ma\\\/produit\\\/jesssa-protege-slip-classic-2\\\/#primaryimage\"},\"thumbnailUrl\":\"https:\\\/\\\/vitablanca.ma\\\/wp-content\\\/uploads\\\/2025\\\/07\\\/4058172923968-2782517-1.png\",\"datePublished\":\"2025-07-10T19:21:11+00:00\",\"dateModified\":\"2025-07-13T17:26:46+00:00\",\"description\":\"D\u00e9couvrez les prot\u00e8ge-slips Balea Jessa Classic pour une protection quotidienne fiable et confortable. Ultra-fins et discrets, ils assurent fra\u00eecheur.\",\"breadcrumb\":{\"@id\":\"https:\\\/\\\/vitablanca.ma\\\/produit\\\/jesssa-protege-slip-classic-2\\\/#breadcrumb\"},\"inLanguage\":\"ar\",\"potentialAction\":[{\"@type\":\"ReadAction\",\"target\":[\"https:\\\/\\\/vitablanca.ma\\\/produit\\\/jesssa-protege-slip-classic-2\\\/\"]}]},{\"@type\":\"ImageObject\",\"inLanguage\":\"ar\",\"@id\":\"https:\\\/\\\/vitablanca.ma\\\/produit\\\/jesssa-protege-slip-classic-2\\\/#primaryimage\",\"url\":\"https:\\\/\\\/vitablanca.ma\\\/wp-content\\\/uploads\\\/2025\\\/07\\\/4058172923968-2782517-1.png\",\"contentUrl\":\"https:\\\/\\\/vitablanca.ma\\\/wp-content\\\/uploads\\\/2025\\\/07\\\/4058172923968-2782517-1.png\",\"width\":1200,\"height\":1200},{\"@type\":\"BreadcrumbList\",\"@id\":\"https:\\\/\\\/vitablanca.ma\\\/produit\\\/jesssa-protege-slip-classic-2\\\/#breadcrumb\",\"itemListElement\":[{\"@type\":\"ListItem\",\"position\":1,\"name\":\"Home\",\"item\":\"https:\\\/\\\/vitablanca.ma\\\/\"},{\"@type\":\"ListItem\",\"position\":2,\"name\":\"Tous Les Produits\",\"item\":\"https:\\\/\\\/vitablanca.ma\\\/tous-les-produits\\\/\"},{\"@type\":\"ListItem\",\"position\":3,\"name\":\"Balea Dm Jesssa Prot\u00e8ge-slip Classic\"}]},{\"@type\":\"WebSite\",\"@id\":\"https:\\\/\\\/vitablanca.ma\\\/#website\",\"url\":\"https:\\\/\\\/vitablanca.ma\\\/\",\"name\":\"VitaBlanca.ma | Compl\u00e9ments alimentaires, sant\u00e9 & beaut\u00e9 au Maroc\",\"description\":\"vendre vitamines et compl\u00e9ments premium des USA &amp; Canada, Nouvelle Z\u00e9lande,Maroc (NOW Foods, Solgar, Manuka). Livraison rapide partout au Maroc.\",\"publisher\":{\"@id\":\"https:\\\/\\\/vitablanca.ma\\\/#organization\"},\"alternateName\":\"VitaBlanca.ma\",\"potentialAction\":[{\"@type\":\"SearchAction\",\"target\":{\"@type\":\"EntryPoint\",\"urlTemplate\":\"https:\\\/\\\/vitablanca.ma\\\/?s={search_term_string}\"},\"query-input\":{\"@type\":\"PropertyValueSpecification\",\"valueRequired\":true,\"valueName\":\"search_term_string\"}}],\"inLanguage\":\"ar\"},{\"@type\":\"Organization\",\"@id\":\"https:\\\/\\\/vitablanca.ma\\\/#organization\",\"name\":\"VitaBlanca\",\"url\":\"https:\\\/\\\/vitablanca.ma\\\/\",\"logo\":{\"@type\":\"ImageObject\",\"inLanguage\":\"ar\",\"@id\":\"https:\\\/\\\/vitablanca.ma\\\/#\\\/schema\\\/logo\\\/image\\\/\",\"url\":\"https:\\\/\\\/vitablanca.ma\\\/wp-content\\\/uploads\\\/2025\\\/05\\\/cropped-vitablanca.png\",\"contentUrl\":\"https:\\\/\\\/vitablanca.ma\\\/wp-content\\\/uploads\\\/2025\\\/05\\\/cropped-vitablanca.png\",\"width\":360,\"height\":67,\"caption\":\"VitaBlanca\"},\"image\":{\"@id\":\"https:\\\/\\\/vitablanca.ma\\\/#\\\/schema\\\/logo\\\/image\\\/\"},\"sameAs\":[\"https:\\\/\\\/www.facebook.com\\\/profile.php?id=61576678196717\",\"https:\\\/\\\/www.tiktok.com\\\/@vitablanca.ma\",\"https:\\\/\\\/www.instagram.com\\\/vitablanca.ma\\\/\"]}]}<\/script>\n<!-- \/ Yoast SEO plugin. -->","yoast_head_json":{"title":"Balea Dm Jesssa Classic Panty Liner - \u0633\u0639\u0631 \u0627\u0644\u0645\u063a\u0631\u0628","description":"\u0627\u0643\u062a\u0634\u0641\u064a \u0641\u0648\u0637 \u0628\u0627\u0644\u064a\u0627 \u062c\u064a\u0633\u0627 \u0627\u0644\u0643\u0644\u0627\u0633\u064a\u0643\u064a\u0629 \u0644\u062d\u0645\u0627\u064a\u0629 \u064a\u0648\u0645\u064a\u0629 \u0645\u0648\u062b\u0648\u0642\u0629 \u0648\u0645\u0631\u064a\u062d\u0629. \u0631\u0642\u064a\u0642\u0629 \u0644\u0644\u063a\u0627\u064a\u0629 \u0648\u062e\u0641\u064a\u0641\u0629 \u0627\u0644\u0648\u0632\u0646\u060c \u062a\u0636\u0645\u0646 \u0644\u0643\u0650 \u0627\u0646\u062a\u0639\u0627\u0634\u064b\u0627 \u0644\u0627 \u0645\u062b\u064a\u0644 \u0644\u0647.","robots":{"index":"index","follow":"follow","max-snippet":"max-snippet:-1","max-image-preview":"max-image-preview:large","max-video-preview":"max-video-preview:-1"},"canonical":"https:\/\/vitablanca.ma\/ar\/product-2\/jesssa-protege-slip-classic-2\/","og_locale":"ar_AR","og_type":"article","og_title":"Balea Dm Jesssa Prot\u00e8ge-slip Classic - Maroc Prix","og_description":"D\u00e9couvrez les prot\u00e8ge-slips Balea Jessa Classic pour une protection quotidienne fiable et confortable. Ultra-fins et discrets, ils assurent fra\u00eecheur.","og_url":"https:\/\/vitablanca.ma\/ar\/product-2\/jesssa-protege-slip-classic-2\/","og_site_name":"Vitablanca.ma &ndash; Sant&eacute;, vitalit&eacute; et bien-&ecirc;tre pour tous les Marocains","article_publisher":"https:\/\/www.facebook.com\/profile.php?id=61576678196717","article_modified_time":"2025-07-13T17:26:46+00:00","og_image":[{"width":1200,"height":1200,"url":"https:\/\/vitablanca.ma\/wp-content\/uploads\/2025\/07\/4058172923968-2782517-1.png","type":"image\/png"}],"twitter_card":"summary_large_image","twitter_misc":{"\u0648\u0642\u062a \u0627\u0644\u0642\u0631\u0627\u0621\u0629 \u0627\u0644\u0645\u064f\u0642\u062f\u0651\u0631":"\u062f\u0642\u064a\u0642\u0629 \u0648\u0627\u062d\u062f\u0629"},"schema":{"@context":"https:\/\/schema.org","@graph":[{"@type":["WebPage","ItemPage"],"@id":"https:\/\/vitablanca.ma\/produit\/jesssa-protege-slip-classic-2\/","url":"https:\/\/vitablanca.ma\/produit\/jesssa-protege-slip-classic-2\/","name":"Balea Dm Jesssa Classic Panty Liner - \u0633\u0639\u0631 \u0627\u0644\u0645\u063a\u0631\u0628","isPartOf":{"@id":"https:\/\/vitablanca.ma\/#website"},"primaryImageOfPage":{"@id":"https:\/\/vitablanca.ma\/produit\/jesssa-protege-slip-classic-2\/#primaryimage"},"image":{"@id":"https:\/\/vitablanca.ma\/produit\/jesssa-protege-slip-classic-2\/#primaryimage"},"thumbnailUrl":"https:\/\/vitablanca.ma\/wp-content\/uploads\/2025\/07\/4058172923968-2782517-1.png","datePublished":"2025-07-10T19:21:11+00:00","dateModified":"2025-07-13T17:26:46+00:00","description":"\u0627\u0643\u062a\u0634\u0641\u064a \u0641\u0648\u0637 \u0628\u0627\u0644\u064a\u0627 \u062c\u064a\u0633\u0627 \u0627\u0644\u0643\u0644\u0627\u0633\u064a\u0643\u064a\u0629 \u0644\u062d\u0645\u0627\u064a\u0629 \u064a\u0648\u0645\u064a\u0629 \u0645\u0648\u062b\u0648\u0642\u0629 \u0648\u0645\u0631\u064a\u062d\u0629. \u0631\u0642\u064a\u0642\u0629 \u0644\u0644\u063a\u0627\u064a\u0629 \u0648\u062e\u0641\u064a\u0641\u0629 \u0627\u0644\u0648\u0632\u0646\u060c \u062a\u0636\u0645\u0646 \u0644\u0643\u0650 \u0627\u0646\u062a\u0639\u0627\u0634\u064b\u0627 \u0644\u0627 \u0645\u062b\u064a\u0644 \u0644\u0647.","breadcrumb":{"@id":"https:\/\/vitablanca.ma\/produit\/jesssa-protege-slip-classic-2\/#breadcrumb"},"inLanguage":"ar","potentialAction":[{"@type":"ReadAction","target":["https:\/\/vitablanca.ma\/produit\/jesssa-protege-slip-classic-2\/"]}]},{"@type":"ImageObject","inLanguage":"ar","@id":"https:\/\/vitablanca.ma\/produit\/jesssa-protege-slip-classic-2\/#primaryimage","url":"https:\/\/vitablanca.ma\/wp-content\/uploads\/2025\/07\/4058172923968-2782517-1.png","contentUrl":"https:\/\/vitablanca.ma\/wp-content\/uploads\/2025\/07\/4058172923968-2782517-1.png","width":1200,"height":1200},{"@type":"BreadcrumbList","@id":"https:\/\/vitablanca.ma\/produit\/jesssa-protege-slip-classic-2\/#breadcrumb","itemListElement":[{"@type":"ListItem","position":1,"name":"Home","item":"https:\/\/vitablanca.ma\/"},{"@type":"ListItem","position":2,"name":"Tous Les Produits","item":"https:\/\/vitablanca.ma\/tous-les-produits\/"},{"@type":"ListItem","position":3,"name":"Balea Dm Jesssa Prot\u00e8ge-slip Classic"}]},{"@type":"WebSite","@id":"https:\/\/vitablanca.ma\/#website","url":"https:\/\/vitablanca.ma\/","name":"VitaBlanca.ma | \u0627\u0644\u0645\u0643\u0645\u0644\u0627\u062a \u0627\u0644\u063a\u0630\u0627\u0626\u064a\u0629\u060c \u0627\u0644\u0635\u062d\u0629 \u0648\u0627\u0644\u062c\u0645\u0627\u0644 \u0641\u064a \u0627\u0644\u0645\u063a\u0631\u0628","description":"\u0646\u0628\u064a\u0639 \u0641\u064a\u062a\u0627\u0645\u064a\u0646\u0627\u062a \u0648\u0645\u0643\u0645\u0644\u0627\u062a \u063a\u0630\u0627\u0626\u064a\u0629 \u0641\u0627\u062e\u0631\u0629 \u0645\u0646 \u0627\u0644\u0648\u0644\u0627\u064a\u0627\u062a \u0627\u0644\u0645\u062a\u062d\u062f\u0629 \u0627\u0644\u0623\u0645\u0631\u064a\u0643\u064a\u0629 \u0648\u0643\u0646\u062f\u0627 \u0648\u0646\u064a\u0648\u0632\u064a\u0644\u0646\u062f\u0627 \u0648\u0627\u0644\u0645\u063a\u0631\u0628 (\u0646\u0627\u0648 \u0641\u0648\u062f\u0632\u060c \u0633\u0648\u0644\u062c\u0627\u0631\u060c \u0645\u0627\u0646\u0648\u0643\u0627). \u062a\u0648\u0635\u064a\u0644 \u0633\u0631\u064a\u0639 \u0625\u0644\u0649 \u062c\u0645\u064a\u0639 \u0623\u0646\u062d\u0627\u0621 \u0627\u0644\u0645\u063a\u0631\u0628.","publisher":{"@id":"https:\/\/vitablanca.ma\/#organization"},"alternateName":"VitaBlanca.ma","potentialAction":[{"@type":"SearchAction","target":{"@type":"EntryPoint","urlTemplate":"https:\/\/vitablanca.ma\/?s={search_term_string}"},"query-input":{"@type":"PropertyValueSpecification","valueRequired":true,"valueName":"search_term_string"}}],"inLanguage":"ar"},{"@type":"Organization","@id":"https:\/\/vitablanca.ma\/#organization","name":"\u0641\u064a\u062a\u0627\u0628\u0644\u0627\u0646\u0643\u0627","url":"https:\/\/vitablanca.ma\/","logo":{"@type":"ImageObject","inLanguage":"ar","@id":"https:\/\/vitablanca.ma\/#\/schema\/logo\/image\/","url":"https:\/\/vitablanca.ma\/wp-content\/uploads\/2025\/05\/cropped-vitablanca.png","contentUrl":"https:\/\/vitablanca.ma\/wp-content\/uploads\/2025\/05\/cropped-vitablanca.png","width":360,"height":67,"caption":"VitaBlanca"},"image":{"@id":"https:\/\/vitablanca.ma\/#\/schema\/logo\/image\/"},"sameAs":["https:\/\/www.facebook.com\/profile.php?id=61576678196717","https:\/\/www.tiktok.com\/@vitablanca.ma","https:\/\/www.instagram.com\/vitablanca.ma\/"]}]}},"jetpack_sharing_enabled":true,"_links":{"self":[{"href":"https:\/\/vitablanca.ma\/ar\/wp-json\/wp\/v2\/product\/24277","targetHints":{"allow":["GET"]}}],"collection":[{"href":"https:\/\/vitablanca.ma\/ar\/wp-json\/wp\/v2\/product"}],"about":[{"href":"https:\/\/vitablanca.ma\/ar\/wp-json\/wp\/v2\/types\/product"}],"wp:featuredmedia":[{"embeddable":true,"href":"https:\/\/vitablanca.ma\/ar\/wp-json\/wp\/v2\/media\/24253"}],"wp:attachment":[{"href":"https:\/\/vitablanca.ma\/ar\/wp-json\/wp\/v2\/media?parent=24277"}],"wp:term":[{"taxonomy":"product_brand","embeddable":true,"href":"https:\/\/vitablanca.ma\/ar\/wp-json\/wp\/v2\/product_brand?post=24277"},{"taxonomy":"product_cat","embeddable":true,"href":"https:\/\/vitablanca.ma\/ar\/wp-json\/wp\/v2\/product_cat?post=24277"},{"taxonomy":"product_tag","embeddable":true,"href":"https:\/\/vitablanca.ma\/ar\/wp-json\/wp\/v2\/product_tag?post=24277"}],"curies":[{"name":"wp","href":"https:\/\/api.w.org\/{rel}","templated":true}]}}