{"id":24222,"date":"2025-07-10T19:11:23","date_gmt":"2025-07-10T19:11:23","guid":{"rendered":"https:\/\/vitablanca.ma\/product\/balea-demeleur-plex-care\/"},"modified":"2025-07-13T17:26:49","modified_gmt":"2025-07-13T17:26:49","slug":"balea-demeleur-plex-care","status":"publish","type":"product","link":"https:\/\/vitablanca.ma\/ar\/product-2\/balea-demeleur-plex-care\/","title":{"rendered":"\u0628\u0644\u0633\u0645 \u0628\u0627\u0644\u064a\u0627 \u0628\u0644\u064a\u0643\u0633 \u0643\u064a\u0631 \u0644\u0641\u0643 \u062a\u0634\u0627\u0628\u0643 \u0627\u0644\u0634\u0639\u0631 200 \u0645\u0644"},"content":{"rendered":"<h3>D\u00e9m\u00eale sans casser \u2728 Cheveux doux, lisses & faciles \u00e0 coiffer \ud83d\udc86\u2640\ufe0f\ud83c\udf43<\/h3>\n<ul>\n<li>\u064a\u0633\u0627\u0639\u062f \u0639\u0644\u0649 \u0645\u0644\u0621 \u0627\u0644\u0641\u062c\u0648\u0627\u062a \u0641\u064a \u0628\u0646\u064a\u0629 \u0627\u0644\u0634\u0639\u0631 \u0627\u0644\u062a\u0627\u0644\u0641.<\/li>\n<li>\u0644\u0644\u0634\u0639\u0631 \u0627\u0644\u062a\u0627\u0644\u0641 \u0648\u0627\u0644\u0645\u0639\u0627\u0644\u062c \u0643\u064a\u0645\u064a\u0627\u0626\u064a\u0627.<\/li>\n<li>\u062a\u0643\u0646\u0648\u0644\u0648\u062c\u064a\u0627 \u0627\u0644\u0625\u0635\u0644\u0627\u062d \u0627\u0644\u0645\u0643\u062b\u0641\u0629.<\/li>\n<li>Avec un complexe triple de prot\u00e9ines et d\u2019acides amin\u00e9s.<\/li>\n<li>\u0627\u0644\u062d\u062c\u0645: 200 \u0645\u0644<\/li>\n<\/ul>\n<h4><strong><span style=\"font-size: 11pt;line-height: 104%;font-family: 'Segoe UI Emoji', sans-serif\">\ud83d\udccc<\/span><span lang=\"EN-US\" style=\"font-size: 11pt;line-height: 104%;font-family: Arial, sans-serif\"> \u0648\u0635\u0641 \u0627\u0644\u0645\u0646\u062a\u062c<\/span><\/strong><\/h4>\n<p>Le d\u00e9m\u00ealeur Plex Care r\u00e9pare, scelle et prot\u00e8ge gr\u00e2ce \u00e0 sa formule puissante pour un r\u00e9sultat visible et perceptible. La technologie de r\u00e9paration intense avec un complexe triple de prot\u00e9ines et d\u2019acides amin\u00e9s renforce les cheveux et reconstruit la structure endommag\u00e9e des cheveux. Il lisse la structure des cheveux et r\u00e9duit les dommages caus\u00e9s par les pointes fourchues et la casse des cheveux. Le r\u00e9sultat est des fibres capillaires renforc\u00e9es et des cheveux r\u00e9par\u00e9s, sains et brillants. De plus, des \u00e9l\u00e9ments constitutifs des cheveux tels que la cr\u00e9atine sont stock\u00e9s dans la structure des cheveux, contribuant \u00e0 renforcer les fibres capillaires et \u00e0 am\u00e9liorer la qualit\u00e9 des cheveux.<\/p>\n<h4><strong><span style=\"font-size: 11pt;line-height: 104%;font-family: 'Segoe UI Emoji', sans-serif\">\ud83d\udca1<\/span><span lang=\"EN-US\" style=\"font-size: 11pt;line-height: 104%;font-family: Arial, sans-serif\"> \u0637\u0631\u064a\u0642\u0629 \u0627\u0644\u0627\u0633\u062a\u062e\u062f\u0627\u0645<\/span><\/strong><\/h4>\n<p><span>Sanft ins nase Haar einmassieren\u060c kurz einwirken lasen und sorgf\u00e4ltig mit lauwarmem water aussp\u00fclen.<\/span><\/p>","protected":false},"excerpt":{"rendered":"<p>D\u00e9m\u00eale sans casser \u2728 Cheveux doux, lisses &#038; faciles \u00e0 coiffer \ud83d\udc86\u2640\ufe0f\ud83c\udf43 Aide \u00e0 combler les lacunes dans la structure des cheveux endommag\u00e9s. Pour cheveux trait\u00e9s chimiquement et ab\u00eem\u00e9s. Technologie de r\u00e9paration intense. Avec un complexe triple de prot\u00e9ines et d\u2019acides amin\u00e9s. Volume: 200 ml \ud83d\udccc Description du produit Le d\u00e9m\u00ealeur Plex Care r\u00e9pare, scelle [&hellip;]<\/p>\n","protected":false},"featured_media":24219,"template":"","meta":{"om_disable_all_campaigns":false},"product_brand":[3236],"product_cat":[18],"product_tag":[3237,3240,3238,3239,3241],"class_list":{"0":"post-24222","1":"product","2":"type-product","3":"status-publish","4":"has-post-thumbnail","6":"product_brand-balea-dm-prix-maroc","7":"product_cat-beaute-sante","8":"product_tag-balea","9":"product_tag-balea-dm","10":"product_tag-balea-maroc","11":"product_tag-balea-morocco","12":"product_tag-dm-maroc","14":"first","15":"instock","16":"taxable","17":"shipping-taxable","18":"purchasable","19":"product-type-simple"},"yoast_head":"<!-- This site is optimized with the Yoast SEO plugin v27.5 - https:\/\/yoast.com\/product\/yoast-seo-wordpress\/ -->\n<title>Balea D\u00e9m\u00ealeur Plex Care 200 ml - Maroc Prix<\/title>\n<meta name=\"description\" content=\"D\u00e9couvrez le d\u00e9m\u00ealeur Balea Plex Care 200 ml au Maroc. Id\u00e9al pour cheveux ab\u00eem\u00e9s, il facilite le d\u00e9m\u00ealage, hydrate intens\u00e9ment, et renforce la fibre\" \/>\n<meta name=\"robots\" content=\"index, follow, max-snippet:-1, max-image-preview:large, max-video-preview:-1\" \/>\n<link rel=\"canonical\" href=\"https:\/\/vitablanca.ma\/ar\/product-2\/balea-demeleur-plex-care\/\" \/>\n<meta property=\"og:locale\" content=\"ar_AR\" \/>\n<meta property=\"og:type\" content=\"article\" \/>\n<meta property=\"og:title\" content=\"Balea D\u00e9m\u00ealeur Plex Care 200 ml - Maroc Prix\" \/>\n<meta property=\"og:description\" content=\"D\u00e9couvrez le d\u00e9m\u00ealeur Balea Plex Care 200 ml au Maroc. Id\u00e9al pour cheveux ab\u00eem\u00e9s, il facilite le d\u00e9m\u00ealage, hydrate intens\u00e9ment, et renforce la fibre\" \/>\n<meta property=\"og:url\" content=\"https:\/\/vitablanca.ma\/ar\/product-2\/balea-demeleur-plex-care\/\" \/>\n<meta property=\"og:site_name\" content=\"Vitablanca.ma &ndash; Sant&eacute;, vitalit&eacute; et bien-&ecirc;tre pour tous les Marocains\" \/>\n<meta property=\"article:publisher\" content=\"https:\/\/www.facebook.com\/profile.php?id=61576678196717\" \/>\n<meta property=\"article:modified_time\" content=\"2025-07-13T17:26:49+00:00\" \/>\n<meta property=\"og:image\" content=\"https:\/\/vitablanca.ma\/wp-content\/uploads\/2025\/07\/balea-professional-conditioner-plex-care.jpg\" \/>\n\t<meta property=\"og:image:width\" content=\"1198\" \/>\n\t<meta property=\"og:image:height\" content=\"1200\" \/>\n\t<meta property=\"og:image:type\" content=\"image\/jpeg\" \/>\n<meta name=\"twitter:card\" content=\"summary_large_image\" \/>\n<meta name=\"twitter:label1\" content=\"\u0648\u0642\u062a \u0627\u0644\u0642\u0631\u0627\u0621\u0629 \u0627\u0644\u0645\u064f\u0642\u062f\u0651\u0631\" \/>\n\t<meta name=\"twitter:data1\" content=\"\u062f\u0642\u064a\u0642\u062a\u0627\u0646\" \/>\n<script type=\"application\/ld+json\" class=\"yoast-schema-graph\">{\"@context\":\"https:\\\/\\\/schema.org\",\"@graph\":[{\"@type\":[\"WebPage\",\"ItemPage\"],\"@id\":\"https:\\\/\\\/vitablanca.ma\\\/produit\\\/balea-demeleur-plex-care\\\/\",\"url\":\"https:\\\/\\\/vitablanca.ma\\\/produit\\\/balea-demeleur-plex-care\\\/\",\"name\":\"Balea D\u00e9m\u00ealeur Plex Care 200 ml - Maroc Prix\",\"isPartOf\":{\"@id\":\"https:\\\/\\\/vitablanca.ma\\\/#website\"},\"primaryImageOfPage\":{\"@id\":\"https:\\\/\\\/vitablanca.ma\\\/produit\\\/balea-demeleur-plex-care\\\/#primaryimage\"},\"image\":{\"@id\":\"https:\\\/\\\/vitablanca.ma\\\/produit\\\/balea-demeleur-plex-care\\\/#primaryimage\"},\"thumbnailUrl\":\"https:\\\/\\\/vitablanca.ma\\\/wp-content\\\/uploads\\\/2025\\\/07\\\/balea-professional-conditioner-plex-care.jpg\",\"datePublished\":\"2025-07-10T19:11:23+00:00\",\"dateModified\":\"2025-07-13T17:26:49+00:00\",\"description\":\"D\u00e9couvrez le d\u00e9m\u00ealeur Balea Plex Care 200 ml au Maroc. Id\u00e9al pour cheveux ab\u00eem\u00e9s, il facilite le d\u00e9m\u00ealage, hydrate intens\u00e9ment, et renforce la fibre\",\"breadcrumb\":{\"@id\":\"https:\\\/\\\/vitablanca.ma\\\/produit\\\/balea-demeleur-plex-care\\\/#breadcrumb\"},\"inLanguage\":\"ar\",\"potentialAction\":[{\"@type\":\"ReadAction\",\"target\":[\"https:\\\/\\\/vitablanca.ma\\\/produit\\\/balea-demeleur-plex-care\\\/\"]}]},{\"@type\":\"ImageObject\",\"inLanguage\":\"ar\",\"@id\":\"https:\\\/\\\/vitablanca.ma\\\/produit\\\/balea-demeleur-plex-care\\\/#primaryimage\",\"url\":\"https:\\\/\\\/vitablanca.ma\\\/wp-content\\\/uploads\\\/2025\\\/07\\\/balea-professional-conditioner-plex-care.jpg\",\"contentUrl\":\"https:\\\/\\\/vitablanca.ma\\\/wp-content\\\/uploads\\\/2025\\\/07\\\/balea-professional-conditioner-plex-care.jpg\",\"width\":1198,\"height\":1200},{\"@type\":\"BreadcrumbList\",\"@id\":\"https:\\\/\\\/vitablanca.ma\\\/produit\\\/balea-demeleur-plex-care\\\/#breadcrumb\",\"itemListElement\":[{\"@type\":\"ListItem\",\"position\":1,\"name\":\"Home\",\"item\":\"https:\\\/\\\/vitablanca.ma\\\/\"},{\"@type\":\"ListItem\",\"position\":2,\"name\":\"Tous Les Produits\",\"item\":\"https:\\\/\\\/vitablanca.ma\\\/tous-les-produits\\\/\"},{\"@type\":\"ListItem\",\"position\":3,\"name\":\"Balea D\u00e9m\u00ealeur Plex Care 200 ml\"}]},{\"@type\":\"WebSite\",\"@id\":\"https:\\\/\\\/vitablanca.ma\\\/#website\",\"url\":\"https:\\\/\\\/vitablanca.ma\\\/\",\"name\":\"VitaBlanca.ma | Compl\u00e9ments alimentaires, sant\u00e9 & beaut\u00e9 au Maroc\",\"description\":\"vendre vitamines et compl\u00e9ments premium des USA &amp; Canada, Nouvelle Z\u00e9lande,Maroc (NOW Foods, Solgar, Manuka). Livraison rapide partout au Maroc.\",\"publisher\":{\"@id\":\"https:\\\/\\\/vitablanca.ma\\\/#organization\"},\"alternateName\":\"VitaBlanca.ma\",\"potentialAction\":[{\"@type\":\"SearchAction\",\"target\":{\"@type\":\"EntryPoint\",\"urlTemplate\":\"https:\\\/\\\/vitablanca.ma\\\/?s={search_term_string}\"},\"query-input\":{\"@type\":\"PropertyValueSpecification\",\"valueRequired\":true,\"valueName\":\"search_term_string\"}}],\"inLanguage\":\"ar\"},{\"@type\":\"Organization\",\"@id\":\"https:\\\/\\\/vitablanca.ma\\\/#organization\",\"name\":\"VitaBlanca\",\"url\":\"https:\\\/\\\/vitablanca.ma\\\/\",\"logo\":{\"@type\":\"ImageObject\",\"inLanguage\":\"ar\",\"@id\":\"https:\\\/\\\/vitablanca.ma\\\/#\\\/schema\\\/logo\\\/image\\\/\",\"url\":\"https:\\\/\\\/vitablanca.ma\\\/wp-content\\\/uploads\\\/2025\\\/05\\\/cropped-vitablanca.png\",\"contentUrl\":\"https:\\\/\\\/vitablanca.ma\\\/wp-content\\\/uploads\\\/2025\\\/05\\\/cropped-vitablanca.png\",\"width\":360,\"height\":67,\"caption\":\"VitaBlanca\"},\"image\":{\"@id\":\"https:\\\/\\\/vitablanca.ma\\\/#\\\/schema\\\/logo\\\/image\\\/\"},\"sameAs\":[\"https:\\\/\\\/www.facebook.com\\\/profile.php?id=61576678196717\",\"https:\\\/\\\/www.tiktok.com\\\/@vitablanca.ma\",\"https:\\\/\\\/www.instagram.com\\\/vitablanca.ma\\\/\"]}]}<\/script>\n<!-- \/ Yoast SEO plugin. -->","yoast_head_json":{"title":"\u0628\u0644\u0633\u0645 \u0628\u0627\u0644\u064a\u0627 \u0628\u0644\u064a\u0643\u0633 \u0643\u064a\u0631 \u0644\u0641\u0643 \u062a\u0634\u0627\u0628\u0643 \u0627\u0644\u0634\u0639\u0631 200 \u0645\u0644 - \u0633\u0639\u0631 \u0627\u0644\u0645\u063a\u0631\u0628","description":"\u0627\u0643\u062a\u0634\u0641\u064a \u0628\u0644\u0633\u0645 \u0628\u0627\u0644\u064a\u0627 \u0628\u0644\u064a\u0643\u0633 \u0643\u064a\u0631 \u0662\u0660\u0660 \u0645\u0644 \u0644\u0641\u0643 \u062a\u0634\u0627\u0628\u0643 \u0627\u0644\u0634\u0639\u0631 \u0641\u064a \u0627\u0644\u0645\u063a\u0631\u0628. \u0645\u062b\u0627\u0644\u064a \u0644\u0644\u0634\u0639\u0631 \u0627\u0644\u062a\u0627\u0644\u0641\u060c \u064a\u064f\u0633\u0647\u0651\u0644 \u0641\u0643 \u0627\u0644\u062a\u0634\u0627\u0628\u0643\u060c \u0648\u064a\u064f\u0631\u0637\u0651\u0628 \u0627\u0644\u0634\u0639\u0631 \u0628\u0639\u0645\u0642\u060c \u0648\u064a\u064f\u0642\u0648\u0651\u064a \u0623\u0644\u064a\u0627\u0641\u0647.","robots":{"index":"index","follow":"follow","max-snippet":"max-snippet:-1","max-image-preview":"max-image-preview:large","max-video-preview":"max-video-preview:-1"},"canonical":"https:\/\/vitablanca.ma\/ar\/product-2\/balea-demeleur-plex-care\/","og_locale":"ar_AR","og_type":"article","og_title":"Balea D\u00e9m\u00ealeur Plex Care 200 ml - Maroc Prix","og_description":"D\u00e9couvrez le d\u00e9m\u00ealeur Balea Plex Care 200 ml au Maroc. Id\u00e9al pour cheveux ab\u00eem\u00e9s, il facilite le d\u00e9m\u00ealage, hydrate intens\u00e9ment, et renforce la fibre","og_url":"https:\/\/vitablanca.ma\/ar\/product-2\/balea-demeleur-plex-care\/","og_site_name":"Vitablanca.ma &ndash; Sant&eacute;, vitalit&eacute; et bien-&ecirc;tre pour tous les Marocains","article_publisher":"https:\/\/www.facebook.com\/profile.php?id=61576678196717","article_modified_time":"2025-07-13T17:26:49+00:00","og_image":[{"width":1198,"height":1200,"url":"https:\/\/vitablanca.ma\/wp-content\/uploads\/2025\/07\/balea-professional-conditioner-plex-care.jpg","type":"image\/jpeg"}],"twitter_card":"summary_large_image","twitter_misc":{"\u0648\u0642\u062a \u0627\u0644\u0642\u0631\u0627\u0621\u0629 \u0627\u0644\u0645\u064f\u0642\u062f\u0651\u0631":"\u062f\u0642\u064a\u0642\u062a\u0627\u0646"},"schema":{"@context":"https:\/\/schema.org","@graph":[{"@type":["WebPage","ItemPage"],"@id":"https:\/\/vitablanca.ma\/produit\/balea-demeleur-plex-care\/","url":"https:\/\/vitablanca.ma\/produit\/balea-demeleur-plex-care\/","name":"\u0628\u0644\u0633\u0645 \u0628\u0627\u0644\u064a\u0627 \u0628\u0644\u064a\u0643\u0633 \u0643\u064a\u0631 \u0644\u0641\u0643 \u062a\u0634\u0627\u0628\u0643 \u0627\u0644\u0634\u0639\u0631 200 \u0645\u0644 - \u0633\u0639\u0631 \u0627\u0644\u0645\u063a\u0631\u0628","isPartOf":{"@id":"https:\/\/vitablanca.ma\/#website"},"primaryImageOfPage":{"@id":"https:\/\/vitablanca.ma\/produit\/balea-demeleur-plex-care\/#primaryimage"},"image":{"@id":"https:\/\/vitablanca.ma\/produit\/balea-demeleur-plex-care\/#primaryimage"},"thumbnailUrl":"https:\/\/vitablanca.ma\/wp-content\/uploads\/2025\/07\/balea-professional-conditioner-plex-care.jpg","datePublished":"2025-07-10T19:11:23+00:00","dateModified":"2025-07-13T17:26:49+00:00","description":"\u0627\u0643\u062a\u0634\u0641\u064a \u0628\u0644\u0633\u0645 \u0628\u0627\u0644\u064a\u0627 \u0628\u0644\u064a\u0643\u0633 \u0643\u064a\u0631 \u0662\u0660\u0660 \u0645\u0644 \u0644\u0641\u0643 \u062a\u0634\u0627\u0628\u0643 \u0627\u0644\u0634\u0639\u0631 \u0641\u064a \u0627\u0644\u0645\u063a\u0631\u0628. \u0645\u062b\u0627\u0644\u064a \u0644\u0644\u0634\u0639\u0631 \u0627\u0644\u062a\u0627\u0644\u0641\u060c \u064a\u064f\u0633\u0647\u0651\u0644 \u0641\u0643 \u0627\u0644\u062a\u0634\u0627\u0628\u0643\u060c \u0648\u064a\u064f\u0631\u0637\u0651\u0628 \u0627\u0644\u0634\u0639\u0631 \u0628\u0639\u0645\u0642\u060c \u0648\u064a\u064f\u0642\u0648\u0651\u064a \u0623\u0644\u064a\u0627\u0641\u0647.","breadcrumb":{"@id":"https:\/\/vitablanca.ma\/produit\/balea-demeleur-plex-care\/#breadcrumb"},"inLanguage":"ar","potentialAction":[{"@type":"ReadAction","target":["https:\/\/vitablanca.ma\/produit\/balea-demeleur-plex-care\/"]}]},{"@type":"ImageObject","inLanguage":"ar","@id":"https:\/\/vitablanca.ma\/produit\/balea-demeleur-plex-care\/#primaryimage","url":"https:\/\/vitablanca.ma\/wp-content\/uploads\/2025\/07\/balea-professional-conditioner-plex-care.jpg","contentUrl":"https:\/\/vitablanca.ma\/wp-content\/uploads\/2025\/07\/balea-professional-conditioner-plex-care.jpg","width":1198,"height":1200},{"@type":"BreadcrumbList","@id":"https:\/\/vitablanca.ma\/produit\/balea-demeleur-plex-care\/#breadcrumb","itemListElement":[{"@type":"ListItem","position":1,"name":"Home","item":"https:\/\/vitablanca.ma\/"},{"@type":"ListItem","position":2,"name":"Tous Les Produits","item":"https:\/\/vitablanca.ma\/tous-les-produits\/"},{"@type":"ListItem","position":3,"name":"Balea D\u00e9m\u00ealeur Plex Care 200 ml"}]},{"@type":"WebSite","@id":"https:\/\/vitablanca.ma\/#website","url":"https:\/\/vitablanca.ma\/","name":"VitaBlanca.ma | \u0627\u0644\u0645\u0643\u0645\u0644\u0627\u062a \u0627\u0644\u063a\u0630\u0627\u0626\u064a\u0629\u060c \u0627\u0644\u0635\u062d\u0629 \u0648\u0627\u0644\u062c\u0645\u0627\u0644 \u0641\u064a \u0627\u0644\u0645\u063a\u0631\u0628","description":"\u0646\u0628\u064a\u0639 \u0641\u064a\u062a\u0627\u0645\u064a\u0646\u0627\u062a \u0648\u0645\u0643\u0645\u0644\u0627\u062a \u063a\u0630\u0627\u0626\u064a\u0629 \u0641\u0627\u062e\u0631\u0629 \u0645\u0646 \u0627\u0644\u0648\u0644\u0627\u064a\u0627\u062a \u0627\u0644\u0645\u062a\u062d\u062f\u0629 \u0627\u0644\u0623\u0645\u0631\u064a\u0643\u064a\u0629 \u0648\u0643\u0646\u062f\u0627 \u0648\u0646\u064a\u0648\u0632\u064a\u0644\u0646\u062f\u0627 \u0648\u0627\u0644\u0645\u063a\u0631\u0628 (\u0646\u0627\u0648 \u0641\u0648\u062f\u0632\u060c \u0633\u0648\u0644\u062c\u0627\u0631\u060c \u0645\u0627\u0646\u0648\u0643\u0627). \u062a\u0648\u0635\u064a\u0644 \u0633\u0631\u064a\u0639 \u0625\u0644\u0649 \u062c\u0645\u064a\u0639 \u0623\u0646\u062d\u0627\u0621 \u0627\u0644\u0645\u063a\u0631\u0628.","publisher":{"@id":"https:\/\/vitablanca.ma\/#organization"},"alternateName":"VitaBlanca.ma","potentialAction":[{"@type":"SearchAction","target":{"@type":"EntryPoint","urlTemplate":"https:\/\/vitablanca.ma\/?s={search_term_string}"},"query-input":{"@type":"PropertyValueSpecification","valueRequired":true,"valueName":"search_term_string"}}],"inLanguage":"ar"},{"@type":"Organization","@id":"https:\/\/vitablanca.ma\/#organization","name":"\u0641\u064a\u062a\u0627\u0628\u0644\u0627\u0646\u0643\u0627","url":"https:\/\/vitablanca.ma\/","logo":{"@type":"ImageObject","inLanguage":"ar","@id":"https:\/\/vitablanca.ma\/#\/schema\/logo\/image\/","url":"https:\/\/vitablanca.ma\/wp-content\/uploads\/2025\/05\/cropped-vitablanca.png","contentUrl":"https:\/\/vitablanca.ma\/wp-content\/uploads\/2025\/05\/cropped-vitablanca.png","width":360,"height":67,"caption":"VitaBlanca"},"image":{"@id":"https:\/\/vitablanca.ma\/#\/schema\/logo\/image\/"},"sameAs":["https:\/\/www.facebook.com\/profile.php?id=61576678196717","https:\/\/www.tiktok.com\/@vitablanca.ma","https:\/\/www.instagram.com\/vitablanca.ma\/"]}]}},"jetpack_sharing_enabled":true,"_links":{"self":[{"href":"https:\/\/vitablanca.ma\/ar\/wp-json\/wp\/v2\/product\/24222","targetHints":{"allow":["GET"]}}],"collection":[{"href":"https:\/\/vitablanca.ma\/ar\/wp-json\/wp\/v2\/product"}],"about":[{"href":"https:\/\/vitablanca.ma\/ar\/wp-json\/wp\/v2\/types\/product"}],"wp:featuredmedia":[{"embeddable":true,"href":"https:\/\/vitablanca.ma\/ar\/wp-json\/wp\/v2\/media\/24219"}],"wp:attachment":[{"href":"https:\/\/vitablanca.ma\/ar\/wp-json\/wp\/v2\/media?parent=24222"}],"wp:term":[{"taxonomy":"product_brand","embeddable":true,"href":"https:\/\/vitablanca.ma\/ar\/wp-json\/wp\/v2\/product_brand?post=24222"},{"taxonomy":"product_cat","embeddable":true,"href":"https:\/\/vitablanca.ma\/ar\/wp-json\/wp\/v2\/product_cat?post=24222"},{"taxonomy":"product_tag","embeddable":true,"href":"https:\/\/vitablanca.ma\/ar\/wp-json\/wp\/v2\/product_tag?post=24222"}],"curies":[{"name":"wp","href":"https:\/\/api.w.org\/{rel}","templated":true}]}}