{"id":24218,"date":"2025-07-10T19:11:14","date_gmt":"2025-07-10T19:11:14","guid":{"rendered":"https:\/\/vitablanca.ma\/product\/balea-serum-sans-rincage-plex-care\/"},"modified":"2025-07-13T17:26:49","modified_gmt":"2025-07-13T17:26:49","slug":"balea-serum-sans-rincage-plex-care","status":"publish","type":"product","link":"https:\/\/vitablanca.ma\/ar\/product-2\/balea-serum-sans-rincage-plex-care\/","title":{"rendered":"\u0633\u064a\u0631\u0648\u0645 \u0628\u0627\u0644\u064a\u0627 \u0628\u0644\u064a\u0643\u0633 \u0643\u064a\u0631 \u0644\u064a\u0641-\u0625\u0646 \u0665\u0660 \u0645\u0644"},"content":{"rendered":"<h3>Prot\u00e8ge & r\u00e9pare Sans rin\u00e7age Jusqu\u2019\u00e0 220\u00b0C de protection<\/h3>\n<ul>\n<li>\u0646\u0648\u0639 \u0627\u0644\u0634\u0639\u0631: \u0634\u0639\u0631 \u062a\u0627\u0644\u0641\/\u0645\u064f\u0639\u064a\u0628<\/li>\n<li>\u0645\u0645\u064a\u0632\u0627\u062a \u0627\u0644\u0645\u0646\u062a\u062c: \u062e\u0627\u0644\u064a \u0645\u0646 \u0627\u0644\u0643\u062d\u0648\u0644<\/li>\n<li>Protection contre la chaleur jusqu\u2019\u00e0 220\u00b0C<\/li>\n<li>\u064a\u0633\u0627\u0639\u062f \u0639\u0644\u0649 \u0645\u0644\u0621 \u0627\u0644\u0641\u062c\u0648\u0627\u062a \u0641\u064a \u0628\u0646\u064a\u0629 \u0627\u0644\u0634\u0639\u0631 \u0627\u0644\u062a\u0627\u0644\u0641<\/li>\n<li>Pour les cheveux trait\u00e9s chimiquement & ab\u00eem\u00e9s<\/li>\n<li>\u062a\u0642\u0646\u064a\u0629 \u0627\u0644\u0625\u0635\u0644\u0627\u062d \u0627\u0644\u0645\u0643\u062b\u0641<\/li>\n<li>Avec un complexe triple de prot\u00e9ines & d\u2019acides amin\u00e9s<\/li>\n<li>\u0627\u0644\u062d\u062c\u0645: 50 \u0645\u0644<\/li>\n<\/ul>\n<p>Le s\u00e9rum sans rin\u00e7age Plex Care de Balea Professional est r\u00e9parateur, scellant et protecteur gr\u00e2ce \u00e0 sa formule puissante pour un r\u00e9sultat perceptible et visible. La technologie Intense-Repair au complexe triple prot\u00e9ine et aux acides amin\u00e9s renforce les cheveux et reconstruit la structure capillaire endommag\u00e9e. Il lisse ainsi la structure des cheveux et r\u00e9duit les fourches, les cheveux cassants et autres dommages capillaires. Il soigne intens\u00e9ment les cheveux et les prot\u00e8ge de la chaleur jusqu\u2019\u00e0 220\u00b0C. Il en r\u00e9sulte des fibres capillaires renforc\u00e9es et des cheveux r\u00e9par\u00e9s et brillants de sant\u00e9. De plus, des composants capillaires comme la cr\u00e9atine se d\u00e9posent dans la structure capillaire, aident \u00e0 renforcer les fibres capillaires et assurent une meilleure qualit\u00e9 des cheveux.<\/p>\n<h4><strong><span lang=\"EN-US\" style=\"font-size: 11pt; line-height: 104%; font-family: Arial, sans-serif;\">\u00a0\u0637\u0631\u064a\u0642\u0629 \u0627\u0644\u0627\u0633\u062a\u062e\u062f\u0627\u0645<\/span><\/strong><\/h4>\n<p>\u0636\u0639\u064a \u0627\u0644\u0645\u0635\u0644 \u0639\u0644\u0649 \u0627\u0644\u0634\u0639\u0631 \u0627\u0644\u0645\u062c\u0641\u0641 \u0628\u0627\u0644\u0645\u0646\u0634\u0641\u0629 \u0623\u0648 \u0627\u0644\u062c\u0627\u0641\u060c \u0648\u062f\u0644\u0643\u064a \u0628\u0647.<\/p>","protected":false},"excerpt":{"rendered":"<p>Prot\u00e8ge &#038; r\u00e9pare Sans rin\u00e7age Jusqu\u2019\u00e0 220\u00b0C de protection Type de cheveux : Cheveux ab\u00eem\u00e9s\/ab\u00eem\u00e9s Caract\u00e9ristiques du produit : Sans alcool Protection contre la chaleur jusqu\u2019\u00e0 220\u00b0C Aide \u00e0 combler les lacunes de la structure capillaire ab\u00eem\u00e9e Pour les cheveux trait\u00e9s chimiquement &#038; ab\u00eem\u00e9s Technologie Intense-Repair Avec un complexe triple de prot\u00e9ines &#038; d\u2019acides amin\u00e9s [&hellip;]<\/p>\n","protected":false},"featured_media":24216,"template":"","meta":{"om_disable_all_campaigns":false},"product_brand":[3236],"product_cat":[18],"product_tag":[3237,3240,3238,3239,3241],"class_list":{"0":"post-24218","1":"product","2":"type-product","3":"status-publish","4":"has-post-thumbnail","6":"product_brand-balea-dm-prix-maroc","7":"product_cat-beaute-sante","8":"product_tag-balea","9":"product_tag-balea-dm","10":"product_tag-balea-maroc","11":"product_tag-balea-morocco","12":"product_tag-dm-maroc","14":"first","15":"instock","16":"taxable","17":"shipping-taxable","18":"purchasable","19":"product-type-simple"},"yoast_head":"<!-- This site is optimized with the Yoast SEO plugin v27.5 - https:\/\/yoast.com\/product\/yoast-seo-wordpress\/ -->\n<title>Balea Plex Care S\u00e9rum sans rin\u00e7age 50 ml - Maroc Prix<\/title>\n<meta name=\"description\" content=\"R\u00e9parez vos cheveux avec le s\u00e9rum sans rin\u00e7age Balea Plex Care au Maroc. Ce soin intensif renforce la fibre, prot\u00e8ge jusqu&#039;\u00e0 220\u00b0C, r\u00e9duit les pointes\" \/>\n<meta name=\"robots\" content=\"index, follow, max-snippet:-1, max-image-preview:large, max-video-preview:-1\" \/>\n<link rel=\"canonical\" href=\"https:\/\/vitablanca.ma\/ar\/product-2\/balea-serum-sans-rincage-plex-care\/\" \/>\n<meta property=\"og:locale\" content=\"ar_AR\" \/>\n<meta property=\"og:type\" content=\"article\" \/>\n<meta property=\"og:title\" content=\"Balea Plex Care S\u00e9rum sans rin\u00e7age 50 ml - Maroc Prix\" \/>\n<meta property=\"og:description\" content=\"R\u00e9parez vos cheveux avec le s\u00e9rum sans rin\u00e7age Balea Plex Care au Maroc. Ce soin intensif renforce la fibre, prot\u00e8ge jusqu&#039;\u00e0 220\u00b0C, r\u00e9duit les pointes\" \/>\n<meta property=\"og:url\" content=\"https:\/\/vitablanca.ma\/ar\/product-2\/balea-serum-sans-rincage-plex-care\/\" \/>\n<meta property=\"og:site_name\" content=\"Vitablanca.ma &ndash; Sant&eacute;, vitalit&eacute; et bien-&ecirc;tre pour tous les Marocains\" \/>\n<meta property=\"article:publisher\" content=\"https:\/\/www.facebook.com\/profile.php?id=61576678196717\" \/>\n<meta property=\"article:modified_time\" content=\"2025-07-13T17:26:49+00:00\" \/>\n<meta property=\"og:image\" content=\"https:\/\/vitablanca.ma\/wp-content\/uploads\/2025\/07\/4066447220476-3611765.png\" \/>\n\t<meta property=\"og:image:width\" content=\"1200\" \/>\n\t<meta property=\"og:image:height\" content=\"1200\" \/>\n\t<meta property=\"og:image:type\" content=\"image\/png\" \/>\n<meta name=\"twitter:card\" content=\"summary_large_image\" \/>\n<meta name=\"twitter:label1\" content=\"\u0648\u0642\u062a \u0627\u0644\u0642\u0631\u0627\u0621\u0629 \u0627\u0644\u0645\u064f\u0642\u062f\u0651\u0631\" \/>\n\t<meta name=\"twitter:data1\" content=\"\u062f\u0642\u064a\u0642\u062a\u0627\u0646\" \/>\n<script type=\"application\/ld+json\" class=\"yoast-schema-graph\">{\"@context\":\"https:\\\/\\\/schema.org\",\"@graph\":[{\"@type\":[\"WebPage\",\"ItemPage\"],\"@id\":\"https:\\\/\\\/vitablanca.ma\\\/produit\\\/balea-serum-sans-rincage-plex-care\\\/\",\"url\":\"https:\\\/\\\/vitablanca.ma\\\/produit\\\/balea-serum-sans-rincage-plex-care\\\/\",\"name\":\"Balea Plex Care S\u00e9rum sans rin\u00e7age 50 ml - Maroc Prix\",\"isPartOf\":{\"@id\":\"https:\\\/\\\/vitablanca.ma\\\/#website\"},\"primaryImageOfPage\":{\"@id\":\"https:\\\/\\\/vitablanca.ma\\\/produit\\\/balea-serum-sans-rincage-plex-care\\\/#primaryimage\"},\"image\":{\"@id\":\"https:\\\/\\\/vitablanca.ma\\\/produit\\\/balea-serum-sans-rincage-plex-care\\\/#primaryimage\"},\"thumbnailUrl\":\"https:\\\/\\\/vitablanca.ma\\\/wp-content\\\/uploads\\\/2025\\\/07\\\/4066447220476-3611765.png\",\"datePublished\":\"2025-07-10T19:11:14+00:00\",\"dateModified\":\"2025-07-13T17:26:49+00:00\",\"description\":\"R\u00e9parez vos cheveux avec le s\u00e9rum sans rin\u00e7age Balea Plex Care au Maroc. Ce soin intensif renforce la fibre, prot\u00e8ge jusqu'\u00e0 220\u00b0C, r\u00e9duit les pointes\",\"breadcrumb\":{\"@id\":\"https:\\\/\\\/vitablanca.ma\\\/produit\\\/balea-serum-sans-rincage-plex-care\\\/#breadcrumb\"},\"inLanguage\":\"ar\",\"potentialAction\":[{\"@type\":\"ReadAction\",\"target\":[\"https:\\\/\\\/vitablanca.ma\\\/produit\\\/balea-serum-sans-rincage-plex-care\\\/\"]}]},{\"@type\":\"ImageObject\",\"inLanguage\":\"ar\",\"@id\":\"https:\\\/\\\/vitablanca.ma\\\/produit\\\/balea-serum-sans-rincage-plex-care\\\/#primaryimage\",\"url\":\"https:\\\/\\\/vitablanca.ma\\\/wp-content\\\/uploads\\\/2025\\\/07\\\/4066447220476-3611765.png\",\"contentUrl\":\"https:\\\/\\\/vitablanca.ma\\\/wp-content\\\/uploads\\\/2025\\\/07\\\/4066447220476-3611765.png\",\"width\":1200,\"height\":1200},{\"@type\":\"BreadcrumbList\",\"@id\":\"https:\\\/\\\/vitablanca.ma\\\/produit\\\/balea-serum-sans-rincage-plex-care\\\/#breadcrumb\",\"itemListElement\":[{\"@type\":\"ListItem\",\"position\":1,\"name\":\"Home\",\"item\":\"https:\\\/\\\/vitablanca.ma\\\/\"},{\"@type\":\"ListItem\",\"position\":2,\"name\":\"Tous Les Produits\",\"item\":\"https:\\\/\\\/vitablanca.ma\\\/tous-les-produits\\\/\"},{\"@type\":\"ListItem\",\"position\":3,\"name\":\"Balea Plex Care S\u00e9rum sans rin\u00e7age 50 ml\"}]},{\"@type\":\"WebSite\",\"@id\":\"https:\\\/\\\/vitablanca.ma\\\/#website\",\"url\":\"https:\\\/\\\/vitablanca.ma\\\/\",\"name\":\"VitaBlanca.ma | Compl\u00e9ments alimentaires, sant\u00e9 & beaut\u00e9 au Maroc\",\"description\":\"vendre vitamines et compl\u00e9ments premium des USA &amp; Canada, Nouvelle Z\u00e9lande,Maroc (NOW Foods, Solgar, Manuka). Livraison rapide partout au Maroc.\",\"publisher\":{\"@id\":\"https:\\\/\\\/vitablanca.ma\\\/#organization\"},\"alternateName\":\"VitaBlanca.ma\",\"potentialAction\":[{\"@type\":\"SearchAction\",\"target\":{\"@type\":\"EntryPoint\",\"urlTemplate\":\"https:\\\/\\\/vitablanca.ma\\\/?s={search_term_string}\"},\"query-input\":{\"@type\":\"PropertyValueSpecification\",\"valueRequired\":true,\"valueName\":\"search_term_string\"}}],\"inLanguage\":\"ar\"},{\"@type\":\"Organization\",\"@id\":\"https:\\\/\\\/vitablanca.ma\\\/#organization\",\"name\":\"VitaBlanca\",\"url\":\"https:\\\/\\\/vitablanca.ma\\\/\",\"logo\":{\"@type\":\"ImageObject\",\"inLanguage\":\"ar\",\"@id\":\"https:\\\/\\\/vitablanca.ma\\\/#\\\/schema\\\/logo\\\/image\\\/\",\"url\":\"https:\\\/\\\/vitablanca.ma\\\/wp-content\\\/uploads\\\/2025\\\/05\\\/cropped-vitablanca.png\",\"contentUrl\":\"https:\\\/\\\/vitablanca.ma\\\/wp-content\\\/uploads\\\/2025\\\/05\\\/cropped-vitablanca.png\",\"width\":360,\"height\":67,\"caption\":\"VitaBlanca\"},\"image\":{\"@id\":\"https:\\\/\\\/vitablanca.ma\\\/#\\\/schema\\\/logo\\\/image\\\/\"},\"sameAs\":[\"https:\\\/\\\/www.facebook.com\\\/profile.php?id=61576678196717\",\"https:\\\/\\\/www.tiktok.com\\\/@vitablanca.ma\",\"https:\\\/\\\/www.instagram.com\\\/vitablanca.ma\\\/\"]}]}<\/script>\n<!-- \/ Yoast SEO plugin. -->","yoast_head_json":{"title":"\u0633\u064a\u0631\u0648\u0645 \u0628\u0627\u0644\u064a\u0627 \u0628\u0644\u064a\u0643\u0633 \u0643\u064a\u0631 \u0644\u064a\u0641-\u0625\u0646 \u0665\u0660 \u0645\u0644 - \u0633\u0639\u0631 \u0627\u0644\u0645\u063a\u0631\u0628","description":"\u0639\u0627\u0644\u062c\u064a \u0634\u0639\u0631\u0643\u0650 \u0628\u0627\u0633\u062a\u062e\u062f\u0627\u0645 \u0633\u064a\u0631\u0648\u0645 \u0628\u0627\u0644\u064a\u0627 \u0628\u0644\u064a\u0643\u0633 \u0643\u064a\u0631 \u0627\u0644\u0630\u064a \u064a\u064f\u062a\u0631\u0643 \u0639\u0644\u0649 \u0627\u0644\u0634\u0639\u0631 \u0645\u0646 \u0627\u0644\u0645\u063a\u0631\u0628. \u0647\u0630\u0627 \u0627\u0644\u0639\u0644\u0627\u062c \u0627\u0644\u0645\u064f\u0643\u062b\u0651\u0641 \u064a\u064f\u0642\u0648\u0651\u064a \u0623\u0644\u064a\u0627\u0641 \u0627\u0644\u0634\u0639\u0631\u060c \u0648\u064a\u062d\u0645\u064a\u0647 \u062d\u062a\u0649 \u0662\u0662\u0660 \u062f\u0631\u062c\u0629 \u0645\u0626\u0648\u064a\u0629\u060c \u0648\u064a\u064f\u0642\u0644\u0651\u0644 \u0645\u0646 \u062a\u0642\u0635\u0651\u0641 \u0623\u0637\u0631\u0627\u0641\u0647.","robots":{"index":"index","follow":"follow","max-snippet":"max-snippet:-1","max-image-preview":"max-image-preview:large","max-video-preview":"max-video-preview:-1"},"canonical":"https:\/\/vitablanca.ma\/ar\/product-2\/balea-serum-sans-rincage-plex-care\/","og_locale":"ar_AR","og_type":"article","og_title":"Balea Plex Care S\u00e9rum sans rin\u00e7age 50 ml - Maroc Prix","og_description":"R\u00e9parez vos cheveux avec le s\u00e9rum sans rin\u00e7age Balea Plex Care au Maroc. Ce soin intensif renforce la fibre, prot\u00e8ge jusqu'\u00e0 220\u00b0C, r\u00e9duit les pointes","og_url":"https:\/\/vitablanca.ma\/ar\/product-2\/balea-serum-sans-rincage-plex-care\/","og_site_name":"Vitablanca.ma &ndash; Sant&eacute;, vitalit&eacute; et bien-&ecirc;tre pour tous les Marocains","article_publisher":"https:\/\/www.facebook.com\/profile.php?id=61576678196717","article_modified_time":"2025-07-13T17:26:49+00:00","og_image":[{"width":1200,"height":1200,"url":"https:\/\/vitablanca.ma\/wp-content\/uploads\/2025\/07\/4066447220476-3611765.png","type":"image\/png"}],"twitter_card":"summary_large_image","twitter_misc":{"\u0648\u0642\u062a \u0627\u0644\u0642\u0631\u0627\u0621\u0629 \u0627\u0644\u0645\u064f\u0642\u062f\u0651\u0631":"\u062f\u0642\u064a\u0642\u062a\u0627\u0646"},"schema":{"@context":"https:\/\/schema.org","@graph":[{"@type":["WebPage","ItemPage"],"@id":"https:\/\/vitablanca.ma\/produit\/balea-serum-sans-rincage-plex-care\/","url":"https:\/\/vitablanca.ma\/produit\/balea-serum-sans-rincage-plex-care\/","name":"\u0633\u064a\u0631\u0648\u0645 \u0628\u0627\u0644\u064a\u0627 \u0628\u0644\u064a\u0643\u0633 \u0643\u064a\u0631 \u0644\u064a\u0641-\u0625\u0646 \u0665\u0660 \u0645\u0644 - \u0633\u0639\u0631 \u0627\u0644\u0645\u063a\u0631\u0628","isPartOf":{"@id":"https:\/\/vitablanca.ma\/#website"},"primaryImageOfPage":{"@id":"https:\/\/vitablanca.ma\/produit\/balea-serum-sans-rincage-plex-care\/#primaryimage"},"image":{"@id":"https:\/\/vitablanca.ma\/produit\/balea-serum-sans-rincage-plex-care\/#primaryimage"},"thumbnailUrl":"https:\/\/vitablanca.ma\/wp-content\/uploads\/2025\/07\/4066447220476-3611765.png","datePublished":"2025-07-10T19:11:14+00:00","dateModified":"2025-07-13T17:26:49+00:00","description":"\u0639\u0627\u0644\u062c\u064a \u0634\u0639\u0631\u0643\u0650 \u0628\u0627\u0633\u062a\u062e\u062f\u0627\u0645 \u0633\u064a\u0631\u0648\u0645 \u0628\u0627\u0644\u064a\u0627 \u0628\u0644\u064a\u0643\u0633 \u0643\u064a\u0631 \u0627\u0644\u0630\u064a \u064a\u064f\u062a\u0631\u0643 \u0639\u0644\u0649 \u0627\u0644\u0634\u0639\u0631 \u0645\u0646 \u0627\u0644\u0645\u063a\u0631\u0628. \u0647\u0630\u0627 \u0627\u0644\u0639\u0644\u0627\u062c \u0627\u0644\u0645\u064f\u0643\u062b\u0651\u0641 \u064a\u064f\u0642\u0648\u0651\u064a \u0623\u0644\u064a\u0627\u0641 \u0627\u0644\u0634\u0639\u0631\u060c \u0648\u064a\u062d\u0645\u064a\u0647 \u062d\u062a\u0649 \u0662\u0662\u0660 \u062f\u0631\u062c\u0629 \u0645\u0626\u0648\u064a\u0629\u060c \u0648\u064a\u064f\u0642\u0644\u0651\u0644 \u0645\u0646 \u062a\u0642\u0635\u0651\u0641 \u0623\u0637\u0631\u0627\u0641\u0647.","breadcrumb":{"@id":"https:\/\/vitablanca.ma\/produit\/balea-serum-sans-rincage-plex-care\/#breadcrumb"},"inLanguage":"ar","potentialAction":[{"@type":"ReadAction","target":["https:\/\/vitablanca.ma\/produit\/balea-serum-sans-rincage-plex-care\/"]}]},{"@type":"ImageObject","inLanguage":"ar","@id":"https:\/\/vitablanca.ma\/produit\/balea-serum-sans-rincage-plex-care\/#primaryimage","url":"https:\/\/vitablanca.ma\/wp-content\/uploads\/2025\/07\/4066447220476-3611765.png","contentUrl":"https:\/\/vitablanca.ma\/wp-content\/uploads\/2025\/07\/4066447220476-3611765.png","width":1200,"height":1200},{"@type":"BreadcrumbList","@id":"https:\/\/vitablanca.ma\/produit\/balea-serum-sans-rincage-plex-care\/#breadcrumb","itemListElement":[{"@type":"ListItem","position":1,"name":"Home","item":"https:\/\/vitablanca.ma\/"},{"@type":"ListItem","position":2,"name":"Tous Les Produits","item":"https:\/\/vitablanca.ma\/tous-les-produits\/"},{"@type":"ListItem","position":3,"name":"Balea Plex Care S\u00e9rum sans rin\u00e7age 50 ml"}]},{"@type":"WebSite","@id":"https:\/\/vitablanca.ma\/#website","url":"https:\/\/vitablanca.ma\/","name":"VitaBlanca.ma | \u0627\u0644\u0645\u0643\u0645\u0644\u0627\u062a \u0627\u0644\u063a\u0630\u0627\u0626\u064a\u0629\u060c \u0627\u0644\u0635\u062d\u0629 \u0648\u0627\u0644\u062c\u0645\u0627\u0644 \u0641\u064a \u0627\u0644\u0645\u063a\u0631\u0628","description":"\u0646\u0628\u064a\u0639 \u0641\u064a\u062a\u0627\u0645\u064a\u0646\u0627\u062a \u0648\u0645\u0643\u0645\u0644\u0627\u062a \u063a\u0630\u0627\u0626\u064a\u0629 \u0641\u0627\u062e\u0631\u0629 \u0645\u0646 \u0627\u0644\u0648\u0644\u0627\u064a\u0627\u062a \u0627\u0644\u0645\u062a\u062d\u062f\u0629 \u0627\u0644\u0623\u0645\u0631\u064a\u0643\u064a\u0629 \u0648\u0643\u0646\u062f\u0627 \u0648\u0646\u064a\u0648\u0632\u064a\u0644\u0646\u062f\u0627 \u0648\u0627\u0644\u0645\u063a\u0631\u0628 (\u0646\u0627\u0648 \u0641\u0648\u062f\u0632\u060c \u0633\u0648\u0644\u062c\u0627\u0631\u060c \u0645\u0627\u0646\u0648\u0643\u0627). \u062a\u0648\u0635\u064a\u0644 \u0633\u0631\u064a\u0639 \u0625\u0644\u0649 \u062c\u0645\u064a\u0639 \u0623\u0646\u062d\u0627\u0621 \u0627\u0644\u0645\u063a\u0631\u0628.","publisher":{"@id":"https:\/\/vitablanca.ma\/#organization"},"alternateName":"VitaBlanca.ma","potentialAction":[{"@type":"SearchAction","target":{"@type":"EntryPoint","urlTemplate":"https:\/\/vitablanca.ma\/?s={search_term_string}"},"query-input":{"@type":"PropertyValueSpecification","valueRequired":true,"valueName":"search_term_string"}}],"inLanguage":"ar"},{"@type":"Organization","@id":"https:\/\/vitablanca.ma\/#organization","name":"\u0641\u064a\u062a\u0627\u0628\u0644\u0627\u0646\u0643\u0627","url":"https:\/\/vitablanca.ma\/","logo":{"@type":"ImageObject","inLanguage":"ar","@id":"https:\/\/vitablanca.ma\/#\/schema\/logo\/image\/","url":"https:\/\/vitablanca.ma\/wp-content\/uploads\/2025\/05\/cropped-vitablanca.png","contentUrl":"https:\/\/vitablanca.ma\/wp-content\/uploads\/2025\/05\/cropped-vitablanca.png","width":360,"height":67,"caption":"VitaBlanca"},"image":{"@id":"https:\/\/vitablanca.ma\/#\/schema\/logo\/image\/"},"sameAs":["https:\/\/www.facebook.com\/profile.php?id=61576678196717","https:\/\/www.tiktok.com\/@vitablanca.ma","https:\/\/www.instagram.com\/vitablanca.ma\/"]}]}},"jetpack_sharing_enabled":true,"_links":{"self":[{"href":"https:\/\/vitablanca.ma\/ar\/wp-json\/wp\/v2\/product\/24218","targetHints":{"allow":["GET"]}}],"collection":[{"href":"https:\/\/vitablanca.ma\/ar\/wp-json\/wp\/v2\/product"}],"about":[{"href":"https:\/\/vitablanca.ma\/ar\/wp-json\/wp\/v2\/types\/product"}],"wp:featuredmedia":[{"embeddable":true,"href":"https:\/\/vitablanca.ma\/ar\/wp-json\/wp\/v2\/media\/24216"}],"wp:attachment":[{"href":"https:\/\/vitablanca.ma\/ar\/wp-json\/wp\/v2\/media?parent=24218"}],"wp:term":[{"taxonomy":"product_brand","embeddable":true,"href":"https:\/\/vitablanca.ma\/ar\/wp-json\/wp\/v2\/product_brand?post=24218"},{"taxonomy":"product_cat","embeddable":true,"href":"https:\/\/vitablanca.ma\/ar\/wp-json\/wp\/v2\/product_cat?post=24218"},{"taxonomy":"product_tag","embeddable":true,"href":"https:\/\/vitablanca.ma\/ar\/wp-json\/wp\/v2\/product_tag?post=24218"}],"curies":[{"name":"wp","href":"https:\/\/api.w.org\/{rel}","templated":true}]}}