{"id":24190,"date":"2025-07-10T19:07:11","date_gmt":"2025-07-10T19:07:11","guid":{"rendered":"https:\/\/vitablanca.ma\/product\/masque-capillaire-oil-repair-intensif-300-ml\/"},"modified":"2025-07-13T17:26:50","modified_gmt":"2025-07-13T17:26:50","slug":"masque-capillaire-oil-repair-intensif-300-ml","status":"publish","type":"product","link":"https:\/\/vitablanca.ma\/ar\/product-2\/masque-capillaire-oil-repair-intensif-300-ml\/","title":{"rendered":"\u0642\u0646\u0627\u0639 \u0627\u0644\u0634\u0639\u0631 \u0627\u0644\u0645\u0643\u062b\u0641 \u0644\u0625\u0635\u0644\u0627\u062d \u0627\u0644\u0634\u0639\u0631 \u0628\u0627\u0644\u064a\u0627 \u0623\u0648\u064a\u0644\u060c 300 \u0645\u0644"},"content":{"rendered":"<ul data-mce-fragment=\"1\">\n<li data-mce-fragment=\"1\">\u0645\u0645\u064a\u0632\u0627\u062a \u0627\u0644\u0645\u0646\u062a\u062c: \u062e\u0627\u0644\u064a \u0645\u0646 \u0627\u0644\u0643\u062d\u0648\u0644\u060c \u062e\u0627\u0644\u064a \u0645\u0646 \u0627\u0644\u0633\u064a\u0644\u064a\u0643\u0648\u0646\u060c \u062e\u0627\u0644\u064a \u0645\u0646 \u0627\u0644\u0643\u0628\u0631\u064a\u062a\u0627\u062a<\/li>\n<li data-mce-fragment=\"1\">\u0634\u0639\u0631 \u062a\u0627\u0644\u0641 \u0648\u0647\u0634 \u0644\u0644\u063a\u0627\u064a\u0629<\/li>\n<li data-mce-fragment=\"1\">Formule de soin \u00e0 la k\u00e9ratine et \u00e0 l\u2019huile d\u2019argan<\/li>\n<li data-mce-fragment=\"1\">\u062a\u0631\u0643\u064a\u0628\u0629 \u062e\u0627\u0644\u064a\u0629 \u0645\u0646 \u0627\u0644\u0633\u064a\u0644\u064a\u0643\u0648\u0646<\/li>\n<li data-mce-fragment=\"1\">\u0644\u0634\u0639\u0631 \u0635\u062d\u064a \u0648\u0644\u0627\u0645\u0639<\/li>\n<li data-mce-fragment=\"1\"><span data-mce-fragment=\"1\">Formule sans microplastique ni polym\u00e8res synth\u00e9tiques purs solubles dans l\u2019eau.<\/span><\/li>\n<\/ul>\n<p data-mce-fragment=\"1\"><br data-mce-fragment=\"1\"><\/p>\n<p data-mce-fragment=\"1\">\u0644\u0634\u0639\u0631 \u0635\u062d\u064a \u0648\u0644\u0627\u0645\u0639: \u0642\u0646\u0627\u0639 \u0627\u0644\u0634\u0639\u0631 \u0628\u0627\u0644\u064a\u0627 \u0628\u0631\u0648\u0641\u064a\u0634\u0646\u0627\u0644 \u0644\u0625\u0635\u0644\u0627\u062d \u0627\u0644\u0634\u0639\u0631 \u0628\u0627\u0644\u0632\u064a\u062a \u0627\u0644\u0645\u0643\u062b\u0641 \u064a\u064f\u0635\u0644\u062d \u0627\u0644\u062a\u0644\u0641 \u0627\u0644\u0628\u0646\u064a\u0648\u064a \u0645\u0646 \u0627\u0644\u062c\u0630\u0648\u0631 \u0625\u0644\u0649 \u0627\u0644\u0623\u0637\u0631\u0627\u0641. \u064a\u064f\u0642\u0648\u064a \u0627\u0644\u0634\u0639\u0631 \u0627\u0644\u0636\u0639\u064a\u0641 \u0648\u0627\u0644\u062a\u0627\u0644\u0641 \u0648\u064a\u0639\u062a\u0646\u064a \u0628\u0647 \u0628\u0644\u0637\u0641.<\/p>","protected":false},"excerpt":{"rendered":"<p>Caract\u00e9ristiques du produit : Sans alcool, Sans silicone, Sans sulfate Cheveux extr\u00eamement ab\u00eem\u00e9s et cassants Formule de soin \u00e0 la k\u00e9ratine et \u00e0 l\u2019huile d\u2019argan Formule sans silicone Pour des cheveux brillants de sant\u00e9 Formule sans microplastique ni polym\u00e8res synth\u00e9tiques purs solubles dans l\u2019eau. Pour des cheveux brillants de sant\u00e9 : le masque capillaire Balea [&hellip;]<\/p>\n","protected":false},"featured_media":24187,"template":"","meta":{"om_disable_all_campaigns":false},"product_brand":[3236],"product_cat":[18],"product_tag":[3237,3240,3238,3239,3241],"class_list":{"0":"post-24190","1":"product","2":"type-product","3":"status-publish","4":"has-post-thumbnail","6":"product_brand-balea-dm-prix-maroc","7":"product_cat-beaute-sante","8":"product_tag-balea","9":"product_tag-balea-dm","10":"product_tag-balea-maroc","11":"product_tag-balea-morocco","12":"product_tag-dm-maroc","14":"first","15":"instock","16":"taxable","17":"shipping-taxable","18":"purchasable","19":"product-type-simple"},"yoast_head":"<!-- This site is optimized with the Yoast SEO plugin v27.5 - https:\/\/yoast.com\/product\/yoast-seo-wordpress\/ -->\n<title>Balea Masque capillaire Oil Repair Intensif, 300 ml - Maroc Prix<\/title>\n<meta name=\"description\" content=\"Offrez un soin intensif \u00e0 vos cheveux avec le masque Balea Oil Repair Intensiv 300 ml au Maroc. Ce masque riche en huiles nourrit, r\u00e9pare les cheveux\" \/>\n<meta name=\"robots\" content=\"index, follow, max-snippet:-1, max-image-preview:large, max-video-preview:-1\" \/>\n<link rel=\"canonical\" href=\"https:\/\/vitablanca.ma\/ar\/product-2\/masque-capillaire-oil-repair-intensif-300-ml\/\" \/>\n<meta property=\"og:locale\" content=\"ar_AR\" \/>\n<meta property=\"og:type\" content=\"article\" \/>\n<meta property=\"og:title\" content=\"Balea Masque capillaire Oil Repair Intensif, 300 ml - Maroc Prix\" \/>\n<meta property=\"og:description\" content=\"Offrez un soin intensif \u00e0 vos cheveux avec le masque Balea Oil Repair Intensiv 300 ml au Maroc. Ce masque riche en huiles nourrit, r\u00e9pare les cheveux\" \/>\n<meta property=\"og:url\" content=\"https:\/\/vitablanca.ma\/ar\/product-2\/masque-capillaire-oil-repair-intensif-300-ml\/\" \/>\n<meta property=\"og:site_name\" content=\"Vitablanca.ma &ndash; Sant&eacute;, vitalit&eacute; et bien-&ecirc;tre pour tous les Marocains\" \/>\n<meta property=\"article:publisher\" content=\"https:\/\/www.facebook.com\/profile.php?id=61576678196717\" \/>\n<meta property=\"article:modified_time\" content=\"2025-07-13T17:26:50+00:00\" \/>\n<meta property=\"og:image\" content=\"https:\/\/vitablanca.ma\/wp-content\/uploads\/2025\/07\/4066447241068-1084762517_5cdffe58-0a24-41b4-9237-7922b5c325b1.png\" \/>\n\t<meta property=\"og:image:width\" content=\"1191\" \/>\n\t<meta property=\"og:image:height\" content=\"1200\" \/>\n\t<meta property=\"og:image:type\" content=\"image\/png\" \/>\n<meta name=\"twitter:card\" content=\"summary_large_image\" \/>\n<meta name=\"twitter:label1\" content=\"\u0648\u0642\u062a \u0627\u0644\u0642\u0631\u0627\u0621\u0629 \u0627\u0644\u0645\u064f\u0642\u062f\u0651\u0631\" \/>\n\t<meta name=\"twitter:data1\" content=\"\u062f\u0642\u064a\u0642\u0629 \u0648\u0627\u062d\u062f\u0629\" \/>\n<script type=\"application\/ld+json\" class=\"yoast-schema-graph\">{\"@context\":\"https:\\\/\\\/schema.org\",\"@graph\":[{\"@type\":[\"WebPage\",\"ItemPage\"],\"@id\":\"https:\\\/\\\/vitablanca.ma\\\/produit\\\/masque-capillaire-oil-repair-intensif-300-ml\\\/\",\"url\":\"https:\\\/\\\/vitablanca.ma\\\/produit\\\/masque-capillaire-oil-repair-intensif-300-ml\\\/\",\"name\":\"Balea Masque capillaire Oil Repair Intensif, 300 ml - Maroc Prix\",\"isPartOf\":{\"@id\":\"https:\\\/\\\/vitablanca.ma\\\/#website\"},\"primaryImageOfPage\":{\"@id\":\"https:\\\/\\\/vitablanca.ma\\\/produit\\\/masque-capillaire-oil-repair-intensif-300-ml\\\/#primaryimage\"},\"image\":{\"@id\":\"https:\\\/\\\/vitablanca.ma\\\/produit\\\/masque-capillaire-oil-repair-intensif-300-ml\\\/#primaryimage\"},\"thumbnailUrl\":\"https:\\\/\\\/vitablanca.ma\\\/wp-content\\\/uploads\\\/2025\\\/07\\\/4066447241068-1084762517_5cdffe58-0a24-41b4-9237-7922b5c325b1.png\",\"datePublished\":\"2025-07-10T19:07:11+00:00\",\"dateModified\":\"2025-07-13T17:26:50+00:00\",\"description\":\"Offrez un soin intensif \u00e0 vos cheveux avec le masque Balea Oil Repair Intensiv 300 ml au Maroc. Ce masque riche en huiles nourrit, r\u00e9pare les cheveux\",\"breadcrumb\":{\"@id\":\"https:\\\/\\\/vitablanca.ma\\\/produit\\\/masque-capillaire-oil-repair-intensif-300-ml\\\/#breadcrumb\"},\"inLanguage\":\"ar\",\"potentialAction\":[{\"@type\":\"ReadAction\",\"target\":[\"https:\\\/\\\/vitablanca.ma\\\/produit\\\/masque-capillaire-oil-repair-intensif-300-ml\\\/\"]}]},{\"@type\":\"ImageObject\",\"inLanguage\":\"ar\",\"@id\":\"https:\\\/\\\/vitablanca.ma\\\/produit\\\/masque-capillaire-oil-repair-intensif-300-ml\\\/#primaryimage\",\"url\":\"https:\\\/\\\/vitablanca.ma\\\/wp-content\\\/uploads\\\/2025\\\/07\\\/4066447241068-1084762517_5cdffe58-0a24-41b4-9237-7922b5c325b1.png\",\"contentUrl\":\"https:\\\/\\\/vitablanca.ma\\\/wp-content\\\/uploads\\\/2025\\\/07\\\/4066447241068-1084762517_5cdffe58-0a24-41b4-9237-7922b5c325b1.png\",\"width\":1191,\"height\":1200},{\"@type\":\"BreadcrumbList\",\"@id\":\"https:\\\/\\\/vitablanca.ma\\\/produit\\\/masque-capillaire-oil-repair-intensif-300-ml\\\/#breadcrumb\",\"itemListElement\":[{\"@type\":\"ListItem\",\"position\":1,\"name\":\"Home\",\"item\":\"https:\\\/\\\/vitablanca.ma\\\/\"},{\"@type\":\"ListItem\",\"position\":2,\"name\":\"Tous Les Produits\",\"item\":\"https:\\\/\\\/vitablanca.ma\\\/tous-les-produits\\\/\"},{\"@type\":\"ListItem\",\"position\":3,\"name\":\"Balea Masque capillaire Oil Repair Intensif, 300 ml\"}]},{\"@type\":\"WebSite\",\"@id\":\"https:\\\/\\\/vitablanca.ma\\\/#website\",\"url\":\"https:\\\/\\\/vitablanca.ma\\\/\",\"name\":\"VitaBlanca.ma | Compl\u00e9ments alimentaires, sant\u00e9 & beaut\u00e9 au Maroc\",\"description\":\"vendre vitamines et compl\u00e9ments premium des USA &amp; Canada, Nouvelle Z\u00e9lande,Maroc (NOW Foods, Solgar, Manuka). Livraison rapide partout au Maroc.\",\"publisher\":{\"@id\":\"https:\\\/\\\/vitablanca.ma\\\/#organization\"},\"alternateName\":\"VitaBlanca.ma\",\"potentialAction\":[{\"@type\":\"SearchAction\",\"target\":{\"@type\":\"EntryPoint\",\"urlTemplate\":\"https:\\\/\\\/vitablanca.ma\\\/?s={search_term_string}\"},\"query-input\":{\"@type\":\"PropertyValueSpecification\",\"valueRequired\":true,\"valueName\":\"search_term_string\"}}],\"inLanguage\":\"ar\"},{\"@type\":\"Organization\",\"@id\":\"https:\\\/\\\/vitablanca.ma\\\/#organization\",\"name\":\"VitaBlanca\",\"url\":\"https:\\\/\\\/vitablanca.ma\\\/\",\"logo\":{\"@type\":\"ImageObject\",\"inLanguage\":\"ar\",\"@id\":\"https:\\\/\\\/vitablanca.ma\\\/#\\\/schema\\\/logo\\\/image\\\/\",\"url\":\"https:\\\/\\\/vitablanca.ma\\\/wp-content\\\/uploads\\\/2025\\\/05\\\/cropped-vitablanca.png\",\"contentUrl\":\"https:\\\/\\\/vitablanca.ma\\\/wp-content\\\/uploads\\\/2025\\\/05\\\/cropped-vitablanca.png\",\"width\":360,\"height\":67,\"caption\":\"VitaBlanca\"},\"image\":{\"@id\":\"https:\\\/\\\/vitablanca.ma\\\/#\\\/schema\\\/logo\\\/image\\\/\"},\"sameAs\":[\"https:\\\/\\\/www.facebook.com\\\/profile.php?id=61576678196717\",\"https:\\\/\\\/www.tiktok.com\\\/@vitablanca.ma\",\"https:\\\/\\\/www.instagram.com\\\/vitablanca.ma\\\/\"]}]}<\/script>\n<!-- \/ Yoast SEO plugin. -->","yoast_head_json":{"title":"\u0642\u0646\u0627\u0639 \u0627\u0644\u0634\u0639\u0631 \u0627\u0644\u0645\u0643\u062b\u0641 \u0644\u0625\u0635\u0644\u0627\u062d \u0627\u0644\u0634\u0639\u0631 \u0628\u0627\u0644\u064a\u0627 \u0623\u0648\u064a\u0644\u060c 300 \u0645\u0644 - \u0633\u0639\u0631 \u0627\u0644\u0645\u063a\u0631\u0628","description":"\u062f\u0644\u0644\u064a \u0634\u0639\u0631\u0643\u0650 \u0628\u0639\u0646\u0627\u064a\u0629 \u0641\u0627\u0626\u0642\u0629 \u0645\u0639 \u0642\u0646\u0627\u0639 \u0628\u0627\u0644\u064a\u0627 \u0623\u0648\u064a\u0644 \u0631\u064a\u0628\u064a\u0631 \u0625\u0646\u062a\u0633\u064a\u0641 300 \u0645\u0644 \u0645\u0646 \u0627\u0644\u0645\u063a\u0631\u0628. \u0647\u0630\u0627 \u0627\u0644\u0642\u0646\u0627\u0639 \u0627\u0644\u063a\u0646\u064a \u0628\u0627\u0644\u0632\u064a\u0648\u062a \u064a\u064f\u063a\u0630\u064a \u0627\u0644\u0634\u0639\u0631 \u0648\u064a\u064f\u0635\u0644\u062d\u0647.","robots":{"index":"index","follow":"follow","max-snippet":"max-snippet:-1","max-image-preview":"max-image-preview:large","max-video-preview":"max-video-preview:-1"},"canonical":"https:\/\/vitablanca.ma\/ar\/product-2\/masque-capillaire-oil-repair-intensif-300-ml\/","og_locale":"ar_AR","og_type":"article","og_title":"Balea Masque capillaire Oil Repair Intensif, 300 ml - Maroc Prix","og_description":"Offrez un soin intensif \u00e0 vos cheveux avec le masque Balea Oil Repair Intensiv 300 ml au Maroc. Ce masque riche en huiles nourrit, r\u00e9pare les cheveux","og_url":"https:\/\/vitablanca.ma\/ar\/product-2\/masque-capillaire-oil-repair-intensif-300-ml\/","og_site_name":"Vitablanca.ma &ndash; Sant&eacute;, vitalit&eacute; et bien-&ecirc;tre pour tous les Marocains","article_publisher":"https:\/\/www.facebook.com\/profile.php?id=61576678196717","article_modified_time":"2025-07-13T17:26:50+00:00","og_image":[{"width":1191,"height":1200,"url":"https:\/\/vitablanca.ma\/wp-content\/uploads\/2025\/07\/4066447241068-1084762517_5cdffe58-0a24-41b4-9237-7922b5c325b1.png","type":"image\/png"}],"twitter_card":"summary_large_image","twitter_misc":{"\u0648\u0642\u062a \u0627\u0644\u0642\u0631\u0627\u0621\u0629 \u0627\u0644\u0645\u064f\u0642\u062f\u0651\u0631":"\u062f\u0642\u064a\u0642\u0629 \u0648\u0627\u062d\u062f\u0629"},"schema":{"@context":"https:\/\/schema.org","@graph":[{"@type":["WebPage","ItemPage"],"@id":"https:\/\/vitablanca.ma\/produit\/masque-capillaire-oil-repair-intensif-300-ml\/","url":"https:\/\/vitablanca.ma\/produit\/masque-capillaire-oil-repair-intensif-300-ml\/","name":"\u0642\u0646\u0627\u0639 \u0627\u0644\u0634\u0639\u0631 \u0627\u0644\u0645\u0643\u062b\u0641 \u0644\u0625\u0635\u0644\u0627\u062d \u0627\u0644\u0634\u0639\u0631 \u0628\u0627\u0644\u064a\u0627 \u0623\u0648\u064a\u0644\u060c 300 \u0645\u0644 - \u0633\u0639\u0631 \u0627\u0644\u0645\u063a\u0631\u0628","isPartOf":{"@id":"https:\/\/vitablanca.ma\/#website"},"primaryImageOfPage":{"@id":"https:\/\/vitablanca.ma\/produit\/masque-capillaire-oil-repair-intensif-300-ml\/#primaryimage"},"image":{"@id":"https:\/\/vitablanca.ma\/produit\/masque-capillaire-oil-repair-intensif-300-ml\/#primaryimage"},"thumbnailUrl":"https:\/\/vitablanca.ma\/wp-content\/uploads\/2025\/07\/4066447241068-1084762517_5cdffe58-0a24-41b4-9237-7922b5c325b1.png","datePublished":"2025-07-10T19:07:11+00:00","dateModified":"2025-07-13T17:26:50+00:00","description":"\u062f\u0644\u0644\u064a \u0634\u0639\u0631\u0643\u0650 \u0628\u0639\u0646\u0627\u064a\u0629 \u0641\u0627\u0626\u0642\u0629 \u0645\u0639 \u0642\u0646\u0627\u0639 \u0628\u0627\u0644\u064a\u0627 \u0623\u0648\u064a\u0644 \u0631\u064a\u0628\u064a\u0631 \u0625\u0646\u062a\u0633\u064a\u0641 300 \u0645\u0644 \u0645\u0646 \u0627\u0644\u0645\u063a\u0631\u0628. \u0647\u0630\u0627 \u0627\u0644\u0642\u0646\u0627\u0639 \u0627\u0644\u063a\u0646\u064a \u0628\u0627\u0644\u0632\u064a\u0648\u062a \u064a\u064f\u063a\u0630\u064a \u0627\u0644\u0634\u0639\u0631 \u0648\u064a\u064f\u0635\u0644\u062d\u0647.","breadcrumb":{"@id":"https:\/\/vitablanca.ma\/produit\/masque-capillaire-oil-repair-intensif-300-ml\/#breadcrumb"},"inLanguage":"ar","potentialAction":[{"@type":"ReadAction","target":["https:\/\/vitablanca.ma\/produit\/masque-capillaire-oil-repair-intensif-300-ml\/"]}]},{"@type":"ImageObject","inLanguage":"ar","@id":"https:\/\/vitablanca.ma\/produit\/masque-capillaire-oil-repair-intensif-300-ml\/#primaryimage","url":"https:\/\/vitablanca.ma\/wp-content\/uploads\/2025\/07\/4066447241068-1084762517_5cdffe58-0a24-41b4-9237-7922b5c325b1.png","contentUrl":"https:\/\/vitablanca.ma\/wp-content\/uploads\/2025\/07\/4066447241068-1084762517_5cdffe58-0a24-41b4-9237-7922b5c325b1.png","width":1191,"height":1200},{"@type":"BreadcrumbList","@id":"https:\/\/vitablanca.ma\/produit\/masque-capillaire-oil-repair-intensif-300-ml\/#breadcrumb","itemListElement":[{"@type":"ListItem","position":1,"name":"Home","item":"https:\/\/vitablanca.ma\/"},{"@type":"ListItem","position":2,"name":"Tous Les Produits","item":"https:\/\/vitablanca.ma\/tous-les-produits\/"},{"@type":"ListItem","position":3,"name":"Balea Masque capillaire Oil Repair Intensif, 300 ml"}]},{"@type":"WebSite","@id":"https:\/\/vitablanca.ma\/#website","url":"https:\/\/vitablanca.ma\/","name":"VitaBlanca.ma | \u0627\u0644\u0645\u0643\u0645\u0644\u0627\u062a \u0627\u0644\u063a\u0630\u0627\u0626\u064a\u0629\u060c \u0627\u0644\u0635\u062d\u0629 \u0648\u0627\u0644\u062c\u0645\u0627\u0644 \u0641\u064a \u0627\u0644\u0645\u063a\u0631\u0628","description":"\u0646\u0628\u064a\u0639 \u0641\u064a\u062a\u0627\u0645\u064a\u0646\u0627\u062a \u0648\u0645\u0643\u0645\u0644\u0627\u062a \u063a\u0630\u0627\u0626\u064a\u0629 \u0641\u0627\u062e\u0631\u0629 \u0645\u0646 \u0627\u0644\u0648\u0644\u0627\u064a\u0627\u062a \u0627\u0644\u0645\u062a\u062d\u062f\u0629 \u0627\u0644\u0623\u0645\u0631\u064a\u0643\u064a\u0629 \u0648\u0643\u0646\u062f\u0627 \u0648\u0646\u064a\u0648\u0632\u064a\u0644\u0646\u062f\u0627 \u0648\u0627\u0644\u0645\u063a\u0631\u0628 (\u0646\u0627\u0648 \u0641\u0648\u062f\u0632\u060c \u0633\u0648\u0644\u062c\u0627\u0631\u060c \u0645\u0627\u0646\u0648\u0643\u0627). \u062a\u0648\u0635\u064a\u0644 \u0633\u0631\u064a\u0639 \u0625\u0644\u0649 \u062c\u0645\u064a\u0639 \u0623\u0646\u062d\u0627\u0621 \u0627\u0644\u0645\u063a\u0631\u0628.","publisher":{"@id":"https:\/\/vitablanca.ma\/#organization"},"alternateName":"VitaBlanca.ma","potentialAction":[{"@type":"SearchAction","target":{"@type":"EntryPoint","urlTemplate":"https:\/\/vitablanca.ma\/?s={search_term_string}"},"query-input":{"@type":"PropertyValueSpecification","valueRequired":true,"valueName":"search_term_string"}}],"inLanguage":"ar"},{"@type":"Organization","@id":"https:\/\/vitablanca.ma\/#organization","name":"\u0641\u064a\u062a\u0627\u0628\u0644\u0627\u0646\u0643\u0627","url":"https:\/\/vitablanca.ma\/","logo":{"@type":"ImageObject","inLanguage":"ar","@id":"https:\/\/vitablanca.ma\/#\/schema\/logo\/image\/","url":"https:\/\/vitablanca.ma\/wp-content\/uploads\/2025\/05\/cropped-vitablanca.png","contentUrl":"https:\/\/vitablanca.ma\/wp-content\/uploads\/2025\/05\/cropped-vitablanca.png","width":360,"height":67,"caption":"VitaBlanca"},"image":{"@id":"https:\/\/vitablanca.ma\/#\/schema\/logo\/image\/"},"sameAs":["https:\/\/www.facebook.com\/profile.php?id=61576678196717","https:\/\/www.tiktok.com\/@vitablanca.ma","https:\/\/www.instagram.com\/vitablanca.ma\/"]}]}},"jetpack_sharing_enabled":true,"_links":{"self":[{"href":"https:\/\/vitablanca.ma\/ar\/wp-json\/wp\/v2\/product\/24190","targetHints":{"allow":["GET"]}}],"collection":[{"href":"https:\/\/vitablanca.ma\/ar\/wp-json\/wp\/v2\/product"}],"about":[{"href":"https:\/\/vitablanca.ma\/ar\/wp-json\/wp\/v2\/types\/product"}],"wp:featuredmedia":[{"embeddable":true,"href":"https:\/\/vitablanca.ma\/ar\/wp-json\/wp\/v2\/media\/24187"}],"wp:attachment":[{"href":"https:\/\/vitablanca.ma\/ar\/wp-json\/wp\/v2\/media?parent=24190"}],"wp:term":[{"taxonomy":"product_brand","embeddable":true,"href":"https:\/\/vitablanca.ma\/ar\/wp-json\/wp\/v2\/product_brand?post=24190"},{"taxonomy":"product_cat","embeddable":true,"href":"https:\/\/vitablanca.ma\/ar\/wp-json\/wp\/v2\/product_cat?post=24190"},{"taxonomy":"product_tag","embeddable":true,"href":"https:\/\/vitablanca.ma\/ar\/wp-json\/wp\/v2\/product_tag?post=24190"}],"curies":[{"name":"wp","href":"https:\/\/api.w.org\/{rel}","templated":true}]}}