{"id":24167,"date":"2025-07-10T19:04:44","date_gmt":"2025-07-10T19:04:44","guid":{"rendered":"https:\/\/vitablanca.ma\/product\/balea-shampooing-sec-pour-cheveux-clairs\/"},"modified":"2025-07-13T17:26:52","modified_gmt":"2025-07-13T17:26:52","slug":"balea-shampooing-sec-pour-cheveux-clairs","status":"publish","type":"product","link":"https:\/\/vitablanca.ma\/ar\/product-2\/balea-shampooing-sec-pour-cheveux-clairs\/","title":{"rendered":"\u0634\u0627\u0645\u0628\u0648 \u0628\u0627\u0644\u064a\u0627 \u0627\u0644\u062c\u0627\u0641 \u0644\u0644\u0634\u0639\u0631 \u0627\u0644\u062e\u0641\u064a\u0641"},"content":{"rendered":"<h3><strong data-start=\"349\" data-end=\"393\">Rafra\u00eechit & illumine les cheveux blonds\u00a0<\/strong><\/h3>\n<ul>\n<li>Sans laver les cheveux<\/li>\n<li>Fra\u00eecheur suppl\u00e9mentaire<\/li>\n<li>Pour entre-deux & en voyage.<\/li>\n<li>\u0627\u0644\u062d\u062c\u0645: 200 \u0645\u0644<\/li>\n<\/ul>\n<h4><strong><span style=\"font-size: 11pt; line-height: 104%; font-family: 'Segoe UI Emoji', sans-serif;\">\ud83d\udccc<\/span><span lang=\"EN-US\" style=\"font-size: 11pt; line-height: 104%; font-family: Arial, sans-serif;\"> \u0648\u0635\u0641 \u0627\u0644\u0645\u0646\u062a\u062c <\/span><\/strong><\/h4>\n<p>Pour entre deux et en voyage : Le shampooing sec pour cheveux clairs de Balea est id\u00e9al entre les shampooings normaux ! La coiffure est ensuite rafra\u00eechie de fond en comble et a de nouveau du corps. Sans eau ni s\u00e8che-cheveux, un nouveau volume et un nouvel \u00e9lan ! Formule sans microplastiques et polym\u00e8res synth\u00e9tiques purs solubles dans l\u2019eau.<\/p>\n<h4><strong><span style=\"font-size: 11pt; line-height: 104%; font-family: 'Segoe UI Emoji', sans-serif;\">\ud83d\udca1<\/span><span lang=\"EN-US\" style=\"font-size: 11pt; line-height: 104%; font-family: Arial, sans-serif;\"> \u0637\u0631\u064a\u0642\u0629 \u0627\u0644\u0627\u0633\u062a\u062e\u062f\u0627\u0645 <\/span><\/strong><\/h4>\n<p>Brosser soigneusement les cheveux. Pour prot\u00e9ger les v\u00eatements, placer une serviette autour des \u00e9paules. Bien agiter la bombe avant la premi\u00e8re vaporisation et avant chaque vaporisation suppl\u00e9mentaire. Vaporiser uniform\u00e9ment et avec parcimonie des parties individuelles de cheveux secs \u00e0 une distance d\u2019environ 20 cm. Laisser agir bri\u00e8vement et brosser soigneusement ou utiliser pendant la nuit.<\/p>","protected":false},"excerpt":{"rendered":"<ul>\n<li>\u0646\u0648\u0639 \u0627\u0644\u0634\u0639\u0631: \u0634\u0639\u0631 \u062f\u0647\u0646\u064a\u060c \u0634\u0639\u0631 \u0639\u0627\u062f\u064a<\/li>\n<li>\u0627\u0644\u062a\u0623\u062b\u064a\u0631: \u0627\u0644\u062a\u0635\u0645\u064a\u0645 \u0648\u0627\u0644\u062d\u062c\u0645<\/li>\n<li>Sans ammoniaque, Sans silicone<\/li>\n<li>Pour les cheveux clairs<\/li>\n<li>Effet anti-graisse<\/li>\n<\/ul>","protected":false},"featured_media":24165,"template":"","meta":{"om_disable_all_campaigns":false},"product_brand":[3236],"product_cat":[18],"product_tag":[3237,3240,3238,3239,3241],"class_list":{"0":"post-24167","1":"product","2":"type-product","3":"status-publish","4":"has-post-thumbnail","6":"product_brand-balea-dm-prix-maroc","7":"product_cat-beaute-sante","8":"product_tag-balea","9":"product_tag-balea-dm","10":"product_tag-balea-maroc","11":"product_tag-balea-morocco","12":"product_tag-dm-maroc","14":"first","15":"instock","16":"taxable","17":"shipping-taxable","18":"purchasable","19":"product-type-simple"},"yoast_head":"<!-- This site is optimized with the Yoast SEO plugin v27.5 - https:\/\/yoast.com\/product\/yoast-seo-wordpress\/ -->\n<title>Balea Shampooing sec pour cheveux clairs - Maroc Prix<\/title>\n<meta name=\"description\" content=\"D\u00e9couvrez le shampooing sec Balea pour cheveux clairs au Maroc. Formul\u00e9 pour les blondes, il absorbe le s\u00e9bum, apporte volume et \u00e9vite les r\u00e9sidus blancs,\" \/>\n<meta name=\"robots\" content=\"index, follow, max-snippet:-1, max-image-preview:large, max-video-preview:-1\" \/>\n<link rel=\"canonical\" href=\"https:\/\/vitablanca.ma\/ar\/product-2\/balea-shampooing-sec-pour-cheveux-clairs\/\" \/>\n<meta property=\"og:locale\" content=\"ar_AR\" \/>\n<meta property=\"og:type\" content=\"article\" \/>\n<meta property=\"og:title\" content=\"Balea Shampooing sec pour cheveux clairs - Maroc Prix\" \/>\n<meta property=\"og:description\" content=\"D\u00e9couvrez le shampooing sec Balea pour cheveux clairs au Maroc. Formul\u00e9 pour les blondes, il absorbe le s\u00e9bum, apporte volume et \u00e9vite les r\u00e9sidus blancs,\" \/>\n<meta property=\"og:url\" content=\"https:\/\/vitablanca.ma\/ar\/product-2\/balea-shampooing-sec-pour-cheveux-clairs\/\" \/>\n<meta property=\"og:site_name\" content=\"Vitablanca.ma &ndash; Sant&eacute;, vitalit&eacute; et bien-&ecirc;tre pour tous les Marocains\" \/>\n<meta property=\"article:publisher\" content=\"https:\/\/www.facebook.com\/profile.php?id=61576678196717\" \/>\n<meta property=\"article:modified_time\" content=\"2025-07-13T17:26:52+00:00\" \/>\n<meta property=\"og:image\" content=\"https:\/\/vitablanca.ma\/wp-content\/uploads\/2025\/07\/4066447068894-3249342.png\" \/>\n\t<meta property=\"og:image:width\" content=\"1200\" \/>\n\t<meta property=\"og:image:height\" content=\"1200\" \/>\n\t<meta property=\"og:image:type\" content=\"image\/png\" \/>\n<meta name=\"twitter:card\" content=\"summary_large_image\" \/>\n<meta name=\"twitter:label1\" content=\"\u0648\u0642\u062a \u0627\u0644\u0642\u0631\u0627\u0621\u0629 \u0627\u0644\u0645\u064f\u0642\u062f\u0651\u0631\" \/>\n\t<meta name=\"twitter:data1\" content=\"\u062f\u0642\u064a\u0642\u0629 \u0648\u0627\u062d\u062f\u0629\" \/>\n<script type=\"application\/ld+json\" class=\"yoast-schema-graph\">{\"@context\":\"https:\\\/\\\/schema.org\",\"@graph\":[{\"@type\":[\"WebPage\",\"ItemPage\"],\"@id\":\"https:\\\/\\\/vitablanca.ma\\\/produit\\\/balea-shampooing-sec-pour-cheveux-clairs\\\/\",\"url\":\"https:\\\/\\\/vitablanca.ma\\\/produit\\\/balea-shampooing-sec-pour-cheveux-clairs\\\/\",\"name\":\"Balea Shampooing sec pour cheveux clairs - Maroc Prix\",\"isPartOf\":{\"@id\":\"https:\\\/\\\/vitablanca.ma\\\/#website\"},\"primaryImageOfPage\":{\"@id\":\"https:\\\/\\\/vitablanca.ma\\\/produit\\\/balea-shampooing-sec-pour-cheveux-clairs\\\/#primaryimage\"},\"image\":{\"@id\":\"https:\\\/\\\/vitablanca.ma\\\/produit\\\/balea-shampooing-sec-pour-cheveux-clairs\\\/#primaryimage\"},\"thumbnailUrl\":\"https:\\\/\\\/vitablanca.ma\\\/wp-content\\\/uploads\\\/2025\\\/07\\\/4066447068894-3249342.png\",\"datePublished\":\"2025-07-10T19:04:44+00:00\",\"dateModified\":\"2025-07-13T17:26:52+00:00\",\"description\":\"D\u00e9couvrez le shampooing sec Balea pour cheveux clairs au Maroc. Formul\u00e9 pour les blondes, il absorbe le s\u00e9bum, apporte volume et \u00e9vite les r\u00e9sidus blancs,\",\"breadcrumb\":{\"@id\":\"https:\\\/\\\/vitablanca.ma\\\/produit\\\/balea-shampooing-sec-pour-cheveux-clairs\\\/#breadcrumb\"},\"inLanguage\":\"ar\",\"potentialAction\":[{\"@type\":\"ReadAction\",\"target\":[\"https:\\\/\\\/vitablanca.ma\\\/produit\\\/balea-shampooing-sec-pour-cheveux-clairs\\\/\"]}]},{\"@type\":\"ImageObject\",\"inLanguage\":\"ar\",\"@id\":\"https:\\\/\\\/vitablanca.ma\\\/produit\\\/balea-shampooing-sec-pour-cheveux-clairs\\\/#primaryimage\",\"url\":\"https:\\\/\\\/vitablanca.ma\\\/wp-content\\\/uploads\\\/2025\\\/07\\\/4066447068894-3249342.png\",\"contentUrl\":\"https:\\\/\\\/vitablanca.ma\\\/wp-content\\\/uploads\\\/2025\\\/07\\\/4066447068894-3249342.png\",\"width\":1200,\"height\":1200},{\"@type\":\"BreadcrumbList\",\"@id\":\"https:\\\/\\\/vitablanca.ma\\\/produit\\\/balea-shampooing-sec-pour-cheveux-clairs\\\/#breadcrumb\",\"itemListElement\":[{\"@type\":\"ListItem\",\"position\":1,\"name\":\"Home\",\"item\":\"https:\\\/\\\/vitablanca.ma\\\/\"},{\"@type\":\"ListItem\",\"position\":2,\"name\":\"Tous Les Produits\",\"item\":\"https:\\\/\\\/vitablanca.ma\\\/tous-les-produits\\\/\"},{\"@type\":\"ListItem\",\"position\":3,\"name\":\"Balea Shampooing sec pour cheveux clairs\"}]},{\"@type\":\"WebSite\",\"@id\":\"https:\\\/\\\/vitablanca.ma\\\/#website\",\"url\":\"https:\\\/\\\/vitablanca.ma\\\/\",\"name\":\"VitaBlanca.ma | Compl\u00e9ments alimentaires, sant\u00e9 & beaut\u00e9 au Maroc\",\"description\":\"vendre vitamines et compl\u00e9ments premium des USA &amp; Canada, Nouvelle Z\u00e9lande,Maroc (NOW Foods, Solgar, Manuka). Livraison rapide partout au Maroc.\",\"publisher\":{\"@id\":\"https:\\\/\\\/vitablanca.ma\\\/#organization\"},\"alternateName\":\"VitaBlanca.ma\",\"potentialAction\":[{\"@type\":\"SearchAction\",\"target\":{\"@type\":\"EntryPoint\",\"urlTemplate\":\"https:\\\/\\\/vitablanca.ma\\\/?s={search_term_string}\"},\"query-input\":{\"@type\":\"PropertyValueSpecification\",\"valueRequired\":true,\"valueName\":\"search_term_string\"}}],\"inLanguage\":\"ar\"},{\"@type\":\"Organization\",\"@id\":\"https:\\\/\\\/vitablanca.ma\\\/#organization\",\"name\":\"VitaBlanca\",\"url\":\"https:\\\/\\\/vitablanca.ma\\\/\",\"logo\":{\"@type\":\"ImageObject\",\"inLanguage\":\"ar\",\"@id\":\"https:\\\/\\\/vitablanca.ma\\\/#\\\/schema\\\/logo\\\/image\\\/\",\"url\":\"https:\\\/\\\/vitablanca.ma\\\/wp-content\\\/uploads\\\/2025\\\/05\\\/cropped-vitablanca.png\",\"contentUrl\":\"https:\\\/\\\/vitablanca.ma\\\/wp-content\\\/uploads\\\/2025\\\/05\\\/cropped-vitablanca.png\",\"width\":360,\"height\":67,\"caption\":\"VitaBlanca\"},\"image\":{\"@id\":\"https:\\\/\\\/vitablanca.ma\\\/#\\\/schema\\\/logo\\\/image\\\/\"},\"sameAs\":[\"https:\\\/\\\/www.facebook.com\\\/profile.php?id=61576678196717\",\"https:\\\/\\\/www.tiktok.com\\\/@vitablanca.ma\",\"https:\\\/\\\/www.instagram.com\\\/vitablanca.ma\\\/\"]}]}<\/script>\n<!-- \/ Yoast SEO plugin. -->","yoast_head_json":{"title":"Balea Shampooing sec pour cheveux clairs - Maroc Prix","description":"D\u00e9couvrez le shampooing sec Balea pour cheveux clairs au Maroc. Formul\u00e9 pour les blondes, il absorbe le s\u00e9bum, apporte volume et \u00e9vite les r\u00e9sidus blancs,","robots":{"index":"index","follow":"follow","max-snippet":"max-snippet:-1","max-image-preview":"max-image-preview:large","max-video-preview":"max-video-preview:-1"},"canonical":"https:\/\/vitablanca.ma\/ar\/product-2\/balea-shampooing-sec-pour-cheveux-clairs\/","og_locale":"ar_AR","og_type":"article","og_title":"Balea Shampooing sec pour cheveux clairs - Maroc Prix","og_description":"D\u00e9couvrez le shampooing sec Balea pour cheveux clairs au Maroc. Formul\u00e9 pour les blondes, il absorbe le s\u00e9bum, apporte volume et \u00e9vite les r\u00e9sidus blancs,","og_url":"https:\/\/vitablanca.ma\/ar\/product-2\/balea-shampooing-sec-pour-cheveux-clairs\/","og_site_name":"Vitablanca.ma &ndash; Sant&eacute;, vitalit&eacute; et bien-&ecirc;tre pour tous les Marocains","article_publisher":"https:\/\/www.facebook.com\/profile.php?id=61576678196717","article_modified_time":"2025-07-13T17:26:52+00:00","og_image":[{"width":1200,"height":1200,"url":"https:\/\/vitablanca.ma\/wp-content\/uploads\/2025\/07\/4066447068894-3249342.png","type":"image\/png"}],"twitter_card":"summary_large_image","twitter_misc":{"\u0648\u0642\u062a \u0627\u0644\u0642\u0631\u0627\u0621\u0629 \u0627\u0644\u0645\u064f\u0642\u062f\u0651\u0631":"\u062f\u0642\u064a\u0642\u0629 \u0648\u0627\u062d\u062f\u0629"},"schema":{"@context":"https:\/\/schema.org","@graph":[{"@type":["WebPage","ItemPage"],"@id":"https:\/\/vitablanca.ma\/produit\/balea-shampooing-sec-pour-cheveux-clairs\/","url":"https:\/\/vitablanca.ma\/produit\/balea-shampooing-sec-pour-cheveux-clairs\/","name":"Balea Shampooing sec pour cheveux clairs - Maroc Prix","isPartOf":{"@id":"https:\/\/vitablanca.ma\/#website"},"primaryImageOfPage":{"@id":"https:\/\/vitablanca.ma\/produit\/balea-shampooing-sec-pour-cheveux-clairs\/#primaryimage"},"image":{"@id":"https:\/\/vitablanca.ma\/produit\/balea-shampooing-sec-pour-cheveux-clairs\/#primaryimage"},"thumbnailUrl":"https:\/\/vitablanca.ma\/wp-content\/uploads\/2025\/07\/4066447068894-3249342.png","datePublished":"2025-07-10T19:04:44+00:00","dateModified":"2025-07-13T17:26:52+00:00","description":"D\u00e9couvrez le shampooing sec Balea pour cheveux clairs au Maroc. Formul\u00e9 pour les blondes, il absorbe le s\u00e9bum, apporte volume et \u00e9vite les r\u00e9sidus blancs,","breadcrumb":{"@id":"https:\/\/vitablanca.ma\/produit\/balea-shampooing-sec-pour-cheveux-clairs\/#breadcrumb"},"inLanguage":"ar","potentialAction":[{"@type":"ReadAction","target":["https:\/\/vitablanca.ma\/produit\/balea-shampooing-sec-pour-cheveux-clairs\/"]}]},{"@type":"ImageObject","inLanguage":"ar","@id":"https:\/\/vitablanca.ma\/produit\/balea-shampooing-sec-pour-cheveux-clairs\/#primaryimage","url":"https:\/\/vitablanca.ma\/wp-content\/uploads\/2025\/07\/4066447068894-3249342.png","contentUrl":"https:\/\/vitablanca.ma\/wp-content\/uploads\/2025\/07\/4066447068894-3249342.png","width":1200,"height":1200},{"@type":"BreadcrumbList","@id":"https:\/\/vitablanca.ma\/produit\/balea-shampooing-sec-pour-cheveux-clairs\/#breadcrumb","itemListElement":[{"@type":"ListItem","position":1,"name":"Home","item":"https:\/\/vitablanca.ma\/"},{"@type":"ListItem","position":2,"name":"Tous Les Produits","item":"https:\/\/vitablanca.ma\/tous-les-produits\/"},{"@type":"ListItem","position":3,"name":"Balea Shampooing sec pour cheveux clairs"}]},{"@type":"WebSite","@id":"https:\/\/vitablanca.ma\/#website","url":"https:\/\/vitablanca.ma\/","name":"VitaBlanca.ma | \u0627\u0644\u0645\u0643\u0645\u0644\u0627\u062a \u0627\u0644\u063a\u0630\u0627\u0626\u064a\u0629\u060c \u0627\u0644\u0635\u062d\u0629 \u0648\u0627\u0644\u062c\u0645\u0627\u0644 \u0641\u064a \u0627\u0644\u0645\u063a\u0631\u0628","description":"\u0646\u0628\u064a\u0639 \u0641\u064a\u062a\u0627\u0645\u064a\u0646\u0627\u062a \u0648\u0645\u0643\u0645\u0644\u0627\u062a \u063a\u0630\u0627\u0626\u064a\u0629 \u0641\u0627\u062e\u0631\u0629 \u0645\u0646 \u0627\u0644\u0648\u0644\u0627\u064a\u0627\u062a \u0627\u0644\u0645\u062a\u062d\u062f\u0629 \u0627\u0644\u0623\u0645\u0631\u064a\u0643\u064a\u0629 \u0648\u0643\u0646\u062f\u0627 \u0648\u0646\u064a\u0648\u0632\u064a\u0644\u0646\u062f\u0627 \u0648\u0627\u0644\u0645\u063a\u0631\u0628 (\u0646\u0627\u0648 \u0641\u0648\u062f\u0632\u060c \u0633\u0648\u0644\u062c\u0627\u0631\u060c \u0645\u0627\u0646\u0648\u0643\u0627). \u062a\u0648\u0635\u064a\u0644 \u0633\u0631\u064a\u0639 \u0625\u0644\u0649 \u062c\u0645\u064a\u0639 \u0623\u0646\u062d\u0627\u0621 \u0627\u0644\u0645\u063a\u0631\u0628.","publisher":{"@id":"https:\/\/vitablanca.ma\/#organization"},"alternateName":"VitaBlanca.ma","potentialAction":[{"@type":"SearchAction","target":{"@type":"EntryPoint","urlTemplate":"https:\/\/vitablanca.ma\/?s={search_term_string}"},"query-input":{"@type":"PropertyValueSpecification","valueRequired":true,"valueName":"search_term_string"}}],"inLanguage":"ar"},{"@type":"Organization","@id":"https:\/\/vitablanca.ma\/#organization","name":"\u0641\u064a\u062a\u0627\u0628\u0644\u0627\u0646\u0643\u0627","url":"https:\/\/vitablanca.ma\/","logo":{"@type":"ImageObject","inLanguage":"ar","@id":"https:\/\/vitablanca.ma\/#\/schema\/logo\/image\/","url":"https:\/\/vitablanca.ma\/wp-content\/uploads\/2025\/05\/cropped-vitablanca.png","contentUrl":"https:\/\/vitablanca.ma\/wp-content\/uploads\/2025\/05\/cropped-vitablanca.png","width":360,"height":67,"caption":"VitaBlanca"},"image":{"@id":"https:\/\/vitablanca.ma\/#\/schema\/logo\/image\/"},"sameAs":["https:\/\/www.facebook.com\/profile.php?id=61576678196717","https:\/\/www.tiktok.com\/@vitablanca.ma","https:\/\/www.instagram.com\/vitablanca.ma\/"]}]}},"jetpack_sharing_enabled":true,"_links":{"self":[{"href":"https:\/\/vitablanca.ma\/ar\/wp-json\/wp\/v2\/product\/24167","targetHints":{"allow":["GET"]}}],"collection":[{"href":"https:\/\/vitablanca.ma\/ar\/wp-json\/wp\/v2\/product"}],"about":[{"href":"https:\/\/vitablanca.ma\/ar\/wp-json\/wp\/v2\/types\/product"}],"wp:featuredmedia":[{"embeddable":true,"href":"https:\/\/vitablanca.ma\/ar\/wp-json\/wp\/v2\/media\/24165"}],"wp:attachment":[{"href":"https:\/\/vitablanca.ma\/ar\/wp-json\/wp\/v2\/media?parent=24167"}],"wp:term":[{"taxonomy":"product_brand","embeddable":true,"href":"https:\/\/vitablanca.ma\/ar\/wp-json\/wp\/v2\/product_brand?post=24167"},{"taxonomy":"product_cat","embeddable":true,"href":"https:\/\/vitablanca.ma\/ar\/wp-json\/wp\/v2\/product_cat?post=24167"},{"taxonomy":"product_tag","embeddable":true,"href":"https:\/\/vitablanca.ma\/ar\/wp-json\/wp\/v2\/product_tag?post=24167"}],"curies":[{"name":"wp","href":"https:\/\/api.w.org\/{rel}","templated":true}]}}