{"id":24154,"date":"2025-07-10T19:03:45","date_gmt":"2025-07-10T19:03:45","guid":{"rendered":"https:\/\/vitablanca.ma\/product\/balea-creme-mains-ongles-camomille\/"},"modified":"2025-09-06T20:50:29","modified_gmt":"2025-09-06T20:50:29","slug":"balea-creme-mains-ongles-camomille","status":"publish","type":"product","link":"https:\/\/vitablanca.ma\/ar\/product-2\/balea-creme-mains-ongles-camomille\/","title":{"rendered":"\u0628\u0627\u0644\u064a\u0627 \u2013 \u0643\u0631\u064a\u0645 \u0627\u0644\u064a\u062f\u064a\u0646 \u0648\u0627\u0644\u0623\u0638\u0627\u0641\u0631 \u0628\u0627\u0644\u0628\u0627\u0628\u0648\u0646\u062c"},"content":{"rendered":"<p><strong data-start=\"158\" data-end=\"203\">\u064a\u0647\u062f\u0626 \u0648\u064a\u0631\u0637\u0628 \u0648\u064a\u062d\u0645\u064a \u0627\u0644\u064a\u062f\u064a\u0646 \u0648\u0627\u0644\u0623\u0638\u0627\u0641\u0631\ud83c\udf3c<\/strong><\/p>\n<ul>\n<li>\u0646\u0648\u0639 \u0627\u0644\u0628\u0634\u0631\u0629: \u0639\u0627\u062f\u064a\u0629<\/li>\n<li>\u062e\u0635\u0627\u0626\u0635 \u0627\u0644\u0645\u0646\u062a\u062c: \u062e\u0627\u0644\u064d \u0645\u0646 \u0627\u0644\u0643\u062d\u0648\u0644\u060c \u062e\u0627\u0644\u064d \u0645\u0646 \u0627\u0644\u0645\u0644\u0648\u0646\u0627\u062a\u060c \u062e\u0627\u0644\u064d \u0645\u0646 \u0627\u0644\u0628\u0627\u0631\u0627\u0628\u064a\u0646\u060c \u062e\u0627\u0644\u064d \u0645\u0646 \u0627\u0644\u0628\u0627\u0631\u0627\u0641\u064a\u0646\/\u0627\u0644\u0632\u064a\u0648\u062a \u0627\u0644\u0645\u0639\u062f\u0646\u064a\u0629\u060c \u062f\u0631\u062c\u0629 \u062d\u0645\u0648\u0636\u0629 \u0645\u062d\u0627\u064a\u062f\u0629 \u0644\u0644\u0628\u0634\u0631\u0629\u060c \u0646\u0628\u0627\u062a\u064a<\/li>\n<li>\u0627\u0644\u0639\u0646\u0627\u064a\u0629 \u0628\u0627\u0644\u0628\u0634\u0631\u0629 \u0627\u0644\u0645\u0647\u062f\u0626\u0629<\/li>\n<li>\u0645\u0639 \u0627\u0644\u0628\u0627\u0628\u0648\u0646\u062c \u0627\u0644\u0637\u0628\u064a\u0639\u064a<\/li>\n<li>\u0644\u0644\u0623\u064a\u062f\u064a \u0627\u0644\u062d\u0633\u0627\u0633\u0629<\/li>\n<li>\u0623\u0646\u0628\u0648\u0628 \u0645\u0635\u0646\u0648\u0639 \u0645\u0646 \u0645\u0627\u062f\u0629 \u0645\u0639\u0627\u062f \u062a\u062f\u0648\u064a\u0631\u0647\u0627 \u0641\u064a 60% (\u0628\u062f\u0648\u0646 \u063a\u0637\u0627\u0621)<\/li>\n<li>\u062a\u0645 \u062a\u0623\u0643\u064a\u062f \u062a\u062d\u0645\u0644 \u0627\u0644\u062c\u0644\u062f \u062a\u062d\u062a \u0625\u0634\u0631\u0627\u0641 \u0637\u0628\u064a\u0628 \u0627\u0644\u062c\u0644\u062f\u064a\u0629<\/li>\n<li>\u0627\u0644\u062d\u062c\u0645: 100 \u0645\u0644<\/li>\n<\/ul>\n<h4><strong><span style=\"font-size: 11pt;line-height: 104%;font-family: 'Segoe UI Emoji', sans-serif\">\ud83d\udccc<\/span><span lang=\"EN-US\" style=\"font-size: 11pt;line-height: 104%;font-family: Arial, sans-serif\"> \u0648\u0635\u0641 \u0627\u0644\u0645\u0646\u062a\u062c<\/span><\/strong><\/h4>\n<p>\u0645\u0639 \u0643\u0631\u064a\u0645 \u0627\u0644\u064a\u062f\u064a\u0646 \u0628\u0627\u0644\u064a\u0627 \u0628\u0627\u0644\u0628\u0627\u0628\u0648\u0646\u062c\u060c \u0627\u0633\u062a\u0645\u062a\u0639\u064a \u0628\u0646\u0639\u0648\u0645\u0629 \u064a\u062f\u064a\u0643\u0650 \u0648\u0623\u0638\u0627\u0641\u0631\u0643\u0650 \u0627\u0644\u0645\u064f\u0639\u062a\u0646\u0649 \u0628\u0647\u0627 \u064a\u0648\u0645\u064a\u064b\u0627. \u062a\u0631\u0643\u064a\u0628\u0629 \u0628\u0644\u0633\u0645 \u0627\u0644\u064a\u062f\u064a\u0646 \u0648\u0627\u0644\u0623\u0638\u0627\u0641\u0631 \u0628\u0627\u0644\u064a\u0627 \u0627\u0644\u0645\u064f\u0639\u062a\u0646\u0649 \u0628\u0647\u0627\u060c \u0628\u062e\u0644\u0627\u0635\u0629 \u0627\u0644\u0628\u0627\u0628\u0648\u0646\u062c\u060c \u062a\u064f\u063a\u0630\u064a \u064a\u062f\u064a\u0643\u0650. \u062a\u064f\u0647\u062f\u0626 \u0627\u0644\u0628\u0634\u0631\u0629 \u0627\u0644\u062c\u0627\u0641\u0629 \u0648\u062a\u064f\u0639\u064a\u062f \u0625\u0644\u064a\u0647\u0627 \u0646\u0639\u0648\u0645\u062a\u0647\u0627 \u0648\u0646\u0636\u0627\u0631\u062a\u0647\u0627. \u0643\u0645\u0627 \u064a\u064f\u0639\u0632\u0632 \u0645\u064f\u0643\u0648\u0646 \u0627\u0644\u0628\u0627\u0646\u062b\u064a\u0646\u0648\u0644 \u0627\u0644\u0645\u064f\u0631\u0637\u0628 \u062a\u062c\u062f\u064a\u062f \u0627\u0644\u0628\u0634\u0631\u0629 \u0648\u0645\u0631\u0648\u0646\u062a\u0647\u0627. \u062a\u0631\u0643\u064a\u0628\u0629 \u062e\u0627\u0644\u064a\u0629 \u0645\u0646 \u0627\u0644\u0628\u0644\u0627\u0633\u062a\u064a\u0643 \u0627\u0644\u062f\u0642\u064a\u0642 \u0623\u0648 \u0627\u0644\u0628\u0648\u0644\u064a\u0645\u0631\u0627\u062a \u0627\u0644\u0627\u0635\u0637\u0646\u0627\u0639\u064a\u0629 \u0627\u0644\u0646\u0642\u064a\u0629 \u0627\u0644\u0642\u0627\u0628\u0644\u0629 \u0644\u0644\u0630\u0648\u0628\u0627\u0646 \u0641\u064a \u0627\u0644\u0645\u0627\u0621.<\/p>\n<h4><strong><span style=\"font-size: 11pt;line-height: 104%;font-family: 'Segoe UI Emoji', sans-serif\">\ud83d\udca1<\/span><span lang=\"EN-US\" style=\"font-size: 11pt;line-height: 104%;font-family: Arial, sans-serif\"> \u0637\u0631\u064a\u0642\u0629 \u0627\u0644\u0627\u0633\u062a\u062e\u062f\u0627\u0645 <\/span><\/strong><\/h4>\n<p>\u0642\u0645 \u0628\u0627\u0644\u062a\u062f\u0644\u064a\u0643 \u062c\u064a\u062f\u064b\u0627 \u0643\u0644 \u064a\u0648\u0645 \u062d\u0633\u0628 \u0627\u0644\u062d\u0627\u062c\u0629.<\/p>","protected":false},"excerpt":{"rendered":"<p>Apaise, hydrate et prot\u00e8ge mains &amp; ongles\ud83c\udf3c Type de peau : normale Propri\u00e9t\u00e9s du produit : sans alcool, sans colorant, sans parab\u00e8ne, sans paraffine \/ huiles min\u00e9rales, pH neutre pour la peau, v\u00e9g\u00e9talien Soin apaisant pour la peau Avec de la camomille naturelle Pour les mains sensibles Tube en mat\u00e9riau recycl\u00e9 \u00e0 60% (sans bouchon) [&hellip;]<\/p>\n","protected":false},"featured_media":24151,"template":"","meta":{"om_disable_all_campaigns":false},"product_brand":[3236],"product_cat":[18],"product_tag":[3237,3240,3238,3239,3241],"class_list":{"0":"post-24154","1":"product","2":"type-product","3":"status-publish","4":"has-post-thumbnail","6":"product_brand-balea-dm-prix-maroc","7":"product_cat-beaute-sante","8":"product_tag-balea","9":"product_tag-balea-dm","10":"product_tag-balea-maroc","11":"product_tag-balea-morocco","12":"product_tag-dm-maroc","14":"first","15":"instock","16":"taxable","17":"shipping-taxable","18":"purchasable","19":"product-type-simple"},"yoast_head":"<!-- This site is optimized with the Yoast SEO plugin v27.5 - https:\/\/yoast.com\/product\/yoast-seo-wordpress\/ -->\n<title>Balea - Cr\u00e8me Mains &amp; Ongles Camomille - Maroc Prix<\/title>\n<meta name=\"description\" content=\"D\u00e9couvrez Balea - Cr\u00e8me Mains &amp; Ongles Camomille - un produit de qualit\u00e9 pour am\u00e9liorer votre routine de soin. Achetez maintenant sur VitaBlanca.ma.\" \/>\n<meta name=\"robots\" content=\"index, follow, max-snippet:-1, max-image-preview:large, max-video-preview:-1\" \/>\n<link rel=\"canonical\" href=\"https:\/\/vitablanca.ma\/ar\/product-2\/balea-creme-mains-ongles-camomille\/\" \/>\n<meta property=\"og:locale\" content=\"ar_AR\" \/>\n<meta property=\"og:type\" content=\"article\" \/>\n<meta property=\"og:title\" content=\"Balea - Cr\u00e8me Mains &amp; Ongles Camomille - Maroc Prix\" \/>\n<meta property=\"og:description\" content=\"D\u00e9couvrez Balea - Cr\u00e8me Mains &amp; Ongles Camomille - un produit de qualit\u00e9 pour am\u00e9liorer votre routine de soin. Achetez maintenant sur VitaBlanca.ma.\" \/>\n<meta property=\"og:url\" content=\"https:\/\/vitablanca.ma\/ar\/product-2\/balea-creme-mains-ongles-camomille\/\" \/>\n<meta property=\"og:site_name\" content=\"Vitablanca.ma &ndash; Sant&eacute;, vitalit&eacute; et bien-&ecirc;tre pour tous les Marocains\" \/>\n<meta property=\"article:publisher\" content=\"https:\/\/www.facebook.com\/profile.php?id=61576678196717\" \/>\n<meta property=\"article:modified_time\" content=\"2025-09-06T20:50:29+00:00\" \/>\n<meta property=\"og:image\" content=\"https:\/\/vitablanca.ma\/wp-content\/uploads\/2025\/07\/balea-hand-und-nagelbalsam-kamille.jpg\" \/>\n\t<meta property=\"og:image:width\" content=\"1205\" \/>\n\t<meta property=\"og:image:height\" content=\"1200\" \/>\n\t<meta property=\"og:image:type\" content=\"image\/jpeg\" \/>\n<meta name=\"twitter:card\" content=\"summary_large_image\" \/>\n<meta name=\"twitter:label1\" content=\"\u0648\u0642\u062a \u0627\u0644\u0642\u0631\u0627\u0621\u0629 \u0627\u0644\u0645\u064f\u0642\u062f\u0651\u0631\" \/>\n\t<meta name=\"twitter:data1\" content=\"\u062f\u0642\u064a\u0642\u0629 \u0648\u0627\u062d\u062f\u0629\" \/>\n<script type=\"application\/ld+json\" class=\"yoast-schema-graph\">{\"@context\":\"https:\\\/\\\/schema.org\",\"@graph\":[{\"@type\":[\"WebPage\",\"ItemPage\"],\"@id\":\"https:\\\/\\\/vitablanca.ma\\\/produit\\\/balea-creme-mains-ongles-camomille\\\/\",\"url\":\"https:\\\/\\\/vitablanca.ma\\\/produit\\\/balea-creme-mains-ongles-camomille\\\/\",\"name\":\"Balea - Cr\u00e8me Mains &amp; Ongles Camomille - Maroc Prix\",\"isPartOf\":{\"@id\":\"https:\\\/\\\/vitablanca.ma\\\/#website\"},\"primaryImageOfPage\":{\"@id\":\"https:\\\/\\\/vitablanca.ma\\\/produit\\\/balea-creme-mains-ongles-camomille\\\/#primaryimage\"},\"image\":{\"@id\":\"https:\\\/\\\/vitablanca.ma\\\/produit\\\/balea-creme-mains-ongles-camomille\\\/#primaryimage\"},\"thumbnailUrl\":\"https:\\\/\\\/vitablanca.ma\\\/wp-content\\\/uploads\\\/2025\\\/07\\\/balea-hand-und-nagelbalsam-kamille.jpg\",\"datePublished\":\"2025-07-10T19:03:45+00:00\",\"dateModified\":\"2025-09-06T20:50:29+00:00\",\"description\":\"D\u00e9couvrez Balea - Cr\u00e8me Mains &amp; Ongles Camomille - un produit de qualit\u00e9 pour am\u00e9liorer votre routine de soin. Achetez maintenant sur VitaBlanca.ma.\",\"breadcrumb\":{\"@id\":\"https:\\\/\\\/vitablanca.ma\\\/produit\\\/balea-creme-mains-ongles-camomille\\\/#breadcrumb\"},\"inLanguage\":\"ar\",\"potentialAction\":[{\"@type\":\"ReadAction\",\"target\":[\"https:\\\/\\\/vitablanca.ma\\\/produit\\\/balea-creme-mains-ongles-camomille\\\/\"]}]},{\"@type\":\"ImageObject\",\"inLanguage\":\"ar\",\"@id\":\"https:\\\/\\\/vitablanca.ma\\\/produit\\\/balea-creme-mains-ongles-camomille\\\/#primaryimage\",\"url\":\"https:\\\/\\\/vitablanca.ma\\\/wp-content\\\/uploads\\\/2025\\\/07\\\/balea-hand-und-nagelbalsam-kamille.jpg\",\"contentUrl\":\"https:\\\/\\\/vitablanca.ma\\\/wp-content\\\/uploads\\\/2025\\\/07\\\/balea-hand-und-nagelbalsam-kamille.jpg\",\"width\":1205,\"height\":1200},{\"@type\":\"BreadcrumbList\",\"@id\":\"https:\\\/\\\/vitablanca.ma\\\/produit\\\/balea-creme-mains-ongles-camomille\\\/#breadcrumb\",\"itemListElement\":[{\"@type\":\"ListItem\",\"position\":1,\"name\":\"Home\",\"item\":\"https:\\\/\\\/vitablanca.ma\\\/\"},{\"@type\":\"ListItem\",\"position\":2,\"name\":\"Tous Les Produits\",\"item\":\"https:\\\/\\\/vitablanca.ma\\\/tous-les-produits\\\/\"},{\"@type\":\"ListItem\",\"position\":3,\"name\":\"Balea &#8211; Cr\u00e8me Mains &amp; Ongles Camomille\"}]},{\"@type\":\"WebSite\",\"@id\":\"https:\\\/\\\/vitablanca.ma\\\/#website\",\"url\":\"https:\\\/\\\/vitablanca.ma\\\/\",\"name\":\"VitaBlanca.ma | Compl\u00e9ments alimentaires, sant\u00e9 & beaut\u00e9 au Maroc\",\"description\":\"vendre vitamines et compl\u00e9ments premium des USA &amp; Canada, Nouvelle Z\u00e9lande,Maroc (NOW Foods, Solgar, Manuka). Livraison rapide partout au Maroc.\",\"publisher\":{\"@id\":\"https:\\\/\\\/vitablanca.ma\\\/#organization\"},\"alternateName\":\"VitaBlanca.ma\",\"potentialAction\":[{\"@type\":\"SearchAction\",\"target\":{\"@type\":\"EntryPoint\",\"urlTemplate\":\"https:\\\/\\\/vitablanca.ma\\\/?s={search_term_string}\"},\"query-input\":{\"@type\":\"PropertyValueSpecification\",\"valueRequired\":true,\"valueName\":\"search_term_string\"}}],\"inLanguage\":\"ar\"},{\"@type\":\"Organization\",\"@id\":\"https:\\\/\\\/vitablanca.ma\\\/#organization\",\"name\":\"VitaBlanca\",\"url\":\"https:\\\/\\\/vitablanca.ma\\\/\",\"logo\":{\"@type\":\"ImageObject\",\"inLanguage\":\"ar\",\"@id\":\"https:\\\/\\\/vitablanca.ma\\\/#\\\/schema\\\/logo\\\/image\\\/\",\"url\":\"https:\\\/\\\/vitablanca.ma\\\/wp-content\\\/uploads\\\/2025\\\/05\\\/cropped-vitablanca.png\",\"contentUrl\":\"https:\\\/\\\/vitablanca.ma\\\/wp-content\\\/uploads\\\/2025\\\/05\\\/cropped-vitablanca.png\",\"width\":360,\"height\":67,\"caption\":\"VitaBlanca\"},\"image\":{\"@id\":\"https:\\\/\\\/vitablanca.ma\\\/#\\\/schema\\\/logo\\\/image\\\/\"},\"sameAs\":[\"https:\\\/\\\/www.facebook.com\\\/profile.php?id=61576678196717\",\"https:\\\/\\\/www.tiktok.com\\\/@vitablanca.ma\",\"https:\\\/\\\/www.instagram.com\\\/vitablanca.ma\\\/\"]}]}<\/script>\n<!-- \/ Yoast SEO plugin. -->","yoast_head_json":{"title":"\u0628\u0627\u0644\u064a\u0627 - \u0643\u0631\u064a\u0645 \u0627\u0644\u064a\u062f\u064a\u0646 \u0648\u0627\u0644\u0623\u0638\u0627\u0641\u0631 \u0628\u0627\u0644\u0628\u0627\u0628\u0648\u0646\u062c - \u0633\u0639\u0631 \u0627\u0644\u0645\u063a\u0631\u0628","description":"\u0627\u0643\u062a\u0634\u0641\u064a \u0643\u0631\u064a\u0645 \u0628\u0627\u0644\u064a\u0627 \u0644\u0644\u064a\u062f\u064a\u0646 \u0648\u0627\u0644\u0623\u0638\u0627\u0641\u0631 \u0628\u0627\u0644\u0628\u0627\u0628\u0648\u0646\u062c\u060c \u0645\u0646\u062a\u062c \u0639\u0627\u0644\u064a \u0627\u0644\u062c\u0648\u062f\u0629 \u064a\u064f\u062d\u0633\u0651\u0646 \u0631\u0648\u062a\u064a\u0646 \u0627\u0644\u0639\u0646\u0627\u064a\u0629 \u0628\u0628\u0634\u0631\u062a\u0643\u0650. \u062a\u0633\u0648\u0642\u064a \u0627\u0644\u0622\u0646 \u0639\u0644\u0649 VitaBlanca.ma.","robots":{"index":"index","follow":"follow","max-snippet":"max-snippet:-1","max-image-preview":"max-image-preview:large","max-video-preview":"max-video-preview:-1"},"canonical":"https:\/\/vitablanca.ma\/ar\/product-2\/balea-creme-mains-ongles-camomille\/","og_locale":"ar_AR","og_type":"article","og_title":"Balea - Cr\u00e8me Mains &amp; Ongles Camomille - Maroc Prix","og_description":"D\u00e9couvrez Balea - Cr\u00e8me Mains &amp; Ongles Camomille - un produit de qualit\u00e9 pour am\u00e9liorer votre routine de soin. Achetez maintenant sur VitaBlanca.ma.","og_url":"https:\/\/vitablanca.ma\/ar\/product-2\/balea-creme-mains-ongles-camomille\/","og_site_name":"Vitablanca.ma &ndash; Sant&eacute;, vitalit&eacute; et bien-&ecirc;tre pour tous les Marocains","article_publisher":"https:\/\/www.facebook.com\/profile.php?id=61576678196717","article_modified_time":"2025-09-06T20:50:29+00:00","og_image":[{"width":1205,"height":1200,"url":"https:\/\/vitablanca.ma\/wp-content\/uploads\/2025\/07\/balea-hand-und-nagelbalsam-kamille.jpg","type":"image\/jpeg"}],"twitter_card":"summary_large_image","twitter_misc":{"\u0648\u0642\u062a \u0627\u0644\u0642\u0631\u0627\u0621\u0629 \u0627\u0644\u0645\u064f\u0642\u062f\u0651\u0631":"\u062f\u0642\u064a\u0642\u0629 \u0648\u0627\u062d\u062f\u0629"},"schema":{"@context":"https:\/\/schema.org","@graph":[{"@type":["WebPage","ItemPage"],"@id":"https:\/\/vitablanca.ma\/produit\/balea-creme-mains-ongles-camomille\/","url":"https:\/\/vitablanca.ma\/produit\/balea-creme-mains-ongles-camomille\/","name":"\u0628\u0627\u0644\u064a\u0627 - \u0643\u0631\u064a\u0645 \u0627\u0644\u064a\u062f\u064a\u0646 \u0648\u0627\u0644\u0623\u0638\u0627\u0641\u0631 \u0628\u0627\u0644\u0628\u0627\u0628\u0648\u0646\u062c - \u0633\u0639\u0631 \u0627\u0644\u0645\u063a\u0631\u0628","isPartOf":{"@id":"https:\/\/vitablanca.ma\/#website"},"primaryImageOfPage":{"@id":"https:\/\/vitablanca.ma\/produit\/balea-creme-mains-ongles-camomille\/#primaryimage"},"image":{"@id":"https:\/\/vitablanca.ma\/produit\/balea-creme-mains-ongles-camomille\/#primaryimage"},"thumbnailUrl":"https:\/\/vitablanca.ma\/wp-content\/uploads\/2025\/07\/balea-hand-und-nagelbalsam-kamille.jpg","datePublished":"2025-07-10T19:03:45+00:00","dateModified":"2025-09-06T20:50:29+00:00","description":"\u0627\u0643\u062a\u0634\u0641\u064a \u0643\u0631\u064a\u0645 \u0628\u0627\u0644\u064a\u0627 \u0644\u0644\u064a\u062f\u064a\u0646 \u0648\u0627\u0644\u0623\u0638\u0627\u0641\u0631 \u0628\u0627\u0644\u0628\u0627\u0628\u0648\u0646\u062c\u060c \u0645\u0646\u062a\u062c \u0639\u0627\u0644\u064a \u0627\u0644\u062c\u0648\u062f\u0629 \u064a\u064f\u062d\u0633\u0651\u0646 \u0631\u0648\u062a\u064a\u0646 \u0627\u0644\u0639\u0646\u0627\u064a\u0629 \u0628\u0628\u0634\u0631\u062a\u0643\u0650. \u062a\u0633\u0648\u0642\u064a \u0627\u0644\u0622\u0646 \u0639\u0644\u0649 VitaBlanca.ma.","breadcrumb":{"@id":"https:\/\/vitablanca.ma\/produit\/balea-creme-mains-ongles-camomille\/#breadcrumb"},"inLanguage":"ar","potentialAction":[{"@type":"ReadAction","target":["https:\/\/vitablanca.ma\/produit\/balea-creme-mains-ongles-camomille\/"]}]},{"@type":"ImageObject","inLanguage":"ar","@id":"https:\/\/vitablanca.ma\/produit\/balea-creme-mains-ongles-camomille\/#primaryimage","url":"https:\/\/vitablanca.ma\/wp-content\/uploads\/2025\/07\/balea-hand-und-nagelbalsam-kamille.jpg","contentUrl":"https:\/\/vitablanca.ma\/wp-content\/uploads\/2025\/07\/balea-hand-und-nagelbalsam-kamille.jpg","width":1205,"height":1200},{"@type":"BreadcrumbList","@id":"https:\/\/vitablanca.ma\/produit\/balea-creme-mains-ongles-camomille\/#breadcrumb","itemListElement":[{"@type":"ListItem","position":1,"name":"Home","item":"https:\/\/vitablanca.ma\/"},{"@type":"ListItem","position":2,"name":"Tous Les Produits","item":"https:\/\/vitablanca.ma\/tous-les-produits\/"},{"@type":"ListItem","position":3,"name":"Balea &#8211; Cr\u00e8me Mains &amp; Ongles Camomille"}]},{"@type":"WebSite","@id":"https:\/\/vitablanca.ma\/#website","url":"https:\/\/vitablanca.ma\/","name":"VitaBlanca.ma | \u0627\u0644\u0645\u0643\u0645\u0644\u0627\u062a \u0627\u0644\u063a\u0630\u0627\u0626\u064a\u0629\u060c \u0627\u0644\u0635\u062d\u0629 \u0648\u0627\u0644\u062c\u0645\u0627\u0644 \u0641\u064a \u0627\u0644\u0645\u063a\u0631\u0628","description":"\u0646\u0628\u064a\u0639 \u0641\u064a\u062a\u0627\u0645\u064a\u0646\u0627\u062a \u0648\u0645\u0643\u0645\u0644\u0627\u062a \u063a\u0630\u0627\u0626\u064a\u0629 \u0641\u0627\u062e\u0631\u0629 \u0645\u0646 \u0627\u0644\u0648\u0644\u0627\u064a\u0627\u062a \u0627\u0644\u0645\u062a\u062d\u062f\u0629 \u0627\u0644\u0623\u0645\u0631\u064a\u0643\u064a\u0629 \u0648\u0643\u0646\u062f\u0627 \u0648\u0646\u064a\u0648\u0632\u064a\u0644\u0646\u062f\u0627 \u0648\u0627\u0644\u0645\u063a\u0631\u0628 (\u0646\u0627\u0648 \u0641\u0648\u062f\u0632\u060c \u0633\u0648\u0644\u062c\u0627\u0631\u060c \u0645\u0627\u0646\u0648\u0643\u0627). \u062a\u0648\u0635\u064a\u0644 \u0633\u0631\u064a\u0639 \u0625\u0644\u0649 \u062c\u0645\u064a\u0639 \u0623\u0646\u062d\u0627\u0621 \u0627\u0644\u0645\u063a\u0631\u0628.","publisher":{"@id":"https:\/\/vitablanca.ma\/#organization"},"alternateName":"VitaBlanca.ma","potentialAction":[{"@type":"SearchAction","target":{"@type":"EntryPoint","urlTemplate":"https:\/\/vitablanca.ma\/?s={search_term_string}"},"query-input":{"@type":"PropertyValueSpecification","valueRequired":true,"valueName":"search_term_string"}}],"inLanguage":"ar"},{"@type":"Organization","@id":"https:\/\/vitablanca.ma\/#organization","name":"\u0641\u064a\u062a\u0627\u0628\u0644\u0627\u0646\u0643\u0627","url":"https:\/\/vitablanca.ma\/","logo":{"@type":"ImageObject","inLanguage":"ar","@id":"https:\/\/vitablanca.ma\/#\/schema\/logo\/image\/","url":"https:\/\/vitablanca.ma\/wp-content\/uploads\/2025\/05\/cropped-vitablanca.png","contentUrl":"https:\/\/vitablanca.ma\/wp-content\/uploads\/2025\/05\/cropped-vitablanca.png","width":360,"height":67,"caption":"VitaBlanca"},"image":{"@id":"https:\/\/vitablanca.ma\/#\/schema\/logo\/image\/"},"sameAs":["https:\/\/www.facebook.com\/profile.php?id=61576678196717","https:\/\/www.tiktok.com\/@vitablanca.ma","https:\/\/www.instagram.com\/vitablanca.ma\/"]}]}},"jetpack_sharing_enabled":true,"_links":{"self":[{"href":"https:\/\/vitablanca.ma\/ar\/wp-json\/wp\/v2\/product\/24154","targetHints":{"allow":["GET"]}}],"collection":[{"href":"https:\/\/vitablanca.ma\/ar\/wp-json\/wp\/v2\/product"}],"about":[{"href":"https:\/\/vitablanca.ma\/ar\/wp-json\/wp\/v2\/types\/product"}],"wp:featuredmedia":[{"embeddable":true,"href":"https:\/\/vitablanca.ma\/ar\/wp-json\/wp\/v2\/media\/24151"}],"wp:attachment":[{"href":"https:\/\/vitablanca.ma\/ar\/wp-json\/wp\/v2\/media?parent=24154"}],"wp:term":[{"taxonomy":"product_brand","embeddable":true,"href":"https:\/\/vitablanca.ma\/ar\/wp-json\/wp\/v2\/product_brand?post=24154"},{"taxonomy":"product_cat","embeddable":true,"href":"https:\/\/vitablanca.ma\/ar\/wp-json\/wp\/v2\/product_cat?post=24154"},{"taxonomy":"product_tag","embeddable":true,"href":"https:\/\/vitablanca.ma\/ar\/wp-json\/wp\/v2\/product_tag?post=24154"}],"curies":[{"name":"wp","href":"https:\/\/api.w.org\/{rel}","templated":true}]}}