{"id":24142,"date":"2025-07-10T19:03:06","date_gmt":"2025-07-10T19:03:06","guid":{"rendered":"https:\/\/vitablanca.ma\/product\/balea-gel-nettoyant-rafraichissant\/"},"modified":"2025-07-13T17:26:54","modified_gmt":"2025-07-13T17:26:54","slug":"balea-gel-nettoyant-rafraichissant","status":"publish","type":"product","link":"https:\/\/vitablanca.ma\/ar\/product-2\/balea-gel-nettoyant-rafraichissant\/","title":{"rendered":"\u062c\u0644 \u0627\u0644\u062a\u0646\u0638\u064a\u0641 \u0627\u0644\u0645\u0646\u0639\u0634 \u0645\u0646 \u0628\u0627\u0644\u064a\u0627 100 \u0645\u0644"},"content":{"rendered":"<h3><strong data-start=\"292\" data-end=\"330\">Fra\u00eecheur &amp; douceur pour le visage\ud83e\uddfc\u2728<\/strong><\/h3>\n<ul>\n<li>Type de produit : Gel \/ cr\u00e8me de lavage<\/li>\n<li>Propri\u00e9t\u00e9s du produit : Particuli\u00e8rement adapt\u00e9 au visage, Sans alcool, Sans colorant, Sans parab\u00e8ne, pH-neutre pour la peau, Vegan<\/li>\n<li>\u0639\u0627\u0626\u0644\u0629 \u0627\u0644\u0639\u0637\u0631: \u0632\u0647\u0631\u064a\u0629<\/li>\n<li>\u0645\u062c\u0627\u0644 \u0627\u0644\u062a\u0637\u0628\u064a\u0642: \u0627\u0644\u0648\u062c\u0647<\/li>\n<li>Avec 10% d&rsquo;aloe vera et un hydrocomplexe<\/li>\n<li>Mousse l\u00e9g\u00e8rement<\/li>\n<li>Pour peaux normales &amp; mixtes<\/li>\n<li>\u0627\u0644\u062d\u062c\u0645: 100 \u0645\u0644<\/li>\n<\/ul>\n<h4><strong><span style=\"font-size: 11pt;line-height: 104%;font-family: 'Segoe UI Emoji', sans-serif\">\ud83d\udccc<\/span><span lang=\"EN-US\" style=\"font-size: 11pt;line-height: 104%;font-family: Arial, sans-serif\"> \u0648\u0635\u0641 \u0627\u0644\u0645\u0646\u062a\u062c<\/span><\/strong><\/h4>\n<p>Le gel nettoyant rafra\u00eechissant de Balea nettoie et revitalise les peaux normales et mixtes en les pr\u00e9parant en douceur aux soins ult\u00e9rieurs. Le gel nettoyant rafra\u00eechissant \u00e0 l&rsquo;aloe vera poss\u00e8de une formule l\u00e9g\u00e8rement moussante.<br \/>Pour un nettoyage en profondeur et en douceur de la peau. La formule douce avec des tensioactifs \u00e0 base v\u00e9g\u00e9tale lib\u00e8re en douceur du maquillage, des particules de salet\u00e9 et des d\u00e9p\u00f4ts cutan\u00e9s .<br \/>Id\u00e9al pour une utilisation en cas de teint brillant. La formule \u00e0 l&rsquo;aloe vera et \u00e0 l&rsquo;hydrocomplexe clarifie et rafra\u00eechit la peau sans la dess\u00e9cher. Formule sans microplastiques ni polym\u00e8res synth\u00e9tiques purs solubles dans l&rsquo;eau.<\/p>\n<h4><strong><span style=\"font-size: 11pt;line-height: 104%;font-family: 'Segoe UI Emoji', sans-serif\">\ud83d\udca1<\/span><span lang=\"EN-US\" style=\"font-size: 11pt;line-height: 104%;font-family: Arial, sans-serif\"> \u0637\u0631\u064a\u0642\u0629 \u0627\u0644\u0627\u0633\u062a\u062e\u062f\u0627\u0645<\/span><\/strong><\/h4>\n<p>Appliquer matin et soir sur la peau humidifi\u00e9e. Faire mousser avec un peu d&rsquo;eau. Rincer \u00e0 l&rsquo;eau chaude.<\/p>","protected":false},"excerpt":{"rendered":"<p>Fra\u00eecheur &amp; douceur pour le visage\ud83e\uddfc\u2728 Type de produit : Gel \/ cr\u00e8me de lavage Propri\u00e9t\u00e9s du produit : Particuli\u00e8rement adapt\u00e9 au visage, Sans alcool, Sans colorant, Sans parab\u00e8ne, pH-neutre pour la peau, Vegan Famille de parfums : Fleuri Zone d&rsquo;application : Visage Avec 10% d&rsquo;aloe vera et un hydrocomplexe Mousse l\u00e9g\u00e8rement Pour peaux normales [&hellip;]<\/p>\n","protected":false},"featured_media":24140,"template":"","meta":{"om_disable_all_campaigns":false},"product_brand":[3236],"product_cat":[18],"product_tag":[3237,3240,3238,3239,3241],"class_list":{"0":"post-24142","1":"product","2":"type-product","3":"status-publish","4":"has-post-thumbnail","6":"product_brand-balea-dm-prix-maroc","7":"product_cat-beaute-sante","8":"product_tag-balea","9":"product_tag-balea-dm","10":"product_tag-balea-maroc","11":"product_tag-balea-morocco","12":"product_tag-dm-maroc","14":"first","15":"instock","16":"taxable","17":"shipping-taxable","18":"purchasable","19":"product-type-simple"},"yoast_head":"<!-- This site is optimized with the Yoast SEO plugin v27.4 - https:\/\/yoast.com\/product\/yoast-seo-wordpress\/ -->\n<title>Balea Gel nettoyant rafra\u00eechissant 100 ml - Maroc Prix<\/title>\n<meta name=\"description\" content=\"D\u00e9couvrez le gel nettoyant rafra\u00eechissant Balea 150 ml au Maroc. Id\u00e9al pour peaux normales \u00e0 mixtes, il nettoie en profondeur, \u00e9limine l&#039;exc\u00e8s\" \/>\n<meta name=\"robots\" content=\"index, follow, max-snippet:-1, max-image-preview:large, max-video-preview:-1\" \/>\n<link rel=\"canonical\" href=\"https:\/\/vitablanca.ma\/ar\/product-2\/balea-gel-nettoyant-rafraichissant\/\" \/>\n<meta property=\"og:locale\" content=\"ar_AR\" \/>\n<meta property=\"og:type\" content=\"article\" \/>\n<meta property=\"og:title\" content=\"Balea Gel nettoyant rafra\u00eechissant 100 ml - Maroc Prix\" \/>\n<meta property=\"og:description\" content=\"D\u00e9couvrez le gel nettoyant rafra\u00eechissant Balea 150 ml au Maroc. Id\u00e9al pour peaux normales \u00e0 mixtes, il nettoie en profondeur, \u00e9limine l&#039;exc\u00e8s\" \/>\n<meta property=\"og:url\" content=\"https:\/\/vitablanca.ma\/ar\/product-2\/balea-gel-nettoyant-rafraichissant\/\" \/>\n<meta property=\"og:site_name\" content=\"Vitablanca.ma &ndash; Sant&eacute;, vitalit&eacute; et bien-&ecirc;tre pour tous les Marocains\" \/>\n<meta property=\"article:publisher\" content=\"https:\/\/www.facebook.com\/profile.php?id=61576678196717\" \/>\n<meta property=\"article:modified_time\" content=\"2025-07-13T17:26:54+00:00\" \/>\n<meta property=\"og:image\" content=\"https:\/\/vitablanca.ma\/wp-content\/uploads\/2025\/07\/balea-waschgel-erfrischend.jpg\" \/>\n\t<meta property=\"og:image:width\" content=\"1201\" \/>\n\t<meta property=\"og:image:height\" content=\"1200\" \/>\n\t<meta property=\"og:image:type\" content=\"image\/jpeg\" \/>\n<meta name=\"twitter:card\" content=\"summary_large_image\" \/>\n<meta name=\"twitter:label1\" content=\"\u0648\u0642\u062a \u0627\u0644\u0642\u0631\u0627\u0621\u0629 \u0627\u0644\u0645\u064f\u0642\u062f\u0651\u0631\" \/>\n\t<meta name=\"twitter:data1\" content=\"\u062f\u0642\u064a\u0642\u062a\u0627\u0646\" \/>\n<script type=\"application\/ld+json\" class=\"yoast-schema-graph\">{\"@context\":\"https:\\\/\\\/schema.org\",\"@graph\":[{\"@type\":[\"WebPage\",\"ItemPage\"],\"@id\":\"https:\\\/\\\/vitablanca.ma\\\/produit\\\/balea-gel-nettoyant-rafraichissant\\\/\",\"url\":\"https:\\\/\\\/vitablanca.ma\\\/produit\\\/balea-gel-nettoyant-rafraichissant\\\/\",\"name\":\"Balea Gel nettoyant rafra\u00eechissant 100 ml - Maroc Prix\",\"isPartOf\":{\"@id\":\"https:\\\/\\\/vitablanca.ma\\\/#website\"},\"primaryImageOfPage\":{\"@id\":\"https:\\\/\\\/vitablanca.ma\\\/produit\\\/balea-gel-nettoyant-rafraichissant\\\/#primaryimage\"},\"image\":{\"@id\":\"https:\\\/\\\/vitablanca.ma\\\/produit\\\/balea-gel-nettoyant-rafraichissant\\\/#primaryimage\"},\"thumbnailUrl\":\"https:\\\/\\\/vitablanca.ma\\\/wp-content\\\/uploads\\\/2025\\\/07\\\/balea-waschgel-erfrischend.jpg\",\"datePublished\":\"2025-07-10T19:03:06+00:00\",\"dateModified\":\"2025-07-13T17:26:54+00:00\",\"description\":\"D\u00e9couvrez le gel nettoyant rafra\u00eechissant Balea 150 ml au Maroc. Id\u00e9al pour peaux normales \u00e0 mixtes, il nettoie en profondeur, \u00e9limine l'exc\u00e8s\",\"breadcrumb\":{\"@id\":\"https:\\\/\\\/vitablanca.ma\\\/produit\\\/balea-gel-nettoyant-rafraichissant\\\/#breadcrumb\"},\"inLanguage\":\"ar\",\"potentialAction\":[{\"@type\":\"ReadAction\",\"target\":[\"https:\\\/\\\/vitablanca.ma\\\/produit\\\/balea-gel-nettoyant-rafraichissant\\\/\"]}]},{\"@type\":\"ImageObject\",\"inLanguage\":\"ar\",\"@id\":\"https:\\\/\\\/vitablanca.ma\\\/produit\\\/balea-gel-nettoyant-rafraichissant\\\/#primaryimage\",\"url\":\"https:\\\/\\\/vitablanca.ma\\\/wp-content\\\/uploads\\\/2025\\\/07\\\/balea-waschgel-erfrischend.jpg\",\"contentUrl\":\"https:\\\/\\\/vitablanca.ma\\\/wp-content\\\/uploads\\\/2025\\\/07\\\/balea-waschgel-erfrischend.jpg\",\"width\":1201,\"height\":1200},{\"@type\":\"BreadcrumbList\",\"@id\":\"https:\\\/\\\/vitablanca.ma\\\/produit\\\/balea-gel-nettoyant-rafraichissant\\\/#breadcrumb\",\"itemListElement\":[{\"@type\":\"ListItem\",\"position\":1,\"name\":\"Home\",\"item\":\"https:\\\/\\\/vitablanca.ma\\\/\"},{\"@type\":\"ListItem\",\"position\":2,\"name\":\"Tous Les Produits\",\"item\":\"https:\\\/\\\/vitablanca.ma\\\/tous-les-produits\\\/\"},{\"@type\":\"ListItem\",\"position\":3,\"name\":\"Balea Gel nettoyant rafra\u00eechissant 100 ml\"}]},{\"@type\":\"WebSite\",\"@id\":\"https:\\\/\\\/vitablanca.ma\\\/#website\",\"url\":\"https:\\\/\\\/vitablanca.ma\\\/\",\"name\":\"VitaBlanca.ma | Compl\u00e9ments alimentaires, sant\u00e9 & beaut\u00e9 au Maroc\",\"description\":\"vendre vitamines et compl\u00e9ments premium des USA &amp; Canada, Nouvelle Z\u00e9lande,Maroc (NOW Foods, Solgar, Manuka). Livraison rapide partout au Maroc.\",\"publisher\":{\"@id\":\"https:\\\/\\\/vitablanca.ma\\\/#organization\"},\"alternateName\":\"VitaBlanca.ma\",\"potentialAction\":[{\"@type\":\"SearchAction\",\"target\":{\"@type\":\"EntryPoint\",\"urlTemplate\":\"https:\\\/\\\/vitablanca.ma\\\/?s={search_term_string}\"},\"query-input\":{\"@type\":\"PropertyValueSpecification\",\"valueRequired\":true,\"valueName\":\"search_term_string\"}}],\"inLanguage\":\"ar\"},{\"@type\":\"Organization\",\"@id\":\"https:\\\/\\\/vitablanca.ma\\\/#organization\",\"name\":\"VitaBlanca\",\"url\":\"https:\\\/\\\/vitablanca.ma\\\/\",\"logo\":{\"@type\":\"ImageObject\",\"inLanguage\":\"ar\",\"@id\":\"https:\\\/\\\/vitablanca.ma\\\/#\\\/schema\\\/logo\\\/image\\\/\",\"url\":\"https:\\\/\\\/vitablanca.ma\\\/wp-content\\\/uploads\\\/2025\\\/05\\\/cropped-vitablanca.png\",\"contentUrl\":\"https:\\\/\\\/vitablanca.ma\\\/wp-content\\\/uploads\\\/2025\\\/05\\\/cropped-vitablanca.png\",\"width\":360,\"height\":67,\"caption\":\"VitaBlanca\"},\"image\":{\"@id\":\"https:\\\/\\\/vitablanca.ma\\\/#\\\/schema\\\/logo\\\/image\\\/\"},\"sameAs\":[\"https:\\\/\\\/www.facebook.com\\\/profile.php?id=61576678196717\",\"https:\\\/\\\/www.tiktok.com\\\/@vitablanca.ma\",\"https:\\\/\\\/www.instagram.com\\\/vitablanca.ma\\\/\"]}]}<\/script>\n<!-- \/ Yoast SEO plugin. -->","yoast_head_json":{"title":"Balea Gel nettoyant rafra\u00eechissant 100 ml - Maroc Prix","description":"D\u00e9couvrez le gel nettoyant rafra\u00eechissant Balea 150 ml au Maroc. Id\u00e9al pour peaux normales \u00e0 mixtes, il nettoie en profondeur, \u00e9limine l'exc\u00e8s","robots":{"index":"index","follow":"follow","max-snippet":"max-snippet:-1","max-image-preview":"max-image-preview:large","max-video-preview":"max-video-preview:-1"},"canonical":"https:\/\/vitablanca.ma\/ar\/product-2\/balea-gel-nettoyant-rafraichissant\/","og_locale":"ar_AR","og_type":"article","og_title":"Balea Gel nettoyant rafra\u00eechissant 100 ml - Maroc Prix","og_description":"D\u00e9couvrez le gel nettoyant rafra\u00eechissant Balea 150 ml au Maroc. Id\u00e9al pour peaux normales \u00e0 mixtes, il nettoie en profondeur, \u00e9limine l'exc\u00e8s","og_url":"https:\/\/vitablanca.ma\/ar\/product-2\/balea-gel-nettoyant-rafraichissant\/","og_site_name":"Vitablanca.ma &ndash; Sant&eacute;, vitalit&eacute; et bien-&ecirc;tre pour tous les Marocains","article_publisher":"https:\/\/www.facebook.com\/profile.php?id=61576678196717","article_modified_time":"2025-07-13T17:26:54+00:00","og_image":[{"width":1201,"height":1200,"url":"https:\/\/vitablanca.ma\/wp-content\/uploads\/2025\/07\/balea-waschgel-erfrischend.jpg","type":"image\/jpeg"}],"twitter_card":"summary_large_image","twitter_misc":{"\u0648\u0642\u062a \u0627\u0644\u0642\u0631\u0627\u0621\u0629 \u0627\u0644\u0645\u064f\u0642\u062f\u0651\u0631":"\u062f\u0642\u064a\u0642\u062a\u0627\u0646"},"schema":{"@context":"https:\/\/schema.org","@graph":[{"@type":["WebPage","ItemPage"],"@id":"https:\/\/vitablanca.ma\/produit\/balea-gel-nettoyant-rafraichissant\/","url":"https:\/\/vitablanca.ma\/produit\/balea-gel-nettoyant-rafraichissant\/","name":"Balea Gel nettoyant rafra\u00eechissant 100 ml - Maroc Prix","isPartOf":{"@id":"https:\/\/vitablanca.ma\/#website"},"primaryImageOfPage":{"@id":"https:\/\/vitablanca.ma\/produit\/balea-gel-nettoyant-rafraichissant\/#primaryimage"},"image":{"@id":"https:\/\/vitablanca.ma\/produit\/balea-gel-nettoyant-rafraichissant\/#primaryimage"},"thumbnailUrl":"https:\/\/vitablanca.ma\/wp-content\/uploads\/2025\/07\/balea-waschgel-erfrischend.jpg","datePublished":"2025-07-10T19:03:06+00:00","dateModified":"2025-07-13T17:26:54+00:00","description":"D\u00e9couvrez le gel nettoyant rafra\u00eechissant Balea 150 ml au Maroc. Id\u00e9al pour peaux normales \u00e0 mixtes, il nettoie en profondeur, \u00e9limine l'exc\u00e8s","breadcrumb":{"@id":"https:\/\/vitablanca.ma\/produit\/balea-gel-nettoyant-rafraichissant\/#breadcrumb"},"inLanguage":"ar","potentialAction":[{"@type":"ReadAction","target":["https:\/\/vitablanca.ma\/produit\/balea-gel-nettoyant-rafraichissant\/"]}]},{"@type":"ImageObject","inLanguage":"ar","@id":"https:\/\/vitablanca.ma\/produit\/balea-gel-nettoyant-rafraichissant\/#primaryimage","url":"https:\/\/vitablanca.ma\/wp-content\/uploads\/2025\/07\/balea-waschgel-erfrischend.jpg","contentUrl":"https:\/\/vitablanca.ma\/wp-content\/uploads\/2025\/07\/balea-waschgel-erfrischend.jpg","width":1201,"height":1200},{"@type":"BreadcrumbList","@id":"https:\/\/vitablanca.ma\/produit\/balea-gel-nettoyant-rafraichissant\/#breadcrumb","itemListElement":[{"@type":"ListItem","position":1,"name":"Home","item":"https:\/\/vitablanca.ma\/"},{"@type":"ListItem","position":2,"name":"Tous Les Produits","item":"https:\/\/vitablanca.ma\/tous-les-produits\/"},{"@type":"ListItem","position":3,"name":"Balea Gel nettoyant rafra\u00eechissant 100 ml"}]},{"@type":"WebSite","@id":"https:\/\/vitablanca.ma\/#website","url":"https:\/\/vitablanca.ma\/","name":"VitaBlanca.ma | \u0627\u0644\u0645\u0643\u0645\u0644\u0627\u062a \u0627\u0644\u063a\u0630\u0627\u0626\u064a\u0629\u060c \u0627\u0644\u0635\u062d\u0629 \u0648\u0627\u0644\u062c\u0645\u0627\u0644 \u0641\u064a \u0627\u0644\u0645\u063a\u0631\u0628","description":"\u0646\u0628\u064a\u0639 \u0641\u064a\u062a\u0627\u0645\u064a\u0646\u0627\u062a \u0648\u0645\u0643\u0645\u0644\u0627\u062a \u063a\u0630\u0627\u0626\u064a\u0629 \u0641\u0627\u062e\u0631\u0629 \u0645\u0646 \u0627\u0644\u0648\u0644\u0627\u064a\u0627\u062a \u0627\u0644\u0645\u062a\u062d\u062f\u0629 \u0627\u0644\u0623\u0645\u0631\u064a\u0643\u064a\u0629 \u0648\u0643\u0646\u062f\u0627 \u0648\u0646\u064a\u0648\u0632\u064a\u0644\u0646\u062f\u0627 \u0648\u0627\u0644\u0645\u063a\u0631\u0628 (\u0646\u0627\u0648 \u0641\u0648\u062f\u0632\u060c \u0633\u0648\u0644\u062c\u0627\u0631\u060c \u0645\u0627\u0646\u0648\u0643\u0627). \u062a\u0648\u0635\u064a\u0644 \u0633\u0631\u064a\u0639 \u0625\u0644\u0649 \u062c\u0645\u064a\u0639 \u0623\u0646\u062d\u0627\u0621 \u0627\u0644\u0645\u063a\u0631\u0628.","publisher":{"@id":"https:\/\/vitablanca.ma\/#organization"},"alternateName":"VitaBlanca.ma","potentialAction":[{"@type":"SearchAction","target":{"@type":"EntryPoint","urlTemplate":"https:\/\/vitablanca.ma\/?s={search_term_string}"},"query-input":{"@type":"PropertyValueSpecification","valueRequired":true,"valueName":"search_term_string"}}],"inLanguage":"ar"},{"@type":"Organization","@id":"https:\/\/vitablanca.ma\/#organization","name":"\u0641\u064a\u062a\u0627\u0628\u0644\u0627\u0646\u0643\u0627","url":"https:\/\/vitablanca.ma\/","logo":{"@type":"ImageObject","inLanguage":"ar","@id":"https:\/\/vitablanca.ma\/#\/schema\/logo\/image\/","url":"https:\/\/vitablanca.ma\/wp-content\/uploads\/2025\/05\/cropped-vitablanca.png","contentUrl":"https:\/\/vitablanca.ma\/wp-content\/uploads\/2025\/05\/cropped-vitablanca.png","width":360,"height":67,"caption":"VitaBlanca"},"image":{"@id":"https:\/\/vitablanca.ma\/#\/schema\/logo\/image\/"},"sameAs":["https:\/\/www.facebook.com\/profile.php?id=61576678196717","https:\/\/www.tiktok.com\/@vitablanca.ma","https:\/\/www.instagram.com\/vitablanca.ma\/"]}]}},"jetpack_sharing_enabled":true,"_links":{"self":[{"href":"https:\/\/vitablanca.ma\/ar\/wp-json\/wp\/v2\/product\/24142","targetHints":{"allow":["GET"]}}],"collection":[{"href":"https:\/\/vitablanca.ma\/ar\/wp-json\/wp\/v2\/product"}],"about":[{"href":"https:\/\/vitablanca.ma\/ar\/wp-json\/wp\/v2\/types\/product"}],"wp:featuredmedia":[{"embeddable":true,"href":"https:\/\/vitablanca.ma\/ar\/wp-json\/wp\/v2\/media\/24140"}],"wp:attachment":[{"href":"https:\/\/vitablanca.ma\/ar\/wp-json\/wp\/v2\/media?parent=24142"}],"wp:term":[{"taxonomy":"product_brand","embeddable":true,"href":"https:\/\/vitablanca.ma\/ar\/wp-json\/wp\/v2\/product_brand?post=24142"},{"taxonomy":"product_cat","embeddable":true,"href":"https:\/\/vitablanca.ma\/ar\/wp-json\/wp\/v2\/product_cat?post=24142"},{"taxonomy":"product_tag","embeddable":true,"href":"https:\/\/vitablanca.ma\/ar\/wp-json\/wp\/v2\/product_tag?post=24142"}],"curies":[{"name":"wp","href":"https:\/\/api.w.org\/{rel}","templated":true}]}}