{"id":24135,"date":"2025-07-10T19:02:33","date_gmt":"2025-07-10T19:02:33","guid":{"rendered":"https:\/\/vitablanca.ma\/product\/balea-gel-a-raser-aloe-vera-huile-davocat\/"},"modified":"2025-07-13T17:26:54","modified_gmt":"2025-07-13T17:26:54","slug":"balea-gel-a-raser-aloe-vera-huile-davocat","status":"publish","type":"product","link":"https:\/\/vitablanca.ma\/ar\/product-2\/balea-gel-a-raser-aloe-vera-huile-davocat\/","title":{"rendered":"\u062c\u0644 \u062d\u0644\u0627\u0642\u0629 \u0628\u0627\u0644\u064a\u0627 \u0628\u062e\u0644\u0627\u0635\u0629 \u0627\u0644\u0635\u0628\u0627\u0631 \u0648\u0632\u064a\u062a \u0627\u0644\u0623\u0641\u0648\u0643\u0627\u062f\u0648 200 \u0645\u0644"},"content":{"rendered":"<h3><strong data-start=\"322\" data-end=\"362\">Rasage tout en douceur, peau apais\u00e9e\ud83c\udf38\ud83e\udd51<\/strong><\/h3>\n<ul>\n<li>Caract\u00e9ristiques du produit : V\u00e9g\u00e9talien<\/li>\n<li>Formule de soin hydratante riche<\/li>\n<li>\u0644\u0644\u0628\u0634\u0631\u0629 \u0627\u0644\u062d\u0633\u0627\u0633\u0629<\/li>\n<li>Avec aloe vera et huile d&rsquo;avocat<\/li>\n<li><span>\u062a\u0645 \u062a\u0631\u0643\u064a\u0628\u0647 \u0628\u062f\u0648\u0646 \u062c\u0632\u064a\u0626\u0627\u062a \u0628\u0644\u0627\u0633\u062a\u064a\u0643\u064a\u0629 \u062f\u0642\u064a\u0642\u0629 \u0623\u0648 \u0628\u0648\u0644\u064a\u0645\u0631\u0627\u062a \u0635\u0646\u0627\u0639\u064a\u0629 \u0642\u0627\u0628\u0644\u0629 \u0644\u0644\u0630\u0648\u0628\u0627\u0646 \u0641\u064a \u0627\u0644\u0645\u0627\u0621.<\/span><\/li>\n<li><span>\u0627\u0644\u062d\u062c\u0645: 200 \u0645\u0644<\/span><\/li>\n<\/ul>\n<h4><strong><span style=\"font-size: 11pt;line-height: 104%;font-family: 'Segoe UI Emoji', sans-serif\">\ud83d\udccc<\/span><span lang=\"EN-US\" style=\"font-size: 11pt;line-height: 104%;font-family: Arial, sans-serif\"> \u0648\u0635\u0641 \u0627\u0644\u0645\u0646\u062a\u062c<\/span><\/strong><\/h4>\n<p>Le gel de rasage Balea assure un rasage humide d&rsquo;une douceur incomparable. De pr\u00e9cieux ingr\u00e9dients apaisent et prot\u00e8gent la peau sensible des jambes, des aisselles et du maillot contre les irritations. La formule de soin hydratante riche \u00e0 l&rsquo;aloe vera et \u00e0 l&rsquo;huile d&rsquo;avocat dorlote d\u00e9j\u00e0 pendant le rasage et g\u00e9n\u00e8re la sensation irr\u00e9sistible d&rsquo;une peau lisse et soyeuse.<\/p>\n<h4><strong><span style=\"font-size: 11pt;line-height: 104%;font-family: 'Segoe UI Emoji', sans-serif\">\ud83d\udca1<\/span><span lang=\"EN-US\" style=\"font-size: 11pt;line-height: 104%;font-family: Arial, sans-serif\"> \u0637\u0631\u064a\u0642\u0629 \u0627\u0644\u0627\u0633\u062a\u062e\u062f\u0627\u0645<\/span><\/strong><\/h4>\n<p>Humidifier la peau avec de l&rsquo;eau. Appliquer un peu de gel sur le bout des doigts ou directement sur la partie du corps \u00e0 raser. R\u00e9partir uniform\u00e9ment sur la peau &#8211; il en r\u00e9sulte une mousse douce et cr\u00e9meuse. Rincer abondamment apr\u00e8s le rasage.<\/p>\n<h4><strong><span lang=\"EN-US\" style=\"font-size: 11pt;line-height: 104%;font-family: 'Segoe UI Emoji', sans-serif\">\u26a0<\/span><span style=\"font-size: 11pt;line-height: 104%;font-family: Arial, sans-serif\">\ufe0f<\/span><span lang=\"EN-US\" style=\"font-size: 11pt;line-height: 104%;font-family: Arial, sans-serif\"> \u062a\u062d\u0630\u064a\u0631\u0627\u062a<\/span><\/strong><\/h4>\n<p><span lang=\"EN-US\" style=\"font-size: 11pt;line-height: 104%;font-family: Arial, sans-serif\">ATTENTION : Le r\u00e9cipient est sous pression : peut \u00e9clater en cas d&rsquo;\u00e9chauffement. Prot\u00e9ger des rayons du soleil. Ne pas exposer \u00e0 des temp\u00e9ratures sup\u00e9rieures \u00e0 50\u00b0C\/122\u00b0F. Ne pas percer ou br\u00fbler, m\u00eame apr\u00e8s utilisation. Ne pas vaporiser dans les yeux. Tenir \u00e0 l&rsquo;\u00e9cart de la chaleur, des surfaces chaudes, des \u00e9tincelles, des flammes nues et de toute autre source d&rsquo;inflammation. Ne pas fumer. Ne pas laisser \u00e0 la port\u00e9e des enfants. Utiliser exclusivement conform\u00e9ment \u00e0 l&rsquo;usage pr\u00e9vu. Ne jeter que les bo\u00eetes vides dans la collecte des d\u00e9chets recyclables. Contient 5 % en masse de composants inflammables.<\/span><\/p>","protected":false},"excerpt":{"rendered":"<p>Rasage tout en douceur, peau apais\u00e9e\ud83c\udf38\ud83e\udd51 Caract\u00e9ristiques du produit : V\u00e9g\u00e9talien Formule de soin hydratante riche Pour les peaux sensibles Avec aloe vera et huile d&rsquo;avocat Formule sans microplastiques ni polym\u00e8res purement synth\u00e9tiques solubles dans l&rsquo;eau. Volume: 200 ml \ud83d\udccc Description du produit Le gel de rasage Balea assure un rasage humide d&rsquo;une douceur incomparable. [&hellip;]<\/p>\n","protected":false},"featured_media":24132,"template":"","meta":{"om_disable_all_campaigns":false},"product_brand":[3236],"product_cat":[18],"product_tag":[3237,3240,3238,3239,3241],"class_list":{"0":"post-24135","1":"product","2":"type-product","3":"status-publish","4":"has-post-thumbnail","6":"product_brand-balea-dm-prix-maroc","7":"product_cat-beaute-sante","8":"product_tag-balea","9":"product_tag-balea-dm","10":"product_tag-balea-maroc","11":"product_tag-balea-morocco","12":"product_tag-dm-maroc","14":"first","15":"instock","16":"taxable","17":"shipping-taxable","18":"purchasable","19":"product-type-simple"},"yoast_head":"<!-- This site is optimized with the Yoast SEO plugin v27.4 - https:\/\/yoast.com\/product\/yoast-seo-wordpress\/ -->\n<title>Balea Gel \u00e0 raser Aloe Vera &amp; huile d&#039;avocat 200 ML - Maroc Prix<\/title>\n<meta name=\"description\" content=\"D\u00e9couvrez le gel \u00e0 raser Balea Aloe Vera &amp; Huile d&#039;Avocat 200 ml au Maroc. Id\u00e9al pour les peaux exigeantes, il hydrate, apaise et assure une glisse parfaite\" \/>\n<meta name=\"robots\" content=\"index, follow, max-snippet:-1, max-image-preview:large, max-video-preview:-1\" \/>\n<link rel=\"canonical\" href=\"https:\/\/vitablanca.ma\/ar\/product-2\/balea-gel-a-raser-aloe-vera-huile-davocat\/\" \/>\n<meta property=\"og:locale\" content=\"ar_AR\" \/>\n<meta property=\"og:type\" content=\"article\" \/>\n<meta property=\"og:title\" content=\"Balea Gel \u00e0 raser Aloe Vera &amp; huile d&#039;avocat 200 ML - Maroc Prix\" \/>\n<meta property=\"og:description\" content=\"D\u00e9couvrez le gel \u00e0 raser Balea Aloe Vera &amp; Huile d&#039;Avocat 200 ml au Maroc. Id\u00e9al pour les peaux exigeantes, il hydrate, apaise et assure une glisse parfaite\" \/>\n<meta property=\"og:url\" content=\"https:\/\/vitablanca.ma\/ar\/product-2\/balea-gel-a-raser-aloe-vera-huile-davocat\/\" \/>\n<meta property=\"og:site_name\" content=\"Vitablanca.ma &ndash; Sant&eacute;, vitalit&eacute; et bien-&ecirc;tre pour tous les Marocains\" \/>\n<meta property=\"article:publisher\" content=\"https:\/\/www.facebook.com\/profile.php?id=61576678196717\" \/>\n<meta property=\"article:modified_time\" content=\"2025-07-13T17:26:54+00:00\" \/>\n<meta property=\"og:image\" content=\"https:\/\/vitablanca.ma\/wp-content\/uploads\/2025\/07\/balea-rasiergel-aloe-vera-und-avocaddooel.jpg\" \/>\n\t<meta property=\"og:image:width\" content=\"1199\" \/>\n\t<meta property=\"og:image:height\" content=\"1200\" \/>\n\t<meta property=\"og:image:type\" content=\"image\/jpeg\" \/>\n<meta name=\"twitter:card\" content=\"summary_large_image\" \/>\n<meta name=\"twitter:label1\" content=\"\u0648\u0642\u062a \u0627\u0644\u0642\u0631\u0627\u0621\u0629 \u0627\u0644\u0645\u064f\u0642\u062f\u0651\u0631\" \/>\n\t<meta name=\"twitter:data1\" content=\"\u062f\u0642\u064a\u0642\u062a\u0627\u0646\" \/>\n<script type=\"application\/ld+json\" class=\"yoast-schema-graph\">{\"@context\":\"https:\\\/\\\/schema.org\",\"@graph\":[{\"@type\":[\"WebPage\",\"ItemPage\"],\"@id\":\"https:\\\/\\\/vitablanca.ma\\\/en\\\/product\\\/balea-gel-a-raser-aloe-vera-huile-davocat\\\/\",\"url\":\"https:\\\/\\\/vitablanca.ma\\\/en\\\/product\\\/balea-gel-a-raser-aloe-vera-huile-davocat\\\/\",\"name\":\"Balea Gel \u00e0 raser Aloe Vera &amp; huile d'avocat 200 ML - Maroc Prix\",\"isPartOf\":{\"@id\":\"https:\\\/\\\/vitablanca.ma\\\/#website\"},\"primaryImageOfPage\":{\"@id\":\"https:\\\/\\\/vitablanca.ma\\\/en\\\/product\\\/balea-gel-a-raser-aloe-vera-huile-davocat\\\/#primaryimage\"},\"image\":{\"@id\":\"https:\\\/\\\/vitablanca.ma\\\/en\\\/product\\\/balea-gel-a-raser-aloe-vera-huile-davocat\\\/#primaryimage\"},\"thumbnailUrl\":\"https:\\\/\\\/vitablanca.ma\\\/wp-content\\\/uploads\\\/2025\\\/07\\\/balea-rasiergel-aloe-vera-und-avocaddooel.jpg\",\"datePublished\":\"2025-07-10T19:02:33+00:00\",\"dateModified\":\"2025-07-13T17:26:54+00:00\",\"description\":\"D\u00e9couvrez le gel \u00e0 raser Balea Aloe Vera & Huile d'Avocat 200 ml au Maroc. Id\u00e9al pour les peaux exigeantes, il hydrate, apaise et assure une glisse parfaite\",\"breadcrumb\":{\"@id\":\"https:\\\/\\\/vitablanca.ma\\\/en\\\/product\\\/balea-gel-a-raser-aloe-vera-huile-davocat\\\/#breadcrumb\"},\"inLanguage\":\"ar\",\"potentialAction\":[{\"@type\":\"ReadAction\",\"target\":[\"https:\\\/\\\/vitablanca.ma\\\/en\\\/product\\\/balea-gel-a-raser-aloe-vera-huile-davocat\\\/\"]}]},{\"@type\":\"ImageObject\",\"inLanguage\":\"ar\",\"@id\":\"https:\\\/\\\/vitablanca.ma\\\/en\\\/product\\\/balea-gel-a-raser-aloe-vera-huile-davocat\\\/#primaryimage\",\"url\":\"https:\\\/\\\/vitablanca.ma\\\/wp-content\\\/uploads\\\/2025\\\/07\\\/balea-rasiergel-aloe-vera-und-avocaddooel.jpg\",\"contentUrl\":\"https:\\\/\\\/vitablanca.ma\\\/wp-content\\\/uploads\\\/2025\\\/07\\\/balea-rasiergel-aloe-vera-und-avocaddooel.jpg\",\"width\":1199,\"height\":1200},{\"@type\":\"BreadcrumbList\",\"@id\":\"https:\\\/\\\/vitablanca.ma\\\/en\\\/product\\\/balea-gel-a-raser-aloe-vera-huile-davocat\\\/#breadcrumb\",\"itemListElement\":[{\"@type\":\"ListItem\",\"position\":1,\"name\":\"Home\",\"item\":\"https:\\\/\\\/vitablanca.ma\\\/\"},{\"@type\":\"ListItem\",\"position\":2,\"name\":\"Tous Les Produits\",\"item\":\"https:\\\/\\\/vitablanca.ma\\\/tous-les-produits\\\/\"},{\"@type\":\"ListItem\",\"position\":3,\"name\":\"Balea Gel \u00e0 raser Aloe Vera &amp; huile d&rsquo;avocat 200 ML\"}]},{\"@type\":\"WebSite\",\"@id\":\"https:\\\/\\\/vitablanca.ma\\\/#website\",\"url\":\"https:\\\/\\\/vitablanca.ma\\\/\",\"name\":\"VitaBlanca.ma | Compl\u00e9ments alimentaires, sant\u00e9 & beaut\u00e9 au Maroc\",\"description\":\"vendre vitamines et compl\u00e9ments premium des USA &amp; Canada, Nouvelle Z\u00e9lande,Maroc (NOW Foods, Solgar, Manuka). Livraison rapide partout au Maroc.\",\"publisher\":{\"@id\":\"https:\\\/\\\/vitablanca.ma\\\/#organization\"},\"alternateName\":\"VitaBlanca.ma\",\"potentialAction\":[{\"@type\":\"SearchAction\",\"target\":{\"@type\":\"EntryPoint\",\"urlTemplate\":\"https:\\\/\\\/vitablanca.ma\\\/?s={search_term_string}\"},\"query-input\":{\"@type\":\"PropertyValueSpecification\",\"valueRequired\":true,\"valueName\":\"search_term_string\"}}],\"inLanguage\":\"ar\"},{\"@type\":\"Organization\",\"@id\":\"https:\\\/\\\/vitablanca.ma\\\/#organization\",\"name\":\"VitaBlanca\",\"url\":\"https:\\\/\\\/vitablanca.ma\\\/\",\"logo\":{\"@type\":\"ImageObject\",\"inLanguage\":\"ar\",\"@id\":\"https:\\\/\\\/vitablanca.ma\\\/#\\\/schema\\\/logo\\\/image\\\/\",\"url\":\"https:\\\/\\\/vitablanca.ma\\\/wp-content\\\/uploads\\\/2025\\\/05\\\/cropped-vitablanca.png\",\"contentUrl\":\"https:\\\/\\\/vitablanca.ma\\\/wp-content\\\/uploads\\\/2025\\\/05\\\/cropped-vitablanca.png\",\"width\":360,\"height\":67,\"caption\":\"VitaBlanca\"},\"image\":{\"@id\":\"https:\\\/\\\/vitablanca.ma\\\/#\\\/schema\\\/logo\\\/image\\\/\"},\"sameAs\":[\"https:\\\/\\\/www.facebook.com\\\/profile.php?id=61576678196717\",\"https:\\\/\\\/www.tiktok.com\\\/@vitablanca.ma\",\"https:\\\/\\\/www.instagram.com\\\/vitablanca.ma\\\/\"]}]}<\/script>\n<!-- \/ Yoast SEO plugin. -->","yoast_head_json":{"title":"Balea Gel \u00e0 raser Aloe Vera &amp; huile d'avocat 200 ML - Maroc Prix","description":"D\u00e9couvrez le gel \u00e0 raser Balea Aloe Vera & Huile d'Avocat 200 ml au Maroc. Id\u00e9al pour les peaux exigeantes, il hydrate, apaise et assure une glisse parfaite","robots":{"index":"index","follow":"follow","max-snippet":"max-snippet:-1","max-image-preview":"max-image-preview:large","max-video-preview":"max-video-preview:-1"},"canonical":"https:\/\/vitablanca.ma\/ar\/product-2\/balea-gel-a-raser-aloe-vera-huile-davocat\/","og_locale":"ar_AR","og_type":"article","og_title":"Balea Gel \u00e0 raser Aloe Vera &amp; huile d'avocat 200 ML - Maroc Prix","og_description":"D\u00e9couvrez le gel \u00e0 raser Balea Aloe Vera & Huile d'Avocat 200 ml au Maroc. Id\u00e9al pour les peaux exigeantes, il hydrate, apaise et assure une glisse parfaite","og_url":"https:\/\/vitablanca.ma\/ar\/product-2\/balea-gel-a-raser-aloe-vera-huile-davocat\/","og_site_name":"Vitablanca.ma &ndash; Sant&eacute;, vitalit&eacute; et bien-&ecirc;tre pour tous les Marocains","article_publisher":"https:\/\/www.facebook.com\/profile.php?id=61576678196717","article_modified_time":"2025-07-13T17:26:54+00:00","og_image":[{"width":1199,"height":1200,"url":"https:\/\/vitablanca.ma\/wp-content\/uploads\/2025\/07\/balea-rasiergel-aloe-vera-und-avocaddooel.jpg","type":"image\/jpeg"}],"twitter_card":"summary_large_image","twitter_misc":{"\u0648\u0642\u062a \u0627\u0644\u0642\u0631\u0627\u0621\u0629 \u0627\u0644\u0645\u064f\u0642\u062f\u0651\u0631":"\u062f\u0642\u064a\u0642\u062a\u0627\u0646"},"schema":{"@context":"https:\/\/schema.org","@graph":[{"@type":["WebPage","ItemPage"],"@id":"https:\/\/vitablanca.ma\/en\/product\/balea-gel-a-raser-aloe-vera-huile-davocat\/","url":"https:\/\/vitablanca.ma\/en\/product\/balea-gel-a-raser-aloe-vera-huile-davocat\/","name":"Balea Gel \u00e0 raser Aloe Vera &amp; huile d'avocat 200 ML - Maroc Prix","isPartOf":{"@id":"https:\/\/vitablanca.ma\/#website"},"primaryImageOfPage":{"@id":"https:\/\/vitablanca.ma\/en\/product\/balea-gel-a-raser-aloe-vera-huile-davocat\/#primaryimage"},"image":{"@id":"https:\/\/vitablanca.ma\/en\/product\/balea-gel-a-raser-aloe-vera-huile-davocat\/#primaryimage"},"thumbnailUrl":"https:\/\/vitablanca.ma\/wp-content\/uploads\/2025\/07\/balea-rasiergel-aloe-vera-und-avocaddooel.jpg","datePublished":"2025-07-10T19:02:33+00:00","dateModified":"2025-07-13T17:26:54+00:00","description":"D\u00e9couvrez le gel \u00e0 raser Balea Aloe Vera & Huile d'Avocat 200 ml au Maroc. Id\u00e9al pour les peaux exigeantes, il hydrate, apaise et assure une glisse parfaite","breadcrumb":{"@id":"https:\/\/vitablanca.ma\/en\/product\/balea-gel-a-raser-aloe-vera-huile-davocat\/#breadcrumb"},"inLanguage":"ar","potentialAction":[{"@type":"ReadAction","target":["https:\/\/vitablanca.ma\/en\/product\/balea-gel-a-raser-aloe-vera-huile-davocat\/"]}]},{"@type":"ImageObject","inLanguage":"ar","@id":"https:\/\/vitablanca.ma\/en\/product\/balea-gel-a-raser-aloe-vera-huile-davocat\/#primaryimage","url":"https:\/\/vitablanca.ma\/wp-content\/uploads\/2025\/07\/balea-rasiergel-aloe-vera-und-avocaddooel.jpg","contentUrl":"https:\/\/vitablanca.ma\/wp-content\/uploads\/2025\/07\/balea-rasiergel-aloe-vera-und-avocaddooel.jpg","width":1199,"height":1200},{"@type":"BreadcrumbList","@id":"https:\/\/vitablanca.ma\/en\/product\/balea-gel-a-raser-aloe-vera-huile-davocat\/#breadcrumb","itemListElement":[{"@type":"ListItem","position":1,"name":"Home","item":"https:\/\/vitablanca.ma\/"},{"@type":"ListItem","position":2,"name":"Tous Les Produits","item":"https:\/\/vitablanca.ma\/tous-les-produits\/"},{"@type":"ListItem","position":3,"name":"Balea Gel \u00e0 raser Aloe Vera &amp; huile d&rsquo;avocat 200 ML"}]},{"@type":"WebSite","@id":"https:\/\/vitablanca.ma\/#website","url":"https:\/\/vitablanca.ma\/","name":"VitaBlanca.ma | \u0627\u0644\u0645\u0643\u0645\u0644\u0627\u062a \u0627\u0644\u063a\u0630\u0627\u0626\u064a\u0629\u060c \u0627\u0644\u0635\u062d\u0629 \u0648\u0627\u0644\u062c\u0645\u0627\u0644 \u0641\u064a \u0627\u0644\u0645\u063a\u0631\u0628","description":"\u0646\u0628\u064a\u0639 \u0641\u064a\u062a\u0627\u0645\u064a\u0646\u0627\u062a \u0648\u0645\u0643\u0645\u0644\u0627\u062a \u063a\u0630\u0627\u0626\u064a\u0629 \u0641\u0627\u062e\u0631\u0629 \u0645\u0646 \u0627\u0644\u0648\u0644\u0627\u064a\u0627\u062a \u0627\u0644\u0645\u062a\u062d\u062f\u0629 \u0627\u0644\u0623\u0645\u0631\u064a\u0643\u064a\u0629 \u0648\u0643\u0646\u062f\u0627 \u0648\u0646\u064a\u0648\u0632\u064a\u0644\u0646\u062f\u0627 \u0648\u0627\u0644\u0645\u063a\u0631\u0628 (\u0646\u0627\u0648 \u0641\u0648\u062f\u0632\u060c \u0633\u0648\u0644\u062c\u0627\u0631\u060c \u0645\u0627\u0646\u0648\u0643\u0627). \u062a\u0648\u0635\u064a\u0644 \u0633\u0631\u064a\u0639 \u0625\u0644\u0649 \u062c\u0645\u064a\u0639 \u0623\u0646\u062d\u0627\u0621 \u0627\u0644\u0645\u063a\u0631\u0628.","publisher":{"@id":"https:\/\/vitablanca.ma\/#organization"},"alternateName":"VitaBlanca.ma","potentialAction":[{"@type":"SearchAction","target":{"@type":"EntryPoint","urlTemplate":"https:\/\/vitablanca.ma\/?s={search_term_string}"},"query-input":{"@type":"PropertyValueSpecification","valueRequired":true,"valueName":"search_term_string"}}],"inLanguage":"ar"},{"@type":"Organization","@id":"https:\/\/vitablanca.ma\/#organization","name":"\u0641\u064a\u062a\u0627\u0628\u0644\u0627\u0646\u0643\u0627","url":"https:\/\/vitablanca.ma\/","logo":{"@type":"ImageObject","inLanguage":"ar","@id":"https:\/\/vitablanca.ma\/#\/schema\/logo\/image\/","url":"https:\/\/vitablanca.ma\/wp-content\/uploads\/2025\/05\/cropped-vitablanca.png","contentUrl":"https:\/\/vitablanca.ma\/wp-content\/uploads\/2025\/05\/cropped-vitablanca.png","width":360,"height":67,"caption":"VitaBlanca"},"image":{"@id":"https:\/\/vitablanca.ma\/#\/schema\/logo\/image\/"},"sameAs":["https:\/\/www.facebook.com\/profile.php?id=61576678196717","https:\/\/www.tiktok.com\/@vitablanca.ma","https:\/\/www.instagram.com\/vitablanca.ma\/"]}]}},"jetpack_sharing_enabled":true,"_links":{"self":[{"href":"https:\/\/vitablanca.ma\/ar\/wp-json\/wp\/v2\/product\/24135","targetHints":{"allow":["GET"]}}],"collection":[{"href":"https:\/\/vitablanca.ma\/ar\/wp-json\/wp\/v2\/product"}],"about":[{"href":"https:\/\/vitablanca.ma\/ar\/wp-json\/wp\/v2\/types\/product"}],"wp:featuredmedia":[{"embeddable":true,"href":"https:\/\/vitablanca.ma\/ar\/wp-json\/wp\/v2\/media\/24132"}],"wp:attachment":[{"href":"https:\/\/vitablanca.ma\/ar\/wp-json\/wp\/v2\/media?parent=24135"}],"wp:term":[{"taxonomy":"product_brand","embeddable":true,"href":"https:\/\/vitablanca.ma\/ar\/wp-json\/wp\/v2\/product_brand?post=24135"},{"taxonomy":"product_cat","embeddable":true,"href":"https:\/\/vitablanca.ma\/ar\/wp-json\/wp\/v2\/product_cat?post=24135"},{"taxonomy":"product_tag","embeddable":true,"href":"https:\/\/vitablanca.ma\/ar\/wp-json\/wp\/v2\/product_tag?post=24135"}],"curies":[{"name":"wp","href":"https:\/\/api.w.org\/{rel}","templated":true}]}}